{"id":7323,"date":"2025-11-14T12:08:03","date_gmt":"2025-11-14T04:08:03","guid":{"rendered":"https:\/\/bogonglaser.com\/?post_type=product&#038;p=7323"},"modified":"2025-12-10T18:26:52","modified_gmt":"2025-12-10T10:26:52","slug":"laser-protective-fence","status":"publish","type":"product","link":"https:\/\/bogonglaser.com\/de\/laser-protective-fence\/","title":{"rendered":"Laser-Schutzzaun"},"content":{"rendered":"<div class=\"vc_row wpb_row vc_row-fluid\">\n<div class=\"wpb_column vc_column_container vc_col-sm-12\">\n<div class=\"vc_column-inner\">\n<div class=\"wpb_wrapper\">\n<div class=\"wpb_text_column wpb_content_element\">\n<div class=\"wpb_wrapper\">\n<p>Heutzutage werden Laser in vielen Branchen eingesetzt - in Fabriken, Krankenh\u00e4usern, bei Reinigungsarbeiten, beim Schwei\u00dfen, Schneiden und sogar bei Roboterarmen. Obwohl Laser sehr n\u00fctzlich sind, k\u00f6nnen sie auch gef\u00e4hrlich sein. Bei unsachgem\u00e4\u00dfer Handhabung k\u00f6nnen Laser Ihre Augen verletzen, Ihre Haut verbrennen oder andere Verletzungen verursachen. Deshalb ist die Verwendung von Laserschutzw\u00e4nden so wichtig. Sie wirken wie Schutzw\u00e4nde, die jeden vor Laserstrahlen sch\u00fctzen.<\/p>\n<\/div>\n<\/div>\n<\/div>\n<\/div>\n<\/div>\n<\/div>\n<div class=\"vc_row wpb_row vc_row-fluid\">\n<div class=\"wpb_column vc_column_container vc_col-sm-12\">\n<div class=\"vc_column-inner\">\n<div class=\"wpb_wrapper\">\n<div id=\"cz_97713\" class=\"cz_97713 cz_image clr cz_image_no_fx center_on_mobile\" data-position=\"top-right\">\n<div class=\"\">\n<div class=\"cz_image_in\">\n<div class=\"cz_main_image\"><\/div>\n<\/div>\n<div class=\"cz_image_caption mt10 cz_wpe_content\">\n<p>Laserschutzzaun<\/p>\n<\/div>\n<\/div>\n<\/div>\n<\/div>\n<\/div>\n<\/div>\n<\/div>\n<div class=\"vc_row wpb_row vc_row-fluid\">\n<div class=\"wpb_column vc_column_container vc_col-sm-12\">\n<div class=\"vc_column-inner\">\n<div class=\"wpb_wrapper\">\n<div class=\"wpb_video_widget wpb_content_element vc_clearfix   vc_video-aspect-ratio-169 vc_video-el-width-80 vc_video-align-left\">\n<div class=\"wpb_wrapper\">\n<div class=\"wpb_video_wrapper\">\n<p><iframe title=\"Laserzaun SICHERHEITSmerkmale, die Sie kennen m\u00fcssen\" width=\"1290\" height=\"726\" src=\"https:\/\/www.youtube.com\/embed\/J2hLau1e7mg?feature=oembed\" frameborder=\"0\" allow=\"accelerometer; autoplay; clipboard-write; encrypted-media; gyroscope; picture-in-picture; web-share\" referrerpolicy=\"strict-origin-when-cross-origin\" allowfullscreen><\/iframe><\/p>\n<\/div>\n<\/div>\n<\/div>\n<\/div>\n<\/div>\n<\/div>\n<\/div>\n<div class=\"vc_row wpb_row vc_row-fluid\">\n<div class=\"wpb_column vc_column_container vc_col-sm-12\">\n<div class=\"vc_column-inner\">\n<div class=\"wpb_wrapper\">\n<div class=\"wpb_text_column wpb_content_element\">\n<div class=\"wpb_wrapper\">\n<p>Der Zaun verf\u00fcgt \u00fcber eine Sicherheitst\u00fcr, die den Betrieb der Lasermaschine sofort stoppt, wenn die T\u00fcr ge\u00f6ffnet wird. F\u00fcr den sicheren Gebrauch muss der Bediener die T\u00fcr zuerst schlie\u00dfen und dann die Reset-Taste dr\u00fccken. Wenn der Reset-Knopf gedr\u00fcckt wird, leuchtet die Kontrollleuchte gelb, Sie k\u00f6nnen Laser-Maschine verwenden.<\/p>\n<p>Wenn die T\u00fcr w\u00e4hrend des Betriebs erneut ge\u00f6ffnet wird - sei es versehentlich oder absichtlich -, schaltet sich der Laser sofort ab. Die Anzeigeleuchte leuchtet rot und zeigt an, dass sich das System im Sicherheitsmodus befindet und der Laser ausgeschaltet ist.<\/p>\n<p>Der Bogong Laser-Schutzzaun verf\u00fcgt auch \u00fcber einen Monitor. Mit dieser Technologie k\u00f6nnen Bediener au\u00dferhalb der Umz\u00e4unung in Echtzeit sehen, was im Laserbereich passiert. Es bietet eine klare Sicht, ohne das Risiko, mit dem Laser in Ber\u00fchrung zu kommen, und stellt eine zus\u00e4tzliche Sicherheits- und \u00dcberwachungsebene dar.<\/p>\n<p>Insgesamt macht dieser Sicherheitszaun die Arbeit mit Lasern sicherer und einfacher. Er sorgt daf\u00fcr, dass die Laser nur dann in Betrieb sind, wenn die T\u00fcr sicher geschlossen ist, und gibt dem Bediener durch zuverl\u00e4ssige Sicherheitsfunktionen und visuelle \u00dcberwachungsm\u00f6glichkeiten ein gutes Gef\u00fchl.<\/p>\n<\/div>\n<\/div>\n<\/div>\n<\/div>\n<\/div>\n<\/div>","protected":false},"excerpt":{"rendered":"<p>Laserschutzabdeckung f\u00fcr Laserschwei\u00dfer\/Laserreiniger\/Laserschneider\/Roboterlaser, Dieser Laserschutzzaun wurde entwickelt, um den sicheren Betrieb von Lasermaschinen zu gew\u00e4hrleisten. Dieser Sicherheitszaun ist ein wichtiges Instrument zur Vermeidung von Unf\u00e4llen und zum Schutz der Bediener.<\/p>","protected":false},"featured_media":7330,"template":"","meta":{"_gspb_post_css":""},"product_brand":[],"product_cat":[95,115],"product_tag":[174],"class_list":{"0":"post-7323","1":"product","2":"type-product","3":"status-publish","4":"has-post-thumbnail","6":"product_cat-laser-welding-machine","7":"product_cat-handheld-laser-welder","8":"product_tag-laser-protective-cover","10":"first","11":"instock","12":"shipping-taxable","13":"product-type-simple"},"_links":{"self":[{"href":"https:\/\/bogonglaser.com\/de\/wp-json\/wp\/v2\/product\/7323","targetHints":{"allow":["GET"]}}],"collection":[{"href":"https:\/\/bogonglaser.com\/de\/wp-json\/wp\/v2\/product"}],"about":[{"href":"https:\/\/bogonglaser.com\/de\/wp-json\/wp\/v2\/types\/product"}],"wp:featuredmedia":[{"embeddable":true,"href":"https:\/\/bogonglaser.com\/de\/wp-json\/wp\/v2\/media\/7330"}],"wp:attachment":[{"href":"https:\/\/bogonglaser.com\/de\/wp-json\/wp\/v2\/media?parent=7323"}],"wp:term":[{"taxonomy":"product_brand","embeddable":true,"href":"https:\/\/bogonglaser.com\/de\/wp-json\/wp\/v2\/product_brand?post=7323"},{"taxonomy":"product_cat","embeddable":true,"href":"https:\/\/bogonglaser.com\/de\/wp-json\/wp\/v2\/product_cat?post=7323"},{"taxonomy":"product_tag","embeddable":true,"href":"https:\/\/bogonglaser.com\/de\/wp-json\/wp\/v2\/product_tag?post=7323"}],"curies":[{"name":"wp","href":"https:\/\/api.w.org\/{rel}","templated":true}]}}