{"id":5192,"date":"2025-07-21T16:49:17","date_gmt":"2025-07-21T08:49:17","guid":{"rendered":"https:\/\/bogonglaser.com\/?post_type=product&#038;p=5192"},"modified":"2025-12-10T16:25:09","modified_gmt":"2025-12-10T08:25:09","slug":"best-metal-cutting-laser-machine","status":"publish","type":"product","link":"https:\/\/bogonglaser.com\/de\/best-metal-cutting-laser-machine\/","title":{"rendered":"Beste Laserschneidmaschine f\u00fcr Metall"},"content":{"rendered":"<p>Eine Laserschneidmaschine ist ein automatisiertes Werkzeug, das einen Laserstrahl und ein digitales Steuerungssystem verwendet, um verschiedene Materialien wie Metalle (Stahl, Kupfer, Messing, Aluminium, Titan, Gold, Silber, Legierungen, Eisen) zu schneiden. Zu den Hauptbestandteilen geh\u00f6ren die Maschinenbasis und der Rahmen, die CNC-Steuerung, der Lasergenerator, die Stromversorgung, die Laserr\u00f6hre, der Schneidkopf, die Linse, die Spiegel, der Wasserk\u00fchler, die Servomotoren, der Gaszylinder, der Luftkompressor, der Gasspeichertank, der Luftfilter, die Staubabsaugung, der Trockner und die Software.<\/p>\n<p>Ein Laserschneidsystem ist ein kompletter Satz integrierter Teile, die f\u00fcr pr\u00e4zise Schnitte in der industriellen Fertigung, im Bildungswesen, in kleinen Unternehmen und f\u00fcr den Heimgebrauch konzipiert sind. Sie bietet mehr Flexibilit\u00e4t als manuelle oder mechanische Schneidger\u00e4te. Es k\u00f6nnen viele Materialien unterschiedlicher St\u00e4rke geschnitten werden, und die Formen, die Sie erstellen k\u00f6nnen, sind praktisch unbegrenzt. Die Programmierung ist schnell und einfach, so dass Anpassungen in jeder Phase der Produktion mit minimalem Zeit- und Kostenaufwand vorgenommen werden k\u00f6nnen. Das System bietet hohe Genauigkeit, saubere Schnitte und keine Verformung des Materials. Es ist eine ideale L\u00f6sung f\u00fcr die Automatisierung und Modularisierung von Fertigungsprozessen und steigert die Effizienz und Qualit\u00e4t.<\/p>\n<figure id=\"attachment_7382\" aria-describedby=\"caption-attachment-7382\" style=\"width: 300px\" class=\"wp-caption alignnone\"><img decoding=\"async\" class=\"size-medium wp-image-7382\" src=\"https:\/\/bogonglaser.com\/wp-content\/uploads\/2025\/07\/laser-cutting-1-300x201.jpg\" alt=\"Laserschneiden\" width=\"300\" height=\"201\" title=\"\" srcset=\"https:\/\/bogonglaser.com\/wp-content\/uploads\/2025\/07\/laser-cutting-1-300x201.jpg 300w, https:\/\/bogonglaser.com\/wp-content\/uploads\/2025\/07\/laser-cutting-1-18x12.jpg 18w, https:\/\/bogonglaser.com\/wp-content\/uploads\/2025\/07\/laser-cutting-1.jpg 600w\" sizes=\"(max-width: 300px) 100vw, 300px\" \/><figcaption id=\"caption-attachment-7382\" class=\"wp-caption-text\">Laserschneiden<\/figcaption><\/figure>\n<p><strong>Hauptmerkmale:<\/strong><\/p>\n<ul>\n<li><strong>Pr\u00e4zises Schneiden:<\/strong>\u00a0Verwendet fortschrittliche Lasertechnologie f\u00fcr saubere, pr\u00e4zise Schnitte mit geringer W\u00e4rmeverzerrung.<\/li>\n<li><strong>Schnell und effizient:<\/strong>\u00a0Schneidet schnell und hilft Ihnen, Ihre Produktionsgeschwindigkeit zu erh\u00f6hen.<\/li>\n<li><strong>Geeignet f\u00fcr viele Branchen:<\/strong>\u00a0Ideal f\u00fcr die Automobilindustrie, das Bauwesen, die Beschilderung und die Metallverarbeitung.<\/li>\n<li><strong>Einfach zu bedienen:<\/strong>\u00a0Einfache Steuerungen und Software erleichtern den Bedienern die Arbeit.<\/li>\n<li><strong>Langlebige Konstruktion:<\/strong>\u00a0Hergestellt aus robusten Materialien f\u00fcr eine lange Lebensdauer bei minimaler Wartung.<\/li>\n<\/ul>\n<p><strong>Warum sollten Sie unsere Laserschneidmaschine w\u00e4hlen?<\/strong><\/p>\n<ul>\n<li><strong>Stable Machine K\u00f6rper und alle Update-Detail. (Sie k\u00f6nnen Video unten sehen)<\/strong><\/li>\n<li><strong>Sparen Sie Zeit und Material:<\/strong>\u00a0Schneidet effizient, reduziert Abfall und Energieverbrauch.<\/li>\n<li><strong>Flexibel:<\/strong>\u00a0Kann verschiedene Blechgr\u00f6\u00dfen und -st\u00e4rken verarbeiten.<\/li>\n<li><strong>Sicher und zuverl\u00e4ssig:<\/strong>\u00a0Er ist mit Sicherheitsmerkmalen ausgestattet und entspricht internationalen Normen.<\/li>\n<li><strong>Unterst\u00fctzung:<\/strong>\u00a0Wir bieten Schulungen, technische Unterst\u00fctzung und Wartung, damit Ihre Maschine reibungslos l\u00e4uft.<\/li>\n<\/ul>\n<p><iframe title=\"Sehen Sie, wie dieser Laserschneider anders als andere gebaut ist!\" width=\"1290\" height=\"726\" src=\"https:\/\/www.youtube.com\/embed\/kv3tNysqvk0?feature=oembed\" frameborder=\"0\" allow=\"accelerometer; autoplay; clipboard-write; encrypted-media; gyroscope; picture-in-picture; web-share\" referrerpolicy=\"strict-origin-when-cross-origin\" allowfullscreen><\/iframe><\/p>\n<h3>Kosten und Preisgestaltung<\/h3>\n<p>Wenn Sie erw\u00e4gen, ein Unternehmen mit einer Laserschneidmaschine f\u00fcr Metall zu gr\u00fcnden, fragen Sie sich vielleicht nach den damit verbundenen Kosten und den markt\u00fcblichen Preisen. Marktanalysen zeigen, dass die Preise f\u00fcr Laserschneidmaschinen sehr unterschiedlich sind:<\/p>\n<ul>\n<li>Die g\u00fcnstigsten Modelle beginnen bei\u00a0<strong>$12000<\/strong>.<\/li>\n<li>High-End-Maschinen k\u00f6nnen bis zu\u00a0<strong>$200,000<\/strong>\u00a0oder mehr.<\/li>\n<\/ul>\n<p>Diese Preise enthalten keine Versandkosten, Steuern, Z\u00f6lle, Service oder technische Unterst\u00fctzung. Die tats\u00e4chlichen Kosten h\u00e4ngen von Faktoren wie Marke, Typ, Modell, Leistung und Zusatzfunktionen wie kundenspezifische Tische, Generatoren, Drehaufs\u00e4tze, Software, Zubeh\u00f6r, Upgrades, Einrichtung und Fehlerbehebung ab.<\/p>\n<h4>Typische Preise im Jahr 2025:<\/h4>\n<ul>\n<li>Metallschneide-Lasermaschinen reichen von <strong>$12.000 bis \u00fcber $900.000<\/strong>.<\/li>\n<\/ul>\n<p>F\u00fcr Zubeh\u00f6r und Ersatzteile:<\/p>\n<ul>\n<li>Verbrauchsmaterialien und Basisteile kosten etwa\u00a0<strong>$9<\/strong>.<\/li>\n<li>Hochleistungs-Faserlasergeneratoren k\u00f6nnen so teuer sein wie\u00a0<strong>$30,000<\/strong>.<\/li>\n<\/ul>\n<p><iframe title=\"Kleiner, aber leistungsstarker Laserschneider schneidet Metall pr\u00e4zise\" width=\"1290\" height=\"726\" src=\"https:\/\/www.youtube.com\/embed\/5BStGlyjEOc?feature=oembed\" frameborder=\"0\" allow=\"accelerometer; autoplay; clipboard-write; encrypted-media; gyroscope; picture-in-picture; web-share\" referrerpolicy=\"strict-origin-when-cross-origin\" allowfullscreen><\/iframe><\/p>\n<p><iframe title=\"Was kann eine 2000-Watt-Faserlaserschneidmaschine leisten?  Real Speed Show f\u00fcr Edelstahl, Mittelstahl\" width=\"1290\" height=\"726\" src=\"https:\/\/www.youtube.com\/embed\/nfdBXiTmWwo?feature=oembed\" frameborder=\"0\" allow=\"accelerometer; autoplay; clipboard-write; encrypted-media; gyroscope; picture-in-picture; web-share\" referrerpolicy=\"strict-origin-when-cross-origin\" allowfullscreen><\/iframe><\/p>","protected":false},"excerpt":{"rendered":"<p>Die Laserschneidmaschine f\u00fcr Metall ist ein pr\u00e4zises Werkzeug zum Schneiden von Metallen wie Stahl, Aluminium und Messing. Sie verwendet einen Laserstrahl, um saubere und genaue Schnitte zu machen. Diese Maschine ist schnell, zuverl\u00e4ssig und tr\u00e4gt zur Abfallvermeidung bei. Sie wird in Branchen wie der Fertigungsindustrie, der Automobilindustrie und dem Baugewerbe eingesetzt, um Effizienz und Qualit\u00e4t zu verbessern.<\/p>","protected":false},"featured_media":5199,"template":"","meta":{"_gspb_post_css":""},"product_brand":[],"product_cat":[117,118],"product_tag":[105,169],"class_list":{"0":"post-5192","1":"product","2":"type-product","3":"status-publish","4":"has-post-thumbnail","6":"product_cat-fiber-laser-cutting-machine","7":"product_cat-laser-metal-cutting-machine","8":"product_tag-fiber-laser-cutting-machine","9":"product_tag-metal-laser-cutting-machine","11":"first","12":"instock","13":"shipping-taxable","14":"product-type-simple"},"_links":{"self":[{"href":"https:\/\/bogonglaser.com\/de\/wp-json\/wp\/v2\/product\/5192","targetHints":{"allow":["GET"]}}],"collection":[{"href":"https:\/\/bogonglaser.com\/de\/wp-json\/wp\/v2\/product"}],"about":[{"href":"https:\/\/bogonglaser.com\/de\/wp-json\/wp\/v2\/types\/product"}],"wp:featuredmedia":[{"embeddable":true,"href":"https:\/\/bogonglaser.com\/de\/wp-json\/wp\/v2\/media\/5199"}],"wp:attachment":[{"href":"https:\/\/bogonglaser.com\/de\/wp-json\/wp\/v2\/media?parent=5192"}],"wp:term":[{"taxonomy":"product_brand","embeddable":true,"href":"https:\/\/bogonglaser.com\/de\/wp-json\/wp\/v2\/product_brand?post=5192"},{"taxonomy":"product_cat","embeddable":true,"href":"https:\/\/bogonglaser.com\/de\/wp-json\/wp\/v2\/product_cat?post=5192"},{"taxonomy":"product_tag","embeddable":true,"href":"https:\/\/bogonglaser.com\/de\/wp-json\/wp\/v2\/product_tag?post=5192"}],"curies":[{"name":"wp","href":"https:\/\/api.w.org\/{rel}","templated":true}]}}