{"id":2129,"date":"2024-12-06T11:26:13","date_gmt":"2024-12-06T03:26:13","guid":{"rendered":"https:\/\/bogonglaser.com\/?post_type=product&#038;p=2129"},"modified":"2025-12-10T17:12:04","modified_gmt":"2025-12-10T09:12:04","slug":"3d-uv-laser-marking-machine-2","status":"publish","type":"product","link":"https:\/\/bogonglaser.com\/de\/3d-uv-laser-marking-machine-2\/","title":{"rendered":"3D-UV-Laserbeschriftungsmaschine"},"content":{"rendered":"<h2>Was ist eine 3D-UV-Lasermarkierungsmaschine?<\/h2>\n<p>3D-Lasermarkierungsmaschine mit UV-Laserquelle, 3D-Laserkopf der U-Serie, leistungsstarke lenmark3ds\/Ezcad3-Software f\u00fcr die Bildverarbeitung, es gibt eine dynamische Linse im Inneren des Laserkopfes, die auf unregelm\u00e4\u00dfige Form gravieren kann. Hauptmerkmal wie unten:<\/p>\n<ul>\n<li>UV-Laserquelle<\/li>\n<li>3D-Gravur-Software f\u00fcr die Bildbearbeitung<\/li>\n<li>R-Achse zur Markierung von Ringen und Armb\u00e4ndern<\/li>\n<li>Dynamischer 3D-UV-Laserkopf<\/li>\n<li>Einstellbare Fokush\u00f6he 15 bis 80 mm<\/li>\n<li>Gro\u00dfe Auswahl an optionalen<\/li>\n<li>2 Jahre Garantie<\/li>\n<\/ul>\n<figure id=\"attachment_7443\" aria-describedby=\"caption-attachment-7443\" style=\"width: 300px\" class=\"wp-caption alignnone\"><img decoding=\"async\" class=\"size-medium wp-image-7443\" src=\"https:\/\/bogonglaser.com\/wp-content\/uploads\/2024\/12\/3D-UV-Laser-Marking-Machine-1-300x200.jpg\" alt=\"3D-UV-Laserbeschriftungsmaschine\" width=\"300\" height=\"200\" title=\"\" srcset=\"https:\/\/bogonglaser.com\/wp-content\/uploads\/2024\/12\/3D-UV-Laser-Marking-Machine-1-300x200.jpg 300w, https:\/\/bogonglaser.com\/wp-content\/uploads\/2024\/12\/3D-UV-Laser-Marking-Machine-1-18x12.jpg 18w, https:\/\/bogonglaser.com\/wp-content\/uploads\/2024\/12\/3D-UV-Laser-Marking-Machine-1.jpg 600w\" sizes=\"(max-width: 300px) 100vw, 300px\" \/><figcaption id=\"caption-attachment-7443\" class=\"wp-caption-text\">3D-UV-Laserbeschriftungsmaschine<\/figcaption><\/figure>\n<p><iframe title=\"Beste China 3D-Glas-Lasermarkierungsmaschine | Glas-Lasergravur-Maschine f\u00fcr Glas\" width=\"1290\" height=\"726\" src=\"https:\/\/www.youtube.com\/embed\/Na_1pKoJTMQ?feature=oembed\" frameborder=\"0\" allow=\"accelerometer; autoplay; clipboard-write; encrypted-media; gyroscope; picture-in-picture; web-share\" referrerpolicy=\"strict-origin-when-cross-origin\" allowfullscreen><\/iframe><\/p>\n<h2>Merkmale der 3D-UV-Lasermarkierungsmaschine:<\/h2>\n<p>1. Vielseitige Anwendungen<br \/>\nDas 3D-Laserbeschriftungsger\u00e4t ist f\u00fcr die dreidimensionale Kennzeichnung von gekr\u00fcmmten Oberfl\u00e4chen konzipiert. Es ist in der Lage, auf feine Punkte zu fokussieren und gleichm\u00e4\u00dfige Markierungen in einem Toleranzbereich von 0 bis 80 mm zu erzeugen. Es sind keine Fokuseinstellungen erforderlich, was eine nahtlose Kennzeichnung von unregelm\u00e4\u00dfigen Produkten wie gekr\u00fcmmten, schr\u00e4gen und abgestuften Oberfl\u00e4chen, Kugeln, Zylindern und Kegeln in einem einzigen Arbeitsgang erm\u00f6glicht.<\/p>\n<p>2. Ausgezeichnete Deep Carving Qualit\u00e4t<br \/>\nAusgestattet mit einem 3D-Pr\u00e4zisionsmarkierungssystem und einer Ultraviolett-Laserquelle eignet sich die Maschine hervorragend f\u00fcr verschiedene Gravuranforderungen, einschlie\u00dflich Relief- und Tiefengravuren sowie konkaven\/konvexen Gravuren. Sie liefert hohe Pr\u00e4zision und visuell ansprechende Ergebnisse.<\/p>\n<p><iframe title=\"Glas Lasergravur und Markierung Maschine | 3D UV Laser Marker\" width=\"1290\" height=\"726\" src=\"https:\/\/www.youtube.com\/embed\/F-M4iF703pw?feature=oembed\" frameborder=\"0\" allow=\"accelerometer; autoplay; clipboard-write; encrypted-media; gyroscope; picture-in-picture; web-share\" referrerpolicy=\"strict-origin-when-cross-origin\" allowfullscreen><\/iframe><\/p>\n<p><iframe title=\"3D-UV-Lasergravur f\u00fcr Glasreliefgravur | China 3D-UV-Lasermarkierungsmaschine zu verkaufen\" width=\"1290\" height=\"726\" src=\"https:\/\/www.youtube.com\/embed\/GPWp4Pm7TFI?feature=oembed\" frameborder=\"0\" allow=\"accelerometer; autoplay; clipboard-write; encrypted-media; gyroscope; picture-in-picture; web-share\" referrerpolicy=\"strict-origin-when-cross-origin\" allowfullscreen><\/iframe><\/p>\n<h3>Anwendungen der 3D-UV-Laserbeschriftungsmaschine<\/h3>\n<ul>\n<li>Markierung auf verschiedenen Formen von Glas, Kunststoff, Holz usw.<\/li>\n<li>Schichtweise Ausgrabung und 3D-Basreliefgravur auf Glas.<\/li>\n<li>Gravuren auf unebenen Oberfl\u00e4chen mit einer Unregelm\u00e4\u00dfigkeit von bis zu 80 mm.<\/li>\n<li>Gravieren von Fotos, Namen, Mustern und Logos, einschlie\u00dflich Marken.<\/li>\n<\/ul>\n<figure id=\"attachment_7442\" aria-describedby=\"caption-attachment-7442\" style=\"width: 300px\" class=\"wp-caption alignnone\"><img decoding=\"async\" class=\"size-medium wp-image-7442\" src=\"https:\/\/bogonglaser.com\/wp-content\/uploads\/2024\/12\/3D-uv-laser-for-glass-1-300x169.jpg\" alt=\"3D-UV-Laser f\u00fcr Glas\" width=\"300\" height=\"169\" title=\"\" srcset=\"https:\/\/bogonglaser.com\/wp-content\/uploads\/2024\/12\/3D-uv-laser-for-glass-1-300x169.jpg 300w, https:\/\/bogonglaser.com\/wp-content\/uploads\/2024\/12\/3D-uv-laser-for-glass-1-600x338.jpg 600w, https:\/\/bogonglaser.com\/wp-content\/uploads\/2024\/12\/3D-uv-laser-for-glass-1-1024x576.jpg 1024w, https:\/\/bogonglaser.com\/wp-content\/uploads\/2024\/12\/3D-uv-laser-for-glass-1-768x432.jpg 768w, https:\/\/bogonglaser.com\/wp-content\/uploads\/2024\/12\/3D-uv-laser-for-glass-1-18x10.jpg 18w, https:\/\/bogonglaser.com\/wp-content\/uploads\/2024\/12\/3D-uv-laser-for-glass-1.jpg 1280w\" sizes=\"(max-width: 300px) 100vw, 300px\" \/><figcaption id=\"caption-attachment-7442\" class=\"wp-caption-text\">3D-UV-Laser f\u00fcr Glas<\/figcaption><\/figure>\n<h3>Wie man das Richtige w\u00e4hlt <a href=\"https:\/\/bogonglaser.com\/de\/laser-marking-machine\/uv-laser-marking-machine-copy\/\">3d-UV-Lasermarkierungsmaschine<\/a><\/h3>\n<p>Die Wahl der richtigen 3D-UV-Lasergravurmaschine ist f\u00fcr Ihr Unternehmen von gro\u00dfer Bedeutung. Wie k\u00f6nnen Sie sicherstellen, dass die Maschine Ihre speziellen Anforderungen erf\u00fcllt? Der folgende Leitfaden soll Ihnen helfen, eine fundierte Entscheidung zu treffen:<\/p>\n<ol>\n<li><strong>Kompatibilit\u00e4t der Materialien<\/strong>: Bestimmen Sie die Materialien, die Sie gravieren m\u00f6chten (z. B. Holz, Acryl, Glas). Vergewissern Sie sich, dass die von Ihnen gew\u00e4hlte Maschine diese Materialien effektiv bearbeiten kann.<\/li>\n<li><strong>Laserleistung:<\/strong>\n<ul>\n<li>5W<\/li>\n<li>10W<\/li>\n<li>15W<\/li>\n<\/ul>\n<\/li>\n<li><strong>Benutzerfreundlichkeit<\/strong>: Suchen Sie nach Maschinen mit benutzerfreundlicher Software, die eine einfache Gestaltung und Bedienung erm\u00f6glicht. Lenmark 3DS und Ezcad3 empfehlen sich f\u00fcr 3D-Reliefgravuren.<\/li>\n<li><strong>Kundenbetreuung und Garantie<\/strong>: Informieren Sie sich \u00fcber die Support-Optionen des Herstellers und die angebotene Garantie. Ein zuverl\u00e4ssiger Kundendienst kann bei der Fehlersuche und Wartung entscheidend sein.<\/li>\n<\/ol>\n<h2>Was k\u00f6nnen wir f\u00fcr Sie tun, wenn Sie sich f\u00fcr eine 3D-Laserbeschriftungsmaschine entscheiden?<\/h2>\n<ul>\n<li><span class=\"magic-19\"><b class=\"magic-19\"><span class=\"magic-18\">Kostenlose Testmuster -<\/span><\/b><span class=\"magic-20\" data-spm-anchor-id=\"a2700.details.0.i41.41d82402R4aegi\">Wir k\u00f6nnen kostenlose Markierungseffekttests entsprechend Ihrem Produktmaterial durchf\u00fchren.<\/span><\/span><\/li>\n<li><span class=\"magic-19\"><b class=\"magic-19\"><span class=\"magic-18\">Video Live-<\/span><\/b><span class=\"magic-20\">Sie k\u00f6nnen sich mit unseren Verkaufsberatern in Verbindung setzen, um den Produktionsprozess und den Betrieb der Maschine in einem Online-Video zu sehen.<\/span><\/span><\/li>\n<li><span class=\"magic-19\"><b class=\"magic-19\"><span class=\"magic-18\">Kundenspezifisch \/OEM-<\/span><\/b><span class=\"magic-20\" data-spm-anchor-id=\"a2700.details.0.i40.41d82402R4aegi\">Kundenspezifische Maschinen auf Anfrage, Kontaktieren Sie uns<\/span><\/span><\/li>\n<li>\n<figure id=\"attachment_7441\" aria-describedby=\"caption-attachment-7441\" style=\"width: 300px\" class=\"wp-caption alignnone\"><img decoding=\"async\" class=\"size-medium wp-image-7441\" src=\"https:\/\/bogonglaser.com\/wp-content\/uploads\/2024\/12\/bottle-rotary-device-1-300x117.jpg\" alt=\"Flaschendrehvorrichtung\" width=\"300\" height=\"117\" title=\"\" srcset=\"https:\/\/bogonglaser.com\/wp-content\/uploads\/2024\/12\/bottle-rotary-device-1-300x117.jpg 300w, https:\/\/bogonglaser.com\/wp-content\/uploads\/2024\/12\/bottle-rotary-device-1-600x235.jpg 600w, https:\/\/bogonglaser.com\/wp-content\/uploads\/2024\/12\/bottle-rotary-device-1-18x7.jpg 18w, https:\/\/bogonglaser.com\/wp-content\/uploads\/2024\/12\/bottle-rotary-device-1.jpg 608w\" sizes=\"(max-width: 300px) 100vw, 300px\" \/><figcaption id=\"caption-attachment-7441\" class=\"wp-caption-text\">Flaschendrehvorrichtung<\/figcaption><\/figure>\n<p><iframe title=\"ER WIE BOGONG 3D LASER GRAVIERMASCHINE | BESTE CHINA 3D LASER GRAVIERMASCHINE ZUM VERKAUF\" width=\"1290\" height=\"726\" src=\"https:\/\/www.youtube.com\/embed\/aoAF09vq8LE?feature=oembed\" frameborder=\"0\" allow=\"accelerometer; autoplay; clipboard-write; encrypted-media; gyroscope; picture-in-picture; web-share\" referrerpolicy=\"strict-origin-when-cross-origin\" allowfullscreen><\/iframe><\/p>\n<p><iframe title=\"Wie w\u00e4re es mit einem 3D-Lasergravierer von BOGONG? | Indien Kunden besuchen BOGONG und kaufen 3D-Lasergravierer\" width=\"1290\" height=\"726\" src=\"https:\/\/www.youtube.com\/embed\/bq8eli66vTM?feature=oembed\" frameborder=\"0\" allow=\"accelerometer; autoplay; clipboard-write; encrypted-media; gyroscope; picture-in-picture; web-share\" referrerpolicy=\"strict-origin-when-cross-origin\" allowfullscreen><\/iframe><\/li>\n<\/ul>\n<p>Zahlungsbedingungen<\/p>\n<p>1. Ablagerung und Balance: Eine 30% T\/T Anzahlung ist im Voraus erforderlich, mit dem Restbetrag vor dem Versand f\u00e4llig.<\/p>\n<p>2. Alibaba Trade Assurance: Zahlungen k\u00f6nnen \u00fcber Alibaba Trade Assurance abgewickelt werden.<\/p>\n<p>FAQs f\u00fcr das 3D-UV-Laserbeschriftungsger\u00e4t<\/p>\n<p>Was ist die Verpackung f\u00fcr die 3d-UV-Lasermarkierungsmaschine?<br \/>\nUnsere Maschinen werden in einem dreilagigen Aufbau verpackt. Die \u00e4u\u00dfere Schicht besteht aus einer Holzkiste, die mittlere Schicht ist mit Schaumstoff gepolstert, um sie vor Ersch\u00fctterungen zu sch\u00fctzen, und die innere Schicht besteht aus einer dicken Plastikt\u00fcte zur Abdichtung.<\/p>\n<p>Wird das Paket w\u00e4hrend des Transports besch\u00e4digt werden?<br \/>\nWir gestalten unsere Verpackungen sorgf\u00e4ltig, um alle potenziellen Schadensfaktoren zu ber\u00fccksichtigen, und unsere Spediteure sind erfahren im sicheren Transport. Wir haben erfolgreich in 180 L\u00e4nder exportiert. Sie k\u00f6nnen also sicher sein, dass Ihr Paket in einem ausgezeichneten Zustand ankommt.<\/p>\n<figure id=\"attachment_7436\" aria-describedby=\"caption-attachment-7436\" style=\"width: 300px\" class=\"wp-caption alignnone\"><img decoding=\"async\" class=\"size-medium wp-image-7436\" src=\"https:\/\/bogonglaser.com\/wp-content\/uploads\/2024\/10\/3df20-marking-machine-factory-pictures-300x225.png\" alt=\"3df20 marking machine factory pictures\" width=\"300\" height=\"225\" title=\"\" srcset=\"https:\/\/bogonglaser.com\/wp-content\/uploads\/2024\/10\/3df20-marking-machine-factory-pictures-300x225.png 300w, https:\/\/bogonglaser.com\/wp-content\/uploads\/2024\/10\/3df20-marking-machine-factory-pictures-600x450.png 600w, https:\/\/bogonglaser.com\/wp-content\/uploads\/2024\/10\/3df20-marking-machine-factory-pictures-768x576.png 768w, https:\/\/bogonglaser.com\/wp-content\/uploads\/2024\/10\/3df20-marking-machine-factory-pictures-16x12.png 16w, https:\/\/bogonglaser.com\/wp-content\/uploads\/2024\/10\/3df20-marking-machine-factory-pictures.png 800w\" sizes=\"(max-width: 300px) 100vw, 300px\" \/><figcaption id=\"caption-attachment-7436\" class=\"wp-caption-text\">3df20 marking machine factory pictures<\/figcaption><\/figure>\n<figure id=\"attachment_7428\" aria-describedby=\"caption-attachment-7428\" style=\"width: 205px\" class=\"wp-caption alignnone\"><img decoding=\"async\" class=\"size-full wp-image-7428\" src=\"https:\/\/bogonglaser.com\/wp-content\/uploads\/2024\/10\/3d-laser-marker-2-1.jpg\" alt=\"3d-Laserbeschrifter\" width=\"205\" height=\"300\" title=\"\" srcset=\"https:\/\/bogonglaser.com\/wp-content\/uploads\/2024\/10\/3d-laser-marker-2-1.jpg 205w, https:\/\/bogonglaser.com\/wp-content\/uploads\/2024\/10\/3d-laser-marker-2-1-8x12.jpg 8w\" sizes=\"(max-width: 205px) 100vw, 205px\" \/><figcaption id=\"caption-attachment-7428\" class=\"wp-caption-text\">3d-Laserbeschrifter<\/figcaption><\/figure>\n<p>Die meisten Kunden w\u00e4hlen den Transport per UPS\/DHL-Express, der in 5-7 Tagen am Zielort eintreffen kann, Kontakt mit <a href=\"https:\/\/bogonglaser.com\/de\/\">BOGONG<\/a> um mehr Details \u00fcber die UV-Lasermarkierungsmaschine zu erfahren.<\/p>","protected":false},"excerpt":{"rendered":"<h2>3D-UV-Laserbeschriftungsmaschine<\/h2>\n<p>Eine 3D-UV-Lasermarkierungsmaschine nutzt die 3D-Lasertechnologie, um komplizierte Designs oder Texte auf dreidimensionalen Oberfl\u00e4chen zu erstellen. Sie erm\u00f6glicht Markierungen auf Glas und Kunststoff: X, Y und Z. Er verwendet eine Kombination aus Strahlaufweitern und Verschiebeoptiken, bevor er den Strahl durch eine Linse lenkt, um das Material genau anzuvisieren.<\/p>\n<ul class=\"tips\">\n<li>350 Sets \/ Monat Warten auf Verkauf Auf Lager<\/li>\n<li>2 Jahre beschr\u00e4nkte Garantie f\u00fcr die gesamte Maschine<\/li>\n<li>3-5 Tage Vorbereitung der Lasermaschine, 3-7 Tage Transport.<\/li>\n<li>Online (PayPal) und Offline (T\/T, Debit- und Kreditkarten)<\/li>\n<\/ul>","protected":false},"featured_media":2130,"template":"","meta":{"_gspb_post_css":""},"product_brand":[],"product_cat":[93,96,99],"product_tag":[125,102,124],"class_list":{"0":"post-2129","1":"product","2":"type-product","3":"status-publish","4":"has-post-thumbnail","6":"product_cat-laser-engraving-machine","7":"product_cat-laser-marking-machine","8":"product_cat-uv-laser-marking-machine","9":"product_tag-3d-laser-marking-machine","10":"product_tag-laser-marking-machine","11":"product_tag-uv-laser-marking-machine","13":"first","14":"instock","15":"shipping-taxable","16":"product-type-simple"},"_links":{"self":[{"href":"https:\/\/bogonglaser.com\/de\/wp-json\/wp\/v2\/product\/2129","targetHints":{"allow":["GET"]}}],"collection":[{"href":"https:\/\/bogonglaser.com\/de\/wp-json\/wp\/v2\/product"}],"about":[{"href":"https:\/\/bogonglaser.com\/de\/wp-json\/wp\/v2\/types\/product"}],"wp:featuredmedia":[{"embeddable":true,"href":"https:\/\/bogonglaser.com\/de\/wp-json\/wp\/v2\/media\/2130"}],"wp:attachment":[{"href":"https:\/\/bogonglaser.com\/de\/wp-json\/wp\/v2\/media?parent=2129"}],"wp:term":[{"taxonomy":"product_brand","embeddable":true,"href":"https:\/\/bogonglaser.com\/de\/wp-json\/wp\/v2\/product_brand?post=2129"},{"taxonomy":"product_cat","embeddable":true,"href":"https:\/\/bogonglaser.com\/de\/wp-json\/wp\/v2\/product_cat?post=2129"},{"taxonomy":"product_tag","embeddable":true,"href":"https:\/\/bogonglaser.com\/de\/wp-json\/wp\/v2\/product_tag?post=2129"}],"curies":[{"name":"wp","href":"https:\/\/api.w.org\/{rel}","templated":true}]}}