{"id":2127,"date":"2024-12-06T11:23:53","date_gmt":"2024-12-06T03:23:53","guid":{"rendered":"https:\/\/bogonglaser.com\/?post_type=product&#038;p=2127"},"modified":"2025-12-10T17:31:01","modified_gmt":"2025-12-10T09:31:01","slug":"mini-cabinet-laser-marking-machine","status":"publish","type":"product","link":"https:\/\/bogonglaser.com\/de\/mini-cabinet-laser-marking-machine\/","title":{"rendered":"Mini-Schrank-Laserbeschriftungsmaschine"},"content":{"rendered":"<p>Die Cover-Faserlaserbeschriftungsmaschine hat ein vollst\u00e4ndig geschlossenes Geh\u00e4use f\u00fcr die Sicherheit der Mitarbeiter und zeichnet sich durch ein kompaktes, attraktives Design aus. Dieses Hightech-Ger\u00e4t kombiniert einen Laser, einen Computer, eine automatische Steuerung und Pr\u00e4zisionsmaschinen und ist damit ideal f\u00fcr die Kennzeichnung von Metallmaterialien.<\/p>\n<p>Manuelles \u00d6ffnen und Schlie\u00dfen der T\u00fcr.<\/p>\n<p>Elektrische Hebes\u00e4ule<\/p>\n<p><iframe title=\"Mini-Faser-Lasergraviermaschine mit Schutzh\u00fclle | Bedienung\" width=\"1290\" height=\"726\" src=\"https:\/\/www.youtube.com\/embed\/buVofWd5OIw?feature=oembed\" frameborder=\"0\" allow=\"accelerometer; autoplay; clipboard-write; encrypted-media; gyroscope; picture-in-picture; web-share\" referrerpolicy=\"strict-origin-when-cross-origin\" allowfullscreen><\/iframe><\/p>\n<p>1. Lange Lebensdauer, \u00fcber 100.000 Stunden.<\/p>\n<p>2. Kompakte Laserquelle mit Luftk\u00fchlung<\/p>\n<p>3. vollst\u00e4ndig abgedeckter Schrank, der f\u00fcr die Sicherheit der Arbeit<\/p>\n<p>4. Hochwertiges Galvanometer-Abtastsystem.<\/p>\n<p>5. Hohe Genauigkeit und Wiederholbarkeit f\u00fcr jedes Mal korrekte Markierungen mit Galvanometer-Scannern und elektronischen Kontrollen<\/p>\n<p>6. Stabilere Leistung<\/p>\n<p>7. Professionelle Kontrolltafel und Markierungssoftware. Das Software-Kontrollsystem hat eine Windows-Schnittstelle und umfasst Dateien, die von Software wie Coreldraw. AutoCAD, Photoshop usw. Es kann verschiedene Dateiformate wie PLT, DXF, PCX, BMP usw. unterst\u00fctzen.<\/p>\n<p>8. Ausgangsleistung ist stabil. optischer Modus ist gut. bcam Qualit\u00e4t ist ausgezeichnet<\/p>\n<p>9. Kennzeichnung Geschwindigkeit ist schnell, effizient und hohe Genauigkeit.<\/p>\n<p>10. Aussehen ist professionell, Bedienung ist einfach<\/p>\n<h2>Anwendung Kleine vollfl\u00e4chige Laserbeschriftungsmaschine:<\/h2>\n<p>Er kann Metall und einige nichtmetallische Werkstoffe gravieren, was ihn besonders in Bereichen n\u00fctzlich macht, in denen Pr\u00e4zision und eine glatte Oberfl\u00e4che wichtig sind.<\/p>\n<p>Die <a href=\"https:\/\/bogonglaser.com\/de\/laser-marking-machine\/fiber-laser-marking-machine\/\">Faserlaser-Markierungsmaschine<\/a> eignet sich f\u00fcr verschiedene Metalle, darunter Stahl, Titan, Kupfer, Gold, Silber und sogar seltene Metalle, sowie f\u00fcr industrielle Kunststoffe, beschichtete Metalle, Keramik und mehr.<\/p>\n<p>Er wird h\u00e4ufig zur Kennzeichnung von Gegenst\u00e4nden wie Handytasten, elektronischen Bauteilen, Kommunikationsprodukten, Brillen, Uhren, Schmuck, Zierkn\u00f6pfen f\u00fcr Schachteln und Taschen sowie Edelstahlprodukten verwendet.<\/p>\n<p><iframe title=\"Mini Cabinet Lasergraviermaschine Show | EZCAD3 2.5D Laser Marker mit Schutzh\u00fclle\" width=\"1290\" height=\"726\" src=\"https:\/\/www.youtube.com\/embed\/tbPKDw-UqR0?feature=oembed\" frameborder=\"0\" allow=\"accelerometer; autoplay; clipboard-write; encrypted-media; gyroscope; picture-in-picture; web-share\" referrerpolicy=\"strict-origin-when-cross-origin\" allowfullscreen><\/iframe><\/p>\n<p>Zahlungsbedingungen<\/p>\n<p>1. Ablagerung und Balance: Eine 30% T\/T Anzahlung ist im Voraus erforderlich, mit dem Restbetrag vor dem Versand f\u00e4llig.<\/p>\n<p>2. Alibaba Trade Assurance: Zahlungen k\u00f6nnen \u00fcber Alibaba Trade Assurance abgewickelt werden.<\/p>\n<p>FAQs f\u00fcr das 3D-UV-Laserbeschriftungsger\u00e4t<\/p>\n<p>Was ist die Verpackung f\u00fcr die Mni Kabinett-Laserbeschriftungsmaschine?<br \/>\nUnsere Maschinen werden in einem dreilagigen Aufbau verpackt. Die \u00e4u\u00dfere Schicht besteht aus einer Holzkiste, die mittlere Schicht ist mit Schaumstoff gepolstert, um sie vor Ersch\u00fctterungen zu sch\u00fctzen, und die innere Schicht besteht aus einer dicken Plastikt\u00fcte zur Abdichtung.<\/p>\n<p>Wird das Paket w\u00e4hrend des Transports besch\u00e4digt werden?<br \/>\nWir gestalten unsere Verpackungen sorgf\u00e4ltig, um alle potenziellen Schadensfaktoren zu ber\u00fccksichtigen, und unsere Spediteure sind erfahren im sicheren Transport. Wir haben erfolgreich in 180 L\u00e4nder exportiert. Sie k\u00f6nnen also sicher sein, dass Ihr Paket in einem ausgezeichneten Zustand ankommt.<\/p>\n<figure id=\"attachment_7472\" aria-describedby=\"caption-attachment-7472\" style=\"width: 300px\" class=\"wp-caption alignnone\"><img decoding=\"async\" class=\"size-medium wp-image-7472\" src=\"https:\/\/bogonglaser.com\/wp-content\/uploads\/2024\/12\/Small-size-enclosed-marking-machine-300x300.jpg\" alt=\"Gekapselte Markierungsmaschine in Kleinformat\" width=\"300\" height=\"300\" title=\"\" srcset=\"https:\/\/bogonglaser.com\/wp-content\/uploads\/2024\/12\/Small-size-enclosed-marking-machine-300x300.jpg 300w, https:\/\/bogonglaser.com\/wp-content\/uploads\/2024\/12\/Small-size-enclosed-marking-machine-100x100.jpg 100w, https:\/\/bogonglaser.com\/wp-content\/uploads\/2024\/12\/Small-size-enclosed-marking-machine-600x600.jpg 600w, https:\/\/bogonglaser.com\/wp-content\/uploads\/2024\/12\/Small-size-enclosed-marking-machine-150x150.jpg 150w, https:\/\/bogonglaser.com\/wp-content\/uploads\/2024\/12\/Small-size-enclosed-marking-machine-768x768.jpg 768w, https:\/\/bogonglaser.com\/wp-content\/uploads\/2024\/12\/Small-size-enclosed-marking-machine-12x12.jpg 12w, https:\/\/bogonglaser.com\/wp-content\/uploads\/2024\/12\/Small-size-enclosed-marking-machine.jpg 1000w\" sizes=\"(max-width: 300px) 100vw, 300px\" \/><figcaption id=\"caption-attachment-7472\" class=\"wp-caption-text\">Gekapselte Markierungsmaschine in Kleinformat<\/figcaption><\/figure>\n<p>Die meisten Kunden w\u00e4hlen den Transport per UPS\/DHL-Express, es kann am Zielort etwa 5-7 Tage ankommen, kontaktieren Sie mit BOGONG, um mehr Details \u00fcber UV-Laser-Markierungsmaschine zu erhalten.<\/p>","protected":false},"excerpt":{"rendered":"<h2>Lasergraviermaschine mit Vollverkleidung<\/h2>\n<p>Die Maschine verf\u00fcgt \u00fcber ein vollst\u00e4ndig geschlossenes Geh\u00e4use, um die Sicherheit der Arbeiter zu gew\u00e4hrleisten, und ihr kompaktes Design sieht gro\u00dfartig aus. Es ist eine Hightech-Maschine, die einen Laser, einen Computer, eine automatische Steuerung und pr\u00e4zise Teile kombiniert, um effektiv zu arbeiten.<\/p>\n<ul class=\"tips\">\n<li>350 Sets \/ Monat Warten auf Verkauf Auf Lager<\/li>\n<li>2 Jahre beschr\u00e4nkte Garantie f\u00fcr die gesamte Maschine<\/li>\n<li>3-5 Tage Vorbereitung der Lasermaschine, 3-7 Tage Transport.<\/li>\n<li>Online (PayPal) und Offline (T\/T, Debit- und Kreditkarten)<\/li>\n<\/ul>","protected":false},"featured_media":2148,"template":"","meta":{"_gspb_post_css":""},"product_brand":[],"product_cat":[97,93,96],"product_tag":[102],"class_list":{"0":"post-2127","1":"product","2":"type-product","3":"status-publish","4":"has-post-thumbnail","6":"product_cat-fiber-laser-marker","7":"product_cat-laser-engraving-machine","8":"product_cat-laser-marking-machine","9":"product_tag-laser-marking-machine","11":"first","12":"instock","13":"shipping-taxable","14":"product-type-simple"},"_links":{"self":[{"href":"https:\/\/bogonglaser.com\/de\/wp-json\/wp\/v2\/product\/2127","targetHints":{"allow":["GET"]}}],"collection":[{"href":"https:\/\/bogonglaser.com\/de\/wp-json\/wp\/v2\/product"}],"about":[{"href":"https:\/\/bogonglaser.com\/de\/wp-json\/wp\/v2\/types\/product"}],"wp:featuredmedia":[{"embeddable":true,"href":"https:\/\/bogonglaser.com\/de\/wp-json\/wp\/v2\/media\/2148"}],"wp:attachment":[{"href":"https:\/\/bogonglaser.com\/de\/wp-json\/wp\/v2\/media?parent=2127"}],"wp:term":[{"taxonomy":"product_brand","embeddable":true,"href":"https:\/\/bogonglaser.com\/de\/wp-json\/wp\/v2\/product_brand?post=2127"},{"taxonomy":"product_cat","embeddable":true,"href":"https:\/\/bogonglaser.com\/de\/wp-json\/wp\/v2\/product_cat?post=2127"},{"taxonomy":"product_tag","embeddable":true,"href":"https:\/\/bogonglaser.com\/de\/wp-json\/wp\/v2\/product_tag?post=2127"}],"curies":[{"name":"wp","href":"https:\/\/api.w.org\/{rel}","templated":true}]}}