{"id":2119,"date":"2024-12-04T17:25:33","date_gmt":"2024-12-04T09:25:33","guid":{"rendered":"https:\/\/bogonglaser.com\/?post_type=product&#038;p=2119"},"modified":"2025-12-10T16:47:52","modified_gmt":"2025-12-10T08:47:52","slug":"30w-fiber-laser-marking-machine","status":"publish","type":"product","link":"https:\/\/bogonglaser.com\/de\/30w-fiber-laser-marking-machine\/","title":{"rendered":"30W Faser-Laser-Markierungsmaschine"},"content":{"rendered":"<p>Wir stellen das 30-W-Faserlaserbeschriftungsger\u00e4t vor, ein kompaktes und vielseitiges All-in-One-Faserlaserbeschriftungsger\u00e4t, das sowohl auf Leistung als auch auf Anpassungsf\u00e4higkeit ausgelegt ist. Egal, ob Sie Logos, Barcodes, Seriennummern oder komplizierte Designs gravieren m\u00f6chten, dieses Ger\u00e4t liefert au\u00dfergew\u00f6hnliche Ergebnisse f\u00fcr eine Vielzahl von Anwendungen.<\/p>\n<p>Trotz seiner kompakten Gr\u00f6\u00dfe bietet dieses All-in-One-Modell eine beeindruckende Leistung und eignet sich damit perfekt f\u00fcr enge R\u00e4ume und kleinere Markierungsprojekte. Sein leichtes und tragbares Design sorgt f\u00fcr eine einfache Handhabung und erm\u00f6glicht jederzeit pr\u00e4zise und genaue Markierungen, w\u00e4hrend es gleichzeitig mit hoher Geschwindigkeit und hervorragender Effizienz arbeitet.<\/p>\n<p>Dieses Ger\u00e4t ist eine ausgezeichnete Wahl f\u00fcr kleine Unternehmen, Werkst\u00e4tten und Heimwerker, die nach einer zuverl\u00e4ssigen Markierungsl\u00f6sung suchen, die nicht auf Grund von Platzmangel an Leistung einb\u00fc\u00dft. Wenn Sie einen effizienten Faserlaserbeschrifter ben\u00f6tigen, der sich nahtlos in Ihren Arbeitsbereich einf\u00fcgt, ist dies die perfekte Wahl f\u00fcr Sie.<\/p>\n<p><img decoding=\"async\" class=\"size-medium wp-image-7414\" src=\"https:\/\/bogonglaser.com\/wp-content\/uploads\/2024\/12\/2D-mini-all-in-one-PC-factory-photos-1-300x225.png\" alt=\"2D mini all-in-one PC factory photos\" width=\"300\" height=\"225\" title=\"\" srcset=\"https:\/\/bogonglaser.com\/wp-content\/uploads\/2024\/12\/2D-mini-all-in-one-PC-factory-photos-1-300x225.png 300w, https:\/\/bogonglaser.com\/wp-content\/uploads\/2024\/12\/2D-mini-all-in-one-PC-factory-photos-1-600x450.png 600w, https:\/\/bogonglaser.com\/wp-content\/uploads\/2024\/12\/2D-mini-all-in-one-PC-factory-photos-1-768x576.png 768w, https:\/\/bogonglaser.com\/wp-content\/uploads\/2024\/12\/2D-mini-all-in-one-PC-factory-photos-1-16x12.png 16w, https:\/\/bogonglaser.com\/wp-content\/uploads\/2024\/12\/2D-mini-all-in-one-PC-factory-photos-1.png 800w\" sizes=\"(max-width: 300px) 100vw, 300px\" \/><\/p>\n<p>Hier sind die wichtigsten Merkmale des <a href=\"https:\/\/bogonglaser.com\/de\/laser-marking-machine\/fiber-laser-marking-machine\/\">Faserlaser-Markierungsmaschine<\/a>:<\/p>\n<p>1. Faserlaserquelle: 30w Faserlaserquelle, Sie k\u00f6nnen auch gr\u00f6\u00dfere Leistung wie 50 oder kleine Leistung 20w in diesem Schrank w\u00e4hlen. hochwertige Faserlaserquellen von renommierten Marken wie JPT, Raycus oder IPG. Sie genie\u00dfen eine ausgezeichnete Laserstrahlklarheit und eine lange Lebensdauer von bis zu 100.000 Stunden.<\/p>\n<p>2. Digitales Galvanometer-Scanner-System: Diese Maschine ist mit einem importierten Hochgeschwindigkeits-Laserscannersystem ausgestattet, das Markierungsgeschwindigkeiten von bis zu 8.000 mm\/s erreichen kann und einen effizienten Betrieb gew\u00e4hrleistet.<\/p>\n<p>3. PC-Display-Halterung: Die verstellbare Z-Achse reicht bis zu 700 mm und ist damit perfekt f\u00fcr die Markierung auf dickeren oder h\u00f6heren Materialien.<\/p>\n<p>4. Steuerschalter: Das benutzerfreundliche Bedienfeld verf\u00fcgt \u00fcber einen Not-Aus-Schalter, einen Schl\u00fcsselschalter und einen Netzschalter, so dass die Bedienelemente leicht zu erkennen und zu bedienen sind.<\/p>\n<p>5. Hebesystem: Die Maschine verf\u00fcgt \u00fcber ein Handrad f\u00fcr die bequeme Einstellung des Laser-Fokus-Abstand, Rationalisierung der Betriebsprozess.<\/p>\n<p>6. Roter Lichtzeiger: Diese n\u00fctzliche Funktion hebt den Markierungsbereich hervor, bevor die eigentliche Lasermarkierung beginnt, was die Pr\u00e4zision und Genauigkeit erh\u00f6ht.<\/p>\n<p>7. Software zur Laserbeschriftung: Die EZCAD-Kennzeichnungssoftware ist mit leistungsstarken Bearbeitungswerkzeugen ausgestattet, mit denen Sie QR-Codes, Seriennummern und verschiedene Logos erstellen k\u00f6nnen. Sie unterst\u00fctzt die Dateiformate DXF und PLT und wird mit einem ausf\u00fchrlichen englischen Benutzerhandbuch geliefert, das Sie bei jedem Schritt begleitet.<\/p>\n<p>8. F-Theta-Scan-Objektiv: Ausgestattet mit einem hochwertigen F-Theta-Objektiv von Singapore Ronar-Smith, gew\u00e4hrleistet dieses Ger\u00e4t, dass die Bildfeldh\u00f6he nahezu proportional zum Scanwinkel ist. Es weist eine lineare Verzerrung von weniger als 1% auf, ohne dass eine Softwarekorrektur erforderlich ist, was zu minimaler Verzerrung und gestochen scharfen, klaren Ergebnissen f\u00fchrt. Das Objektiv verf\u00fcgt au\u00dferdem \u00fcber hochtransmissive AR-Beschichtungen, um Leistungsverluste zu reduzieren und den Durchsatz zu maximieren.<\/p>\n<p>Mit diesen fortschrittlichen Funktionen ist das Faserlasermarkierger\u00e4t auf Pr\u00e4zision, Effizienz und Benutzerfreundlichkeit ausgelegt.<\/p>\n<figure id=\"attachment_7413\" aria-describedby=\"caption-attachment-7413\" style=\"width: 300px\" class=\"wp-caption alignnone\"><img decoding=\"async\" class=\"size-medium wp-image-7413\" src=\"https:\/\/bogonglaser.com\/wp-content\/uploads\/2024\/12\/2D-mini-all-in-one-PC-factory-photos-2-300x225.png\" alt=\"2D mini all-in-one PC factory photos\" width=\"300\" height=\"225\" title=\"\" srcset=\"https:\/\/bogonglaser.com\/wp-content\/uploads\/2024\/12\/2D-mini-all-in-one-PC-factory-photos-2-300x225.png 300w, https:\/\/bogonglaser.com\/wp-content\/uploads\/2024\/12\/2D-mini-all-in-one-PC-factory-photos-2-600x450.png 600w, https:\/\/bogonglaser.com\/wp-content\/uploads\/2024\/12\/2D-mini-all-in-one-PC-factory-photos-2-768x576.png 768w, https:\/\/bogonglaser.com\/wp-content\/uploads\/2024\/12\/2D-mini-all-in-one-PC-factory-photos-2-16x12.png 16w, https:\/\/bogonglaser.com\/wp-content\/uploads\/2024\/12\/2D-mini-all-in-one-PC-factory-photos-2.png 800w\" sizes=\"(max-width: 300px) 100vw, 300px\" \/><figcaption id=\"caption-attachment-7413\" class=\"wp-caption-text\">2D mini all-in-one PC factory photos<\/figcaption><\/figure>\n<p>Anwendung: All-in-One-Laserbeschriftungsger\u00e4t f\u00fcr Metall, Kunststoff und mehr.<\/p>\n<p>Unsere Laserbeschriftungsger\u00e4te bieten eine vielseitige und effiziente L\u00f6sung f\u00fcr die Kennzeichnung einer Vielzahl von Materialien wie Metall, Kunststoff und mehr. Ganz gleich, ob Sie Logos, Seriennummern oder komplizierte Designs eingravieren m\u00fcssen, unser anpassungsf\u00e4higer Laser ist f\u00fcr zahlreiche Anwendungen geeignet, steigert die Produktivit\u00e4t und gew\u00e4hrleistet gleichzeitig eine gleichbleibende Qualit\u00e4t auf verschiedenen Oberfl\u00e4chen.<\/p>\n<ul>\n<li><span class=\"magic-19\"><b class=\"magic-19\"><span class=\"magic-18\">Kostenlose Testmuster -<\/span><\/b><span class=\"magic-20\" data-spm-anchor-id=\"a2700.details.0.i41.41d82402R4aegi\">Wir k\u00f6nnen kostenlose Markierungseffekttests entsprechend Ihrem Produktmaterial durchf\u00fchren.<\/span><\/span><\/li>\n<li><span class=\"magic-19\"><b class=\"magic-19\"><span class=\"magic-18\">Video Live-<\/span><\/b><span class=\"magic-20\">Sie k\u00f6nnen sich mit unseren Verkaufsberatern in Verbindung setzen, um den Produktionsprozess und den Betrieb der Maschine in einem Online-Video zu sehen.<\/span><\/span><\/li>\n<li><span class=\"magic-19\"><b class=\"magic-19\"><span class=\"magic-18\">Kundenspezifisch \/OEM-<\/span><\/b><span class=\"magic-20\" data-spm-anchor-id=\"a2700.details.0.i40.41d82402R4aegi\">Customised machines on request<\/span><\/span><\/li>\n<\/ul>\n<figure id=\"attachment_7412\" aria-describedby=\"caption-attachment-7412\" style=\"width: 300px\" class=\"wp-caption alignnone\"><img decoding=\"async\" class=\"size-medium wp-image-7412\" src=\"https:\/\/bogonglaser.com\/wp-content\/uploads\/2024\/12\/2D-mini-all-in-one-PC-factory-photos-300x300.jpg\" alt=\"2D mini all-in-one PC factory photos\" width=\"300\" height=\"300\" title=\"\" srcset=\"https:\/\/bogonglaser.com\/wp-content\/uploads\/2024\/12\/2D-mini-all-in-one-PC-factory-photos-300x300.jpg 300w, https:\/\/bogonglaser.com\/wp-content\/uploads\/2024\/12\/2D-mini-all-in-one-PC-factory-photos-100x100.jpg 100w, https:\/\/bogonglaser.com\/wp-content\/uploads\/2024\/12\/2D-mini-all-in-one-PC-factory-photos-600x600.jpg 600w, https:\/\/bogonglaser.com\/wp-content\/uploads\/2024\/12\/2D-mini-all-in-one-PC-factory-photos-150x150.jpg 150w, https:\/\/bogonglaser.com\/wp-content\/uploads\/2024\/12\/2D-mini-all-in-one-PC-factory-photos-768x768.jpg 768w, https:\/\/bogonglaser.com\/wp-content\/uploads\/2024\/12\/2D-mini-all-in-one-PC-factory-photos-12x12.jpg 12w, https:\/\/bogonglaser.com\/wp-content\/uploads\/2024\/12\/2D-mini-all-in-one-PC-factory-photos.jpg 1000w\" sizes=\"(max-width: 300px) 100vw, 300px\" \/><figcaption id=\"caption-attachment-7412\" class=\"wp-caption-text\">2D mini all-in-one PC factory photos<\/figcaption><\/figure>\n<p><iframe title=\"Kleine All-in-One-Laserbeschriftungsmaschine zu verkaufen\" width=\"1290\" height=\"726\" src=\"https:\/\/www.youtube.com\/embed\/znNbIXDhuHE?feature=oembed\" frameborder=\"0\" allow=\"accelerometer; autoplay; clipboard-write; encrypted-media; gyroscope; picture-in-picture; web-share\" referrerpolicy=\"strict-origin-when-cross-origin\" allowfullscreen><\/iframe><\/p>\n<p>Zahlungsbedingungen<\/p>\n<p>1. Ablagerung und Balance: Eine 30% T\/T Anzahlung ist im Voraus erforderlich, mit dem Restbetrag vor dem Versand f\u00e4llig.<\/p>\n<p>2. Alibaba Trade Assurance: Zahlungen k\u00f6nnen \u00fcber Alibaba Trade Assurance abgewickelt werden.<\/p>\n<p>H\u00e4ufig gestellte Fragen zum 30-W-Faserlaser-Beschriftungsger\u00e4t<\/p>\n<p>Was ist die Verpackung f\u00fcr das Faserlaserbeschriftungsger\u00e4t?<br \/>\nUnsere Maschinen werden in einem dreilagigen Aufbau verpackt. Die \u00e4u\u00dfere Schicht besteht aus einer Holzkiste, die mittlere Schicht ist mit Schaumstoff gepolstert, um sie vor Ersch\u00fctterungen zu sch\u00fctzen, und die innere Schicht besteht aus einer dicken Plastikt\u00fcte zur Abdichtung.<\/p>\n<p><iframe title=\"Kleine All-in-One-Faser-Laser-Markierungsmaschine | 20W 30W Metall-Kunststoff-Laser-Markierer-Drucker-Gravierer\" width=\"1290\" height=\"726\" src=\"https:\/\/www.youtube.com\/embed\/1gUXk1ygblo?feature=oembed\" frameborder=\"0\" allow=\"accelerometer; autoplay; clipboard-write; encrypted-media; gyroscope; picture-in-picture; web-share\" referrerpolicy=\"strict-origin-when-cross-origin\" allowfullscreen><\/iframe><\/p>\n<p>Wird das Paket w\u00e4hrend des Transports besch\u00e4digt werden?<br \/>\nWir gestalten unsere Verpackungen sorgf\u00e4ltig, um alle potenziellen Schadensfaktoren zu ber\u00fccksichtigen, und unsere Spediteure sind erfahren im sicheren Transport. Wir haben erfolgreich in 180 L\u00e4nder exportiert. Sie k\u00f6nnen also sicher sein, dass Ihr Paket in einem ausgezeichneten Zustand ankommt.<\/p>\n<p>&nbsp;<\/p>\n<p>Die meisten Kunden w\u00e4hlen den Transport per UPS\/DHL-Express, es kann am Zielort etwa 5-7 Tage ankommen, kontaktieren Sie BOGONG, um mehr Details zu erhalten <a href=\"https:\/\/bogonglaser.com\/de\/laser-marking-machine\/fiber-laser-marking-machine\/\">Faserlaserbeschriftung Maschine<\/a>.<\/p>\n<p>&nbsp;<\/p>","protected":false},"excerpt":{"rendered":"<h2>30W Fiber Laser Marking Machine<\/h2>\n<p>BOGONG 30W laser marking machine addopt 30W fiber laser and famous laser galvo head, 1064nm laser wavelength, It works with a variety of materials, such as stainless steel, titanium, aluminum, copper, brass, alloys, silver, and gold, allowing you to engrave names, logos, signs, letters, numbers, patterns, and photos. This all ine one laser marking machine is now available for sale at an affordable price, making it a great option for your budget.<\/p>\n<ul class=\"tips\">\n<li>350 Sets \/ Month Waiting for Sale In Stock<\/li>\n<li>2 Years Limited Warranty for Entire Machine<\/li>\n<li>3-5 days prepare laser machine, 3-7days transport.<\/li>\n<li>Online (PayPal) &amp; Offline (T\/T, Debit &amp; Credit Cards)<\/li>\n<\/ul>\n<hr \/>\n<h4><strong>Get a Quote<\/strong><\/h4>\n<p>[contact-form-7 id=&#8221;029fbc1&#8243; title=&#8221;Products Form&#8221;]<\/p>\n","protected":false},"featured_media":1966,"template":"","meta":{"_gspb_post_css":""},"product_brand":[],"product_cat":[97,93,96],"product_tag":[104,102],"class_list":{"0":"post-2119","1":"product","2":"type-product","3":"status-publish","4":"has-post-thumbnail","6":"product_cat-fiber-laser-marker","7":"product_cat-laser-engraving-machine","8":"product_cat-laser-marking-machine","9":"product_tag-laser-marker","10":"product_tag-laser-marking-machine","12":"first","13":"instock","14":"shipping-taxable","15":"product-type-simple"},"_links":{"self":[{"href":"https:\/\/bogonglaser.com\/de\/wp-json\/wp\/v2\/product\/2119","targetHints":{"allow":["GET"]}}],"collection":[{"href":"https:\/\/bogonglaser.com\/de\/wp-json\/wp\/v2\/product"}],"about":[{"href":"https:\/\/bogonglaser.com\/de\/wp-json\/wp\/v2\/types\/product"}],"wp:featuredmedia":[{"embeddable":true,"href":"https:\/\/bogonglaser.com\/de\/wp-json\/wp\/v2\/media\/1966"}],"wp:attachment":[{"href":"https:\/\/bogonglaser.com\/de\/wp-json\/wp\/v2\/media?parent=2119"}],"wp:term":[{"taxonomy":"product_brand","embeddable":true,"href":"https:\/\/bogonglaser.com\/de\/wp-json\/wp\/v2\/product_brand?post=2119"},{"taxonomy":"product_cat","embeddable":true,"href":"https:\/\/bogonglaser.com\/de\/wp-json\/wp\/v2\/product_cat?post=2119"},{"taxonomy":"product_tag","embeddable":true,"href":"https:\/\/bogonglaser.com\/de\/wp-json\/wp\/v2\/product_tag?post=2119"}],"curies":[{"name":"wp","href":"https:\/\/api.w.org\/{rel}","templated":true}]}}