{"id":2118,"date":"2024-12-04T15:48:23","date_gmt":"2024-12-04T07:48:23","guid":{"rendered":"https:\/\/bogonglaser.com\/?post_type=product&#038;p=2118"},"modified":"2025-12-10T17:33:56","modified_gmt":"2025-12-10T09:33:56","slug":"50w-split-fiber-laser-engraving-machine","status":"publish","type":"product","link":"https:\/\/bogonglaser.com\/de\/50w-split-fiber-laser-engraving-machine\/","title":{"rendered":"Mini-Split-Faser-Lasergraviermaschine"},"content":{"rendered":"<p>Individuelle L\u00f6sungen: Ganz gleich, ob Sie nach Geschenken oder professionellen Gravuren suchen, mit dem BOGONG Mini-Split-Lasergravierer k\u00f6nnen Sie Ihre kreativen Visionen ganz einfach verwirklichen, denn er bietet eine Plattform f\u00fcr grenzenlose M\u00f6glichkeiten.<\/p>\n<p>Gravierfl\u00e4che: Standard Arbeitsfl\u00e4che: 100*100mm, 7,9\u00d77,9 Zoll (200\u00d7200 mm) und 300*300mm Arbeitsfl\u00e4che sind optional,<\/p>\n<p>Die Laserleistung, die Sie w\u00e4hlen k\u00f6nnen, sind: 20W 30W 50W 60W 100W, und eine beeindruckende Graviergeschwindigkeit von 10.000 mm\/s, diese Maschine ist ideal f\u00fcr eine breite Palette von Projekten. (100*100mm und 300*300mm Objektiv als Option)<\/p>\n<figure id=\"attachment_7458\" aria-describedby=\"caption-attachment-7458\" style=\"width: 300px\" class=\"wp-caption alignnone\"><img decoding=\"async\" class=\"size-medium wp-image-7458\" src=\"https:\/\/bogonglaser.com\/wp-content\/uploads\/2024\/10\/bogong-new-design-1-300x225.png\" alt=\"bogong neues Design\" width=\"300\" height=\"225\" title=\"\" srcset=\"https:\/\/bogonglaser.com\/wp-content\/uploads\/2024\/10\/bogong-new-design-1-300x225.png 300w, https:\/\/bogonglaser.com\/wp-content\/uploads\/2024\/10\/bogong-new-design-1-600x450.png 600w, https:\/\/bogonglaser.com\/wp-content\/uploads\/2024\/10\/bogong-new-design-1-768x576.png 768w, https:\/\/bogonglaser.com\/wp-content\/uploads\/2024\/10\/bogong-new-design-1-16x12.png 16w, https:\/\/bogonglaser.com\/wp-content\/uploads\/2024\/10\/bogong-new-design-1.png 800w\" sizes=\"(max-width: 300px) 100vw, 300px\" \/><figcaption id=\"caption-attachment-7458\" class=\"wp-caption-text\">bogong neues Design<\/figcaption><\/figure>\n<p><iframe title=\"Die BOOGNG Mini-Lasergraviermaschine - Ihre ultimative Erfahrung mit Faserlasergravuren!\" width=\"1290\" height=\"726\" src=\"https:\/\/www.youtube.com\/embed\/DqvsGNxiQBc?feature=oembed\" frameborder=\"0\" allow=\"accelerometer; autoplay; clipboard-write; encrypted-media; gyroscope; picture-in-picture; web-share\" referrerpolicy=\"strict-origin-when-cross-origin\" allowfullscreen><\/iframe><\/p>\n<p>Benutzerfreundliche Bedienoberfl\u00e4che: Dieses Laserger\u00e4t verf\u00fcgt \u00fcber ein \u00fcbersichtliches Bedienfeld EZCAD2 und ist mit der LightBurn-Software kompatibel, sodass es sowohl f\u00fcr Anf\u00e4nger als auch f\u00fcr erfahrene Benutzer zug\u00e4nglich ist. Sie k\u00f6nnen sofort loslegen und die Effizienz Ihres Workflows verbessern.<\/p>\n<p>Vielseitige Materialoptionen: Gravieren Sie m\u00fchelos auf einer Vielzahl von Materialien, wie Messing, Hartmetall, Granit, Edelstahl, Metall und Kunststoff. Diese Flexibilit\u00e4t erm\u00f6glicht es Ihnen, Ihre einzigartigen DIY-Projekte und handgefertigten Kreationen zum Leben zu erwecken.<\/p>\n<p>Platzsparendes Design: Diese 37 kg schwere Maschine verf\u00fcgt \u00fcber ein geteiltes Design mit hohen S\u00e4ulen und einem ger\u00e4umigen Verarbeitungsbereich, wodurch sie sich ideal f\u00fcr verschiedene Arbeitsumgebungen eignet, auch f\u00fcr solche mit begrenztem Platzangebot.<\/p>\n<p>Sch\u00fctzende Verpackung: Ihr Ger\u00e4t wird sicher in Schaumstoff gepolstert geliefert, um sicherzustellen, dass es unbesch\u00e4digt ankommt. Sollten w\u00e4hrend des Versands Probleme auftreten, haben Sie m\u00f6glicherweise Anspruch auf Schadenersatz.<\/p>\n<p>Umfassende Unterst\u00fctzung vor dem Kauf: Egal, ob Sie es vorziehen, eine E-Mail zu schreiben, anzurufen, online zu chatten oder unseren Kundenbetreuer zu besuchen, unser engagiertes Team bietet Ihnen umfassende Unterst\u00fctzung, damit Sie jeden Aspekt der Maschine verstehen. Wir sind hier, um Ihre Fragen zu beantworten und Ihnen das n\u00f6tige Vertrauen zu geben.<\/p>\n<p>Unterst\u00fctzung nach dem Kauf: Wir bieten virtuelle Installationssitzungen und fachkundige technische Unterst\u00fctzung sowie eine Garantie von bis zu 2 Jahren (nur f\u00fcr das Ger\u00e4t), damit Sie sich keine Sorgen machen m\u00fcssen.<\/p>\n<figure id=\"attachment_7459\" aria-describedby=\"caption-attachment-7459\" style=\"width: 300px\" class=\"wp-caption alignnone\"><img decoding=\"async\" class=\"size-medium wp-image-7459\" src=\"https:\/\/bogonglaser.com\/wp-content\/uploads\/2024\/10\/mini-laser-machine-1-1-300x169.jpg\" alt=\"Mini-Lasermaschine\" width=\"300\" height=\"169\" title=\"\" srcset=\"https:\/\/bogonglaser.com\/wp-content\/uploads\/2024\/10\/mini-laser-machine-1-1-300x169.jpg 300w, https:\/\/bogonglaser.com\/wp-content\/uploads\/2024\/10\/mini-laser-machine-1-1-600x338.jpg 600w, https:\/\/bogonglaser.com\/wp-content\/uploads\/2024\/10\/mini-laser-machine-1-1-768x432.jpg 768w, https:\/\/bogonglaser.com\/wp-content\/uploads\/2024\/10\/mini-laser-machine-1-1-18x10.jpg 18w, https:\/\/bogonglaser.com\/wp-content\/uploads\/2024\/10\/mini-laser-machine-1-1.jpg 800w\" sizes=\"(max-width: 300px) 100vw, 300px\" \/><figcaption id=\"caption-attachment-7459\" class=\"wp-caption-text\">Mini-Lasermaschine<\/figcaption><\/figure>\n<h3>Mini-Split Mini-Lasergravur-Beschriftungsmaschine<\/h3>\n<p>Steigern Sie die Effizienz und Bequemlichkeit und maximieren Sie gleichzeitig den Platzbedarf - die ideale Wahl f\u00fcr alle Ihre Gravuranforderungen.<\/p>\n<figure id=\"attachment_7475\" aria-describedby=\"caption-attachment-7475\" style=\"width: 300px\" class=\"wp-caption alignnone\"><img decoding=\"async\" class=\"size-medium wp-image-7475\" src=\"https:\/\/bogonglaser.com\/wp-content\/uploads\/2024\/12\/8099368FDA9E46B0E54E09A3AD53B032-1-300x123.jpg\" alt=\"8099368FDA9E46B0E54E09A3AD53B032\" width=\"300\" height=\"123\" title=\"\" srcset=\"https:\/\/bogonglaser.com\/wp-content\/uploads\/2024\/12\/8099368FDA9E46B0E54E09A3AD53B032-1-300x123.jpg 300w, https:\/\/bogonglaser.com\/wp-content\/uploads\/2024\/12\/8099368FDA9E46B0E54E09A3AD53B032-1-600x245.jpg 600w, https:\/\/bogonglaser.com\/wp-content\/uploads\/2024\/12\/8099368FDA9E46B0E54E09A3AD53B032-1-1024x419.jpg 1024w, https:\/\/bogonglaser.com\/wp-content\/uploads\/2024\/12\/8099368FDA9E46B0E54E09A3AD53B032-1-768x314.jpg 768w, https:\/\/bogonglaser.com\/wp-content\/uploads\/2024\/12\/8099368FDA9E46B0E54E09A3AD53B032-1-18x7.jpg 18w, https:\/\/bogonglaser.com\/wp-content\/uploads\/2024\/12\/8099368FDA9E46B0E54E09A3AD53B032-1.jpg 1247w\" sizes=\"(max-width: 300px) 100vw, 300px\" \/><figcaption id=\"caption-attachment-7475\" class=\"wp-caption-text\">8099368FDA9E46B0E54E09A3AD53B032<\/figcaption><\/figure>\n<h3>Materielle Leistungsf\u00e4higkeit<\/h3>\n<div class=\"collapsible-tab__text\">\n<p><strong>Metalle:<\/strong>\u00a0Rostfreier Stahl, Aluminium, g\u00e4ngige Legierungen, eloxiertes Aluminium, Messing, Chrom, Gold und Silber, Titan<\/p>\n<p><strong>Nicht-Metalle:<\/strong>\u00a0Schiefer, Hartkunststoffe, Kunstleder, farbiges Acryl<\/p>\n<\/div>\n<p><iframe title=\"Was kann ein 50-Watt-Lasergravurger\u00e4t leisten? | Beste 50 Watt Raycus Faserlaser-Markierungsmaschine zum Verkauf\" width=\"1290\" height=\"968\" src=\"https:\/\/www.youtube.com\/embed\/1DLnYH3dJXQ?feature=oembed\" frameborder=\"0\" allow=\"accelerometer; autoplay; clipboard-write; encrypted-media; gyroscope; picture-in-picture; web-share\" referrerpolicy=\"strict-origin-when-cross-origin\" allowfullscreen><\/iframe><\/p>\n<p class=\"section-header__title\">Fortschrittliche Lasertechnologie<br \/>\nDie stabile und ber\u00fchmte Laserquelle in dieser Fasermarkierungsmaschine gew\u00e4hrleistet eine gleichbleibende und zuverl\u00e4ssige Leistung mit einer mittleren Ausfallzeit von \u00fcber 100.000 Stunden.<\/p>\n<p><iframe title=\"Wie man eine Faserlaserbeschriftungsmaschine Schritt f\u00fcr Schritt f\u00fcr Gravurarbeiten nutzt | China Laser Engraver\" width=\"1290\" height=\"726\" src=\"https:\/\/www.youtube.com\/embed\/WoOi7mteSzM?feature=oembed\" frameborder=\"0\" allow=\"accelerometer; autoplay; clipboard-write; encrypted-media; gyroscope; picture-in-picture; web-share\" referrerpolicy=\"strict-origin-when-cross-origin\" allowfullscreen><\/iframe><\/p>\n<p>Das Paket enth\u00e4lt<br \/>\n- 1 x Faser Laser Marker Maschine<br \/>\n- 1 x Stromkabel<br \/>\n- 1 x Fu\u00dfpedal<br \/>\n- 1 x Paar Laserschutzbrillen<br \/>\n- 1 x USB-Flash-Laufwerk<br \/>\n- 1 x Lineal<br \/>\n- 1 x Gebrauchsanweisung<\/p>\n<p>- 1 x Test-Aluminiumkarte<\/p>\n<p>- 1 x Werkzeuge<\/p>\n<p><iframe title=\"Auspacken BOGONG MINI Faser-Lasergraviermaschine | Bester BOGONG LASER ENGRAVER\" width=\"1290\" height=\"726\" src=\"https:\/\/www.youtube.com\/embed\/_96ZvRvowGE?feature=oembed\" frameborder=\"0\" allow=\"accelerometer; autoplay; clipboard-write; encrypted-media; gyroscope; picture-in-picture; web-share\" referrerpolicy=\"strict-origin-when-cross-origin\" allowfullscreen><\/iframe><\/p>\n<h2>Wie man die richtige Marke w\u00e4hlt<\/h2>\n<p>Die Investition in eine <a href=\"https:\/\/bogonglaser.com\/de\/laser-engraving-machine\/\">Faserlaser-Graviermaschine<\/a> ist eine wichtige Entscheidung, daher ist es wichtig, eine Marke zu w\u00e4hlen, die Wert und Zuverl\u00e4ssigkeit bietet. Hier sind einige wichtige Faktoren, die Sie bei der Auswahl der richtigen Marke f\u00fcr Ihre Bed\u00fcrfnisse ber\u00fccksichtigen sollten:<\/p>\n<p>Ruf der Marke: Recherchieren Sie den Ruf und die Zuverl\u00e4ssigkeit der Marke in der Branche. Suchen Sie nach Unternehmen, die f\u00fcr ihre Qualit\u00e4tsprodukte bekannt sind.<\/p>\n<p>Branchenerfahrung: Bewerten Sie die Erfahrung und das Fachwissen der Marke auf dem Gebiet der Lasergravur.<\/p>\n<p>Produktqualit\u00e4t und Innovation: Achten Sie auf die Qualit\u00e4t der Produkte und die technologischen Innovationen, die sie bieten.<\/p>\n<p>Modellvielfalt: Suchen Sie nach einer Marke, die eine breite Palette von Modellen mit unterschiedlichen Spezifikationen anbietet, um Ihren spezifischen Anforderungen gerecht zu werden.<\/p>\n<p>Unterst\u00fctzung nach dem Kauf: Pr\u00fcfen Sie den Umfang des angebotenen Kundendienstes. Ein zuverl\u00e4ssiger Kundendienst ist entscheidend f\u00fcr die Behebung von Problemen, die auftreten k\u00f6nnen.<\/p>\n<p>Garantie und Gew\u00e4hrleistung: Pr\u00fcfen Sie die Garantie- und Gew\u00e4hrleistungsbestimmungen f\u00fcr die Produkte, um sicherzustellen, dass Sie im Falle von M\u00e4ngeln oder Problemen gesch\u00fctzt sind.<\/p>\n<p>Schlie\u00dflich sind auch der Preis und der Gesamtwert von entscheidender Bedeutung. Lesen Sie unbedingt die R\u00fcckmeldungen und Empfehlungen der Nutzer, um eine fundierte Entscheidung zu treffen.<\/p>\n<p>**Warum w\u00e4hlen Sie BOGONG LASER**<\/p>\n<p>BOGONG ist ber\u00fchmt f\u00fcr die Qualit\u00e4t seiner Laserger\u00e4te und den Kundendienst. Unsere Maschinen sind vielseitig und benutzerfreundlich und wurden f\u00fcr alle Qualifikationsstufen entwickelt. Die Zufriedenheit unserer Kunden steht bei uns an erster Stelle. Ob Sie ein erfahrener Experte oder ein Anf\u00e4nger sind, <a href=\"https:\/\/bogonglaser.com\/de\/\">BOGONG LASER<\/a> ist hier, um Sie bei jedem Schritt zu unterst\u00fctzen. Vertrauen Sie uns und unserem Service, bei dem Exzellenz und Innovation f\u00fcr Ihren Erfolg zusammenkommen.<\/p>","protected":false},"excerpt":{"rendered":"<h2>Mini Split Mini-Faser-Lasergraviermaschine<\/h2>\n<p>BOGONG Faser-Laser-Gravur-Maschine mit Split-Design, geringes Gewicht und geringe Gr\u00f6\u00dfe.<\/p>\n<ul class=\"tips\">\n<li>300 Sets \/ Monat zum Verkauf bereit Auf Lager<\/li>\n<li>2 Jahre beschr\u00e4nkte Garantie f\u00fcr die gesamte Maschine<\/li>\n<li>Online (PayPal) und Offline (T\/T, Debit- und Kreditkarten)<\/li>\n<li>Lebenslanger kostenloser technischer Support f\u00fcr Endverbraucher und H\u00e4ndler<\/li>\n<\/ul>","protected":false},"featured_media":1639,"template":"","meta":{"_gspb_post_css":""},"product_brand":[],"product_cat":[97,93,96],"product_tag":[123,102],"class_list":{"0":"post-2118","1":"product","2":"type-product","3":"status-publish","4":"has-post-thumbnail","6":"product_cat-fiber-laser-marker","7":"product_cat-laser-engraving-machine","8":"product_cat-laser-marking-machine","9":"product_tag-fiber-laser-marking-machine","10":"product_tag-laser-marking-machine","12":"first","13":"instock","14":"shipping-taxable","15":"product-type-simple"},"_links":{"self":[{"href":"https:\/\/bogonglaser.com\/de\/wp-json\/wp\/v2\/product\/2118","targetHints":{"allow":["GET"]}}],"collection":[{"href":"https:\/\/bogonglaser.com\/de\/wp-json\/wp\/v2\/product"}],"about":[{"href":"https:\/\/bogonglaser.com\/de\/wp-json\/wp\/v2\/types\/product"}],"wp:featuredmedia":[{"embeddable":true,"href":"https:\/\/bogonglaser.com\/de\/wp-json\/wp\/v2\/media\/1639"}],"wp:attachment":[{"href":"https:\/\/bogonglaser.com\/de\/wp-json\/wp\/v2\/media?parent=2118"}],"wp:term":[{"taxonomy":"product_brand","embeddable":true,"href":"https:\/\/bogonglaser.com\/de\/wp-json\/wp\/v2\/product_brand?post=2118"},{"taxonomy":"product_cat","embeddable":true,"href":"https:\/\/bogonglaser.com\/de\/wp-json\/wp\/v2\/product_cat?post=2118"},{"taxonomy":"product_tag","embeddable":true,"href":"https:\/\/bogonglaser.com\/de\/wp-json\/wp\/v2\/product_tag?post=2118"}],"curies":[{"name":"wp","href":"https:\/\/api.w.org\/{rel}","templated":true}]}}