{"id":2099,"date":"2024-12-04T09:34:52","date_gmt":"2024-12-04T01:34:52","guid":{"rendered":"https:\/\/bogonglaser.com\/?post_type=product&#038;p=2099"},"modified":"2025-12-10T16:19:29","modified_gmt":"2025-12-10T08:19:29","slug":"automatic-loading-laser-tube-cutting-machine","status":"publish","type":"product","link":"https:\/\/bogonglaser.com\/de\/automatic-loading-laser-tube-cutting-machine\/","title":{"rendered":"Automatisch beschickbare Laser-Rohrschneidemaschine"},"content":{"rendered":"<p>Automatische Rohr-Laserschneidmaschine<\/p>\n<p>The Automatic Tube Laser Cutting Machine features a unique upper feeding structure that optimizes space efficiency.<\/p>\n<p>1. Drei Futter werden gleichzeitig eingespannt, um eine Verformung der Rohre zu verhindern.<br \/>\n2. Das Rohr wird automatisch ausgerichtet, um ein Schwingen des Rohres zu verhindern.<br \/>\n3. Kann mit automatischer Be- und Entladung ausgestattet werden, spart Arbeit<br \/>\n4. Doppeltes Ziehen Funktion zu realisieren ultra-lange Rohrfitting Verarbeitung.<br \/>\n5. Mittlere schwimmende St\u00fctze und nachtr\u00e4gliche Ausblendungsst\u00fctze<br \/>\n6. Verhindern Sie, dass das Rohr durchh\u00e4ngt, und stellen Sie die Schnittgenauigkeit sicher.<br \/>\n7. Geschlossenes staubdichtes Design, verbessern die Struktur Leben<br \/>\n8. Er kann mit einem speziellen Laserschneidkopf ausgestattet werden, um sich an jede komplexe Rohrschneidbearbeitung anzupassen<br \/>\n9. Mittlere Kartenvermeidung, dritte Futterspannung, kann von Ende zu Ende umgewandelt werden, einfaches Nullschwanzmaterial.<\/p>\n<p><img decoding=\"async\" class=\"size-medium wp-image-7380\" src=\"https:\/\/bogonglaser.com\/wp-content\/uploads\/2024\/12\/Automatic-feeding-pipe-cutting-machine-300x300.jpg\" alt=\"Automatic feeding pipe cutting machine\" width=\"300\" height=\"300\" title=\"\" srcset=\"https:\/\/bogonglaser.com\/wp-content\/uploads\/2024\/12\/Automatic-feeding-pipe-cutting-machine-300x300.jpg 300w, https:\/\/bogonglaser.com\/wp-content\/uploads\/2024\/12\/Automatic-feeding-pipe-cutting-machine-100x100.jpg 100w, https:\/\/bogonglaser.com\/wp-content\/uploads\/2024\/12\/Automatic-feeding-pipe-cutting-machine-600x600.jpg 600w, https:\/\/bogonglaser.com\/wp-content\/uploads\/2024\/12\/Automatic-feeding-pipe-cutting-machine-150x150.jpg 150w, https:\/\/bogonglaser.com\/wp-content\/uploads\/2024\/12\/Automatic-feeding-pipe-cutting-machine-12x12.jpg 12w, https:\/\/bogonglaser.com\/wp-content\/uploads\/2024\/12\/Automatic-feeding-pipe-cutting-machine.jpg 750w\" sizes=\"(max-width: 300px) 100vw, 300px\" \/><\/p>\n<p>&nbsp;<\/p>\n<p><strong>Durchmesser des Rohrs:<\/strong><\/p>\n<p>Diese Maschine verarbeitet Rohre mit Durchmessern von \u03c6 10 bis \u03c6 180 bei automatischer Zuf\u00fchrung, beim manuellen Hochladen von Rohren betr\u00e4gt der maximale Durchmesser des Laserschneiders 240 mm.<\/p>\n<p>&nbsp;<\/p>\n<p>Vorteile:<\/p>\n<p>- Schnelle Schnittgeschwindigkeit und hohe Effizienz gew\u00e4hrleisten Produktivit\u00e4t.<br \/>\n- Sicherer Betrieb mit stabiler Leistung.<br \/>\n- Hochwertige Schnitte mit minimaler Verformung, die eine glatte und ansprechende Oberfl\u00e4che ergeben.<br \/>\n- Ausgestattet mit importierten Servomotoren und F\u00fchrungsschienen f\u00fcr verbesserte Schnittpr\u00e4zision.<br \/>\n- Die benutzerfreundliche Software erm\u00f6glicht die Verarbeitung verschiedener Grafiken und Texte in Echtzeit und bietet eine flexible und unkomplizierte Bedienung.<\/p>\n<p>&nbsp;<\/p>\n<p>Andere Rohr-Laserschneider:<\/p>\n<p>Bietet sowohl manuelle als auch automatische Betriebsmodi.<\/p>\n<div class=\"sub-header-divs\">\n<h3>Leistung<\/h3>\n<\/div>\n<ul>\n<li>Lasermedium - Festk\u00f6rper CW 1070nm Faserlaser<\/li>\n<li>Laserleistung - 1500W -6000W Faserquellenoptionen<\/li>\n<li>Macht - <strong>220V einphasig \/ 380V dreiphasig<\/strong><\/li>\n<li>Positioniergenauigkeit - \u2264\u00b10,03mm<\/li>\n<li>Wiederholgenauigkeit - \u2264\u00b10,02mm<\/li>\n<\/ul>\n<div class=\"sub-header-divs\">\n<h3>System<\/h3>\n<\/div>\n<ul>\n<li>Antriebssystem - Geschlossener Regelkreis Servo<\/li>\n<li>K\u00fchlmodus - Gek\u00fchltes Wasser<\/li>\n<\/ul>\n<p><iframe title=\"Professionelle Faserlaser-Maschine zum Schneiden von Metallrohren | Rohrlaser-Schneidemaschine\" width=\"1290\" height=\"726\" src=\"https:\/\/www.youtube.com\/embed\/P8_Y7zygTnw?feature=oembed\" frameborder=\"0\" allow=\"accelerometer; autoplay; clipboard-write; encrypted-media; gyroscope; picture-in-picture; web-share\" referrerpolicy=\"strict-origin-when-cross-origin\" allowfullscreen><\/iframe><\/p>\n<p>BOGONG ist ber\u00fchmt f\u00fcr die Qualit\u00e4t seiner Laserger\u00e4te und den Kundendienst. Unsere Maschinen sind vielseitig und benutzerfreundlich und wurden f\u00fcr alle Qualifikationsstufen entwickelt. Die Kundenzufriedenheit steht bei uns an erster Stelle. Egal, ob Sie ein erfahrener Experte oder ein Anf\u00e4nger sind, BOGONG LASER ist hier, um Sie bei jedem Schritt zu unterst\u00fctzen. Vertrauen Sie uns und unserem Service, bei dem Spitzenleistung und Innovation f\u00fcr Ihren Erfolg zusammenkommen.<\/p>","protected":false},"excerpt":{"rendered":"<p>Sie ist in der Lage, eine Vielzahl von Metallmaterialien zu verarbeiten, darunter Edelstahlrohre, Kohlenstoffstahlrohre und verzinkte Rohre. Diese Maschine wird h\u00e4ufig in Branchen wie der Metallverarbeitung, der Herstellung von K\u00fcchenger\u00e4ten, dekorativen Materialien, Schr\u00e4nken und mehr eingesetzt.<\/p>\n<ul class=\"tips\">\n<li>10 Sets \/ Monat Warten auf Verkauf Auf Lager<\/li>\n<li>2 Jahre beschr\u00e4nkte Garantie f\u00fcr die gesamte Maschine<\/li>\n<li>Online (PayPal) und Offline (T\/T, Debit- und Kreditkarten)<\/li>\n<li>Lebenslanger kostenloser technischer Support f\u00fcr Endverbraucher und H\u00e4ndler<\/li>\n<\/ul>","protected":false},"featured_media":2101,"template":"","meta":{"_gspb_post_css":""},"product_brand":[],"product_cat":[117,92,118],"product_tag":[122,105],"class_list":{"0":"post-2099","1":"product","2":"type-product","3":"status-publish","4":"has-post-thumbnail","6":"product_cat-fiber-laser-cutting-machine","7":"product_cat-laser-cutting-machine","8":"product_cat-laser-metal-cutting-machine","9":"product_tag-auto-tube-laser-cutting-machine","10":"product_tag-fiber-laser-cutting-machine","12":"first","13":"instock","14":"shipping-taxable","15":"product-type-simple"},"_links":{"self":[{"href":"https:\/\/bogonglaser.com\/de\/wp-json\/wp\/v2\/product\/2099","targetHints":{"allow":["GET"]}}],"collection":[{"href":"https:\/\/bogonglaser.com\/de\/wp-json\/wp\/v2\/product"}],"about":[{"href":"https:\/\/bogonglaser.com\/de\/wp-json\/wp\/v2\/types\/product"}],"wp:featuredmedia":[{"embeddable":true,"href":"https:\/\/bogonglaser.com\/de\/wp-json\/wp\/v2\/media\/2101"}],"wp:attachment":[{"href":"https:\/\/bogonglaser.com\/de\/wp-json\/wp\/v2\/media?parent=2099"}],"wp:term":[{"taxonomy":"product_brand","embeddable":true,"href":"https:\/\/bogonglaser.com\/de\/wp-json\/wp\/v2\/product_brand?post=2099"},{"taxonomy":"product_cat","embeddable":true,"href":"https:\/\/bogonglaser.com\/de\/wp-json\/wp\/v2\/product_cat?post=2099"},{"taxonomy":"product_tag","embeddable":true,"href":"https:\/\/bogonglaser.com\/de\/wp-json\/wp\/v2\/product_tag?post=2099"}],"curies":[{"name":"wp","href":"https:\/\/api.w.org\/{rel}","templated":true}]}}