{"id":2079,"date":"2024-11-03T15:07:59","date_gmt":"2024-11-03T07:07:59","guid":{"rendered":"https:\/\/bogonglaser.com\/?post_type=product&#038;p=2079"},"modified":"2025-12-10T16:28:51","modified_gmt":"2025-12-10T08:28:51","slug":"co2-laser-engraver-cutter","status":"publish","type":"product","link":"https:\/\/bogonglaser.com\/de\/co2-laser-engraver-cutter\/","title":{"rendered":"CO2-Lasergravur-Schneideger\u00e4t"},"content":{"rendered":"<p>Hochgeschwindigkeits-CO2-Lasersysteme sind ein erschwingliches, benutzerfreundliches und flexibles Werkzeug, das ein neues Unternehmen in Schwung bringen oder die Gewinne Ihres bestehenden Unternehmens steigern kann. Sie k\u00f6nnen sich unsere Lasergravier- und Schneidemaschinen wie einen Desktop-Tintendrucker vorstellen. Sie verwenden eine \u00e4hnliche Bewegungssteuerungstechnologie, um Ihre Bilder zum Leben zu erwecken. Anstatt Tintenpunkte auf Papier zu drucken, verwenden unsere Systeme einen CO2-Laserstrahl, um Ihre Designs in eine Vielzahl von Materialien zu gravieren, zu schneiden und zu \u00e4tzen.<\/p>\n<figure id=\"attachment_7387\" aria-describedby=\"caption-attachment-7387\" style=\"width: 300px\" class=\"wp-caption alignnone\"><img decoding=\"async\" class=\"size-medium wp-image-7387\" src=\"https:\/\/bogonglaser.com\/wp-content\/uploads\/2024\/11\/CO2-Laser-Engraver-Cutter-300x300.jpg\" alt=\"CO2-Lasergravur-Schneideger\u00e4t\" width=\"300\" height=\"300\" title=\"\" srcset=\"https:\/\/bogonglaser.com\/wp-content\/uploads\/2024\/11\/CO2-Laser-Engraver-Cutter-300x300.jpg 300w, https:\/\/bogonglaser.com\/wp-content\/uploads\/2024\/11\/CO2-Laser-Engraver-Cutter-100x100.jpg 100w, https:\/\/bogonglaser.com\/wp-content\/uploads\/2024\/11\/CO2-Laser-Engraver-Cutter-150x150.jpg 150w, https:\/\/bogonglaser.com\/wp-content\/uploads\/2024\/11\/CO2-Laser-Engraver-Cutter-12x12.jpg 12w, https:\/\/bogonglaser.com\/wp-content\/uploads\/2024\/11\/CO2-Laser-Engraver-Cutter.jpg 600w\" sizes=\"(max-width: 300px) 100vw, 300px\" \/><figcaption id=\"caption-attachment-7387\" class=\"wp-caption-text\">CO2-Lasergravur-Schneideger\u00e4t<\/figcaption><\/figure>\n<div class=\"sub-header-1-div\">\n<h3>WICHTIGSTE EIGENSCHAFTEN<\/h3>\n<\/div>\n<ul>\n<li>Laserleistung - 60 W 80 W 100 W 150 W 180 W<\/li>\n<li>Laserr\u00f6hre - CO2-Laserr\u00f6hre, 10,6 \u00b5m Wellenl\u00e4nge (CO2) <strong>Lebensdauer: bis zu\u00a0<\/strong>10.000 Stunden<\/li>\n<li>Arbeitsbereich - 400*300mm, 900*600mm, 1300*900mm, 1600*100mm, 1300 mm x 2500 mm, etc<\/li>\n<li>Software: RDWorks<\/li>\n<li>Arbeitsb\u00fchne - Messerklinge<\/li>\n<li>Stromversorgung - AC 110V (\u00b110%) 60Hz\/ AC 220V 50Hz<\/li>\n<li>\u00dcbertragung - Schrittmotor \/ Riemen LeadShine (verf\u00fcgbar Servomotor Upgrade).<\/li>\n<li>Anschluss - USB-Kabel \/ Ethernet-Kabel<\/li>\n<li>Zertifizierung - CE, ISO<\/li>\n<li>Klasse - Klasse 4 Laser<\/li>\n<\/ul>\n<h2>Was k\u00f6nnen wir f\u00fcr Sie tun?<\/h2>\n<ul>\n<li><span class=\"magic-19\"><b class=\"magic-19\"><span class=\"magic-18\">Kostenlose Testmuster -<\/span><\/b><span class=\"magic-20\" data-spm-anchor-id=\"a2700.details.0.i41.41d82402R4aegi\">Wir k\u00f6nnen kostenlose Markierungseffekttests entsprechend Ihrem Produktmaterial durchf\u00fchren.<\/span><\/span><\/li>\n<li><span class=\"magic-19\"><b class=\"magic-19\"><span class=\"magic-18\">Video Live-<\/span><\/b><span class=\"magic-20\">Sie k\u00f6nnen sich mit unseren Verkaufsberatern in Verbindung setzen, um den Produktionsprozess und den Betrieb der Maschine in einem Online-Video zu sehen.<\/span><\/span><\/li>\n<li><span class=\"magic-19\"><b class=\"magic-19\"><span class=\"magic-18\">Kundenspezifisch \/OEM-<\/span><\/b><span class=\"magic-20\" data-spm-anchor-id=\"a2700.details.0.i40.41d82402R4aegi\">Kundenspezifische Maschinen auf Anfrage, Kontaktieren Sie uns<\/span><\/span><\/li>\n<\/ul>\n<p><iframe title=\"WIE FUNKTIONIERT EIN CO2-LASER?  |Ruida-Software f\u00fcr CO2-Laser-Maschine bedienen\" width=\"1290\" height=\"726\" src=\"https:\/\/www.youtube.com\/embed\/90ApOcSD6OI?feature=oembed\" frameborder=\"0\" allow=\"accelerometer; autoplay; clipboard-write; encrypted-media; gyroscope; picture-in-picture; web-share\" referrerpolicy=\"strict-origin-when-cross-origin\" allowfullscreen><\/iframe><\/p>\n<h3>Welche Teile muss ich f\u00fcr die CO2-Lasergravur-Schneidemaschine ausw\u00e4hlen?<\/h3>\n<ul>\n<li>Drehvorrichtung: es gibt mehrere Drehvorrichtungen mit verschiedenen Modellen und Klemmdurchmessern, wie 50D 65D 80D<\/li>\n<\/ul>\n<p>Zahlungsbedingungen f\u00fcr die CO2-Lasergravur-Schneidemaschine<\/p>\n<p>1. Ablagerung und Balance: Eine 30% T\/T Anzahlung ist im Voraus erforderlich, mit dem Restbetrag vor dem Versand f\u00e4llig.<\/p>\n<p>2. Alibaba Trade Assurance: Zahlungen k\u00f6nnen \u00fcber Alibaba Trade Assurance abgewickelt werden.<\/p>\n<p>FAQs f\u00fcr die CO2-Lasergravur-Schneidemaschine<\/p>\n<p>Was ist die Verpackung f\u00fcr die <strong>CO2-Lasergravur-Schneidemaschine<\/strong>?<br \/>\nUnsere Maschinen werden in einem dreilagigen Aufbau verpackt. Die \u00e4u\u00dfere Schicht besteht aus einer Holzkiste, die mittlere Schicht ist mit Schaumstoff gepolstert, um sie vor Ersch\u00fctterungen zu sch\u00fctzen, und die innere Schicht besteht aus einer dicken Plastikt\u00fcte zur Abdichtung.<\/p>\n<p>Wird das Paket w\u00e4hrend des Transports besch\u00e4digt werden?<br \/>\nWir gestalten unsere Verpackungen sorgf\u00e4ltig, um alle potenziellen Schadensfaktoren zu ber\u00fccksichtigen, und unsere Spediteure sind erfahren im sicheren Transport. Wir haben erfolgreich in 180 L\u00e4nder exportiert. Sie k\u00f6nnen also sicher sein, dass Ihr Paket in einem ausgezeichneten Zustand ankommt.<\/p>","protected":false},"excerpt":{"rendered":"<h2>CO2 Laser Engraving Cutting Machine<\/h2>\n<p>Are you looking for a CO2 laser cutting machine that can effortlessly handle thicker materials? If so, the <a href=\"https:\/\/bogonglaser.com\/\">BOGONG laser<\/a> could be just what you need. Models like the 80W CO2 laser cutter not only boost your capabilities and efficiency as a small business owner but also make the experience of laser cutting and engraving enjoyable and accessible, even for beginners.<\/p>\n<ul class=\"tips\">\n<li>350 Sets \/ Month Waiting for Sale In Stock<\/li>\n<li>2 Years Limited Warranty for Entire Machine<\/li>\n<li>3-5 days prepare laser machine, 3-7days transport.<\/li>\n<li>Online (PayPal) &amp; Offline (T\/T, Debit &amp; Credit Cards)<\/li>\n<\/ul>\n<hr \/>\n<h4><strong>Get a Quote<\/strong><\/h4>\n<p>[contact-form-7 id=&#8221;029fbc1&#8243; title=&#8221;Products Form&#8221;]<\/p>\n","protected":false},"featured_media":2090,"template":"","meta":{"_gspb_post_css":""},"product_brand":[],"product_cat":[120,92],"product_tag":[121],"class_list":{"0":"post-2079","1":"product","2":"type-product","3":"status-publish","4":"has-post-thumbnail","6":"product_cat-co2-laser-cutter","7":"product_cat-laser-cutting-machine","8":"product_tag-co2-laser-cutting-machine","10":"first","11":"instock","12":"shipping-taxable","13":"product-type-simple"},"_links":{"self":[{"href":"https:\/\/bogonglaser.com\/de\/wp-json\/wp\/v2\/product\/2079","targetHints":{"allow":["GET"]}}],"collection":[{"href":"https:\/\/bogonglaser.com\/de\/wp-json\/wp\/v2\/product"}],"about":[{"href":"https:\/\/bogonglaser.com\/de\/wp-json\/wp\/v2\/types\/product"}],"wp:featuredmedia":[{"embeddable":true,"href":"https:\/\/bogonglaser.com\/de\/wp-json\/wp\/v2\/media\/2090"}],"wp:attachment":[{"href":"https:\/\/bogonglaser.com\/de\/wp-json\/wp\/v2\/media?parent=2079"}],"wp:term":[{"taxonomy":"product_brand","embeddable":true,"href":"https:\/\/bogonglaser.com\/de\/wp-json\/wp\/v2\/product_brand?post=2079"},{"taxonomy":"product_cat","embeddable":true,"href":"https:\/\/bogonglaser.com\/de\/wp-json\/wp\/v2\/product_cat?post=2079"},{"taxonomy":"product_tag","embeddable":true,"href":"https:\/\/bogonglaser.com\/de\/wp-json\/wp\/v2\/product_tag?post=2079"}],"curies":[{"name":"wp","href":"https:\/\/api.w.org\/{rel}","templated":true}]}}