{"id":2075,"date":"2024-12-02T15:16:04","date_gmt":"2024-12-02T07:16:04","guid":{"rendered":"https:\/\/bogonglaser.com\/?post_type=product&#038;p=2075"},"modified":"2025-12-10T16:33:52","modified_gmt":"2025-12-10T08:33:52","slug":"all-in-one-fiber-laser-metal-cutting-machine-tube-and-metal-sheet-laser-cutting-machine","status":"publish","type":"product","link":"https:\/\/bogonglaser.com\/de\/all-in-one-fiber-laser-metal-cutting-machine-tube-and-metal-sheet-laser-cutting-machine\/","title":{"rendered":"Laserplatte &amp; Rohr Combo Faserlaserschneidmaschine"},"content":{"rendered":"<p>Eine Laserschneidanlage f\u00fcr Bleche und Rohre ist vielseitig und kann nicht nur Bleche, sondern auch Rohre schneiden. Diese Faserlaserschneidanlage integriert sowohl Blech- als auch Rohrbearbeitungsfunktionen und erf\u00fcllt eine Vielzahl von Kundenanforderungen wie Fasenschneiden, Bohren und Schlitzen. Diese Kombination f\u00fchrt zu erheblichen Kosten- und Platzeinsparungen bei gleichzeitiger Steigerung der Produktionseffizienz.<\/p>\n<p>Egal, ob es sich um metallische oder nichtmetallische Werkstoffe handelt, Blech- und Rohrlaserschneidanlagen k\u00f6nnen verschiedene Formen und Gr\u00f6\u00dfen von Rohren und Blechen mit hoher Pr\u00e4zision schneiden. Sie erzeugen hochwertige Kanten, die in der Regel keine zus\u00e4tzliche Reinigung, Bearbeitung oder Nachbearbeitung erfordern, wodurch der Bedarf an sekund\u00e4ren Arbeitsschritten minimiert wird.<\/p>\n<p>Diese <a href=\"https:\/\/bogonglaser.com\/de\/fiber-laser-cutter\/\">CNC-Faserlaserschneidmaschinen<\/a> k\u00f6nnen die Lasereinstellungen leicht an verschiedene Materialtypen und -dicken von 1 bis 200 mm anpassen. Sie eignen sich f\u00fcr eine breite Palette von Metallmaterialien, darunter Edelstahl, Kohlenstoffstahl, Kupfer, Aluminium, Messing, Gold, Silber, Eisen, Titan, verzinkte Bleche und verschiedene Legierungen.<\/p>\n<div class=\"sub-header-divs\">\n<h3>Leistung<\/h3>\n<\/div>\n<ul>\n<li>Lasermedium - Festk\u00f6rper CW 1070nm Faserlaser<\/li>\n<li>Laserleistung - 1500W -10000W Faserquellenoptionen<\/li>\n<li>Macht - <strong>\u00a0380V 3 Phasen<\/strong><\/li>\n<li>Positioniergenauigkeit - \u2264\u00b10,03mm<\/li>\n<li>Wiederholgenauigkeit - \u2264\u00b10,02mm<\/li>\n<\/ul>\n<div class=\"sub-header-divs\">\n<h3>System<\/h3>\n<\/div>\n<ul>\n<li>Antriebssystem - Geschlossener Regelkreis Servo<\/li>\n<li>K\u00fchlmodus - Gek\u00fchltes Wasser<\/li>\n<\/ul>\n<p>Faserlaserschneider f\u00fcr Bleche und Rohre bieten zwei Funktionen in einer Maschine, die Platz- und Kosteneinsparungen erm\u00f6glichen und gleichzeitig flexibel und vielseitig sind. Fordern Sie jetzt ein Angebot an!<\/p>\n<p>BOGONG ist ber\u00fchmt f\u00fcr die Qualit\u00e4t seiner Laserger\u00e4te und den Kundendienst. Unsere Maschinen sind vielseitig und benutzerfreundlich und wurden f\u00fcr alle Qualifikationsstufen entwickelt. Die Zufriedenheit unserer Kunden steht bei uns an erster Stelle. Ob Sie ein erfahrener Experte oder ein Anf\u00e4nger sind, <a href=\"https:\/\/bogonglaser.com\/de\/\">BOGONG LASER<\/a> ist hier, um Sie bei jedem Schritt zu unterst\u00fctzen. Vertrauen Sie uns und unserem Service, bei dem Exzellenz und Innovation f\u00fcr Ihren Erfolg zusammenkommen.<\/p>","protected":false},"excerpt":{"rendered":"<p>The sheet and tube laser cutting machine is designed to cut a variety of common metal materials, including stainless steel, aluminum alloy, copper, titanium alloy, carbon steel, and various alloy steels. When working with sheet metal, the machine can handle sheet metal. For tube cutting, it can process tubes of various diameters and wall thicknesses, with common diameters ranging from 20 mm to 200 mm. The integrated functionality and high efficiency of this sheet and tube laser cutting machine make it an essential tool in today\u2019s metal processing industry.<\/p>\n<ul class=\"tips\">\n<li>20 Sets \/ Month Waiting for Sale In Stock<\/li>\n<li>2 Years Limited Warranty for Entire Machine<\/li>\n<li>Online (PayPal) &amp; Offline (T\/T, Debit &amp; Credit Cards)<\/li>\n<li>Lifetime Free Technical Support for End-Users &amp; Dealers<\/li>\n<\/ul>\n<hr \/>\n<h4><strong>Get a Quote<\/strong><\/h4>\n<p>[contact-form-7 id=&#8221;029fbc1&#8243; title=&#8221;Products Form&#8221;]<\/p>\n","protected":false},"featured_media":2077,"template":"","meta":{"_gspb_post_css":""},"product_brand":[],"product_cat":[117,92,118],"product_tag":[105,106],"class_list":{"0":"post-2075","1":"product","2":"type-product","3":"status-publish","4":"has-post-thumbnail","6":"product_cat-fiber-laser-cutting-machine","7":"product_cat-laser-cutting-machine","8":"product_cat-laser-metal-cutting-machine","9":"product_tag-fiber-laser-cutting-machine","10":"product_tag-laser-cutting-machine","12":"first","13":"instock","14":"shipping-taxable","15":"product-type-simple"},"_links":{"self":[{"href":"https:\/\/bogonglaser.com\/de\/wp-json\/wp\/v2\/product\/2075","targetHints":{"allow":["GET"]}}],"collection":[{"href":"https:\/\/bogonglaser.com\/de\/wp-json\/wp\/v2\/product"}],"about":[{"href":"https:\/\/bogonglaser.com\/de\/wp-json\/wp\/v2\/types\/product"}],"wp:featuredmedia":[{"embeddable":true,"href":"https:\/\/bogonglaser.com\/de\/wp-json\/wp\/v2\/media\/2077"}],"wp:attachment":[{"href":"https:\/\/bogonglaser.com\/de\/wp-json\/wp\/v2\/media?parent=2075"}],"wp:term":[{"taxonomy":"product_brand","embeddable":true,"href":"https:\/\/bogonglaser.com\/de\/wp-json\/wp\/v2\/product_brand?post=2075"},{"taxonomy":"product_cat","embeddable":true,"href":"https:\/\/bogonglaser.com\/de\/wp-json\/wp\/v2\/product_cat?post=2075"},{"taxonomy":"product_tag","embeddable":true,"href":"https:\/\/bogonglaser.com\/de\/wp-json\/wp\/v2\/product_tag?post=2075"}],"curies":[{"name":"wp","href":"https:\/\/api.w.org\/{rel}","templated":true}]}}