{"id":2005,"date":"2024-11-01T11:05:32","date_gmt":"2024-11-01T03:05:32","guid":{"rendered":"https:\/\/bogonglaser.com\/?post_type=product&#038;p=2005"},"modified":"2025-12-10T16:27:16","modified_gmt":"2025-12-10T08:27:16","slug":"bevel-fiber-laser-cutting-machine-groove-cutting-chamfering-by-fiber-laser-cutter","status":"publish","type":"product","link":"https:\/\/bogonglaser.com\/de\/bevel-fiber-laser-cutting-machine-groove-cutting-chamfering-by-fiber-laser-cutter\/","title":{"rendered":"Bevel Fiber Laser Cutting Machine | Rillenschneiden, Anfasen durch Faserlaserschneider"},"content":{"rendered":"<h1>Laserschneidmaschine mit Fase<\/h1>\n<p>Das Fasenschneiden erfordert ein genaues Verst\u00e4ndnis sowohl der Lasermaschine als auch der beteiligten Schneidprozesse. Um die geforderte Pr\u00e4zisionsqualit\u00e4t zu erreichen, m\u00fcssen Ecken, Anschnitte und Ausl\u00e4ufe in einer bestimmten Reihenfolge ausgef\u00fchrt werden. Die Programmierung der geschnittenen Teile spielt ebenfalls eine entscheidende Rolle bei der Aufrechterhaltung der Genauigkeit und erfordert spezielle Hilfsfunktionen zur Konfiguration der Software f\u00fcr das Pr\u00e4zisionsfasenschneiden.<\/p>\n<p>BOGONG Cutting Systems bietet eine Reihe von Fasenschneidanlagen an, die auf verschiedene Schneidanwendungen zugeschnitten sind. Die automatischen Systeme werden vollst\u00e4ndig gesteuert und erfordern keine manuellen Einstellungen, was eine gleichbleibende Leistung gew\u00e4hrleistet.<\/p>\n<div class=\"sub-header-divs\">\n<h3>Leistung<\/h3>\n<\/div>\n<ul>\n<li>Lasermedium - Festk\u00f6rper CW 1070nm Faserlaser<\/li>\n<li>Laserleistung - 6000W -40000W Faserquellenoptionen<\/li>\n<li>Macht - <strong>\u00a0380V 3 Phasen<\/strong><\/li>\n<li>Positioniergenauigkeit - \u2264\u00b10,03mm<\/li>\n<li>Wiederholgenauigkeit - \u2264\u00b10,02mm<\/li>\n<\/ul>\n<div class=\"sub-header-divs\">\n<h3>System<\/h3>\n<\/div>\n<ul>\n<li>Antriebssystem - Geschlossener Regelkreis Servo<\/li>\n<li>K\u00fchlmodus - Gek\u00fchltes Wasser<\/li>\n<\/ul>\n<p>Unsere Fasenlaserschneidmaschine f\u00fcr Metallplatten l\u00f6st sich vom traditionellen geraden 0\u00b0-Schnitt und erm\u00f6glicht pr\u00e4zise Fasenschnitte bis zu 45\u00b0 auf flachen Oberfl\u00e4chen. Diese Maschine bearbeitet effizient verschiedene Fasenformen, einschlie\u00dflich V-, X- und Y-Formen, und schlie\u00dft den Schneid- und Fr\u00e4sprozess in einem einzigen Arbeitsgang ab. Als Ergebnis erhalten Sie Teile mit au\u00dfergew\u00f6hnlicher Ma\u00dfgenauigkeit und Oberfl\u00e4chenqualit\u00e4t, was die Effizienz erheblich steigert, eine hohe Qualit\u00e4t gew\u00e4hrleistet und Ressourcen schont.<\/p>\n<p><iframe title=\"Fasenschneiden mit der Faserlaserschneidmaschine | Rillenschneiden, Anfasen mit dem Faserlaserschneider\" width=\"1290\" height=\"726\" src=\"https:\/\/www.youtube.com\/embed\/2ejtVyjr7UY?feature=oembed\" frameborder=\"0\" allow=\"accelerometer; autoplay; clipboard-write; encrypted-media; gyroscope; picture-in-picture; web-share\" referrerpolicy=\"strict-origin-when-cross-origin\" allowfullscreen><\/iframe><\/p>\n<p>Wenn Sie weitere Informationen w\u00fcnschen oder sich \u00fcber den Preis unserer Fasenlaserschneidmaschine erkundigen m\u00f6chten, k\u00f6nnen Sie sich gerne per E-Mail an uns wenden!Erzielen Sie perfekte Fasen in einem einzigen Durchgang mit unserer fortschrittlichen Schneidtechnologie! Unsere Maschine ist in der Lage, \u00b145\u00b0-Fasen zu schneiden, was eine au\u00dfergew\u00f6hnliche Passform beim Schwei\u00dfen erm\u00f6glicht. Die erzeugten Abschnitte sind ideal f\u00fcr das spaltfreie Schwei\u00dfen und machen zus\u00e4tzliches Schneiden oder Schleifen \u00fcberfl\u00fcssig. Dies f\u00fchrt zu einer bemerkenswerten Effizienzsteigerung von 75% im Vergleich zu herk\u00f6mmlichen Metallschneidern.<\/p>\n<p>Unser leistungsstarker Fasenschneidkopf verf\u00fcgt \u00fcber ein ausgekl\u00fcgeltes dreidimensionales F\u00fcnf-Achsen-Steuerungssystem, das eine pr\u00e4zise Winkelsteuerung erm\u00f6glicht und jedes Mal hochwertige Fasenschnitte liefert.<\/p>\n<p>Sie werden auch die Vorteile der Schr\u00e4gperforation zu sch\u00e4tzen wissen, die zu einer pr\u00e4zisen Positionierung nach der Perforation f\u00fchrt und die Effizienz des Schneidens insgesamt erh\u00f6ht.<\/p>\n<p>BOGONG ist ber\u00fchmt f\u00fcr die Qualit\u00e4t seiner Laserger\u00e4te und den Kundendienst. Unsere Maschinen sind vielseitig und benutzerfreundlich und wurden f\u00fcr alle Qualifikationsstufen entwickelt. Die Kundenzufriedenheit steht bei uns an erster Stelle. Egal, ob Sie ein erfahrener Experte oder ein Anf\u00e4nger sind, BOGONG LASER ist hier, um Sie bei jedem Schritt zu unterst\u00fctzen. Vertrauen Sie uns und unserem Service, bei dem Spitzenleistung und Innovation f\u00fcr Ihren Erfolg zusammenkommen.<\/p>","protected":false},"excerpt":{"rendered":"<p>Die Fasenlaserschneidmaschine vereinfacht den Prozess des Fasenschneidens von Metall und erzeugt perfekte Fasen in nur einem Durchgang. Mit seinem fortschrittlichen dreidimensionalen F\u00fcnf-Achsen-Kontrollsystem verwaltet der Hochleistungsschneidkopf von BOGONG Laser pr\u00e4zise die Fasenschneidewinkel und gew\u00e4hrleistet jedes Mal qualitativ hochwertige Schnitte. Die fertigen Werkst\u00fccke eignen sich daher besser zum nahtlosen Schwei\u00dfen als bei herk\u00f6mmlichen Verfahren.<\/p>\n<ul class=\"tips\">\n<li>20 Sets \/ Monat zum Verkauf bereit Auf Lager<\/li>\n<li>2 Jahre beschr\u00e4nkte Garantie f\u00fcr die gesamte Maschine<\/li>\n<li>Online (PayPal) und Offline (T\/T, Debit- und Kreditkarten)<\/li>\n<li>Lebenslanger kostenloser technischer Support f\u00fcr Endverbraucher und H\u00e4ndler<\/li>\n<\/ul>","protected":false},"featured_media":2007,"template":"","meta":{"_gspb_post_css":""},"product_brand":[],"product_cat":[117,92,118],"product_tag":[105,106],"class_list":{"0":"post-2005","1":"product","2":"type-product","3":"status-publish","4":"has-post-thumbnail","6":"product_cat-fiber-laser-cutting-machine","7":"product_cat-laser-cutting-machine","8":"product_cat-laser-metal-cutting-machine","9":"product_tag-fiber-laser-cutting-machine","10":"product_tag-laser-cutting-machine","12":"first","13":"instock","14":"shipping-taxable","15":"product-type-simple"},"_links":{"self":[{"href":"https:\/\/bogonglaser.com\/de\/wp-json\/wp\/v2\/product\/2005","targetHints":{"allow":["GET"]}}],"collection":[{"href":"https:\/\/bogonglaser.com\/de\/wp-json\/wp\/v2\/product"}],"about":[{"href":"https:\/\/bogonglaser.com\/de\/wp-json\/wp\/v2\/types\/product"}],"wp:featuredmedia":[{"embeddable":true,"href":"https:\/\/bogonglaser.com\/de\/wp-json\/wp\/v2\/media\/2007"}],"wp:attachment":[{"href":"https:\/\/bogonglaser.com\/de\/wp-json\/wp\/v2\/media?parent=2005"}],"wp:term":[{"taxonomy":"product_brand","embeddable":true,"href":"https:\/\/bogonglaser.com\/de\/wp-json\/wp\/v2\/product_brand?post=2005"},{"taxonomy":"product_cat","embeddable":true,"href":"https:\/\/bogonglaser.com\/de\/wp-json\/wp\/v2\/product_cat?post=2005"},{"taxonomy":"product_tag","embeddable":true,"href":"https:\/\/bogonglaser.com\/de\/wp-json\/wp\/v2\/product_tag?post=2005"}],"curies":[{"name":"wp","href":"https:\/\/api.w.org\/{rel}","templated":true}]}}