{"id":2000,"date":"2024-11-26T10:39:24","date_gmt":"2024-11-26T02:39:24","guid":{"rendered":"https:\/\/bogonglaser.com\/?post_type=product&#038;p=2000"},"modified":"2025-12-10T16:07:48","modified_gmt":"2025-12-10T08:07:48","slug":"6000w-40kw-high-power-fiber-laser-metal-cutting-machine-for-sale","status":"publish","type":"product","link":"https:\/\/bogonglaser.com\/de\/6000w-40kw-high-power-fiber-laser-metal-cutting-machine-for-sale\/","title":{"rendered":"6000W-40KW Hochleistungs-Faserlaser-Metallschneidemaschine zu verkaufen"},"content":{"rendered":"<p>The BOGONG fiber laser metal cutting machine offers impressive features, including faster cutting speeds and a powerful 6000W laser (with options ranging from 2000W to 40000W). This machine provides exceptional cutting quality that sets it apart from other tools.<\/p>\n<p>Sie ist mit einem hochmodernen IPG-Lasergenerator und einer benutzerfreundlichen CNC-Schneidesoftware ausgestattet und daher einfach zu bedienen. Die robuste Schwei\u00dfkonstruktion aus w\u00e4rmebehandelten Materialien, die auf gro\u00dfen CNC-Fr\u00e4smaschinen gefertigt wurde, gew\u00e4hrleistet Langlebigkeit. Au\u00dferdem sorgt das vollst\u00e4ndig geschlossene, feuer- und staubgesch\u00fctzte Sicherheitsgeh\u00e4use f\u00fcr eine sichere Arbeitsumgebung.<\/p>\n<p><img decoding=\"async\" class=\"size-medium wp-image-7375\" src=\"https:\/\/bogonglaser.com\/wp-content\/uploads\/2024\/11\/fiber-laser-cutting-machine-sealed-2-300x300.jpg\" alt=\"Faserlaserschneidmaschine versiegelt\" width=\"300\" height=\"300\" title=\"\" srcset=\"https:\/\/bogonglaser.com\/wp-content\/uploads\/2024\/11\/fiber-laser-cutting-machine-sealed-2-300x300.jpg 300w, https:\/\/bogonglaser.com\/wp-content\/uploads\/2024\/11\/fiber-laser-cutting-machine-sealed-2-100x100.jpg 100w, https:\/\/bogonglaser.com\/wp-content\/uploads\/2024\/11\/fiber-laser-cutting-machine-sealed-2-150x150.jpg 150w, https:\/\/bogonglaser.com\/wp-content\/uploads\/2024\/11\/fiber-laser-cutting-machine-sealed-2-12x12.jpg 12w, https:\/\/bogonglaser.com\/wp-content\/uploads\/2024\/11\/fiber-laser-cutting-machine-sealed-2.jpg 600w\" sizes=\"(max-width: 300px) 100vw, 300px\" \/><\/p>\n<div class=\"sub-header-divs\">\n<h3>Leistung<\/h3>\n<\/div>\n<ul>\n<li>Lasermedium - Festk\u00f6rper CW 1070nm Faserlaser<\/li>\n<li>Laserleistung - 6000W -40000W Faserquellenoptionen<\/li>\n<li>Macht - <strong>\u00a0380V 3 Phasen<\/strong><\/li>\n<li>Positioniergenauigkeit - \u2264\u00b10,03mm<\/li>\n<li>Wiederholgenauigkeit - \u2264\u00b10,02mm<\/li>\n<\/ul>\n<div class=\"sub-header-divs\">\n<h3>System<\/h3>\n<\/div>\n<ul>\n<li>Antriebssystem - Geschlossener Regelkreis Servo<\/li>\n<li>K\u00fchlmodus - Gek\u00fchltes Wasser<\/li>\n<\/ul>\n<p>Der 6000-W-Faserlaserschneider ist eine professionelle Hochleistungsmaschine, die f\u00fcr das Laserschneiden von Metall entwickelt wurde. Er verf\u00fcgt \u00fcber eine automatische CNC-Steuerung, die das Schneiden einer Vielzahl von Metallen erleichtert: Kohlenstoffstahl bis zu einer Dicke von 25 mm, Edelstahl bis zu 18 mm, Aluminium bis zu 16 mm sowie Kupfer und Messing bis zu 10 mm. Mit einer maximalen Schnittgeschwindigkeit von \u00fcber 60 Metern pro Minute bietet diese Maschine ausreichend Leistung, um die meisten Metallschneideaufgaben mit Leichtigkeit zu bew\u00e4ltigen.<\/p>\n<p><iframe title=\"12KW Faserlaserschneidmaschine zu verkaufen\" width=\"1290\" height=\"726\" src=\"https:\/\/www.youtube.com\/embed\/xYmsQJZBIpU?feature=oembed\" frameborder=\"0\" allow=\"accelerometer; autoplay; clipboard-write; encrypted-media; gyroscope; picture-in-picture; web-share\" referrerpolicy=\"strict-origin-when-cross-origin\" allowfullscreen><\/iframe><\/p>\n<h4>Faserlaserschneidmaschine Anwendbare Branchen<\/h4>\n<p>Mechanische und elektrische Ausr\u00fcstungen, Blechverarbeitung, Schr\u00e4nke, Edelstahlprodukte, Beleuchtungsk\u00f6rper, Autoteile, Glas, Eisenwarenwerkzeuge, Werbeschilder, Dekorationsartikel und andere Branchen.<\/p>\n<p>BOGONG ist ber\u00fchmt f\u00fcr die Qualit\u00e4t seiner Laserger\u00e4te und den Kundendienst. Unsere Maschinen sind vielseitig und benutzerfreundlich und wurden f\u00fcr alle Qualifikationsstufen entwickelt. Die Kundenzufriedenheit steht bei uns an erster Stelle. Egal, ob Sie ein erfahrener Experte oder ein Anf\u00e4nger sind, BOGONG LASER ist hier, um Sie bei jedem Schritt zu unterst\u00fctzen. Vertrauen Sie uns und unserem Service, bei dem Spitzenleistung und Innovation f\u00fcr Ihren Erfolg zusammenkommen.<\/p>\n<p><img decoding=\"async\" class=\"size-medium wp-image-7376\" src=\"https:\/\/bogonglaser.com\/wp-content\/uploads\/2024\/11\/fiber-laser-cutting-machine-sealed-1-1-300x225.jpg\" alt=\"Faserlaserschneidmaschine versiegelt\" width=\"300\" height=\"225\" title=\"\" srcset=\"https:\/\/bogonglaser.com\/wp-content\/uploads\/2024\/11\/fiber-laser-cutting-machine-sealed-1-1-300x225.jpg 300w, https:\/\/bogonglaser.com\/wp-content\/uploads\/2024\/11\/fiber-laser-cutting-machine-sealed-1-1-600x450.jpg 600w, https:\/\/bogonglaser.com\/wp-content\/uploads\/2024\/11\/fiber-laser-cutting-machine-sealed-1-1-768x576.jpg 768w, https:\/\/bogonglaser.com\/wp-content\/uploads\/2024\/11\/fiber-laser-cutting-machine-sealed-1-1-16x12.jpg 16w, https:\/\/bogonglaser.com\/wp-content\/uploads\/2024\/11\/fiber-laser-cutting-machine-sealed-1-1.jpg 800w\" sizes=\"(max-width: 300px) 100vw, 300px\" \/><\/p>","protected":false},"excerpt":{"rendered":"<p>The 6000W-40KW fiber laser cutting machine is a powerful CNC fiber laser cutter designed for full-size metal cutting, featuring an exchange pallet for automated metalworking. It offers impressive speed and precision, with power options ranging from 2000W to 40000W, making it an excellent choice for commercial applications in industrial metal fabrication.<\/p>\n<ul class=\"tips\">\n<li>20 Sets \/ Month Waiting for Sale In Stock<\/li>\n<li>2 Years Limited Warranty for Entire Machine<\/li>\n<li>Online (PayPal) &amp; Offline (T\/T, Debit &amp; Credit Cards)<\/li>\n<li>Lifetime Free Technical Support for End-Users &amp; Dealers<\/li>\n<\/ul>\n<hr \/>\n<h4><strong>Get a Quote<\/strong><\/h4>\n<p>[contact-form-7 id=&#8221;029fbc1&#8243; title=&#8221;Products Form&#8221;]<\/p>\n","protected":false},"featured_media":2001,"template":"","meta":{"_gspb_post_css":""},"product_brand":[],"product_cat":[117,92,118],"product_tag":[105,106],"class_list":{"0":"post-2000","1":"product","2":"type-product","3":"status-publish","4":"has-post-thumbnail","6":"product_cat-fiber-laser-cutting-machine","7":"product_cat-laser-cutting-machine","8":"product_cat-laser-metal-cutting-machine","9":"product_tag-fiber-laser-cutting-machine","10":"product_tag-laser-cutting-machine","12":"first","13":"instock","14":"shipping-taxable","15":"product-type-simple"},"_links":{"self":[{"href":"https:\/\/bogonglaser.com\/de\/wp-json\/wp\/v2\/product\/2000","targetHints":{"allow":["GET"]}}],"collection":[{"href":"https:\/\/bogonglaser.com\/de\/wp-json\/wp\/v2\/product"}],"about":[{"href":"https:\/\/bogonglaser.com\/de\/wp-json\/wp\/v2\/types\/product"}],"wp:featuredmedia":[{"embeddable":true,"href":"https:\/\/bogonglaser.com\/de\/wp-json\/wp\/v2\/media\/2001"}],"wp:attachment":[{"href":"https:\/\/bogonglaser.com\/de\/wp-json\/wp\/v2\/media?parent=2000"}],"wp:term":[{"taxonomy":"product_brand","embeddable":true,"href":"https:\/\/bogonglaser.com\/de\/wp-json\/wp\/v2\/product_brand?post=2000"},{"taxonomy":"product_cat","embeddable":true,"href":"https:\/\/bogonglaser.com\/de\/wp-json\/wp\/v2\/product_cat?post=2000"},{"taxonomy":"product_tag","embeddable":true,"href":"https:\/\/bogonglaser.com\/de\/wp-json\/wp\/v2\/product_tag?post=2000"}],"curies":[{"name":"wp","href":"https:\/\/api.w.org\/{rel}","templated":true}]}}