{"id":1990,"date":"2024-11-26T09:46:36","date_gmt":"2024-11-26T01:46:36","guid":{"rendered":"https:\/\/bogonglaser.com\/?post_type=product&#038;p=1990"},"modified":"2025-12-10T15:39:04","modified_gmt":"2025-12-10T07:39:04","slug":"5050-small-fiber-laser-cutting-machine","status":"publish","type":"product","link":"https:\/\/bogonglaser.com\/de\/5050-small-fiber-laser-cutting-machine\/","title":{"rendered":"5050 Kleine Faserlaserschneidemaschine"},"content":{"rendered":"<p>The BOGONG 5050 Fiber Laser Cutting Machine is an innovative choice for cutting metal, making it easy and quick to create unique, personalized pieces. With a cutting area of 500 x 500 mm and an open design, it produces clean and smooth cuts, which enhances its efficiency for crafting. However, crafting beautiful metal jewelry also demands precision and a bit of artistry, and that\u2019s where the BOGONG small laser jewelry cutter excels. It delivers impressive detail and results that often go above and beyond what you might expect. This machine is also versatile, capable of cutting not just gold and silver but materials like copper and stainless steel as well.<\/p>\n<p>Die BOGONG 5050 von BOGONG LASER hat alles, was Sie brauchen, wenn Sie einzigartigen Metallschmuck herstellen wollen. Sein kompaktes Design ist platzsparend, und er ist mit einer automatischen CNC-Steuerung und einer benutzerfreundlichen Software ausgestattet, die ihn f\u00fcr jeden zug\u00e4nglich macht - vom Anf\u00e4nger bis zum erfahrenen Profi. Sie ist eine fantastische Option sowohl f\u00fcr Hobbyisten als auch f\u00fcr Kleinunternehmer.<\/p>\n<p><img decoding=\"async\" class=\"size-medium wp-image-7371\" src=\"https:\/\/bogonglaser.com\/wp-content\/uploads\/2024\/11\/5050-fiber-laser-cutter-1-300x200.jpg\" alt=\"5050 Faserlaserschneider\" width=\"300\" height=\"200\" title=\"\" srcset=\"https:\/\/bogonglaser.com\/wp-content\/uploads\/2024\/11\/5050-fiber-laser-cutter-1-300x200.jpg 300w, https:\/\/bogonglaser.com\/wp-content\/uploads\/2024\/11\/5050-fiber-laser-cutter-1-18x12.jpg 18w, https:\/\/bogonglaser.com\/wp-content\/uploads\/2024\/11\/5050-fiber-laser-cutter-1.jpg 600w\" sizes=\"(max-width: 300px) 100vw, 300px\" \/><\/p>\n<div class=\"sub-header-divs\">\n<h3>Leistung<\/h3>\n<\/div>\n<ul>\n<li>Lasermedium - Festk\u00f6rper CW 1070nm Faserlaser<\/li>\n<li>Laserleistung - 1000W bis 3000W Faserquellenoptionen<\/li>\n<li>Strom - 220v\u00a0<strong>einphasig\/ 380V 3 Phasen<\/strong><\/li>\n<li>Positioniergenauigkeit - \u2264\u00b10,03mm<\/li>\n<li>Wiederholgenauigkeit - \u2264\u00b10,02mm<\/li>\n<\/ul>\n<div class=\"sub-header-divs\">\n<h3>System<\/h3>\n<\/div>\n<ul>\n<li>Antriebssystem - Geschlossener Regelkreis Servo<\/li>\n<li>K\u00fchlmodus - Gek\u00fchltes Wasser<\/li>\n<\/ul>\n<p>Das Laserschneiden von Metallschmuck in einer Vielzahl von Formen ist eine unkomplizierte und effiziente Methode zur Herstellung individueller St\u00fccke. Es erm\u00f6glicht schnelle, saubere und glatte Schnitte. Allerdings erfordert die Herstellung von sch\u00f6nem Metallschmuck Pr\u00e4zision und Fingerspitzengef\u00fchl. Hier kommt der kleine Laserschneider BOGONG 3030 ins Spiel. Er liefert unglaubliche Details und Ergebnisse, die alle Erwartungen \u00fcbertreffen. Au\u00dferdem kann er nicht nur Gold und Silber schneiden, sondern auch Materialien wie Kupfer und Edelstahl.<\/p>\n<p>Wenn Sie einzigartigen Metallschmuck herstellen m\u00f6chten, brauchen Sie nur den 3030 Faserlaserschneider von BOGONG LASER. Er ist kompakt, spart wertvollen Arbeitsraum und ist mit einer automatischen CNC-Steuerung und einer intuitiven Software ausgestattet, die leicht zu bedienen ist, egal ob Sie Anf\u00e4nger oder Profi sind. Es ist die perfekte L\u00f6sung f\u00fcr Heimwerker und Kleinunternehmer gleicherma\u00dfen.<\/p>\n<p>Was ist Metallschmuck?<br \/>\nMetallschmuck umfasst eine breite Palette von Gegenst\u00e4nden wie Ringe, Ohrringe, Halsketten, Armb\u00e4nder, Broschen, Anh\u00e4nger und Manschettenkn\u00f6pfe, die in der Regel aus Materialien wie Gold, Silber, Kupfer und farbigem Edelstahl sowie anderen Edelmetallen hergestellt werden.<\/p>\n<p>Der Gro\u00dfteil dieses Schmucks besteht aus kleinen St\u00fccken, was ein hohes Ma\u00df an Pr\u00e4zision beim Schneiden und minimalen Verschnitt erfordert. Traditionelle mechanische Schneideverfahren werden den modernen Anforderungen der Schmuckherstellung einfach nicht gerecht. Das Laserschneiden ist die beste L\u00f6sung, denn es bietet Geschwindigkeit, Genauigkeit, hohe Qualit\u00e4t und umweltfreundliche, zerst\u00f6rungsfreie Verfahren. Da die verschiedenen Metalle unterschiedlich weich, hart und reflektierend sind, eignen sich Faserlaser besonders gut f\u00fcr pr\u00e4zise Schnitte in Metallschmuck.<\/p>\n<p><iframe title=\"600*500mm Faser-Laser-Schneider | China kleine Faser-Laser-Schneidemaschine f\u00fcr Metall | 1000W 1500W 2000W\" width=\"1290\" height=\"726\" src=\"https:\/\/www.youtube.com\/embed\/x7g958Qjxkw?feature=oembed\" frameborder=\"0\" allow=\"accelerometer; autoplay; clipboard-write; encrypted-media; gyroscope; picture-in-picture; web-share\" referrerpolicy=\"strict-origin-when-cross-origin\" allowfullscreen><\/iframe><\/p>\n<h4>Anwendung: Schneiden von rostfreiem Stahl, Kohlenstoffstahl, legiertem Stahl, Siliziumstahl, verzinktem Stahl, Nickel-Titan-Legierung, Inconel, Titanlegierung und mehr.<\/h4>\n<p>Wie funktioniert es?<br \/>\nLaser-Metallschmuckschneider verwenden fortschrittliche Lasertechnologie, und die Art und Weise, wie Materialien mit dem Laser interagieren, ist der Schl\u00fcssel zum Prozess. Hier ist eine einfache Schritt-f\u00fcr-Schritt-Anleitung, wie es funktioniert:<\/p>\n<p>1. Entwurfseingabe: Zun\u00e4chst erstellen Sie Ihren Entwurf mit einer CAD-Software. Dieser Entwurf wird dann mit einer CAM-Software in ein maschinenlesbares Format umgewandelt.<\/p>\n<p>2. Laser-Erzeugung: Das Schneideger\u00e4t verwendet entweder einen CO2- oder einen Faserlaser, um einen konzentrierten Strahl aus Hochtemperaturlicht zu erzeugen.<\/p>\n<p>3. Strahlfokussierung: Das optische System lenkt den leistungsstarken Laserstrahl auf einen bestimmten Punkt der Metalloberfl\u00e4che, um sie zu schneiden oder zu gravieren.<\/p>\n<p>4. Materialinteraktion: Die Hitze des Lasers wirkt sich auf verschiedene Metalle unterschiedlich aus, so dass sich die Einstellungen je nach Material \u00e4ndern k\u00f6nnen.<\/p>\n<p>5. Kontrollierte Bewegung: Der Laser folgt dem von Ihnen erstellten Entwurfsmuster und bewegt sich genau so, wie es die Software vorgibt.<\/p>\n<p>6. Die K\u00fchlung: Ein wirksames K\u00fchlsystem ist entscheidend daf\u00fcr, dass das Endprodukt seine urspr\u00fcngliche Form und Qualit\u00e4t beh\u00e4lt.<\/p>\n<p>7. Beseitigung von R\u00fcckst\u00e4nden: Nach dem Schneiden werden die Materialreste ges\u00e4ubert, damit das St\u00fcck eine polierte Oberfl\u00e4che erh\u00e4lt.<\/p>\n<p>Warum einen Pr\u00e4zisions-Laserschneider f\u00fcr das Schneiden von Silber-, Gold- und Kupferschmuck w\u00e4hlen? - Profis &amp; Vorteile<br \/>\n\u2714 Kompaktes und sicheres Design: Der Cutter verf\u00fcgt \u00fcber ein CE-konformes Antistrahlenglas, das den Betrieb sicherer macht.<\/p>\n<p>\u2714 Hochpr\u00e4zises Schneiden: Es verwendet ein importiertes japanisches AC-Servoantriebssystem f\u00fcr schnelle und pr\u00e4zise Schnitte.<\/p>\n<p>\u2714 Pr\u00e4zise Bewegung: Die Y-Achse ist mit einer hochpr\u00e4zisen Kugelumlaufspindel ausgestattet, die auch bei hohen Geschwindigkeiten gerade Schnitte gew\u00e4hrleistet.<\/p>\n<p>\u2714 Langlebige Bauweise: Die Maschine ist langlebig und widerstandsf\u00e4hig gegen Verformung.<\/p>\n<p>\u2714 Effiziente Positionierung: Pneumatische Klemmen halten d\u00fcnnere Materialien sicher fest, w\u00e4hrend ein beweglicher Messertisch dickere Werkst\u00fccke aufnimmt und Genauigkeit gew\u00e4hrleistet.<\/p>\n<p>\u2714 Sch\u00fctzende Abschirmung: Die vollst\u00e4ndig geschlossene Konstruktion verhindert, dass beim Schneiden Metallsp\u00e4ne austreten.<\/p>\n<p>\u2714 Einfaches Auffangen der Reste: Eine Auffangwanne unter dem Schneidetisch erleichtert das Aufsammeln und schnelle Entsorgen von Materialresten.<\/p>\n<p>BOGONG ist ber\u00fchmt f\u00fcr die Qualit\u00e4t seiner Laserger\u00e4te und den Kundendienst. Unsere Maschinen sind vielseitig und benutzerfreundlich und wurden f\u00fcr alle Qualifikationsstufen entwickelt. Die Kundenzufriedenheit steht bei uns an erster Stelle. Egal, ob Sie ein erfahrener Experte oder ein Anf\u00e4nger sind, BOGONG LASER ist hier, um Sie bei jedem Schritt zu unterst\u00fctzen. Vertrauen Sie uns und unserem Service, bei dem Spitzenleistung und Innovation f\u00fcr Ihren Erfolg zusammenkommen.<\/p>\n<p><iframe title=\"600*600mm Faser-Laser-Schneider\" width=\"1290\" height=\"726\" src=\"https:\/\/www.youtube.com\/embed\/-8xJK_v2xVU?feature=oembed\" frameborder=\"0\" allow=\"accelerometer; autoplay; clipboard-write; encrypted-media; gyroscope; picture-in-picture; web-share\" referrerpolicy=\"strict-origin-when-cross-origin\" allowfullscreen><\/iframe><\/p>","protected":false},"excerpt":{"rendered":"<h3>5050 Faserlaser-Schneidemaschine<\/h3>\n<p>Die BOGONG 5050 Faserlaserschneidmaschine ist eine intelligente L\u00f6sung f\u00fcr das Schneiden von Metall und bietet eine fantastische M\u00f6glichkeit, schnell und einfach einzigartige, personalisierte St\u00fccke zu erstellen. Mit einer Schneidefl\u00e4che von 500 x 500 mm und einem offenen Design liefert sie saubere und glatte Schnitte und ist damit ein hocheffizientes Werkzeug f\u00fcr das Handwerk. Die Herstellung von atemberaubendem Metallschmuck erfordert jedoch sowohl Pr\u00e4zision als auch k\u00fcnstlerisches Gesp\u00fcr. Hier gl\u00e4nzt der kleine Laserschmuckschneider von BOGONG. Dieses Ger\u00e4t liefert bemerkenswerte Details und Ergebnisse, die h\u00e4ufig die Erwartungen \u00fcbertreffen. Au\u00dferdem ist er vielseitig und kann nicht nur Gold und Silber, sondern auch Materialien wie Kupfer und Edelstahl schneiden.<\/p>\n<p>Die BOGONG 5050 von BOGONG LASER hat alles, was Sie brauchen, wenn Sie einzigartigen Metallschmuck herstellen wollen. Sein kompaktes Design spart Platz, und er verf\u00fcgt \u00fcber eine automatische CNC-Steuerung und eine benutzerfreundliche Software, so dass er f\u00fcr jeden geeignet ist - vom Anf\u00e4nger bis zum erfahrenen Profi. Er ist eine ausgezeichnete Wahl f\u00fcr Hobbyisten und Kleinunternehmer gleicherma\u00dfen.<\/p>\n<ul class=\"tips\">\n<li>200 Sets \/ Monat zum Verkauf bereit Auf Lager<\/li>\n<li>2 Jahre beschr\u00e4nkte Garantie f\u00fcr die gesamte Maschine<\/li>\n<li>Online (PayPal) und Offline (T\/T, Debit- und Kreditkarten)<\/li>\n<li>Lebenslanger kostenloser technischer Support f\u00fcr Endverbraucher und H\u00e4ndler<\/li>\n<\/ul>","protected":false},"featured_media":2010,"template":"","meta":{"_gspb_post_css":""},"product_brand":[],"product_cat":[117,92,118],"product_tag":[105,106],"class_list":{"0":"post-1990","1":"product","2":"type-product","3":"status-publish","4":"has-post-thumbnail","6":"product_cat-fiber-laser-cutting-machine","7":"product_cat-laser-cutting-machine","8":"product_cat-laser-metal-cutting-machine","9":"product_tag-fiber-laser-cutting-machine","10":"product_tag-laser-cutting-machine","12":"first","13":"instock","14":"shipping-taxable","15":"product-type-simple"},"_links":{"self":[{"href":"https:\/\/bogonglaser.com\/de\/wp-json\/wp\/v2\/product\/1990","targetHints":{"allow":["GET"]}}],"collection":[{"href":"https:\/\/bogonglaser.com\/de\/wp-json\/wp\/v2\/product"}],"about":[{"href":"https:\/\/bogonglaser.com\/de\/wp-json\/wp\/v2\/types\/product"}],"wp:featuredmedia":[{"embeddable":true,"href":"https:\/\/bogonglaser.com\/de\/wp-json\/wp\/v2\/media\/2010"}],"wp:attachment":[{"href":"https:\/\/bogonglaser.com\/de\/wp-json\/wp\/v2\/media?parent=1990"}],"wp:term":[{"taxonomy":"product_brand","embeddable":true,"href":"https:\/\/bogonglaser.com\/de\/wp-json\/wp\/v2\/product_brand?post=1990"},{"taxonomy":"product_cat","embeddable":true,"href":"https:\/\/bogonglaser.com\/de\/wp-json\/wp\/v2\/product_cat?post=1990"},{"taxonomy":"product_tag","embeddable":true,"href":"https:\/\/bogonglaser.com\/de\/wp-json\/wp\/v2\/product_tag?post=1990"}],"curies":[{"name":"wp","href":"https:\/\/api.w.org\/{rel}","templated":true}]}}