{"id":1981,"date":"2024-11-25T16:08:24","date_gmt":"2024-11-25T08:08:24","guid":{"rendered":"https:\/\/bogonglaser.com\/?post_type=product&#038;p=1981"},"modified":"2025-12-10T16:38:46","modified_gmt":"2025-12-10T08:38:46","slug":"smallest-fiber-laser-cutting-machine-for-brass-gold-silver","status":"publish","type":"product","link":"https:\/\/bogonglaser.com\/de\/smallest-fiber-laser-cutting-machine-for-brass-gold-silver\/","title":{"rendered":"Kleinste Faserlaserschneidemaschine f\u00fcr Messing, Gold, Silber"},"content":{"rendered":"<p>Sind Sie auf der Suche nach der besten Pr\u00e4zisions-Laserschneidemaschine (1500W , 2000W oder 3000W) f\u00fcr die Herstellung von personalisiertem Metallschmuck wie Ringe, Ohrringe, Anh\u00e4nger, Armb\u00e4nder, Manschettenkn\u00f6pfe, Halsketten, Broschen und andere individuelle Ornamente aus Silber, Gold, Kupfer oder Edelstahl? Informieren Sie sich \u00fcber die besten kompakten Mini-Faserlaser-Schmuckschneider zum Selbstkostenpreis.<\/p>\n<p><img decoding=\"async\" class=\"size-medium wp-image-7399\" src=\"https:\/\/bogonglaser.com\/wp-content\/uploads\/2024\/11\/precision-laser-cutter-1-300x174.jpg\" alt=\"Pr\u00e4zisions-Laserschneider\" width=\"300\" height=\"174\" title=\"\" srcset=\"https:\/\/bogonglaser.com\/wp-content\/uploads\/2024\/11\/precision-laser-cutter-1-300x174.jpg 300w, https:\/\/bogonglaser.com\/wp-content\/uploads\/2024\/11\/precision-laser-cutter-1-18x10.jpg 18w, https:\/\/bogonglaser.com\/wp-content\/uploads\/2024\/11\/precision-laser-cutter-1.jpg 432w\" sizes=\"(max-width: 300px) 100vw, 300px\" \/><\/p>\n<div class=\"sub-header-divs\">\n<h3>Leistung<\/h3>\n<\/div>\n<ul>\n<li>Lasermedium - Festk\u00f6rper CW 1070nm Faserlaser<\/li>\n<li>Laserleistung - 1000W bis 3000W Faserquellenoptionen<\/li>\n<li>Strom - 220v\u00a0<strong>einphasig\/ 380V 3 Phasen<\/strong><\/li>\n<li>Positioniergenauigkeit - \u2264\u00b10,03mm<\/li>\n<li>Wiederholgenauigkeit - \u2264\u00b10,02mm<\/li>\n<\/ul>\n<div class=\"sub-header-divs\">\n<h3>System<\/h3>\n<\/div>\n<ul>\n<li>Antriebssystem - Geschlossener Regelkreis Servo<\/li>\n<li>K\u00fchlmodus - Gek\u00fchltes Wasser<\/li>\n<\/ul>\n<p>Das Laserschneiden von Metallschmuck in einer Vielzahl von Formen ist eine unkomplizierte und effiziente Methode zur Herstellung individueller St\u00fccke. Es erm\u00f6glicht schnelle, saubere und glatte Schnitte. Allerdings erfordert die Herstellung von sch\u00f6nem Metallschmuck Pr\u00e4zision und Fingerspitzengef\u00fchl. Hier kommt der kleine Laserschneider BOGONG 3030 ins Spiel. Er liefert unglaubliche Details und Ergebnisse, die alle Erwartungen \u00fcbertreffen. Au\u00dferdem kann er nicht nur Gold und Silber schneiden, sondern auch Materialien wie Kupfer und Edelstahl.<\/p>\n<p>Wenn Sie einzigartigen Metallschmuck herstellen m\u00f6chten, brauchen Sie nur den 3030 Faserlaserschneider von BOGONG LASER. Er ist kompakt, spart wertvollen Arbeitsraum und ist mit einer automatischen CNC-Steuerung und einer intuitiven Software ausgestattet, die leicht zu bedienen ist, egal ob Sie Anf\u00e4nger oder Profi sind. Es ist die perfekte L\u00f6sung f\u00fcr Heimwerker und Kleinunternehmer gleicherma\u00dfen.<\/p>\n<p>Was ist Metallschmuck?<br \/>\nMetallschmuck umfasst eine breite Palette von Gegenst\u00e4nden wie Ringe, Ohrringe, Halsketten, Armb\u00e4nder, Broschen, Anh\u00e4nger und Manschettenkn\u00f6pfe, die in der Regel aus Materialien wie Gold, Silber, Kupfer und farbigem Edelstahl sowie anderen Edelmetallen hergestellt werden.<\/p>\n<p>Der Gro\u00dfteil dieses Schmucks besteht aus kleinen St\u00fccken, was ein hohes Ma\u00df an Pr\u00e4zision beim Schneiden und minimalen Verschnitt erfordert. Traditionelle mechanische Schneideverfahren werden den modernen Anforderungen der Schmuckherstellung einfach nicht gerecht. Das Laserschneiden ist die beste L\u00f6sung, denn es bietet Geschwindigkeit, Genauigkeit, hohe Qualit\u00e4t und umweltfreundliche, zerst\u00f6rungsfreie Verfahren. Da die verschiedenen Metalle unterschiedlich weich, hart und reflektierend sind, eignen sich Faserlaser besonders gut f\u00fcr pr\u00e4zise Schnitte in Metallschmuck.<\/p>\n<p><iframe title=\"Kleinste Faserlaserschneidmaschine: Ein Durchbruch in der Metallschneidetechnik\" width=\"1290\" height=\"726\" src=\"https:\/\/www.youtube.com\/embed\/9jNRk6QalxQ?feature=oembed\" frameborder=\"0\" allow=\"accelerometer; autoplay; clipboard-write; encrypted-media; gyroscope; picture-in-picture; web-share\" referrerpolicy=\"strict-origin-when-cross-origin\" allowfullscreen><\/iframe><\/p>\n<p><img decoding=\"async\" class=\"size-medium wp-image-7401\" src=\"https:\/\/bogonglaser.com\/wp-content\/uploads\/2024\/11\/smart-fiber-laser-cutter-1-300x169.jpg\" alt=\"smart fiber laser cutter\" width=\"300\" height=\"169\" title=\"\" srcset=\"https:\/\/bogonglaser.com\/wp-content\/uploads\/2024\/11\/smart-fiber-laser-cutter-1-300x169.jpg 300w, https:\/\/bogonglaser.com\/wp-content\/uploads\/2024\/11\/smart-fiber-laser-cutter-1-18x10.jpg 18w, https:\/\/bogonglaser.com\/wp-content\/uploads\/2024\/11\/smart-fiber-laser-cutter-1.jpg 600w\" sizes=\"(max-width: 300px) 100vw, 300px\" \/><\/p>\n<h4><a href=\"https:\/\/bogonglaser.com\/de\/fiber-laser-cutter\/\">Faserlaser-Schneidemaschine<\/a> Anwendbare Industrien<\/h4>\n<p>Mechanische und elektrische Ausr\u00fcstungen, Blechverarbeitung, Schr\u00e4nke, Edelstahlprodukte, Beleuchtungsarmaturen, Kfz-Teile, Eisenwaren, Werbeschilder, Dekorationsartikel und andere Branchen.<\/p>\n<p>Wie funktioniert es?<br \/>\nLaser-Metallschmuckschneider verwenden fortschrittliche Lasertechnologie, und die Art und Weise, wie Materialien mit dem Laser interagieren, ist der Schl\u00fcssel zum Prozess. Hier ist eine einfache Schritt-f\u00fcr-Schritt-Anleitung, wie es funktioniert:<\/p>\n<p>1. Entwurfseingabe: Zun\u00e4chst erstellen Sie Ihren Entwurf mit einer CAD-Software. Dieser Entwurf wird dann mit einer CAM-Software in ein maschinenlesbares Format umgewandelt.<\/p>\n<p>2. Laser-Erzeugung: Das Schneideger\u00e4t verwendet entweder einen CO2- oder einen Faserlaser, um einen konzentrierten Strahl aus Hochtemperaturlicht zu erzeugen.<\/p>\n<p>3. Strahlfokussierung: Das optische System lenkt den leistungsstarken Laserstrahl auf einen bestimmten Punkt der Metalloberfl\u00e4che, um sie zu schneiden oder zu gravieren.<\/p>\n<p>4. Materialinteraktion: Die Hitze des Lasers wirkt sich auf verschiedene Metalle unterschiedlich aus, so dass sich die Einstellungen je nach Material \u00e4ndern k\u00f6nnen.<\/p>\n<p>5. Kontrollierte Bewegung: Der Laser folgt dem von Ihnen erstellten Entwurfsmuster und bewegt sich genau so, wie es die Software vorgibt.<\/p>\n<p>6. Die K\u00fchlung: Ein wirksames K\u00fchlsystem ist entscheidend daf\u00fcr, dass das Endprodukt seine urspr\u00fcngliche Form und Qualit\u00e4t beh\u00e4lt.<\/p>\n<p>7. Beseitigung von R\u00fcckst\u00e4nden: Nach dem Schneiden werden die Materialreste ges\u00e4ubert, damit das St\u00fcck eine polierte Oberfl\u00e4che erh\u00e4lt.<\/p>\n<p>Warum einen Pr\u00e4zisions-Laserschneider f\u00fcr das Schneiden von Silber-, Gold- und Kupferschmuck w\u00e4hlen? - Profis &amp; Vorteile<br \/>\n\u2714 Kompaktes und sicheres Design: Der Cutter verf\u00fcgt \u00fcber ein CE-konformes Antistrahlenglas, das den Betrieb sicherer macht.<\/p>\n<p>\u2714 Hochpr\u00e4zises Schneiden: Es verwendet ein importiertes japanisches AC-Servoantriebssystem f\u00fcr schnelle und pr\u00e4zise Schnitte.<\/p>\n<p>\u2714 Pr\u00e4zise Bewegung: Die Y-Achse ist mit einer hochpr\u00e4zisen Kugelumlaufspindel ausgestattet, die auch bei hohen Geschwindigkeiten gerade Schnitte gew\u00e4hrleistet.<\/p>\n<p>\u2714 Langlebige Bauweise: Die Maschine ist langlebig und widerstandsf\u00e4hig gegen Verformung.<\/p>\n<p>\u2714 Effiziente Positionierung: Pneumatische Klemmen halten d\u00fcnnere Materialien sicher fest, w\u00e4hrend ein beweglicher Messertisch dickere Werkst\u00fccke aufnimmt und Genauigkeit gew\u00e4hrleistet.<\/p>\n<p>\u2714 Sch\u00fctzende Abschirmung: Die vollst\u00e4ndig geschlossene Konstruktion verhindert, dass beim Schneiden Metallsp\u00e4ne austreten.<\/p>\n<p>\u2714 Einfaches Auffangen der Reste: Eine Auffangwanne unter dem Schneidetisch erleichtert das Aufsammeln und schnelle Entsorgen von Materialresten.<\/p>\n<p>**Warum w\u00e4hlen Sie BOGONG LASER**<\/p>\n<p>BOGONG ist ber\u00fchmt f\u00fcr die Qualit\u00e4t seiner Laserger\u00e4te und den Kundendienst. Unsere Maschinen sind vielseitig und benutzerfreundlich und wurden f\u00fcr alle Qualifikationsstufen entwickelt. Die Zufriedenheit unserer Kunden steht bei uns an erster Stelle. Ob Sie ein erfahrener Experte oder ein Anf\u00e4nger sind, <a href=\"https:\/\/bogonglaser.com\/de\/\">BOGONG LASER<\/a> ist hier, um Sie bei jedem Schritt zu unterst\u00fctzen. Vertrauen Sie uns und unserem Service, bei dem Exzellenz und Innovation f\u00fcr Ihren Erfolg zusammenkommen.<\/p>\n<figure id=\"attachment_7376\" aria-describedby=\"caption-attachment-7376\" style=\"width: 300px\" class=\"wp-caption alignnone\"><img decoding=\"async\" class=\"size-medium wp-image-7376\" src=\"https:\/\/bogonglaser.com\/wp-content\/uploads\/2024\/11\/fiber-laser-cutting-machine-sealed-1-1-300x225.jpg\" alt=\"Faserlaserschneidmaschine versiegelt\" width=\"300\" height=\"225\" title=\"\" srcset=\"https:\/\/bogonglaser.com\/wp-content\/uploads\/2024\/11\/fiber-laser-cutting-machine-sealed-1-1-300x225.jpg 300w, https:\/\/bogonglaser.com\/wp-content\/uploads\/2024\/11\/fiber-laser-cutting-machine-sealed-1-1-600x450.jpg 600w, https:\/\/bogonglaser.com\/wp-content\/uploads\/2024\/11\/fiber-laser-cutting-machine-sealed-1-1-768x576.jpg 768w, https:\/\/bogonglaser.com\/wp-content\/uploads\/2024\/11\/fiber-laser-cutting-machine-sealed-1-1-16x12.jpg 16w, https:\/\/bogonglaser.com\/wp-content\/uploads\/2024\/11\/fiber-laser-cutting-machine-sealed-1-1.jpg 800w\" sizes=\"(max-width: 300px) 100vw, 300px\" \/><figcaption id=\"caption-attachment-7376\" class=\"wp-caption-text\">Faserlaserschneidmaschine versiegelt<\/figcaption><\/figure>","protected":false},"excerpt":{"rendered":"<h3>Kleinste Faserlaserschneidmaschine<\/h3>\n<p>BOGONG 3030 Faser-Laser-Schneidemaschine ist die kleinste Laserschneiden f\u00fcr Metall, es ist fantastisch Weg, um einzigartige und personalisierte St\u00fccke schnell und einfach zu erstellen. die Schnittgr\u00f6\u00dfe ist 300 * 300mm, volles Geh\u00e4use mit safty Design, Es produziert saubere und glatte Schnitte, so dass es eine effiziente Wahl f\u00fcr Handwerk. Die Herstellung von sch\u00f6nem Metallschmuck erfordert jedoch auch Pr\u00e4zision und einen Hauch von Kunstfertigkeit. Hier kommt der kleine Laser-Schmuckschneider von BOGONG ins Spiel. Dieses Ger\u00e4t liefert au\u00dfergew\u00f6hnliche Details und Ergebnisse, die oft die Erwartungen \u00fcbertreffen. Au\u00dferdem ist er vielseitig und kann nicht nur Gold und Silber, sondern auch Materialien wie Kupfer und Edelstahl schneiden.<\/p>\n<p>Wenn Sie einzigartigen Metallschmuck herstellen m\u00f6chten, ist die BOGONG 3030 von BOGONG LASER alles, was Sie brauchen. Ihr kompaktes Design spart Platz, und sie ist mit einem automatischen CNC-Controller und einer benutzerfreundlichen Software ausgestattet, die sie f\u00fcr jeden zug\u00e4nglich macht, egal ob Sie gerade erst anfangen oder schon jahrelange Erfahrung haben. Sie ist perfekt f\u00fcr Hobbyisten und Kleinunternehmer gleicherma\u00dfen.<\/p>\n<ul class=\"tips\">\n<li>200 Sets \/ Monat zum Verkauf bereit Auf Lager<\/li>\n<li>2 Jahre beschr\u00e4nkte Garantie f\u00fcr die gesamte Maschine<\/li>\n<li>Online (PayPal) und Offline (T\/T, Debit- und Kreditkarten)<\/li>\n<li>Lebenslanger kostenloser technischer Support f\u00fcr Endverbraucher und H\u00e4ndler<\/li>\n<\/ul>","protected":false},"featured_media":1983,"template":"","meta":{"_gspb_post_css":""},"product_brand":[],"product_cat":[117,92,118],"product_tag":[105,106],"class_list":{"0":"post-1981","1":"product","2":"type-product","3":"status-publish","4":"has-post-thumbnail","6":"product_cat-fiber-laser-cutting-machine","7":"product_cat-laser-cutting-machine","8":"product_cat-laser-metal-cutting-machine","9":"product_tag-fiber-laser-cutting-machine","10":"product_tag-laser-cutting-machine","12":"first","13":"instock","14":"shipping-taxable","15":"product-type-simple"},"_links":{"self":[{"href":"https:\/\/bogonglaser.com\/de\/wp-json\/wp\/v2\/product\/1981","targetHints":{"allow":["GET"]}}],"collection":[{"href":"https:\/\/bogonglaser.com\/de\/wp-json\/wp\/v2\/product"}],"about":[{"href":"https:\/\/bogonglaser.com\/de\/wp-json\/wp\/v2\/types\/product"}],"wp:featuredmedia":[{"embeddable":true,"href":"https:\/\/bogonglaser.com\/de\/wp-json\/wp\/v2\/media\/1983"}],"wp:attachment":[{"href":"https:\/\/bogonglaser.com\/de\/wp-json\/wp\/v2\/media?parent=1981"}],"wp:term":[{"taxonomy":"product_brand","embeddable":true,"href":"https:\/\/bogonglaser.com\/de\/wp-json\/wp\/v2\/product_brand?post=1981"},{"taxonomy":"product_cat","embeddable":true,"href":"https:\/\/bogonglaser.com\/de\/wp-json\/wp\/v2\/product_cat?post=1981"},{"taxonomy":"product_tag","embeddable":true,"href":"https:\/\/bogonglaser.com\/de\/wp-json\/wp\/v2\/product_tag?post=1981"}],"curies":[{"name":"wp","href":"https:\/\/api.w.org\/{rel}","templated":true}]}}