{"id":1974,"date":"2024-11-25T13:45:44","date_gmt":"2024-11-25T05:45:44","guid":{"rendered":"https:\/\/bogonglaser.com\/?post_type=product&#038;p=1974"},"modified":"2025-12-10T18:12:19","modified_gmt":"2025-12-10T10:12:19","slug":"200w-300w-pulse-laser-cleaning-machine-with-raycus-max-jpt-laser","status":"publish","type":"product","link":"https:\/\/bogonglaser.com\/de\/200w-300w-pulse-laser-cleaning-machine-with-raycus-max-jpt-laser\/","title":{"rendered":"Pulslaser-Reinigungsmaschine mit Raycus Max JPT Laser"},"content":{"rendered":"<div class=\"vc_row wpb_row vc_row-fluid\">\n<div class=\"wpb_column vc_column_container vc_col-sm-12\">\n<div class=\"vc_column-inner\">\n<div class=\"wpb_wrapper\">\n<div class=\"wpb_text_column wpb_content_element\">\n<div class=\"wpb_wrapper\">\n<p>A pulse\u00a0laser cleaning machine\u00a0is an innovative tool that uses brief, controlled bursts of laser light to effectively remove contaminants from various surfaces. It\u2019s particularly useful for cleaning materials like metal, glass, ceramics, and more. Here are some of its common applications:<\/p>\n<p>\u2013 Removing paint: Effortlessly strip away old paint layers.<br \/>\n\u2013 Rust removal: Eliminate rust to restore surfaces.<br \/>\n\u2013 Oil stains and oxide films: Clean away stubborn oil stains and oxide layers.<br \/>\n\u2013 Weld cleaning: Prepare welds for finishing by removing impurities.<br \/>\n\u2013 Automobile part renovation: Restore and clean auto parts for better performance.<br \/>\n\u2013 Precision parts cleaning: Safeguard the integrity of delicate components.<br \/>\n\u2013 Electronic equipment cleaning: Remove contaminants without damaging sensitive devices.<\/p>\n<p>Diese Maschine bietet eine effiziente und pr\u00e4zise M\u00f6glichkeit zur Pflege und Restaurierung verschiedener Materialien.<\/p>\n<p>Hauptmerkmal wie unten:<\/p>\n<ul>\n<li>Laser-Typ: Faserlaser<br \/>\nLaserleistung: 200W 300W<br \/>\nAusgangsbereich (falls einstellbar): 0-100%<br \/>\nImpulsformung: MOPA Q-Switched (Qualit\u00e4tsfaktor)<br \/>\nLaser-Generator: JPT\/Raycus\/Max<br \/>\nReinigungsfl\u00e4che: 100*100mm (optional 130x130mm, 150x150mm)<br \/>\nFaserl\u00e4nge: 5m<br \/>\nArt der K\u00fchlung: Luft<br \/>\nNach dem Verkauf: 2 Jahre<\/li>\n<\/ul>\n<\/div>\n<\/div>\n<\/div>\n<\/div>\n<\/div>\n<\/div>\n<div class=\"vc_row wpb_row vc_row-fluid\">\n<div class=\"wpb_column vc_column_container vc_col-sm-12\">\n<div class=\"vc_column-inner\">\n<div class=\"wpb_wrapper\">\n<div class=\"wpb_single_image wpb_content_element vc_align_left wpb_content_element\">\n<figure class=\"wpb_wrapper vc_figure\">\n<div class=\"vc_single_image-wrapper vc_box_border_grey\"><img decoding=\"async\" class=\"vc_single_image-img attachment-full\" title=\"\u9ed1\u767d300w\u6e05\u6d17\u673a\u73b0\u573a\u5b9e\u62cd3\" src=\"https:\/\/bogonglaser.com\/wp-content\/uploads\/2024\/11\/%E9%BB%91%E7%99%BD300w%E6%B8%85%E6%B4%97%E6%9C%BA%E7%8E%B0%E5%9C%BA%E5%AE%9E%E6%8B%8D3.png\" sizes=\"auto, (max-width: 800px) 100vw, 800px\" srcset=\"https:\/\/bogonglaser.com\/wp-content\/uploads\/2024\/11\/\u9ed1\u767d300w\u6e05\u6d17\u673a\u73b0\u573a\u5b9e\u62cd3.png 800w, https:\/\/bogonglaser.com\/wp-content\/uploads\/2024\/11\/\u9ed1\u767d300w\u6e05\u6d17\u673a\u73b0\u573a\u5b9e\u62cd3-300x225.png 300w, https:\/\/bogonglaser.com\/wp-content\/uploads\/2024\/11\/\u9ed1\u767d300w\u6e05\u6d17\u673a\u73b0\u573a\u5b9e\u62cd3-768x576.png 768w, https:\/\/bogonglaser.com\/wp-content\/uploads\/2024\/11\/\u9ed1\u767d300w\u6e05\u6d17\u673a\u73b0\u573a\u5b9e\u62cd3-600x450.png 600w\" alt=\"Pulslaser-Reiniger\" width=\"800\" height=\"600\" \/><\/div>\n<\/figure>\n<\/div>\n<\/div>\n<\/div>\n<\/div>\n<\/div>\n<div class=\"vc_row wpb_row vc_row-fluid\">\n<div class=\"wpb_column vc_column_container vc_col-sm-12\">\n<div class=\"vc_column-inner\">\n<div class=\"wpb_wrapper\">\n<div class=\"wpb_video_widget wpb_content_element vc_clearfix vc_video-aspect-ratio-169 vc_video-el-width-80 vc_video-align-left\">\n<div class=\"wpb_wrapper\">\n<h2 class=\"wpb_heading wpb_video_heading\">Einf\u00fchrung Pulslaser-Reinigungsmaschine<\/h2>\n<div class=\"wpb_video_wrapper\">\n<p><iframe title=\"Was kann eine 300W Pulslaser-Reinigungsmaschine leisten? 300W gepulster Laser-Reiniger f\u00fcr Malerei, \u00d6l, Rost etc.\" width=\"1290\" height=\"968\" src=\"https:\/\/www.youtube.com\/embed\/bSn_4ZrmhzA?feature=oembed\" frameborder=\"0\" allow=\"accelerometer; autoplay; clipboard-write; encrypted-media; gyroscope; picture-in-picture; web-share\" referrerpolicy=\"strict-origin-when-cross-origin\" allowfullscreen><\/iframe><\/p>\n<\/div>\n<\/div>\n<\/div>\n<\/div>\n<\/div>\n<\/div>\n<\/div>\n<div class=\"vc_row wpb_row vc_row-fluid\">\n<div class=\"wpb_column vc_column_container vc_col-sm-12\">\n<div class=\"vc_column-inner\">\n<div class=\"wpb_wrapper\">\n<div class=\"wpb_text_column wpb_content_element\">\n<div class=\"wpb_wrapper\">\n<p>Merkmale des Pulslaser-Reinigers<\/p>\n<p>Der Pulslaser-Reiniger unterscheidet sich von kontinuierlichen (CW) Laserreinigern durch die Verwendung eines intelligenten Doppelwobbel-Reinigungskopfes und bietet eine beeindruckende Auswahl von 8 Reinigungsmodi, die f\u00fcr verschiedene Anwendungen geeignet sind. Dieses System steuert die Eingangsleistung effektiv, indem es Parameter wie Impulsbreite und -frequenz anpasst, optimale Temperaturen f\u00fcr das Werkst\u00fcck aufrechterh\u00e4lt und gleichzeitig den Energieverlust minimiert, was die Gesamteffizienz erh\u00f6ht.<\/p>\n<p>Benutzerfreundliches Design: Dieser Laserreiniger wurde mit Blick auf die Benutzerfreundlichkeit entwickelt und verf\u00fcgt \u00fcber ein 5 Meter langes Glasfaserkabel, das Flexibilit\u00e4t f\u00fcr den Betrieb ohne r\u00e4umliche Einschr\u00e4nkungen bietet. Die BOGONG-Lasermaschine verf\u00fcgt \u00fcber zwei Touchscreens - einen am Laserkopf und einen weiteren am Maschinengeh\u00e4use - die eine einfache Einstellung der Parameter erm\u00f6glichen. Die erweiterte IO-Schnittstelle erm\u00f6glicht die nahtlose Integration mit Manipulatoren f\u00fcr automatisierte Reinigungsaufgaben. Dar\u00fcber hinaus werden umfassende englische Handb\u00fccher und Lehrvideos mitgeliefert, um eine reibungslose und schnelle Einarbeitung f\u00fcr die Benutzer dieses Laser-Rostentferners zu gew\u00e4hrleisten.<\/p>\n<p>Single-Mode Vielseitigkeit: Der gepulste Single-Mode-Betrieb ist wie die 2mJ-Laser-Reinigungsmaschine \u00e4u\u00dferst anpassungsf\u00e4hig und f\u00fcr verschiedene Anwendungen geeignet, z. B. f\u00fcr die Reinigung von Metalloberfl\u00e4chen, Autoteilen, Stein, Holz, Kunststoff und anderen Materialien, die eine hohe Reinigungsleistung erfordern. Er ist besonders effektiv bei schwierigen Aufgaben mit starken Anhaftungen, wie starkem Rost, Oxidschichten und dicker Farbe.<\/p>\n<p>Multimodus-Pr\u00e4zision: Der gepulste Multi-Mode-Betrieb mit einer Kapazit\u00e4t von 15 mJ ist perfekt f\u00fcr hochpr\u00e4zise Aufgaben wie die Reinigung empfindlicher Teile, die Wartung elektronischer Ger\u00e4te und die Behandlung von Mikrokomponenten. Er wurde speziell f\u00fcr Szenarien mit leichten Anhaftungen, leicht entfernbaren Verunreinigungen und leichtem Rost entwickelt und ist damit die ideale Wahl f\u00fcr Anwendungen, bei denen die Vermeidung von Sch\u00e4den entscheidend ist, wie z. B. bei der Reinigung von Formen.<\/p>\n<\/div>\n<\/div>\n<\/div>\n<\/div>\n<\/div>\n<\/div>\n<div class=\"vc_row wpb_row vc_row-fluid\">\n<div class=\"wpb_column vc_column_container vc_col-sm-12\">\n<div class=\"vc_column-inner\">\n<div class=\"wpb_wrapper\">\n<div class=\"wpb_text_column wpb_content_element\">\n<div class=\"wpb_wrapper\">\n<h3>Warum Bogong Laser-Reinigungsmaschine w\u00e4hlen<\/h3>\n<ul>\n<li>With extensive experience in laser cleaning technology, we specialize in delivering advanced solutions customized to meet your specific requirements. Our team of expert engineers and technicians possesses deep industry knowledge, ensuring you receive the ideal\u00a0laser cleaning machine\u00a0tailored for your unique applications.<\/li>\n<li>Wir sparen bereits Parameter f\u00fcr die Entfernung von Rost, Lackierung, etc, k\u00f6nnen Sie Laser-Reinigung leicht beginnen, nachdem es bekam.<\/li>\n<li>Bogong bietet nicht nur hochwertige Laserger\u00e4te, sondern auch den besten Kundendienst der letzten Jahre.<\/li>\n<\/ul>\n<\/div>\n<\/div>\n<\/div>\n<\/div>\n<\/div>\n<\/div>\n<div class=\"vc_row wpb_row vc_row-fluid\">\n<div class=\"wpb_column vc_column_container vc_col-sm-12\">\n<div class=\"vc_column-inner\">\n<div class=\"wpb_wrapper\">\n<div class=\"wpb_video_widget wpb_content_element vc_clearfix vc_video-aspect-ratio-169 vc_video-el-width-80 vc_video-align-left\">\n<div class=\"wpb_wrapper\">\n<h2 class=\"wpb_heading wpb_video_heading\">Unterschied zwischen Pulslaser und CW-Laser-Reiniger<\/h2>\n<div class=\"wpb_video_wrapper\">\n<p><iframe title=\"300W vs 500W Pulslaser-Reiniger | Unterschied zwischen 300W und 500W Laser-Reinigungsmaschine\" width=\"1290\" height=\"726\" src=\"https:\/\/www.youtube.com\/embed\/qm112yLfgfM?feature=oembed\" frameborder=\"0\" allow=\"accelerometer; autoplay; clipboard-write; encrypted-media; gyroscope; picture-in-picture; web-share\" referrerpolicy=\"strict-origin-when-cross-origin\" allowfullscreen><\/iframe><\/p>\n<\/div>\n<\/div>\n<\/div>\n<\/div>\n<\/div>\n<\/div>\n<\/div>\n<div class=\"vc_row wpb_row vc_row-fluid\">\n<div class=\"wpb_column vc_column_container vc_col-sm-12\">\n<div class=\"vc_column-inner\">\n<div class=\"wpb_wrapper\">\n<div class=\"wpb_text_column wpb_content_element\">\n<div class=\"wpb_wrapper\">\n<h2>Wie funktioniert die Pulslaser-Reinigungsmaschine?<\/h2>\n<p>Die Pulslaser-Reinigungsmaschine nutzt fortschrittliche Lasertechnologie, um Verunreinigungen effektiv von Oberfl\u00e4chen zu entfernen. Hier finden Sie einen kurzen \u00dcberblick \u00fcber die Funktionsweise:<\/p>\n<ol>\n<li><strong>Laser-Emission<\/strong>: Er erzeugt einen leistungsstarken gepulsten Laserstrahl, der kurze Energiest\u00f6\u00dfe f\u00fcr eine pr\u00e4zise Reinigung aussendet.<\/li>\n<li><strong>Gezielte Reinigung<\/strong>: Wenn die Laserenergie auf eine Oberfl\u00e4che gerichtet ist, wird sie von Verunreinigungen wie Rost oder Farbe absorbiert.<\/li>\n<li><strong>Verdampfung<\/strong>: Die absorbierte Energie erhitzt die Verunreinigungen schnell und l\u00e4sst sie verdampfen, ohne das darunter liegende Material zu besch\u00e4digen.<\/li>\n<li><strong>Selektive Entfernung<\/strong>: Das Verfahren zielt selektiv nur auf die Verunreinigungen ab und bewahrt die Integrit\u00e4t der Oberfl\u00e4che.<\/li>\n<li><strong>Einstellbare Einstellungen<\/strong>: Es bietet anpassbare Leistungseinstellungen und Fokusoptionen f\u00fcr verschiedene Oberfl\u00e4chen und Verschmutzungsgrade.<\/li>\n<\/ol>\n<p>Insgesamt bietet die Pulslaser-Reinigungsmaschine eine effiziente, pr\u00e4zise und vielseitige L\u00f6sung f\u00fcr industrielle Reinigungsanwendungen.<\/p>\n<\/div>\n<\/div>\n<\/div>\n<\/div>\n<\/div>\n<\/div>\n<div class=\"vc_row wpb_row vc_row-fluid\">\n<div class=\"wpb_column vc_column_container vc_col-sm-12\">\n<div class=\"vc_column-inner\">\n<div class=\"wpb_wrapper\">\n<div class=\"wpb_single_image wpb_content_element vc_align_left wpb_content_element\">\n<figure class=\"wpb_wrapper vc_figure\">\n<div class=\"vc_single_image-wrapper vc_box_border_grey\"><img decoding=\"async\" class=\"vc_single_image-img attachment-full\" title=\"\u9ed1\u767d300w\u6e05\u6d17\u673a\u5de5\u5382\u7167\u7247\" src=\"https:\/\/bogonglaser.com\/wp-content\/uploads\/2024\/11\/%E9%BB%91%E7%99%BD300w%E6%B8%85%E6%B4%97%E6%9C%BA%E5%B7%A5%E5%8E%82%E7%85%A7%E7%89%87.png\" sizes=\"auto, (max-width: 800px) 100vw, 800px\" srcset=\"https:\/\/bogonglaser.com\/wp-content\/uploads\/2024\/11\/\u9ed1\u767d300w\u6e05\u6d17\u673a\u5de5\u5382\u7167\u7247.png 800w, https:\/\/bogonglaser.com\/wp-content\/uploads\/2024\/11\/\u9ed1\u767d300w\u6e05\u6d17\u673a\u5de5\u5382\u7167\u7247-300x225.png 300w, https:\/\/bogonglaser.com\/wp-content\/uploads\/2024\/11\/\u9ed1\u767d300w\u6e05\u6d17\u673a\u5de5\u5382\u7167\u7247-768x576.png 768w, https:\/\/bogonglaser.com\/wp-content\/uploads\/2024\/11\/\u9ed1\u767d300w\u6e05\u6d17\u673a\u5de5\u5382\u7167\u7247-600x450.png 600w\" alt=\"\u9ed1\u767d300w\u6e05\u6d17\u673a\u5de5\u5382\u7167\u7247\" width=\"800\" height=\"600\" \/><\/div>\n<\/figure>\n<\/div>\n<\/div>\n<\/div>\n<\/div>\n<\/div>\n<div class=\"vc_row wpb_row vc_row-fluid\">\n<div class=\"wpb_column vc_column_container vc_col-sm-12\">\n<div class=\"vc_column-inner\">\n<div class=\"wpb_wrapper\">\n<div class=\"wpb_text_column wpb_content_element\">\n<div class=\"wpb_wrapper\">\n<h3>Wie man die richtige Pulslaser-Reinigungsmaschine ausw\u00e4hlt<\/h3>\n<p>Die Wahl der richtigen Pulslaser-Reinigungsmaschine ist wichtig f\u00fcr Ihr Unternehmen. Wie k\u00f6nnen Sie sicherstellen, dass die Maschine Ihren speziellen Anforderungen entspricht? Hier ist ein Leitfaden, der Ihnen hilft, eine fundierte Entscheidung zu treffen:<\/p>\n<ol>\n<li><strong>Kompatibilit\u00e4t der Materialien<\/strong>: Bestimmen Sie die Art der Materialien, die Sie reinigen wollen (z. B. Rost, Farbe, Metall, Holz, Acryl, usw.). Vergewissern Sie sich, dass die von Ihnen gew\u00e4hlte Maschine diese Materialien effektiv bearbeiten kann.<\/li>\n<li><strong>Laser-Typ<\/strong>: Verschiedene Lasertypen 2mj, 5mj und 15mj, unterschiedliche Laser unterschiedliche Ergebnisse.<\/li>\n<li><strong>Gr\u00f6\u00dfe des Arbeitsbereichs<\/strong>: Beurteilen Sie die Gr\u00f6\u00dfe des Reinigungsbereichs auf der Grundlage der Projekte, die Sie planen. Vergewissern Sie sich, dass die Maschine einen angemessenen Arbeitsbereich f\u00fcr Ihre Gegenst\u00e4nde hat. W\u00e4hlen Sie das richtige F-Theta-Objektiv, fragen Sie unseren Vertrieb danach.<\/li>\n<li><strong>Benutzerfreundlichkeit<\/strong>: Achten Sie auf Maschinen mit benutzerfreundlicher Software, die eine einfache Gestaltung und Bedienung erm\u00f6glicht.<\/li>\n<li><strong>Kundenbetreuung und Garantie<\/strong>: Research the manufacturer\u2019s support options and warranty offered. Reliable customer service can be crucial for troubleshooting and maintenance.<\/li>\n<\/ol>\n<\/div>\n<\/div>\n<\/div>\n<\/div>\n<\/div>\n<\/div>\n<div class=\"vc_row wpb_row vc_row-fluid\">\n<div class=\"wpb_column vc_column_container vc_col-sm-12\">\n<div class=\"vc_column-inner\">\n<div class=\"wpb_wrapper\">\n<div class=\"wpb_text_column wpb_content_element\">\n<div class=\"wpb_wrapper\">\n<p>Zahlungsbedingungen<\/p>\n<p>1. Ablagerung und Balance: Eine 30% T\/T Anzahlung ist im Voraus erforderlich, mit dem Restbetrag vor dem Versand f\u00e4llig.<\/p>\n<p>2. Alibaba Trade Assurance: Zahlungen k\u00f6nnen \u00fcber Alibaba Trade Assurance abgewickelt werden.<\/p>\n<p>FAQs<\/p>\n<p>Was ist die Verpackung?<br \/>\nUnsere Maschinen werden in einem dreilagigen Aufbau verpackt. Die \u00e4u\u00dfere Schicht besteht aus einer Holzkiste, die mittlere Schicht ist mit Schaumstoff gepolstert, um sie vor Ersch\u00fctterungen zu sch\u00fctzen, und die innere Schicht besteht aus einer dicken Plastikt\u00fcte zur Abdichtung.<\/p>\n<p>Wird das Paket w\u00e4hrend des Transports besch\u00e4digt werden?<br \/>\nWir gestalten unsere Verpackungen sorgf\u00e4ltig, um alle potenziellen Schadensfaktoren zu ber\u00fccksichtigen, und unsere Spediteure sind erfahren im sicheren Transport. Wir haben erfolgreich in 180 L\u00e4nder exportiert. Sie k\u00f6nnen also sicher sein, dass Ihr Paket in einem ausgezeichneten Zustand ankommt.<\/p>\n<\/div>\n<\/div>\n<\/div>\n<\/div>\n<\/div>\n<\/div>\n<div class=\"vc_row wpb_row vc_row-fluid\">\n<div class=\"wpb_column vc_column_container vc_col-sm-12\">\n<div class=\"vc_column-inner\">\n<div class=\"wpb_wrapper\">\n<div class=\"wpb_text_column wpb_content_element\">\n<div class=\"wpb_wrapper\">\n<p>Most of customers like choose transport by UPS\/DHL express, it can arrive at destination about 5-7 days, contact with\u00a0BOGONG Laser\u00a0to get more detail about laser cleaner<\/p>\n<\/div>\n<\/div>\n<\/div>\n<\/div>\n<\/div>\n<\/div>","protected":false},"excerpt":{"rendered":"<h2>Pulslaser-Reinigungsmaschine mit Raycus Max JPT Laser<\/h2>\n<p>Wir stellen unsere Laserreinigungsmaschine der n\u00e4chsten Generation vor, die f\u00fcr die effiziente Reinigung von Materialoberfl\u00e4chen entwickelt wurde. Sie ist einfach einzurichten, zu bedienen und zu automatisieren und damit ideal f\u00fcr die pr\u00e4zise Entfernung von Oberfl\u00e4chenverunreinigungen wie Rost, Fett, Farbe, Grundierung und mehr.<\/p>\n<ul class=\"tips\">\n<li>300 Sets \/ Monat zum Verkauf bereit Auf Lager<\/li>\n<li>2 Jahre beschr\u00e4nkte Garantie f\u00fcr die gesamte Maschine<\/li>\n<li>3-5 Tage Vorbereitung der Lasermaschine, 3-7 Tage Transport.<\/li>\n<li>Online (PayPal) und Offline (T\/T, Debit- und Kreditkarten)<\/li>\n<\/ul>","protected":false},"featured_media":1975,"template":"","meta":{"_gspb_post_css":""},"product_brand":[],"product_cat":[94],"product_tag":[101,100],"class_list":{"0":"post-1974","1":"product","2":"type-product","3":"status-publish","4":"has-post-thumbnail","6":"product_cat-laser-cleaning-machine","7":"product_tag-laser-cleaner","8":"product_tag-laser-cleaning-machine","10":"first","11":"instock","12":"shipping-taxable","13":"product-type-simple"},"_links":{"self":[{"href":"https:\/\/bogonglaser.com\/de\/wp-json\/wp\/v2\/product\/1974","targetHints":{"allow":["GET"]}}],"collection":[{"href":"https:\/\/bogonglaser.com\/de\/wp-json\/wp\/v2\/product"}],"about":[{"href":"https:\/\/bogonglaser.com\/de\/wp-json\/wp\/v2\/types\/product"}],"wp:featuredmedia":[{"embeddable":true,"href":"https:\/\/bogonglaser.com\/de\/wp-json\/wp\/v2\/media\/1975"}],"wp:attachment":[{"href":"https:\/\/bogonglaser.com\/de\/wp-json\/wp\/v2\/media?parent=1974"}],"wp:term":[{"taxonomy":"product_brand","embeddable":true,"href":"https:\/\/bogonglaser.com\/de\/wp-json\/wp\/v2\/product_brand?post=1974"},{"taxonomy":"product_cat","embeddable":true,"href":"https:\/\/bogonglaser.com\/de\/wp-json\/wp\/v2\/product_cat?post=1974"},{"taxonomy":"product_tag","embeddable":true,"href":"https:\/\/bogonglaser.com\/de\/wp-json\/wp\/v2\/product_tag?post=1974"}],"curies":[{"name":"wp","href":"https:\/\/api.w.org\/{rel}","templated":true}]}}