{"id":1904,"date":"2024-11-21T14:41:07","date_gmt":"2024-11-21T06:41:07","guid":{"rendered":"https:\/\/bogonglaser.com\/?post_type=product&#038;p=1904"},"modified":"2025-12-10T18:07:16","modified_gmt":"2025-12-10T10:07:16","slug":"cw-laser-cleaning-machine","status":"publish","type":"product","link":"https:\/\/bogonglaser.com\/de\/cw-laser-cleaning-machine\/","title":{"rendered":"CW-Laser-Reinigungsmaschine"},"content":{"rendered":"<div class=\"vc_row wpb_row vc_row-fluid\">\n<div class=\"wpb_column vc_column_container vc_col-sm-12\">\n<div class=\"vc_column-inner\">\n<div class=\"wpb_wrapper\">\n<div class=\"wpb_text_column wpb_content_element\">\n<div class=\"wpb_wrapper\">\n<p>The CW fiber\u00a0laser cleaning machine\u00a0makes it easy to remove organic pollutants and inorganic materials like metal corrosion, metal particles, and dust from a variety of surfaces, including metal, plastic, ceramics, glass, stone, and concrete.<\/p>\n<p>It\u2019s perfect for cleaning large areas, such as big steel structures or pipes.<\/p>\n<p>Dieser fortschrittliche Laserreiniger arbeitet ber\u00fchrungslos und kommt ohne chemische Mittel aus, was eine effektive und umweltfreundliche Reinigung gew\u00e4hrleistet.<\/p>\n<\/div>\n<\/div>\n<\/div>\n<\/div>\n<\/div>\n<\/div>\n<div class=\"vc_row wpb_row vc_row-fluid\">\n<div class=\"wpb_column vc_column_container vc_col-sm-12\">\n<div class=\"vc_column-inner\">\n<div class=\"wpb_wrapper\">\n<div class=\"wpb_single_image wpb_content_element vc_align_left wpb_content_element\">\n<figure class=\"wpb_wrapper vc_figure\">\n<div class=\"vc_single_image-wrapper   vc_box_border_grey\"><img decoding=\"async\" class=\"vc_single_image-img attachment-full\" title=\"LASER-SCHWEISSGER\u00c4T\" src=\"https:\/\/bogonglaser.com\/wp-content\/uploads\/2024\/11\/LASER-WELDER.jpg\" sizes=\"auto, (max-width: 700px) 100vw, 700px\" srcset=\"https:\/\/bogonglaser.com\/wp-content\/uploads\/2024\/11\/LASER-WELDER.jpg 700w, https:\/\/bogonglaser.com\/wp-content\/uploads\/2024\/11\/LASER-WELDER-300x169.jpg 300w, https:\/\/bogonglaser.com\/wp-content\/uploads\/2024\/11\/LASER-WELDER-600x338.jpg 600w\" alt=\"LASER-SCHWEISSGER\u00c4T\" width=\"700\" height=\"394\" \/><\/div>\n<\/figure>\n<\/div>\n<\/div>\n<\/div>\n<\/div>\n<\/div>\n<div class=\"vc_row wpb_row vc_row-fluid\">\n<div class=\"wpb_column vc_column_container vc_col-sm-12\">\n<div class=\"vc_column-inner\">\n<div class=\"wpb_wrapper\">\n<div class=\"wpb_text_column wpb_content_element\">\n<div class=\"wpb_wrapper\">\n<p>Whether it\u2019s removing rust from bridges or cleaning large metal facilities like stadiums and factories, Bogong 2000W\/3000W laser cleaning machine is perfect for a variety of industrial cleaning tasks. With the latest generation of industrial cleaning technology, you\u2019ll benefit from enhanced efficiency and safety.<\/p>\n<p>BOGONG CW Fiber Laser Rust Removal and Cleaning Machine is designed for durability, it delivers exceptional surface cleaning that can elevate your production processes. invest in the 2000W\/3000W\u00a0CW Fiber Laser Cleaning Machine\u00a0and see how laser cleaning technology can transform your operations. Boost your productivity, maintain safety, and meet environmental standards with this vital tool for any forward-thinking business.<\/p>\n<\/div>\n<\/div>\n<\/div>\n<\/div>\n<\/div>\n<\/div>\n<div class=\"vc_row wpb_row vc_row-fluid\">\n<div class=\"wpb_column vc_column_container vc_col-sm-12\">\n<div class=\"vc_column-inner\">\n<div class=\"wpb_wrapper\">\n<div class=\"wpb_single_image wpb_content_element vc_align_left wpb_content_element\">\n<figure class=\"wpb_wrapper vc_figure\">\n<div class=\"vc_single_image-wrapper   vc_box_border_grey\"><img decoding=\"async\" class=\"vc_single_image-img attachment-full\" title=\"Handlaserreiniger\" src=\"https:\/\/bogonglaser.com\/wp-content\/uploads\/2024\/11\/handheld-laser-cleaner.jpg\" sizes=\"auto, (max-width: 700px) 100vw, 700px\" srcset=\"https:\/\/bogonglaser.com\/wp-content\/uploads\/2024\/11\/handheld-laser-cleaner.jpg 700w, https:\/\/bogonglaser.com\/wp-content\/uploads\/2024\/11\/handheld-laser-cleaner-300x169.jpg 300w, https:\/\/bogonglaser.com\/wp-content\/uploads\/2024\/11\/handheld-laser-cleaner-600x338.jpg 600w\" alt=\"Handlaserreiniger\" width=\"700\" height=\"394\" \/><\/div>\n<\/figure>\n<\/div>\n<\/div>\n<\/div>\n<\/div>\n<\/div>\n<div class=\"vc_row wpb_row vc_row-fluid\">\n<div class=\"wpb_column vc_column_container vc_col-sm-12\">\n<div class=\"vc_column-inner\">\n<div class=\"wpb_wrapper\">\n<div class=\"wpb_text_column wpb_content_element\">\n<div class=\"wpb_wrapper\">\n<p>Bei dieser Technologie wird ein Hochleistungslaserstrahl eingesetzt. Wenn der Strahl auf eine Oberfl\u00e4che trifft, werden das Licht und die W\u00e4rme absorbiert und eine Reaktion ausgel\u00f6st. Sobald ein bestimmtes Energieniveau erreicht ist, werden die molekularen Bindungen in der Oberfl\u00e4che aufgebrochen und das Material verdampft.<\/p>\n<p>In der Regel haben der Schmutz oder die Verunreinigungen auf der Oberfl\u00e4che eine niedrigere Energieschwelle f\u00fcr diese Reaktion als das darunter liegende Material. Das bedeutet, dass der Schmutz zuerst verdampft und die darunter liegende Oberfl\u00e4che nur minimal besch\u00e4digt wird.<\/p>\n<\/div>\n<\/div>\n<\/div>\n<\/div>\n<\/div>\n<\/div>\n<div class=\"vc_row wpb_row vc_row-fluid\">\n<div class=\"wpb_column vc_column_container vc_col-sm-12\">\n<div class=\"vc_column-inner\">\n<div class=\"wpb_wrapper\">\n<div class=\"wpb_single_image wpb_content_element vc_align_left wpb_content_element\">\n<figure class=\"wpb_wrapper vc_figure\">\n<div class=\"vc_single_image-wrapper   vc_box_border_grey\"><img decoding=\"async\" class=\"vc_single_image-img attachment-full\" title=\"cw-Laserschwei\u00dfger\u00e4t\" src=\"https:\/\/bogonglaser.com\/wp-content\/uploads\/2024\/11\/cw-laser-welder.jpg\" sizes=\"auto, (max-width: 600px) 100vw, 600px\" srcset=\"https:\/\/bogonglaser.com\/wp-content\/uploads\/2024\/11\/cw-laser-welder.jpg 600w, https:\/\/bogonglaser.com\/wp-content\/uploads\/2024\/11\/cw-laser-welder-300x200.jpg 300w\" alt=\"cw-Laserschwei\u00dfger\u00e4t\" width=\"600\" height=\"400\" \/><\/div>\n<\/figure>\n<\/div>\n<\/div>\n<\/div>\n<\/div>\n<\/div>\n<div class=\"vc_row wpb_row vc_row-fluid\">\n<div class=\"wpb_column vc_column_container vc_col-sm-12\">\n<div class=\"vc_column-inner\">\n<div class=\"wpb_wrapper\">\n<div class=\"wpb_video_widget wpb_content_element vc_clearfix   vc_video-aspect-ratio-169 vc_video-el-width-100 vc_video-align-left\">\n<div class=\"wpb_wrapper\">\n<div class=\"wpb_video_wrapper\">\n<p><iframe title=\"Kleinste 1000W 1500W 2000W Rost Laser Reinigungsmaschine mit Fiber Raycus Max Reci Laser Quelle\" width=\"1290\" height=\"968\" src=\"https:\/\/www.youtube.com\/embed\/-or9ILVlGFA?feature=oembed\" frameborder=\"0\" allow=\"accelerometer; autoplay; clipboard-write; encrypted-media; gyroscope; picture-in-picture; web-share\" referrerpolicy=\"strict-origin-when-cross-origin\" allowfullscreen><\/iframe><\/p>\n<\/div>\n<\/div>\n<\/div>\n<\/div>\n<\/div>\n<\/div>\n<\/div>\n<div class=\"vc_row wpb_row vc_row-fluid\">\n<div class=\"wpb_column vc_column_container vc_col-sm-12\">\n<div class=\"vc_column-inner\">\n<div class=\"wpb_wrapper\">\n<div class=\"wpb_text_column wpb_content_element\">\n<div class=\"wpb_wrapper\">\n<p>Vorteile:<\/p>\n<p>\u2013 Non-contact cleaning, which minimizes damage to the base substrate.<br \/>\n\u2013 Precision cleaning: Targets specific areas using customized beam settings.<br \/>\n\u2013 Selective cleaning: Removes different layers of dirt individually based on their ablation thresholds.<br \/>\n\u2013 High cleaning efficiency.<br \/>\n\u2013 Compact and stable design, requiring minimal maintenance.<br \/>\n\u2013 User-friendly operation, or can be integrated with a robotic arm for automated cleaning.<br \/>\n\u2013 No chemicals, dry ice, or other cleaning materials needed. Just a few consumables make it safe and environmentally friendly.<\/p>\n<\/div>\n<\/div>\n<\/div>\n<\/div>\n<\/div>\n<\/div>\n<div class=\"vc_row wpb_row vc_row-fluid\">\n<div class=\"wpb_column vc_column_container vc_col-sm-12\">\n<div class=\"vc_column-inner\">\n<div class=\"wpb_wrapper\">\n<div class=\"wpb_text_column wpb_content_element\">\n<div class=\"wpb_wrapper\">\n<p><strong>Laserschwei\u00dfen Proben<\/strong><\/p>\n<\/div>\n<\/div>\n<div class=\"wpb_single_image wpb_content_element vc_align_left wpb_content_element\">\n<figure class=\"wpb_wrapper vc_figure\">\n<div class=\"vc_single_image-wrapper   vc_box_border_grey\"><img decoding=\"async\" class=\"vc_single_image-img attachment-full\" title=\"500W Pulslaser-Reiniger\" src=\"https:\/\/bogonglaser.com\/wp-content\/uploads\/2024\/11\/%E5%9B%BD%E6%BA%901000w%E6%B8%85%E6%B4%97%E6%9C%BA%E6%A0%B7%E5%93%81%E7%85%A7%E7%89%87-1.png\" sizes=\"auto, (max-width: 800px) 100vw, 800px\" srcset=\"https:\/\/bogonglaser.com\/wp-content\/uploads\/2024\/11\/\u56fd\u6e901000w\u6e05\u6d17\u673a\u6837\u54c1\u7167\u7247-1.png 800w, https:\/\/bogonglaser.com\/wp-content\/uploads\/2024\/11\/\u56fd\u6e901000w\u6e05\u6d17\u673a\u6837\u54c1\u7167\u7247-1-300x225.png 300w, https:\/\/bogonglaser.com\/wp-content\/uploads\/2024\/11\/\u56fd\u6e901000w\u6e05\u6d17\u673a\u6837\u54c1\u7167\u7247-1-768x576.png 768w, https:\/\/bogonglaser.com\/wp-content\/uploads\/2024\/11\/\u56fd\u6e901000w\u6e05\u6d17\u673a\u6837\u54c1\u7167\u7247-1-600x450.png 600w\" alt=\"500W Pusle Laser-Reinigungsmaschine\" width=\"800\" height=\"600\" \/><\/div>\n<\/figure>\n<\/div>\n<\/div>\n<\/div>\n<\/div>\n<\/div>\n<div class=\"vc_row wpb_row vc_row-fluid\">\n<div class=\"wpb_column vc_column_container vc_col-sm-12\">\n<div class=\"vc_column-inner\">\n<div class=\"wpb_wrapper\">\n<div class=\"wpb_text_column wpb_content_element\">\n<div class=\"wpb_wrapper\">\n<p>Warum setzen immer mehr Hersteller bei der Materialvorbereitung auf die Laserreinigung?<\/p>\n<p>Die Laserreinigung bietet mehrere Vorteile gegen\u00fcber herk\u00f6mmlichen Methoden. Zum einen werden keine L\u00f6sungs- und Schleifmittel ben\u00f6tigt, was die Entsorgung erschweren kann. Im Gegensatz zu anderen Verfahren, denen es m\u00f6glicherweise an Pr\u00e4zision mangelt und die oft manuelle Eingriffe erfordern, erm\u00f6glicht die Laserreinigung eine kontrollierte Anwendung auf bestimmte Bereiche eines Teils. Dieser Prozess kann leicht automatisiert werden, um die Produktivit\u00e4t zu steigern und die Wiederholbarkeit zu gew\u00e4hrleisten, die viele Qualit\u00e4tsstandards heute verlangen. Daher sehen die Hersteller die Laserreinigung als effizientere und zuverl\u00e4ssigere Option f\u00fcr die Materialvorbereitung an.<\/p>\n<\/div>\n<\/div>\n<\/div>\n<\/div>\n<\/div>\n<\/div>\n<div class=\"vc_row wpb_row vc_row-fluid\">\n<div class=\"wpb_column vc_column_container vc_col-sm-6\">\n<div class=\"vc_column-inner\">\n<div class=\"wpb_wrapper\">\n<div class=\"wpb_text_column wpb_content_element\">\n<div class=\"wpb_wrapper\">\n<h3><strong>Laser-Reinigungsmaschinen-System<\/strong><\/h3>\n<p>Laser k\u00f6nnen in praktisch allen Industriezweigen f\u00fcr die Hochgeschwindigkeitsreinigung und Oberfl\u00e4chenvorbereitung eingesetzt werden. Das wartungsarme, leicht zu automatisierende Verfahren kann zur Entfernung von \u00d6l und Fett, zum Abtragen von Farbe oder Beschichtungen oder zur Ver\u00e4nderung der Oberfl\u00e4chenbeschaffenheit, z. B. durch Hinzuf\u00fcgen von Rauheit zur Erh\u00f6hung der Haftung, eingesetzt werden.<\/p>\n<p>Es werden keine abrasiven Materialien verwendet, so dass es keine Probleme mit der Abscheidung und Entsorgung von Verunreinigungen gibt.<\/p>\n<p>No solvents are used \u2013 chemical-free and environmentally friendly process<\/p>\n<p>R\u00e4umliche Selektivit\u00e4t - Reinigung nur des erforderlichen Bereichs, wodurch Zeit und Kosten gespart werden, indem unwichtige Bereiche ignoriert werden<\/p>\n<\/div>\n<\/div>\n<\/div>\n<\/div>\n<\/div>\n<div class=\"wpb_column vc_column_container vc_col-sm-6\">\n<div class=\"vc_column-inner\">\n<div class=\"wpb_wrapper\">\n<div class=\"wpb_single_image wpb_content_element vc_align_left wpb_content_element\">\n<figure class=\"wpb_wrapper vc_figure\">\n<div class=\"vc_single_image-wrapper   vc_box_border_grey\"><img decoding=\"async\" class=\"vc_single_image-img attachment-full\" title=\"Laser-Reinigungsmaschine cw\" src=\"https:\/\/bogonglaser.com\/wp-content\/uploads\/2024\/11\/laser-cleaning-machine-cw.jpg\" sizes=\"auto, (max-width: 600px) 100vw, 600px\" srcset=\"https:\/\/bogonglaser.com\/wp-content\/uploads\/2024\/11\/laser-cleaning-machine-cw.jpg 600w, https:\/\/bogonglaser.com\/wp-content\/uploads\/2024\/11\/laser-cleaning-machine-cw-300x183.jpg 300w\" alt=\"Laser-Reinigungsmaschine cw\" width=\"600\" height=\"366\" \/><\/div>\n<\/figure>\n<\/div>\n<\/div>\n<\/div>\n<\/div>\n<\/div>\n<div class=\"vc_row wpb_row vc_row-fluid\">\n<div class=\"wpb_column vc_column_container vc_col-sm-12\">\n<div class=\"vc_column-inner\">\n<div class=\"wpb_wrapper\">\n<div class=\"wpb_text_column wpb_content_element\">\n<div class=\"wpb_wrapper\">\n<p><strong>Verpackung des Laserschwei\u00dfger\u00e4ts<\/strong><\/p>\n<\/div>\n<\/div>\n<div class=\"wpb_single_image wpb_content_element vc_align_left wpb_content_element\">\n<figure class=\"wpb_wrapper vc_figure\">\n<div class=\"vc_single_image-wrapper   vc_box_border_grey\"><img decoding=\"async\" class=\"vc_single_image-img attachment-full\" title=\"Laserschwei\u00dfger\u00e4t (1)\" src=\"https:\/\/bogonglaser.com\/wp-content\/uploads\/2024\/11\/laser-welder-machine-1.jpg\" sizes=\"auto, (max-width: 719px) 100vw, 719px\" srcset=\"https:\/\/bogonglaser.com\/wp-content\/uploads\/2024\/11\/laser-welder-machine-1.jpg 719w, https:\/\/bogonglaser.com\/wp-content\/uploads\/2024\/11\/laser-welder-machine-1-300x117.jpg 300w, https:\/\/bogonglaser.com\/wp-content\/uploads\/2024\/11\/laser-welder-machine-1-600x234.jpg 600w\" alt=\"Laserschwei\u00dfger\u00e4t 1\" width=\"719\" height=\"280\" \/><\/div>\n<\/figure>\n<\/div>\n<\/div>\n<\/div>\n<\/div>\n<\/div>\n<div class=\"vc_row wpb_row vc_row-fluid\">\n<div class=\"wpb_column vc_column_container vc_col-sm-12\">\n<div class=\"vc_column-inner\">\n<div class=\"wpb_wrapper\">\n<div class=\"wpb_text_column wpb_content_element\">\n<div class=\"wpb_wrapper\">\n<p>**Warum w\u00e4hlen Sie BOGONG LASER**<\/p>\n<p>BOGONG famous for it\u2019s quality of laser equipment and service for aftersale service, Our machines are versatile and user-friendly, designed with all skill levels in mind. Above all, we prioritize customer satisfaction. Whether you\u2019re a seasoned expert or a beginner,\u00a0BOGONG LASER\u00a0is here to support you every step of the way. Trust us and our service, where excellence and innovation come together for your success.<\/p>\n<\/div>\n<\/div>\n<\/div>\n<\/div>\n<\/div>\n<\/div>","protected":false},"excerpt":{"rendered":"<h2>CW-Faserlaser-Reinigungsmaschine<\/h2>\n<p>Wenn Sie Rost auf gro\u00dfen Fl\u00e4chen entfernen wollen, ist eine CW-Laser-Reinigungsmaschine eine gro\u00dfe Hilfe. 1500W 2000W 3000W Laser-Reinigungsmaschine<\/p>\n<ul class=\"tips\">\n<li>350 Sets \/ Monat Warten auf Verkauf Auf Lager<\/li>\n<li>2 Jahre beschr\u00e4nkte Garantie f\u00fcr die gesamte Maschine<\/li>\n<li>Online (PayPal) und Offline (T\/T, Debit- und Kreditkarten)<\/li>\n<li>Lebenslanger kostenloser technischer Support f\u00fcr Endverbraucher und H\u00e4ndler<\/li>\n<\/ul>","protected":false},"featured_media":1821,"template":"","meta":{"_gspb_post_css":""},"product_brand":[],"product_cat":[94],"product_tag":[109,108,107],"class_list":{"0":"post-1904","1":"product","2":"type-product","3":"status-publish","4":"has-post-thumbnail","6":"product_cat-laser-cleaning-machine","7":"product_tag-fiber-laser-welder","8":"product_tag-handheld-laser-welder","9":"product_tag-laser-welding-machine","11":"first","12":"instock","13":"shipping-taxable","14":"product-type-simple"},"_links":{"self":[{"href":"https:\/\/bogonglaser.com\/de\/wp-json\/wp\/v2\/product\/1904","targetHints":{"allow":["GET"]}}],"collection":[{"href":"https:\/\/bogonglaser.com\/de\/wp-json\/wp\/v2\/product"}],"about":[{"href":"https:\/\/bogonglaser.com\/de\/wp-json\/wp\/v2\/types\/product"}],"wp:featuredmedia":[{"embeddable":true,"href":"https:\/\/bogonglaser.com\/de\/wp-json\/wp\/v2\/media\/1821"}],"wp:attachment":[{"href":"https:\/\/bogonglaser.com\/de\/wp-json\/wp\/v2\/media?parent=1904"}],"wp:term":[{"taxonomy":"product_brand","embeddable":true,"href":"https:\/\/bogonglaser.com\/de\/wp-json\/wp\/v2\/product_brand?post=1904"},{"taxonomy":"product_cat","embeddable":true,"href":"https:\/\/bogonglaser.com\/de\/wp-json\/wp\/v2\/product_cat?post=1904"},{"taxonomy":"product_tag","embeddable":true,"href":"https:\/\/bogonglaser.com\/de\/wp-json\/wp\/v2\/product_tag?post=1904"}],"curies":[{"name":"wp","href":"https:\/\/api.w.org\/{rel}","templated":true}]}}