{"id":1889,"date":"2024-11-21T11:05:13","date_gmt":"2024-11-21T03:05:13","guid":{"rendered":"https:\/\/bogonglaser.com\/?post_type=product&#038;p=1889"},"modified":"2025-12-10T18:18:45","modified_gmt":"2025-12-10T10:18:45","slug":"200w-popular-mini-laser-welding-machine-with-ccd","status":"publish","type":"product","link":"https:\/\/bogonglaser.com\/de\/200w-popular-mini-laser-welding-machine-with-ccd\/","title":{"rendered":"200W Beliebte Mini-Laserschwei\u00dfmaschine mit CCD"},"content":{"rendered":"<div class=\"vc_row wpb_row vc_row-fluid\">\n<div class=\"wpb_column vc_column_container vc_col-sm-12\">\n<div class=\"vc_column-inner\">\n<div class=\"wpb_wrapper\">\n<div class=\"wpb_text_column wpb_content_element\">\n<div class=\"wpb_wrapper\">\n<p>Der YAG-Schmuck<a href=\"https:\/\/bogonglaser.com\/de\/laser-welding-machine\/\">\u00a0Laserschwei\u00dfmaschine<\/a>\u00a0ist ein Spezialwerkzeug f\u00fcr die Schmuckindustrie, das Lasertechnologie f\u00fcr pr\u00e4zises Metallschwei\u00dfen nutzt. Dieses kompakte und pr\u00e4zise Ger\u00e4t wurde f\u00fcr verschiedene Anwendungen entwickelt, z. B. zum Punktschwei\u00dfen, Durchstechen, Reparieren, Neubeschichten und Anpassen der Gr\u00f6\u00dfe von Schmuck aus Gold, Silber, Titan und Platin sowie f\u00fcr Brillengestelle, Uhren, Formen, zum Schwei\u00dfen im Dentalbereich und zum \u00dcberbr\u00fccken von L\u00fccken in kleinen Accessoires.<\/p>\n<\/div>\n<\/div>\n<\/div>\n<\/div>\n<\/div>\n<\/div>\n<div class=\"vc_row wpb_row vc_row-fluid\">\n<div class=\"wpb_column vc_column_container vc_col-sm-12\">\n<div class=\"vc_column-inner\">\n<div class=\"wpb_wrapper\">\n<div class=\"wpb_single_image wpb_content_element vc_align_left wpb_content_element\">\n<figure class=\"wpb_wrapper vc_figure\">\n<div class=\"vc_single_image-wrapper vc_box_border_grey\"><img decoding=\"async\" class=\"vc_single_image-img attachment-full\" title=\"\u6a59\u767d\u73e0\u5b9d\u710a\u73b0\u573a\u62cd\u64443\" src=\"https:\/\/bogonglaser.com\/wp-content\/uploads\/2024\/11\/%E6%A9%99%E7%99%BD%E7%8F%A0%E5%AE%9D%E7%84%8A%E7%8E%B0%E5%9C%BA%E6%8B%8D%E6%91%843.png\" sizes=\"auto, (max-width: 800px) 100vw, 800px\" srcset=\"https:\/\/bogonglaser.com\/wp-content\/uploads\/2024\/11\/\u6a59\u767d\u73e0\u5b9d\u710a\u73b0\u573a\u62cd\u64443.png 800w, https:\/\/bogonglaser.com\/wp-content\/uploads\/2024\/11\/\u6a59\u767d\u73e0\u5b9d\u710a\u73b0\u573a\u62cd\u64443-300x225.png 300w, https:\/\/bogonglaser.com\/wp-content\/uploads\/2024\/11\/\u6a59\u767d\u73e0\u5b9d\u710a\u73b0\u573a\u62cd\u64443-768x576.png 768w, https:\/\/bogonglaser.com\/wp-content\/uploads\/2024\/11\/\u6a59\u767d\u73e0\u5b9d\u710a\u73b0\u573a\u62cd\u64443-600x450.png 600w\" alt=\"Laserschwei\u00dfger\u00e4t f\u00fcr Schmuck\" width=\"800\" height=\"600\" \/><\/div>\n<\/figure>\n<\/div>\n<\/div>\n<\/div>\n<\/div>\n<\/div>\n<div class=\"vc_row wpb_row vc_row-fluid\">\n<div class=\"wpb_column vc_column_container vc_col-sm-12\">\n<div class=\"vc_column-inner\">\n<div class=\"wpb_wrapper\">\n<div class=\"wpb_text_column wpb_content_element\">\n<div class=\"wpb_wrapper\">\n<ul class=\"sisma__products--product-features sisma__typography--s1\">\n<li class=\"is-root\">Gro\u00dfer Bedienerkomfort an der Haust\u00fcr.<\/li>\n<li class=\"is-root\">Smart-Point-Technologie f\u00fcr gleichbleibende Schwei\u00dfqualit\u00e4t und -konsistenz.<\/li>\n<li class=\"is-root\">CCD-Kamera (optional)<\/li>\n<\/ul>\n<\/div>\n<\/div>\n<\/div>\n<\/div>\n<\/div>\n<\/div>\n<div class=\"vc_row wpb_row vc_row-fluid\">\n<div class=\"wpb_column vc_column_container vc_col-sm-12\">\n<div class=\"vc_column-inner\">\n<div class=\"wpb_wrapper\">\n<div class=\"wpb_single_image wpb_content_element vc_align_left wpb_content_element\">\n<figure class=\"wpb_wrapper vc_figure\">\n<div class=\"vc_single_image-wrapper vc_box_border_grey\"><img decoding=\"async\" class=\"vc_single_image-img attachment-full\" title=\"\u6a59\u767d\u73e0\u5b9d\u710a\u73b0\u573a\u62cd\u64442\" src=\"https:\/\/bogonglaser.com\/wp-content\/uploads\/2024\/11\/%E6%A9%99%E7%99%BD%E7%8F%A0%E5%AE%9D%E7%84%8A%E7%8E%B0%E5%9C%BA%E6%8B%8D%E6%91%842.png\" sizes=\"auto, (max-width: 800px) 100vw, 800px\" srcset=\"https:\/\/bogonglaser.com\/wp-content\/uploads\/2024\/11\/\u6a59\u767d\u73e0\u5b9d\u710a\u73b0\u573a\u62cd\u64442.png 800w, https:\/\/bogonglaser.com\/wp-content\/uploads\/2024\/11\/\u6a59\u767d\u73e0\u5b9d\u710a\u73b0\u573a\u62cd\u64442-300x225.png 300w, https:\/\/bogonglaser.com\/wp-content\/uploads\/2024\/11\/\u6a59\u767d\u73e0\u5b9d\u710a\u73b0\u573a\u62cd\u64442-768x576.png 768w, https:\/\/bogonglaser.com\/wp-content\/uploads\/2024\/11\/\u6a59\u767d\u73e0\u5b9d\u710a\u73b0\u573a\u62cd\u64442-600x450.png 600w\" alt=\"Laserschwei\u00dfger\u00e4t f\u00fcr Schmuck\" width=\"800\" height=\"600\" \/><\/div>\n<\/figure>\n<\/div>\n<\/div>\n<\/div>\n<\/div>\n<\/div>\n<div class=\"vc_row wpb_row vc_row-fluid\">\n<div class=\"wpb_column vc_column_container vc_col-sm-12\">\n<div class=\"vc_column-inner\">\n<div class=\"wpb_wrapper\">\n<div class=\"wpb_text_column wpb_content_element\">\n<div class=\"wpb_wrapper\">\n<p>1. Liefert eine hohe Schwei\u00dfqualit\u00e4t mit sauberen Spaltma\u00dfen und macht eine Nachbearbeitung \u00fcberfl\u00fcssig, wodurch sich die Passierrate der fertigen Produkte deutlich erh\u00f6ht.<br \/>\n2. Hohe Produktivit\u00e4t mit schnellen Schwei\u00dfgeschwindigkeiten und leisem Betrieb, wodurch die Effizienz erheblich gesteigert und die Schwei\u00dfzeit reduziert wird.<br \/>\n3. Das kompakte und elegante Design ist benutzerfreundlich und ergonomisch und erm\u00f6glicht eine komfortable und erm\u00fcdungsfreie Langzeitnutzung.<br \/>\n4. Ausgestattet mit einem 7-Zoll-LED-Display, das in mehreren Sprachen, darunter Chinesisch, Englisch, Russisch und Spanisch, verf\u00fcgbar ist, sowie mit einer Blasschutzvorrichtung.<br \/>\n5. Ein CCD-\u00dcberwachungssystem kann mit einem 10X-Mikroskop integriert werden, um die Pr\u00e4zision zu erh\u00f6hen.<br \/>\n6. Kompakte Bauweise mit eingebautem Wassertank<br \/>\n7. Bietet personalisierte Anpassungsoptionen f\u00fcr spezifische Anforderungen.<\/p>\n<\/div>\n<\/div>\n<\/div>\n<\/div>\n<\/div>\n<\/div>\n<div class=\"vc_row wpb_row vc_row-fluid\">\n<div class=\"wpb_column vc_column_container vc_col-sm-12\">\n<div class=\"vc_column-inner\">\n<div class=\"wpb_wrapper\">\n<div class=\"wpb_single_image wpb_content_element vc_align_left wpb_content_element\">\n<figure class=\"wpb_wrapper vc_figure\">\n<div class=\"vc_single_image-wrapper vc_box_border_grey\"><img decoding=\"async\" class=\"vc_single_image-img attachment-full\" title=\"\u6a59\u767d\u73e0\u5b9d\u710a\u6837\u54c1\u7167\u7247\" src=\"https:\/\/bogonglaser.com\/wp-content\/uploads\/2024\/11\/%E6%A9%99%E7%99%BD%E7%8F%A0%E5%AE%9D%E7%84%8A%E6%A0%B7%E5%93%81%E7%85%A7%E7%89%87.png\" sizes=\"auto, (max-width: 800px) 100vw, 800px\" srcset=\"https:\/\/bogonglaser.com\/wp-content\/uploads\/2024\/11\/\u6a59\u767d\u73e0\u5b9d\u710a\u6837\u54c1\u7167\u7247.png 800w, https:\/\/bogonglaser.com\/wp-content\/uploads\/2024\/11\/\u6a59\u767d\u73e0\u5b9d\u710a\u6837\u54c1\u7167\u7247-300x225.png 300w, https:\/\/bogonglaser.com\/wp-content\/uploads\/2024\/11\/\u6a59\u767d\u73e0\u5b9d\u710a\u6837\u54c1\u7167\u7247-768x576.png 768w, https:\/\/bogonglaser.com\/wp-content\/uploads\/2024\/11\/\u6a59\u767d\u73e0\u5b9d\u710a\u6837\u54c1\u7167\u7247-600x450.png 600w\" alt=\"Schmuck-Laserschwei\u00dfger\u00e4t\" width=\"800\" height=\"600\" \/><\/div>\n<\/figure>\n<\/div>\n<\/div>\n<\/div>\n<\/div>\n<\/div>\n<div class=\"vc_row wpb_row vc_row-fluid\">\n<div class=\"wpb_column vc_column_container vc_col-sm-12\">\n<div class=\"vc_column-inner\">\n<div class=\"wpb_wrapper\">\n<div class=\"wpb_video_widget wpb_content_element vc_clearfix vc_video-aspect-ratio-169 vc_video-el-width-70 vc_video-align-left\">\n<div class=\"wpb_wrapper\">\n<div class=\"wpb_video_wrapper\">\n<p><iframe title=\"Beliebteste Mini 200W Schmuck Schwei\u00dfen Laser Maschine zum Verkauf | Gold Silber SS Laserschwei\u00dfer\" width=\"1290\" height=\"726\" src=\"https:\/\/www.youtube.com\/embed\/goD9u4uAIak?feature=oembed\" frameborder=\"0\" allow=\"accelerometer; autoplay; clipboard-write; encrypted-media; gyroscope; picture-in-picture; web-share\" referrerpolicy=\"strict-origin-when-cross-origin\" allowfullscreen><\/iframe><\/p>\n<\/div>\n<\/div>\n<\/div>\n<\/div>\n<\/div>\n<\/div>\n<\/div>\n<div class=\"vc_row wpb_row vc_row-fluid\">\n<div class=\"wpb_column vc_column_container vc_col-sm-12\">\n<div class=\"vc_column-inner\">\n<div class=\"wpb_wrapper\">\n<div class=\"wpb_text_column wpb_content_element\">\n<div class=\"wpb_wrapper\">\n<p><strong>Laserschwei\u00dfen Proben<\/strong><\/p>\n<\/div>\n<\/div>\n<div class=\"wpb_single_image wpb_content_element vc_align_left wpb_content_element\">\n<figure class=\"wpb_wrapper vc_figure\">\n<div class=\"vc_single_image-wrapper vc_box_border_grey\"><img decoding=\"async\" class=\"vc_single_image-img attachment-full\" title=\"\u6a59\u767d\u73e0\u5b9d\u710a\u5de5\u5382\u7167\u7247 (1)\" src=\"https:\/\/bogonglaser.com\/wp-content\/uploads\/2024\/11\/%E6%A9%99%E7%99%BD%E7%8F%A0%E5%AE%9D%E7%84%8A%E5%B7%A5%E5%8E%82%E7%85%A7%E7%89%87-1.png\" sizes=\"auto, (max-width: 800px) 100vw, 800px\" srcset=\"https:\/\/bogonglaser.com\/wp-content\/uploads\/2024\/11\/\u6a59\u767d\u73e0\u5b9d\u710a\u5de5\u5382\u7167\u7247-1.png 800w, https:\/\/bogonglaser.com\/wp-content\/uploads\/2024\/11\/\u6a59\u767d\u73e0\u5b9d\u710a\u5de5\u5382\u7167\u7247-1-300x225.png 300w, https:\/\/bogonglaser.com\/wp-content\/uploads\/2024\/11\/\u6a59\u767d\u73e0\u5b9d\u710a\u5de5\u5382\u7167\u7247-1-768x576.png 768w, https:\/\/bogonglaser.com\/wp-content\/uploads\/2024\/11\/\u6a59\u767d\u73e0\u5b9d\u710a\u5de5\u5382\u7167\u7247-1-600x450.png 600w\" alt=\"Schmuck-Laserschwei\u00dfger\u00e4t\" width=\"800\" height=\"600\" \/><\/div>\n<\/figure>\n<\/div>\n<\/div>\n<\/div>\n<\/div>\n<\/div>\n<div class=\"vc_row wpb_row vc_row-fluid\">\n<div class=\"wpb_column vc_column_container vc_col-sm-12\">\n<div class=\"vc_column-inner\">\n<div class=\"wpb_wrapper\">\n<div class=\"wpb_text_column wpb_content_element\">\n<div class=\"wpb_wrapper\">\n<p><strong>Verpackung des Laserschwei\u00dfger\u00e4ts<\/strong><\/p>\n<\/div>\n<\/div>\n<div class=\"wpb_single_image wpb_content_element vc_align_left wpb_content_element\">\n<figure class=\"wpb_wrapper vc_figure\">\n<div class=\"vc_single_image-wrapper vc_box_border_grey\"><img decoding=\"async\" class=\"vc_single_image-img attachment-full\" title=\"LASERSCHWEISSER-SCHMUCK\" src=\"https:\/\/bogonglaser.com\/wp-content\/uploads\/2024\/11\/LASER-WELDER-JEWELRY.jpg\" sizes=\"auto, (max-width: 800px) 100vw, 800px\" srcset=\"https:\/\/bogonglaser.com\/wp-content\/uploads\/2024\/11\/LASER-WELDER-JEWELRY.jpg 800w, https:\/\/bogonglaser.com\/wp-content\/uploads\/2024\/11\/LASER-WELDER-JEWELRY-300x104.jpg 300w, https:\/\/bogonglaser.com\/wp-content\/uploads\/2024\/11\/LASER-WELDER-JEWELRY-768x265.jpg 768w, https:\/\/bogonglaser.com\/wp-content\/uploads\/2024\/11\/LASER-WELDER-JEWELRY-600x207.jpg 600w\" alt=\"LASERSCHWEISSER-SCHMUCK\" width=\"800\" height=\"276\" \/><\/div>\n<\/figure>\n<\/div>\n<\/div>\n<\/div>\n<\/div>\n<\/div>\n<div class=\"vc_row wpb_row vc_row-fluid\">\n<div class=\"wpb_column vc_column_container vc_col-sm-12\">\n<div class=\"vc_column-inner\">\n<div class=\"wpb_wrapper\">\n<div class=\"wpb_text_column wpb_content_element\">\n<div class=\"wpb_wrapper\">\n<p>**Warum w\u00e4hlen Sie BOGONG LASER**<\/p>\n<p>BOGONG famous for it\u2019s quality of laser equipment and service for aftersale service, Our machines are versatile and user-friendly, designed with all skill levels in mind. Above all, we prioritize customer satisfaction. Whether you\u2019re a seasoned expert or a beginner, BOGONG LASER is here to support you every step of the way. Trust us and our service, where excellence and innovation come together for your success.<\/p>\n<\/div>\n<\/div>\n<\/div>\n<\/div>\n<\/div>\n<\/div>","protected":false},"excerpt":{"rendered":"<h2>Hot Selling Schmuck Laserschwei\u00dfmaschine<\/h2>\n<p>Diese Mini 200W Schmuck mit CCD-Kamera im Inneren beliebtesten auf dem Markt, copetitive Preis mit hoher Qualit\u00e4t Leistung.<\/p>\n<ul class=\"tips\">\n<li>350 Sets \/ Monat Warten auf Verkauf Auf Lager<\/li>\n<li>2 Jahre beschr\u00e4nkte Garantie f\u00fcr die gesamte Maschine<\/li>\n<li>Online (PayPal) und Offline (T\/T, Debit- und Kreditkarten)<\/li>\n<li>Lebenslanger kostenloser technischer Support f\u00fcr Endverbraucher und H\u00e4ndler<\/li>\n<\/ul>","protected":false},"featured_media":1898,"template":"","meta":{"_gspb_post_css":""},"product_brand":[],"product_cat":[116,95],"product_tag":[114,113,107],"class_list":{"0":"post-1889","1":"product","2":"type-product","3":"status-publish","4":"has-post-thumbnail","6":"product_cat-jewelry-laser-welder","7":"product_cat-laser-welding-machine","8":"product_tag-gold-siver-laser-welder","9":"product_tag-jewelry-laser-welder","10":"product_tag-laser-welding-machine","12":"first","13":"instock","14":"shipping-taxable","15":"product-type-simple"},"_links":{"self":[{"href":"https:\/\/bogonglaser.com\/de\/wp-json\/wp\/v2\/product\/1889","targetHints":{"allow":["GET"]}}],"collection":[{"href":"https:\/\/bogonglaser.com\/de\/wp-json\/wp\/v2\/product"}],"about":[{"href":"https:\/\/bogonglaser.com\/de\/wp-json\/wp\/v2\/types\/product"}],"wp:featuredmedia":[{"embeddable":true,"href":"https:\/\/bogonglaser.com\/de\/wp-json\/wp\/v2\/media\/1898"}],"wp:attachment":[{"href":"https:\/\/bogonglaser.com\/de\/wp-json\/wp\/v2\/media?parent=1889"}],"wp:term":[{"taxonomy":"product_brand","embeddable":true,"href":"https:\/\/bogonglaser.com\/de\/wp-json\/wp\/v2\/product_brand?post=1889"},{"taxonomy":"product_cat","embeddable":true,"href":"https:\/\/bogonglaser.com\/de\/wp-json\/wp\/v2\/product_cat?post=1889"},{"taxonomy":"product_tag","embeddable":true,"href":"https:\/\/bogonglaser.com\/de\/wp-json\/wp\/v2\/product_tag?post=1889"}],"curies":[{"name":"wp","href":"https:\/\/api.w.org\/{rel}","templated":true}]}}