{"id":1869,"date":"2024-11-20T16:27:34","date_gmt":"2024-11-20T08:27:34","guid":{"rendered":"https:\/\/bogonglaser.com\/?post_type=product&#038;p=1869"},"modified":"2025-12-10T18:23:35","modified_gmt":"2025-12-10T10:23:35","slug":"air-cooling-handheld-laser-welding-machine-for-sale","status":"publish","type":"product","link":"https:\/\/bogonglaser.com\/de\/air-cooling-handheld-laser-welding-machine-for-sale\/","title":{"rendered":"Luft-K\u00fchlung Handheld-Laser-Schwei\u00dfmaschine zu verkaufen"},"content":{"rendered":"<div class=\"vc_row wpb_row vc_row-fluid\">\n<div class=\"wpb_column vc_column_container vc_col-sm-12\">\n<div class=\"vc_column-inner\">\n<div class=\"wpb_wrapper\">\n<div class=\"wpb_text_column wpb_content_element\">\n<div class=\"wpb_wrapper\">\n<p>Ein luftgek\u00fchltes Laserschwei\u00dfger\u00e4t ist eine Pr\u00e4zisionsschwei\u00dfmaschine, die mit einem hochenergetischen Laserstrahl Metalle schmilzt und Teile zusammenf\u00fcgt. Im Gegensatz zu wassergek\u00fchlten Systemen, die eine K\u00fchlfl\u00fcssigkeit zur W\u00e4rmeableitung ben\u00f6tigen, sind luftgek\u00fchlte Laserschwei\u00dfger\u00e4te zur K\u00fchlung w\u00e4hrend des Betriebs auf die Umgebungsluft angewiesen. Diese Konstruktion vereinfacht die Wartung, reduziert den Bedarf an zus\u00e4tzlichen Komponenten und erm\u00f6glicht kompaktere Aufbauten.<\/p>\n<p>Luftgek\u00fchlte Laserschwei\u00dfger\u00e4te sind besonders dort beliebt, wo Tragbarkeit und Benutzerfreundlichkeit wichtig sind, z. B. in kleinen Werkst\u00e4tten oder bei Reparaturen vor Ort. Sie werden auch h\u00e4ufig in industriellen Anwendungen eingesetzt, die pr\u00e4zises Schwei\u00dfen erfordern, z. B. in der Automobil-, Luft- und Raumfahrt-, Schiffbau- und Elektronikindustrie.<\/p>\n<\/div>\n<\/div>\n<\/div>\n<\/div>\n<\/div>\n<\/div>\n<div class=\"vc_row wpb_row vc_row-fluid\">\n<div class=\"wpb_column vc_column_container vc_col-sm-12\">\n<div class=\"vc_column-inner\">\n<div class=\"wpb_wrapper\">\n<div class=\"wpb_video_widget wpb_content_element vc_clearfix   vc_video-aspect-ratio-169 vc_video-el-width-60 vc_video-align-left\">\n<div class=\"wpb_wrapper\">\n<h2 class=\"wpb_heading wpb_video_heading\">Luftk\u00fchlung Laserschwei\u00dfger\u00e4t anzeigen<\/h2>\n<div class=\"wpb_video_wrapper\">\n<p><iframe title=\"Luftk\u00fchlung Handlaserschwei\u00dfger\u00e4t | Kleinste tragbare Laserschwei\u00dfmaschine\" width=\"1290\" height=\"726\" src=\"https:\/\/www.youtube.com\/embed\/LVOF1nyCNCs?feature=oembed\" frameborder=\"0\" allow=\"accelerometer; autoplay; clipboard-write; encrypted-media; gyroscope; picture-in-picture; web-share\" referrerpolicy=\"strict-origin-when-cross-origin\" allowfullscreen><\/iframe><\/p>\n<\/div>\n<\/div>\n<\/div>\n<\/div>\n<\/div>\n<\/div>\n<\/div>\n<div class=\"vc_row wpb_row vc_row-fluid\">\n<div class=\"wpb_column vc_column_container vc_col-sm-12\">\n<div class=\"vc_column-inner\">\n<div class=\"wpb_wrapper\">\n<div class=\"wpb_single_image wpb_content_element vc_align_left wpb_content_element\">\n<figure class=\"wpb_wrapper vc_figure\">\n<div class=\"vc_single_image-wrapper   vc_box_border_grey\"><img decoding=\"async\" class=\"vc_single_image-img attachment-full\" title=\"Luftk\u00fchlungs-Laserschwei\u00dfger\u00e4t\" src=\"https:\/\/bogonglaser.com\/wp-content\/uploads\/2024\/11\/air-cooling-laser-welder.jpg\" sizes=\"auto, (max-width: 600px) 100vw, 600px\" srcset=\"https:\/\/bogonglaser.com\/wp-content\/uploads\/2024\/11\/air-cooling-laser-welder.jpg 600w, https:\/\/bogonglaser.com\/wp-content\/uploads\/2024\/11\/air-cooling-laser-welder-300x300.jpg 300w, https:\/\/bogonglaser.com\/wp-content\/uploads\/2024\/11\/air-cooling-laser-welder-150x150.jpg 150w, https:\/\/bogonglaser.com\/wp-content\/uploads\/2024\/11\/air-cooling-laser-welder-100x100.jpg 100w\" alt=\"Luftk\u00fchlungs-Laserschwei\u00dfger\u00e4t\" width=\"600\" height=\"600\" \/><\/div>\n<\/figure>\n<\/div>\n<\/div>\n<\/div>\n<\/div>\n<\/div>\n<div class=\"vc_row wpb_row vc_row-fluid\">\n<div class=\"wpb_column vc_column_container vc_col-sm-12\">\n<div class=\"vc_column-inner\">\n<div class=\"wpb_wrapper\">\n<div class=\"wpb_text_column wpb_content_element\">\n<div class=\"wpb_wrapper\">\n<p>Tragbarkeit<br \/>\nThe air-cooled\u00a0handheld laser welder\u00a0has a compact and lightweight design, making it highly portable.<\/p>\n<p>Flexibles Lichtwellenleiterkabel<br \/>\nThe laser beam is transmitted to the workpiece via a flexible fiber optic cable, allowing for precise direction of the laser where it\u2019s needed.<\/p>\n<p>Einstellbarer Fokus<br \/>\nDer Laserstrahl kann auf einen sehr feinen Punkt fokussiert werden, was ein hochpr\u00e4zises Schwei\u00dfen erm\u00f6glicht. Die Fokustiefe ist ebenfalls einstellbar, so dass Materialien unterschiedlicher Dicke bearbeitet werden k\u00f6nnen.<\/p>\n<p>Einfache Bedienung<br \/>\nDas intelligente Bedienfeld verf\u00fcgt \u00fcber eine benutzerfreundliche Schnittstelle f\u00fcr schnelle und einfache Einstellungen, die es dem Benutzer erm\u00f6glicht, seine Schwei\u00dfprojekte von einer einzigen Einrichtung aus effizient zu verwalten.<\/p>\n<p>Vielseitig<br \/>\nF\u00fcr unterschiedliche Schwei\u00dfanforderungen sind Kupferd\u00fcsen im Lieferumfang enthalten, die eine gr\u00f6\u00dfere Flexibilit\u00e4t bei verschiedenen Schwei\u00dfwinkeln, Materialien und gew\u00fcnschten Effekten bieten.<\/p>\n<\/div>\n<\/div>\n<\/div>\n<\/div>\n<\/div>\n<\/div>\n<div class=\"vc_row wpb_row vc_row-fluid\">\n<div class=\"wpb_column vc_column_container vc_col-sm-12\">\n<div class=\"vc_column-inner\">\n<div class=\"wpb_wrapper\">\n<div class=\"wpb_single_image wpb_content_element vc_align_left wpb_content_element\">\n<figure class=\"wpb_wrapper vc_figure\">\n<div class=\"vc_single_image-wrapper   vc_box_border_grey\"><img decoding=\"async\" class=\"vc_single_image-img attachment-full\" title=\"luftgek\u00fchlte Laserschwei\u00dfmaschine\" src=\"https:\/\/bogonglaser.com\/wp-content\/uploads\/2024\/11\/air-cooling-laser-welding-machine.jpg\" sizes=\"auto, (max-width: 600px) 100vw, 600px\" srcset=\"https:\/\/bogonglaser.com\/wp-content\/uploads\/2024\/11\/air-cooling-laser-welding-machine.jpg 600w, https:\/\/bogonglaser.com\/wp-content\/uploads\/2024\/11\/air-cooling-laser-welding-machine-300x300.jpg 300w, https:\/\/bogonglaser.com\/wp-content\/uploads\/2024\/11\/air-cooling-laser-welding-machine-150x150.jpg 150w, https:\/\/bogonglaser.com\/wp-content\/uploads\/2024\/11\/air-cooling-laser-welding-machine-100x100.jpg 100w\" alt=\"luftgek\u00fchlte Laserschwei\u00dfmaschine\" width=\"600\" height=\"600\" \/><\/div>\n<\/figure>\n<\/div>\n<\/div>\n<\/div>\n<\/div>\n<\/div>\n<div class=\"vc_row wpb_row vc_row-fluid\">\n<div class=\"wpb_column vc_column_container vc_col-sm-12\">\n<div class=\"vc_column-inner\">\n<div class=\"wpb_wrapper\">\n<div class=\"wpb_text_column wpb_content_element\">\n<div class=\"wpb_wrapper\">\n<p>Faserlaser-Generator<br \/>\nDieser fortschrittliche Lasergenerator verf\u00fcgt \u00fcber unabh\u00e4ngige geistige Eigentumsrechte. Er zeichnet sich durch einen geringen Stromverbrauch aus, ist wartungsfrei und einfach zu montieren, was ihn zu einer idealen Laserquelle f\u00fcr industrielle Anwendungen beim Schwei\u00dfen, Schneiden und Reinigen macht.<\/p>\n<p>Laserschwei\u00dfpistole<br \/>\nDie leichte und benutzerfreundliche Laserschwei\u00dfpistole ist mit doppelten Schutzlinsen ausgestattet. Die innere Linse l\u00e4sst sich f\u00fcr einen schnellen Austausch leicht herausnehmen und gew\u00e4hrleistet eine stabile und zuverl\u00e4ssige Leistung.<\/p>\n<p>Controller<br \/>\nDas intuitive Bedienfeld umfasst Touch-Bedienelemente und bietet eine Vielzahl von Funktionen, darunter Schwei\u00df-, Reinigungs- und Schneidmodi. Au\u00dferdem gibt es eine spezielle Seite zur \u00dcberwachung der Daten der Laserquelle sowie technische Informationen und Unterst\u00fctzung in \u00fcber 20 Sprachen, um den unterschiedlichen Kundenbed\u00fcrfnissen gerecht zu werden.<\/p>\n<p>Automatischer Drahtvorschub<br \/>\nF\u00fcr Anwendungen, die eine h\u00f6here Schwei\u00dfkraft erfordern, oder wenn ein gro\u00dfer Schwei\u00dfspalt vorhanden ist, ist eine automatische Drahtvorschubvorrichtung enthalten.<\/p>\n<p>\u2013 It accommodates various welding wire specifications, including 0.8\/1.0\/1.2\/1.6 mm.<br \/>\n\u2013 The wire feeding speed is adjustable, allowing for quick and convenient operation.<\/p>\n<\/div>\n<\/div>\n<\/div>\n<\/div>\n<\/div>\n<\/div>\n<div class=\"vc_row wpb_row vc_row-fluid\">\n<div class=\"wpb_column vc_column_container vc_col-sm-12\">\n<div class=\"vc_column-inner\">\n<div class=\"wpb_wrapper\">\n<div class=\"wpb_single_image wpb_content_element vc_align_left wpb_content_element\">\n<figure class=\"wpb_wrapper vc_figure\">\n<div class=\"vc_single_image-wrapper   vc_box_border_grey\"><img decoding=\"async\" class=\"vc_single_image-img attachment-full\" title=\"Luftk\u00fchlungsschwei\u00dfger\u00e4t\" src=\"https:\/\/bogonglaser.com\/wp-content\/uploads\/2024\/11\/air-cooling-welder.jpg\" sizes=\"auto, (max-width: 600px) 100vw, 600px\" srcset=\"https:\/\/bogonglaser.com\/wp-content\/uploads\/2024\/11\/air-cooling-welder.jpg 600w, https:\/\/bogonglaser.com\/wp-content\/uploads\/2024\/11\/air-cooling-welder-300x300.jpg 300w, https:\/\/bogonglaser.com\/wp-content\/uploads\/2024\/11\/air-cooling-welder-150x150.jpg 150w, https:\/\/bogonglaser.com\/wp-content\/uploads\/2024\/11\/air-cooling-welder-100x100.jpg 100w\" alt=\"Luftk\u00fchlungsschwei\u00dfger\u00e4t\" width=\"600\" height=\"600\" \/><\/div>\n<\/figure>\n<\/div>\n<\/div>\n<\/div>\n<\/div>\n<\/div>\n<div class=\"vc_row wpb_row vc_row-fluid\">\n<div class=\"wpb_column vc_column_container vc_col-sm-12\">\n<div class=\"vc_column-inner\">\n<div class=\"wpb_wrapper\">\n<div class=\"wpb_text_column wpb_content_element\">\n<div class=\"wpb_wrapper\">\n<p>Anwendungen und Einsatzm\u00f6glichkeiten von luftgek\u00fchlten Laserschwei\u00dfger\u00e4ten<br \/>\nLuftgek\u00fchlte Faserlaser k\u00f6nnen eine breite Palette von Metallen schwei\u00dfen, darunter Edelstahl, Kohlenstoffstahl, Aluminium, Titan, Kupfer und Nickellegierungen. Die Effektivit\u00e4t der endg\u00fcltigen Schwei\u00dfnaht h\u00e4ngt von den spezifischen Eigenschaften der verwendeten Metalle, ihrer Dicke und der Art der Schwei\u00dfverbindung ab.<\/p>\n<p>Diese luftgek\u00fchlten Laserschwei\u00dfmaschinen sind besonders wertvoll in Branchen, in denen komplexe und unregelm\u00e4\u00dfige Schwei\u00dfaufgaben anfallen, z. B. bei der Herstellung von Schr\u00e4nken, K\u00fccheneinrichtungen, Treppenaufz\u00fcgen, Regalen, \u00d6fen, T\u00fcr- und Fenstergel\u00e4ndern aus Edelstahl, Verteilerk\u00e4sten und Einrichtungsgegenst\u00e4nden aus Edelstahl.<\/p>\n<p>Projekte<br \/>\nLuftgek\u00fchlte Laserschwei\u00dfger\u00e4te k\u00f6nnen in verschiedenen Winkeln betrieben werden, was sie vielseitig f\u00fcr verschiedene Arten von Metallverbindungen macht, wie z. B. Stumpf-, \u00dcberlappungs-, Eck-, T-St\u00fccke und Kantenverbindungen. Diese Flexibilit\u00e4t bei der Positionierung erm\u00f6glicht ein effektives Schwei\u00dfen von komplexen Formen und Profilen.<\/p>\n<\/div>\n<\/div>\n<\/div>\n<\/div>\n<\/div>\n<\/div>\n<div class=\"vc_row wpb_row vc_row-fluid\">\n<div class=\"wpb_column vc_column_container vc_col-sm-12\">\n<div class=\"vc_column-inner\">\n<div class=\"wpb_wrapper\">\n<div class=\"wpb_single_image wpb_content_element vc_align_left wpb_content_element\">\n<figure class=\"wpb_wrapper vc_figure\">\n<div class=\"vc_single_image-wrapper   vc_box_border_grey\"><img decoding=\"async\" class=\"vc_single_image-img attachment-full\" title=\"Handlaserschwei\u00dfen\" src=\"https:\/\/bogonglaser.com\/wp-content\/uploads\/2024\/11\/handheld-laser-welding.jpg\" sizes=\"auto, (max-width: 600px) 100vw, 600px\" srcset=\"https:\/\/bogonglaser.com\/wp-content\/uploads\/2024\/11\/handheld-laser-welding.jpg 600w, https:\/\/bogonglaser.com\/wp-content\/uploads\/2024\/11\/handheld-laser-welding-243x300.jpg 243w\" alt=\"Handlaserschwei\u00dfen\" width=\"600\" height=\"742\" \/><\/div>\n<\/figure>\n<\/div>\n<\/div>\n<\/div>\n<\/div>\n<\/div>\n<div class=\"vc_row wpb_row vc_row-fluid\">\n<div class=\"wpb_column vc_column_container vc_col-sm-12\">\n<div class=\"vc_column-inner\">\n<div class=\"wpb_wrapper\">\n<div class=\"wpb_text_column wpb_content_element\">\n<div class=\"wpb_wrapper\">\n<p><strong>Verpackung des Laserschwei\u00dfger\u00e4ts<\/strong><\/p>\n<\/div>\n<\/div>\n<div class=\"wpb_single_image wpb_content_element vc_align_left wpb_content_element\">\n<figure class=\"wpb_wrapper vc_figure\">\n<div class=\"vc_single_image-wrapper   vc_box_border_grey\"><img decoding=\"async\" class=\"vc_single_image-img attachment-full\" title=\"Handlaser-Schwei\u00dfger\u00e4t\" src=\"https:\/\/bogonglaser.com\/wp-content\/uploads\/2024\/11\/handheld-laser-welder-machine.jpg\" sizes=\"auto, (max-width: 600px) 100vw, 600px\" srcset=\"https:\/\/bogonglaser.com\/wp-content\/uploads\/2024\/11\/handheld-laser-welder-machine.jpg 600w, https:\/\/bogonglaser.com\/wp-content\/uploads\/2024\/11\/handheld-laser-welder-machine-300x154.jpg 300w\" alt=\"Handlaser-Schwei\u00dfger\u00e4t\" width=\"600\" height=\"308\" \/><\/div>\n<\/figure>\n<\/div>\n<\/div>\n<\/div>\n<\/div>\n<\/div>\n<div class=\"vc_row wpb_row vc_row-fluid\">\n<div class=\"wpb_column vc_column_container vc_col-sm-12\">\n<div class=\"vc_column-inner\">\n<div class=\"wpb_wrapper\">\n<div class=\"wpb_text_column wpb_content_element\">\n<div class=\"wpb_wrapper\">\n<p>**Warum w\u00e4hlen Sie BOGONG LASER**<\/p>\n<p>BOGONG famous for it\u2019s quality of laser equipment and service for aftersale service, Our machines are versatile and user-friendly, designed with all skill levels in mind. Above all, we prioritize customer satisfaction. Whether you\u2019re a seasoned expert or a beginner,\u00a0BOGONG LASER\u00a0is here to support you every step of the way. Trust us and our service, where excellence and innovation come together for your success.<\/p>\n<\/div>\n<\/div>\n<\/div>\n<\/div>\n<\/div>\n<\/div>","protected":false},"excerpt":{"rendered":"<h2>Luftgek\u00fchltes tragbares Laserschwei\u00dfger\u00e4t mit Handschwei\u00dfpistole<\/h2>\n<p>Sie suchen ein erschwingliches Schwei\u00dfger\u00e4t f\u00fcr pr\u00e4zise Metallverbindungen? Schauen Sie sich dieses einsteigerfreundliche, luftgek\u00fchlte, tragbare Laserschwei\u00dfger\u00e4t mit einer handgef\u00fchrten Laserschwei\u00dfpistole an.<\/p>\n<ul class=\"tips\">\n<li>350 Sets \/ Monat Warten auf Verkauf Auf Lager<\/li>\n<li>2 Jahre beschr\u00e4nkte Garantie f\u00fcr die gesamte Maschine<\/li>\n<li>Online (PayPal) und Offline (T\/T, Debit- und Kreditkarten)<\/li>\n<li>Lebenslanger kostenloser technischer Support f\u00fcr Endverbraucher und H\u00e4ndler<\/li>\n<\/ul>","protected":false},"featured_media":1870,"template":"","meta":{"_gspb_post_css":""},"product_brand":[],"product_cat":[115,95],"product_tag":[109,108,107],"class_list":{"0":"post-1869","1":"product","2":"type-product","3":"status-publish","4":"has-post-thumbnail","6":"product_cat-handheld-laser-welder","7":"product_cat-laser-welding-machine","8":"product_tag-fiber-laser-welder","9":"product_tag-handheld-laser-welder","10":"product_tag-laser-welding-machine","12":"first","13":"instock","14":"shipping-taxable","15":"product-type-simple"},"_links":{"self":[{"href":"https:\/\/bogonglaser.com\/de\/wp-json\/wp\/v2\/product\/1869","targetHints":{"allow":["GET"]}}],"collection":[{"href":"https:\/\/bogonglaser.com\/de\/wp-json\/wp\/v2\/product"}],"about":[{"href":"https:\/\/bogonglaser.com\/de\/wp-json\/wp\/v2\/types\/product"}],"wp:featuredmedia":[{"embeddable":true,"href":"https:\/\/bogonglaser.com\/de\/wp-json\/wp\/v2\/media\/1870"}],"wp:attachment":[{"href":"https:\/\/bogonglaser.com\/de\/wp-json\/wp\/v2\/media?parent=1869"}],"wp:term":[{"taxonomy":"product_brand","embeddable":true,"href":"https:\/\/bogonglaser.com\/de\/wp-json\/wp\/v2\/product_brand?post=1869"},{"taxonomy":"product_cat","embeddable":true,"href":"https:\/\/bogonglaser.com\/de\/wp-json\/wp\/v2\/product_cat?post=1869"},{"taxonomy":"product_tag","embeddable":true,"href":"https:\/\/bogonglaser.com\/de\/wp-json\/wp\/v2\/product_tag?post=1869"}],"curies":[{"name":"wp","href":"https:\/\/api.w.org\/{rel}","templated":true}]}}