{"id":1862,"date":"2024-11-20T15:53:11","date_gmt":"2024-11-20T07:53:11","guid":{"rendered":"https:\/\/bogonglaser.com\/?post_type=product&#038;p=1862"},"modified":"2025-12-10T18:21:58","modified_gmt":"2025-12-10T10:21:58","slug":"3-in-1-handheld-laser-welder","status":"publish","type":"product","link":"https:\/\/bogonglaser.com\/de\/3-in-1-handheld-laser-welder\/","title":{"rendered":"3 in 1 Handlaserschwei\u00dfger\u00e4t"},"content":{"rendered":"<div class=\"vc_row wpb_row vc_row-fluid\">\n<div class=\"wpb_column vc_column_container vc_col-sm-12\">\n<div class=\"vc_column-inner\">\n<div class=\"wpb_wrapper\">\n<div class=\"wpb_text_column wpb_content_element\">\n<div class=\"wpb_wrapper\">\n<p>Sind Sie auf der Suche nach einer 3-in-1-Laserschwei\u00dfmaschine, die Schwei\u00dfen, Reinigen und Schneiden in einem kann? Anstatt sich f\u00fcr separate Maschinen zu entscheiden - eine zum Schwei\u00dfen, eine andere zum Schneiden von Blechen und Rohren und eine weitere zum Reinigen von Rost, Farbe und Beschichtungen -, sollten Sie sich f\u00fcr eine L\u00f6sung entscheiden, die alles vereint.<\/p>\n<p>Einf\u00fchrung in die\u00a0<span class=\"___SText_pr68d-red-team\" data-ui-name=\"Link.Text\">3 in 1 Laserschwei\u00dfmaschine<\/span>, die vielseitige All-in-One-Lasermaschine Ihrer Tr\u00e4ume. Dieses leistungsstarke Ger\u00e4t kann verschiedene Arten, Gr\u00f6\u00dfen und Dicken von Metallplatten, Rohren und Profilen schwei\u00dfen. Es ist auch in der Lage, Materialien wie Edelstahl, Kohlenstoffstahl, Kupfer, Aluminium, Titan und einige Legierungen zu schneiden. Au\u00dferdem kann er eine Vielzahl von Substraten f\u00fcr die Oberfl\u00e4chenbehandlung effizient reinigen. Verabschieden Sie sich von dem \u00c4rger mit mehreren Maschinen und begr\u00fc\u00dfen Sie den Komfort der BGW!<\/p>\n<\/div>\n<\/div>\n<\/div>\n<\/div>\n<\/div>\n<\/div>\n<div class=\"vc_row wpb_row vc_row-fluid\">\n<div class=\"wpb_column vc_column_container vc_col-sm-12\">\n<div class=\"vc_column-inner\">\n<div class=\"wpb_wrapper\">\n<div class=\"wpb_single_image wpb_content_element vc_align_left wpb_content_element\">\n<figure class=\"wpb_wrapper vc_figure\">\n<div class=\"vc_single_image-wrapper   vc_box_border_grey\"><img decoding=\"async\" class=\"vc_single_image-img attachment-full\" title=\"Laserschwei\u00dfmaschine f\u00fcr Metall\" src=\"https:\/\/bogonglaser.com\/wp-content\/uploads\/2024\/11\/laser-welding-machine-for-metal.jpg\" sizes=\"auto, (max-width: 600px) 100vw, 600px\" srcset=\"https:\/\/bogonglaser.com\/wp-content\/uploads\/2024\/11\/laser-welding-machine-for-metal.jpg 600w, https:\/\/bogonglaser.com\/wp-content\/uploads\/2024\/11\/laser-welding-machine-for-metal-300x300.jpg 300w, https:\/\/bogonglaser.com\/wp-content\/uploads\/2024\/11\/laser-welding-machine-for-metal-150x150.jpg 150w, https:\/\/bogonglaser.com\/wp-content\/uploads\/2024\/11\/laser-welding-machine-for-metal-100x100.jpg 100w\" alt=\"Laserschwei\u00dfmaschine f\u00fcr Metall\" width=\"600\" height=\"600\" \/><\/div>\n<\/figure>\n<\/div>\n<\/div>\n<\/div>\n<\/div>\n<\/div>\n<div class=\"vc_row wpb_row vc_row-fluid\">\n<div class=\"wpb_column vc_column_container vc_col-sm-12\">\n<div class=\"vc_column-inner\">\n<div class=\"wpb_wrapper\">\n<div class=\"wpb_text_column wpb_content_element\">\n<div class=\"wpb_wrapper\">\n<p>Der 3-in-1-Laserschwei\u00dfer, -reiniger und -schneider ist ein All-in-One-Werkzeugsatz, der drei Funktionen vereint: Schwei\u00dfen, Schneiden und Reinigen. Es verf\u00fcgt \u00fcber einen Faserlasergenerator, eine Handlaserpistole, einen Wasserk\u00fchler und ein kombiniertes Steuerungssystem. Dieses tragbare und praktische Ger\u00e4t ist auf einfache Handhabung ausgelegt und eignet sich daher hervorragend f\u00fcr verschiedene Anwendungen.<\/p>\n<\/div>\n<\/div>\n<\/div>\n<\/div>\n<\/div>\n<\/div>\n<div class=\"vc_row wpb_row vc_row-fluid\">\n<div class=\"wpb_column vc_column_container vc_col-sm-12\">\n<div class=\"vc_column-inner\">\n<div class=\"wpb_wrapper\">\n<div class=\"wpb_single_image wpb_content_element vc_align_left wpb_content_element\">\n<figure class=\"wpb_wrapper vc_figure\">\n<div class=\"vc_single_image-wrapper   vc_box_border_grey\"><img decoding=\"async\" class=\"vc_single_image-img attachment-full\" title=\"Laserschwei\u00dfger\u00e4t f\u00fcr kleine Schr\u00e4nke (1)\" src=\"https:\/\/bogonglaser.com\/wp-content\/uploads\/2024\/11\/small-cabinet-laser-welder-1.jpg\" sizes=\"auto, (max-width: 1544px) 100vw, 1544px\" srcset=\"https:\/\/bogonglaser.com\/wp-content\/uploads\/2024\/11\/small-cabinet-laser-welder-1.jpg 1544w, https:\/\/bogonglaser.com\/wp-content\/uploads\/2024\/11\/small-cabinet-laser-welder-1-300x207.jpg 300w, https:\/\/bogonglaser.com\/wp-content\/uploads\/2024\/11\/small-cabinet-laser-welder-1-1024x705.jpg 1024w, https:\/\/bogonglaser.com\/wp-content\/uploads\/2024\/11\/small-cabinet-laser-welder-1-768x529.jpg 768w, https:\/\/bogonglaser.com\/wp-content\/uploads\/2024\/11\/small-cabinet-laser-welder-1-1536x1057.jpg 1536w, https:\/\/bogonglaser.com\/wp-content\/uploads\/2024\/11\/small-cabinet-laser-welder-1-600x413.jpg 600w, https:\/\/bogonglaser.com\/wp-content\/uploads\/2024\/11\/small-cabinet-laser-welder-1-1000x688.jpg 1000w\" alt=\"Laserschwei\u00dfger\u00e4t f\u00fcr kleine Schr\u00e4nke 1\" width=\"1544\" height=\"1063\" \/><\/div>\n<\/figure>\n<\/div>\n<\/div>\n<\/div>\n<\/div>\n<\/div>\n<div class=\"vc_row wpb_row vc_row-fluid\">\n<div class=\"wpb_column vc_column_container vc_col-sm-12\">\n<div class=\"vc_column-inner\">\n<div class=\"wpb_wrapper\">\n<div class=\"wpb_text_column wpb_content_element\">\n<div class=\"wpb_wrapper\">\n<h2>Merkmale des\u00a0<span class=\"___SText_pr68d-red-team\" data-ui-name=\"Link.Text\">3 in 1\u00a0laser welding machine<\/span><\/h2>\n<p>\u2013 As a Laser Cleaning Machine, it serves as an environmentally friendly \u201cgreen\u201d cleaning tool that doesn\u2019t require any chemical agents or fluids.<\/p>\n<p>\u2013 In its role as a laser welder, it produces smooth, consistent welds without scars, eliminating the need for post-weld grinding and polishing. This not only saves time and costs but also enhances efficiency.<\/p>\n<p>\u2013 As a laser cutting machine, it offers user-friendly operation, allowing for precision 2D and 3D metal cuts at high speeds in any direction and angle.<\/p>\n<p>\u2013 The portable laser gun features a simple handheld design, making it easy to carry. It includes a touch screen control panel for convenient parameter adjustments during operation, and it weighs just 0.75kg, ensuring comfortable use without fatigue.<\/p>\n<p>\u2013 Equipped with a professional fiber laser source, it boasts a low error rate, low power consumption, and requires no maintenance, making assembly straightforward.<\/p>\n<p>\u2013 The industrial-grade constant temperature chiller features a filter for safety and durability, ensuring stable performance and a long service life. A high-quality water cooling system maintains the fiber laser generator\u2019s stable operation over extended periods.<\/p>\n<p>\u2013 The compact, portable design occupies minimal space, the handheld laser gun is ergonomically crafted, and the addition of four wheels facilitates easy movement for long-distance tasks.<\/p>\n<\/div>\n<\/div>\n<\/div>\n<\/div>\n<\/div>\n<\/div>\n<div class=\"vc_row wpb_row vc_row-fluid\">\n<div class=\"wpb_column vc_column_container vc_col-sm-12\">\n<div class=\"vc_column-inner\">\n<div class=\"wpb_wrapper\">\n<div class=\"wpb_single_image wpb_content_element vc_align_left wpb_content_element\">\n<figure class=\"wpb_wrapper vc_figure\">\n<div class=\"vc_single_image-wrapper   vc_box_border_grey\"><img decoding=\"async\" class=\"vc_single_image-img attachment-full\" title=\"\u672a\u6807\u9898-1000 (1)\" src=\"https:\/\/bogonglaser.com\/wp-content\/uploads\/2024\/11\/%E6%9C%AA%E6%A0%87%E9%A2%98-1000-1.jpg\" sizes=\"auto, (max-width: 1544px) 100vw, 1544px\" srcset=\"https:\/\/bogonglaser.com\/wp-content\/uploads\/2024\/11\/\u672a\u6807\u9898-1000-1.jpg 1544w, https:\/\/bogonglaser.com\/wp-content\/uploads\/2024\/11\/\u672a\u6807\u9898-1000-1-300x207.jpg 300w, https:\/\/bogonglaser.com\/wp-content\/uploads\/2024\/11\/\u672a\u6807\u9898-1000-1-1024x705.jpg 1024w, https:\/\/bogonglaser.com\/wp-content\/uploads\/2024\/11\/\u672a\u6807\u9898-1000-1-768x529.jpg 768w, https:\/\/bogonglaser.com\/wp-content\/uploads\/2024\/11\/\u672a\u6807\u9898-1000-1-1536x1057.jpg 1536w, https:\/\/bogonglaser.com\/wp-content\/uploads\/2024\/11\/\u672a\u6807\u9898-1000-1-600x413.jpg 600w, https:\/\/bogonglaser.com\/wp-content\/uploads\/2024\/11\/\u672a\u6807\u9898-1000-1-1000x688.jpg 1000w\" alt=\"\u672a\u6807\u9898 1000 1\" width=\"1544\" height=\"1063\" \/><\/div>\n<\/figure>\n<\/div>\n<\/div>\n<\/div>\n<\/div>\n<\/div>\n<div class=\"vc_row wpb_row vc_row-fluid\">\n<div class=\"wpb_column vc_column_container vc_col-sm-12\">\n<div class=\"vc_column-inner\">\n<div class=\"wpb_wrapper\">\n<div class=\"wpb_text_column wpb_content_element\">\n<div class=\"wpb_wrapper\">\n<h3>Was ist eine handgef\u00fchrte Laserschwei\u00dfpistole?<\/h3>\n<p>Die<a href=\"https:\/\/bogonglaser.com\/de\/laser-welding-machine\/handheld-laser-welder\/\">\u00a0Handlaserschwei\u00dfen<\/a>\u00a0Pistole kann schwei\u00dfen, reinigen und schneiden und wird von einer intelligenten Steuerung verwaltet, die eine einfache Bedienung und flexible Bearbeitung erm\u00f6glicht. Dank ihrer kompakten Gr\u00f6\u00dfe ist sie tragbar und kosteneffizient und ben\u00f6tigt keine Verbrauchsmaterialien.<\/p>\n<\/div>\n<\/div>\n<\/div>\n<\/div>\n<\/div>\n<\/div>\n<div class=\"vc_row wpb_row vc_row-fluid\">\n<div class=\"wpb_column vc_column_container vc_col-sm-12\">\n<div class=\"vc_column-inner\">\n<div class=\"wpb_wrapper\">\n<div class=\"wpb_text_column wpb_content_element\">\n<div class=\"wpb_wrapper\">\n<p><strong>Verpackung des Laserschwei\u00dfger\u00e4ts<\/strong><\/p>\n<\/div>\n<\/div>\n<div class=\"wpb_single_image wpb_content_element vc_align_left wpb_content_element\">\n<figure class=\"wpb_wrapper vc_figure\">\n<div class=\"vc_single_image-wrapper   vc_box_border_grey\"><img decoding=\"async\" class=\"vc_single_image-img attachment-full\" title=\"Laserpistole Laserkopf\" src=\"https:\/\/bogonglaser.com\/wp-content\/uploads\/2024\/11\/laser-gun-laser-head.jpg\" sizes=\"auto, (max-width: 600px) 100vw, 600px\" srcset=\"https:\/\/bogonglaser.com\/wp-content\/uploads\/2024\/11\/laser-gun-laser-head.jpg 600w, https:\/\/bogonglaser.com\/wp-content\/uploads\/2024\/11\/laser-gun-laser-head-300x300.jpg 300w, https:\/\/bogonglaser.com\/wp-content\/uploads\/2024\/11\/laser-gun-laser-head-150x150.jpg 150w, https:\/\/bogonglaser.com\/wp-content\/uploads\/2024\/11\/laser-gun-laser-head-100x100.jpg 100w\" alt=\"Laserpistole Laserkopf\" width=\"600\" height=\"600\" \/><\/div>\n<\/figure>\n<\/div>\n<\/div>\n<\/div>\n<\/div>\n<\/div>\n<div class=\"vc_row wpb_row vc_row-fluid\">\n<div class=\"wpb_column vc_column_container vc_col-sm-12\">\n<div class=\"vc_column-inner\">\n<div class=\"wpb_wrapper\">\n<div class=\"wpb_video_widget wpb_content_element vc_clearfix   vc_video-aspect-ratio-169 vc_video-el-width-100 vc_video-align-left\">\n<div class=\"wpb_wrapper\">\n<div class=\"wpb_video_wrapper\">\n<p><iframe title=\"Mehrere Marken von Handheld-Faser-Laser-Schwei\u00dfen Kopf zeigen | Welche Laser-Schwei\u00dfger\u00e4t Kopf ist gut?\" width=\"1290\" height=\"726\" src=\"https:\/\/www.youtube.com\/embed\/NSdcJZEIYs8?feature=oembed\" frameborder=\"0\" allow=\"accelerometer; autoplay; clipboard-write; encrypted-media; gyroscope; picture-in-picture; web-share\" referrerpolicy=\"strict-origin-when-cross-origin\" allowfullscreen><\/iframe><\/p>\n<\/div>\n<\/div>\n<\/div>\n<\/div>\n<\/div>\n<\/div>\n<\/div>\n<div class=\"vc_row wpb_row vc_row-fluid\">\n<div class=\"wpb_column vc_column_container vc_col-sm-12\">\n<div class=\"vc_column-inner\">\n<div class=\"wpb_wrapper\">\n<div class=\"wpb_text_column wpb_content_element\">\n<div class=\"wpb_wrapper\">\n<p><strong>Paket von\u00a0<span class=\"___SText_pr68d-red-team\" data-ui-name=\"Link.Text\">3 in 1 Laserschwei\u00dfmaschine<\/span><\/strong><\/p>\n<\/div>\n<\/div>\n<div class=\"wpb_single_image wpb_content_element vc_align_left wpb_content_element\">\n<figure class=\"wpb_wrapper vc_figure\">\n<div class=\"vc_single_image-wrapper   vc_box_border_grey\"><img decoding=\"async\" class=\"vc_single_image-img attachment-full\" title=\"Handlaser-Schwei\u00dfger\u00e4t\" src=\"https:\/\/bogonglaser.com\/wp-content\/uploads\/2024\/11\/handheld-laser-welder-machine.jpg\" sizes=\"auto, (max-width: 600px) 100vw, 600px\" srcset=\"https:\/\/bogonglaser.com\/wp-content\/uploads\/2024\/11\/handheld-laser-welder-machine.jpg 600w, https:\/\/bogonglaser.com\/wp-content\/uploads\/2024\/11\/handheld-laser-welder-machine-300x154.jpg 300w\" alt=\"Handlaser-Schwei\u00dfger\u00e4t\" width=\"600\" height=\"308\" \/><\/div>\n<\/figure>\n<\/div>\n<\/div>\n<\/div>\n<\/div>\n<\/div>\n<div class=\"vc_row wpb_row vc_row-fluid\">\n<div class=\"wpb_column vc_column_container vc_col-sm-12\">\n<div class=\"vc_column-inner\">\n<div class=\"wpb_wrapper\">\n<div class=\"wpb_text_column wpb_content_element\">\n<div class=\"wpb_wrapper\">\n<p>**Warum w\u00e4hlen Sie BOGONG LASER**<\/p>\n<p>BOGONG famous for it\u2019s quality of laser equipment and service for aftersale service, Our machines are versatile and user-friendly, designed with all skill levels in mind. Above all, we prioritize customer satisfaction. Whether you\u2019re a seasoned expert or a beginner,\u00a0<a href=\"https:\/\/bogonglaser.com\/de\/\">BOGONG LASER<\/a>\u00a0ist hier, um Sie bei jedem Schritt zu unterst\u00fctzen. Vertrauen Sie uns und unserem Service, bei dem Exzellenz und Innovation f\u00fcr Ihren Erfolg zusammenkommen.<\/p>\n<\/div>\n<\/div>\n<\/div>\n<\/div>\n<\/div>\n<\/div>","protected":false},"excerpt":{"rendered":"<h1><span class=\"___SText_pr68d-red-team\" data-ui-name=\"Link.Text\">3 in 1 Laserschwei\u00dfmaschine<\/span><\/h1>\n<p>Das 3-in-1-Laserschwei\u00df-, -reinigungs- und -schneideger\u00e4t ist ein tragbares All-in-One-Lasersystem mit einer handgef\u00fchrten Laserschneidpistole zum Schneiden von Metallen, einer Schwei\u00dfpistole zum Verbinden von Metallen und einer Reinigungspistole zum Entfernen von Rost, Farbe und Beschichtungen. Dank seiner Vielseitigkeit kann es mehrere Funktionen ausf\u00fchren, und sein benutzerfreundliches Design macht es sowohl f\u00fcr Anf\u00e4nger als auch f\u00fcr Profis zug\u00e4nglich...<\/p>\n<ul class=\"tips\">\n<li>350 Sets \/ Monat Warten auf Verkauf Auf Lager<\/li>\n<li>2 Jahre beschr\u00e4nkte Garantie f\u00fcr die gesamte Maschine<\/li>\n<li>Online (PayPal) und Offline (T\/T, Debit- und Kreditkarten)<\/li>\n<li>Lebenslanger kostenloser technischer Support f\u00fcr Endverbraucher und H\u00e4ndler<\/li>\n<\/ul>","protected":false},"featured_media":1864,"template":"","meta":{"_gspb_post_css":""},"product_brand":[],"product_cat":[115,95],"product_tag":[109,108,107],"class_list":{"0":"post-1862","1":"product","2":"type-product","3":"status-publish","4":"has-post-thumbnail","6":"product_cat-handheld-laser-welder","7":"product_cat-laser-welding-machine","8":"product_tag-fiber-laser-welder","9":"product_tag-handheld-laser-welder","10":"product_tag-laser-welding-machine","12":"first","13":"instock","14":"shipping-taxable","15":"product-type-simple"},"_links":{"self":[{"href":"https:\/\/bogonglaser.com\/de\/wp-json\/wp\/v2\/product\/1862","targetHints":{"allow":["GET"]}}],"collection":[{"href":"https:\/\/bogonglaser.com\/de\/wp-json\/wp\/v2\/product"}],"about":[{"href":"https:\/\/bogonglaser.com\/de\/wp-json\/wp\/v2\/types\/product"}],"wp:featuredmedia":[{"embeddable":true,"href":"https:\/\/bogonglaser.com\/de\/wp-json\/wp\/v2\/media\/1864"}],"wp:attachment":[{"href":"https:\/\/bogonglaser.com\/de\/wp-json\/wp\/v2\/media?parent=1862"}],"wp:term":[{"taxonomy":"product_brand","embeddable":true,"href":"https:\/\/bogonglaser.com\/de\/wp-json\/wp\/v2\/product_brand?post=1862"},{"taxonomy":"product_cat","embeddable":true,"href":"https:\/\/bogonglaser.com\/de\/wp-json\/wp\/v2\/product_cat?post=1862"},{"taxonomy":"product_tag","embeddable":true,"href":"https:\/\/bogonglaser.com\/de\/wp-json\/wp\/v2\/product_tag?post=1862"}],"curies":[{"name":"wp","href":"https:\/\/api.w.org\/{rel}","templated":true}]}}