{"id":1828,"date":"2024-11-14T15:48:52","date_gmt":"2024-11-14T07:48:52","guid":{"rendered":"https:\/\/bogonglaser.com\/?post_type=product&#038;p=1828"},"modified":"2025-12-10T18:27:09","modified_gmt":"2025-12-10T10:27:09","slug":"best-handheld-laser-welder","status":"publish","type":"product","link":"https:\/\/bogonglaser.com\/de\/best-handheld-laser-welder\/","title":{"rendered":"Bestes Handlaserschwei\u00dfger\u00e4t Schwei\u00dfmaschine"},"content":{"rendered":"<div class=\"vc_row wpb_row vc_row-fluid\">\n<div class=\"wpb_column vc_column_container vc_col-sm-12\">\n<div class=\"vc_column-inner\">\n<div class=\"wpb_wrapper\">\n<div class=\"wpb_text_column wpb_content_element\">\n<div class=\"wpb_wrapper\">\n<p>BOGONG bietet beste tragbare Handlaser-Schwei\u00dfger\u00e4te<\/p>\n<p>Diese tragbaren Laserschwei\u00dfger\u00e4te sind wendig und werden mit einer Handschwei\u00dfpistole betrieben, wodurch sie sich ideal f\u00fcr Metallverbindungen in Innen- und Au\u00dfenbereichen eignen.<\/p>\n<p>Diese Maschinen bieten den Vorteil des ber\u00fchrungslosen Schwei\u00dfens f\u00fcr komplexe Bauteile. Das manuelle Laserstrahlschwei\u00dfger\u00e4t kann das Spektrum effektiv nach Zeit und Energie trennen und erm\u00f6glicht so mehrere gleichzeitige Schwei\u00dfungen. Im Vergleich zu herk\u00f6mmlichen MIG-, WIG- und Elektroschwei\u00dfverfahren bietet diese Technologie eine h\u00f6here Pr\u00e4zision im Schwei\u00dfprozess.<\/p>\n<\/div>\n<\/div>\n<\/div>\n<\/div>\n<\/div>\n<\/div>\n<div class=\"vc_row wpb_row vc_row-fluid\">\n<div class=\"wpb_column vc_column_container vc_col-sm-12\">\n<div class=\"vc_column-inner\">\n<div class=\"wpb_wrapper\">\n<div class=\"wpb_single_image wpb_content_element vc_align_left wpb_content_element\">\n<figure class=\"wpb_wrapper vc_figure\">\n<div class=\"vc_single_image-wrapper vc_box_border_grey\"><img decoding=\"async\" class=\"vc_single_image-img attachment-full\" title=\"Laserschwei\u00dfger\u00e4t handgehalten\" src=\"https:\/\/bogonglaser.com\/wp-content\/uploads\/2024\/11\/laser-welder-handheld-1.jpg\" sizes=\"auto, (max-width: 600px) 100vw, 600px\" srcset=\"https:\/\/bogonglaser.com\/wp-content\/uploads\/2024\/11\/laser-welder-handheld-1.jpg 600w, https:\/\/bogonglaser.com\/wp-content\/uploads\/2024\/11\/laser-welder-handheld-1-300x300.jpg 300w, https:\/\/bogonglaser.com\/wp-content\/uploads\/2024\/11\/laser-welder-handheld-1-150x150.jpg 150w, https:\/\/bogonglaser.com\/wp-content\/uploads\/2024\/11\/laser-welder-handheld-1-100x100.jpg 100w\" alt=\"Laserschwei\u00dfger\u00e4t Handheld 1\" width=\"600\" height=\"600\" \/><\/div>\n<\/figure>\n<\/div>\n<\/div>\n<\/div>\n<\/div>\n<\/div>\n<div class=\"vc_row wpb_row vc_row-fluid\">\n<div class=\"wpb_column vc_column_container vc_col-sm-12\">\n<div class=\"vc_column-inner\">\n<div class=\"wpb_wrapper\">\n<div class=\"wpb_text_column wpb_content_element\">\n<div class=\"wpb_wrapper\">\n<h2>Vorteil von\u00a0<a href=\"https:\/\/bogonglaser.com\/de\/laser-welding-machine\/handheld-laser-welder\/\">Handlaserschwei\u00dfger\u00e4t<\/a>:<\/h2>\n<p>\u2714 Bietet verschiedene Laserleistungen (1500W, 2000W, 3000W) f\u00fcr unterschiedliche Eindringtiefen.<\/p>\n<p>\u2714 Tragbar und leicht zu bedienen, daher ideal f\u00fcr Schwei\u00dfprojekte im Innen- und Au\u00dfenbereich.<\/p>\n<p>\u2714 Schnelle Schwei\u00dfgeschwindigkeit - 2 bis 10 Mal schneller als herk\u00f6mmliche MMA-, WIG- und MIG-Schwei\u00dfger\u00e4te.<\/p>\n<p>\u2714 Erzeugt gerade und gleichm\u00e4\u00dfige Schwei\u00dfn\u00e4hte, die glatt und sauber sind, mit tiefem Eindringen und minimaler Verj\u00fcngung, was das Polieren \u00fcberfl\u00fcssig macht und sowohl Zeit als auch Kosten spart.<\/p>\n<p>\u2714 Erzeugt starke Metallverbindungen ohne Verformung und reduziert die Narbenbildung.<\/p>\n<p>\u2714 Geringerer Verbrauch von Material und Energie, was zu einer l\u00e4ngeren Lebensdauer beitr\u00e4gt.<\/p>\n<p>\u2714 Benutzerfreundlich und sicher, mit umweltfreundlichem Betrieb.<\/p>\n<\/div>\n<\/div>\n<\/div>\n<\/div>\n<\/div>\n<\/div>\n<div class=\"vc_row wpb_row vc_row-fluid\">\n<div class=\"wpb_column vc_column_container vc_col-sm-12\">\n<div class=\"vc_column-inner\">\n<div class=\"wpb_wrapper\">\n<div class=\"wpb_single_image wpb_content_element vc_align_left wpb_content_element\">\n<figure class=\"wpb_wrapper vc_figure\">\n<div class=\"vc_single_image-wrapper vc_box_border_grey\"><img decoding=\"async\" class=\"vc_single_image-img attachment-full\" title=\"Faserlaserschwei\u00dfger\u00e4t\" src=\"https:\/\/bogonglaser.com\/wp-content\/uploads\/2024\/11\/fiber-laser-welder-1.jpg\" sizes=\"auto, (max-width: 600px) 100vw, 600px\" srcset=\"https:\/\/bogonglaser.com\/wp-content\/uploads\/2024\/11\/fiber-laser-welder-1.jpg 600w, https:\/\/bogonglaser.com\/wp-content\/uploads\/2024\/11\/fiber-laser-welder-1-300x300.jpg 300w, https:\/\/bogonglaser.com\/wp-content\/uploads\/2024\/11\/fiber-laser-welder-1-150x150.jpg 150w, https:\/\/bogonglaser.com\/wp-content\/uploads\/2024\/11\/fiber-laser-welder-1-100x100.jpg 100w\" alt=\"Faserlaser-Schwei\u00dfger\u00e4t 1\" width=\"600\" height=\"600\" \/><\/div>\n<\/figure>\n<\/div>\n<\/div>\n<\/div>\n<\/div>\n<\/div>\n<div class=\"vc_row wpb_row vc_row-fluid\">\n<div class=\"wpb_column vc_column_container vc_col-sm-12\">\n<div class=\"vc_column-inner\">\n<div class=\"wpb_wrapper\">\n<div class=\"wpb_text_column wpb_content_element\">\n<div class=\"wpb_wrapper\">\n<h2>Merkmale der tragbaren Faserlaser-Schwei\u00dfmaschine<\/h2>\n<p>\u21f2 Hohe Laserenergiedichte bei minimaler thermischer Einwirkungsfl\u00e4che, wodurch die Gefahr von Verformungen verringert wird und eine umfangreiche Nachbearbeitung entf\u00e4llt.<\/p>\n<p>Kompakter All-in-One-Schaltschrank, der den Lasergenerator, das Netzteil, die industrielle Wasserk\u00fchlung und die Steuerung enth\u00e4lt - leistungsstark und leicht zu bewegen.<\/p>\n<p>Unterst\u00fctzt verschiedene Schwei\u00dftechniken, einschlie\u00dflich Punkt-, Stich-, Nagel-, Stumpf-, \u00dcberlappungs-, Splei\u00df-, Kanten-, Stapel-, Crimp- und T-St\u00fcck-Schwei\u00dfen.<\/p>\n<p>Die fortschrittlichen Erkennungs- und Schutzfunktionen gew\u00e4hrleisten einen stabilen Langzeitbetrieb und minimieren potenzielle Verluste und Sicherheitsrisiken.<\/p>\n<p>\u21f2 Der ber\u00fchrungslose Betrieb ist stressfrei, ger\u00e4uschlos und umweltfreundlich und entspricht den Standards f\u00fcr umweltfreundliche Verarbeitung.<\/p>\n<p>Erzeugt hochwertige Schwei\u00dfn\u00e4hte mit einer glatten, sauberen Oberfl\u00e4che.<\/p>\n<p>\u21f2 Kommunikationsfunktionen erm\u00f6glichen die \u00dcberwachung aller Laserdaten in Echtzeit.<\/p>\n<p>\u21f2 Ausgestattet mit einer Spezialfaser zum Schwei\u00dfen winziger L\u00f6tstellen.<\/p>\n<p>Der hochwertige Faserlaserstrahl gew\u00e4hrleistet eine hohe Umwandlungseffizienz, was zu einer schnellen Bearbeitungsgeschwindigkeit, einem hohen Aspektverh\u00e4ltnis und starken Schwei\u00dfn\u00e4hten f\u00fchrt.<\/p>\n<p>Ein fortschrittliches Spektralsystem reduziert Energieverluste und gew\u00e4hrleistet eine gleichm\u00e4\u00dfige Laserenergie \u00fcber alle Fasern.<\/p>\n<p>\u21f2 Verwenden Sie die Glasfaser\u00fcbertragung f\u00fcr das Schwei\u00dfen aus der Ferne und lassen Sie sich problemlos in automatische Werkb\u00e4nke, Manipulatoren und Montagelinien integrieren, was zu gleichm\u00e4\u00dfigeren Lichtpunkten und \u00e4sthetisch ansprechenden L\u00f6tstellen f\u00fchrt.<\/p>\n<p>\u21f2 Mehrere Eingangs- und Ausgangssignale erleichtern die Integration von automatisierter Produktion und Montagelinien.<\/p>\n<p>Umweltfreundliche L\u00f6tstellen weisen eine Festigkeit und Z\u00e4higkeit auf, die mit der des Grundmetalls vergleichbar ist oder diese \u00fcbertrifft.<\/p>\n<p>Benutzerfreundliche Touchscreen-Oberfl\u00e4che f\u00fcr einfache Einrichtung und Bedienung mit einem intuitiven, leicht zu erlernenden Betriebssystem.<\/p>\n<p>Eine Vielzahl von abgewinkelten D\u00fcsen und Spezifikationen f\u00fcr Drahtvorschubd\u00fcsen stehen zur Verf\u00fcgung, um unterschiedlichen Anforderungen von Schwei\u00dfprojekten gerecht zu werden.<\/p>\n<\/div>\n<\/div>\n<\/div>\n<\/div>\n<\/div>\n<\/div>\n<div class=\"vc_row wpb_row vc_row-fluid\">\n<div class=\"wpb_column vc_column_container vc_col-sm-12\">\n<div class=\"vc_column-inner\">\n<div class=\"wpb_wrapper\">\n<div class=\"wpb_single_image wpb_content_element vc_align_left wpb_content_element\">\n<figure class=\"wpb_wrapper vc_figure\">\n<div class=\"vc_single_image-wrapper vc_box_border_grey\"><img decoding=\"async\" class=\"vc_single_image-img attachment-full\" title=\"Laserschwei\u00dfmaschinen\" src=\"https:\/\/bogonglaser.com\/wp-content\/uploads\/2024\/11\/laser-welder-machines.jpg\" sizes=\"auto, (max-width: 600px) 100vw, 600px\" srcset=\"https:\/\/bogonglaser.com\/wp-content\/uploads\/2024\/11\/laser-welder-machines.jpg 600w, https:\/\/bogonglaser.com\/wp-content\/uploads\/2024\/11\/laser-welder-machines-300x300.jpg 300w, https:\/\/bogonglaser.com\/wp-content\/uploads\/2024\/11\/laser-welder-machines-150x150.jpg 150w, https:\/\/bogonglaser.com\/wp-content\/uploads\/2024\/11\/laser-welder-machines-100x100.jpg 100w\" alt=\"Laserschwei\u00dfmaschinen\" width=\"600\" height=\"600\" \/><\/div>\n<\/figure>\n<\/div>\n<\/div>\n<\/div>\n<\/div>\n<\/div>\n<div class=\"vc_row wpb_row vc_row-fluid\">\n<div class=\"wpb_column vc_column_container vc_col-sm-12\">\n<div class=\"vc_column-inner\">\n<div class=\"wpb_wrapper\">\n<div class=\"wpb_text_column wpb_content_element\">\n<div class=\"wpb_wrapper\">\n<h3>Was ist eine handgef\u00fchrte Laserschwei\u00dfpistole?<\/h3>\n<p>Eine handgef\u00fchrte Laserschwei\u00dfpistole ist eine tragbare Schwei\u00dfl\u00f6sung, die einen Lasergenerator, eine Steuerung, ein K\u00fchlsystem und eine automatische Drahtzuf\u00fchrung in einem Ger\u00e4t vereint. Dieses vielseitige Ger\u00e4t kann verschiedene Schwei\u00dftechniken wie Stich-, Nagel-, Stumpf-, \u00dcberlappungs-, Kanten-, Crimp- und T-Schwei\u00dfen ausf\u00fchren und eignet sich somit perfekt f\u00fcr verschiedene Arten von Metallverbindungen. Seine Flexibilit\u00e4t und sein benutzerfreundliches Design erm\u00f6glichen das Schwei\u00dfen \u00fcber weite Entfernungen und im Freien, so dass der Bediener schwei\u00dfbare Teile aus jedem Winkel und jeder Position heraus bearbeiten kann - ideal f\u00fcr die Bearbeitung komplexer Metallverbindungen.<\/p>\n<p>Die Schwei\u00dfpistole besteht aus einem Pistolenk\u00f6rper, einer K\u00fchlkammer und einer Schutzgaskammer. Durch ihre kompakte und einfache Bauweise ist sie leicht zu bedienen und zu transportieren. Sie kann einfach an ein K\u00fchlmedium und eine Schutzgasquelle angeschlossen werden, was zur K\u00fchlung der Laserpistole beitr\u00e4gt und eine Schutzgasatmosph\u00e4re um den Arbeitsbereich schafft, die eine gleichbleibende Schwei\u00dfqualit\u00e4t gew\u00e4hrleistet.<\/p>\n<p>BOGONG bietet mehrere Marken von Laserk\u00f6pfen an, aus denen Sie w\u00e4hlen k\u00f6nnen; sehen Sie sich das Video unten f\u00fcr weitere Informationen an.<\/p>\n<\/div>\n<\/div>\n<\/div>\n<\/div>\n<\/div>\n<\/div>\n<div class=\"vc_row wpb_row vc_row-fluid\">\n<div class=\"wpb_column vc_column_container vc_col-sm-12\">\n<div class=\"vc_column-inner\">\n<div class=\"wpb_wrapper\">\n<div class=\"wpb_video_widget wpb_content_element vc_clearfix vc_video-aspect-ratio-169 vc_video-el-width-100 vc_video-align-left\">\n<div class=\"wpb_wrapper\">\n<div class=\"wpb_video_wrapper\">\n<p><iframe title=\"Mehrere Marken von Handheld-Faser-Laser-Schwei\u00dfen Kopf zeigen | Welche Laser-Schwei\u00dfger\u00e4t Kopf ist gut?\" width=\"1290\" height=\"726\" src=\"https:\/\/www.youtube.com\/embed\/NSdcJZEIYs8?feature=oembed\" frameborder=\"0\" allow=\"accelerometer; autoplay; clipboard-write; encrypted-media; gyroscope; picture-in-picture; web-share\" referrerpolicy=\"strict-origin-when-cross-origin\" allowfullscreen><\/iframe><\/p>\n<\/div>\n<\/div>\n<\/div>\n<\/div>\n<\/div>\n<\/div>\n<\/div>\n<div class=\"vc_row wpb_row vc_row-fluid\">\n<div class=\"wpb_column vc_column_container vc_col-sm-12\">\n<div class=\"vc_column-inner\">\n<div class=\"wpb_wrapper\">\n<div class=\"wpb_text_column wpb_content_element\">\n<div class=\"wpb_wrapper\">\n<p><strong>Verpackung des Laserschwei\u00dfger\u00e4ts<\/strong><\/p>\n<\/div>\n<\/div>\n<div class=\"wpb_single_image wpb_content_element vc_align_left wpb_content_element\">\n<figure class=\"wpb_wrapper vc_figure\">\n<div class=\"vc_single_image-wrapper vc_box_border_grey\"><img decoding=\"async\" class=\"vc_single_image-img attachment-full\" title=\"Handlaser-Schwei\u00dfger\u00e4t\" src=\"https:\/\/bogonglaser.com\/wp-content\/uploads\/2024\/11\/handheld-laser-welder-machine.jpg\" sizes=\"auto, (max-width: 600px) 100vw, 600px\" srcset=\"https:\/\/bogonglaser.com\/wp-content\/uploads\/2024\/11\/handheld-laser-welder-machine.jpg 600w, https:\/\/bogonglaser.com\/wp-content\/uploads\/2024\/11\/handheld-laser-welder-machine-300x154.jpg 300w\" alt=\"Handlaser-Schwei\u00dfger\u00e4t\" width=\"600\" height=\"308\" \/><\/div>\n<\/figure>\n<\/div>\n<\/div>\n<\/div>\n<\/div>\n<\/div>\n<div class=\"vc_row wpb_row vc_row-fluid\">\n<div class=\"wpb_column vc_column_container vc_col-sm-12\">\n<div class=\"vc_column-inner\">\n<div class=\"wpb_wrapper\">\n<div class=\"wpb_text_column wpb_content_element\">\n<div class=\"wpb_wrapper\">\n<p>**Warum w\u00e4hlen Sie BOGONG LASER**<\/p>\n<p>BOGONG famous for it\u2019s quality of laser equipment and service for aftersale service, Our machines are versatile and user-friendly, designed with all skill levels in mind. Above all, we prioritize customer satisfaction. Whether you\u2019re a seasoned expert or a beginner,\u00a0<a href=\"https:\/\/bogonglaser.com\/de\/\">BOGONG LASER<\/a>\u00a0ist hier, um Sie bei jedem Schritt zu unterst\u00fctzen. Vertrauen Sie uns und unserem Service, bei dem Exzellenz und Innovation f\u00fcr Ihren Erfolg zusammenkommen.<\/p>\n<\/div>\n<\/div>\n<\/div>\n<\/div>\n<\/div>\n<\/div>","protected":false},"excerpt":{"rendered":"<p>Entdecken Sie die 2024 tragbare Handlaserschwei\u00dfmaschine zum Verkauf<\/p>\n<p>Wir stellen das beste tragbare Laserschwei\u00dfger\u00e4t des Jahres 2024 vor, das mit Faserlaser-Schwei\u00dfzangen und einer leistungsstarken Laserquelle mit 1500W, 2000W und 3000W ausgestattet ist. Diese Maschine ist mit einem automatischen Drahtvorschub ausgestattet und eignet sich perfekt zum Schwei\u00dfen einer Vielzahl von Metallverbindungen, einschlie\u00dflich Kanten-, Stumpf-, T-St\u00fcck-, Eck- und \u00dcberlappverbindungen.<\/p>\n<p>Dieses vielseitige Handschwei\u00dfger\u00e4t ist f\u00fcr die nahtlose Verarbeitung einer breiten Palette von Materialien wie Kohlenstoffstahl, Edelstahl, Aluminium, Messing, Kupfer, Eisen, Silber und Gold in Form von Blechen, Rohren und Profilen ausgelegt. Das Ger\u00e4t ist auf dem besten Weg, herk\u00f6mmliche Schwei\u00dfmethoden wie Argon-Lichtbogen-, MIG-, WIG- und Elektroschwei\u00dfger\u00e4te zum Verbinden von Metallteilen zu ersetzen...<\/p>\n<ul class=\"tips\">\n<li>350 Sets \/ Monat Warten auf Verkauf Auf Lager<\/li>\n<li>2 Jahre beschr\u00e4nkte Garantie f\u00fcr die gesamte Maschine<\/li>\n<li>Online (PayPal) und Offline (T\/T, Debit- und Kreditkarten)<\/li>\n<li>Lebenslanger kostenloser technischer Support f\u00fcr Endverbraucher und H\u00e4ndler<\/li>\n<\/ul>","protected":false},"featured_media":1855,"template":"","meta":{"_gspb_post_css":""},"product_brand":[],"product_cat":[115,95],"product_tag":[109,108,107],"class_list":{"0":"post-1828","1":"product","2":"type-product","3":"status-publish","4":"has-post-thumbnail","6":"product_cat-handheld-laser-welder","7":"product_cat-laser-welding-machine","8":"product_tag-fiber-laser-welder","9":"product_tag-handheld-laser-welder","10":"product_tag-laser-welding-machine","12":"first","13":"instock","14":"shipping-taxable","15":"product-type-simple"},"_links":{"self":[{"href":"https:\/\/bogonglaser.com\/de\/wp-json\/wp\/v2\/product\/1828","targetHints":{"allow":["GET"]}}],"collection":[{"href":"https:\/\/bogonglaser.com\/de\/wp-json\/wp\/v2\/product"}],"about":[{"href":"https:\/\/bogonglaser.com\/de\/wp-json\/wp\/v2\/types\/product"}],"wp:featuredmedia":[{"embeddable":true,"href":"https:\/\/bogonglaser.com\/de\/wp-json\/wp\/v2\/media\/1855"}],"wp:attachment":[{"href":"https:\/\/bogonglaser.com\/de\/wp-json\/wp\/v2\/media?parent=1828"}],"wp:term":[{"taxonomy":"product_brand","embeddable":true,"href":"https:\/\/bogonglaser.com\/de\/wp-json\/wp\/v2\/product_brand?post=1828"},{"taxonomy":"product_cat","embeddable":true,"href":"https:\/\/bogonglaser.com\/de\/wp-json\/wp\/v2\/product_cat?post=1828"},{"taxonomy":"product_tag","embeddable":true,"href":"https:\/\/bogonglaser.com\/de\/wp-json\/wp\/v2\/product_tag?post=1828"}],"curies":[{"name":"wp","href":"https:\/\/api.w.org\/{rel}","templated":true}]}}