{"id":1788,"date":"2024-11-12T10:41:34","date_gmt":"2024-11-12T02:41:34","guid":{"rendered":"https:\/\/bogonglaser.com\/?post_type=product&#038;p=1788"},"modified":"2025-12-10T16:33:11","modified_gmt":"2025-12-10T08:33:11","slug":"fiber-laser-cutting-machine","status":"publish","type":"product","link":"https:\/\/bogonglaser.com\/de\/fiber-laser-cutting-machine\/","title":{"rendered":"Faserlaser-Schneidemaschine"},"content":{"rendered":"<p>Diese beliebte Faserlaserschneidmaschine mit einer Standardschneidgr\u00f6\u00dfe von 1500*3000mm und einer Laserleistung von 1000W bis 6000W liefert dank ihres leistungsstarken Lasers, der von Spitzenherstellern wie Raycus, IPG oder MAX stammt, eine hervorragende Leistung. Seine Vielseitigkeit erm\u00f6glicht ein effizientes Schneiden von Materialien wie Stahl, Titan, Aluminium, Messing, Kupfer, Legierungen, Gold, Silber und Eisen und macht es einfach, jedes Projekt zu bew\u00e4ltigen.<\/p>\n<p>Trotz ihres niedrigen Preises macht sie keine Kompromisse bei den Funktionen oder der Qualit\u00e4t. Ausgestattet mit einem Laserschneidkopf und einem Taiwan\/Japan-Servomotor sorgt diese Maschine f\u00fcr pr\u00e4zise Schnitte und konstante Leistung und garantiert, dass Ihre Projekte den h\u00f6chsten Standards entsprechen.<\/p>\n<p>Die BGC3015 verf\u00fcgt au\u00dferdem \u00fcber fortschrittliche Funktionen wie ein automatisches \u00d6lreinigungssystem und benutzerfreundliche Tasten f\u00fcr eine nahtlose Bedienung, die Ihnen ein H\u00f6chstma\u00df an Flexibilit\u00e4t f\u00fcr alle Ihre Produktionsanforderungen bietet.<\/p>\n<p>Der BGC3015 ist die perfekte L\u00f6sung f\u00fcr kleine Unternehmen, die ihre Produktion verbessern wollen, oder f\u00fcr Hobbyisten, die neue M\u00f6glichkeiten der Metallbearbeitung erkunden m\u00f6chten. Mit dem BGC3015 von BOGONG LASER k\u00f6nnen Sie pr\u00e4zise Metallarbeiten durchf\u00fchren, ohne das Budget zu sprengen.<\/p>\n<div class=\"sub-header-divs\">\n<h3>Leistung<\/h3>\n<\/div>\n<ul>\n<li>Lasermedium - Festk\u00f6rper CW 1070nm Faserlaser<\/li>\n<li>Laserleistung - 1000W bis 6000W Faserquellenoptionen<\/li>\n<li>Strom - 220v\u00a0<strong>einphasig\/ 380V 3 Phasen<\/strong><\/li>\n<li>Positioniergenauigkeit - \u2264\u00b10,03mm<\/li>\n<li>Wiederholgenauigkeit - \u2264\u00b10,02mm<\/li>\n<\/ul>\n<div class=\"sub-header-divs\">\n<h3>System<\/h3>\n<\/div>\n<ul>\n<li>Antriebssystem - Geschlossener Regelkreis Servo<\/li>\n<li>K\u00fchlmodus - Gek\u00fchltes Wasser<\/li>\n<\/ul>\n<p><img decoding=\"async\" class=\"size-medium wp-image-7393\" src=\"https:\/\/bogonglaser.com\/wp-content\/uploads\/2024\/11\/laser-cutting-machine-fiber-1-300x225.jpg\" alt=\"Laserschneidmaschine Faser\" width=\"300\" height=\"225\" title=\"\" srcset=\"https:\/\/bogonglaser.com\/wp-content\/uploads\/2024\/11\/laser-cutting-machine-fiber-1-300x225.jpg 300w, https:\/\/bogonglaser.com\/wp-content\/uploads\/2024\/11\/laser-cutting-machine-fiber-1-600x450.jpg 600w, https:\/\/bogonglaser.com\/wp-content\/uploads\/2024\/11\/laser-cutting-machine-fiber-1-768x576.jpg 768w, https:\/\/bogonglaser.com\/wp-content\/uploads\/2024\/11\/laser-cutting-machine-fiber-1-16x12.jpg 16w, https:\/\/bogonglaser.com\/wp-content\/uploads\/2024\/11\/laser-cutting-machine-fiber-1.jpg 800w\" sizes=\"(max-width: 300px) 100vw, 300px\" \/><\/p>\n<h4>Was ist eine Faserlaserschneidmaschine?<\/h4>\n<p>Eine Faserlaserschneidmaschine ist ein fortschrittliches CNC-Werkzeug, das f\u00fcr hochwertiges, schnelles und hochpr\u00e4zises Schneiden von Metall entwickelt wurde. Sie ist der ideale Partner f\u00fcr alle, die in der Metallverarbeitung t\u00e4tig sind.<\/p>\n<p>Diese erstklassigen Faserlaserschneider bieten verschiedene Leistungsoptionen (1000W, 1500W, 2000W, 3000W, 6000W) zum effizienten Schneiden von Blechen und Platten. Sie k\u00f6nnen eine breite Palette von Materialien verarbeiten, darunter Edelstahl, Kohlenstoffstahl, Elektrostahl, verzinkter Stahl, Aluminium-Zinkbleche, Aluminium, Aluminiumlegierungen, Titanlegierungen, Kupfer, Messing, Eisen und vieles mehr, wobei sie unterschiedliche Dicken verarbeiten k\u00f6nnen.<\/p>\n<p>Mit ihrem benutzerfreundlichen Design und ihren leistungsstarken Schneidefunktionen sind diese Maschinen als professionelle Metallschneidewerkzeuge wirklich hervorragend. Sie k\u00f6nnen mehr \u00fcber diese Optionen erfahren, indem Sie unsere Auswahl an Laser-Metallschneidmaschinen durchst\u00f6bern.<\/p>\n<p><iframe title=\"1530 Faser-Laser-Schneidemaschine | 1000W -6000W offener Typ Laserschneider f\u00fcr Metall\" width=\"1290\" height=\"726\" src=\"https:\/\/www.youtube.com\/embed\/yXmwSwHldWo?feature=oembed\" frameborder=\"0\" allow=\"accelerometer; autoplay; clipboard-write; encrypted-media; gyroscope; picture-in-picture; web-share\" referrerpolicy=\"strict-origin-when-cross-origin\" allowfullscreen><\/iframe><\/p>\n<p><img decoding=\"async\" class=\"size-medium wp-image-7392\" src=\"https:\/\/bogonglaser.com\/wp-content\/uploads\/2024\/11\/laser-cutting-machine-fiber-4-300x225.jpg\" alt=\"Laserschneidmaschine Faser\" width=\"300\" height=\"225\" title=\"\" srcset=\"https:\/\/bogonglaser.com\/wp-content\/uploads\/2024\/11\/laser-cutting-machine-fiber-4-300x225.jpg 300w, https:\/\/bogonglaser.com\/wp-content\/uploads\/2024\/11\/laser-cutting-machine-fiber-4-600x450.jpg 600w, https:\/\/bogonglaser.com\/wp-content\/uploads\/2024\/11\/laser-cutting-machine-fiber-4-768x576.jpg 768w, https:\/\/bogonglaser.com\/wp-content\/uploads\/2024\/11\/laser-cutting-machine-fiber-4-16x12.jpg 16w, https:\/\/bogonglaser.com\/wp-content\/uploads\/2024\/11\/laser-cutting-machine-fiber-4.jpg 800w\" sizes=\"(max-width: 300px) 100vw, 300px\" \/><\/p>\n<p><img decoding=\"async\" class=\"size-medium wp-image-7391\" src=\"https:\/\/bogonglaser.com\/wp-content\/uploads\/2024\/11\/laser-cutting-machine-fiber-3-300x225.jpg\" alt=\"Laserschneidmaschine Faser\" width=\"300\" height=\"225\" title=\"\" srcset=\"https:\/\/bogonglaser.com\/wp-content\/uploads\/2024\/11\/laser-cutting-machine-fiber-3-300x225.jpg 300w, https:\/\/bogonglaser.com\/wp-content\/uploads\/2024\/11\/laser-cutting-machine-fiber-3-600x450.jpg 600w, https:\/\/bogonglaser.com\/wp-content\/uploads\/2024\/11\/laser-cutting-machine-fiber-3-768x576.jpg 768w, https:\/\/bogonglaser.com\/wp-content\/uploads\/2024\/11\/laser-cutting-machine-fiber-3-16x12.jpg 16w, https:\/\/bogonglaser.com\/wp-content\/uploads\/2024\/11\/laser-cutting-machine-fiber-3.jpg 800w\" sizes=\"(max-width: 300px) 100vw, 300px\" \/><\/p>\n<p>&nbsp;<\/p>\n<p><img decoding=\"async\" class=\"size-medium wp-image-7390\" src=\"https:\/\/bogonglaser.com\/wp-content\/uploads\/2024\/11\/laser-cutting-machine-fiber-2-300x225.jpg\" alt=\"Laserschneidmaschine Faser\" width=\"300\" height=\"225\" title=\"\" srcset=\"https:\/\/bogonglaser.com\/wp-content\/uploads\/2024\/11\/laser-cutting-machine-fiber-2-300x225.jpg 300w, https:\/\/bogonglaser.com\/wp-content\/uploads\/2024\/11\/laser-cutting-machine-fiber-2-600x450.jpg 600w, https:\/\/bogonglaser.com\/wp-content\/uploads\/2024\/11\/laser-cutting-machine-fiber-2-768x576.jpg 768w, https:\/\/bogonglaser.com\/wp-content\/uploads\/2024\/11\/laser-cutting-machine-fiber-2-16x12.jpg 16w, https:\/\/bogonglaser.com\/wp-content\/uploads\/2024\/11\/laser-cutting-machine-fiber-2.jpg 800w\" sizes=\"(max-width: 300px) 100vw, 300px\" \/><\/p>\n<h4>Faserlaserschneidmaschine Anwendbare Branchen<\/h4>\n<p>Mechanische und elektrische Ausr\u00fcstungen, Blechverarbeitung, Schr\u00e4nke, Edelstahlprodukte, Beleuchtungsk\u00f6rper, Autoteile, Glas, Eisenwarenwerkzeuge, Werbeschilder, Dekorationsartikel und andere Industrien<\/p>\n<p><iframe title=\"Wie funktioniert eine CNC-Faserlaser-Schneidemaschine? Beste China Optic Fiber Laser Cutter\" width=\"1290\" height=\"726\" src=\"https:\/\/www.youtube.com\/embed\/gToqINLwTWw?feature=oembed\" frameborder=\"0\" allow=\"accelerometer; autoplay; clipboard-write; encrypted-media; gyroscope; picture-in-picture; web-share\" referrerpolicy=\"strict-origin-when-cross-origin\" allowfullscreen><\/iframe><\/p>\n<p>BOGONG ist ber\u00fchmt f\u00fcr die Qualit\u00e4t seiner Laserger\u00e4te und den Kundendienst. Unsere Maschinen sind vielseitig und benutzerfreundlich und wurden f\u00fcr alle Qualifikationsstufen entwickelt. Die Zufriedenheit unserer Kunden steht bei uns an erster Stelle. Ob Sie ein erfahrener Experte oder ein Anf\u00e4nger sind, <a href=\"https:\/\/bogonglaser.com\/de\/\">BOGONG LASER<\/a> ist hier, um Sie bei jedem Schritt zu unterst\u00fctzen. Vertrauen Sie uns und unserem Service, bei dem Exzellenz und Innovation f\u00fcr Ihren Erfolg zusammenkommen.<\/p>\n<p><img decoding=\"async\" class=\"size-medium wp-image-7376\" src=\"https:\/\/bogonglaser.com\/wp-content\/uploads\/2024\/11\/fiber-laser-cutting-machine-sealed-1-1-300x225.jpg\" alt=\"Faserlaserschneidmaschine versiegelt\" width=\"300\" height=\"225\" title=\"\" srcset=\"https:\/\/bogonglaser.com\/wp-content\/uploads\/2024\/11\/fiber-laser-cutting-machine-sealed-1-1-300x225.jpg 300w, https:\/\/bogonglaser.com\/wp-content\/uploads\/2024\/11\/fiber-laser-cutting-machine-sealed-1-1-600x450.jpg 600w, https:\/\/bogonglaser.com\/wp-content\/uploads\/2024\/11\/fiber-laser-cutting-machine-sealed-1-1-768x576.jpg 768w, https:\/\/bogonglaser.com\/wp-content\/uploads\/2024\/11\/fiber-laser-cutting-machine-sealed-1-1-16x12.jpg 16w, https:\/\/bogonglaser.com\/wp-content\/uploads\/2024\/11\/fiber-laser-cutting-machine-sealed-1-1.jpg 800w\" sizes=\"(max-width: 300px) 100vw, 300px\" \/><\/p>","protected":false},"excerpt":{"rendered":"<h3>Beliebteste Faserlaser-Metallschneider zu verkaufen<\/h3>\n<p>Die 2024 top bewertete Faserlaserschneidmaschine ist in der Lage, Materialien wie Stahl, Titan, Aluminium, Messing, Kupfer, Legierungen, Gold, Silber und Eisen zu schneiden. Er bietet Leistungsoptionen von 1000W, 1500W, 2000W, 3000W und 6000W. Derzeit ist dieser kosteng\u00fcnstige Faserlaserschneider zu einem attraktiven Preis erh\u00e4ltlich, begleitet von professionellem Service und Support f\u00fcr ein hervorragendes Laser-Metallschneidsystem.<\/p>\n<ul class=\"tips\">\n<li>200 Sets \/ Monat zum Verkauf bereit Auf Lager<\/li>\n<li>2 Jahre beschr\u00e4nkte Garantie f\u00fcr die gesamte Maschine<\/li>\n<li>Online (PayPal) und Offline (T\/T, Debit- und Kreditkarten)<\/li>\n<li>Lebenslanger kostenloser technischer Support f\u00fcr Endverbraucher und H\u00e4ndler<\/li>\n<\/ul>","protected":false},"featured_media":5174,"template":"","meta":{"_gspb_post_css":""},"product_brand":[],"product_cat":[117,92,118],"product_tag":[105,106],"class_list":{"0":"post-1788","1":"product","2":"type-product","3":"status-publish","4":"has-post-thumbnail","6":"product_cat-fiber-laser-cutting-machine","7":"product_cat-laser-cutting-machine","8":"product_cat-laser-metal-cutting-machine","9":"product_tag-fiber-laser-cutting-machine","10":"product_tag-laser-cutting-machine","12":"first","13":"instock","14":"shipping-taxable","15":"product-type-simple"},"_links":{"self":[{"href":"https:\/\/bogonglaser.com\/de\/wp-json\/wp\/v2\/product\/1788","targetHints":{"allow":["GET"]}}],"collection":[{"href":"https:\/\/bogonglaser.com\/de\/wp-json\/wp\/v2\/product"}],"about":[{"href":"https:\/\/bogonglaser.com\/de\/wp-json\/wp\/v2\/types\/product"}],"wp:featuredmedia":[{"embeddable":true,"href":"https:\/\/bogonglaser.com\/de\/wp-json\/wp\/v2\/media\/5174"}],"wp:attachment":[{"href":"https:\/\/bogonglaser.com\/de\/wp-json\/wp\/v2\/media?parent=1788"}],"wp:term":[{"taxonomy":"product_brand","embeddable":true,"href":"https:\/\/bogonglaser.com\/de\/wp-json\/wp\/v2\/product_brand?post=1788"},{"taxonomy":"product_cat","embeddable":true,"href":"https:\/\/bogonglaser.com\/de\/wp-json\/wp\/v2\/product_cat?post=1788"},{"taxonomy":"product_tag","embeddable":true,"href":"https:\/\/bogonglaser.com\/de\/wp-json\/wp\/v2\/product_tag?post=1788"}],"curies":[{"name":"wp","href":"https:\/\/api.w.org\/{rel}","templated":true}]}}