{"id":1784,"date":"2024-11-11T16:28:51","date_gmt":"2024-11-11T08:28:51","guid":{"rendered":"https:\/\/bogonglaser.com\/?post_type=product&#038;p=1784"},"modified":"2025-12-10T17:17:38","modified_gmt":"2025-12-10T09:17:38","slug":"co2-laser-marking-machine","status":"publish","type":"product","link":"https:\/\/bogonglaser.com\/de\/co2-laser-marking-machine\/","title":{"rendered":"CO2-Laserbeschriftungsmaschine"},"content":{"rendered":"<h2>Was ist ein CO2-Laser?<\/h2>\n<p>CO2-Laser verwenden CO2-Gas als Medium, das sich in einer R\u00f6hre befindet, die mit Elektroden f\u00fcr die elektrische Entladung ausgestattet ist. Bei einer elektrischen Entladung entsteht in dem Gas ein Plasma, und das daraus resultierende Licht wird verst\u00e4rkt, wenn es zwischen einem Totalreflexionsspiegel und einem Ausgangskoppler hin und her springt. Dieses verst\u00e4rkte Licht wird dann als Laser emittiert.<\/p>\n<p>CO2-Laserbeschrifter haben eine Wellenl\u00e4nge, die 10-mal l\u00e4nger ist als die von herk\u00f6mmlichen Faserlasern. Sie sind besonders effektiv bei der Kennzeichnung von Materialien wie Kunststoffen, Papier, Harzen, Holz, Gummi und sogar transparenten Stoffen wie Glas und PET.<\/p>\n<figure id=\"attachment_7450\" aria-describedby=\"caption-attachment-7450\" style=\"width: 300px\" class=\"wp-caption alignnone\"><img decoding=\"async\" class=\"size-medium wp-image-7450\" src=\"https:\/\/bogonglaser.com\/wp-content\/uploads\/2024\/11\/CO2-Laser-marking-machine-1-300x225.jpg\" alt=\"CO2-Laserbeschriftungsmaschine\" width=\"300\" height=\"225\" title=\"\" srcset=\"https:\/\/bogonglaser.com\/wp-content\/uploads\/2024\/11\/CO2-Laser-marking-machine-1-300x225.jpg 300w, https:\/\/bogonglaser.com\/wp-content\/uploads\/2024\/11\/CO2-Laser-marking-machine-1-600x450.jpg 600w, https:\/\/bogonglaser.com\/wp-content\/uploads\/2024\/11\/CO2-Laser-marking-machine-1-768x576.jpg 768w, https:\/\/bogonglaser.com\/wp-content\/uploads\/2024\/11\/CO2-Laser-marking-machine-1-16x12.jpg 16w, https:\/\/bogonglaser.com\/wp-content\/uploads\/2024\/11\/CO2-Laser-marking-machine-1.jpg 800w\" sizes=\"(max-width: 300px) 100vw, 300px\" \/><figcaption id=\"caption-attachment-7450\" class=\"wp-caption-text\">CO2-Laserbeschriftungsmaschine<\/figcaption><\/figure>\n<p><iframe title=\"Was kann eine CO2-Laserbeschriftungsanlage leisten?\" width=\"1290\" height=\"726\" src=\"https:\/\/www.youtube.com\/embed\/RFstd3JMNEw?feature=oembed\" frameborder=\"0\" allow=\"accelerometer; autoplay; clipboard-write; encrypted-media; gyroscope; picture-in-picture; web-share\" referrerpolicy=\"strict-origin-when-cross-origin\" allowfullscreen><\/iframe><\/p>\n<p>CO2-Laserbeschriftungsger\u00e4t: Markierungsanwendungen<\/p>\n<p><a href=\"https:\/\/bogonglaser.com\/de\/laser-marking-machine\/co2-laser-marking-machine\/\">CO2-Laserbeschriftungsmaschinen<\/a> sind in der Lage, eine breite Palette von nichtmetallischen Materialien zu kennzeichnen. Dazu geh\u00f6ren Materialien wie Bambus, Holz, Papier, ABS, PVC, Epoxidharz, Acryl, Leder, Glas, Keramikfliesen und Gummi. Sie werden in verschiedenen Branchen eingesetzt, z. B. f\u00fcr pharmazeutische Verpackungen, Lebensmittelverpackungen, Getr\u00e4nkeverpackungen, Kunststoffe, Textilien, Leder, Holzhandwerk, Elektronik, Kommunikation, Uhren, Brillen, Druck und vieles mehr.<\/p>\n<figure id=\"attachment_7451\" aria-describedby=\"caption-attachment-7451\" style=\"width: 300px\" class=\"wp-caption alignnone\"><img decoding=\"async\" class=\"size-medium wp-image-7451\" src=\"https:\/\/bogonglaser.com\/wp-content\/uploads\/2024\/11\/CO2-Laser-marking-machine-300x225.png\" alt=\"CO2-Laserbeschriftungsmaschine\" width=\"300\" height=\"225\" title=\"\" srcset=\"https:\/\/bogonglaser.com\/wp-content\/uploads\/2024\/11\/CO2-Laser-marking-machine-300x225.png 300w, https:\/\/bogonglaser.com\/wp-content\/uploads\/2024\/11\/CO2-Laser-marking-machine-600x450.png 600w, https:\/\/bogonglaser.com\/wp-content\/uploads\/2024\/11\/CO2-Laser-marking-machine-768x576.png 768w, https:\/\/bogonglaser.com\/wp-content\/uploads\/2024\/11\/CO2-Laser-marking-machine-16x12.png 16w, https:\/\/bogonglaser.com\/wp-content\/uploads\/2024\/11\/CO2-Laser-marking-machine.png 800w\" sizes=\"(max-width: 300px) 100vw, 300px\" \/><figcaption id=\"caption-attachment-7451\" class=\"wp-caption-text\">CO2-Laserbeschriftungsmaschine<\/figcaption><\/figure>\n<h2>Was k\u00f6nnen wir f\u00fcr Sie tun?<\/h2>\n<ul>\n<li><span class=\"magic-19\"><b class=\"magic-19\"><span class=\"magic-18\">Kostenlose Testmuster -<\/span><\/b><span class=\"magic-20\" data-spm-anchor-id=\"a2700.details.0.i41.41d82402R4aegi\">Wir k\u00f6nnen kostenlose Markierungseffekttests entsprechend Ihrem Produktmaterial durchf\u00fchren.<\/span><\/span><\/li>\n<li><span class=\"magic-19\"><b class=\"magic-19\"><span class=\"magic-18\">Video Live-<\/span><\/b><span class=\"magic-20\">Sie k\u00f6nnen sich mit unseren Verkaufsberatern in Verbindung setzen, um den Produktionsprozess und den Betrieb der Maschine in einem Online-Video zu sehen.<\/span><\/span><\/li>\n<li><span class=\"magic-19\"><b class=\"magic-19\"><span class=\"magic-18\">Kundenspezifisch \/OEM-<\/span><\/b><span class=\"magic-20\" data-spm-anchor-id=\"a2700.details.0.i40.41d82402R4aegi\">Kundenspezifische Maschinen auf Anfrage, Kontaktieren Sie uns<\/span><\/span><\/li>\n<\/ul>\n<p>&nbsp;<\/p>\n<h3>Welche Teile muss ich f\u00fcr die CO2-Lasermarkierungsmaschine ausw\u00e4hlen?<\/h3>\n<ul>\n<li>Drehvorrichtung: es gibt mehrere Drehvorrichtungen mit verschiedenen Modellen und Klemmdurchmessern, wie 50D 65D 80D<\/li>\n<\/ul>\n<p>Zahlungsbedingungen f\u00fcr die CO2-Laserbeschriftungsmaschine<\/p>\n<p>1. Ablagerung und Balance: Eine 30% T\/T Anzahlung ist im Voraus erforderlich, mit dem Restbetrag vor dem Versand f\u00e4llig.<\/p>\n<p>2. Alibaba Trade Assurance: Zahlungen k\u00f6nnen \u00fcber Alibaba Trade Assurance abgewickelt werden.<\/p>\n<p>FAQs f\u00fcr das CO2-Laserbeschriftungsger\u00e4t<\/p>\n<p>Was ist die Verpackung f\u00fcr die <a href=\"https:\/\/bogonglaser.com\/de\/laser-marking-machine\/co2-laser-marking-machine\/\">CO2-Laserbeschriftungsmaschine<\/a>?<br \/>\nUnsere Maschinen werden in einem dreilagigen Aufbau verpackt. Die \u00e4u\u00dfere Schicht besteht aus einer Holzkiste, die mittlere Schicht ist mit Schaumstoff gepolstert, um sie vor Ersch\u00fctterungen zu sch\u00fctzen, und die innere Schicht besteht aus einer dicken Plastikt\u00fcte zur Abdichtung.<\/p>\n<p>Wird das Paket w\u00e4hrend des Transports besch\u00e4digt werden?<br \/>\nWe meticulously design our packaging to address all potential damage factors, and our shipping agents are experienced in safe transportation. We have successfully exported to 180 countries, so you can rest assured that your parcel will arrive in excellent condition<\/p>\n<p>Die meisten Kunden w\u00e4hlen den Transport per UPS\/DHL-Express, der in 5-7 Tagen am Zielort eintreffen kann, Kontakt mit <a href=\"https:\/\/bogonglaser.com\/de\/\">BOGONG-Laser<\/a> um mehr Details \u00fcber Faserlaser-Metallgravierer f\u00fcr Silber, Messing, Gold und Kupfer zu erfahren.<\/p>","protected":false},"excerpt":{"rendered":"<h2>CO2-Laserbeschriftungsmaschine<\/h2>\n<p>CO\u2082-Lasergravierer haben ihren Namen von der Verwendung von CO\u2082-Gas als Lasermedium. Bei dem Verfahren wird aus dem CO\u2082-Gas in einer R\u00f6hre ein Plasma erzeugt. Dieses Licht wird dann zwischen einem reflektierenden Spiegel und einem Ausgangskoppler verst\u00e4rkt, bevor es als Laserstrahl abgegeben wird. Der Laser hat eine Wellenl\u00e4nge von 10600 nm und ist damit stark w\u00e4rmeabh\u00e4ngig. CO\u2082-Laser eignen sich besonders gut zum Materialabtrag und zur Markierung organischer Materialien wie Pappe, Kunststoff, Glas und Holz.<\/p>\n<ul class=\"tips\">\n<li>350 Sets \/ Monat Warten auf Verkauf Auf Lager<\/li>\n<li>2 Jahre beschr\u00e4nkte Garantie f\u00fcr die gesamte Maschine<\/li>\n<li>3-5 Tage Vorbereitung der Lasermaschine, 3-7 Tage Transport.<\/li>\n<li>Online (PayPal) und Offline (T\/T, Debit- und Kreditkarten)<\/li>\n<\/ul>","protected":false},"featured_media":1800,"template":"","meta":{"_gspb_post_css":""},"product_brand":[],"product_cat":[98,93,96],"product_tag":[102],"class_list":{"0":"post-1784","1":"product","2":"type-product","3":"status-publish","4":"has-post-thumbnail","6":"product_cat-co2-laser-marker","7":"product_cat-laser-engraving-machine","8":"product_cat-laser-marking-machine","9":"product_tag-laser-marking-machine","11":"first","12":"instock","13":"shipping-taxable","14":"product-type-simple"},"_links":{"self":[{"href":"https:\/\/bogonglaser.com\/de\/wp-json\/wp\/v2\/product\/1784","targetHints":{"allow":["GET"]}}],"collection":[{"href":"https:\/\/bogonglaser.com\/de\/wp-json\/wp\/v2\/product"}],"about":[{"href":"https:\/\/bogonglaser.com\/de\/wp-json\/wp\/v2\/types\/product"}],"wp:featuredmedia":[{"embeddable":true,"href":"https:\/\/bogonglaser.com\/de\/wp-json\/wp\/v2\/media\/1800"}],"wp:attachment":[{"href":"https:\/\/bogonglaser.com\/de\/wp-json\/wp\/v2\/media?parent=1784"}],"wp:term":[{"taxonomy":"product_brand","embeddable":true,"href":"https:\/\/bogonglaser.com\/de\/wp-json\/wp\/v2\/product_brand?post=1784"},{"taxonomy":"product_cat","embeddable":true,"href":"https:\/\/bogonglaser.com\/de\/wp-json\/wp\/v2\/product_cat?post=1784"},{"taxonomy":"product_tag","embeddable":true,"href":"https:\/\/bogonglaser.com\/de\/wp-json\/wp\/v2\/product_tag?post=1784"}],"curies":[{"name":"wp","href":"https:\/\/api.w.org\/{rel}","templated":true}]}}