{"id":1780,"date":"2024-11-11T14:52:48","date_gmt":"2024-11-11T06:52:48","guid":{"rendered":"https:\/\/bogonglaser.com\/?post_type=product&#038;p=1780"},"modified":"2025-12-10T17:40:40","modified_gmt":"2025-12-10T09:40:40","slug":"1000w-pulse-laser-cleaning-machine-%e5%a4%8d%e5%88%b6","status":"publish","type":"product","link":"https:\/\/bogonglaser.com\/de\/1000w-pulse-laser-cleaning-machine-%e5%a4%8d%e5%88%b6\/","title":{"rendered":"1000W Pulslaser-Reinigungsmaschine"},"content":{"rendered":"<div class=\"Content-module__content___jmKA6 _content_dc5hu_45\">\n<div class=\"react-scroll-to-bottom--css-kubvu-79elbk _chat-scroller_g10pz_99\">\n<div class=\"react-scroll-to-bottom--css-kubvu-1n7m0yu _chat-scroller__scroll_g10pz_102\">\n<div class=\"_message-list_g10pz_92\">\n<div class=\"_container_g10pz_1\">\n<div class=\"_container__content_g10pz_14\">\n<div class=\"_container__message_g10pz_41 _container__message--assistant_g10pz_61\">\n<div class=\"_message_g10pz_27\">\n<div class=\"_message__content_g10pz_53\">\n<div class=\"MessageContent-module__message-content___Am59P MessageContent-module__message-content--markdown___oLH9Y\">\n<h2>Vorteile der 1000W-Pulslaser-Reinigungsmaschine?<\/h2>\n<p>Bei der Pulslaser-Reinigungstechnologie wird ein 1000 W starker Pulslaser zur Reinigung von Oberfl\u00e4chen eingesetzt, indem schnell hohe Temperaturen und thermische Ausdehnung erzeugt werden, was zur Entfernung von Verunreinigungen beitr\u00e4gt. Diese Methode ist hocheffizient und schonend und stellt sicher, dass die Oberfl\u00e4chen der zu reinigenden Materialien nicht besch\u00e4digt werden, was sie perfekt f\u00fcr eine Reihe von Anwendungen macht.<\/p>\n<\/div>\n<\/div>\n<\/div>\n<\/div>\n<\/div>\n<\/div>\n<\/div>\n<\/div>\n<\/div>\n<\/div>\n<figure id=\"attachment_7479\" aria-describedby=\"caption-attachment-7479\" style=\"width: 300px\" class=\"wp-caption alignnone\"><img decoding=\"async\" class=\"size-medium wp-image-7479\" src=\"https:\/\/bogonglaser.com\/wp-content\/uploads\/2024\/11\/500w-laser-cleaning-machine-1-300x233.jpg\" alt=\"500w Laser-Reinigungsmaschine\" width=\"300\" height=\"233\" title=\"\" srcset=\"https:\/\/bogonglaser.com\/wp-content\/uploads\/2024\/11\/500w-laser-cleaning-machine-1-300x233.jpg 300w, https:\/\/bogonglaser.com\/wp-content\/uploads\/2024\/11\/500w-laser-cleaning-machine-1-15x12.jpg 15w, https:\/\/bogonglaser.com\/wp-content\/uploads\/2024\/11\/500w-laser-cleaning-machine-1.jpg 502w\" sizes=\"(max-width: 300px) 100vw, 300px\" \/><figcaption id=\"caption-attachment-7479\" class=\"wp-caption-text\">500w Laser-Reinigungsmaschine<\/figcaption><\/figure>\n<div class=\"Content-module__content___jmKA6 _content_dc5hu_45\">\n<div class=\"react-scroll-to-bottom--css-kubvu-79elbk _chat-scroller_g10pz_99\">\n<div class=\"react-scroll-to-bottom--css-kubvu-1n7m0yu _chat-scroller__scroll_g10pz_102\">\n<div class=\"_message-list_g10pz_92\">\n<div class=\"_container_g10pz_1\">\n<div class=\"_container__content_g10pz_14\">\n<div class=\"_container__message_g10pz_41 _container__message--assistant_g10pz_61\">\n<div class=\"_message_g10pz_27\">\n<div class=\"_message__content_g10pz_53\">\n<div class=\"MessageContent-module__message-content___Am59P MessageContent-module__message-content--markdown___oLH9Y\">\n<p>Hauptmerkmal wie unten:<\/p>\n<\/div>\n<\/div>\n<\/div>\n<\/div>\n<\/div>\n<\/div>\n<\/div>\n<\/div>\n<\/div>\n<\/div>\n<ul>\n<li>Laser-Typ: MOPA-Laser<br \/>\nLaserleistung: 1000W<br \/>\nAusgangsbereich (falls einstellbar): 0-100%<br \/>\nImpulsformung: MOPA (Qualit\u00e4tsfaktor)<br \/>\nLaser-Generator: JPT<br \/>\nFaserl\u00e4nge: 5m<br \/>\nK\u00fchlung Typ: Wasserk\u00fchlung, BOGONG bieten Ihnen auch Luftk\u00fchlung Lasermaschine, k\u00f6nnen Sie es in untenstehenden Artikel finden<br \/>\nNach dem Verkauf: 2 Jahre<\/li>\n<\/ul>\n<figure id=\"attachment_7483\" aria-describedby=\"caption-attachment-7483\" style=\"width: 300px\" class=\"wp-caption alignnone\"><img decoding=\"async\" class=\"size-medium wp-image-7483\" src=\"https:\/\/bogonglaser.com\/wp-content\/uploads\/2024\/11\/500w-pulse-laser-cleaning-machine-1-300x181.jpg\" alt=\"500w Pulslaser-Reinigungsmaschine\" width=\"300\" height=\"181\" title=\"\" srcset=\"https:\/\/bogonglaser.com\/wp-content\/uploads\/2024\/11\/500w-pulse-laser-cleaning-machine-1-300x181.jpg 300w, https:\/\/bogonglaser.com\/wp-content\/uploads\/2024\/11\/500w-pulse-laser-cleaning-machine-1-600x362.jpg 600w, https:\/\/bogonglaser.com\/wp-content\/uploads\/2024\/11\/500w-pulse-laser-cleaning-machine-1-18x12.jpg 18w, https:\/\/bogonglaser.com\/wp-content\/uploads\/2024\/11\/500w-pulse-laser-cleaning-machine-1.jpg 732w\" sizes=\"(max-width: 300px) 100vw, 300px\" \/><figcaption id=\"caption-attachment-7483\" class=\"wp-caption-text\">500w Pulslaser-Reinigungsmaschine<\/figcaption><\/figure>\n<div class=\"Content-module__content___jmKA6 _content_dc5hu_45\">\n<div class=\"react-scroll-to-bottom--css-kubvu-79elbk _chat-scroller_g10pz_99\">\n<div class=\"react-scroll-to-bottom--css-kubvu-1n7m0yu _chat-scroller__scroll_g10pz_102\">\n<div class=\"_message-list_g10pz_92\">\n<div class=\"_container_g10pz_1\">\n<div class=\"_container__content_g10pz_14\">\n<div class=\"_container__message_g10pz_41 _container__message--assistant_g10pz_61\">\n<div class=\"_message_g10pz_27\">\n<div class=\"_message__content_g10pz_53\">\n<div class=\"MessageContent-module__message-content___Am59P MessageContent-module__message-content--markdown___oLH9Y\">\n<div class=\"container section-title-container\">\n<p><iframe title=\"Leistungsstarker 1000W Pulslaser-Reiniger | Beste 1kw Laser-Reinigungsmaschine\" width=\"1290\" height=\"726\" src=\"https:\/\/www.youtube.com\/embed\/KfdLMoQN_kg?feature=oembed\" frameborder=\"0\" allow=\"accelerometer; autoplay; clipboard-write; encrypted-media; gyroscope; picture-in-picture; web-share\" referrerpolicy=\"strict-origin-when-cross-origin\" allowfullscreen><\/iframe><\/p>\n<h2 class=\"section-title section-title-normal\"><span class=\"section-title-main\">9 Reinigungsmodi der Laser-Leaning-Maschine<\/span><\/h2>\n<\/div>\n<p>Die Bedienoberfl\u00e4che der BOGONG Pulslaser-Reinigungsmaschine bietet 9 Reinigungsmodi:<\/p>\n<ol>\n<li>Geradliniger Modus<\/li>\n<li>Rechtwinklig Modus 1<\/li>\n<li>Rechtwinklig Modus 2<\/li>\n<li>Kreisf\u00f6rmiger Modus<\/li>\n<li>Sinusf\u00f6rmiger Modus<\/li>\n<li>Spiralf\u00f6rmiger Modus<\/li>\n<li>Freier Modus<\/li>\n<li>Ring-Modus<\/li>\n<li>Modus Rotation<\/li>\n<\/ol>\n<div id=\"image_1635238231\" class=\"img has-hover x md-x lg-x y md-y lg-y\">\n<div class=\"Content-module__content___jmKA6 _content_dc5hu_45\">\n<div class=\"react-scroll-to-bottom--css-kubvu-79elbk _chat-scroller_g10pz_99\">\n<div class=\"react-scroll-to-bottom--css-kubvu-1n7m0yu _chat-scroller__scroll_g10pz_102\">\n<div class=\"_message-list_g10pz_92\">\n<div class=\"_container_g10pz_1\">\n<div class=\"_container__content_g10pz_14\">\n<div class=\"_container__message_g10pz_41 _container__message--assistant_g10pz_61\">\n<div class=\"_message_g10pz_27\">\n<div class=\"_message__content_g10pz_53\">\n<div class=\"MessageContent-module__message-content___Am59P MessageContent-module__message-content--markdown___oLH9Y\">\n<p>Sie k\u00f6nnen diese Modi \u00fcber die Option \"Scanning Mode\" in der Benutzeroberfl\u00e4che \u00e4ndern.<\/p>\n<p>Einige Reinigungsmodi sind sanfter und eignen sich gut f\u00fcr Materialien, die eine sanfte Ber\u00fchrung erfordern. Unsere Maschine kann Ihnen helfen, die Spuren nach der Reinigung zu minimieren oder ganz zu beseitigen. Auf der anderen Seite gibt es leistungsst\u00e4rkere Modi, die perfekt f\u00fcr hartn\u00e4ckigen Schmutz oder Beschichtungen geeignet sind.<\/p>\n<p>Die Wahl des richtigen Reinigungsverfahrens ist entscheidend daf\u00fcr, dass Ihre Oberfl\u00e4chen gut aussehen und ihre Qualit\u00e4t erhalten bleibt. Dies ist besonders wichtig in Branchen wie Automobilbau, Luft- und Raumfahrt und Elektronik. BOGONG bietet Ihnen Parameter f\u00fcr die Entfernung von Farbe, Rost, \u00d6l usw., die sich hervorragend f\u00fcr Anf\u00e4nger eignen.<\/p>\n<\/div>\n<\/div>\n<\/div>\n<\/div>\n<\/div>\n<\/div>\n<\/div>\n<\/div>\n<\/div>\n<\/div>\n<div class=\"_message-box_1luju_5\">\n<div class=\"_message-box__content_1luju_15\">\n<form action=\"\">\n<div class=\"MessageBox-module__messagebox___n4MAC\">\n<div class=\"MessageBox-module__messagebox__content___-xFbz\">\n<figure id=\"attachment_7482\" aria-describedby=\"caption-attachment-7482\" style=\"width: 300px\" class=\"wp-caption alignnone\"><img decoding=\"async\" class=\"size-medium wp-image-7482\" src=\"https:\/\/bogonglaser.com\/wp-content\/uploads\/2024\/11\/9-cleaning-modes-of-portable-laser-cleaner--300x120.jpg\" alt=\"9 Reinigungsmodi des tragbaren Laserreinigers\" width=\"300\" height=\"120\" title=\"\" srcset=\"https:\/\/bogonglaser.com\/wp-content\/uploads\/2024\/11\/9-cleaning-modes-of-portable-laser-cleaner--300x120.jpg 300w, https:\/\/bogonglaser.com\/wp-content\/uploads\/2024\/11\/9-cleaning-modes-of-portable-laser-cleaner--600x241.jpg 600w, https:\/\/bogonglaser.com\/wp-content\/uploads\/2024\/11\/9-cleaning-modes-of-portable-laser-cleaner--1024x411.jpg 1024w, https:\/\/bogonglaser.com\/wp-content\/uploads\/2024\/11\/9-cleaning-modes-of-portable-laser-cleaner--768x308.jpg 768w, https:\/\/bogonglaser.com\/wp-content\/uploads\/2024\/11\/9-cleaning-modes-of-portable-laser-cleaner--18x7.jpg 18w, https:\/\/bogonglaser.com\/wp-content\/uploads\/2024\/11\/9-cleaning-modes-of-portable-laser-cleaner-.jpg 1536w\" sizes=\"(max-width: 300px) 100vw, 300px\" \/><figcaption id=\"caption-attachment-7482\" class=\"wp-caption-text\">9 Reinigungsmodi des tragbaren Laserreinigers<\/figcaption><\/figure>\n<\/div>\n<\/div>\n<input type=\"hidden\" name=\"trp-form-language\" value=\"de\"\/><\/form>\n<\/div>\n<\/div>\n<\/div>\n<\/div>\n<\/div>\n<\/div>\n<\/div>\n<\/div>\n<\/div>\n<\/div>\n<\/div>\n<\/div>\n<\/div>\n<h2>Es gibt 16 unterst\u00fctzte Sprachen f\u00fcr Ihre Auswahl.<\/h2>\n<p>Der Impuls <a href=\"https:\/\/bogonglaser.com\/de\/laser-cleaning-machine\/\">Laser-Reinigungsanlage<\/a> unterst\u00fctzt derzeit mehrere Sprachen, darunter Englisch, Russisch, Japanisch, Spanisch, Deutsch, Koreanisch, Franz\u00f6sisch, Polnisch und 16 weitere.<\/p>\n<p>Sie k\u00f6nnen auf der Benutzeroberfl\u00e4che des Ger\u00e4ts ganz einfach zwischen diesen Sprachen umschalten. Wenn Sie zus\u00e4tzliche Sprachen ben\u00f6tigen, bieten wir auch ma\u00dfgeschneiderte Sprachdienste an, um Ihre Bed\u00fcrfnisse zu erf\u00fcllen.<\/p>\n<figure id=\"attachment_7481\" aria-describedby=\"caption-attachment-7481\" style=\"width: 300px\" class=\"wp-caption alignnone\"><img decoding=\"async\" class=\"size-medium wp-image-7481\" src=\"https:\/\/bogonglaser.com\/wp-content\/uploads\/2024\/11\/16-Supported-Languages-for-Laser-Cleaner--300x175.webp\" alt=\"16 unterst\u00fctzte Sprachen f\u00fcr Laser Cleaner\" width=\"300\" height=\"175\" title=\"\" srcset=\"https:\/\/bogonglaser.com\/wp-content\/uploads\/2024\/11\/16-Supported-Languages-for-Laser-Cleaner--300x175.webp 300w, https:\/\/bogonglaser.com\/wp-content\/uploads\/2024\/11\/16-Supported-Languages-for-Laser-Cleaner--600x350.webp 600w, https:\/\/bogonglaser.com\/wp-content\/uploads\/2024\/11\/16-Supported-Languages-for-Laser-Cleaner--18x12.webp 18w, https:\/\/bogonglaser.com\/wp-content\/uploads\/2024\/11\/16-Supported-Languages-for-Laser-Cleaner-.webp 768w\" sizes=\"(max-width: 300px) 100vw, 300px\" \/><figcaption id=\"caption-attachment-7481\" class=\"wp-caption-text\">16 unterst\u00fctzte Sprachen f\u00fcr Laser Cleaner<\/figcaption><\/figure>\n<h2>Merkmale der 1000W Pulslaser-Reinigungsmaschine<\/h2>\n<ul>\n<li><strong>Gepulste 1000-W-Hochleistungslasertechnologie:<\/strong> Liefert starke Energieimpulse, die schnell und effektiv Rost, \u00d6l und R\u00fcckst\u00e4nde entfernen.<\/li>\n<li><strong>F\u00e4higkeiten zur Feinreinigung:<\/strong> Erzielt pr\u00e4zise Reinigungsergebnisse und eignet sich daher ideal f\u00fcr Anwendungen, die eine besondere Sorgfalt erfordern.<\/li>\n<li><strong>Hoher Wirkungsgrad:<\/strong> Drastische Verk\u00fcrzung der Reinigungszeit im Vergleich zu herk\u00f6mmlichen Methoden, Steigerung der Produktivit\u00e4t und Senkung der Betriebskosten.<\/li>\n<li><strong>Nicht-destruktive Reinigung:<\/strong> Das ber\u00fchrungslose und nicht-abrasive Verfahren sch\u00fctzt das darunter liegende Material und eliminiert das Risiko einer Besch\u00e4digung.<\/li>\n<li><strong>Benutzerfreundlicher Betrieb:<\/strong> Die intuitive Benutzeroberfl\u00e4che und das ergonomische Design erm\u00f6glichen eine einfache Handhabung und erfordern nur minimalen Schulungsaufwand.<\/li>\n<\/ul>\n<p><strong>Vorteile:<\/strong><\/p>\n<ul>\n<li><strong>Hervorragende Reinigungsleistung:<\/strong> Erzielen Sie ein hohes Ma\u00df an Sauberkeit, das f\u00fcr eine optimale Leistung in verschiedenen industriellen Umgebungen unerl\u00e4sslich ist.<\/li>\n<li><strong>Kosteneffiziente L\u00f6sung:<\/strong> Reduziert den Bedarf an Verbrauchsmaterialien wie Chemikalien und Schleifmitteln, was zu langfristigen Einsparungen f\u00fchrt.<\/li>\n<li><strong>Umweltvertr\u00e4glich:<\/strong> Erzeugt minimalen Abfall und vermeidet sch\u00e4dliche Chemikalien und tr\u00e4gt so zu einem sichereren und umweltfreundlicheren Arbeitsplatz bei.<\/li>\n<li><strong>Vielseitige Anwendungen:<\/strong> Wirksam f\u00fcr die Reinigung einer breiten Palette von Materialien, einschlie\u00dflich Metallen und Verbundwerkstoffen, in verschiedenen Branchen.<\/li>\n<\/ul>\n<p><strong>Anwendungen:<\/strong><\/p>\n<ul>\n<li><strong>Rostentfernung:<\/strong> Beseitigt wirksam die Korrosion von Metalloberfl\u00e4chen und versetzt sie in ihren urspr\u00fcnglichen Zustand, ohne abrasive Methoden anzuwenden.<\/li>\n<li><strong>Reinigung von \u00d6len und Fetten:<\/strong> Entfernt \u00d6le, Schmiermittel und andere Verunreinigungen, die die Leistung oder Haftung in Fertigungsprozessen beeintr\u00e4chtigen k\u00f6nnen.<\/li>\n<li><strong>Vorbereitung der Oberfl\u00e4che:<\/strong> Bereitet Oberfl\u00e4chen zum Lackieren, Beschichten oder Schwei\u00dfen vor, indem er sicherstellt, dass sie sauber und frei von Verunreinigungen sind.<\/li>\n<li><strong>Wartung und Restaurierung:<\/strong> Perfekt f\u00fcr die Reinigung von Maschinen, Werkzeugen und Ger\u00e4ten, um ihre Lebensdauer zu verl\u00e4ngern und ihre optimale Funktionalit\u00e4t zu erhalten.<\/li>\n<li>\n<p><figure id=\"attachment_7480\" aria-describedby=\"caption-attachment-7480\" style=\"width: 265px\" class=\"wp-caption alignnone\"><img decoding=\"async\" class=\"size-medium wp-image-7480\" src=\"https:\/\/bogonglaser.com\/wp-content\/uploads\/2024\/11\/500w-laser-cleaning-machine-2-265x300.jpg\" alt=\"500w Laser-Reinigungsmaschine\" width=\"265\" height=\"300\" title=\"\" srcset=\"https:\/\/bogonglaser.com\/wp-content\/uploads\/2024\/11\/500w-laser-cleaning-machine-2-265x300.jpg 265w, https:\/\/bogonglaser.com\/wp-content\/uploads\/2024\/11\/500w-laser-cleaning-machine-2-600x680.jpg 600w, https:\/\/bogonglaser.com\/wp-content\/uploads\/2024\/11\/500w-laser-cleaning-machine-2-768x870.jpg 768w, https:\/\/bogonglaser.com\/wp-content\/uploads\/2024\/11\/500w-laser-cleaning-machine-2-11x12.jpg 11w, https:\/\/bogonglaser.com\/wp-content\/uploads\/2024\/11\/500w-laser-cleaning-machine-2.jpg 790w\" sizes=\"(max-width: 265px) 100vw, 265px\" \/><figcaption id=\"caption-attachment-7480\" class=\"wp-caption-text\">500w Laser-Reinigungsmaschine<\/figcaption><\/figure><\/li>\n<li><\/li>\n<\/ul>\n<p>Zahlungsbedingungen<\/p>\n<p>1. Ablagerung und Balance: Eine 30% T\/T Anzahlung ist im Voraus erforderlich, mit dem Restbetrag vor dem Versand f\u00e4llig.<\/p>\n<p>2. Alibaba Trade Assurance: Zahlungen k\u00f6nnen \u00fcber Alibaba Trade Assurance abgewickelt werden.<\/p>\n<p>FAQs f\u00fcr die 1000w Faserlaser-Reinigungsmaschine<\/p>\n<p>Wie ist die Verpackung des Laserreinigers?<br \/>\nUnsere Maschinen werden in einem dreilagigen Aufbau verpackt. Die \u00e4u\u00dfere Schicht besteht aus einer Holzkiste, die mittlere Schicht ist mit Schaumstoff gepolstert, um sie vor Ersch\u00fctterungen zu sch\u00fctzen, und die innere Schicht besteht aus einer dicken Plastikt\u00fcte zur Abdichtung.<\/p>\n<p>Wird das Paket w\u00e4hrend des Transports besch\u00e4digt werden?<br \/>\nWir gestalten unsere Verpackungen sorgf\u00e4ltig, um alle potenziellen Schadensfaktoren zu ber\u00fccksichtigen, und unsere Spediteure sind erfahren im sicheren Transport. Wir haben erfolgreich in 180 L\u00e4nder exportiert. Sie k\u00f6nnen also sicher sein, dass Ihr Paket in einem ausgezeichneten Zustand ankommt.<\/p>\n<p>Die meisten Kunden w\u00e4hlen den Transport per UPS\/DHL-Express, der in 5-7 Tagen am Zielort eintreffen kann, Kontakt mit <a href=\"https:\/\/bogonglaser.com\/de\/\">BOGONG-Laser<\/a> um mehr Details \u00fcber 1000W Puls zu erhalten<a href=\"https:\/\/bogonglaser.com\/de\/laser-cleaning-machine\/\"> Laser-Reinigungsanlage<\/a>.<\/p>\n<p><a class=\"elementor-accordion-title\" tabindex=\"0\">Wie hoch ist der Preis f\u00fcr eine 1000-Watt-Pulslaser-Reinigungsmaschine?<\/a><\/p>","protected":false},"excerpt":{"rendered":"<h2>1000W Pulslaser-Reinigungsmaschine<\/h2>\n<p>Die 1000-Watt-Pulslaser-Reinigungsmaschine wurde speziell f\u00fcr die effektive Reinigung verschiedener Verunreinigungen von Metalloberfl\u00e4chen entwickelt, darunter Rost, Farbe, Beschichtungen, \u00d6lflecken und Oxidschichten. Sie ist auch f\u00fcr die Reinigung von nichtmetallischen Substraten wie Keramik, Glas und Verbundwerkstoffen geeignet.<\/p>\n<p>Zu den \u00fcblichen Anwendungsszenarien geh\u00f6ren:<\/p>\n<p>- Entfernen von nat\u00fcrlichen Oxidschichten von Aluminiumlegierungen vor dem Schwei\u00dfen.<br \/>\n- Reinigung von schwarzem Asche-Oxid nach dem Schwei\u00dfen von Batteriek\u00e4sten.<br \/>\n- Vorbereitung der Schwei\u00dfn\u00e4hte von Drehgestellen f\u00fcr die Fehlererkennung.<br \/>\n- Reinigung von Kfz-Blechteilen vor der Aufarbeitung.<br \/>\n- Zugang zu schwer zug\u00e4nglichen Bereichen, die mit herk\u00f6mmlichen Drahtb\u00fcrsten nicht gereinigt werden k\u00f6nnen.<\/p>\n<p>Diese Vielseitigkeit macht das Produkt zu einem unverzichtbaren Werkzeug f\u00fcr die Aufrechterhaltung der strukturellen Integrit\u00e4t und die Gew\u00e4hrleistung der Qualit\u00e4t in verschiedenen Branchen.<\/p>\n<ul class=\"tips\">\n<li>100 Sets \/ Monat Warten auf Verkauf Auf Lager<\/li>\n<li>2 Jahre beschr\u00e4nkte Garantie f\u00fcr die gesamte Maschine<\/li>\n<li>3-5 Tage Vorbereitung der Lasermaschine, 3-7 Tage Transport.<\/li>\n<li>Online (PayPal) und Offline (T\/T, Debit- und Kreditkarten)<\/li>\n<\/ul>","protected":false},"featured_media":1761,"template":"","meta":{"_gspb_post_css":""},"product_brand":[],"product_cat":[94],"product_tag":[101,100],"class_list":{"0":"post-1780","1":"product","2":"type-product","3":"status-publish","4":"has-post-thumbnail","6":"product_cat-laser-cleaning-machine","7":"product_tag-laser-cleaner","8":"product_tag-laser-cleaning-machine","10":"first","11":"instock","12":"shipping-taxable","13":"product-type-simple"},"_links":{"self":[{"href":"https:\/\/bogonglaser.com\/de\/wp-json\/wp\/v2\/product\/1780","targetHints":{"allow":["GET"]}}],"collection":[{"href":"https:\/\/bogonglaser.com\/de\/wp-json\/wp\/v2\/product"}],"about":[{"href":"https:\/\/bogonglaser.com\/de\/wp-json\/wp\/v2\/types\/product"}],"wp:featuredmedia":[{"embeddable":true,"href":"https:\/\/bogonglaser.com\/de\/wp-json\/wp\/v2\/media\/1761"}],"wp:attachment":[{"href":"https:\/\/bogonglaser.com\/de\/wp-json\/wp\/v2\/media?parent=1780"}],"wp:term":[{"taxonomy":"product_brand","embeddable":true,"href":"https:\/\/bogonglaser.com\/de\/wp-json\/wp\/v2\/product_brand?post=1780"},{"taxonomy":"product_cat","embeddable":true,"href":"https:\/\/bogonglaser.com\/de\/wp-json\/wp\/v2\/product_cat?post=1780"},{"taxonomy":"product_tag","embeddable":true,"href":"https:\/\/bogonglaser.com\/de\/wp-json\/wp\/v2\/product_tag?post=1780"}],"curies":[{"name":"wp","href":"https:\/\/api.w.org\/{rel}","templated":true}]}}