{"id":1746,"date":"2024-11-06T21:16:20","date_gmt":"2024-11-06T13:16:20","guid":{"rendered":"https:\/\/bogonglaser.com\/?post_type=product&#038;p=1746"},"modified":"2026-02-02T18:17:27","modified_gmt":"2026-02-02T10:17:27","slug":"best-200w-pulse-laser-cleaning-machine","status":"publish","type":"product","link":"https:\/\/bogonglaser.com\/de\/best-200w-pulse-laser-cleaning-machine\/","title":{"rendered":"Beste 200W Pulslaser-Reinigungsmaschine"},"content":{"rendered":"<h2>Was ist eine 200W Pulslaser-Reinigungsmaschine<\/h2>\n<p>Der 200W-Impuls<a href=\"https:\/\/bogonglaser.com\/de\/laser-cleaning-machine\/\"> Laser-Reinigungsanlage<\/a> ist ein Laserger\u00e4t, das speziell f\u00fcr industrielle Reinigungsaufgaben entwickelt wurde. Es nutzt die fortschrittliche MOPA-Laser-Reinigungstechnologie, eine ber\u00fchrungslose Methode, die effektiv Rost, Farbe, Beschichtungen und andere Verunreinigungen von Oberfl\u00e4chen entfernt und gleichzeitig das darunter liegende Material sch\u00fctzt. vergleichen Sie mit 300W Laser-Reiniger, 200w Laserenergie ist ein wenig schw\u00e4cher als 300w.<\/p>\n<p>Mit einer Leistung von 200 W sendet dieses Ger\u00e4t einen Laserstrahl aus, der selbst die hartn\u00e4ckigsten Verschmutzungen schnell und effizient beseitigen kann. Der Reinigungsprozess funktioniert, indem die Laserenergie auf die verunreinigte Oberfl\u00e4che gerichtet wird. Die von den Verunreinigungen absorbierte Laserenergie erhitzt die Oberfl\u00e4che schnell, so dass die Verunreinigungen fast augenblicklich verdampfen. Dieser Prozess besch\u00e4digt das darunter liegende Material nicht, da die Wirkungsdauer des Lasers extrem kurz ist (in der Regel im Nanosekunden- bis Mikrosekundenbereich) und eine saubere Oberfl\u00e4che zur\u00fcckbleibt.<\/p>\n<p>Eines der herausragenden Merkmale dieses Ger\u00e4ts sind die einstellbaren Leistungsstufen und die verschiedenen Scan-Modi, die es dem Benutzer erm\u00f6glichen, den Reinigungsprozess auf die jeweilige Oberfl\u00e4che und die Art der Verschmutzung abzustimmen. Dies bedeutet, dass Sie optimale Ergebnisse erzielen k\u00f6nnen, ohne eine Besch\u00e4digung des darunter liegenden Materials zu riskieren. Dank der intuitiven Benutzeroberfl\u00e4che und der programmierbaren Einstellungen ist das Ger\u00e4t benutzerfreundlich und einfach zu bedienen. Insgesamt ist es eine effektive L\u00f6sung f\u00fcr alle, die eine pr\u00e4zise industrielle Reinigung ben\u00f6tigen.<\/p>\n<p>Hauptmerkmal wie unten:<\/p>\n<ul>\n<li>Laser-Typ: Faserlaser<br \/>\nLaserleistung: 200W<br \/>\nAusgangsbereich (falls einstellbar): 0-100%<br \/>\nImpulsformung: MOPA Q-Switched (Qualit\u00e4tsfaktor)<br \/>\nLaser-Generator: JPT<br \/>\nReinigungsfl\u00e4che: 100*100mm (optional 130x130mm, 150x150mm)<br \/>\nFaserl\u00e4nge: 5m<br \/>\nArt der K\u00fchlung: Luft<br \/>\nNach dem Verkauf: 2 Jahre<\/li>\n<\/ul>\n<p><iframe title=\"200W Pulslaser-Reiniger | 200W Pulslaser-Reinigungsmaschine\" width=\"1290\" height=\"726\" src=\"https:\/\/www.youtube.com\/embed\/K8XqcUOiTa0?feature=oembed\" frameborder=\"0\" allow=\"accelerometer; autoplay; clipboard-write; encrypted-media; gyroscope; picture-in-picture; web-share\" referrerpolicy=\"strict-origin-when-cross-origin\" allowfullscreen><\/iframe><\/p>\n<h2>Merkmale des 200W Pulse Laser Cleaner:<\/h2>\n<p>Im Gegensatz zu kontinuierlichen (CW) Faserlaserreinigern verwendet dieses gepulste Laserreinigungssystem einen intelligenten Reinigungskopf mit doppeltem Taumel und bietet eine vielseitige Palette von 8 Reinigungsmodi, um verschiedene Anforderungen zu erf\u00fcllen. Es verwaltet die Eingangsleistung effektiv, indem es die Impulsbreite, die Frequenz usw. anpasst, die optimalen Temperaturen f\u00fcr das Werkst\u00fcck aufrechterh\u00e4lt und gleichzeitig den Energieverlust minimiert, was die Gesamteffizienz erh\u00f6ht.<\/p>\n<p><strong>Benutzerfreundliche Software verwenden<\/strong> - Dieser Laserreiniger ist mit einem 5 Meter langen Glasfaserkabel ausgestattet, das einen flexiblen Betrieb ohne r\u00e4umliche Einschr\u00e4nkungen erm\u00f6glicht. Die BOGONG 300W Lasermaschine verf\u00fcgt \u00fcber zwei Touchscreens, einen am Laserkopf und einen weiteren am Maschinengeh\u00e4use, \u00fcber die Sie die Parameter frei einstellen k\u00f6nnen. Die erweiterte IO-Schnittstelle erm\u00f6glicht eine einfache Integration mit Manipulatoren f\u00fcr automatisierte Reinigungsprozesse. Dar\u00fcber hinaus werden umfassende englische Handb\u00fccher und Betriebsvideos zur Verf\u00fcgung gestellt, die eine reibungslose und schnelle Lernerfahrung f\u00fcr Benutzer dieses Laser-Rostentferners gew\u00e4hrleisten.<\/p>\n<p><strong>Single-Mode-F\u00e4higkeit<\/strong> - Die gepulste Singlemode-\u00e4hnliche 2mj-Laser-Reinigungsmaschine ist \u00e4u\u00dferst vielseitig und eignet sich f\u00fcr eine breite Palette von Anwendungen, darunter die Reinigung von Metalloberfl\u00e4chen, Autoteilen, Stein, Holz, Kunststoff und anderen Materialien, die eine hohe Reinigungsleistung erfordern. Er eignet sich hervorragend f\u00fcr schwierige Aufgaben mit starken Anhaftungen, schwer zu entfernenden Substanzen, starkem Rost, Oxidschichten und dicker Farbe.<\/p>\n<p><strong>Multimodus-Pr\u00e4zision<\/strong> - Die gepulste Multimode-Laserreinigungsmaschine 15mj ist ideal f\u00fcr Anwendungen, die hohe Pr\u00e4zision erfordern, wie z. B. die Reinigung von Pr\u00e4zisionsteilen, die Wartung elektronischer Ger\u00e4te und die Behandlung von Mikrokomponenten. Sie wurde speziell f\u00fcr Szenarien entwickelt, bei denen leichte Anhaftungen, leicht entfernbare Verunreinigungen, leichter Rost und Anwendungen, bei denen die Vermeidung von Sch\u00e4den entscheidend ist, eine Rolle spielen.<\/p>\n<p><iframe title=\"Real Unterschied zwischen 2mj 5mj 15mj Pulse Laser Reinigungsmaschine? Tophat VS Gauss, die am besten ist?\" width=\"1290\" height=\"726\" src=\"https:\/\/www.youtube.com\/embed\/XWgilh9T0is?feature=oembed\" frameborder=\"0\" allow=\"accelerometer; autoplay; clipboard-write; encrypted-media; gyroscope; picture-in-picture; web-share\" referrerpolicy=\"strict-origin-when-cross-origin\" allowfullscreen><\/iframe><\/p>\n<h3>Warum w\u00e4hlen <a href=\"https:\/\/bogonglaser.com\/de\/\">Bogong Laser-Reiniger<\/a><\/h3>\n<ul>\n<li>Mit unserer umfassenden Erfahrung in der Laserreinigungstechnologie sind wir darauf spezialisiert, fortschrittliche L\u00f6sungen zu liefern, die auf Ihre spezifischen Anforderungen zugeschnitten sind. Unser Team aus erfahrenen Ingenieuren und Technikern verf\u00fcgt \u00fcber fundierte Branchenkenntnisse, die sicherstellen, dass Sie die ideale L\u00f6sung erhalten. <a href=\"https:\/\/bogonglaser.com\/de\/laser-cleaning-machine\/\">Laser-Reinigungsanlage<\/a> ma\u00dfgeschneidert f\u00fcr Ihre einzigartigen Anwendungen.<\/li>\n<li>Wir sparen bereits Parameter f\u00fcr die Entfernung von Rost, Lackierung, etc, k\u00f6nnen Sie Laser-Reinigung leicht beginnen, nachdem es bekam.<\/li>\n<li>Bogong bietet nicht nur hochwertige Laserger\u00e4te, sondern auch den besten Kundendienst der letzten Jahre.<\/li>\n<\/ul>\n<p><iframe title=\"300W Puls-Laser-Reinigungsmaschine | Best Automative Parts Restore Business Cleaning Tool System\" width=\"1290\" height=\"726\" src=\"https:\/\/www.youtube.com\/embed\/iEI1zAgPy5g?feature=oembed\" frameborder=\"0\" allow=\"accelerometer; autoplay; clipboard-write; encrypted-media; gyroscope; picture-in-picture; web-share\" referrerpolicy=\"strict-origin-when-cross-origin\" allowfullscreen><\/iframe><\/p>\n<p><iframe title=\"MOLD LASER CLEANING MACHINE | Formenlaser-Reinigungsmaschine\" width=\"1290\" height=\"726\" src=\"https:\/\/www.youtube.com\/embed\/tspq0apVAt0?feature=oembed\" frameborder=\"0\" allow=\"accelerometer; autoplay; clipboard-write; encrypted-media; gyroscope; picture-in-picture; web-share\" referrerpolicy=\"strict-origin-when-cross-origin\" allowfullscreen><\/iframe><\/p>\n<h2>Wie funktioniert die 200-Impuls-Laser-Reinigungsmaschine?<\/h2>\n<p>Die 200-W-Impulslaser-Reinigungsmaschine nutzt fortschrittliche Lasertechnologie, um Verunreinigungen effektiv von Oberfl\u00e4chen zu entfernen. Hier finden Sie einen kurzen \u00dcberblick \u00fcber die Funktionsweise:<\/p>\n<ol>\n<li><strong>Laser-Emission<\/strong>: Er erzeugt einen gepulsten 200-W-Laserstrahl, der kurze Energiest\u00f6\u00dfe f\u00fcr eine pr\u00e4zise Reinigung abgibt.<\/li>\n<li><strong>Gezielte Reinigung<\/strong>: Wenn die Laserenergie auf eine Oberfl\u00e4che gerichtet ist, wird sie von Verunreinigungen wie Rost oder Farbe absorbiert.<\/li>\n<li><strong>Verdampfung<\/strong>: Die absorbierte Energie erhitzt die Verunreinigungen schnell und l\u00e4sst sie verdampfen, ohne das darunter liegende Material zu besch\u00e4digen.<\/li>\n<li><strong>Selektive Entfernung<\/strong>: Das Verfahren zielt selektiv nur auf die Verunreinigungen ab und bewahrt die Integrit\u00e4t der Oberfl\u00e4che.<\/li>\n<li><strong>Einstellbare Einstellungen<\/strong>: Es bietet anpassbare Leistungseinstellungen und Fokusoptionen f\u00fcr verschiedene Oberfl\u00e4chen und Verschmutzungsgrade.<\/li>\n<\/ol>\n<p>Insgesamt bietet die 200-W-Impulslaser-Reinigungsmaschine eine effiziente, pr\u00e4zise und vielseitige L\u00f6sung f\u00fcr industrielle Reinigungsanwendungen.<\/p>\n<p><iframe title=\"200W Pulslaser-Reinigungsmaschine Feedback\" width=\"1290\" height=\"726\" src=\"https:\/\/www.youtube.com\/embed\/EpK-C5kgbms?feature=oembed\" frameborder=\"0\" allow=\"accelerometer; autoplay; clipboard-write; encrypted-media; gyroscope; picture-in-picture; web-share\" referrerpolicy=\"strict-origin-when-cross-origin\" allowfullscreen><\/iframe><\/p>\n<h3>Wie man die richtige Pulslaser-Reinigungsmaschine ausw\u00e4hlt<\/h3>\n<p>Die Wahl der richtigen Pulslaser-Reinigungsmaschine ist wichtig f\u00fcr Ihr Unternehmen. Wie k\u00f6nnen Sie sicherstellen, dass die Maschine Ihren speziellen Anforderungen entspricht? Hier ist ein Leitfaden, der Ihnen hilft, eine fundierte Entscheidung zu treffen:<\/p>\n<ol>\n<li><strong>Kompatibilit\u00e4t der Materialien<\/strong>: Bestimmen Sie die Art der Materialien, die Sie reinigen wollen (z. B. Rost, Farbe, Metall, Holz, Acryl, usw.). Vergewissern Sie sich, dass die von Ihnen gew\u00e4hlte Maschine diese Materialien effektiv bearbeiten kann.<\/li>\n<li><strong>Laser-Typ<\/strong>: Verschiedene Lasertypen 2mj, 5mj und 15mj, unterschiedliche Laser unterschiedliche Ergebnisse.<\/li>\n<li><strong>Gr\u00f6\u00dfe des Arbeitsbereichs<\/strong>: Beurteilen Sie die Gr\u00f6\u00dfe des Reinigungsbereichs auf der Grundlage der Projekte, die Sie planen. Vergewissern Sie sich, dass die Maschine einen angemessenen Arbeitsbereich f\u00fcr Ihre Gegenst\u00e4nde hat. W\u00e4hlen Sie das richtige F-Theta-Objektiv, fragen Sie unseren Vertrieb danach.<\/li>\n<li><strong>Benutzerfreundlichkeit<\/strong>: Achten Sie auf Maschinen mit benutzerfreundlicher Software, die eine einfache Gestaltung und Bedienung erm\u00f6glicht.<\/li>\n<li><strong>Kundenbetreuung und Garantie<\/strong>: Informieren Sie sich \u00fcber die Support-Optionen des Herstellers und die angebotene Garantie. Ein zuverl\u00e4ssiger Kundendienst kann bei der Fehlersuche und Wartung entscheidend sein.<\/li>\n<\/ol>\n<p>Sie k\u00f6nnen mehr Kunden-Feedback von BOGONG youtube-Kanal zu finden.<\/p>\n<p>Zahlungsbedingungen<\/p>\n<p>1. Ablagerung und Balance: Eine 30% T\/T Anzahlung ist im Voraus erforderlich, mit dem Restbetrag vor dem Versand f\u00e4llig.<\/p>\n<p>2. Alibaba Trade Assurance: Zahlungen k\u00f6nnen \u00fcber Alibaba Trade Assurance abgewickelt werden.<\/p>\n<p>FAQs f\u00fcr das 3D-Faserlaser-Metallschneideger\u00e4t<\/p>\n<p>Was ist die Verpackung f\u00fcr die 3d-Faser-Laser-Markierungsmaschine?<br \/>\nUnsere Maschinen werden in einem dreilagigen Aufbau verpackt. Die \u00e4u\u00dfere Schicht besteht aus einer Holzkiste, die mittlere Schicht ist mit Schaumstoff gepolstert, um sie vor Ersch\u00fctterungen zu sch\u00fctzen, und die innere Schicht besteht aus einer dicken Plastikt\u00fcte zur Abdichtung.<\/p>\n<p>Wird das Paket w\u00e4hrend des Transports besch\u00e4digt werden?<br \/>\nWir gestalten unsere Verpackungen sorgf\u00e4ltig, um alle potenziellen Schadensfaktoren zu ber\u00fccksichtigen, und unsere Spediteure sind erfahren im sicheren Transport. Wir haben erfolgreich in 180 L\u00e4nder exportiert. Sie k\u00f6nnen also sicher sein, dass Ihr Paket in einem ausgezeichneten Zustand ankommt.<\/p>\n<p>Die meisten Kunden w\u00e4hlen den Transport per UPS\/DHL-Express, kann es am Zielort ankommen etwa 5-7 Tage, kontaktieren Sie mit BOGONG, um mehr Details \u00fcber Faser-Laser-Metall-Gravierer f\u00fcr Silber Messing Gold Kupfer zu erhalten.<\/p>","protected":false},"excerpt":{"rendered":"<h2>200W Pulslaser-Reinigungsmaschine<\/h2>\n<p>BOGONG 200W Pulslaser-Reinigungsmaschine mit bester Mopa-Laserquelle, entwickelt f\u00fcr effiziente Materialoberfl\u00e4chenreinigungsanwendungen. Es ist einfach einzurichten, zu bedienen und zu automatisieren, so dass es ideal f\u00fcr die Entfernung von Oberfl\u00e4chenverunreinigungen wie Rost, Fett, Farbe, Grundierung und mehr mit Pr\u00e4zision.<\/p>\n<ul class=\"tips\">\n<li>200 Sets \/ Monat zum Verkauf bereit Auf Lager<\/li>\n<li>2 Jahre beschr\u00e4nkte Garantie f\u00fcr die gesamte Maschine<\/li>\n<li>3-5 Tage Vorbereitung der Lasermaschine, 3-7 Tage Transport.<\/li>\n<li>Online (PayPal) und Offline (T\/T, Debit- und Kreditkarten)<\/li>\n<\/ul>","protected":false},"featured_media":1741,"template":"","meta":{"_gspb_post_css":""},"product_brand":[],"product_cat":[94],"product_tag":[101,100],"class_list":{"0":"post-1746","1":"product","2":"type-product","3":"status-publish","4":"has-post-thumbnail","6":"product_cat-laser-cleaning-machine","7":"product_tag-laser-cleaner","8":"product_tag-laser-cleaning-machine","10":"first","11":"instock","12":"shipping-taxable","13":"product-type-simple"},"_links":{"self":[{"href":"https:\/\/bogonglaser.com\/de\/wp-json\/wp\/v2\/product\/1746","targetHints":{"allow":["GET"]}}],"collection":[{"href":"https:\/\/bogonglaser.com\/de\/wp-json\/wp\/v2\/product"}],"about":[{"href":"https:\/\/bogonglaser.com\/de\/wp-json\/wp\/v2\/types\/product"}],"wp:featuredmedia":[{"embeddable":true,"href":"https:\/\/bogonglaser.com\/de\/wp-json\/wp\/v2\/media\/1741"}],"wp:attachment":[{"href":"https:\/\/bogonglaser.com\/de\/wp-json\/wp\/v2\/media?parent=1746"}],"wp:term":[{"taxonomy":"product_brand","embeddable":true,"href":"https:\/\/bogonglaser.com\/de\/wp-json\/wp\/v2\/product_brand?post=1746"},{"taxonomy":"product_cat","embeddable":true,"href":"https:\/\/bogonglaser.com\/de\/wp-json\/wp\/v2\/product_cat?post=1746"},{"taxonomy":"product_tag","embeddable":true,"href":"https:\/\/bogonglaser.com\/de\/wp-json\/wp\/v2\/product_tag?post=1746"}],"curies":[{"name":"wp","href":"https:\/\/api.w.org\/{rel}","templated":true}]}}