{"id":1701,"date":"2024-11-05T13:47:11","date_gmt":"2024-11-05T05:47:11","guid":{"rendered":"https:\/\/bogonglaser.com\/?post_type=product&#038;p=1701"},"modified":"2025-12-10T18:05:45","modified_gmt":"2025-12-10T10:05:45","slug":"200w-300w-pulse-laser-cleaning-machine","status":"publish","type":"product","link":"https:\/\/bogonglaser.com\/de\/200w-300w-pulse-laser-cleaning-machine\/","title":{"rendered":"Beste 300W Pulslaser-Reinigungsmaschine"},"content":{"rendered":"<div class=\"vc_row wpb_row vc_row-fluid\">\n<div class=\"wpb_column vc_column_container vc_col-sm-12\">\n<div class=\"vc_column-inner\">\n<div class=\"wpb_wrapper\">\n<div class=\"wpb_text_column wpb_content_element\">\n<div class=\"wpb_wrapper\">\n<h2>Was ist eine 300W-Pulslaser-Reinigungsmaschine<\/h2>\n<p>Der 300W-Impuls<a href=\"https:\/\/bogonglaser.com\/de\/laser-cleaning-machine\/\">\u00a0Laser-Reinigungsanlage<\/a>\u00a0ist ein Laserger\u00e4t, das speziell f\u00fcr industrielle Reinigungsaufgaben entwickelt wurde. Es nutzt die fortschrittliche MOPA-Laserreinigungstechnologie, eine ber\u00fchrungslose Methode, die effektiv Rost, Farbe, Beschichtungen und andere Verunreinigungen von Oberfl\u00e4chen entfernt und gleichzeitig das darunter liegende Material sch\u00fctzt.<\/p>\n<p>Mit einer Leistung von 300 W sendet dieses Ger\u00e4t einen starken Laserstrahl aus, der selbst die hartn\u00e4ckigsten Verschmutzungen schnell und effizient beseitigen kann. Der Reinigungsprozess funktioniert, indem die Laserenergie auf die verunreinigte Oberfl\u00e4che gerichtet wird. Die von den Verunreinigungen absorbierte Laserenergie erhitzt die Oberfl\u00e4che schnell, so dass die Verunreinigungen fast augenblicklich verdampfen. Dieser Prozess besch\u00e4digt das darunter liegende Material nicht, da die Wirkungsdauer des Lasers extrem kurz ist (in der Regel im Nanosekunden- bis Mikrosekundenbereich) und eine saubere Oberfl\u00e4che zur\u00fcckbleibt.<\/p>\n<p>One of the great features of this machine is its adjustable power settings and various scanning modes, which allow users to customize the cleaning process based on the specific surface and the type of contamination. This means you can achieve optimal results without risking damage to the material below. Also it has an intuitive interface and programmable settings, making it user-friendly and easy to operate. Overall, it\u2019s an effective solution for anyone needing precise industrial cleaning.<\/p>\n<p>Hauptmerkmal wie unten:<\/p>\n<ul>\n<li>Laser-Typ: Faserlaser<br \/>\nLaserleistung: 300W<br \/>\nAusgangsbereich (falls einstellbar): 0-100%<br \/>\nImpulsformung: MOPA Q-Switched (Qualit\u00e4tsfaktor)<br \/>\nLaser-Generator: JPT<br \/>\nReinigungsfl\u00e4che: 100*100mm (optional 130x130mm, 150x150mm)<br \/>\nFaserl\u00e4nge: 5m<br \/>\nArt der K\u00fchlung: Luft<br \/>\nNach dem Verkauf: 2 Jahre<\/li>\n<\/ul>\n<\/div>\n<\/div>\n<\/div>\n<\/div>\n<\/div>\n<\/div>\n<div class=\"vc_row wpb_row vc_row-fluid\">\n<div class=\"wpb_column vc_column_container vc_col-sm-12\">\n<div class=\"vc_column-inner\">\n<div class=\"wpb_wrapper\">\n<div class=\"wpb_single_image wpb_content_element vc_align_left wpb_content_element\">\n<figure class=\"wpb_wrapper vc_figure\">\n<div class=\"vc_single_image-wrapper   vc_box_border_grey\"><img decoding=\"async\" class=\"vc_single_image-img attachment-full\" title=\"300w Laser-Reinigungsmaschine\" src=\"https:\/\/bogonglaser.com\/wp-content\/uploads\/2024\/11\/300w-laser-cleaning-machine.jpg\" sizes=\"auto, (max-width: 700px) 100vw, 700px\" srcset=\"https:\/\/bogonglaser.com\/wp-content\/uploads\/2024\/11\/300w-laser-cleaning-machine.jpg 700w, https:\/\/bogonglaser.com\/wp-content\/uploads\/2024\/11\/300w-laser-cleaning-machine-300x257.jpg 300w, https:\/\/bogonglaser.com\/wp-content\/uploads\/2024\/11\/300w-laser-cleaning-machine-14x12.jpg 14w, https:\/\/bogonglaser.com\/wp-content\/uploads\/2024\/11\/300w-laser-cleaning-machine-600x514.jpg 600w\" alt=\"300w Laser-Reinigungsmaschine\" width=\"700\" height=\"600\" \/><\/div>\n<\/figure>\n<\/div>\n<\/div>\n<\/div>\n<\/div>\n<\/div>\n<div class=\"vc_row wpb_row vc_row-fluid\">\n<div class=\"wpb_column vc_column_container vc_col-sm-12\">\n<div class=\"vc_column-inner\">\n<div class=\"wpb_wrapper\">\n<div class=\"wpb_video_widget wpb_content_element vc_clearfix   vc_video-aspect-ratio-169 vc_video-el-width-100 vc_video-align-left\">\n<div class=\"wpb_wrapper\">\n<h2 class=\"wpb_heading wpb_video_heading\">Beste 300w Pulslaser-Reinigungsmaschine<\/h2>\n<div class=\"wpb_video_wrapper\">\n<p><iframe title=\"300W Pulslaser-Reinigungsmaschine | Bester Pulslaser-Reiniger\" width=\"1290\" height=\"726\" src=\"https:\/\/www.youtube.com\/embed\/GtMAgxBJiTA?feature=oembed\" frameborder=\"0\" allow=\"accelerometer; autoplay; clipboard-write; encrypted-media; gyroscope; picture-in-picture; web-share\" referrerpolicy=\"strict-origin-when-cross-origin\" allowfullscreen><\/iframe><\/p>\n<\/div>\n<\/div>\n<\/div>\n<\/div>\n<\/div>\n<\/div>\n<\/div>\n<div class=\"vc_row wpb_row vc_row-fluid\">\n<div class=\"wpb_column vc_column_container vc_col-sm-12\">\n<div class=\"vc_column-inner\">\n<div class=\"wpb_wrapper\">\n<div class=\"wpb_text_column wpb_content_element\">\n<div class=\"wpb_wrapper\">\n<h2>Merkmale des 300W Pulslaser-Reinigers:<\/h2>\n<p>Im Gegensatz zu kontinuierlichen (CW) Faserlaserreinigern verwendet dieses gepulste Laserreinigungssystem einen intelligenten Reinigungskopf mit doppeltem Taumel und bietet eine vielseitige Palette von 8 Reinigungsmodi, um verschiedene Anforderungen zu erf\u00fcllen. Es verwaltet die Eingangsleistung effektiv, indem es die Impulsbreite, die Frequenz usw. anpasst, die optimalen Temperaturen f\u00fcr das Werkst\u00fcck aufrechterh\u00e4lt und gleichzeitig den Energieverlust minimiert, was die Gesamteffizienz erh\u00f6ht.<\/p>\n<p><strong>Benutzerfreundliche Software verwenden<\/strong>\u00a0\u2013 Built for convenience, this laser cleaner is equipped with a 5-meter long fiber cable, allowing for flexible operation without spatial constraints. there have 2 touch screen with BOGONG 300W Laser Machine, one touch screen on laser head, another touch screen on machine cabinet, you can adjust parameters freely. Its extended IO interface facilitates easy integration with manipulators for automated cleaning processes. Additionally, comprehensive English manuals and operation videos are provided, ensuring a smooth and quick learning experience for users of this laser rust remover.<\/p>\n<p><strong>Single-Mode-F\u00e4higkeit<\/strong>\u00a0\u2013 The pulsed single-mode like 2mj laser cleaning machine is highly versatile, suitable for a wide range of applications including metal surface cleaning, automotive parts, stone, wood, plastic, and other materials that require high power cleaning. It excels at tackling challenging jobs with strong adhesion, difficult-to-remove substances, heavy rust, oxide layers, and thick paint.<\/p>\n<p><strong>Multimodus-Pr\u00e4zision<\/strong>\u00a0\u2013 The pulsed multi-mode 15mj laser cleaning machine is ideal for applications requiring high precision, such as cleaning precision parts, maintaining electronic equipment, and treating micro components. It is specifically designed for scenarios involving light adhesion, easily removable contaminants, mild rust, and applications where avoiding damage is critical, choose multi mode for mould cleaning.<\/p>\n<\/div>\n<\/div>\n<\/div>\n<\/div>\n<\/div>\n<\/div>\n<div class=\"vc_row wpb_row vc_row-fluid\">\n<div class=\"wpb_column vc_column_container vc_col-sm-12\">\n<div class=\"vc_column-inner\">\n<div class=\"wpb_wrapper\">\n<div class=\"wpb_video_widget wpb_content_element vc_clearfix   vc_video-aspect-ratio-169 vc_video-el-width-100 vc_video-align-left\">\n<div class=\"wpb_wrapper\">\n<h2 class=\"wpb_heading wpb_video_heading\">What&#8217;s the different between 2mj 5mj and 15mj Pulse Laser Cleaner<\/h2>\n<div class=\"wpb_video_wrapper\">\n<p><iframe title=\"Real Unterschied zwischen 2mj 5mj 15mj Pulse Laser Reinigungsmaschine? Tophat VS Gauss, die am besten ist?\" width=\"1290\" height=\"726\" src=\"https:\/\/www.youtube.com\/embed\/XWgilh9T0is?feature=oembed\" frameborder=\"0\" allow=\"accelerometer; autoplay; clipboard-write; encrypted-media; gyroscope; picture-in-picture; web-share\" referrerpolicy=\"strict-origin-when-cross-origin\" allowfullscreen><\/iframe><\/p>\n<\/div>\n<\/div>\n<\/div>\n<\/div>\n<\/div>\n<\/div>\n<\/div>\n<div class=\"vc_row wpb_row vc_row-fluid\">\n<div class=\"wpb_column vc_column_container vc_col-sm-12\">\n<div class=\"vc_column-inner\">\n<div class=\"wpb_wrapper\">\n<div class=\"wpb_text_column wpb_content_element\">\n<div class=\"wpb_wrapper\">\n<h3>Warum Bogong Laser Cleaner w\u00e4hlen<\/h3>\n<ul>\n<li>Mit unserer umfassenden Erfahrung in der Laserreinigungstechnologie sind wir darauf spezialisiert, fortschrittliche L\u00f6sungen zu liefern, die auf Ihre spezifischen Anforderungen zugeschnitten sind. Unser Team aus fachkundigen Ingenieuren und Technikern verf\u00fcgt \u00fcber fundierte Branchenkenntnisse und stellt sicher, dass Sie die ideale Laserreinigungsmaschine f\u00fcr Ihre speziellen Anwendungen erhalten.<\/li>\n<li>Wir sparen bereits Parameter f\u00fcr die Entfernung von Rost, Lackierung, etc, k\u00f6nnen Sie Laser-Reinigung leicht beginnen, nachdem es bekam.<\/li>\n<li>Bogong bietet nicht nur hochwertige Laserger\u00e4te, sondern auch den besten Kundendienst der letzten Jahre.<\/li>\n<\/ul>\n<\/div>\n<\/div>\n<\/div>\n<\/div>\n<\/div>\n<\/div>\n<div class=\"vc_row wpb_row vc_row-fluid\">\n<div class=\"wpb_column vc_column_container vc_col-sm-12\">\n<div class=\"vc_column-inner\">\n<div class=\"wpb_wrapper\">\n<div class=\"wpb_video_widget wpb_content_element vc_clearfix   vc_video-aspect-ratio-169 vc_video-el-width-100 vc_video-align-left\">\n<div class=\"wpb_wrapper\">\n<h2 class=\"wpb_heading wpb_video_heading\">Reinigung automatischer Autoteile<\/h2>\n<div class=\"wpb_video_wrapper\">\n<p><iframe title=\"300W Puls-Laser-Reinigungsmaschine | Best Automative Parts Restore Business Cleaning Tool System\" width=\"1290\" height=\"726\" src=\"https:\/\/www.youtube.com\/embed\/iEI1zAgPy5g?feature=oembed\" frameborder=\"0\" allow=\"accelerometer; autoplay; clipboard-write; encrypted-media; gyroscope; picture-in-picture; web-share\" referrerpolicy=\"strict-origin-when-cross-origin\" allowfullscreen><\/iframe><\/p>\n<\/div>\n<\/div>\n<\/div>\n<\/div>\n<\/div>\n<\/div>\n<\/div>\n<div class=\"vc_row wpb_row vc_row-fluid\">\n<div class=\"wpb_column vc_column_container vc_col-sm-12\">\n<div class=\"vc_column-inner\">\n<div class=\"wpb_wrapper\">\n<div class=\"wpb_text_column wpb_content_element\">\n<div class=\"wpb_wrapper\">\n<h2>Wie funktioniert die 300-Impuls-Laser-Reinigungsmaschine?<\/h2>\n<p>Die 300-W-Impulslaser-Reinigungsmaschine nutzt fortschrittliche Lasertechnologie, um Verunreinigungen effektiv von Oberfl\u00e4chen zu entfernen. Hier finden Sie einen kurzen \u00dcberblick \u00fcber die Funktionsweise:<\/p>\n<ol>\n<li><strong>Laser-Emission<\/strong>: Er erzeugt einen leistungsstarken gepulsten Laserstrahl von 300 W, der kurze Energiest\u00f6\u00dfe f\u00fcr eine pr\u00e4zise Reinigung abgibt.<\/li>\n<li><strong>Gezielte Reinigung<\/strong>: Wenn die Laserenergie auf eine Oberfl\u00e4che gerichtet ist, wird sie von Verunreinigungen wie Rost oder Farbe absorbiert.<\/li>\n<li><strong>Verdampfung<\/strong>: Die absorbierte Energie erhitzt die Verunreinigungen schnell und l\u00e4sst sie verdampfen, ohne das darunter liegende Material zu besch\u00e4digen.<\/li>\n<li><strong>Selektive Entfernung<\/strong>: Das Verfahren zielt selektiv nur auf die Verunreinigungen ab und bewahrt die Integrit\u00e4t der Oberfl\u00e4che.<\/li>\n<li><strong>Einstellbare Einstellungen<\/strong>: Es bietet anpassbare Leistungseinstellungen und Fokusoptionen f\u00fcr verschiedene Oberfl\u00e4chen und Verschmutzungsgrade.<\/li>\n<\/ol>\n<p>Insgesamt bietet die 300-W-Impulslaser-Reinigungsmaschine eine effiziente, pr\u00e4zise und vielseitige L\u00f6sung f\u00fcr industrielle Reinigungsanwendungen.<\/p>\n<\/div>\n<\/div>\n<\/div>\n<\/div>\n<\/div>\n<\/div>\n<div class=\"vc_row wpb_row vc_row-fluid\">\n<div class=\"wpb_column vc_column_container vc_col-sm-12\">\n<div class=\"vc_column-inner\">\n<div class=\"wpb_wrapper\">\n<div class=\"wpb_text_column wpb_content_element\">\n<div class=\"wpb_wrapper\">\n<h3>Wie man die richtige Pulslaser-Reinigungsmaschine ausw\u00e4hlt<\/h3>\n<p>Die Wahl des richtigen Pulses\u00a0<a href=\"https:\/\/bogonglaser.com\/de\/laser-cleaning-machine\/\">Laser-Reinigungsanlage<\/a>\u00a0f\u00fcr Ihr Unternehmen wichtig sein wird, wie Sie sicherstellen k\u00f6nnen, dass die Maschine Ihren speziellen Anforderungen entspricht. Der folgende Leitfaden soll Ihnen helfen, eine fundierte Entscheidung zu treffen:<\/p>\n<ol>\n<li><strong>Kompatibilit\u00e4t der Materialien<\/strong>: Bestimmen Sie die Art der Materialien, die Sie reinigen wollen (z. B. Rost, Farbe, Metall, Holz, Acryl, usw.). Vergewissern Sie sich, dass die von Ihnen gew\u00e4hlte Maschine diese Materialien effektiv bearbeiten kann.<\/li>\n<li><strong>Laser-Typ<\/strong>: Verschiedene Lasertypen 2mj, 5mj und 15mj, unterschiedliche Laser unterschiedliche Ergebnisse.<\/li>\n<li><strong>Gr\u00f6\u00dfe des Arbeitsbereichs<\/strong>: Beurteilen Sie die Gr\u00f6\u00dfe des Reinigungsbereichs auf der Grundlage der Projekte, die Sie planen. Vergewissern Sie sich, dass die Maschine einen angemessenen Arbeitsbereich f\u00fcr Ihre Gegenst\u00e4nde hat. W\u00e4hlen Sie das richtige F-Theta-Objektiv, fragen Sie unseren Vertrieb danach.<\/li>\n<li><strong>Benutzerfreundlichkeit<\/strong>: Achten Sie auf Maschinen mit benutzerfreundlicher Software, die eine einfache Gestaltung und Bedienung erm\u00f6glicht.<\/li>\n<li><strong>Kundenbetreuung und Garantie<\/strong>: Research the manufacturer\u2019s support options and warranty offered. Reliable customer service can be crucial for troubleshooting and maintenance.<\/li>\n<\/ol>\n<\/div>\n<\/div>\n<\/div>\n<\/div>\n<\/div>\n<\/div>\n<div class=\"vc_row wpb_row vc_row-fluid\">\n<div class=\"wpb_column vc_column_container vc_col-sm-6\">\n<div class=\"vc_column-inner\">\n<div class=\"wpb_wrapper\">\n<div class=\"wpb_video_widget wpb_content_element vc_clearfix   vc_video-aspect-ratio-169 vc_video-el-width-100 vc_video-align-left\">\n<div class=\"wpb_wrapper\">\n<h2 class=\"wpb_heading wpb_video_heading\">Er kaufte BOGONG 300w Pulslaser-Reiniger<\/h2>\n<div class=\"wpb_video_wrapper\"><\/div>\n<\/div>\n<\/div>\n<div class=\"wpb_video_widget wpb_content_element vc_clearfix   vc_video-aspect-ratio-169 vc_video-el-width-100 vc_video-align-left\">\n<div class=\"wpb_wrapper\">\n<div class=\"wpb_video_wrapper\">\n<p><iframe title=\"Erstaunliche Laserreinigung #bogong #bogonglaser #laserclean #lasercleaner #laserreinigungsmaschine\" width=\"1290\" height=\"726\" src=\"https:\/\/www.youtube.com\/embed\/Qm1UwgdV24M?feature=oembed\" frameborder=\"0\" allow=\"accelerometer; autoplay; clipboard-write; encrypted-media; gyroscope; picture-in-picture; web-share\" referrerpolicy=\"strict-origin-when-cross-origin\" allowfullscreen><\/iframe><\/p>\n<\/div>\n<\/div>\n<\/div>\n<div class=\"wpb_video_widget wpb_content_element vc_clearfix   vc_video-aspect-ratio-169 vc_video-el-width-100 vc_video-align-left\">\n<div class=\"wpb_wrapper\">\n<div class=\"wpb_video_wrapper\"><\/div>\n<\/div>\n<\/div>\n<div class=\"wpb_video_widget wpb_content_element vc_clearfix   vc_video-aspect-ratio-169 vc_video-el-width-100 vc_video-align-left\">\n<div class=\"wpb_wrapper\">\n<div class=\"wpb_video_wrapper\">\n<p><iframe title=\"Laserreinigung Autolackierung #laserclean #pulselaserreinigungsmaschine #lasercleaner\" width=\"1290\" height=\"726\" src=\"https:\/\/www.youtube.com\/embed\/YlduwjgjlhE?feature=oembed\" frameborder=\"0\" allow=\"accelerometer; autoplay; clipboard-write; encrypted-media; gyroscope; picture-in-picture; web-share\" referrerpolicy=\"strict-origin-when-cross-origin\" allowfullscreen><\/iframe><\/p>\n<p><iframe title=\"Watch This Laser Make Old Wood Look New Again!\" width=\"1290\" height=\"726\" src=\"https:\/\/www.youtube.com\/embed\/03kPNkab9nU?feature=oembed\" frameborder=\"0\" allow=\"accelerometer; autoplay; clipboard-write; encrypted-media; gyroscope; picture-in-picture; web-share\" referrerpolicy=\"strict-origin-when-cross-origin\" allowfullscreen><\/iframe><\/p>\n<\/div>\n<\/div>\n<\/div>\n<\/div>\n<\/div>\n<\/div>\n<div class=\"wpb_column vc_column_container vc_col-sm-6\">\n<div class=\"vc_column-inner\">\n<div class=\"wpb_wrapper\">\n<div class=\"wpb_video_widget wpb_content_element vc_clearfix   vc_video-aspect-ratio-169 vc_video-el-width-100 vc_video-align-left\">\n<div class=\"wpb_wrapper\">\n<h2 class=\"wpb_heading wpb_video_heading\">Er kaufte BOGONG 300w Pulse Laser Cleaner<\/h2>\n<div class=\"wpb_video_wrapper\">\n<p><iframe title=\"Buyer&#039;s Feedback BOGONG Pulse Laser Cleaner\" width=\"1290\" height=\"726\" src=\"https:\/\/www.youtube.com\/embed\/sd7UI42Cpa4?feature=oembed\" frameborder=\"0\" allow=\"accelerometer; autoplay; clipboard-write; encrypted-media; gyroscope; picture-in-picture; web-share\" referrerpolicy=\"strict-origin-when-cross-origin\" allowfullscreen><\/iframe><\/p>\n<p><iframe title=\"Ich habe einen Laser-Rostreiniger getestet - Teil 2\" width=\"1290\" height=\"726\" src=\"https:\/\/www.youtube.com\/embed\/m9sj-ABFkec?feature=oembed\" frameborder=\"0\" allow=\"accelerometer; autoplay; clipboard-write; encrypted-media; gyroscope; picture-in-picture; web-share\" referrerpolicy=\"strict-origin-when-cross-origin\" allowfullscreen><\/iframe><\/p>\n<p><iframe title=\"Ich habe einen Laser-Rostreiniger getestet - Teil 2\" width=\"1290\" height=\"726\" src=\"https:\/\/www.youtube.com\/embed\/m9sj-ABFkec?feature=oembed\" frameborder=\"0\" allow=\"accelerometer; autoplay; clipboard-write; encrypted-media; gyroscope; picture-in-picture; web-share\" referrerpolicy=\"strict-origin-when-cross-origin\" allowfullscreen><\/iframe><\/p>\n<p><iframe title=\"I Tried This Pulse Laser Cleaner on Old Car Parts and WOW!\" width=\"1290\" height=\"726\" src=\"https:\/\/www.youtube.com\/embed\/ilBRE-RgwL4?feature=oembed\" frameborder=\"0\" allow=\"accelerometer; autoplay; clipboard-write; encrypted-media; gyroscope; picture-in-picture; web-share\" referrerpolicy=\"strict-origin-when-cross-origin\" allowfullscreen><\/iframe><\/p>\n<\/div>\n<\/div>\n<\/div>\n<div class=\"wpb_video_widget wpb_content_element vc_clearfix   vc_video-aspect-ratio-169 vc_video-el-width-100 vc_video-align-left\">\n<div class=\"wpb_wrapper\">\n<div class=\"wpb_video_wrapper\"><\/div>\n<\/div>\n<\/div>\n<div class=\"wpb_video_widget wpb_content_element vc_clearfix   vc_video-aspect-ratio-169 vc_video-el-width-100 vc_video-align-left\">\n<div class=\"wpb_wrapper\">\n<div class=\"wpb_video_wrapper\"><\/div>\n<\/div>\n<\/div>\n<div class=\"wpb_video_widget wpb_content_element vc_clearfix   vc_video-aspect-ratio-169 vc_video-el-width-100 vc_video-align-left\">\n<div class=\"wpb_wrapper\">\n<div class=\"wpb_video_wrapper\"><\/div>\n<\/div>\n<\/div>\n<\/div>\n<\/div>\n<\/div>\n<\/div>\n<div class=\"vc_row wpb_row vc_row-fluid\">\n<div class=\"wpb_column vc_column_container vc_col-sm-12\">\n<div class=\"vc_column-inner\">\n<div class=\"wpb_wrapper\">\n<div class=\"wpb_text_column wpb_content_element\">\n<div class=\"wpb_wrapper\">\n<p>Sie k\u00f6nnen mehr Kunden-Feedback von BOGONG youtube-Kanal zu finden.<\/p>\n<\/div>\n<\/div>\n<\/div>\n<\/div>\n<\/div>\n<\/div>\n<div class=\"vc_row wpb_row vc_row-fluid\">\n<div class=\"wpb_column vc_column_container vc_col-sm-12\">\n<div class=\"vc_column-inner\">\n<div class=\"wpb_wrapper\">\n<div class=\"wpb_text_column wpb_content_element\">\n<div class=\"wpb_wrapper\">\n<p>Zahlungsbedingungen<\/p>\n<p>1. Ablagerung und Balance: Eine 30% T\/T Anzahlung ist im Voraus erforderlich, mit dem Restbetrag vor dem Versand f\u00e4llig.<\/p>\n<p>2. Alibaba Trade Assurance: Zahlungen k\u00f6nnen \u00fcber Alibaba Trade Assurance abgewickelt werden.<\/p>\n<p>FAQs f\u00fcr das 3D-Faserlaser-Metallschneideger\u00e4t<\/p>\n<p>Was ist die Verpackung f\u00fcr die 3d-Faser-Laser-Markierungsmaschine?<br \/>\nUnsere Maschinen werden in einem dreilagigen Aufbau verpackt. Die \u00e4u\u00dfere Schicht besteht aus einer Holzkiste, die mittlere Schicht ist mit Schaumstoff gepolstert, um sie vor Ersch\u00fctterungen zu sch\u00fctzen, und die innere Schicht besteht aus einer dicken Plastikt\u00fcte zur Abdichtung.<\/p>\n<p>Wird das Paket w\u00e4hrend des Transports besch\u00e4digt werden?<br \/>\nWir gestalten unsere Verpackungen sorgf\u00e4ltig, um alle potenziellen Schadensfaktoren zu ber\u00fccksichtigen, und unsere Spediteure sind erfahren im sicheren Transport. Wir haben erfolgreich in 180 L\u00e4nder exportiert. Sie k\u00f6nnen also sicher sein, dass Ihr Paket in einem ausgezeichneten Zustand ankommt.<\/p>\n<\/div>\n<\/div>\n<\/div>\n<\/div>\n<\/div>\n<\/div>\n<div class=\"vc_row wpb_row vc_row-fluid\">\n<div class=\"wpb_column vc_column_container vc_col-sm-12\">\n<div class=\"vc_column-inner\">\n<div class=\"wpb_wrapper\">\n<div class=\"wpb_single_image wpb_content_element vc_align_left wpb_content_element\">\n<h2 class=\"wpb_heading wpb_singleimage_heading\">Machine size: L550mm*W260mm*H528mm<\/h2>\n<figure class=\"wpb_wrapper vc_figure\">\n<div class=\"vc_single_image-wrapper   vc_box_border_grey\"><img decoding=\"async\" class=\"vc_single_image-img attachment-medium\" title=\"\u5fae\u4fe1\u56fe\u7247_20241125113809\" src=\"https:\/\/bogonglaser.com\/wp-content\/uploads\/2024\/11\/%E5%BE%AE%E4%BF%A1%E5%9B%BE%E7%89%87_20241125113809-300x300.jpg\" sizes=\"auto, (max-width: 300px) 100vw, 300px\" srcset=\"https:\/\/bogonglaser.com\/wp-content\/uploads\/2024\/11\/\u5fae\u4fe1\u56fe\u7247_20241125113809-300x300.jpg 300w, https:\/\/bogonglaser.com\/wp-content\/uploads\/2024\/11\/\u5fae\u4fe1\u56fe\u7247_20241125113809-150x150.jpg 150w, https:\/\/bogonglaser.com\/wp-content\/uploads\/2024\/11\/\u5fae\u4fe1\u56fe\u7247_20241125113809-768x768.jpg 768w, https:\/\/bogonglaser.com\/wp-content\/uploads\/2024\/11\/\u5fae\u4fe1\u56fe\u7247_20241125113809-600x600.jpg 600w, https:\/\/bogonglaser.com\/wp-content\/uploads\/2024\/11\/\u5fae\u4fe1\u56fe\u7247_20241125113809-100x100.jpg 100w, https:\/\/bogonglaser.com\/wp-content\/uploads\/2024\/11\/\u5fae\u4fe1\u56fe\u7247_20241125113809.jpg 1000w\" alt=\"\u5fae\u4fe1\u56fe\u7247 20241125113809\" width=\"300\" height=\"300\" \/><\/div>\n<\/figure>\n<\/div>\n<\/div>\n<\/div>\n<\/div>\n<\/div>\n<div class=\"vc_row wpb_row vc_row-fluid\">\n<div class=\"wpb_column vc_column_container vc_col-sm-12\">\n<div class=\"vc_column-inner\">\n<div class=\"wpb_wrapper\">\n<div class=\"wpb_single_image wpb_content_element vc_align_left wpb_content_element\">\n<h2 class=\"wpb_heading wpb_singleimage_heading\">Plywood case: L71*W36*H80cm Gross Weight: 63kg<\/h2>\n<figure class=\"wpb_wrapper vc_figure\">\n<div class=\"vc_single_image-wrapper   vc_box_border_grey\"><img decoding=\"async\" class=\"vc_single_image-img attachment-full\" title=\"300w laser cleaner\" src=\"https:\/\/bogonglaser.com\/wp-content\/uploads\/2024\/11\/300w-laser-cleaner.jpg\" sizes=\"auto, (max-width: 544px) 100vw, 544px\" srcset=\"https:\/\/bogonglaser.com\/wp-content\/uploads\/2024\/11\/300w-laser-cleaner.jpg 544w, https:\/\/bogonglaser.com\/wp-content\/uploads\/2024\/11\/300w-laser-cleaner-300x298.jpg 300w, https:\/\/bogonglaser.com\/wp-content\/uploads\/2024\/11\/300w-laser-cleaner-150x150.jpg 150w, https:\/\/bogonglaser.com\/wp-content\/uploads\/2024\/11\/300w-laser-cleaner-12x12.jpg 12w, https:\/\/bogonglaser.com\/wp-content\/uploads\/2024\/11\/300w-laser-cleaner-100x100.jpg 100w\" alt=\"bogong laser cleaner package\" width=\"544\" height=\"540\" \/><\/div>\n<\/figure>\n<\/div>\n<\/div>\n<\/div>\n<\/div>\n<\/div>\n<div class=\"vc_row wpb_row vc_row-fluid\">\n<div class=\"wpb_column vc_column_container vc_col-sm-12\">\n<div class=\"vc_column-inner\">\n<div class=\"wpb_wrapper\">\n<div class=\"wpb_text_column wpb_content_element\">\n<div class=\"wpb_wrapper\">\n<p>Die meisten Kunden w\u00e4hlen den Transport per UPS\/DHL-Express, kann es am Zielort ankommen etwa 5-7 Tage, kontaktieren Sie mit BOGONG, um mehr Details \u00fcber Faser-Laser-Metall-Gravierer f\u00fcr Silber Messing Gold Kupfer zu erhalten.<\/p>\n<\/div>\n<\/div>\n<\/div>\n<\/div>\n<\/div>\n<\/div>\n<div class=\"vc_row wpb_row vc_row-fluid\">\n<div class=\"wpb_column vc_column_container vc_col-sm-12\">\n<div class=\"vc_column-inner\">\n<div class=\"wpb_wrapper\">\n<div class=\"wpb_text_column wpb_content_element\">\n<div class=\"wpb_wrapper\">\n<p>Our 300W pulse laser cleaning machine has received CE certification and has undergone rigorous quality testing to ensure we provide our customers with efficient and environmentally friendly cleaning solutions. Dozens of renowned companies have successfully applied this product and achieved significant cleaning results.<\/p>\n<p>Contact us now for professional consultation and exclusive quotes, and let our technical support help you enhance your production efficiency!<\/p>\n<\/div>\n<\/div>\n<\/div>\n<\/div>\n<\/div>\n<\/div>","protected":false},"excerpt":{"rendered":"<h2>300W Pulslaser-Reinigungsmaschine<\/h2>\n<p>Wir stellen unsere Laserreinigungsmaschine der n\u00e4chsten Generation vor, die f\u00fcr die effiziente Reinigung von Materialoberfl\u00e4chen entwickelt wurde. Sie ist einfach einzurichten, zu bedienen und zu automatisieren und damit ideal f\u00fcr die pr\u00e4zise Entfernung von Oberfl\u00e4chenverunreinigungen wie Rost, Fett, Farbe, Grundierung und mehr.<\/p>\n<ul class=\"tips\">\n<li>300 Sets \/ Monat zum Verkauf bereit Auf Lager<\/li>\n<li>2 Jahre beschr\u00e4nkte Garantie f\u00fcr die gesamte Maschine<\/li>\n<li>3-5 Tage Vorbereitung der Lasermaschine, 3-7 Tage Transport.<\/li>\n<li>Online (PayPal) und Offline (T\/T, Debit- und Kreditkarten)<\/li>\n<\/ul>","protected":false},"featured_media":1741,"template":"","meta":{"_gspb_post_css":""},"product_brand":[],"product_cat":[94],"product_tag":[101,100],"class_list":{"0":"post-1701","1":"product","2":"type-product","3":"status-publish","4":"has-post-thumbnail","6":"product_cat-laser-cleaning-machine","7":"product_tag-laser-cleaner","8":"product_tag-laser-cleaning-machine","10":"first","11":"instock","12":"shipping-taxable","13":"product-type-simple"},"_links":{"self":[{"href":"https:\/\/bogonglaser.com\/de\/wp-json\/wp\/v2\/product\/1701","targetHints":{"allow":["GET"]}}],"collection":[{"href":"https:\/\/bogonglaser.com\/de\/wp-json\/wp\/v2\/product"}],"about":[{"href":"https:\/\/bogonglaser.com\/de\/wp-json\/wp\/v2\/types\/product"}],"wp:featuredmedia":[{"embeddable":true,"href":"https:\/\/bogonglaser.com\/de\/wp-json\/wp\/v2\/media\/1741"}],"wp:attachment":[{"href":"https:\/\/bogonglaser.com\/de\/wp-json\/wp\/v2\/media?parent=1701"}],"wp:term":[{"taxonomy":"product_brand","embeddable":true,"href":"https:\/\/bogonglaser.com\/de\/wp-json\/wp\/v2\/product_brand?post=1701"},{"taxonomy":"product_cat","embeddable":true,"href":"https:\/\/bogonglaser.com\/de\/wp-json\/wp\/v2\/product_cat?post=1701"},{"taxonomy":"product_tag","embeddable":true,"href":"https:\/\/bogonglaser.com\/de\/wp-json\/wp\/v2\/product_tag?post=1701"}],"curies":[{"name":"wp","href":"https:\/\/api.w.org\/{rel}","templated":true}]}}