{"id":1653,"date":"2024-10-29T13:11:44","date_gmt":"2024-10-29T05:11:44","guid":{"rendered":"https:\/\/bogonglaser.com\/?post_type=product&#038;p=1653"},"modified":"2025-12-10T17:06:49","modified_gmt":"2025-12-10T09:06:49","slug":"3d-fiber-laser-engraver-for-metal","status":"publish","type":"product","link":"https:\/\/bogonglaser.com\/de\/3d-fiber-laser-engraver-for-metal\/","title":{"rendered":"3D-Lasergraviermaschine mit gro\u00dfem Gravurbereich"},"content":{"rendered":"<h2>Was ist eine 3D-Lasergraviermaschine mit gro\u00dfer Fl\u00e4che?<\/h2>\n<p>3D <a href=\"https:\/\/bogonglaser.com\/de\/laser-engraving-machine\/\">Laser-Graviermaschine<\/a> mit Puls-Faser-Laser, 3D lenmark3ds Software f\u00fcr Design \/ Textverarbeitung, wenn das Design in gro\u00dfer Gr\u00f6\u00dfe als 200 * 200mm, dann k\u00f6nnen Sie denken, diese 3D Laser Engraver, Gravur Gr\u00f6\u00dfe kann bis 800 * 800mm, gibt es eine dynamische Linse im Inneren des Laserkopfes, Main Feature wie unten:<\/p>\n<ul>\n<li>Gepulster Faserlaser<\/li>\n<li>Kann sowohl Relief-Laserarbeiten auf Metall, auch tun k\u00f6nnen, Gravur in flachen Oberfl\u00e4che mit gro\u00dfer Gr\u00f6\u00dfe 300*300mm - 800mm*800mm<\/li>\n<li>3D-Gravur-Software f\u00fcr die Bildbearbeitung<\/li>\n<li>R-Achse zur Markierung von Ringen und Armb\u00e4ndern (optional)<\/li>\n<li>Dynamischer 3D-Laserkopf F20<\/li>\n<li>Gro\u00dfe Auswahl an optionalen<\/li>\n<li>2 Jahre Garantie<\/li>\n<\/ul>\n<figure id=\"attachment_7434\" aria-describedby=\"caption-attachment-7434\" style=\"width: 300px\" class=\"wp-caption alignnone\"><img decoding=\"async\" class=\"size-medium wp-image-7434\" src=\"https:\/\/bogonglaser.com\/wp-content\/uploads\/2024\/10\/F20-3D-Laser-Engraver-1-300x225.jpg\" alt=\"F20 3D-Lasergravierer\" width=\"300\" height=\"225\" title=\"\" srcset=\"https:\/\/bogonglaser.com\/wp-content\/uploads\/2024\/10\/F20-3D-Laser-Engraver-1-300x225.jpg 300w, https:\/\/bogonglaser.com\/wp-content\/uploads\/2024\/10\/F20-3D-Laser-Engraver-1-16x12.jpg 16w, https:\/\/bogonglaser.com\/wp-content\/uploads\/2024\/10\/F20-3D-Laser-Engraver-1.jpg 400w\" sizes=\"(max-width: 300px) 100vw, 300px\" \/><figcaption id=\"caption-attachment-7434\" class=\"wp-caption-text\">F20 3D-Lasergravierer<\/figcaption><\/figure>\n<figure id=\"attachment_7433\" aria-describedby=\"caption-attachment-7433\" style=\"width: 300px\" class=\"wp-caption alignnone\"><img decoding=\"async\" class=\"size-medium wp-image-7433\" src=\"https:\/\/bogonglaser.com\/wp-content\/uploads\/2024\/10\/F20-3D-Laser-Marking-Machine-1-300x225.jpg\" alt=\"F20 3D-Laserbeschriftungsmaschine\" width=\"300\" height=\"225\" title=\"\" srcset=\"https:\/\/bogonglaser.com\/wp-content\/uploads\/2024\/10\/F20-3D-Laser-Marking-Machine-1-300x225.jpg 300w, https:\/\/bogonglaser.com\/wp-content\/uploads\/2024\/10\/F20-3D-Laser-Marking-Machine-1-16x12.jpg 16w, https:\/\/bogonglaser.com\/wp-content\/uploads\/2024\/10\/F20-3D-Laser-Marking-Machine-1.jpg 400w\" sizes=\"(max-width: 300px) 100vw, 300px\" \/><figcaption id=\"caption-attachment-7433\" class=\"wp-caption-text\">F20 3D-Laserbeschriftungsmaschine<\/figcaption><\/figure>\n<p><iframe title=\"600*600mm 3D-Faser-Laserbeschriftungsmaschine | 3D-Lasergravierer\" width=\"1290\" height=\"726\" src=\"https:\/\/www.youtube.com\/embed\/8Ecyoll4AF4?feature=oembed\" frameborder=\"0\" allow=\"accelerometer; autoplay; clipboard-write; encrypted-media; gyroscope; picture-in-picture; web-share\" referrerpolicy=\"strict-origin-when-cross-origin\" allowfullscreen><\/iframe><\/p>\n<p><iframe title=\"Gro\u00dfformatige LED-Spiegel-Lasergraviermaschine | Intelligente intelligente Spiegel-Faser-Lasermarkierungsmaschine\" width=\"1290\" height=\"726\" src=\"https:\/\/www.youtube.com\/embed\/-hwYXbbbwH0?feature=oembed\" frameborder=\"0\" allow=\"accelerometer; autoplay; clipboard-write; encrypted-media; gyroscope; picture-in-picture; web-share\" referrerpolicy=\"strict-origin-when-cross-origin\" allowfullscreen><\/iframe><\/p>\n<figure id=\"attachment_7432\" aria-describedby=\"caption-attachment-7432\" style=\"width: 178px\" class=\"wp-caption alignnone\"><img decoding=\"async\" class=\"size-medium wp-image-7432\" src=\"https:\/\/bogonglaser.com\/wp-content\/uploads\/2024\/10\/3d-laser-marking-machine-1-178x300.jpg\" alt=\"3d-Laserbeschriftungsmaschine\" width=\"178\" height=\"300\" title=\"\" srcset=\"https:\/\/bogonglaser.com\/wp-content\/uploads\/2024\/10\/3d-laser-marking-machine-1-178x300.jpg 178w, https:\/\/bogonglaser.com\/wp-content\/uploads\/2024\/10\/3d-laser-marking-machine-1-7x12.jpg 7w, https:\/\/bogonglaser.com\/wp-content\/uploads\/2024\/10\/3d-laser-marking-machine-1.jpg 500w\" sizes=\"(max-width: 178px) 100vw, 178px\" \/><figcaption id=\"caption-attachment-7432\" class=\"wp-caption-text\">3d-Laserbeschriftungsmaschine<\/figcaption><\/figure>\n<h2>Eigenschaften der 3D F20 Laserbeschriftungsmaschine mit gro\u00dfer Gravurfl\u00e4che:<\/h2>\n<p>1. Anwendungen<br \/>\nDie 3D-Laserbeschriftungsmaschine F20 kann nicht nur 3D-Reliefs auf Metall beschriften, sondern auch im Gro\u00dfformat auf einer ebenen Fl\u00e4che.<\/p>\n<p>2. Ausgezeichnete Gravurqualit\u00e4t<br \/>\nAusgestattet mit dem 3D-Feinmarkierungssystem Lenmark3D und Lenmark3DS eignet sich die Maschine hervorragend f\u00fcr verschiedene Gravuranforderungen, einschlie\u00dflich Relief- und Tiefengravur sowie konkave\/konvexe Gravuren. Sie liefert hochpr\u00e4zise und visuell ansprechende Ergebnisse. Das Ger\u00e4t unterst\u00fctzt drei Lichtquellen: Glasfaser, Ultraviolett und CO2 und erm\u00f6glicht so die Gravur auf metallischen und nicht-metallischen Materialien.<\/p>\n<p><iframe title=\"Muti-Function 3D F20 Faser-Lasergraviermaschine | Gro\u00dffl\u00e4chige Flachgravur &amp; 3D Reliefgravur\" width=\"1290\" height=\"726\" src=\"https:\/\/www.youtube.com\/embed\/7KuWZRpnRxI?feature=oembed\" frameborder=\"0\" allow=\"accelerometer; autoplay; clipboard-write; encrypted-media; gyroscope; picture-in-picture; web-share\" referrerpolicy=\"strict-origin-when-cross-origin\" allowfullscreen><\/iframe><\/p>\n<h3>Anwendungen der 3D-Faserlasergraviermaschine 3D-F20<\/h3>\n<ul>\n<li>Schichtweise Ausgrabung und 3D-Basreliefgravur.<\/li>\n<li>Markierungsbereich 300*300mm 400*400mm 500*500mm 600*600mm 800*800mm.<\/li>\n<li>Gravuren auf unebenen Oberfl\u00e4chen mit einer Unregelm\u00e4\u00dfigkeit.<\/li>\n<li>Gravuren auf Ringen, Armb\u00e4ndern, Medaillons und flachen Oberfl\u00e4chen.<\/li>\n<li>Gravieren von Fotos, Namen, Mustern und Logos, einschlie\u00dflich Marken.<\/li>\n<li>Gravuren auf Zifferbl\u00e4ttern von Uhren und Brillen aus allen metallischen Werkstoffen.<\/li>\n<li>Manuelles Schneiden von Einzelst\u00fccken oder automatisierte L\u00f6sungen f\u00fcr die Massenproduktion<\/li>\n<\/ul>\n<figure id=\"attachment_7435\" aria-describedby=\"caption-attachment-7435\" style=\"width: 300px\" class=\"wp-caption alignnone\"><img decoding=\"async\" class=\"size-medium wp-image-7435\" src=\"https:\/\/bogonglaser.com\/wp-content\/uploads\/2024\/10\/F20-3D-Laser-Engraver-2-300x143.jpg\" alt=\"F20 3D-Lasergravierer\" width=\"300\" height=\"143\" title=\"\" srcset=\"https:\/\/bogonglaser.com\/wp-content\/uploads\/2024\/10\/F20-3D-Laser-Engraver-2-300x143.jpg 300w, https:\/\/bogonglaser.com\/wp-content\/uploads\/2024\/10\/F20-3D-Laser-Engraver-2-600x286.jpg 600w, https:\/\/bogonglaser.com\/wp-content\/uploads\/2024\/10\/F20-3D-Laser-Engraver-2-1024x488.jpg 1024w, https:\/\/bogonglaser.com\/wp-content\/uploads\/2024\/10\/F20-3D-Laser-Engraver-2-768x366.jpg 768w, https:\/\/bogonglaser.com\/wp-content\/uploads\/2024\/10\/F20-3D-Laser-Engraver-2-18x9.jpg 18w, https:\/\/bogonglaser.com\/wp-content\/uploads\/2024\/10\/F20-3D-Laser-Engraver-2.jpg 1251w\" sizes=\"(max-width: 300px) 100vw, 300px\" \/><figcaption id=\"caption-attachment-7435\" class=\"wp-caption-text\">F20 3D-Lasergravierer<\/figcaption><\/figure>\n<figure id=\"attachment_7431\" aria-describedby=\"caption-attachment-7431\" style=\"width: 300px\" class=\"wp-caption alignnone\"><img decoding=\"async\" class=\"size-medium wp-image-7431\" src=\"https:\/\/bogonglaser.com\/wp-content\/uploads\/2024\/10\/3df20-marking-machine-factory-pictures-2-300x225.png\" alt=\"3df20 marking machine factory pictures\" width=\"300\" height=\"225\" title=\"\" srcset=\"https:\/\/bogonglaser.com\/wp-content\/uploads\/2024\/10\/3df20-marking-machine-factory-pictures-2-300x225.png 300w, https:\/\/bogonglaser.com\/wp-content\/uploads\/2024\/10\/3df20-marking-machine-factory-pictures-2-600x450.png 600w, https:\/\/bogonglaser.com\/wp-content\/uploads\/2024\/10\/3df20-marking-machine-factory-pictures-2-768x576.png 768w, https:\/\/bogonglaser.com\/wp-content\/uploads\/2024\/10\/3df20-marking-machine-factory-pictures-2-16x12.png 16w, https:\/\/bogonglaser.com\/wp-content\/uploads\/2024\/10\/3df20-marking-machine-factory-pictures-2.png 800w\" sizes=\"(max-width: 300px) 100vw, 300px\" \/><figcaption id=\"caption-attachment-7431\" class=\"wp-caption-text\">3df20 marking machine factory pictures<\/figcaption><\/figure>\n<h2>Wie funktioniert die 3D-Lasergravur?<\/h2>\n<p>Ein 3D-Lasersystem passt den Laserspot automatisch an, um den Verlust der Spotqualit\u00e4t auf gekr\u00fcmmten Oberfl\u00e4chen und 3D-Konturen zu minimieren. Diese Systeme sind ideal f\u00fcr die Bearbeitung komplexer Formen und k\u00f6nnen eine Vielzahl von Objekten effizient gravieren.<\/p>\n<p>Au\u00dferdem sind sie in der Lage, Reliefgravuren zu erzeugen, indem sie Teile mit unterschiedlichen H\u00f6hen tief einritzen, was sie perfekt f\u00fcr personalisierte Geschenke oder Schmuckst\u00fccke macht.<\/p>\n<h3>Wie man die richtige 3d-Lasermaschine ausw\u00e4hlt<\/h3>\n<p>Die Wahl der richtigen 3D-Lasergravurmaschine ist f\u00fcr Ihr Unternehmen von gro\u00dfer Bedeutung. Wie k\u00f6nnen Sie sicherstellen, dass die Maschine Ihren speziellen Anforderungen entspricht? Der folgende Leitfaden soll Ihnen helfen, eine fundierte Entscheidung zu treffen:<\/p>\n<ol>\n<li><strong>Kompatibilit\u00e4t der Materialien<\/strong>: Bestimmen Sie die Materialien, die Sie gravieren m\u00f6chten (z. B. Metall, Holz, Acryl, Glas). Vergewissern Sie sich, dass die von Ihnen gew\u00e4hlte Maschine diese Materialien effektiv bearbeiten kann.<\/li>\n<li><strong>Laser-Typ<\/strong>: Die verschiedenen Lasertypen (Faser, CO2, UV) dienen unterschiedlichen Zwecken.\n<ul>\n<li><strong>Faserlaser<\/strong>\u00a0sind f\u00fcr Metalle geeignet und f\u00fcr ihre hohe Pr\u00e4zision bekannt.<\/li>\n<li><strong>CO2-Laser<\/strong> ist f\u00fcr nichtmetallische Werkstoffe geeignet, vor allem f\u00fcr gro\u00dfformatige Schneidarbeiten, wie das Schneiden von Etiketten usw.<\/li>\n<li><strong>UV-Laser<\/strong>\u00a0sind ideal f\u00fcr feine Gravuren auf Materialien wie Glas und Kunststoff.<\/li>\n<\/ul>\n<\/li>\n<li><strong>Gravurtiefe und Detailtreue<\/strong>: Betrachten Sie die Tiefe der Gravur erforderlich. einige Kunden wollen Gravur 3D-Design gro\u00df als 200 * 200mm, sie wollen diesen Laser ersetzen ihre CNC-Router, pls sicher sein, dass 3D-Laser-Maschine Anzug f\u00fcr Pr\u00e4zision kleine Design Relief Gravur wie 40 * 40mm, 50 * 50mm, 60 * 60mm, etc.<\/li>\n<li><strong>Gr\u00f6\u00dfe des Arbeitsbereichs<\/strong>: Beurteilen Sie die Gr\u00f6\u00dfe des Gravurbereichs anhand der geplanten Projekte. Vergewissern Sie sich, dass die Maschine \u00fcber einen angemessenen Arbeitsbereich f\u00fcr Ihre gr\u00f6\u00dften Objekte verf\u00fcgt. BOGONG F10 3D-Lasermaschine mit Gravurgr\u00f6\u00dfe 200*200mm, Z-Achse kann bis zu 80mm.<\/li>\n<li><strong>Benutzerfreundlichkeit<\/strong>: Suchen Sie nach Maschinen mit benutzerfreundlicher Software, die eine einfache Gestaltung und Bedienung erm\u00f6glicht. Lenmark 3DS und Ezcad3 empfehlen sich f\u00fcr 3D-Reliefgravuren.<\/li>\n<li><strong>Kundenbetreuung und Garantie<\/strong>: Informieren Sie sich \u00fcber die Support-Optionen des Herstellers und die angebotene Garantie. Ein zuverl\u00e4ssiger Kundendienst kann bei der Fehlersuche und Wartung entscheidend sein.<\/li>\n<li><strong>Haushalt<\/strong>: Legen Sie ein Budget fest und vergleichen Sie verschiedene Modelle innerhalb dieses Rahmens. Ber\u00fccksichtigen Sie die langfristigen Kosten im Zusammenhang mit Wartung und Zubeh\u00f6r. Wenn das Budget ausreicht, w\u00e4hlen Sie einen MOPA Laser wird f\u00fcr Detailarbeit gut sein, weil MOPA Laser kann Pulsbreite und Frequenz zu steuern, um glatten Boden zu bekommen.<\/li>\n<\/ol>\n<p>&nbsp;<\/p>\n<h2>Was k\u00f6nnen wir f\u00fcr Sie tun, wenn Sie sich f\u00fcr einen 3D-Lasergravierer entscheiden?<\/h2>\n<ul>\n<li><span class=\"magic-19\"><b class=\"magic-19\"><span class=\"magic-18\">Kostenlose Testmuster -<\/span><\/b><span class=\"magic-20\" data-spm-anchor-id=\"a2700.details.0.i41.41d82402R4aegi\">Wir k\u00f6nnen kostenlose Markierungseffekttests entsprechend Ihrem Produktmaterial durchf\u00fchren.<\/span><\/span><\/li>\n<li><span class=\"magic-19\"><b class=\"magic-19\"><span class=\"magic-18\">Video Live-<\/span><\/b><span class=\"magic-20\">Sie k\u00f6nnen sich mit unseren Verkaufsberatern in Verbindung setzen, um den Produktionsprozess und den Betrieb der Maschine in einem Online-Video zu sehen.<\/span><\/span><\/li>\n<li><span class=\"magic-19\"><b class=\"magic-19\"><span class=\"magic-18\">Kundenspezifisch \/OEM-<\/span><\/b><span class=\"magic-20\" data-spm-anchor-id=\"a2700.details.0.i40.41d82402R4aegi\">Kundenspezifische Maschinen auf Anfrage, Kontaktieren Sie uns<\/span><\/span><\/li>\n<\/ul>\n<p><iframe title=\"2D 3D Laser-Graviermaschine mit gro\u00dfem Arbeitsbereich | 900*600mm 1000*1000mm 1500*1000mm 600*600MM\" width=\"1290\" height=\"726\" src=\"https:\/\/www.youtube.com\/embed\/kHkhAKh91mU?feature=oembed\" frameborder=\"0\" allow=\"accelerometer; autoplay; clipboard-write; encrypted-media; gyroscope; picture-in-picture; web-share\" referrerpolicy=\"strict-origin-when-cross-origin\" allowfullscreen><\/iframe><\/p>\n<h3>Welche Teile muss ich f\u00fcr die 3D-Lasergravur-Schneidemaschine ausw\u00e4hlen?<\/h3>\n<ul>\n<li>Drehvorrichtung: es gibt mehrere Drehvorrichtungen mit verschiedenen Stilen und Klemmdurchmessern, wie 50D, 65D, 80D, 100D, usw., wenn Sie auch im Schmuckgesch\u00e4ft t\u00e4tig sind, w\u00e4hlen Sie 50D oder 65D.<\/li>\n<li>Gold Silber Halter: die f\u00fcr Klemme Ihr Gold Silber Metallblech zum Schneiden, denn es gibt viel Hitze, wenn Schneiden Arbeit, Metall shee leicht Verformung. Anzug f\u00fcr Schmuck Gesch\u00e4ft.<\/li>\n<li>\n<figure id=\"attachment_7430\" aria-describedby=\"caption-attachment-7430\" style=\"width: 300px\" class=\"wp-caption alignnone\"><img decoding=\"async\" class=\"size-medium wp-image-7430\" src=\"https:\/\/bogonglaser.com\/wp-content\/uploads\/2024\/10\/gold-silver-holder-and-rotary-1-300x225.png\" alt=\"Gold-Silber-Halter und Drehscheibe\" width=\"300\" height=\"225\" title=\"\" srcset=\"https:\/\/bogonglaser.com\/wp-content\/uploads\/2024\/10\/gold-silver-holder-and-rotary-1-300x225.png 300w, https:\/\/bogonglaser.com\/wp-content\/uploads\/2024\/10\/gold-silver-holder-and-rotary-1-16x12.png 16w, https:\/\/bogonglaser.com\/wp-content\/uploads\/2024\/10\/gold-silver-holder-and-rotary-1.png 400w\" sizes=\"(max-width: 300px) 100vw, 300px\" \/><figcaption id=\"caption-attachment-7430\" class=\"wp-caption-text\">Gold-Silber-Halter und Drehscheibe<\/figcaption><\/figure>\n<p><iframe title=\"ER WIE BOGONG 3D LASER GRAVIERMASCHINE | BESTE CHINA 3D LASER GRAVIERMASCHINE ZUM VERKAUF\" width=\"1290\" height=\"726\" src=\"https:\/\/www.youtube.com\/embed\/aoAF09vq8LE?feature=oembed\" frameborder=\"0\" allow=\"accelerometer; autoplay; clipboard-write; encrypted-media; gyroscope; picture-in-picture; web-share\" referrerpolicy=\"strict-origin-when-cross-origin\" allowfullscreen><\/iframe><\/p>\n<p><iframe title=\"Wie w\u00e4re es mit einem 3D-Lasergravierer von BOGONG? | Indien Kunden besuchen BOGONG und kaufen 3D-Lasergravierer\" width=\"1290\" height=\"726\" src=\"https:\/\/www.youtube.com\/embed\/bq8eli66vTM?feature=oembed\" frameborder=\"0\" allow=\"accelerometer; autoplay; clipboard-write; encrypted-media; gyroscope; picture-in-picture; web-share\" referrerpolicy=\"strict-origin-when-cross-origin\" allowfullscreen><\/iframe><\/li>\n<\/ul>\n<p>Zahlungsbedingungen<\/p>\n<p>1. Ablagerung und Balance: Eine 30% T\/T Anzahlung ist im Voraus erforderlich, mit dem Restbetrag vor dem Versand f\u00e4llig.<\/p>\n<p>2. Alibaba Trade Assurance: Zahlungen k\u00f6nnen \u00fcber Alibaba Trade Assurance abgewickelt werden.<\/p>\n<p>FAQs f\u00fcr die 3D-Laserbeschriftungsmaschine mit gro\u00dfen Abmessungen<\/p>\n<p>Was ist die Verpackung f\u00fcr die 3d-Faser-Laser-Markierungsmaschine?<br \/>\nUnsere Maschinen werden in einem dreilagigen Aufbau verpackt. Die \u00e4u\u00dfere Schicht besteht aus einer Holzkiste, die mittlere Schicht ist mit Schaumstoff gepolstert, um sie vor Ersch\u00fctterungen zu sch\u00fctzen, und die innere Schicht besteht aus einer dicken Plastikt\u00fcte zur Abdichtung.<\/p>\n<p>Wird das Paket w\u00e4hrend des Transports besch\u00e4digt werden?<br \/>\nWir gestalten unsere Verpackungen sorgf\u00e4ltig, um alle potenziellen Schadensfaktoren zu ber\u00fccksichtigen, und unsere Spediteure sind erfahren im sicheren Transport. Wir haben erfolgreich in 180 L\u00e4nder exportiert. Sie k\u00f6nnen also sicher sein, dass Ihr Paket in einem ausgezeichneten Zustand ankommt.<\/p>\n<figure id=\"attachment_7436\" aria-describedby=\"caption-attachment-7436\" style=\"width: 300px\" class=\"wp-caption alignnone\"><img decoding=\"async\" class=\"size-medium wp-image-7436\" src=\"https:\/\/bogonglaser.com\/wp-content\/uploads\/2024\/10\/3df20-marking-machine-factory-pictures-300x225.png\" alt=\"3df20 marking machine factory pictures\" width=\"300\" height=\"225\" title=\"\" srcset=\"https:\/\/bogonglaser.com\/wp-content\/uploads\/2024\/10\/3df20-marking-machine-factory-pictures-300x225.png 300w, https:\/\/bogonglaser.com\/wp-content\/uploads\/2024\/10\/3df20-marking-machine-factory-pictures-600x450.png 600w, https:\/\/bogonglaser.com\/wp-content\/uploads\/2024\/10\/3df20-marking-machine-factory-pictures-768x576.png 768w, https:\/\/bogonglaser.com\/wp-content\/uploads\/2024\/10\/3df20-marking-machine-factory-pictures-16x12.png 16w, https:\/\/bogonglaser.com\/wp-content\/uploads\/2024\/10\/3df20-marking-machine-factory-pictures.png 800w\" sizes=\"(max-width: 300px) 100vw, 300px\" \/><figcaption id=\"caption-attachment-7436\" class=\"wp-caption-text\">3df20 marking machine factory pictures<\/figcaption><\/figure>\n<p>Die meisten Kunden w\u00e4hlen den Transport per UPS\/DHL-Express, kann es am Zielort ankommen etwa 5-7 Tage, kontaktieren Sie mit BOGONG, um mehr Details \u00fcber Faser-Laser-Metall-Gravierer f\u00fcr Silber Messing Gold Kupfer zu erhalten.<\/p>","protected":false},"excerpt":{"rendered":"<h2>3D-Faserlaserbeschriftungsmaschine mit gro\u00dfer Gravurfl\u00e4che<\/h2>\n<p>3D-Faser-Laser-Markierung Maschine meist machen 3D-Relief auf Metall, wenn Sie gro\u00dfe Fl\u00e4che Gravur wie 300 * 300mm 600 * 600mm dann w\u00e4hlen BOGONG F20 3D-Laser-Gravur-Maschine.<\/p>\n<ul class=\"tips\">\n<li>100 Sets \/ Monat Warten auf Verkauf Auf Lager<\/li>\n<li>2 Jahre beschr\u00e4nkte Garantie f\u00fcr die gesamte Maschine<\/li>\n<li>5 Tage Vorbereitung der Lasermaschine, 3-7 Tage Transport.<\/li>\n<li>Online (PayPal) und Offline (T\/T, Debit- und Kreditkarten)<\/li>\n<\/ul>","protected":false},"featured_media":1732,"template":"","meta":{"_gspb_post_css":""},"product_brand":[],"product_cat":[97,93,96],"product_tag":[102],"class_list":{"0":"post-1653","1":"product","2":"type-product","3":"status-publish","4":"has-post-thumbnail","6":"product_cat-fiber-laser-marker","7":"product_cat-laser-engraving-machine","8":"product_cat-laser-marking-machine","9":"product_tag-laser-marking-machine","11":"first","12":"instock","13":"shipping-taxable","14":"product-type-simple"},"_links":{"self":[{"href":"https:\/\/bogonglaser.com\/de\/wp-json\/wp\/v2\/product\/1653","targetHints":{"allow":["GET"]}}],"collection":[{"href":"https:\/\/bogonglaser.com\/de\/wp-json\/wp\/v2\/product"}],"about":[{"href":"https:\/\/bogonglaser.com\/de\/wp-json\/wp\/v2\/types\/product"}],"wp:featuredmedia":[{"embeddable":true,"href":"https:\/\/bogonglaser.com\/de\/wp-json\/wp\/v2\/media\/1732"}],"wp:attachment":[{"href":"https:\/\/bogonglaser.com\/de\/wp-json\/wp\/v2\/media?parent=1653"}],"wp:term":[{"taxonomy":"product_brand","embeddable":true,"href":"https:\/\/bogonglaser.com\/de\/wp-json\/wp\/v2\/product_brand?post=1653"},{"taxonomy":"product_cat","embeddable":true,"href":"https:\/\/bogonglaser.com\/de\/wp-json\/wp\/v2\/product_cat?post=1653"},{"taxonomy":"product_tag","embeddable":true,"href":"https:\/\/bogonglaser.com\/de\/wp-json\/wp\/v2\/product_tag?post=1653"}],"curies":[{"name":"wp","href":"https:\/\/api.w.org\/{rel}","templated":true}]}}