{"id":1640,"date":"2024-10-28T16:03:42","date_gmt":"2024-10-28T08:03:42","guid":{"rendered":"https:\/\/bogonglaser.com\/?post_type=product&#038;p=1640"},"modified":"2025-12-10T17:25:15","modified_gmt":"2025-12-10T09:25:15","slug":"fiber-laser-engraving-cutting-machine-for-metal-jewelry","status":"publish","type":"product","link":"https:\/\/bogonglaser.com\/de\/fiber-laser-engraving-cutting-machine-for-metal-jewelry\/","title":{"rendered":"Faser-Laser-Gravur-Schneidemaschine f\u00fcr Metallschmuck"},"content":{"rendered":"<h2>Was ist eine Laser-Metallgravur-Maschine f\u00fcr Silber-, Gold- und Kupferschmuck?<\/h2>\n<p>Eine Laser-Metallschmuck-Gravier- und Schneidemaschine ist ein CNC-Lasersystem, das eine Faserlaserquelle zum Gravieren und Schneiden verschiedener Arten von Schmuck, einschlie\u00dflich Ringen, Anh\u00e4ngern, Ohrringen, Armb\u00e4ndern, Halsketten, Manschettenkn\u00f6pfen, Broschen und anderen pers\u00f6nlichen Schmuckst\u00fccken verwendet. Es kann auf vielen Materialien wie Edelstahl, legiertem Stahl, Silber, Kupfer, Messing, Titan, eloxiertem Aluminium, Aluminium, Chrom, Siliziumscheiben und Gold arbeiten.<\/p>\n<p>Die besten Lasergraviermaschinen mit einer Laserleistung von 50-100 W, die tiefe Gravuren und pr\u00e4zises Schneiden von Zeichen, Mustern, Logos, Buchstaben, Zahlen und Bildern auf Metalloberfl\u00e4chen erm\u00f6glichen. Dieser vielseitige Laser-Metallgravierer ist ideal f\u00fcr die Erstellung von individuellem Schmuck, Metallhandwerk, Metallkunst, Metallkomponenten, Metallgeschenken, elektronischen Teilen, Hardware, Instrumenten, Gravuren f\u00fcr Lebensmittel und Getr\u00e4nke, Tastaturdesigns, Handyh\u00fcllen und Verpackungen.<\/p>\n<figure id=\"attachment_7459\" aria-describedby=\"caption-attachment-7459\" style=\"width: 300px\" class=\"wp-caption alignnone\"><img decoding=\"async\" class=\"size-medium wp-image-7459\" src=\"https:\/\/bogonglaser.com\/wp-content\/uploads\/2024\/10\/mini-laser-machine-1-1-300x169.jpg\" alt=\"Mini-Lasermaschine \" width=\"300\" height=\"169\" title=\"\" srcset=\"https:\/\/bogonglaser.com\/wp-content\/uploads\/2024\/10\/mini-laser-machine-1-1-300x169.jpg 300w, https:\/\/bogonglaser.com\/wp-content\/uploads\/2024\/10\/mini-laser-machine-1-1-600x338.jpg 600w, https:\/\/bogonglaser.com\/wp-content\/uploads\/2024\/10\/mini-laser-machine-1-1-768x432.jpg 768w, https:\/\/bogonglaser.com\/wp-content\/uploads\/2024\/10\/mini-laser-machine-1-1-18x10.jpg 18w, https:\/\/bogonglaser.com\/wp-content\/uploads\/2024\/10\/mini-laser-machine-1-1.jpg 800w\" sizes=\"(max-width: 300px) 100vw, 300px\" \/><figcaption id=\"caption-attachment-7459\" class=\"wp-caption-text\">Mini-Lasermaschine<\/figcaption><\/figure>\n<p>Eigenschaften des Faserlaser-Metallgravurschneiders f\u00fcr Silber-, Gold- und Kupferschmuck<\/p>\n<p>1. Hochwertiger Laserstrahl: Dank der \u00fcberlegenen photoelektrischen Umwandlung liefert dieser Gravierer eine au\u00dfergew\u00f6hnliche Gravurqualit\u00e4t und Pr\u00e4zision.<\/p>\n<p>2. Niedrige Wartung: Entworfen f\u00fcr bequem und sicher, kann die Lebensdauer der Laserquelle bis zu 100.000 Stunden.<\/p>\n<p>3. Dauerhafte Markierungen: Erzeugt dauerhafte, qualitativ hochwertige Markierungen, die sowohl zuverl\u00e4ssig als auch langlebig sind.<\/p>\n<p>4. Gleichbleibende Pr\u00e4zision: Hohe Wiederholbarkeit und schnelle Graviergeschwindigkeiten f\u00fcr eine effiziente Produktion.<\/p>\n<p>5. Benutzerfreundlich: Diese Laser-Metall-Gravur-Maschine ist einfach zu bedienen, auch f\u00fcr diejenigen ohne vorherige Erfahrung.<\/p>\n<p>6. Ber\u00fchrungslose Kennzeichnung: Das ber\u00fchrungslose Gravurverfahren verhindert Materialbelastungen und gew\u00e4hrleistet die Unversehrtheit Ihrer Artikel.<\/p>\n<p>7. Vielseitige Software: Das Ger\u00e4t enth\u00e4lt eine multifunktionale Gravursoftware, die mit der WINDOWS-Plattform kompatibel ist und \u00fcber eine englische Benutzeroberfl\u00e4che verf\u00fcgt. Sie arbeitet nahtlos mit verschiedenen Anwendungen wie CorelDRAW, AutoCAD und Photoshop zusammen und unterst\u00fctzt Dateiformate wie PCX, DXF, PLT, BMP, SHX und TTF-Schriftarten.<\/p>\n<p><iframe title=\"Faser-Laser-Gravur-Schneidemaschine f\u00fcr Metall | BOGONG LASER MARKING MACHINE zu verkaufen\" width=\"1290\" height=\"726\" src=\"https:\/\/www.youtube.com\/embed\/2a9qdSpo948?feature=oembed\" frameborder=\"0\" allow=\"accelerometer; autoplay; clipboard-write; encrypted-media; gyroscope; picture-in-picture; web-share\" referrerpolicy=\"strict-origin-when-cross-origin\" allowfullscreen><\/iframe><\/p>\n<h3>Anwendungen des Faserlaser-Metallgravurschneiders f\u00fcr Silber-, Gold- und Kupferschmuck<\/h3>\n<p>Anwendbare Branchen:<\/p>\n<p>Die Faserlaser-Metallgravurmaschine kann Metallkunst, Metallhandwerk, Metallgeschenke, Metallkreditkarten, Metallteile, elektronische Komponenten, Instrumente und Messger\u00e4te, Hardware, Lebensmittel und Getr\u00e4nke, Schmuck, Tastaturen, Verpackungen und Handyh\u00fcllen herstellen.<\/p>\n<p>Anwendbare Materialien:<\/p>\n<p>Dieser Faserlaser-Metallgravierer ist in erster Linie f\u00fcr die Verwendung mit Metallen und Legierungen wie Aluminium, Stahl, Kupfer, Silber, Gold, Chrom, Edelstahl, eloxiertem Aluminium und Siliziumwafern vorgesehen.<\/p>\n<p><iframe title=\"Was ist ein Laser und wie funktioniert er? | JPT MOPA Laserquelle\" width=\"1290\" height=\"726\" src=\"https:\/\/www.youtube.com\/embed\/_gj7K4OJcks?feature=oembed\" frameborder=\"0\" allow=\"accelerometer; autoplay; clipboard-write; encrypted-media; gyroscope; picture-in-picture; web-share\" referrerpolicy=\"strict-origin-when-cross-origin\" allowfullscreen><\/iframe><\/p>\n<p>Was ist eine Faserlaserquelle?<\/p>\n<p>Eine Faserlaserquelle ist das wichtigste Teil in einem Laserger\u00e4t, es ist die Komponente, aus der der Laser austritt. Eine Faserlaserquelle ist eine Art von Laser, der ein Glasfaserkabel als Verst\u00e4rkungsmedium verwendet. Bei dieser Technologie ist die Faser mit Seltenerdelementen wie Ytterbium, Erbium oder Neodym dotiert, die die F\u00e4higkeit der Faser zur Erzeugung von Laserlicht verbessern.<\/p>\n<p>Wie installiere und bediene ich den Faserlasergravierer?<br \/>\nliefern wir zusammen mit der Maschine ausf\u00fchrliche Schulungsvideos und ein Benutzerhandbuch. Etwa 95% unserer Kunden sind in der Lage, die Bedienung selbst\u00e4ndig zu erlernen.<\/p>\n<p>Was sollte ich tun, wenn die<a href=\"https:\/\/bogonglaser.com\/de\/laser-engraving-machine\/\"> Faser-Lasergravur-Maschine<\/a> Funktionsst\u00f6rungen?<br \/>\nBei Problemen wenden Sie sich bitte sofort an uns und vermeiden Sie eigene Reparaturversuche. Wir werden Ihnen helfen, das Problem so schnell wie m\u00f6glich zu beheben.<\/p>\n<p><iframe title=\"GOLD SILBER SCHMUCK LASER ENGRAVIEREN SCHNEIDEN MASCHINE Preis | Laser Name nacklace making system\" width=\"1290\" height=\"726\" src=\"https:\/\/www.youtube.com\/embed\/8Y2bktvX_A8?feature=oembed\" frameborder=\"0\" allow=\"accelerometer; autoplay; clipboard-write; encrypted-media; gyroscope; picture-in-picture; web-share\" referrerpolicy=\"strict-origin-when-cross-origin\" allowfullscreen><\/iframe><\/p>\n<h3>Wie man die richtige Schmuck-Lasergravur-Schneidemaschine ausw\u00e4hlt<\/h3>\n<p>Bei der Auswahl einer Maschine f\u00fcr das Schneiden von Gold, Silber, Messing oder anderen Metallen ist es wichtig, die ben\u00f6tigte Laserst\u00e4rke, die Laserquelle und den Laserkopf sowie das Material, mit dem Sie arbeiten werden, und die Gr\u00f6\u00dfe der Markierung zu ber\u00fccksichtigen.<\/p>\n<p>Lassen Sie uns die einzelnen Faktoren aufschl\u00fcsseln und ihre Bedeutung verstehen.<\/p>\n<p><strong>Strom<\/strong><br \/>\nH\u00f6here Leistung bedeutet, dass die Laserquelle mehr intensive Energie, die zum Schneiden und tiefe Gravuren f\u00fchren kann. Es gibt 50W 60W 80W 100W 200W 300W, f\u00fcr Schmuck Gesch\u00e4ft, 50W wird die minimale Leistung, wenn das Budget begrenzt ist, wenn Sie eine leistungsstarke Maschine wollen, w\u00e4hlen Sie 60W oder 100W Laser. Sie k\u00f6nnen sehen, was Sie mit einem 50W Laser-Maschine von unten Video-Link, 60W 100W tun k\u00f6nnen alle Laser-Arbeit, die 50W tun, k\u00f6nnen Sie denken, 60W 100W mehr starke Laserstrahl.<\/p>\n<p><strong>Schnittzeit<\/strong><br \/>\nSchneiden und Tiefengravur ben\u00f6tigen mehr Zeit. Der Laser muss die Energie l\u00e4nger auf das Ziel richten, um tiefer in das Material eindringen zu k\u00f6nnen. Stellen Sie sich vor, Sie s\u00e4gen durch ein St\u00fcck Holz: Je l\u00e4nger Sie schneiden, desto tiefer k\u00f6nnen Sie eindringen.<\/p>\n<p><iframe title=\"Was kann ein 50-Watt-Lasergravurger\u00e4t leisten? | Beste 50 Watt Raycus Faserlaser-Markierungsmaschine zum Verkauf\" width=\"1290\" height=\"968\" src=\"https:\/\/www.youtube.com\/embed\/1DLnYH3dJXQ?feature=oembed\" frameborder=\"0\" allow=\"accelerometer; autoplay; clipboard-write; encrypted-media; gyroscope; picture-in-picture; web-share\" referrerpolicy=\"strict-origin-when-cross-origin\" allowfullscreen><\/iframe><\/p>\n<p><iframe title=\"60W MOPA Laser-Gravur-Schneidemaschine f\u00fcr Namensanh\u00e4nger Halskette | 1.5mm Metall Gold Silber Messing\" width=\"1290\" height=\"726\" src=\"https:\/\/www.youtube.com\/embed\/WlkmcSoll90?feature=oembed\" frameborder=\"0\" allow=\"accelerometer; autoplay; clipboard-write; encrypted-media; gyroscope; picture-in-picture; web-share\" referrerpolicy=\"strict-origin-when-cross-origin\" allowfullscreen><\/iframe><\/p>\n<h2>Was k\u00f6nnen wir f\u00fcr Sie tun?<\/h2>\n<ul>\n<li><span class=\"magic-19\"><b class=\"magic-19\"><span class=\"magic-18\">Kostenlose Testmuster -<\/span><\/b><span class=\"magic-20\" data-spm-anchor-id=\"a2700.details.0.i41.41d82402R4aegi\">Wir k\u00f6nnen kostenlose Markierungseffekttests entsprechend Ihrem Produktmaterial durchf\u00fchren.<\/span><\/span><\/li>\n<li><span class=\"magic-19\"><b class=\"magic-19\"><span class=\"magic-18\">Video Live-<\/span><\/b><span class=\"magic-20\">Sie k\u00f6nnen sich mit unseren Verkaufsberatern in Verbindung setzen, um den Produktionsprozess und den Betrieb der Maschine in einem Online-Video zu sehen.<\/span><\/span><\/li>\n<li><span class=\"magic-19\"><b class=\"magic-19\"><span class=\"magic-18\">Kundenspezifisch \/OEM-<\/span><\/b><span class=\"magic-20\" data-spm-anchor-id=\"a2700.details.0.i40.41d82402R4aegi\">Kundenspezifische Maschinen auf Anfrage, Kontaktieren Sie uns<\/span><\/span><\/li>\n<\/ul>\n<p>&nbsp;<\/p>\n<h3>Welche Teile muss ich f\u00fcr Schmuck Lasergravur Schneidemaschine w\u00e4hlen<\/h3>\n<ul>\n<li>Drehvorrichtung: es gibt mehrere Drehvorrichtungen mit verschiedenen Modellen und Klemmdurchmessern, wie 50D 65D 80D<\/li>\n<li>Gold-Silber-Halter: die f\u00fcr die Klemme Ihre Gold-Silber-Metall-Blech zum Schneiden, denn es gibt viel Hitze beim Schneiden Arbeit, Metall shee leicht Verformung.<\/li>\n<li>\n<p><figure id=\"attachment_7430\" aria-describedby=\"caption-attachment-7430\" style=\"width: 300px\" class=\"wp-caption alignnone\"><img decoding=\"async\" class=\"size-medium wp-image-7430\" src=\"https:\/\/bogonglaser.com\/wp-content\/uploads\/2024\/10\/gold-silver-holder-and-rotary-1-300x225.png\" alt=\"Gold-Silber-Halter und Drehscheibe\" width=\"300\" height=\"225\" title=\"\" srcset=\"https:\/\/bogonglaser.com\/wp-content\/uploads\/2024\/10\/gold-silver-holder-and-rotary-1-300x225.png 300w, https:\/\/bogonglaser.com\/wp-content\/uploads\/2024\/10\/gold-silver-holder-and-rotary-1-16x12.png 16w, https:\/\/bogonglaser.com\/wp-content\/uploads\/2024\/10\/gold-silver-holder-and-rotary-1.png 400w\" sizes=\"(max-width: 300px) 100vw, 300px\" \/><figcaption id=\"caption-attachment-7430\" class=\"wp-caption-text\">Gold-Silber-Halter und Drehscheibe<\/figcaption><\/figure><\/li>\n<\/ul>\n<p>Zahlungsbedingungen f\u00fcr den Faserlaser-Metallgravurschneider<\/p>\n<p>1. Ablagerung und Balance: Eine 30% T\/T Anzahlung ist im Voraus erforderlich, mit dem Restbetrag vor dem Versand f\u00e4llig.<\/p>\n<p>2. Alibaba Trade Assurance: Zahlungen k\u00f6nnen \u00fcber Alibaba Trade Assurance abgewickelt werden.<\/p>\n<p>FAQs f\u00fcr den Faserlaser-Metallgravurschneider<\/p>\n<p>Was ist die Verpackung f\u00fcr das Faserlaserbeschriftungsger\u00e4t?<br \/>\nUnsere Maschinen werden in einem dreilagigen Aufbau verpackt. Die \u00e4u\u00dfere Schicht besteht aus einer Holzkiste, die mittlere Schicht ist mit Schaumstoff gepolstert, um sie vor Ersch\u00fctterungen zu sch\u00fctzen, und die innere Schicht besteht aus einer dicken Plastikt\u00fcte zur Abdichtung.<\/p>\n<p>Wird das Paket w\u00e4hrend des Transports besch\u00e4digt werden?<br \/>\nWir gestalten unsere Verpackungen sorgf\u00e4ltig, um alle potenziellen Schadensfaktoren zu ber\u00fccksichtigen, und unsere Spediteure sind erfahren im sicheren Transport. Wir haben erfolgreich in 180 L\u00e4nder exportiert. Sie k\u00f6nnen also sicher sein, dass Ihr Paket in einem ausgezeichneten Zustand ankommt.<\/p>\n<figure id=\"attachment_7458\" aria-describedby=\"caption-attachment-7458\" style=\"width: 300px\" class=\"wp-caption alignnone\"><img decoding=\"async\" class=\"size-medium wp-image-7458\" src=\"https:\/\/bogonglaser.com\/wp-content\/uploads\/2024\/10\/bogong-new-design-1-300x225.png\" alt=\"bogong neues Design\" width=\"300\" height=\"225\" title=\"\" srcset=\"https:\/\/bogonglaser.com\/wp-content\/uploads\/2024\/10\/bogong-new-design-1-300x225.png 300w, https:\/\/bogonglaser.com\/wp-content\/uploads\/2024\/10\/bogong-new-design-1-600x450.png 600w, https:\/\/bogonglaser.com\/wp-content\/uploads\/2024\/10\/bogong-new-design-1-768x576.png 768w, https:\/\/bogonglaser.com\/wp-content\/uploads\/2024\/10\/bogong-new-design-1-16x12.png 16w, https:\/\/bogonglaser.com\/wp-content\/uploads\/2024\/10\/bogong-new-design-1.png 800w\" sizes=\"(max-width: 300px) 100vw, 300px\" \/><figcaption id=\"caption-attachment-7458\" class=\"wp-caption-text\">bogong neues Design<\/figcaption><\/figure>\n<figure id=\"attachment_7457\" aria-describedby=\"caption-attachment-7457\" style=\"width: 300px\" class=\"wp-caption alignnone\"><img decoding=\"async\" class=\"size-medium wp-image-7457\" src=\"https:\/\/bogonglaser.com\/wp-content\/uploads\/2024\/10\/mini-laser-machine-2-1-300x300.jpg\" alt=\"Mini-Lasermaschine \" width=\"300\" height=\"300\" title=\"\" srcset=\"https:\/\/bogonglaser.com\/wp-content\/uploads\/2024\/10\/mini-laser-machine-2-1-300x300.jpg 300w, https:\/\/bogonglaser.com\/wp-content\/uploads\/2024\/10\/mini-laser-machine-2-1-100x100.jpg 100w, https:\/\/bogonglaser.com\/wp-content\/uploads\/2024\/10\/mini-laser-machine-2-1-600x600.jpg 600w, https:\/\/bogonglaser.com\/wp-content\/uploads\/2024\/10\/mini-laser-machine-2-1-150x150.jpg 150w, https:\/\/bogonglaser.com\/wp-content\/uploads\/2024\/10\/mini-laser-machine-2-1-768x768.jpg 768w, https:\/\/bogonglaser.com\/wp-content\/uploads\/2024\/10\/mini-laser-machine-2-1-12x12.jpg 12w, https:\/\/bogonglaser.com\/wp-content\/uploads\/2024\/10\/mini-laser-machine-2-1.jpg 1000w\" sizes=\"(max-width: 300px) 100vw, 300px\" \/><figcaption id=\"caption-attachment-7457\" class=\"wp-caption-text\">Mini-Lasermaschine<\/figcaption><\/figure>\n<p><iframe title=\"Er kaufte BOGONG Lasergravierer Cutter f\u00fcr Schmuck, was hat er getan\uff1f HOW IS LASER MACHINE WORKING?\" width=\"1290\" height=\"726\" src=\"https:\/\/www.youtube.com\/embed\/OYi7giXXm38?feature=oembed\" frameborder=\"0\" allow=\"accelerometer; autoplay; clipboard-write; encrypted-media; gyroscope; picture-in-picture; web-share\" referrerpolicy=\"strict-origin-when-cross-origin\" allowfullscreen><\/iframe><\/p>\n<p><iframe title=\"Grenada User&#039;s Feedback BOGONG Lasergravur Schneidemaschine | Beste Schmuck Gold Silber Laser\" width=\"1290\" height=\"726\" src=\"https:\/\/www.youtube.com\/embed\/Y25Z0xbP7ZQ?feature=oembed\" frameborder=\"0\" allow=\"accelerometer; autoplay; clipboard-write; encrypted-media; gyroscope; picture-in-picture; web-share\" referrerpolicy=\"strict-origin-when-cross-origin\" allowfullscreen><\/iframe><\/p>\n<p>You can find more customer feedback from BOGONG youtube channel<\/p>\n<figure id=\"attachment_7426\" aria-describedby=\"caption-attachment-7426\" style=\"width: 300px\" class=\"wp-caption alignnone\"><img decoding=\"async\" class=\"size-full wp-image-7426\" src=\"https:\/\/bogonglaser.com\/wp-content\/uploads\/2024\/10\/mini-laser-machine-2.jpg\" alt=\"Mini-Lasermaschine\" width=\"300\" height=\"225\" title=\"\" srcset=\"https:\/\/bogonglaser.com\/wp-content\/uploads\/2024\/10\/mini-laser-machine-2.jpg 300w, https:\/\/bogonglaser.com\/wp-content\/uploads\/2024\/10\/mini-laser-machine-2-16x12.jpg 16w\" sizes=\"(max-width: 300px) 100vw, 300px\" \/><figcaption id=\"caption-attachment-7426\" class=\"wp-caption-text\">Mini-Lasermaschine<\/figcaption><\/figure>\n<figure id=\"attachment_7428\" aria-describedby=\"caption-attachment-7428\" style=\"width: 205px\" class=\"wp-caption alignnone\"><img decoding=\"async\" class=\"size-full wp-image-7428\" src=\"https:\/\/bogonglaser.com\/wp-content\/uploads\/2024\/10\/3d-laser-marker-2-1.jpg\" alt=\"3d-Laserbeschrifter\" width=\"205\" height=\"300\" title=\"\" srcset=\"https:\/\/bogonglaser.com\/wp-content\/uploads\/2024\/10\/3d-laser-marker-2-1.jpg 205w, https:\/\/bogonglaser.com\/wp-content\/uploads\/2024\/10\/3d-laser-marker-2-1-8x12.jpg 8w\" sizes=\"(max-width: 205px) 100vw, 205px\" \/><figcaption id=\"caption-attachment-7428\" class=\"wp-caption-text\">3d-Laserbeschrifter<\/figcaption><\/figure>\n<p>Die meisten Kunden w\u00e4hlen den Transport per UPS\/DHL-Express, kann es am Zielort ankommen etwa 5-7 Tage, kontaktieren Sie mit BOGONG, um mehr Details \u00fcber Faser-Laser-Metall-Gravierer f\u00fcr Silber Messing Gold Kupfer zu erhalten.<\/p>","protected":false},"excerpt":{"rendered":"<h2>Fiber Laser Metal Engraver For Silver, Gold, Brass, Copper<\/h2>\n<p>The 50W &#8211; 100W fiber laser metal engraver cutting machine is designed for creating personalized jewelry, including rings, earrings, bracelets, pendants, necklaces, brooches, cufflinks, etc. It works with a variety of materials, such as stainless steel, titanium, aluminum, copper, brass, alloys, silver, and gold, allowing you to engrave names, logos, signs, letters, numbers, patterns, and photos. This top-quality metal laser cutter and engraving machine is now available for sale at an affordable price, making it a great option for your budget.<\/p>\n<ul class=\"tips\">\n<li>350 Sets \/ Month Waiting for Sale In Stock<\/li>\n<li>2 Years Limited Warranty for Entire Machine<\/li>\n<li>3-5 days prepare laser machine, 3-7days transport.<\/li>\n<li>Online (PayPal) &amp; Offline (T\/T, Debit &amp; Credit Cards)<\/li>\n<\/ul>\n<hr \/>\n<h4><strong>Get a Quote<\/strong><\/h4>\n<p>[contact-form-7 id=&#8221;029fbc1&#8243; title=&#8221;Products Form&#8221;]<\/p>\n","protected":false},"featured_media":1641,"template":"","meta":{"_gspb_post_css":""},"product_brand":[],"product_cat":[97,93,96],"product_tag":[102],"class_list":{"0":"post-1640","1":"product","2":"type-product","3":"status-publish","4":"has-post-thumbnail","6":"product_cat-fiber-laser-marker","7":"product_cat-laser-engraving-machine","8":"product_cat-laser-marking-machine","9":"product_tag-laser-marking-machine","11":"first","12":"instock","13":"shipping-taxable","14":"product-type-simple"},"_links":{"self":[{"href":"https:\/\/bogonglaser.com\/de\/wp-json\/wp\/v2\/product\/1640","targetHints":{"allow":["GET"]}}],"collection":[{"href":"https:\/\/bogonglaser.com\/de\/wp-json\/wp\/v2\/product"}],"about":[{"href":"https:\/\/bogonglaser.com\/de\/wp-json\/wp\/v2\/types\/product"}],"wp:featuredmedia":[{"embeddable":true,"href":"https:\/\/bogonglaser.com\/de\/wp-json\/wp\/v2\/media\/1641"}],"wp:attachment":[{"href":"https:\/\/bogonglaser.com\/de\/wp-json\/wp\/v2\/media?parent=1640"}],"wp:term":[{"taxonomy":"product_brand","embeddable":true,"href":"https:\/\/bogonglaser.com\/de\/wp-json\/wp\/v2\/product_brand?post=1640"},{"taxonomy":"product_cat","embeddable":true,"href":"https:\/\/bogonglaser.com\/de\/wp-json\/wp\/v2\/product_cat?post=1640"},{"taxonomy":"product_tag","embeddable":true,"href":"https:\/\/bogonglaser.com\/de\/wp-json\/wp\/v2\/product_tag?post=1640"}],"curies":[{"name":"wp","href":"https:\/\/api.w.org\/{rel}","templated":true}]}}