{"id":1509,"date":"2024-10-16T14:18:38","date_gmt":"2024-10-16T06:18:38","guid":{"rendered":"https:\/\/bogonglaser.com\/?post_type=product&#038;p=1509"},"modified":"2025-12-10T17:20:22","modified_gmt":"2025-12-10T09:20:22","slug":"pulse-laser-cleaning-machine","status":"publish","type":"product","link":"https:\/\/bogonglaser.com\/de\/pulse-laser-cleaning-machine\/","title":{"rendered":"Faser-Laser-Tief-Gravur-Maschine zu verkaufen"},"content":{"rendered":"<p>Faserlaser-Tiefengravurmaschinen eignen sich hervorragend f\u00fcr Tiefengravuren auf einer Vielzahl von Materialien, darunter Edelstahl, Titan, Aluminium, Messing und viele mehr. <a href=\"https:\/\/bogonglaser.com\/de\/\">BOGONG<\/a> 50w 60w Faserlaser-Metallgravierer zeichnet sich nicht nur beim \u00c4tzen aus, sondern ist auch in der Lage, d\u00fcnne Metalle zu schneiden. Sie k\u00f6nnen diese fortschrittliche Laser-Metall-\u00c4tzmaschine jetzt zu einem erschwinglichen Preis erwerben.<\/p>\n<figure id=\"attachment_7453\" aria-describedby=\"caption-attachment-7453\" style=\"width: 300px\" class=\"wp-caption alignnone\"><img decoding=\"async\" class=\"size-medium wp-image-7453\" src=\"https:\/\/bogonglaser.com\/wp-content\/uploads\/2024\/10\/deep-engraving-machine-2-300x225.jpg\" alt=\"Tiefengravurmaschine\" width=\"300\" height=\"225\" title=\"\" srcset=\"https:\/\/bogonglaser.com\/wp-content\/uploads\/2024\/10\/deep-engraving-machine-2-300x225.jpg 300w, https:\/\/bogonglaser.com\/wp-content\/uploads\/2024\/10\/deep-engraving-machine-2-600x450.jpg 600w, https:\/\/bogonglaser.com\/wp-content\/uploads\/2024\/10\/deep-engraving-machine-2-768x576.jpg 768w, https:\/\/bogonglaser.com\/wp-content\/uploads\/2024\/10\/deep-engraving-machine-2-16x12.jpg 16w, https:\/\/bogonglaser.com\/wp-content\/uploads\/2024\/10\/deep-engraving-machine-2.jpg 800w\" sizes=\"(max-width: 300px) 100vw, 300px\" \/><figcaption id=\"caption-attachment-7453\" class=\"wp-caption-text\">Tiefengravurmaschine<\/figcaption><\/figure>\n<p>Der Begriff \"Gravur\" umfasst zwei Hauptarten: die flache Gravur und die tiefe Gravur. Wenn man von \"Lasergravur\" spricht, meint man in der Regel die Flachgravur. Tiefengravur und Lasergravur haben zwar \u00c4hnlichkeiten, sind aber nicht dasselbe.<\/p>\n<p>In verschiedenen technologischen Anwendungen, gibt es einige tiefe Gravur Anforderung, wie Formen, Feuerwaffen, Schmuck, Kfz-Teile, und Metall wie Stahl, Keramik, Gold, Silber, Kupfer und Aluminium, sowie neuere Materialien wie Siliziumkarbid und Nickel-Chrom-Legierungen, ist es wichtig, tief die \u00e4u\u00dfere Schicht zu entfernen. finden Sie mehr im folgenden Artikel.<\/p>\n<p>Herk\u00f6mmliche Verfahren wie elektrische oder chemische Korrosion k\u00f6nnen umst\u00e4ndlich sein und die Anforderungen an die Pr\u00e4zision nur schwer erf\u00fcllen. Die thermische Laserbearbeitung bietet Pr\u00e4zision im Mikrometerbereich, eine hochwertige Laserquelle in Kombination mit einem Lasergalvokopf und einer Software, die Ihren Traum von der Individualisierung wahr werden l\u00e4sst.<\/p>\n<figure id=\"attachment_7454\" aria-describedby=\"caption-attachment-7454\" style=\"width: 300px\" class=\"wp-caption alignnone\"><img decoding=\"async\" class=\"size-medium wp-image-7454\" src=\"https:\/\/bogonglaser.com\/wp-content\/uploads\/2024\/10\/deep-engraving-machine-1-300x225.jpg\" alt=\"Tiefengravurmaschine\" width=\"300\" height=\"225\" title=\"\" srcset=\"https:\/\/bogonglaser.com\/wp-content\/uploads\/2024\/10\/deep-engraving-machine-1-300x225.jpg 300w, https:\/\/bogonglaser.com\/wp-content\/uploads\/2024\/10\/deep-engraving-machine-1-600x450.jpg 600w, https:\/\/bogonglaser.com\/wp-content\/uploads\/2024\/10\/deep-engraving-machine-1-768x576.jpg 768w, https:\/\/bogonglaser.com\/wp-content\/uploads\/2024\/10\/deep-engraving-machine-1-16x12.jpg 16w, https:\/\/bogonglaser.com\/wp-content\/uploads\/2024\/10\/deep-engraving-machine-1.jpg 800w\" sizes=\"(max-width: 300px) 100vw, 300px\" \/><figcaption id=\"caption-attachment-7454\" class=\"wp-caption-text\">Tiefengravurmaschine<\/figcaption><\/figure>\n<p>Die Lasertiefengravur ist ein Markierungsverfahren, bei dem ein Faserlaser und eine fortschrittliche Technologie zum Einsatz kommen. Dadurch werden die Leistung und die Qualit\u00e4t des Lasers verbessert, so dass er Metall schnell in Gas umwandeln kann und Hitzesch\u00e4den in der Umgebung reduziert werden. Mit einer hohen Wiederholungsrate werden die Umrisse von Buchstaben und Designs sch\u00e4rfer und sauberer, mit weniger Rauheit und einer sch\u00f6nen Bodenstruktur. Was bei herk\u00f6mmlichen Korrosionsverfahren viele Arbeitsschritte erfordert, kann mit dieser Methode in einem einzigen Durchgang erledigt werden. Au\u00dferdem werden keine zus\u00e4tzlichen Materialien oder Chemikalien ben\u00f6tigt, so dass es kosteng\u00fcnstig ist.<\/p>\n<p>Die Tiefe und Geschwindigkeit der Gravur h\u00e4ngt von mehreren Faktoren ab:<\/p>\n<ul>\n<li><strong>Metall-Typ:<\/strong> Verschiedene Metalle verhalten sich beim Gravieren unterschiedlich. Aluminium hat zum Beispiel den niedrigsten Schmelzpunkt und graviert daher am schnellsten.<\/li>\n<li><strong>Impulsbreite:<\/strong> Ein breiterer Impuls bedeutet eine schnellere Gravur, aber eine gr\u00f6bere Schattierung. Ein kleinerer Puls arbeitet langsamer, ergibt aber feinere Schattierungen. Die Wahl der richtigen Impulsbreite ist wichtig f\u00fcr das Gleichgewicht zwischen Geschwindigkeit und Qualit\u00e4t.<\/li>\n<li><strong>Laser Quelle:<\/strong> Die Art des verwendeten Lasers wirkt sich darauf aus, wie gut er das Licht absorbiert, daher ist es wichtig, die Marke und Ihr Budget zu ber\u00fccksichtigen.<\/li>\n<li><strong>Laserleistung:<\/strong> Eine h\u00f6here Laserleistung bedeutet im Allgemeinen eine tiefere Gravur, wenn die anderen Bedingungen gleich bleiben.<\/li>\n<li><strong>Zeit der Gravur:<\/strong> Der Graviervorgang erfordert mehrere Durchg\u00e4nge. Je mehr Zeit Sie mit der Gravur verbringen, desto tiefer wird das Ergebnis.<\/li>\n<li><strong>Zustand der Oberfl\u00e4che:<\/strong> Die Beschaffenheit der Metalloberfl\u00e4che spielt eine Rolle. Glatte, gl\u00e4nzende oder behandelte Oberfl\u00e4chen (wie eloxierte oder beschichtete) reagieren unterschiedlich auf den Laser, was sich auf das Endergebnis auswirkt.<\/li>\n<li><strong>Scanbereich:<\/strong> Die Optik des Lasers bestimmt den Scanbereich. Ein gr\u00f6\u00dferer Bereich kann die Gravur erschweren und verlangsamen.<\/li>\n<\/ul>\n<p>&nbsp;<\/p>\n<h3>Was ist die maximale Tiefe der Lasergravur?<\/h3>\n<p>Die Tiefe der Lasergravur Maschine kann bis zu 1mm oder mehr, wenn Sie mehr Zeit darauf verbringen, w\u00e4hlen Sie eine gr\u00f6\u00dfere Laserleistung Maschine kann Ihnen helfen, mehr Zeit zu sparen.<\/p>\n<h4>Welcher Laser ist am besten f\u00fcr die Tiefengravur von Metall geeignet?<\/h4>\n<p>Faserlaser k\u00f6nnen tiefe Gravur auf Metall zu tun, wenn Sie ein besseres Ergebnis auf Schattierung erhalten m\u00f6chten, w\u00e4hlen Sie eine Faser mopa wird eine gute Idee sein.<\/p>\n<p><iframe title=\"He Said It&#039;s Amazing 60W MOPA Fiber Laser Engraver | Tiefgravurarbeiten auf Metall\" width=\"1290\" height=\"726\" src=\"https:\/\/www.youtube.com\/embed\/7wAJLwkef5M?feature=oembed\" frameborder=\"0\" allow=\"accelerometer; autoplay; clipboard-write; encrypted-media; gyroscope; picture-in-picture; web-share\" referrerpolicy=\"strict-origin-when-cross-origin\" allowfullscreen><\/iframe><\/p>\n<p><iframe title=\"Erstaunliche Arbeit von BOGONG Lasergraviermaschine | Faser-Lasergravierer\" width=\"1290\" height=\"726\" src=\"https:\/\/www.youtube.com\/embed\/Y15fta5gyZo?feature=oembed\" frameborder=\"0\" allow=\"accelerometer; autoplay; clipboard-write; encrypted-media; gyroscope; picture-in-picture; web-share\" referrerpolicy=\"strict-origin-when-cross-origin\" allowfullscreen><\/iframe><\/p>\n<h3>Wie man die richtige Lasergravurmaschine ausw\u00e4hlt<\/h3>\n<p>Bei der Auswahl einer Maschine f\u00fcr Ihr Gravurprojekt m\u00fcssen Sie ber\u00fccksichtigen, wie tief die Gravur sein soll, mit welchem Material Sie arbeiten und wie gro\u00df das Zeichen sein soll. Im Folgenden finden Sie 5 wichtige Faktoren, die Sie beachten sollten: Geschwindigkeit, Leistung, Gravurzeit und Material.<\/p>\n<p>Schauen wir uns die einzelnen Faktoren an und verstehen wir ihre Bedeutung.<\/p>\n<p><strong>Geschwindigkeit<\/strong><br \/>\nDie Geschwindigkeit wird oft mit der Frequenz verwechselt, aber sie sind nicht dasselbe. Die Frequenz gibt an, wie oft der Laserstrahl innerhalb eines bestimmten Zeitraums auf das Ziel trifft, w\u00e4hrend die Geschwindigkeit angibt, wie lange der Strahl auf das Ziel fokussiert bleibt. Wenn Sie eine tiefere Gravur w\u00fcnschen, ben\u00f6tigen Sie in der Regel eine niedrigere Geschwindigkeit. Beachten Sie jedoch, dass eine langsamere Geschwindigkeit nicht der einzige Faktor ist, der die Tiefe beeinflusst.<\/p>\n<p><strong>Strom<\/strong><br \/>\nEine h\u00f6here Leistung bedeutet, dass der Laser eine intensivere Energie erzeugt, was zu tieferen Gravuren f\u00fchren kann. \u00c4hnlich wie bei der Geschwindigkeit kann dieses Ergebnis jedoch von anderen Faktoren abh\u00e4ngen.<\/p>\n<p><strong>Gravur Zeit<\/strong><br \/>\nDie Tiefengravur ben\u00f6tigt mehr Zeit. Der Laser muss die Energie l\u00e4nger auf das Ziel richten, um tiefer in das Material einzudampfen. Stellen Sie sich vor, Sie s\u00e4gen durch ein St\u00fcck Holz: Je l\u00e4nger Sie schneiden, desto tiefer k\u00f6nnen Sie gehen.<\/p>\n<p><strong>Materialien<\/strong><br \/>\nW\u00e4hlen Sie Ihre Lasergravurmaschine nach dem Material aus, das Sie verwenden. In der Regel eignen sich Faserlaser am besten f\u00fcr Metalle, w\u00e4hrend CO2-Laser ideal f\u00fcr Holz sind. Die Verwendung des falschen Lasertyps kann zu schlechten Gravurergebnissen f\u00fchren.<\/p>\n<h3>Ben\u00f6tigen Sie Hilfe bei der Auswahl einer Tiefenlasergravurmaschine?<\/h3>\n<p>Die Tiefenlasergravur ist eine spezielle Form der Gravur, die andere Einstellungen erfordert als die Standardgravur. Allerdings ben\u00f6tigen Sie daf\u00fcr nicht unbedingt eine andere Maschine. Bei BOGONG LASER sind unsere Lasermarkierungsmaschinen dank ihrer fortschrittlichen Einstellungen und der automatischen Anpassung des Brennpunkts sowohl f\u00fcr die flache als auch f\u00fcr die tiefe Gravur geeignet.<\/p>\n<p>Ganz gleich, ob Sie eine Maschine f\u00fcr die R\u00fcckverfolgbarkeit, f\u00fcr Logos oder f\u00fcr Hinterf\u00fcllungen ben\u00f6tigen, unser Team hat ein offenes Ohr f\u00fcr Ihre Bed\u00fcrfnisse und Herausforderungen. Wir helfen Ihnen bei der Auswahl einer Lasermaschine, die sich f\u00fcr Ihr aktuelles Projekt eignet und f\u00fcr Ihre zuk\u00fcnftigen Projekte langlebig ist.<\/p>\n<p>Setzen Sie sich noch heute mit unserem Team in Verbindung, um Ihre gew\u00fcnschte Gravurtiefe, Ihre Projektanforderungen und Ihre Materialien zu besprechen.<\/p>\n<h4>Merkmal des BOGONG-Ger\u00e4ts:<\/h4>\n<ul>\n<li><strong>Einfache und schnelle Installation:<\/strong> Einfacher Anschluss an Ihren Computer \u00fcber USB.<\/li>\n<li><strong>Kosteng\u00fcnstig:<\/strong> Genie\u00dfen Sie eine hohe Investitionsrentabilit\u00e4t bei einem niedrigen Energieverbrauch von unter 500 W, was einem Zehntel des Verbrauchs herk\u00f6mmlicher Lichtpumplaser entspricht.<\/li>\n<li><strong>Keine Wartung erforderlich:<\/strong> Der Laser muss nicht gewartet werden.<\/li>\n<li><strong>Verl\u00e4ngerte Nutzungsdauer:<\/strong> Die <a href=\"https:\/\/bogonglaser.com\/de\/laser-engraving-machine\/\">Laser-Metall-Gravur-Maschine<\/a> verwendet eine Laserdiode als Pumpquelle und hat eine Lebensdauer von bis zu 100.000 Stunden.<\/li>\n<\/ul>\n<p>&nbsp;<\/p>\n<h3>Anwendungen von Faserlaser-Tiefgravurmaschinen<\/h3>\n<p>Faserlaser-Tiefengravurmaschinen sind vielseitige Werkzeuge zum Markieren und Gravieren einer Vielzahl von Materialien. Sie sind besonders effektiv bei Metallen wie Edelstahl, Aluminium, Legierungen, Messing, Silber, Gold, Titan und Eisen. Dar\u00fcber hinaus k\u00f6nnen diese Maschinen auch auf nichtmetallischen Oberfl\u00e4chen eingesetzt werden. G\u00e4ngige Anwendungen sind:<\/p>\n<ul>\n<li>Gewehre und Feuerwaffen<\/li>\n<li>Ringe und Schmuck<\/li>\n<li>Lager und Zahnr\u00e4der<\/li>\n<li>Automobilteile<\/li>\n<li>Hardware und Werkzeuge<\/li>\n<li>Komponenten f\u00fcr die Luft- und Raumfahrt<\/li>\n<li>Chips f\u00fcr integrierte Schaltungen<\/li>\n<li>Computer-Zubeh\u00f6r<\/li>\n<li>Uhren<\/li>\n<li>Elektronik und Kommunikationsger\u00e4te<\/li>\n<li>Haushaltsger\u00e4te<\/li>\n<li>Draht und Kabel<\/li>\n<li>Verzierungen wie Halsketten und Armb\u00e4nder<\/li>\n<\/ul>\n<p>These machines are also capable of cutting thin metals such as stainless steel, aluminum, alloys, brass, silver, gold, and titanium.Contact with BOGONG team to get newest price.<\/p>","protected":false},"excerpt":{"rendered":"<h2>Faser-Laser-Tief-Gravur-Maschine zu verkaufen<\/h2>\n<p>Die Faserlaser-Tiefengravurmaschine ist ein wunderbares Werkzeug f\u00fcr die Tiefengravur auf einer Vielzahl von Materialien, einschlie\u00dflich Edelstahl, Titan, Aluminium, Messing und mehr. BOGONG 50w 60w Faser-Laser-Metall-Gravierer zeichnet sich nicht nur beim \u00c4tzen aus, sondern ist auch in der Lage, d\u00fcnne Metalle zu schneiden. Sie k\u00f6nnen diese fortschrittliche Laser-Metallgravur-Maschine jetzt zu einem erschwinglichen Preis erwerben.<\/p>\n<ul class=\"tips\">\n<li>180 Sets \/ Monat zum Verkauf auf Lager<\/li>\n<li>2 Jahre beschr\u00e4nkte Garantie f\u00fcr die gesamte Maschine<\/li>\n<li>1-2 Tage Bearbeitung und 7-30 Tage Versand<\/li>\n<li>30-Tage-Geld-zur\u00fcck-Garantie f\u00fcr Ihren Kauf<\/li>\n<li>Online (PayPal) und Offline (T\/T, Debit- und Kreditkarten)<\/li>\n<\/ul>","protected":false},"featured_media":1625,"template":"","meta":{"_gspb_post_css":""},"product_brand":[],"product_cat":[97,93,96],"product_tag":[102],"class_list":{"0":"post-1509","1":"product","2":"type-product","3":"status-publish","4":"has-post-thumbnail","6":"product_cat-fiber-laser-marker","7":"product_cat-laser-engraving-machine","8":"product_cat-laser-marking-machine","9":"product_tag-laser-marking-machine","11":"first","12":"instock","13":"shipping-taxable","14":"product-type-simple"},"_links":{"self":[{"href":"https:\/\/bogonglaser.com\/de\/wp-json\/wp\/v2\/product\/1509","targetHints":{"allow":["GET"]}}],"collection":[{"href":"https:\/\/bogonglaser.com\/de\/wp-json\/wp\/v2\/product"}],"about":[{"href":"https:\/\/bogonglaser.com\/de\/wp-json\/wp\/v2\/types\/product"}],"wp:featuredmedia":[{"embeddable":true,"href":"https:\/\/bogonglaser.com\/de\/wp-json\/wp\/v2\/media\/1625"}],"wp:attachment":[{"href":"https:\/\/bogonglaser.com\/de\/wp-json\/wp\/v2\/media?parent=1509"}],"wp:term":[{"taxonomy":"product_brand","embeddable":true,"href":"https:\/\/bogonglaser.com\/de\/wp-json\/wp\/v2\/product_brand?post=1509"},{"taxonomy":"product_cat","embeddable":true,"href":"https:\/\/bogonglaser.com\/de\/wp-json\/wp\/v2\/product_cat?post=1509"},{"taxonomy":"product_tag","embeddable":true,"href":"https:\/\/bogonglaser.com\/de\/wp-json\/wp\/v2\/product_tag?post=1509"}],"curies":[{"name":"wp","href":"https:\/\/api.w.org\/{rel}","templated":true}]}}