{"id":5192,"date":"2025-07-21T16:49:17","date_gmt":"2025-07-21T08:49:17","guid":{"rendered":"https:\/\/bogonglaser.com\/?post_type=product&#038;p=5192"},"modified":"2025-12-10T16:25:09","modified_gmt":"2025-12-10T08:25:09","slug":"best-metal-cutting-laser-machine","status":"publish","type":"product","link":"https:\/\/bogonglaser.com\/cs\/best-metal-cutting-laser-machine\/","title":{"rendered":"Nejlep\u0161\u00ed laserov\u00fd stroj na \u0159ez\u00e1n\u00ed kov\u016f"},"content":{"rendered":"<p>Laserov\u00fd stroj na \u0159ez\u00e1n\u00ed kov\u016f je automatizovan\u00fd n\u00e1stroj, kter\u00fd vyu\u017e\u00edv\u00e1 laserov\u00fd paprsek a digit\u00e1ln\u00ed \u0159\u00eddic\u00ed syst\u00e9m k \u0159ez\u00e1n\u00ed r\u016fzn\u00fdch materi\u00e1l\u016f, jako jsou kovy (ocel, m\u011b\u010f, mosaz, hlin\u00edk, titan, zlato, st\u0159\u00edbro, slitiny, \u017eelezo). Mezi hlavn\u00ed \u010d\u00e1sti pat\u0159\u00ed z\u00e1kladna a r\u00e1m stroje, \u0159\u00eddic\u00ed jednotka CNC, laserov\u00fd gener\u00e1tor, zdroj nap\u00e1jen\u00ed, laserov\u00e1 trubice, \u0159ezac\u00ed hlava, \u010do\u010dka, zrcadla, vodn\u00ed chladi\u010d, servomotory, plynov\u00e1 l\u00e1hev, vzduchov\u00fd kompresor, z\u00e1sobn\u00edk plynu, vzduchov\u00fd filtr, ods\u00e1va\u010d prachu, su\u0161i\u010dka a software.<\/p>\n<p>Laserov\u00fd \u0159ezac\u00ed syst\u00e9m je kompletn\u00ed sada integrovan\u00fdch d\u00edl\u016f ur\u010den\u00fdch k prov\u00e1d\u011bn\u00ed p\u0159esn\u00fdch \u0159ez\u016f pro pr\u016fmyslovou v\u00fdrobu, vzd\u011bl\u00e1v\u00e1n\u00ed, mal\u00e9 podniky a dom\u00e1c\u00ed pou\u017eit\u00ed. Nab\u00edz\u00ed v\u011bt\u0161\u00ed flexibilitu ne\u017e ru\u010dn\u00ed nebo mechanick\u00e9 \u0159eza\u010dky. Dok\u00e1\u017ee \u0159ezat mnoho materi\u00e1l\u016f r\u016fzn\u00fdch tlou\u0161t\u011bk a tvary, kter\u00e9 m\u016f\u017eete vytv\u00e1\u0159et, jsou prakticky neomezen\u00e9. Programov\u00e1n\u00ed je rychl\u00e9 a snadn\u00e9, tak\u017ee \u00fapravy lze prov\u00e1d\u011bt v jak\u00e9koli f\u00e1zi v\u00fdroby s minim\u00e1ln\u00edmi dodate\u010dn\u00fdmi \u010dasov\u00fdmi n\u00e1roky nebo n\u00e1klady. Syst\u00e9m zaji\u0161\u0165uje vysokou p\u0159esnost, \u010dist\u00e9 \u0159ezy a nedoch\u00e1z\u00ed k deformaci materi\u00e1lu. Je ide\u00e1ln\u00edm \u0159e\u0161en\u00edm pro automatizaci a modularizaci v\u00fdrobn\u00edch proces\u016f, co\u017e zvy\u0161uje efektivitu a kvalitu.<\/p>\n<figure id=\"attachment_7382\" aria-describedby=\"caption-attachment-7382\" style=\"width: 300px\" class=\"wp-caption alignnone\"><img decoding=\"async\" class=\"size-medium wp-image-7382\" src=\"https:\/\/bogonglaser.com\/wp-content\/uploads\/2025\/07\/laser-cutting-1-300x201.jpg\" alt=\"\u0159ez\u00e1n\u00ed laserem\" width=\"300\" height=\"201\" title=\"\" srcset=\"https:\/\/bogonglaser.com\/wp-content\/uploads\/2025\/07\/laser-cutting-1-300x201.jpg 300w, https:\/\/bogonglaser.com\/wp-content\/uploads\/2025\/07\/laser-cutting-1-18x12.jpg 18w, https:\/\/bogonglaser.com\/wp-content\/uploads\/2025\/07\/laser-cutting-1.jpg 600w\" sizes=\"(max-width: 300px) 100vw, 300px\" \/><figcaption id=\"caption-attachment-7382\" class=\"wp-caption-text\">\u0159ez\u00e1n\u00ed laserem<\/figcaption><\/figure>\n<p><strong>Hlavn\u00ed funkce:<\/strong><\/p>\n<ul>\n<li><strong>P\u0159esn\u00e9 \u0159ez\u00e1n\u00ed:<\/strong>\u00a0Vyu\u017e\u00edv\u00e1 pokro\u010dilou laserovou technologii pro \u010dist\u00e9 a p\u0159esn\u00e9 \u0159ezy s mal\u00fdm tepeln\u00fdm zkreslen\u00edm.<\/li>\n<li><strong>Rychle a efektivn\u011b:<\/strong>\u00a0Rychle \u0159e\u017ee, \u010d\u00edm\u017e pom\u00e1h\u00e1 zv\u00fd\u0161it rychlost v\u00fdroby.<\/li>\n<li><strong>Vhodn\u00e9 pro mnoho pr\u016fmyslov\u00fdch odv\u011btv\u00ed:<\/strong>\u00a0Ide\u00e1ln\u00ed pro automobilov\u00fd pr\u016fmysl, stavebnictv\u00ed, zna\u010den\u00ed a kovov\u00fdrobu.<\/li>\n<li><strong>Snadn\u00e9 pou\u017eit\u00ed:<\/strong>\u00a0Jednoduch\u00e9 ovl\u00e1d\u00e1n\u00ed a software usnad\u0148uj\u00ed obsluhu.<\/li>\n<li><strong>Odoln\u00e1 konstrukce:<\/strong>\u00a0Vyrobeno z pevn\u00fdch materi\u00e1l\u016f, kter\u00e9 vydr\u017e\u00ed dlouho s minim\u00e1ln\u00ed \u00fadr\u017ebou.<\/li>\n<\/ul>\n<p><strong>Pro\u010d si vybrat n\u00e1\u0161 laserov\u00fd stroj na \u0159ez\u00e1n\u00ed kov\u016f?<\/strong><\/p>\n<ul>\n<li><strong>Stabiln\u00ed t\u011blo stroje a v\u0161echny detaily aktualizace. (m\u016f\u017eete se pod\u00edvat na video n\u00ed\u017ee)<\/strong><\/li>\n<li><strong>\u00daspora \u010dasu a materi\u00e1lu:<\/strong>\u00a0\u0158e\u017ee efektivn\u011b, sni\u017euje mno\u017estv\u00ed odpadu a spot\u0159ebu energie.<\/li>\n<li><strong>Flexibiln\u00ed:<\/strong>\u00a0Dok\u00e1\u017ee zpracovat r\u016fzn\u00e9 velikosti a tlou\u0161\u0165ky plech\u016f.<\/li>\n<li><strong>Bezpe\u010dn\u00e9 a spolehliv\u00e9:<\/strong>\u00a0Je vybaven bezpe\u010dnostn\u00edmi prvky a spl\u0148uje mezin\u00e1rodn\u00ed normy.<\/li>\n<li><strong>Podpora:<\/strong>\u00a0Poskytujeme \u0161kolen\u00ed, technickou podporu a \u00fadr\u017ebu, aby v\u00e1\u0161 stroj fungoval bez probl\u00e9m\u016f.<\/li>\n<\/ul>\n<p><iframe title=\"Pod\u00edvejte se, jak se tato laserov\u00e1 \u0159eza\u010dka li\u0161\u00ed od ostatn\u00edch!\" width=\"1290\" height=\"726\" src=\"https:\/\/www.youtube.com\/embed\/kv3tNysqvk0?feature=oembed\" frameborder=\"0\" allow=\"accelerometer; autoplay; clipboard-write; encrypted-media; gyroscope; picture-in-picture; web-share\" referrerpolicy=\"strict-origin-when-cross-origin\" allowfullscreen><\/iframe><\/p>\n<h3>N\u00e1klady a ceny<\/h3>\n<p>Pokud uva\u017eujete o zah\u00e1jen\u00ed podnik\u00e1n\u00ed s laserov\u00fdm \u0159ezac\u00edm strojem na kov, mo\u017en\u00e1 v\u00e1s zaj\u00edmaj\u00ed n\u00e1klady a typick\u00e9 tr\u017en\u00ed ceny. Na z\u00e1klad\u011b anal\u00fdzy trhu se ceny laserov\u00fdch \u0159ezac\u00edch stroj\u016f zna\u010dn\u011b li\u0161\u00ed:<\/p>\n<ul>\n<li>Cenov\u011b nejdostupn\u011bj\u0161\u00ed modely za\u010d\u00ednaj\u00ed na\u00a0<strong>$12000<\/strong>.<\/li>\n<li>\u0160pi\u010dkov\u00e9 stroje mohou st\u00e1t a\u017e\u00a0<strong>$200,000<\/strong>\u00a0nebo v\u00edce.<\/li>\n<\/ul>\n<p>Tyto ceny nezahrnuj\u00ed dopravu, dan\u011b, clo, servis ani technickou podporu. Skute\u010dn\u00e1 cena z\u00e1vis\u00ed na faktorech, jako je zna\u010dka, typ, model, v\u00fdkon a dal\u0161\u00ed funkce, jako jsou vlastn\u00ed stoly, gener\u00e1tory, rota\u010dn\u00ed n\u00e1stavce, software, p\u0159\u00edslu\u0161enstv\u00ed, upgrady, nastaven\u00ed a lad\u011bn\u00ed.<\/p>\n<h4>Typick\u00e9 ceny v roce 2025:<\/h4>\n<ul>\n<li>Rozsah laserov\u00fdch stroj\u016f na \u0159ez\u00e1n\u00ed kov\u016f od <strong>$12,000 a\u017e v\u00edce ne\u017e $900,000<\/strong>.<\/li>\n<\/ul>\n<p>Pro p\u0159\u00edslu\u0161enstv\u00ed a d\u00edly:<\/p>\n<ul>\n<li>Spot\u0159ebn\u00ed materi\u00e1l a z\u00e1kladn\u00ed d\u00edly stoj\u00ed p\u0159ibli\u017en\u011b\u00a0<strong>$9<\/strong>.<\/li>\n<li>Vysoce v\u00fdkonn\u00e9 vl\u00e1knov\u00e9 laserov\u00e9 gener\u00e1tory mohou b\u00fdt drah\u00e9 jako\u00a0<strong>$30,000<\/strong>.<\/li>\n<\/ul>\n<p><iframe title=\"Mal\u00fd, ale v\u00fdkonn\u00fd laserov\u00fd \u0159ez\u00e1k p\u0159esn\u011b \u0159e\u017ee kovy\" width=\"1290\" height=\"726\" src=\"https:\/\/www.youtube.com\/embed\/5BStGlyjEOc?feature=oembed\" frameborder=\"0\" allow=\"accelerometer; autoplay; clipboard-write; encrypted-media; gyroscope; picture-in-picture; web-share\" referrerpolicy=\"strict-origin-when-cross-origin\" allowfullscreen><\/iframe><\/p>\n<p><iframe title=\"Co um\u00ed 2000w vl\u00e1knov\u00fd laserov\u00fd \u0159ezac\u00ed stroj?  Skute\u010dn\u00e1 rychlost pro nerezovou ocel, st\u0159edn\u00ed ocel\" width=\"1290\" height=\"726\" src=\"https:\/\/www.youtube.com\/embed\/nfdBXiTmWwo?feature=oembed\" frameborder=\"0\" allow=\"accelerometer; autoplay; clipboard-write; encrypted-media; gyroscope; picture-in-picture; web-share\" referrerpolicy=\"strict-origin-when-cross-origin\" allowfullscreen><\/iframe><\/p>","protected":false},"excerpt":{"rendered":"<p>Laserov\u00e9 \u0159ez\u00e1n\u00ed kov\u016f je p\u0159esn\u00fd n\u00e1stroj pou\u017e\u00edvan\u00fd k \u0159ez\u00e1n\u00ed kov\u016f, jako je ocel, hlin\u00edk a mosaz. K prov\u00e1d\u011bn\u00ed \u010dist\u00fdch a p\u0159esn\u00fdch \u0159ez\u016f vyu\u017e\u00edv\u00e1 laserov\u00fd paprsek. Tento stroj je rychl\u00fd, spolehliv\u00fd a pom\u00e1h\u00e1 sni\u017eovat mno\u017estv\u00ed odpadu. Pou\u017e\u00edv\u00e1 se v pr\u016fmyslov\u00fdch odv\u011btv\u00edch, jako je v\u00fdroba, automobilov\u00fd pr\u016fmysl a stavebnictv\u00ed, ke zv\u00fd\u0161en\u00ed efektivity a kvality.<\/p>","protected":false},"featured_media":5199,"template":"","meta":{"_gspb_post_css":""},"product_brand":[],"product_cat":[117,118],"product_tag":[105,169],"class_list":{"0":"post-5192","1":"product","2":"type-product","3":"status-publish","4":"has-post-thumbnail","6":"product_cat-fiber-laser-cutting-machine","7":"product_cat-laser-metal-cutting-machine","8":"product_tag-fiber-laser-cutting-machine","9":"product_tag-metal-laser-cutting-machine","11":"first","12":"instock","13":"shipping-taxable","14":"product-type-simple"},"_links":{"self":[{"href":"https:\/\/bogonglaser.com\/cs\/wp-json\/wp\/v2\/product\/5192","targetHints":{"allow":["GET"]}}],"collection":[{"href":"https:\/\/bogonglaser.com\/cs\/wp-json\/wp\/v2\/product"}],"about":[{"href":"https:\/\/bogonglaser.com\/cs\/wp-json\/wp\/v2\/types\/product"}],"wp:featuredmedia":[{"embeddable":true,"href":"https:\/\/bogonglaser.com\/cs\/wp-json\/wp\/v2\/media\/5199"}],"wp:attachment":[{"href":"https:\/\/bogonglaser.com\/cs\/wp-json\/wp\/v2\/media?parent=5192"}],"wp:term":[{"taxonomy":"product_brand","embeddable":true,"href":"https:\/\/bogonglaser.com\/cs\/wp-json\/wp\/v2\/product_brand?post=5192"},{"taxonomy":"product_cat","embeddable":true,"href":"https:\/\/bogonglaser.com\/cs\/wp-json\/wp\/v2\/product_cat?post=5192"},{"taxonomy":"product_tag","embeddable":true,"href":"https:\/\/bogonglaser.com\/cs\/wp-json\/wp\/v2\/product_tag?post=5192"}],"curies":[{"name":"wp","href":"https:\/\/api.w.org\/{rel}","templated":true}]}}