{"id":2402,"date":"2025-02-10T15:35:22","date_gmt":"2025-02-10T07:35:22","guid":{"rendered":"https:\/\/bogonglaser.com\/?post_type=product&#038;p=2402"},"modified":"2026-03-05T11:39:20","modified_gmt":"2026-03-05T03:39:20","slug":"smallest-3020-fiber-laer-cutting-machine-300200mm","status":"publish","type":"product","link":"https:\/\/bogonglaser.com\/cs\/smallest-3020-fiber-laer-cutting-machine-300200mm\/","title":{"rendered":"Profesion\u00e1ln\u00ed v\u00fdrobce mal\u00fdch laserov\u00fdch \u0159ezac\u00edch stroj\u016f na kovy (300 * 200 mm)"},"content":{"rendered":"<p><strong>Bogong Smallest Fiber Laser Cutter (300 x 200 mm)<\/strong><\/p>\n<p>Introducing the Smallest <a href=\"https:\/\/bogonglaser.com\/cs\/fiber-laser-cutter\/\">Fiber Laser Cutter<\/a>, engineered for precision and efficiency in metal fabrication.<\/p>\n<p>With a compact cutting area of 300 x 200 mm, this innovative machine is designed to deliver superior performance in a variety of applications, from small-scale production to intricate prototypes.<\/p>\n<p><img decoding=\"async\" class=\"alignnone size-full wp-image-9094\" src=\"https:\/\/bogonglaser.com\/wp-content\/uploads\/2025\/02\/small-metal-laser-cutter.jpg\" alt=\"\" width=\"800\" height=\"600\" title=\"\" srcset=\"https:\/\/bogonglaser.com\/wp-content\/uploads\/2025\/02\/small-metal-laser-cutter.jpg 800w, https:\/\/bogonglaser.com\/wp-content\/uploads\/2025\/02\/small-metal-laser-cutter-300x225.jpg 300w, https:\/\/bogonglaser.com\/wp-content\/uploads\/2025\/02\/small-metal-laser-cutter-768x576.jpg 768w, https:\/\/bogonglaser.com\/wp-content\/uploads\/2025\/02\/small-metal-laser-cutter-16x12.jpg 16w, https:\/\/bogonglaser.com\/wp-content\/uploads\/2025\/02\/small-metal-laser-cutter-600x450.jpg 600w\" sizes=\"(max-width: 800px) 100vw, 800px\" \/><\/p>\n<p><strong>Core Advantages:<\/strong><\/p>\n<ul>\n<li><strong>High Cutting precision:<\/strong> Smooth cutting edge, high accuracy.<\/li>\n<li><strong>Strong Cutting Ability:<\/strong> High efficiency for various metal materials processing, like stainless steel, Gold, Silver, aluminum alloy, copper, titanium alloy, carbon steel, and various alloy steels<\/li>\n<li><strong>Small &amp; Compact Structure: <\/strong>Space-saving, easy to install and operate.<\/li>\n<li><strong>Pokro\u010dil\u00e1 technologie vl\u00e1knov\u00e9ho laseru:<\/strong> \u0158eza\u010dka Bogong vyu\u017e\u00edv\u00e1 vysoce kvalitn\u00ed vl\u00e1knovou laserovou technologii, laserov\u00fd zdroj a laserovou hlavu se vzduchov\u00fdm chlazen\u00edm, co\u017e zaji\u0161\u0165uje vysokou rychlost \u0159ez\u00e1n\u00ed a v\u00fdjime\u010dnou p\u0159esnost. To umo\u017e\u0148uje prov\u00e1d\u011bt \u010dist\u00e9 a p\u0159esn\u00e9 \u0159ezy i u slo\u017eit\u00fdch konstrukc\u00ed.<\/li>\n<li><strong>Factory Direct Supply:<\/strong> Competitive price, strict quality control.<\/li>\n<li><strong>Widely Recognized by Customers: <\/strong>Trusted by global buyers in metal fabrication industry.<\/li>\n<li><strong>U\u017eivatelsky p\u0159\u00edv\u011btiv\u00e9 rozhran\u00ed:<\/strong> Stroj je vybaven intuitivn\u00edm \u0159\u00eddic\u00edm syst\u00e9mem, kter\u00fd u\u017eivatel\u016fm umo\u017e\u0148uje snadn\u00e9 nastaven\u00ed a ovl\u00e1d\u00e1n\u00ed, co\u017e zjednodu\u0161uje proces \u0159ez\u00e1n\u00ed a zvy\u0161uje produktivitu.<\/li>\n<li><strong>Vysok\u00e1 stabilita a \u017eivotnost:<\/strong> Nejmen\u0161\u00ed vl\u00e1knov\u00e1 laserov\u00e1 \u0159eza\u010dka Bogong je vyrobena z vysoce kvalitn\u00edch komponent a je navr\u017eena tak, aby m\u011bla dlouhou \u017eivotnost a dlouhodob\u00fd v\u00fdkon, co\u017e sni\u017euje n\u00e1klady na \u00fadr\u017ebu a prostoje.<\/li>\n<li><strong>Bezpe\u010dnostn\u00ed prvky:<\/strong> Stroj je vybaven z\u00e1kladn\u00edmi bezpe\u010dnostn\u00edmi mechanismy, kter\u00e9 zaji\u0161\u0165uj\u00ed ochranu obsluhy b\u011bhem provozu a umo\u017e\u0148uj\u00ed bezpe\u010dn\u00e9 pracovn\u00ed prost\u0159ed\u00ed.<\/li>\n<\/ul>\n<figure id=\"attachment_9101\" aria-describedby=\"caption-attachment-9101\" style=\"width: 800px\" class=\"wp-caption alignnone\"><img decoding=\"async\" class=\"size-full wp-image-9101\" src=\"https:\/\/bogonglaser.com\/wp-content\/uploads\/2025\/02\/QQ\u56fe\u724720260305113828.jpeg\" alt=\"small size laser cutter\" width=\"800\" height=\"800\" title=\"\" srcset=\"https:\/\/bogonglaser.com\/wp-content\/uploads\/2025\/02\/QQ\u56fe\u724720260305113828.jpeg 800w, https:\/\/bogonglaser.com\/wp-content\/uploads\/2025\/02\/QQ\u56fe\u724720260305113828-300x300.jpeg 300w, https:\/\/bogonglaser.com\/wp-content\/uploads\/2025\/02\/QQ\u56fe\u724720260305113828-150x150.jpeg 150w, https:\/\/bogonglaser.com\/wp-content\/uploads\/2025\/02\/QQ\u56fe\u724720260305113828-768x768.jpeg 768w, https:\/\/bogonglaser.com\/wp-content\/uploads\/2025\/02\/QQ\u56fe\u724720260305113828-12x12.jpeg 12w, https:\/\/bogonglaser.com\/wp-content\/uploads\/2025\/02\/QQ\u56fe\u724720260305113828-600x600.jpeg 600w, https:\/\/bogonglaser.com\/wp-content\/uploads\/2025\/02\/QQ\u56fe\u724720260305113828-100x100.jpeg 100w\" sizes=\"(max-width: 800px) 100vw, 800px\" \/><figcaption id=\"caption-attachment-9101\" class=\"wp-caption-text\">small size laser cutter<\/figcaption><\/figure>\n<p><strong>Aplikace:<\/strong> Tato laserov\u00e1 \u0159eza\u010dka, kter\u00e1 se dokonale hod\u00ed pro \u0159adu aplikac\u00ed, jako je elektronika, zna\u010den\u00ed, um\u011bleck\u00e1 d\u00edla z kovu a automobilov\u00e9 komponenty, vynik\u00e1 snadn\u00fdm vytv\u00e1\u0159en\u00edm jemn\u00fdch detail\u016f a slo\u017eit\u00fdch n\u00e1vrh\u016f.<\/p>\n<p><iframe title=\"300*200mm Nejmen\u0161\u00ed vl\u00e1knov\u00fd laserov\u00fd \u0159ezac\u00ed stroj | Mini vl\u00e1knov\u00fd laserov\u00fd \u0159ezac\u00ed stroj\" width=\"1290\" height=\"726\" src=\"https:\/\/www.youtube.com\/embed\/mGV6xBDycsc?feature=oembed\" frameborder=\"0\" allow=\"accelerometer; autoplay; clipboard-write; encrypted-media; gyroscope; picture-in-picture; web-share\" referrerpolicy=\"strict-origin-when-cross-origin\" allowfullscreen><\/iframe><\/p>\n<div class=\"sub-header-divs\">\n<h3>V\u00fdkon<\/h3>\n<\/div>\n<ul>\n<li>Laserov\u00e9 m\u00e9dium - pevnol\u00e1tkov\u00fd vl\u00e1knov\u00fd laser CW 1070nm<\/li>\n<li>V\u00fdkon laseru - 800W-2000W Mo\u017enosti vl\u00e1knov\u00e9ho zdroje<\/li>\n<li>V\u00fdkon - <strong>\u00a0220V 1 f\u00e1ze<\/strong><\/li>\n<li>P\u0159esnost polohov\u00e1n\u00ed - \u2264\u00b10,03 mm<\/li>\n<li>P\u0159esnost opakovatelnosti - \u2264\u00b10,02 mm<\/li>\n<\/ul>\n<div class=\"sub-header-divs\">\n<h3>Syst\u00e9m<\/h3>\n<\/div>\n<ul>\n<li>Pohonn\u00fd syst\u00e9m - Modul Drive<\/li>\n<li>Re\u017eim chlazen\u00ed - vzduch voda<\/li>\n<\/ul>\n<p><iframe title=\"Mal\u00fd, ale v\u00fdkonn\u00fd laserov\u00fd \u0159ez\u00e1k p\u0159esn\u011b \u0159e\u017ee kovy\" width=\"1290\" height=\"726\" src=\"https:\/\/www.youtube.com\/embed\/5BStGlyjEOc?feature=oembed\" frameborder=\"0\" allow=\"accelerometer; autoplay; clipboard-write; encrypted-media; gyroscope; picture-in-picture; web-share\" referrerpolicy=\"strict-origin-when-cross-origin\" allowfullscreen><\/iframe><\/p>\n<p>Customer who visited BOGONG LASER factory for purchase this small metal laser cutting machine<\/p>\n<figure id=\"attachment_9090\" aria-describedby=\"caption-attachment-9090\" style=\"width: 700px\" class=\"wp-caption alignnone\"><img decoding=\"async\" class=\"size-full wp-image-9090\" src=\"https:\/\/bogonglaser.com\/wp-content\/uploads\/2025\/02\/how-about-bogong-laser-cutter.jpg\" alt=\"\" width=\"700\" height=\"600\" title=\"\" srcset=\"https:\/\/bogonglaser.com\/wp-content\/uploads\/2025\/02\/how-about-bogong-laser-cutter.jpg 700w, https:\/\/bogonglaser.com\/wp-content\/uploads\/2025\/02\/how-about-bogong-laser-cutter-300x257.jpg 300w, https:\/\/bogonglaser.com\/wp-content\/uploads\/2025\/02\/how-about-bogong-laser-cutter-14x12.jpg 14w, https:\/\/bogonglaser.com\/wp-content\/uploads\/2025\/02\/how-about-bogong-laser-cutter-600x514.jpg 600w\" sizes=\"(max-width: 700px) 100vw, 700px\" \/><figcaption id=\"caption-attachment-9090\" class=\"wp-caption-text\">small metal laser cutting machine<\/figcaption><\/figure>\n<p>Very good feedback about BOGONG small fiber laser cutter<\/p>\n<p><iframe title=\"Nav\u0161t\u00edvil BOGONG a objednal si 2030 Fiber Laser Cutter | Zp\u011btn\u00e1 vazba BOGONG Laser Cutting Machine\" width=\"1290\" height=\"726\" src=\"https:\/\/www.youtube.com\/embed\/olZXLLVhLls?feature=oembed\" frameborder=\"0\" allow=\"accelerometer; autoplay; clipboard-write; encrypted-media; gyroscope; picture-in-picture; web-share\" referrerpolicy=\"strict-origin-when-cross-origin\" allowfullscreen><\/iframe><\/p>\n<p>BOGONG factory show:<\/p>\n<p><iframe title=\"CHINA OEM ODM LASER MACHINE MANUFACTURER-BOGONG LASER \" width=\"1290\" height=\"726\" src=\"https:\/\/www.youtube.com\/embed\/kMzt58ROsW8?feature=oembed\" frameborder=\"0\" allow=\"accelerometer; autoplay; clipboard-write; encrypted-media; gyroscope; picture-in-picture; web-share\" referrerpolicy=\"strict-origin-when-cross-origin\" allowfullscreen><\/iframe><\/p>\n<p>Spole\u010dnost BOGONG je zn\u00e1m\u00e1 kvalitou laserov\u00fdch za\u0159\u00edzen\u00ed a poprodejn\u00edm servisem.Na\u0161e stroje jsou v\u0161estrann\u00e9 a u\u017eivatelsky p\u0159\u00edv\u011btiv\u00e9, navr\u017een\u00e9 s ohledem na v\u0161echny \u00farovn\u011b dovednost\u00ed. Na\u0161\u00ed prioritou je p\u0159edev\u0161\u00edm spokojenost z\u00e1kazn\u00edk\u016f. A\u0165 u\u017e jste zku\u0161en\u00fd odborn\u00edk, nebo za\u010d\u00e1te\u010dn\u00edk, <a href=\"https:\/\/bogonglaser.com\/cs\/\">BOGONG LASER<\/a> je zde, aby v\u00e1s podpo\u0159il na ka\u017ed\u00e9m kroku. D\u016fv\u011b\u0159ujte n\u00e1m a na\u0161im slu\u017eb\u00e1m, kde se spojuje dokonalost a inovace pro v\u00e1\u0161 \u00fasp\u011bch.<\/p>\n<p>BOGONG have CE FDA SGS Rohs certifcates<\/p>\n<figure id=\"attachment_9096\" aria-describedby=\"caption-attachment-9096\" style=\"width: 1197px\" class=\"wp-caption alignnone\"><img decoding=\"async\" class=\"wp-image-9096\" src=\"https:\/\/bogonglaser.com\/wp-content\/uploads\/2025\/02\/QQ\u56fe\u724720260305110954.png\" alt=\"BOGONG have CE FDA SGS Rohs certifcates\" width=\"1197\" height=\"374\" title=\"\" srcset=\"https:\/\/bogonglaser.com\/wp-content\/uploads\/2025\/02\/QQ\u56fe\u724720260305110954.png 1921w, https:\/\/bogonglaser.com\/wp-content\/uploads\/2025\/02\/QQ\u56fe\u724720260305110954-300x94.png 300w, https:\/\/bogonglaser.com\/wp-content\/uploads\/2025\/02\/QQ\u56fe\u724720260305110954-1024x320.png 1024w, https:\/\/bogonglaser.com\/wp-content\/uploads\/2025\/02\/QQ\u56fe\u724720260305110954-768x240.png 768w, https:\/\/bogonglaser.com\/wp-content\/uploads\/2025\/02\/QQ\u56fe\u724720260305110954-1536x480.png 1536w, https:\/\/bogonglaser.com\/wp-content\/uploads\/2025\/02\/QQ\u56fe\u724720260305110954-18x6.png 18w, https:\/\/bogonglaser.com\/wp-content\/uploads\/2025\/02\/QQ\u56fe\u724720260305110954-600x187.png 600w\" sizes=\"(max-width: 1197px) 100vw, 1197px\" \/><figcaption id=\"caption-attachment-9096\" class=\"wp-caption-text\">BOGONG have CE FDA SGS Rohs certifcates<\/figcaption><\/figure>\n<figure id=\"attachment_9098\" aria-describedby=\"caption-attachment-9098\" style=\"width: 1196px\" class=\"wp-caption alignnone\"><img decoding=\"async\" class=\"wp-image-9098\" src=\"https:\/\/bogonglaser.com\/wp-content\/uploads\/2025\/02\/customer-visiting-bogong-laser.jpg\" alt=\"customer visiting bogong laser\" width=\"1196\" height=\"489\" title=\"\" srcset=\"https:\/\/bogonglaser.com\/wp-content\/uploads\/2025\/02\/customer-visiting-bogong-laser.jpg 1257w, https:\/\/bogonglaser.com\/wp-content\/uploads\/2025\/02\/customer-visiting-bogong-laser-300x123.jpg 300w, https:\/\/bogonglaser.com\/wp-content\/uploads\/2025\/02\/customer-visiting-bogong-laser-1024x419.jpg 1024w, https:\/\/bogonglaser.com\/wp-content\/uploads\/2025\/02\/customer-visiting-bogong-laser-768x314.jpg 768w, https:\/\/bogonglaser.com\/wp-content\/uploads\/2025\/02\/customer-visiting-bogong-laser-18x7.jpg 18w, https:\/\/bogonglaser.com\/wp-content\/uploads\/2025\/02\/customer-visiting-bogong-laser-600x245.jpg 600w\" sizes=\"(max-width: 1196px) 100vw, 1196px\" \/><figcaption id=\"caption-attachment-9098\" class=\"wp-caption-text\">customer visiting bogong laser<\/figcaption><\/figure>","protected":false},"excerpt":{"rendered":"<p>BOGONG is a professional manufacturer of small laser cutting machine with high precision, trong cutting ability and wide recongnition from global customers, Reliable quality, factory direct supply, welcome to inquiry.<\/p>\n<p>Cutting Metal Sheet: stainless steel, Gold, Silver, aluminum alloy, copper, titanium alloy, carbon steel, and various alloy steels.<\/p>\n<ul class=\"tips\">\n<li>50 Sets \/ Month Waiting for Sale In Stock<\/li>\n<li>2 Years Limited Warranty for Entire Machine<\/li>\n<li>Online (PayPal) &amp; Offline (T\/T, Debit &amp; Credit Cards)<\/li>\n<li>Lifetime Free Technical Support for End-Users &amp; Dealers<\/li>\n<\/ul>\n<hr \/>\n<h4><strong>Get a Quote<\/strong><\/h4>\n<p>[contact-form-7 id=&#8221;029fbc1&#8243; title=&#8221;Products Form&#8221;]<\/p>\n","protected":false},"featured_media":9093,"template":"","meta":{"_gspb_post_css":""},"product_brand":[],"product_cat":[117,92,118],"product_tag":[178,105,177,106,176],"class_list":{"0":"post-2402","1":"product","2":"type-product","3":"status-publish","4":"has-post-thumbnail","6":"product_cat-fiber-laser-cutting-machine","7":"product_cat-laser-cutting-machine","8":"product_cat-laser-metal-cutting-machine","9":"product_tag-compact-metal-laser-cutting-equipment","10":"product_tag-fiber-laser-cutting-machine","11":"product_tag-high-precision-mini-metal-laser-cutter","12":"product_tag-laser-cutting-machine","13":"product_tag-small-fiber-laser-cutting-machine-for-metal","15":"first","16":"instock","17":"shipping-taxable","18":"product-type-simple"},"_links":{"self":[{"href":"https:\/\/bogonglaser.com\/cs\/wp-json\/wp\/v2\/product\/2402","targetHints":{"allow":["GET"]}}],"collection":[{"href":"https:\/\/bogonglaser.com\/cs\/wp-json\/wp\/v2\/product"}],"about":[{"href":"https:\/\/bogonglaser.com\/cs\/wp-json\/wp\/v2\/types\/product"}],"wp:featuredmedia":[{"embeddable":true,"href":"https:\/\/bogonglaser.com\/cs\/wp-json\/wp\/v2\/media\/9093"}],"wp:attachment":[{"href":"https:\/\/bogonglaser.com\/cs\/wp-json\/wp\/v2\/media?parent=2402"}],"wp:term":[{"taxonomy":"product_brand","embeddable":true,"href":"https:\/\/bogonglaser.com\/cs\/wp-json\/wp\/v2\/product_brand?post=2402"},{"taxonomy":"product_cat","embeddable":true,"href":"https:\/\/bogonglaser.com\/cs\/wp-json\/wp\/v2\/product_cat?post=2402"},{"taxonomy":"product_tag","embeddable":true,"href":"https:\/\/bogonglaser.com\/cs\/wp-json\/wp\/v2\/product_tag?post=2402"}],"curies":[{"name":"wp","href":"https:\/\/api.w.org\/{rel}","templated":true}]}}