{"id":2129,"date":"2024-12-06T11:26:13","date_gmt":"2024-12-06T03:26:13","guid":{"rendered":"https:\/\/bogonglaser.com\/?post_type=product&#038;p=2129"},"modified":"2025-12-10T17:12:04","modified_gmt":"2025-12-10T09:12:04","slug":"3d-uv-laser-marking-machine-2","status":"publish","type":"product","link":"https:\/\/bogonglaser.com\/cs\/3d-uv-laser-marking-machine-2\/","title":{"rendered":"3D UV laserov\u00fd zna\u010dkovac\u00ed stroj"},"content":{"rendered":"<h2>Co je to 3D laserov\u00e9 zna\u010den\u00ed?<\/h2>\n<p>3D laserov\u00fd zna\u010dkovac\u00ed stroj s UV laserov\u00fdm zdrojem, 3D laserovou hlavou \u0159ady U, v\u00fdkonn\u00fdm softwarem lenmark3ds\/Ezcad3 pro zpracov\u00e1n\u00ed obrazu, dynamickou \u010do\u010dkou uvnit\u0159 laserov\u00e9 hlavy, kter\u00e1 m\u016f\u017ee grav\u00edrovat na nepravideln\u00fd tvar. Hlavn\u00ed funkce jsou uvedeny n\u00ed\u017ee:<\/p>\n<ul>\n<li>Zdroj UV laseru<\/li>\n<li>3D grav\u00edrovac\u00ed software pro zpracov\u00e1n\u00ed obrazu<\/li>\n<li>Osa R pro zna\u010den\u00ed prsten\u016f a n\u00e1ramk\u016f<\/li>\n<li>3D UV dynamick\u00e1 laserov\u00e1 hlava<\/li>\n<li>Nastaviteln\u00e1 v\u00fd\u0161ka zaost\u0159en\u00ed 15 a\u017e 80 mm<\/li>\n<li>\u0160irok\u00fd v\u00fdb\u011br voliteln\u00fdch dopl\u0148k\u016f<\/li>\n<li>Z\u00e1ruka 2 roky<\/li>\n<\/ul>\n<figure id=\"attachment_7443\" aria-describedby=\"caption-attachment-7443\" style=\"width: 300px\" class=\"wp-caption alignnone\"><img decoding=\"async\" class=\"size-medium wp-image-7443\" src=\"https:\/\/bogonglaser.com\/wp-content\/uploads\/2024\/12\/3D-UV-Laser-Marking-Machine-1-300x200.jpg\" alt=\"3D UV laserov\u00fd zna\u010dkovac\u00ed stroj\" width=\"300\" height=\"200\" title=\"\" srcset=\"https:\/\/bogonglaser.com\/wp-content\/uploads\/2024\/12\/3D-UV-Laser-Marking-Machine-1-300x200.jpg 300w, https:\/\/bogonglaser.com\/wp-content\/uploads\/2024\/12\/3D-UV-Laser-Marking-Machine-1-18x12.jpg 18w, https:\/\/bogonglaser.com\/wp-content\/uploads\/2024\/12\/3D-UV-Laser-Marking-Machine-1.jpg 600w\" sizes=\"(max-width: 300px) 100vw, 300px\" \/><figcaption id=\"caption-attachment-7443\" class=\"wp-caption-text\">3D UV laserov\u00fd zna\u010dkovac\u00ed stroj<\/figcaption><\/figure>\n<p><iframe title=\"Nejlep\u0161\u00ed \u010c\u00edna 3D sklen\u011bn\u00fd laserov\u00fd zna\u010dkovac\u00ed stroj | Sklen\u011bn\u00fd laserov\u00fd grav\u00edrovac\u00ed stroj na sklo\" width=\"1290\" height=\"726\" src=\"https:\/\/www.youtube.com\/embed\/Na_1pKoJTMQ?feature=oembed\" frameborder=\"0\" allow=\"accelerometer; autoplay; clipboard-write; encrypted-media; gyroscope; picture-in-picture; web-share\" referrerpolicy=\"strict-origin-when-cross-origin\" allowfullscreen><\/iframe><\/p>\n<h2>Vlastnosti 3D UV laserov\u00e9ho zna\u010dkovac\u00edho stroje:<\/h2>\n<p>1. V\u0161estrann\u00e9 aplikace<br \/>\n3D laserov\u00fd zna\u010dic\u00ed stroj je ur\u010den pro trojrozm\u011brn\u00e9 zna\u010den\u00ed zak\u0159iven\u00fdch povrch\u016f, dok\u00e1\u017ee se zam\u011b\u0159it na jemn\u00e1 m\u00edsta a poskytuje rovnom\u011brn\u00e9 zna\u010den\u00ed v toleran\u010dn\u00edm rozsahu v\u00fd\u0161ky 0 a\u017e 80 mm. Nen\u00ed t\u0159eba nastavovat zaost\u0159en\u00ed, co\u017e umo\u017e\u0148uje bezprobl\u00e9mov\u00e9 zna\u010den\u00ed nepravideln\u00fdch v\u00fdrobk\u016f, jako jsou zak\u0159iven\u00e9, naklon\u011bn\u00e9 a stup\u0148ovit\u00e9 povrchy, koule, v\u00e1lce a ku\u017eely, v r\u00e1mci jedn\u00e9 operace.<\/p>\n<p>2. Vynikaj\u00edc\u00ed kvalita hlubok\u00e9 \u0159ezby<br \/>\nStroj je vybaven p\u0159esn\u00fdm 3D zna\u010dkovac\u00edm syst\u00e9mem a ultrafialov\u00fdm laserov\u00fdm zdrojem a vynik\u00e1 v r\u016fzn\u00fdch typech grav\u00edrov\u00e1n\u00ed, v\u010detn\u011b reli\u00e9fn\u00edho, hlubok\u00e9ho a konk\u00e1vn\u00edho\/konvexn\u00edho grav\u00edrov\u00e1n\u00ed. Poskytuje vysokou p\u0159esnost a vizu\u00e1ln\u011b atraktivn\u00ed v\u00fdsledky.<\/p>\n<p><iframe title=\"Laserov\u00e9 grav\u00edrov\u00e1n\u00ed a zna\u010den\u00ed skla | 3D UV Laser Marker\" width=\"1290\" height=\"726\" src=\"https:\/\/www.youtube.com\/embed\/F-M4iF703pw?feature=oembed\" frameborder=\"0\" allow=\"accelerometer; autoplay; clipboard-write; encrypted-media; gyroscope; picture-in-picture; web-share\" referrerpolicy=\"strict-origin-when-cross-origin\" allowfullscreen><\/iframe><\/p>\n<p><iframe title=\"3D UV laserov\u00fd grav\u00edr pro grav\u00edrov\u00e1n\u00ed skla | \u010c\u00edna 3D UV laserov\u00e9 zna\u010den\u00ed stroj na prodej\" width=\"1290\" height=\"726\" src=\"https:\/\/www.youtube.com\/embed\/GPWp4Pm7TFI?feature=oembed\" frameborder=\"0\" allow=\"accelerometer; autoplay; clipboard-write; encrypted-media; gyroscope; picture-in-picture; web-share\" referrerpolicy=\"strict-origin-when-cross-origin\" allowfullscreen><\/iframe><\/p>\n<h3>Aplikace 3D UV laserov\u00e9ho zna\u010dkovac\u00edho stroje<\/h3>\n<ul>\n<li>Zna\u010den\u00ed na r\u016fzn\u00e9 tvary skla, plastu, d\u0159eva atd.<\/li>\n<li>Vrstven\u00e1 exkavace a 3D basreli\u00e9fn\u00ed rytina na skle.<\/li>\n<li>Ryt\u00ed na nerovn\u00e9m povrchu s nerovnost\u00ed a\u017e 80 mm.<\/li>\n<li>Ryt\u00ed fotografi\u00ed, n\u00e1zv\u016f, vzor\u016f a log, v\u010detn\u011b ochrann\u00fdch zn\u00e1mek.<\/li>\n<\/ul>\n<figure id=\"attachment_7442\" aria-describedby=\"caption-attachment-7442\" style=\"width: 300px\" class=\"wp-caption alignnone\"><img decoding=\"async\" class=\"size-medium wp-image-7442\" src=\"https:\/\/bogonglaser.com\/wp-content\/uploads\/2024\/12\/3D-uv-laser-for-glass-1-300x169.jpg\" alt=\"3D uv laser pro sklo\" width=\"300\" height=\"169\" title=\"\" srcset=\"https:\/\/bogonglaser.com\/wp-content\/uploads\/2024\/12\/3D-uv-laser-for-glass-1-300x169.jpg 300w, https:\/\/bogonglaser.com\/wp-content\/uploads\/2024\/12\/3D-uv-laser-for-glass-1-600x338.jpg 600w, https:\/\/bogonglaser.com\/wp-content\/uploads\/2024\/12\/3D-uv-laser-for-glass-1-1024x576.jpg 1024w, https:\/\/bogonglaser.com\/wp-content\/uploads\/2024\/12\/3D-uv-laser-for-glass-1-768x432.jpg 768w, https:\/\/bogonglaser.com\/wp-content\/uploads\/2024\/12\/3D-uv-laser-for-glass-1-18x10.jpg 18w, https:\/\/bogonglaser.com\/wp-content\/uploads\/2024\/12\/3D-uv-laser-for-glass-1.jpg 1280w\" sizes=\"(max-width: 300px) 100vw, 300px\" \/><figcaption id=\"caption-attachment-7442\" class=\"wp-caption-text\">3D uv laser pro sklo<\/figcaption><\/figure>\n<h3>Jak vybrat spr\u00e1vn\u00fd <a href=\"https:\/\/bogonglaser.com\/cs\/laser-marking-machine\/uv-laser-marking-machine-copy\/\">3d UV laserov\u00e9 zna\u010den\u00ed<\/a><\/h3>\n<p>V\u00fdb\u011br spr\u00e1vn\u00e9ho 3D UV laserov\u00e9ho grav\u00edrovac\u00edho stroje bude pro va\u0161e podnik\u00e1n\u00ed d\u016fle\u017eit\u00fd, jak se ujistit, \u017ee stroj spl\u0148uje va\u0161e specifick\u00e9 pot\u0159eby. Zde je pr\u016fvodce, kter\u00fd v\u00e1m pom\u016f\u017ee u\u010dinit informovan\u00e9 rozhodnut\u00ed:<\/p>\n<ol>\n<li><strong>Kompatibilita materi\u00e1l\u016f<\/strong>: Ur\u010dete typy materi\u00e1l\u016f, kter\u00e9 pl\u00e1nujete grav\u00edrovat (nap\u0159. d\u0159evo, akryl, sklo). Ujist\u011bte se, \u017ee v\u00e1mi vybran\u00fd stroj dok\u00e1\u017ee s t\u011bmito materi\u00e1ly efektivn\u011b pracovat.<\/li>\n<li><strong>V\u00fdkon laseru:<\/strong>\n<ul>\n<li>5W<\/li>\n<li>10W<\/li>\n<li>15W<\/li>\n<\/ul>\n<\/li>\n<li><strong>Snadn\u00e9 pou\u017e\u00edv\u00e1n\u00ed<\/strong>: Hledejte stroje s u\u017eivatelsky p\u0159\u00edv\u011btiv\u00fdm softwarem, kter\u00fd umo\u017e\u0148uje snadn\u00e9 navrhov\u00e1n\u00ed a ovl\u00e1d\u00e1n\u00ed. Pro 3D reli\u00e9fn\u00ed grav\u00edrov\u00e1n\u00ed doporu\u010dujeme Lenmark 3DS a Ezcad3.<\/li>\n<li><strong>Z\u00e1kaznick\u00e1 podpora a z\u00e1ruka<\/strong>: Prozkoumejte mo\u017enosti podpory a z\u00e1ruky poskytovan\u00e9 v\u00fdrobcem. Spolehliv\u00fd z\u00e1kaznick\u00fd servis m\u016f\u017ee m\u00edt z\u00e1sadn\u00ed v\u00fdznam pro \u0159e\u0161en\u00ed probl\u00e9m\u016f a \u00fadr\u017ebu.<\/li>\n<\/ol>\n<h2>Co pro v\u00e1s m\u016f\u017eeme ud\u011blat, kdy\u017e si vyberete 3D laserov\u00fd zna\u010dkovac\u00ed stroj?<\/h2>\n<ul>\n<li><span class=\"magic-19\"><b class=\"magic-19\"><span class=\"magic-18\">Bezplatn\u00e9 testovac\u00ed vzorky -<\/span><\/b><span class=\"magic-20\" data-spm-anchor-id=\"a2700.details.0.i41.41d82402R4aegi\">M\u016f\u017eeme prov\u00e9st bezplatn\u00e9 testy \u00fa\u010dinku zna\u010den\u00ed podle materi\u00e1lu va\u0161eho v\u00fdrobku.<\/span><\/span><\/li>\n<li><span class=\"magic-19\"><b class=\"magic-19\"><span class=\"magic-18\">Video v p\u0159\u00edm\u00e9m p\u0159enosu -<\/span><\/b><span class=\"magic-20\">M\u016f\u017eete se spojit s na\u0161imi prodejn\u00edmi poradci a sledovat v\u00fdrobn\u00ed proces a obsluhu stroje v online videu.<\/span><\/span><\/li>\n<li><span class=\"magic-19\"><b class=\"magic-19\"><span class=\"magic-18\">Na m\u00edru \/OEM-<\/span><\/b><span class=\"magic-20\" data-spm-anchor-id=\"a2700.details.0.i40.41d82402R4aegi\">Stroje na m\u00edru na vy\u017e\u00e1d\u00e1n\u00ed\uff0cKontakt<\/span><\/span><\/li>\n<li>\n<figure id=\"attachment_7441\" aria-describedby=\"caption-attachment-7441\" style=\"width: 300px\" class=\"wp-caption alignnone\"><img decoding=\"async\" class=\"size-medium wp-image-7441\" src=\"https:\/\/bogonglaser.com\/wp-content\/uploads\/2024\/12\/bottle-rotary-device-1-300x117.jpg\" alt=\"oto\u010dn\u00e9 za\u0159\u00edzen\u00ed na l\u00e1hve\" width=\"300\" height=\"117\" title=\"\" srcset=\"https:\/\/bogonglaser.com\/wp-content\/uploads\/2024\/12\/bottle-rotary-device-1-300x117.jpg 300w, https:\/\/bogonglaser.com\/wp-content\/uploads\/2024\/12\/bottle-rotary-device-1-600x235.jpg 600w, https:\/\/bogonglaser.com\/wp-content\/uploads\/2024\/12\/bottle-rotary-device-1-18x7.jpg 18w, https:\/\/bogonglaser.com\/wp-content\/uploads\/2024\/12\/bottle-rotary-device-1.jpg 608w\" sizes=\"(max-width: 300px) 100vw, 300px\" \/><figcaption id=\"caption-attachment-7441\" class=\"wp-caption-text\">oto\u010dn\u00e9 za\u0159\u00edzen\u00ed na l\u00e1hve<\/figcaption><\/figure>\n<p><iframe title=\"ON JAKO BOGONG 3D LASEROV\u00dd GRAV\u00cdROVAC\u00cd STROJ | NEJLEP\u0160\u00cd \u010c\u00cdNSK\u00dd 3D LASEROV\u00dd GRAV\u00cdROVAC\u00cd STROJ NA PRODEJ\" width=\"1290\" height=\"726\" src=\"https:\/\/www.youtube.com\/embed\/aoAF09vq8LE?feature=oembed\" frameborder=\"0\" allow=\"accelerometer; autoplay; clipboard-write; encrypted-media; gyroscope; picture-in-picture; web-share\" referrerpolicy=\"strict-origin-when-cross-origin\" allowfullscreen><\/iframe><\/p>\n<p><iframe title=\"Co \u0159\u00edk\u00e1te na 3D laserov\u00fd grav\u00edr BOGONG? | Indick\u00fd z\u00e1kazn\u00edk nav\u0161t\u00edvil BOGONG a zakoupil 3D laserov\u00fd grav\u00edrovac\u00ed stroj\" width=\"1290\" height=\"726\" src=\"https:\/\/www.youtube.com\/embed\/bq8eli66vTM?feature=oembed\" frameborder=\"0\" allow=\"accelerometer; autoplay; clipboard-write; encrypted-media; gyroscope; picture-in-picture; web-share\" referrerpolicy=\"strict-origin-when-cross-origin\" allowfullscreen><\/iframe><\/li>\n<\/ul>\n<p>Platebn\u00ed podm\u00ednky<\/p>\n<p>1. Vklad a z\u016fstatek: Z\u016fstatek je splatn\u00fd p\u0159ed odesl\u00e1n\u00edm z\u00e1silky: 30% T\/T z\u00e1loha je vy\u017eadov\u00e1na p\u0159edem.<\/p>\n<p>2. Alibaba Trade Assurance: Platby lze zpracov\u00e1vat prost\u0159ednictv\u00edm Alibaba Trade Assurance.<\/p>\n<p>\u010casto kladen\u00e9 dotazy k 3D laserov\u00e9mu zna\u010dkovac\u00edmu stroji UV<\/p>\n<p>Jak\u00fd je obal pro 3d laserov\u00fd zna\u010dkovac\u00ed stroj?<br \/>\nNa\u0161e stroje jsou baleny ve t\u0159\u00edvrstv\u00e9m uspo\u0159\u00e1d\u00e1n\u00ed. Vn\u011bj\u0161\u00ed vrstvu tvo\u0159\u00ed d\u0159ev\u011bn\u00e1 bedna, prost\u0159edn\u00ed vrstva je vybavena p\u011bnovou v\u00fdpln\u00ed, kter\u00e1 chr\u00e1n\u00ed p\u0159ed ot\u0159esy, a vnit\u0159n\u00ed vrstva obsahuje siln\u00fd plastov\u00fd s\u00e1\u010dek pro ochranu p\u0159ed vodou.<\/p>\n<p>Dojde b\u011bhem p\u0159epravy k po\u0161kozen\u00ed z\u00e1silky?<br \/>\nNa\u0161e obaly pe\u010dliv\u011b navrhujeme tak, aby \u0159e\u0161ily v\u0161echny mo\u017en\u00e9 faktory po\u0161kozen\u00ed, a na\u0161i p\u0159epravci maj\u00ed zku\u0161enosti s bezpe\u010dnou p\u0159epravou. \u00dasp\u011b\u0161n\u011b jsme exportovali do 180 zem\u00ed, tak\u017ee si m\u016f\u017eete b\u00fdt jisti, \u017ee va\u0161e z\u00e1silka doraz\u00ed ve v\u00fdborn\u00e9m stavu.<\/p>\n<figure id=\"attachment_7436\" aria-describedby=\"caption-attachment-7436\" style=\"width: 300px\" class=\"wp-caption alignnone\"><img decoding=\"async\" class=\"size-medium wp-image-7436\" src=\"https:\/\/bogonglaser.com\/wp-content\/uploads\/2024\/10\/3df20-marking-machine-factory-pictures-300x225.png\" alt=\"3df20 marking machine factory pictures\" width=\"300\" height=\"225\" title=\"\" srcset=\"https:\/\/bogonglaser.com\/wp-content\/uploads\/2024\/10\/3df20-marking-machine-factory-pictures-300x225.png 300w, https:\/\/bogonglaser.com\/wp-content\/uploads\/2024\/10\/3df20-marking-machine-factory-pictures-600x450.png 600w, https:\/\/bogonglaser.com\/wp-content\/uploads\/2024\/10\/3df20-marking-machine-factory-pictures-768x576.png 768w, https:\/\/bogonglaser.com\/wp-content\/uploads\/2024\/10\/3df20-marking-machine-factory-pictures-16x12.png 16w, https:\/\/bogonglaser.com\/wp-content\/uploads\/2024\/10\/3df20-marking-machine-factory-pictures.png 800w\" sizes=\"(max-width: 300px) 100vw, 300px\" \/><figcaption id=\"caption-attachment-7436\" class=\"wp-caption-text\">3df20 marking machine factory pictures<\/figcaption><\/figure>\n<figure id=\"attachment_7428\" aria-describedby=\"caption-attachment-7428\" style=\"width: 205px\" class=\"wp-caption alignnone\"><img decoding=\"async\" class=\"size-full wp-image-7428\" src=\"https:\/\/bogonglaser.com\/wp-content\/uploads\/2024\/10\/3d-laser-marker-2-1.jpg\" alt=\"3D laserov\u00fd zna\u010dkova\u010d\" width=\"205\" height=\"300\" title=\"\" srcset=\"https:\/\/bogonglaser.com\/wp-content\/uploads\/2024\/10\/3d-laser-marker-2-1.jpg 205w, https:\/\/bogonglaser.com\/wp-content\/uploads\/2024\/10\/3d-laser-marker-2-1-8x12.jpg 8w\" sizes=\"(max-width: 205px) 100vw, 205px\" \/><figcaption id=\"caption-attachment-7428\" class=\"wp-caption-text\">3D laserov\u00fd zna\u010dkova\u010d<\/figcaption><\/figure>\n<p>V\u011bt\u0161ina z\u00e1kazn\u00edk\u016f si r\u00e1da vyb\u00edr\u00e1 p\u0159epravu expresn\u00ed slu\u017ebou UPS\/DHL, kter\u00e1 m\u016f\u017ee dorazit na m\u00edsto ur\u010den\u00ed p\u0159ibli\u017en\u011b za 5-7 dn\u00ed. <a href=\"https:\/\/bogonglaser.com\/cs\/\">BOGONG<\/a> z\u00edskat dal\u0161\u00ed podrobnosti o laserov\u00e9m zna\u010dkovac\u00edm stroji uv.<\/p>","protected":false},"excerpt":{"rendered":"<h2>3D UV laserov\u00fd zna\u010dkovac\u00ed stroj<\/h2>\n<p>3D UV laserov\u00fd zna\u010dkovac\u00ed stroj vyu\u017e\u00edv\u00e1 3D laserovou technologii k vytv\u00e1\u0159en\u00ed slo\u017eit\u00fdch vzor\u016f nebo textu na trojrozm\u011brn\u00fdch povr\u0161\u00edch, umo\u017e\u0148uje zna\u010den\u00ed na sklo a plast, 3D UV skenovac\u00ed hlava dok\u00e1\u017ee nastavit laserov\u00fd paprsek ve v\u0161ech t\u0159ech rozm\u011brech: P\u0159ed nasm\u011brov\u00e1n\u00edm paprsku p\u0159es \u010do\u010dku pro p\u0159esn\u00e9 zac\u00edlen\u00ed na materi\u00e1l vyu\u017e\u00edv\u00e1 kombinaci roz\u0161i\u0159ova\u010d\u016f paprsku a posunovac\u00ed optiky.<\/p>\n<ul class=\"tips\">\n<li>350 sad \/ m\u011bs\u00edc \u010dek\u00e1 na prodej Skladem<\/li>\n<li>2 roky omezen\u00e9 z\u00e1ruky na cel\u00fd stroj<\/li>\n<li>3-5 dn\u00ed p\u0159\u00edprava laserov\u00e9ho stroje, 3-7 dn\u00ed doprava.<\/li>\n<li>Online (PayPal) a offline (T\/T, debetn\u00ed a kreditn\u00ed karty)<\/li>\n<\/ul>","protected":false},"featured_media":2130,"template":"","meta":{"_gspb_post_css":""},"product_brand":[],"product_cat":[93,96,99],"product_tag":[125,102,124],"class_list":{"0":"post-2129","1":"product","2":"type-product","3":"status-publish","4":"has-post-thumbnail","6":"product_cat-laser-engraving-machine","7":"product_cat-laser-marking-machine","8":"product_cat-uv-laser-marking-machine","9":"product_tag-3d-laser-marking-machine","10":"product_tag-laser-marking-machine","11":"product_tag-uv-laser-marking-machine","13":"first","14":"instock","15":"shipping-taxable","16":"product-type-simple"},"_links":{"self":[{"href":"https:\/\/bogonglaser.com\/cs\/wp-json\/wp\/v2\/product\/2129","targetHints":{"allow":["GET"]}}],"collection":[{"href":"https:\/\/bogonglaser.com\/cs\/wp-json\/wp\/v2\/product"}],"about":[{"href":"https:\/\/bogonglaser.com\/cs\/wp-json\/wp\/v2\/types\/product"}],"wp:featuredmedia":[{"embeddable":true,"href":"https:\/\/bogonglaser.com\/cs\/wp-json\/wp\/v2\/media\/2130"}],"wp:attachment":[{"href":"https:\/\/bogonglaser.com\/cs\/wp-json\/wp\/v2\/media?parent=2129"}],"wp:term":[{"taxonomy":"product_brand","embeddable":true,"href":"https:\/\/bogonglaser.com\/cs\/wp-json\/wp\/v2\/product_brand?post=2129"},{"taxonomy":"product_cat","embeddable":true,"href":"https:\/\/bogonglaser.com\/cs\/wp-json\/wp\/v2\/product_cat?post=2129"},{"taxonomy":"product_tag","embeddable":true,"href":"https:\/\/bogonglaser.com\/cs\/wp-json\/wp\/v2\/product_tag?post=2129"}],"curies":[{"name":"wp","href":"https:\/\/api.w.org\/{rel}","templated":true}]}}