{"id":2127,"date":"2024-12-06T11:23:53","date_gmt":"2024-12-06T03:23:53","guid":{"rendered":"https:\/\/bogonglaser.com\/?post_type=product&#038;p=2127"},"modified":"2025-12-10T17:31:01","modified_gmt":"2025-12-10T09:31:01","slug":"mini-cabinet-laser-marking-machine","status":"publish","type":"product","link":"https:\/\/bogonglaser.com\/cs\/mini-cabinet-laser-marking-machine\/","title":{"rendered":"Mini sk\u0159\u00ed\u0148ov\u00fd laserov\u00fd zna\u010dkovac\u00ed stroj"},"content":{"rendered":"<p>Kryc\u00ed laserov\u00fd zna\u010dkovac\u00ed stroj m\u00e1 pln\u011b uzav\u0159enou sk\u0159\u00ed\u0148 pro bezpe\u010dnost pracovn\u00edk\u016f a vyzna\u010duje se kompaktn\u00edm, atraktivn\u00edm designem. Toto \u0161pi\u010dkov\u00e9 za\u0159\u00edzen\u00ed kombinuje laser, po\u010d\u00edta\u010d, automatickou \u0159\u00eddic\u00ed jednotku a p\u0159esn\u00e9 strojn\u00ed za\u0159\u00edzen\u00ed, tak\u017ee je ide\u00e1ln\u00ed pro zna\u010den\u00ed kovov\u00fdch materi\u00e1l\u016f.<\/p>\n<p>Ru\u010dn\u00ed otev\u00edr\u00e1n\u00ed a zav\u00edr\u00e1n\u00ed dve\u0159\u00ed.<\/p>\n<p>Elektrick\u00fd zvedac\u00ed sloup<\/p>\n<p><iframe title=\"Mini laserov\u00fd grav\u00edrovac\u00ed stroj s ochrann\u00fdm krytem | Provoz\" width=\"1290\" height=\"726\" src=\"https:\/\/www.youtube.com\/embed\/buVofWd5OIw?feature=oembed\" frameborder=\"0\" allow=\"accelerometer; autoplay; clipboard-write; encrypted-media; gyroscope; picture-in-picture; web-share\" referrerpolicy=\"strict-origin-when-cross-origin\" allowfullscreen><\/iframe><\/p>\n<p>1. Dlouh\u00e1 \u017eivotnost, v\u00edce ne\u017e 100 000 hodin.<\/p>\n<p>2. Kompaktn\u00ed laserov\u00fd zdroj se vzduchov\u00fdm chlazen\u00edm<\/p>\n<p>3. pln\u00fd kryt sk\u0159\u00edn\u011b, kter\u00fd pro bezpe\u010dnou pr\u00e1ci<\/p>\n<p>4. Kvalitn\u00ed galvanometrick\u00fd sn\u00edmac\u00ed syst\u00e9m.<\/p>\n<p>5. Vysok\u00e1 p\u0159esnost a opakovatelnost pro poka\u017ed\u00e9 spr\u00e1vn\u00e9 ozna\u010den\u00ed pomoc\u00ed galvanometrick\u00fdch sn\u00edma\u010d\u016f a elektronick\u00e9ho ovl\u00e1d\u00e1n\u00ed.<\/p>\n<p>6. Stabiln\u011bj\u0161\u00ed v\u00fdkon<\/p>\n<p>7. Profesion\u00e1ln\u00ed \u0159\u00eddic\u00ed deska a zna\u010dkovac\u00ed software. \u0158\u00eddic\u00ed software m\u00e1 rozhran\u00ed Windows a obsahuje soubory vyveden\u00e9 softwarem, jako je Coreldraw. AutoCAD.Photoshop atd. M\u016f\u017ee podporovat r\u016fzn\u00e9 form\u00e1ty soubor\u016f, jako jsou PLT,DXF,PCX.BMP atd.<\/p>\n<p>8. V\u00fdstupn\u00ed v\u00fdkon je stabiln\u00ed. optick\u00fd re\u017eim je dobr\u00fd. kvalita bcam je vynikaj\u00edc\u00ed<\/p>\n<p>9. Rychlost zna\u010den\u00ed je rychl\u00e1, efektivn\u00ed a vysoce p\u0159esn\u00e1.<\/p>\n<p>10. Vzhled je profesion\u00e1ln\u00ed, ovl\u00e1d\u00e1n\u00ed je snadn\u00e9<\/p>\n<h2>Aplikace Mal\u00fd laserov\u00fd zna\u010dkovac\u00ed stroj s pln\u00fdm krytem:<\/h2>\n<p>Lze j\u00edm grav\u00edrovat kovov\u00e9 i n\u011bkter\u00e9 nekovov\u00e9 materi\u00e1ly, co\u017e je u\u017eite\u010dn\u00e9 zejm\u00e9na v oblastech, kde je d\u016fle\u017eit\u00e1 p\u0159esnost a hladk\u00fd povrch.<\/p>\n<p>Na str\u00e1nk\u00e1ch <a href=\"https:\/\/bogonglaser.com\/cs\/laser-marking-machine\/fiber-laser-marking-machine\/\">Vl\u00e1knov\u00fd laserov\u00fd zna\u010dkovac\u00ed stroj<\/a> dob\u0159e pracuje s r\u016fzn\u00fdmi kovy, v\u010detn\u011b oceli, titanu, m\u011bdi, zlata, st\u0159\u00edbra a dokonce i vz\u00e1cn\u00fdch kov\u016f, stejn\u011b jako s pr\u016fmyslov\u00fdmi plasty, pokoven\u00fdmi kovy, keramikou a dal\u0161\u00edmi materi\u00e1ly.<\/p>\n<p>B\u011b\u017en\u011b se pou\u017e\u00edv\u00e1 k ozna\u010dov\u00e1n\u00ed p\u0159edm\u011bt\u016f, jako jsou tla\u010d\u00edtka mobiln\u00edch telefon\u016f, elektronick\u00e9 sou\u010d\u00e1stky, komunika\u010dn\u00ed produkty, br\u00fdle, hodinky, \u0161perky, ozdobn\u00e9 knofl\u00edky na krabi\u010dky a ta\u0161ky a v\u00fdrobky z nerezov\u00e9 oceli.<\/p>\n<p><iframe title=\"Mini sk\u0159\u00ed\u0148ov\u00fd laserov\u00fd grav\u00edrovac\u00ed stroj Zobrazit | EZCAD3 2,5D laserov\u00fd popisova\u010d s ochrann\u00fdm krytem\" width=\"1290\" height=\"726\" src=\"https:\/\/www.youtube.com\/embed\/tbPKDw-UqR0?feature=oembed\" frameborder=\"0\" allow=\"accelerometer; autoplay; clipboard-write; encrypted-media; gyroscope; picture-in-picture; web-share\" referrerpolicy=\"strict-origin-when-cross-origin\" allowfullscreen><\/iframe><\/p>\n<p>Platebn\u00ed podm\u00ednky<\/p>\n<p>1. Vklad a z\u016fstatek: Z\u016fstatek je splatn\u00fd p\u0159ed odesl\u00e1n\u00edm z\u00e1silky: 30% T\/T z\u00e1loha je vy\u017eadov\u00e1na p\u0159edem.<\/p>\n<p>2. Alibaba Trade Assurance: Platby lze zpracov\u00e1vat prost\u0159ednictv\u00edm Alibaba Trade Assurance.<\/p>\n<p>\u010casto kladen\u00e9 dotazy k 3D laserov\u00e9mu zna\u010dkovac\u00edmu stroji UV<\/p>\n<p>Jak\u00fd je obal pro laserov\u00fd zna\u010dkovac\u00ed stroj Mni?<br \/>\nNa\u0161e stroje jsou baleny ve t\u0159\u00edvrstv\u00e9m uspo\u0159\u00e1d\u00e1n\u00ed. Vn\u011bj\u0161\u00ed vrstvu tvo\u0159\u00ed d\u0159ev\u011bn\u00e1 bedna, prost\u0159edn\u00ed vrstva je vybavena p\u011bnovou v\u00fdpln\u00ed, kter\u00e1 chr\u00e1n\u00ed p\u0159ed ot\u0159esy, a vnit\u0159n\u00ed vrstva obsahuje siln\u00fd plastov\u00fd s\u00e1\u010dek pro ochranu p\u0159ed vodou.<\/p>\n<p>Dojde b\u011bhem p\u0159epravy k po\u0161kozen\u00ed z\u00e1silky?<br \/>\nNa\u0161e obaly pe\u010dliv\u011b navrhujeme tak, aby \u0159e\u0161ily v\u0161echny mo\u017en\u00e9 faktory po\u0161kozen\u00ed, a na\u0161i p\u0159epravci maj\u00ed zku\u0161enosti s bezpe\u010dnou p\u0159epravou. \u00dasp\u011b\u0161n\u011b jsme exportovali do 180 zem\u00ed, tak\u017ee si m\u016f\u017eete b\u00fdt jisti, \u017ee va\u0161e z\u00e1silka doraz\u00ed ve v\u00fdborn\u00e9m stavu.<\/p>\n<figure id=\"attachment_7472\" aria-describedby=\"caption-attachment-7472\" style=\"width: 300px\" class=\"wp-caption alignnone\"><img decoding=\"async\" class=\"size-medium wp-image-7472\" src=\"https:\/\/bogonglaser.com\/wp-content\/uploads\/2024\/12\/Small-size-enclosed-marking-machine-300x300.jpg\" alt=\"Small-size enclosed marking machine\" width=\"300\" height=\"300\" title=\"\" srcset=\"https:\/\/bogonglaser.com\/wp-content\/uploads\/2024\/12\/Small-size-enclosed-marking-machine-300x300.jpg 300w, https:\/\/bogonglaser.com\/wp-content\/uploads\/2024\/12\/Small-size-enclosed-marking-machine-100x100.jpg 100w, https:\/\/bogonglaser.com\/wp-content\/uploads\/2024\/12\/Small-size-enclosed-marking-machine-600x600.jpg 600w, https:\/\/bogonglaser.com\/wp-content\/uploads\/2024\/12\/Small-size-enclosed-marking-machine-150x150.jpg 150w, https:\/\/bogonglaser.com\/wp-content\/uploads\/2024\/12\/Small-size-enclosed-marking-machine-768x768.jpg 768w, https:\/\/bogonglaser.com\/wp-content\/uploads\/2024\/12\/Small-size-enclosed-marking-machine-12x12.jpg 12w, https:\/\/bogonglaser.com\/wp-content\/uploads\/2024\/12\/Small-size-enclosed-marking-machine.jpg 1000w\" sizes=\"(max-width: 300px) 100vw, 300px\" \/><figcaption id=\"caption-attachment-7472\" class=\"wp-caption-text\">Small-size enclosed marking machine<\/figcaption><\/figure>\n<p>V\u011bt\u0161ina z\u00e1kazn\u00edk\u016f si r\u00e1da vyb\u00edr\u00e1 p\u0159epravu expresn\u00ed slu\u017ebou UPS\/DHL, kter\u00e1 m\u016f\u017ee dorazit na m\u00edsto ur\u010den\u00ed asi za 5-7 dn\u00ed, kontaktujte spole\u010dnost BOGONG a z\u00edskejte dal\u0161\u00ed podrobnosti o laserov\u00e9m zna\u010dkovac\u00edm stroji uv.<\/p>","protected":false},"excerpt":{"rendered":"<h2>Laserov\u00fd grav\u00edrovac\u00ed stroj s pln\u00fdm krytem<\/h2>\n<p>Stroj m\u00e1 pln\u011b uzav\u0159enou sk\u0159\u00ed\u0148, kter\u00e1 zaji\u0161\u0165uje bezpe\u010dnost pracovn\u00edk\u016f, a jeho kompaktn\u00ed design vypad\u00e1 skv\u011ble. Jedn\u00e1 se o technologicky vysp\u011bl\u00fd stroj, kter\u00fd kombinuje laser, po\u010d\u00edta\u010d, automatickou \u0159\u00eddic\u00ed jednotku a p\u0159esn\u00e9 d\u00edly pro efektivn\u00ed pr\u00e1ci.<\/p>\n<ul class=\"tips\">\n<li>350 sad \/ m\u011bs\u00edc \u010dek\u00e1 na prodej Skladem<\/li>\n<li>2 roky omezen\u00e9 z\u00e1ruky na cel\u00fd stroj<\/li>\n<li>3-5 dn\u00ed p\u0159\u00edprava laserov\u00e9ho stroje, 3-7 dn\u00ed doprava.<\/li>\n<li>Online (PayPal) a offline (T\/T, debetn\u00ed a kreditn\u00ed karty)<\/li>\n<\/ul>","protected":false},"featured_media":2148,"template":"","meta":{"_gspb_post_css":""},"product_brand":[],"product_cat":[97,93,96],"product_tag":[102],"class_list":{"0":"post-2127","1":"product","2":"type-product","3":"status-publish","4":"has-post-thumbnail","6":"product_cat-fiber-laser-marker","7":"product_cat-laser-engraving-machine","8":"product_cat-laser-marking-machine","9":"product_tag-laser-marking-machine","11":"first","12":"instock","13":"shipping-taxable","14":"product-type-simple"},"_links":{"self":[{"href":"https:\/\/bogonglaser.com\/cs\/wp-json\/wp\/v2\/product\/2127","targetHints":{"allow":["GET"]}}],"collection":[{"href":"https:\/\/bogonglaser.com\/cs\/wp-json\/wp\/v2\/product"}],"about":[{"href":"https:\/\/bogonglaser.com\/cs\/wp-json\/wp\/v2\/types\/product"}],"wp:featuredmedia":[{"embeddable":true,"href":"https:\/\/bogonglaser.com\/cs\/wp-json\/wp\/v2\/media\/2148"}],"wp:attachment":[{"href":"https:\/\/bogonglaser.com\/cs\/wp-json\/wp\/v2\/media?parent=2127"}],"wp:term":[{"taxonomy":"product_brand","embeddable":true,"href":"https:\/\/bogonglaser.com\/cs\/wp-json\/wp\/v2\/product_brand?post=2127"},{"taxonomy":"product_cat","embeddable":true,"href":"https:\/\/bogonglaser.com\/cs\/wp-json\/wp\/v2\/product_cat?post=2127"},{"taxonomy":"product_tag","embeddable":true,"href":"https:\/\/bogonglaser.com\/cs\/wp-json\/wp\/v2\/product_tag?post=2127"}],"curies":[{"name":"wp","href":"https:\/\/api.w.org\/{rel}","templated":true}]}}