{"id":2119,"date":"2024-12-04T17:25:33","date_gmt":"2024-12-04T09:25:33","guid":{"rendered":"https:\/\/bogonglaser.com\/?post_type=product&#038;p=2119"},"modified":"2025-12-10T16:47:52","modified_gmt":"2025-12-10T08:47:52","slug":"30w-fiber-laser-marking-machine","status":"publish","type":"product","link":"https:\/\/bogonglaser.com\/cs\/30w-fiber-laser-marking-machine\/","title":{"rendered":"30W vl\u00e1knov\u00fd laserov\u00fd zna\u010dkovac\u00ed stroj"},"content":{"rendered":"<p>P\u0159edstavujeme 30W vl\u00e1knov\u00fd laserov\u00fd zna\u010dkovac\u00ed stroj, kompaktn\u00ed a v\u0161estrann\u00fd vl\u00e1knov\u00fd laserov\u00fd zna\u010dkova\u010d typu \"v\u0161e v jednom\", kter\u00fd je navr\u017een s ohledem na v\u00fdkon a p\u0159izp\u016fsobivost. A\u0165 u\u017e chcete grav\u00edrovat loga, \u010d\u00e1rov\u00e9 k\u00f3dy, s\u00e9riov\u00e1 \u010d\u00edsla nebo slo\u017eit\u00e9 vzory, tento stroj poskytuje v\u00fdjime\u010dn\u00e9 v\u00fdsledky pro \u0161irokou \u0161k\u00e1lu aplikac\u00ed.<\/p>\n<p>Navzdory sv\u00fdm kompaktn\u00edm rozm\u011br\u016fm pod\u00e1v\u00e1 tento model \"v\u0161e v jednom\" p\u016fsobiv\u00fd v\u00fdkon, tak\u017ee je ide\u00e1ln\u00ed pro st\u00edsn\u011bn\u00e9 prostory a men\u0161\u00ed projekty zna\u010den\u00ed. Jeho lehk\u00e1 a p\u0159enosn\u00e1 konstrukce zaji\u0161\u0165uje snadnou manipulaci a umo\u017e\u0148uje poka\u017ed\u00e9 p\u0159esn\u00e9 a precizn\u00ed zna\u010den\u00ed, a to v\u0161e p\u0159i vysok\u00e9 rychlosti a vynikaj\u00edc\u00ed \u00fa\u010dinnosti.<\/p>\n<p>Tento stroj je vynikaj\u00edc\u00ed volbou pro mal\u00e9 podniky, d\u00edlny a kutily, kte\u0159\u00ed hledaj\u00ed spolehliv\u00e9 \u0159e\u0161en\u00ed pro zna\u010den\u00ed, kter\u00e9 nen\u00ed na \u00fakor v\u00fdkonu kv\u016fli omezen\u00e9mu prostoru. Pokud pot\u0159ebujete efektivn\u00ed vl\u00e1knov\u00fd laserov\u00fd zna\u010dkova\u010d, kter\u00fd bez probl\u00e9m\u016f zapadne do va\u0161eho pracovn\u00edho prostoru, je to pro v\u00e1s ide\u00e1ln\u00ed volba.<\/p>\n<p><img decoding=\"async\" class=\"size-medium wp-image-7414\" src=\"https:\/\/bogonglaser.com\/wp-content\/uploads\/2024\/12\/2D-mini-all-in-one-PC-factory-photos-1-300x225.png\" alt=\"2D mini all-in-one PC factory photos\" width=\"300\" height=\"225\" title=\"\" srcset=\"https:\/\/bogonglaser.com\/wp-content\/uploads\/2024\/12\/2D-mini-all-in-one-PC-factory-photos-1-300x225.png 300w, https:\/\/bogonglaser.com\/wp-content\/uploads\/2024\/12\/2D-mini-all-in-one-PC-factory-photos-1-600x450.png 600w, https:\/\/bogonglaser.com\/wp-content\/uploads\/2024\/12\/2D-mini-all-in-one-PC-factory-photos-1-768x576.png 768w, https:\/\/bogonglaser.com\/wp-content\/uploads\/2024\/12\/2D-mini-all-in-one-PC-factory-photos-1-16x12.png 16w, https:\/\/bogonglaser.com\/wp-content\/uploads\/2024\/12\/2D-mini-all-in-one-PC-factory-photos-1.png 800w\" sizes=\"(max-width: 300px) 100vw, 300px\" \/><\/p>\n<p>Zde jsou kl\u00ed\u010dov\u00e9 funkce <a href=\"https:\/\/bogonglaser.com\/cs\/laser-marking-machine\/fiber-laser-marking-machine\/\">Vl\u00e1knov\u00fd laserov\u00fd zna\u010dkovac\u00ed stroj<\/a>:<\/p>\n<p>1. Zdroj vl\u00e1knov\u00e9ho laseru: Vysoce kvalitn\u00ed vl\u00e1knov\u00e9 laserov\u00e9 zdroje od renomovan\u00fdch zna\u010dek, jako je JPT, Raycus nebo IPG. U\u017eijete si vynikaj\u00edc\u00ed \u010distotu laserov\u00e9ho paprsku a dlouhou \u017eivotnost a\u017e 100 000 hodin.<\/p>\n<p>2. Digit\u00e1ln\u00ed galvanometrick\u00fd skenovac\u00ed syst\u00e9m: Tento stroj je vybaven vysokorychlostn\u00edm importovan\u00fdm laserov\u00fdm skenerem, kter\u00fd je schopen dos\u00e1hnout rychlosti zna\u010den\u00ed a\u017e 8 000 mm\/s, co\u017e zaji\u0161\u0165uje efektivn\u00ed provoz.<\/p>\n<p>3. Dr\u017e\u00e1k displeje PC: Nastaviteln\u00e1 osa Z sah\u00e1 a\u017e do 700 mm, tak\u017ee je ide\u00e1ln\u00ed pro zna\u010den\u00ed na siln\u011bj\u0161\u00edch nebo vy\u0161\u0161\u00edch materi\u00e1lech.<\/p>\n<p>4. Ovl\u00e1dac\u00ed sp\u00edna\u010d: U\u017eivatelsky p\u0159\u00edv\u011btiv\u00fd ovl\u00e1dac\u00ed panel je vybaven nouzov\u00fdm vyp\u00edna\u010dem, kl\u00ed\u010dov\u00fdm sp\u00edna\u010dem a vyp\u00edna\u010dem nap\u00e1jen\u00ed, co\u017e usnad\u0148uje ovl\u00e1d\u00e1n\u00ed a identifikaci ovl\u00e1dac\u00edch prvk\u016f.<\/p>\n<p>5. Zvedac\u00ed syst\u00e9m: Stroj je vybaven ru\u010dn\u00edm kole\u010dkem pro pohodln\u00e9 nastaven\u00ed vzd\u00e1lenosti zaost\u0159en\u00ed laseru, co\u017e zjednodu\u0161uje proces obsluhy.<\/p>\n<p>6. Ukazatel \u010derven\u00e9ho sv\u011btla: Tato u\u017eite\u010dn\u00e1 funkce zv\u00fdraz\u0148uje oblast zna\u010den\u00ed p\u0159ed zah\u00e1jen\u00edm vlastn\u00edho laserov\u00e9ho zna\u010den\u00ed, \u010d\u00edm\u017e zvy\u0161uje p\u0159esnost a preciznost.<\/p>\n<p>7. Software pro laserov\u00e9 zna\u010den\u00ed: Software pro zna\u010den\u00ed EZCAD je vybaven v\u00fdkonn\u00fdmi edita\u010dn\u00edmi n\u00e1stroji, kter\u00e9 umo\u017e\u0148uj\u00ed vytv\u00e1\u0159et QR k\u00f3dy, s\u00e9riov\u00e1 \u010d\u00edsla a r\u016fzn\u00e1 loga. Podporuje form\u00e1ty soubor\u016f DXF a PLT a je dod\u00e1v\u00e1n s podrobnou anglickou u\u017eivatelskou p\u0159\u00edru\u010dkou, kter\u00e1 v\u00e1s provede ka\u017ed\u00fdm krokem.<\/p>\n<p>8. Objektiv F-theta Scan: Tento stroj je vybaven vysoce kvalitn\u00edm singapursk\u00fdm objektivem Ronar-Smith F-theta, kter\u00fd zaji\u0161\u0165uje, \u017ee v\u00fd\u0161ka obrazov\u00e9ho pole je t\u00e9m\u011b\u0159 \u00fam\u011brn\u00e1 \u00fahlu skenov\u00e1n\u00ed. Zachov\u00e1v\u00e1 line\u00e1rn\u00ed zkreslen\u00ed men\u0161\u00ed ne\u017e 1%, ani\u017e by vy\u017eadoval softwarovou korekci, co\u017e vede k minim\u00e1ln\u00edmu zkreslen\u00ed a ostr\u00fdm a jasn\u00fdm v\u00fdsledk\u016fm. Objektiv je tak\u00e9 vybaven vysoce propustn\u00fdmi vrstvami AR, kter\u00e9 sni\u017euj\u00ed ztr\u00e1ty energie a maximalizuj\u00ed propustnost.<\/p>\n<p>D\u00edky t\u011bmto pokro\u010dil\u00fdm funkc\u00edm je vl\u00e1knov\u00fd laserov\u00fd zna\u010dkovac\u00ed stroj navr\u017een pro p\u0159esnost, efektivitu a snadn\u00e9 pou\u017eit\u00ed.<\/p>\n<figure id=\"attachment_7413\" aria-describedby=\"caption-attachment-7413\" style=\"width: 300px\" class=\"wp-caption alignnone\"><img decoding=\"async\" class=\"size-medium wp-image-7413\" src=\"https:\/\/bogonglaser.com\/wp-content\/uploads\/2024\/12\/2D-mini-all-in-one-PC-factory-photos-2-300x225.png\" alt=\"2D mini all-in-one PC factory photos\" width=\"300\" height=\"225\" title=\"\" srcset=\"https:\/\/bogonglaser.com\/wp-content\/uploads\/2024\/12\/2D-mini-all-in-one-PC-factory-photos-2-300x225.png 300w, https:\/\/bogonglaser.com\/wp-content\/uploads\/2024\/12\/2D-mini-all-in-one-PC-factory-photos-2-600x450.png 600w, https:\/\/bogonglaser.com\/wp-content\/uploads\/2024\/12\/2D-mini-all-in-one-PC-factory-photos-2-768x576.png 768w, https:\/\/bogonglaser.com\/wp-content\/uploads\/2024\/12\/2D-mini-all-in-one-PC-factory-photos-2-16x12.png 16w, https:\/\/bogonglaser.com\/wp-content\/uploads\/2024\/12\/2D-mini-all-in-one-PC-factory-photos-2.png 800w\" sizes=\"(max-width: 300px) 100vw, 300px\" \/><figcaption id=\"caption-attachment-7413\" class=\"wp-caption-text\">2D mini all-in-one PC factory photos<\/figcaption><\/figure>\n<p>Pou\u017eit\u00ed: Laserov\u00e9 zna\u010den\u00ed kov\u016f, plast\u016f a dal\u0161\u00edch materi\u00e1l\u016f.<\/p>\n<p>Na\u0161e laserov\u00e9 zna\u010dkovac\u00ed stroje nab\u00edzej\u00ed v\u0161estrann\u00e9 a efektivn\u00ed \u0159e\u0161en\u00ed pro zna\u010den\u00ed r\u016fzn\u00fdch materi\u00e1l\u016f, jako jsou kovy, plasty a dal\u0161\u00ed. A\u0165 u\u017e pot\u0159ebujete grav\u00edrovat loga, s\u00e9riov\u00e1 \u010d\u00edsla nebo slo\u017eit\u00e9 vzory, n\u00e1\u0161 p\u0159izp\u016fsobiv\u00fd laser si porad\u00ed s mnoha aplikacemi, zv\u00fd\u0161\u00ed produktivitu a z\u00e1rove\u0148 zajist\u00ed konzistentn\u00ed kvalitu na r\u016fzn\u00fdch povr\u0161\u00edch.<\/p>\n<ul>\n<li><span class=\"magic-19\"><b class=\"magic-19\"><span class=\"magic-18\">Bezplatn\u00e9 testovac\u00ed vzorky -<\/span><\/b><span class=\"magic-20\" data-spm-anchor-id=\"a2700.details.0.i41.41d82402R4aegi\">M\u016f\u017eeme prov\u00e9st bezplatn\u00e9 testy \u00fa\u010dinku zna\u010den\u00ed podle materi\u00e1lu va\u0161eho v\u00fdrobku.<\/span><\/span><\/li>\n<li><span class=\"magic-19\"><b class=\"magic-19\"><span class=\"magic-18\">Video v p\u0159\u00edm\u00e9m p\u0159enosu -<\/span><\/b><span class=\"magic-20\">M\u016f\u017eete se spojit s na\u0161imi prodejn\u00edmi poradci a sledovat v\u00fdrobn\u00ed proces a obsluhu stroje v online videu.<\/span><\/span><\/li>\n<li><span class=\"magic-19\"><b class=\"magic-19\"><span class=\"magic-18\">Na m\u00edru \/OEM-<\/span><\/b><span class=\"magic-20\" data-spm-anchor-id=\"a2700.details.0.i40.41d82402R4aegi\">Customised machines on request<\/span><\/span><\/li>\n<\/ul>\n<figure id=\"attachment_7412\" aria-describedby=\"caption-attachment-7412\" style=\"width: 300px\" class=\"wp-caption alignnone\"><img decoding=\"async\" class=\"size-medium wp-image-7412\" src=\"https:\/\/bogonglaser.com\/wp-content\/uploads\/2024\/12\/2D-mini-all-in-one-PC-factory-photos-300x300.jpg\" alt=\"2D mini all-in-one PC factory photos\" width=\"300\" height=\"300\" title=\"\" srcset=\"https:\/\/bogonglaser.com\/wp-content\/uploads\/2024\/12\/2D-mini-all-in-one-PC-factory-photos-300x300.jpg 300w, https:\/\/bogonglaser.com\/wp-content\/uploads\/2024\/12\/2D-mini-all-in-one-PC-factory-photos-100x100.jpg 100w, https:\/\/bogonglaser.com\/wp-content\/uploads\/2024\/12\/2D-mini-all-in-one-PC-factory-photos-600x600.jpg 600w, https:\/\/bogonglaser.com\/wp-content\/uploads\/2024\/12\/2D-mini-all-in-one-PC-factory-photos-150x150.jpg 150w, https:\/\/bogonglaser.com\/wp-content\/uploads\/2024\/12\/2D-mini-all-in-one-PC-factory-photos-768x768.jpg 768w, https:\/\/bogonglaser.com\/wp-content\/uploads\/2024\/12\/2D-mini-all-in-one-PC-factory-photos-12x12.jpg 12w, https:\/\/bogonglaser.com\/wp-content\/uploads\/2024\/12\/2D-mini-all-in-one-PC-factory-photos.jpg 1000w\" sizes=\"(max-width: 300px) 100vw, 300px\" \/><figcaption id=\"caption-attachment-7412\" class=\"wp-caption-text\">2D mini all-in-one PC factory photos<\/figcaption><\/figure>\n<p><iframe title=\"Mal\u00fd laserov\u00fd zna\u010dkovac\u00ed stroj typu v\u0161e v jednom na prodej\" width=\"1290\" height=\"726\" src=\"https:\/\/www.youtube.com\/embed\/znNbIXDhuHE?feature=oembed\" frameborder=\"0\" allow=\"accelerometer; autoplay; clipboard-write; encrypted-media; gyroscope; picture-in-picture; web-share\" referrerpolicy=\"strict-origin-when-cross-origin\" allowfullscreen><\/iframe><\/p>\n<p>Platebn\u00ed podm\u00ednky<\/p>\n<p>1. Vklad a z\u016fstatek: Z\u016fstatek je splatn\u00fd p\u0159ed odesl\u00e1n\u00edm z\u00e1silky: 30% T\/T z\u00e1loha je vy\u017eadov\u00e1na p\u0159edem.<\/p>\n<p>2. Alibaba Trade Assurance: Platby lze zpracov\u00e1vat prost\u0159ednictv\u00edm Alibaba Trade Assurance.<\/p>\n<p>\u010cast\u00e9 dotazy k 30W vl\u00e1knov\u00e9mu laserov\u00e9mu zna\u010dkovac\u00edmu stroji<\/p>\n<p>Jak\u00fd je obal pro vl\u00e1knov\u00fd laserov\u00fd zna\u010dkovac\u00ed stroj?<br \/>\nNa\u0161e stroje jsou baleny ve t\u0159\u00edvrstv\u00e9m uspo\u0159\u00e1d\u00e1n\u00ed. Vn\u011bj\u0161\u00ed vrstvu tvo\u0159\u00ed d\u0159ev\u011bn\u00e1 bedna, prost\u0159edn\u00ed vrstva je vybavena p\u011bnovou v\u00fdpln\u00ed, kter\u00e1 chr\u00e1n\u00ed p\u0159ed ot\u0159esy, a vnit\u0159n\u00ed vrstva obsahuje siln\u00fd plastov\u00fd s\u00e1\u010dek pro ochranu p\u0159ed vodou.<\/p>\n<p><iframe title=\"Mal\u00fd laserov\u00fd zna\u010dkovac\u00ed stroj All-in-one | 20W 30W Metal Plastic Laser Marker Printer Engraver\" width=\"1290\" height=\"726\" src=\"https:\/\/www.youtube.com\/embed\/1gUXk1ygblo?feature=oembed\" frameborder=\"0\" allow=\"accelerometer; autoplay; clipboard-write; encrypted-media; gyroscope; picture-in-picture; web-share\" referrerpolicy=\"strict-origin-when-cross-origin\" allowfullscreen><\/iframe><\/p>\n<p>Dojde b\u011bhem p\u0159epravy k po\u0161kozen\u00ed z\u00e1silky?<br \/>\nNa\u0161e obaly pe\u010dliv\u011b navrhujeme tak, aby \u0159e\u0161ily v\u0161echny mo\u017en\u00e9 faktory po\u0161kozen\u00ed, a na\u0161i p\u0159epravci maj\u00ed zku\u0161enosti s bezpe\u010dnou p\u0159epravou. \u00dasp\u011b\u0161n\u011b jsme exportovali do 180 zem\u00ed, tak\u017ee si m\u016f\u017eete b\u00fdt jisti, \u017ee va\u0161e z\u00e1silka doraz\u00ed ve v\u00fdborn\u00e9m stavu.<\/p>\n<p>&nbsp;<\/p>\n<p>V\u011bt\u0161ina z\u00e1kazn\u00edk\u016f si r\u00e1da vyb\u00edr\u00e1 p\u0159epravu expresn\u00ed slu\u017ebou UPS\/DHL, kter\u00e1 m\u016f\u017ee dorazit na m\u00edsto ur\u010den\u00ed p\u0159ibli\u017en\u011b za 5-7 dn\u00ed, kontaktujte spole\u010dnost BOGONG a z\u00edskejte v\u00edce informac\u00ed. <a href=\"https:\/\/bogonglaser.com\/cs\/laser-marking-machine\/fiber-laser-marking-machine\/\">laserov\u00e9 zna\u010den\u00ed vl\u00e1kny<\/a>.<\/p>\n<p>&nbsp;<\/p>","protected":false},"excerpt":{"rendered":"<h2>30W Fiber Laser Marking Machine<\/h2>\n<p>BOGONG 30W laser marking machine addopt 30W fiber laser and famous laser galvo head, 1064nm laser wavelength, It works with a variety of materials, such as stainless steel, titanium, aluminum, copper, brass, alloys, silver, and gold, allowing you to engrave names, logos, signs, letters, numbers, patterns, and photos. This all ine one laser marking machine is now available for sale at an affordable price, making it a great option for your budget.<\/p>\n<ul class=\"tips\">\n<li>350 Sets \/ Month Waiting for Sale In Stock<\/li>\n<li>2 Years Limited Warranty for Entire Machine<\/li>\n<li>3-5 days prepare laser machine, 3-7days transport.<\/li>\n<li>Online (PayPal) &amp; Offline (T\/T, Debit &amp; Credit Cards)<\/li>\n<\/ul>\n<hr \/>\n<h4><strong>Get a Quote<\/strong><\/h4>\n<p>[contact-form-7 id=&#8221;029fbc1&#8243; title=&#8221;Products Form&#8221;]<\/p>\n","protected":false},"featured_media":1966,"template":"","meta":{"_gspb_post_css":""},"product_brand":[],"product_cat":[97,93,96],"product_tag":[104,102],"class_list":{"0":"post-2119","1":"product","2":"type-product","3":"status-publish","4":"has-post-thumbnail","6":"product_cat-fiber-laser-marker","7":"product_cat-laser-engraving-machine","8":"product_cat-laser-marking-machine","9":"product_tag-laser-marker","10":"product_tag-laser-marking-machine","12":"first","13":"instock","14":"shipping-taxable","15":"product-type-simple"},"_links":{"self":[{"href":"https:\/\/bogonglaser.com\/cs\/wp-json\/wp\/v2\/product\/2119","targetHints":{"allow":["GET"]}}],"collection":[{"href":"https:\/\/bogonglaser.com\/cs\/wp-json\/wp\/v2\/product"}],"about":[{"href":"https:\/\/bogonglaser.com\/cs\/wp-json\/wp\/v2\/types\/product"}],"wp:featuredmedia":[{"embeddable":true,"href":"https:\/\/bogonglaser.com\/cs\/wp-json\/wp\/v2\/media\/1966"}],"wp:attachment":[{"href":"https:\/\/bogonglaser.com\/cs\/wp-json\/wp\/v2\/media?parent=2119"}],"wp:term":[{"taxonomy":"product_brand","embeddable":true,"href":"https:\/\/bogonglaser.com\/cs\/wp-json\/wp\/v2\/product_brand?post=2119"},{"taxonomy":"product_cat","embeddable":true,"href":"https:\/\/bogonglaser.com\/cs\/wp-json\/wp\/v2\/product_cat?post=2119"},{"taxonomy":"product_tag","embeddable":true,"href":"https:\/\/bogonglaser.com\/cs\/wp-json\/wp\/v2\/product_tag?post=2119"}],"curies":[{"name":"wp","href":"https:\/\/api.w.org\/{rel}","templated":true}]}}