{"id":2118,"date":"2024-12-04T15:48:23","date_gmt":"2024-12-04T07:48:23","guid":{"rendered":"https:\/\/bogonglaser.com\/?post_type=product&#038;p=2118"},"modified":"2025-12-10T17:33:56","modified_gmt":"2025-12-10T09:33:56","slug":"50w-split-fiber-laser-engraving-machine","status":"publish","type":"product","link":"https:\/\/bogonglaser.com\/cs\/50w-split-fiber-laser-engraving-machine\/","title":{"rendered":"Mini Split Fiber Laser Engraving Machine"},"content":{"rendered":"<p>Vlastn\u00ed \u0159e\u0161en\u00ed: D\u011blen\u00e1 laserov\u00e1 grav\u00edrka BOGONG Mini v\u00e1m umo\u017en\u00ed snadno realizovat va\u0161e kreativn\u00ed vize a nab\u00edz\u00ed platformu pro neomezen\u00e9 mo\u017enosti.<\/p>\n<p>Grav\u00edrovac\u00ed plocha: Standardn\u00ed pracovn\u00ed plocha: 100*100 mm, 7,9\u00d77,9 palce (200\u00d7200 mm) a 300*300 mm pracovn\u00ed plocha jsou voliteln\u00e9,<\/p>\n<p>Laser Power, kter\u00fd si m\u016f\u017eete vybrat: 20W 30W 50W 60W 100W a p\u016fsobivou rychlost\u00ed grav\u00edrov\u00e1n\u00ed 10 000 mm\/s je tento stroj ide\u00e1ln\u00ed pro \u0161irokou \u0161k\u00e1lu projekt\u016f. (100*100mm a 300*300mm objektiv na p\u0159\u00e1n\u00ed)<\/p>\n<figure id=\"attachment_7458\" aria-describedby=\"caption-attachment-7458\" style=\"width: 300px\" class=\"wp-caption alignnone\"><img decoding=\"async\" class=\"size-medium wp-image-7458\" src=\"https:\/\/bogonglaser.com\/wp-content\/uploads\/2024\/10\/bogong-new-design-1-300x225.png\" alt=\"bogong nov\u00fd design\" width=\"300\" height=\"225\" title=\"\" srcset=\"https:\/\/bogonglaser.com\/wp-content\/uploads\/2024\/10\/bogong-new-design-1-300x225.png 300w, https:\/\/bogonglaser.com\/wp-content\/uploads\/2024\/10\/bogong-new-design-1-600x450.png 600w, https:\/\/bogonglaser.com\/wp-content\/uploads\/2024\/10\/bogong-new-design-1-768x576.png 768w, https:\/\/bogonglaser.com\/wp-content\/uploads\/2024\/10\/bogong-new-design-1-16x12.png 16w, https:\/\/bogonglaser.com\/wp-content\/uploads\/2024\/10\/bogong-new-design-1.png 800w\" sizes=\"(max-width: 300px) 100vw, 300px\" \/><figcaption id=\"caption-attachment-7458\" class=\"wp-caption-text\">bogong nov\u00fd design<\/figcaption><\/figure>\n<p><iframe title=\"P\u0159edstavujeme mini laserov\u00fd grav\u00edrovac\u00ed stroj BOOGNG - v\u00e1\u0161 dokonal\u00fd z\u00e1\u017eitek z grav\u00edrov\u00e1n\u00ed vl\u00e1knov\u00fdm laserem!\" width=\"1290\" height=\"726\" src=\"https:\/\/www.youtube.com\/embed\/DqvsGNxiQBc?feature=oembed\" frameborder=\"0\" allow=\"accelerometer; autoplay; clipboard-write; encrypted-media; gyroscope; picture-in-picture; web-share\" referrerpolicy=\"strict-origin-when-cross-origin\" allowfullscreen><\/iframe><\/p>\n<p>U\u017eivatelsky p\u0159\u00edv\u011btiv\u00e9 ovl\u00e1dac\u00ed rozhran\u00ed: Tento laserov\u00fd stroj je vybaven jednoduch\u00fdm ovl\u00e1dac\u00edm panelem EZCAD2 a je kompatibiln\u00ed se softwarem LightBurn, tak\u017ee je p\u0159\u00edstupn\u00fd jak za\u010d\u00e1te\u010dn\u00edk\u016fm, tak zku\u0161en\u00fdm u\u017eivatel\u016fm. M\u016f\u017eete se do n\u011bj rovnou pono\u0159it a zv\u00fd\u0161it efektivitu sv\u00fdch pracovn\u00edch postup\u016f.<\/p>\n<p>V\u0161estrann\u00e9 mo\u017enosti materi\u00e1l\u016f: Snadn\u00e9 grav\u00edrov\u00e1n\u00ed do \u0161irok\u00e9 \u0161k\u00e1ly materi\u00e1l\u016f, jako je mosaz, karbid, \u017eula, nerezov\u00e1 ocel, kov a plast. Tato flexibilita v\u00e1m umo\u017en\u00ed o\u017eivit va\u0161e jedine\u010dn\u00e9 kutilsk\u00e9 projekty a ru\u010dn\u011b vyr\u00e1b\u011bn\u00e9 v\u00fdtvory.<\/p>\n<p>Prostorov\u011b \u00fasporn\u00fd design: Tento stroj s hmotnost\u00ed 37 kg m\u00e1 d\u011blenou konstrukci s vysok\u00fdmi sloupy a prostornou zpracovatelskou plochou, tak\u017ee je ide\u00e1ln\u00ed pro r\u016fzn\u00e1 pracovn\u00ed prost\u0159ed\u00ed, a to i pro ta s omezen\u00fdm prostorem.<\/p>\n<p>Ochrann\u00e9 obaly: Obal: V\u00e1\u0161 stroj je bezpe\u010dn\u011b zabalen v p\u011bn\u011b, aby se nepo\u0161kodil. Pokud b\u011bhem p\u0159epravy dojde k jak\u00fdmkoli probl\u00e9m\u016fm, m\u016f\u017eete m\u00edt n\u00e1rok na od\u0161kodn\u011bn\u00ed.<\/p>\n<p>Komplexn\u00ed p\u0159edprodejn\u00ed podpora: N\u00e1\u0161 specializovan\u00fd t\u00fdm v\u00e1m poskytne d\u016fkladnou podporu, kter\u00e1 v\u00e1m pom\u016f\u017ee porozum\u011bt ka\u017ed\u00e9mu aspektu stroje, a\u0165 u\u017e d\u00e1v\u00e1te p\u0159ednost e-mailu, telefon\u00e1tu, online chatu nebo n\u00e1v\u0161t\u011bv\u011b na\u0161eho z\u00e1kaznick\u00e9ho z\u00e1stupce. Jsme zde, abychom zodpov\u011bd\u011bli va\u0161e ot\u00e1zky a dodali v\u00e1m pot\u0159ebnou jistotu.<\/p>\n<p>Poprodejn\u00ed podpora: Nab\u00edz\u00edme virtu\u00e1ln\u00ed instalaci, odbornou technickou pomoc a z\u00e1ruku a\u017e 2 roky (pouze na stroj), abyste m\u011bli klid.<\/p>\n<figure id=\"attachment_7459\" aria-describedby=\"caption-attachment-7459\" style=\"width: 300px\" class=\"wp-caption alignnone\"><img decoding=\"async\" class=\"size-medium wp-image-7459\" src=\"https:\/\/bogonglaser.com\/wp-content\/uploads\/2024\/10\/mini-laser-machine-1-1-300x169.jpg\" alt=\"mini laserov\u00fd stroj\" width=\"300\" height=\"169\" title=\"\" srcset=\"https:\/\/bogonglaser.com\/wp-content\/uploads\/2024\/10\/mini-laser-machine-1-1-300x169.jpg 300w, https:\/\/bogonglaser.com\/wp-content\/uploads\/2024\/10\/mini-laser-machine-1-1-600x338.jpg 600w, https:\/\/bogonglaser.com\/wp-content\/uploads\/2024\/10\/mini-laser-machine-1-1-768x432.jpg 768w, https:\/\/bogonglaser.com\/wp-content\/uploads\/2024\/10\/mini-laser-machine-1-1-18x10.jpg 18w, https:\/\/bogonglaser.com\/wp-content\/uploads\/2024\/10\/mini-laser-machine-1-1.jpg 800w\" sizes=\"(max-width: 300px) 100vw, 300px\" \/><figcaption id=\"caption-attachment-7459\" class=\"wp-caption-text\">mini laserov\u00fd stroj<\/figcaption><\/figure>\n<h3>Mini Split Mini laserov\u00fd grav\u00edrovac\u00ed zna\u010dkovac\u00ed stroj<\/h3>\n<p>Zvy\u0161uje efektivitu a pohodl\u00ed a z\u00e1rove\u0148 maximalizuje prostor, tak\u017ee je ide\u00e1ln\u00ed volbou pro v\u0161echny va\u0161e po\u017eadavky na grav\u00edrov\u00e1n\u00ed.<\/p>\n<figure id=\"attachment_7475\" aria-describedby=\"caption-attachment-7475\" style=\"width: 300px\" class=\"wp-caption alignnone\"><img decoding=\"async\" class=\"size-medium wp-image-7475\" src=\"https:\/\/bogonglaser.com\/wp-content\/uploads\/2024\/12\/8099368FDA9E46B0E54E09A3AD53B032-1-300x123.jpg\" alt=\"8099368FDA9E46B0E54E09A3AD53B032\" width=\"300\" height=\"123\" title=\"\" srcset=\"https:\/\/bogonglaser.com\/wp-content\/uploads\/2024\/12\/8099368FDA9E46B0E54E09A3AD53B032-1-300x123.jpg 300w, https:\/\/bogonglaser.com\/wp-content\/uploads\/2024\/12\/8099368FDA9E46B0E54E09A3AD53B032-1-600x245.jpg 600w, https:\/\/bogonglaser.com\/wp-content\/uploads\/2024\/12\/8099368FDA9E46B0E54E09A3AD53B032-1-1024x419.jpg 1024w, https:\/\/bogonglaser.com\/wp-content\/uploads\/2024\/12\/8099368FDA9E46B0E54E09A3AD53B032-1-768x314.jpg 768w, https:\/\/bogonglaser.com\/wp-content\/uploads\/2024\/12\/8099368FDA9E46B0E54E09A3AD53B032-1-18x7.jpg 18w, https:\/\/bogonglaser.com\/wp-content\/uploads\/2024\/12\/8099368FDA9E46B0E54E09A3AD53B032-1.jpg 1247w\" sizes=\"(max-width: 300px) 100vw, 300px\" \/><figcaption id=\"caption-attachment-7475\" class=\"wp-caption-text\">8099368FDA9E46B0E54E09A3AD53B032<\/figcaption><\/figure>\n<h3>Materi\u00e1lov\u00e1 zp\u016fsobilost<\/h3>\n<div class=\"collapsible-tab__text\">\n<p><strong>Kovy:<\/strong>\u00a0Nerezov\u00e1 ocel, hlin\u00edk, b\u011b\u017en\u00e9 slitiny, eloxovan\u00fd hlin\u00edk, mosaz, chrom, zlato a st\u0159\u00edbro, titan<\/p>\n<p><strong>Nekovov\u00e9 materi\u00e1ly:<\/strong>\u00a0B\u0159idlice, tvrd\u00e9 plasty, um\u011bl\u00e1 k\u016f\u017ee, barevn\u00fd akryl<\/p>\n<\/div>\n<p><iframe title=\"Co um\u00ed 50W laserov\u00e1 grav\u00edrovac\u00ed fr\u00e9za? | Nejlep\u0161\u00ed 50wattov\u00fd laserov\u00fd zna\u010dkovac\u00ed stroj Raycus na prodej\" width=\"1290\" height=\"968\" src=\"https:\/\/www.youtube.com\/embed\/1DLnYH3dJXQ?feature=oembed\" frameborder=\"0\" allow=\"accelerometer; autoplay; clipboard-write; encrypted-media; gyroscope; picture-in-picture; web-share\" referrerpolicy=\"strict-origin-when-cross-origin\" allowfullscreen><\/iframe><\/p>\n<p class=\"section-header__title\">Pokro\u010dil\u00e1 laserov\u00e1 technologie<br \/>\nStabiln\u00ed a zn\u00e1m\u00fd laserov\u00fd zdroj v tomto vl\u00e1knov\u00e9m zna\u010dkovac\u00edm stroji zaji\u0161\u0165uje konzistentn\u00ed a spolehliv\u00fd v\u00fdkon a m\u016f\u017ee se pochlubit st\u0159edn\u00ed dobou do poruchy v\u00edce ne\u017e 100 000 hodin.<\/p>\n<p><iframe title=\"Jak pou\u017e\u00edvat vl\u00e1knov\u00fd laserov\u00fd zna\u010dkovac\u00ed stroj krok za krokem pro grav\u00edrov\u00e1n\u00ed | China Laser Engraver\" width=\"1290\" height=\"726\" src=\"https:\/\/www.youtube.com\/embed\/WoOi7mteSzM?feature=oembed\" frameborder=\"0\" allow=\"accelerometer; autoplay; clipboard-write; encrypted-media; gyroscope; picture-in-picture; web-share\" referrerpolicy=\"strict-origin-when-cross-origin\" allowfullscreen><\/iframe><\/p>\n<p>Balen\u00ed obsahuje<br \/>\n- 1 x vl\u00e1knov\u00fd laserov\u00fd zna\u010dkova\u010d<br \/>\n- 1 x nap\u00e1jec\u00ed kabel<br \/>\n- 1 x no\u017en\u00ed ped\u00e1l<br \/>\n- 1 x p\u00e1r laserov\u00fdch ochrann\u00fdch br\u00fdl\u00ed<br \/>\n- 1 x USB Flash disk<br \/>\n- 1 x prav\u00edtko<br \/>\n- 1 x n\u00e1vod k pou\u017eit\u00ed<\/p>\n<p>- 1 x testovac\u00ed hlin\u00edkov\u00e1 karta<\/p>\n<p>- 1 x n\u00e1\u0159ad\u00ed<\/p>\n<p><iframe title=\"Rozbalen\u00ed laserov\u00e9ho grav\u00edrovac\u00edho stroje BOGONG MINI | Nejlep\u0161\u00ed laserov\u00fd grav\u00edrovac\u00ed stroj BOGONG\" width=\"1290\" height=\"726\" src=\"https:\/\/www.youtube.com\/embed\/_96ZvRvowGE?feature=oembed\" frameborder=\"0\" allow=\"accelerometer; autoplay; clipboard-write; encrypted-media; gyroscope; picture-in-picture; web-share\" referrerpolicy=\"strict-origin-when-cross-origin\" allowfullscreen><\/iframe><\/p>\n<h2>Jak vybrat spr\u00e1vnou zna\u010dku<\/h2>\n<p>Investice do <a href=\"https:\/\/bogonglaser.com\/cs\/laser-engraving-machine\/\">vl\u00e1knov\u00fd laserov\u00fd grav\u00edrovac\u00ed stroj<\/a> je v\u00fdznamn\u00e9 rozhodnut\u00ed, proto je d\u016fle\u017eit\u00e9 vybrat si zna\u010dku, kter\u00e1 poskytuje hodnotu a spolehlivost. Zde je n\u011bkolik d\u016fle\u017eit\u00fdch faktor\u016f, kter\u00e9 je t\u0159eba zv\u00e1\u017eit p\u0159i v\u00fdb\u011bru spr\u00e1vn\u00e9 zna\u010dky pro va\u0161e pot\u0159eby:<\/p>\n<p>Pov\u011bst zna\u010dky: Zjist\u011bte si, jakou m\u00e1 zna\u010dka v oboru pov\u011bst a spolehlivost. Hledejte spole\u010dnosti, kter\u00e9 jsou zn\u00e1m\u00e9 sv\u00fdmi kvalitn\u00edmi v\u00fdrobky.<\/p>\n<p>Zku\u0161enosti v oboru: Zhodno\u0165te zku\u0161enosti a odborn\u00e9 znalosti zna\u010dky v oblasti laserov\u00e9ho grav\u00edrov\u00e1n\u00ed.<\/p>\n<p>Kvalita a inovace v\u00fdrobk\u016f: Zva\u017ete kvalitu v\u00fdrobk\u016f a p\u0159\u00edpadn\u00e9 technologick\u00e9 inovace, kter\u00e9 nab\u00edzej\u00ed.<\/p>\n<p>Odr\u016fda modelu: Hledejte zna\u010dku, kter\u00e1 nab\u00edz\u00ed rozmanitou \u0161k\u00e1lu model\u016f s r\u016fzn\u00fdmi specifikacemi, kter\u00e9 spl\u0148uj\u00ed va\u0161e specifick\u00e9 po\u017eadavky.<\/p>\n<p>Poprodejn\u00ed podpora: Zkontrolujte \u00farove\u0148 poprodejn\u00ed podpory. Spolehliv\u00fd z\u00e1kaznick\u00fd servis m\u00e1 z\u00e1sadn\u00ed v\u00fdznam pro \u0159e\u0161en\u00ed p\u0159\u00edpadn\u00fdch probl\u00e9m\u016f.<\/p>\n<p>Z\u00e1ruka a z\u00e1ruka: Prozkoumejte z\u00e1ru\u010dn\u00ed a garan\u010dn\u00ed podm\u00ednky spojen\u00e9 s jejich produkty, abyste se ujistili, \u017ee jste chr\u00e1n\u011bni v p\u0159\u00edpad\u011b z\u00e1vad nebo probl\u00e9m\u016f.<\/p>\n<p>Kl\u00ed\u010dov\u00fdm faktorem je tak\u00e9 cena a celkov\u00e1 hodnota. Nezapome\u0148te si proj\u00edt zp\u011btnou vazbu a doporu\u010den\u00ed u\u017eivatel\u016f, abyste se mohli rozhodnout na z\u00e1klad\u011b informac\u00ed.<\/p>\n<p>**Pro\u010d si vybrat BOGONG LASER**<\/p>\n<p>Spole\u010dnost BOGONG je zn\u00e1m\u00e1 kvalitou laserov\u00fdch za\u0159\u00edzen\u00ed a poprodejn\u00edm servisem.Na\u0161e stroje jsou v\u0161estrann\u00e9 a u\u017eivatelsky p\u0159\u00edv\u011btiv\u00e9, navr\u017een\u00e9 s ohledem na v\u0161echny \u00farovn\u011b dovednost\u00ed. Na\u0161\u00ed prioritou je p\u0159edev\u0161\u00edm spokojenost z\u00e1kazn\u00edk\u016f. A\u0165 u\u017e jste zku\u0161en\u00fd odborn\u00edk, nebo za\u010d\u00e1te\u010dn\u00edk, <a href=\"https:\/\/bogonglaser.com\/cs\/\">BOGONG LASER<\/a> je zde, aby v\u00e1s podpo\u0159il na ka\u017ed\u00e9m kroku. D\u016fv\u011b\u0159ujte n\u00e1m a na\u0161im slu\u017eb\u00e1m, kde se spojuje dokonalost a inovace pro v\u00e1\u0161 \u00fasp\u011bch.<\/p>","protected":false},"excerpt":{"rendered":"<h2>Mini Split Mini vl\u00e1knov\u00fd laserov\u00fd grav\u00edrovac\u00ed stroj<\/h2>\n<p>Laserov\u00fd grav\u00edrovac\u00ed stroj BOGONG s d\u011blen\u00fdm designem, n\u00edzkou hmotnost\u00ed a mal\u00fdmi rozm\u011bry.<\/p>\n<ul class=\"tips\">\n<li>300 sad \/ m\u011bs\u00edc \u010dek\u00e1 na prodej Skladem<\/li>\n<li>2 roky omezen\u00e9 z\u00e1ruky na cel\u00fd stroj<\/li>\n<li>Online (PayPal) a offline (T\/T, debetn\u00ed a kreditn\u00ed karty)<\/li>\n<li>Do\u017eivotn\u00ed bezplatn\u00e1 technick\u00e1 podpora pro koncov\u00e9 u\u017eivatele a prodejce<\/li>\n<\/ul>","protected":false},"featured_media":1639,"template":"","meta":{"_gspb_post_css":""},"product_brand":[],"product_cat":[97,93,96],"product_tag":[123,102],"class_list":{"0":"post-2118","1":"product","2":"type-product","3":"status-publish","4":"has-post-thumbnail","6":"product_cat-fiber-laser-marker","7":"product_cat-laser-engraving-machine","8":"product_cat-laser-marking-machine","9":"product_tag-fiber-laser-marking-machine","10":"product_tag-laser-marking-machine","12":"first","13":"instock","14":"shipping-taxable","15":"product-type-simple"},"_links":{"self":[{"href":"https:\/\/bogonglaser.com\/cs\/wp-json\/wp\/v2\/product\/2118","targetHints":{"allow":["GET"]}}],"collection":[{"href":"https:\/\/bogonglaser.com\/cs\/wp-json\/wp\/v2\/product"}],"about":[{"href":"https:\/\/bogonglaser.com\/cs\/wp-json\/wp\/v2\/types\/product"}],"wp:featuredmedia":[{"embeddable":true,"href":"https:\/\/bogonglaser.com\/cs\/wp-json\/wp\/v2\/media\/1639"}],"wp:attachment":[{"href":"https:\/\/bogonglaser.com\/cs\/wp-json\/wp\/v2\/media?parent=2118"}],"wp:term":[{"taxonomy":"product_brand","embeddable":true,"href":"https:\/\/bogonglaser.com\/cs\/wp-json\/wp\/v2\/product_brand?post=2118"},{"taxonomy":"product_cat","embeddable":true,"href":"https:\/\/bogonglaser.com\/cs\/wp-json\/wp\/v2\/product_cat?post=2118"},{"taxonomy":"product_tag","embeddable":true,"href":"https:\/\/bogonglaser.com\/cs\/wp-json\/wp\/v2\/product_tag?post=2118"}],"curies":[{"name":"wp","href":"https:\/\/api.w.org\/{rel}","templated":true}]}}