{"id":2099,"date":"2024-12-04T09:34:52","date_gmt":"2024-12-04T01:34:52","guid":{"rendered":"https:\/\/bogonglaser.com\/?post_type=product&#038;p=2099"},"modified":"2025-12-10T16:19:29","modified_gmt":"2025-12-10T08:19:29","slug":"automatic-loading-laser-tube-cutting-machine","status":"publish","type":"product","link":"https:\/\/bogonglaser.com\/cs\/automatic-loading-laser-tube-cutting-machine\/","title":{"rendered":"Automatick\u00e9 na\u010d\u00edt\u00e1n\u00ed laserov\u00e9ho \u0159ezac\u00edho stroje na trubky"},"content":{"rendered":"<p>Automatick\u00fd laserov\u00fd \u0159ezac\u00ed stroj na trubky<\/p>\n<p>Automatick\u00fd laserov\u00fd \u0159ezac\u00ed stroj na trubky m\u00e1 jedine\u010dnou horn\u00ed pod\u00e1vac\u00ed konstrukci, kter\u00e1 optimalizuje efektivitu vyu\u017eit\u00ed prostoru.<\/p>\n<p>1. T\u0159i skl\u00ed\u010didla jsou upnuta sou\u010dasn\u011b, aby se zabr\u00e1nilo deformaci trubek.<br \/>\n2. Trubka se automaticky vyrovn\u00e1, aby se zabr\u00e1nilo jej\u00edmu k\u00fdv\u00e1n\u00ed.<br \/>\n3. M\u016f\u017ee b\u00fdt vybaven automatick\u00fdm nakl\u00e1d\u00e1n\u00edm a vykl\u00e1d\u00e1n\u00edm, co\u017e \u0161et\u0159\u00ed pr\u00e1ci.<br \/>\n4. Funkce dvojit\u00e9ho tahu pro zpracov\u00e1n\u00ed velmi dlouh\u00fdch tvarovek.<br \/>\n5. St\u0159edn\u00ed plovouc\u00ed podp\u011bra a n\u00e1sledn\u00e1 zaslepovac\u00ed podp\u011bra<br \/>\n6. Zabra\u0148te proh\u00fdb\u00e1n\u00ed trubek, pomocn\u00e9 zaslepen\u00ed, zajist\u011bte p\u0159esnost \u0159ez\u00e1n\u00ed.<br \/>\n7. Uzav\u0159en\u00e1 prachot\u011bsn\u00e1 konstrukce, zlep\u0161en\u00ed \u017eivotnosti konstrukce<br \/>\n8. M\u016f\u017ee b\u00fdt vybaven speci\u00e1ln\u00ed laserovou \u0159ezac\u00ed hlavou, kter\u00e1 se p\u0159izp\u016fsob\u00ed jak\u00e9mukoli slo\u017eit\u00e9mu \u0159ez\u00e1n\u00ed trubek.<br \/>\n9. Vyhnut\u00ed se st\u0159edov\u00e9 kart\u011b, upnut\u00ed t\u0159et\u00edho skl\u00ed\u010didla, lze p\u0159ev\u00e9st z konce na konec, snadn\u00fd nulov\u00fd ocasn\u00ed materi\u00e1l.<\/p>\n<p><img decoding=\"async\" class=\"size-medium wp-image-7380\" src=\"https:\/\/bogonglaser.com\/wp-content\/uploads\/2024\/12\/Automatic-feeding-pipe-cutting-machine-300x300.jpg\" alt=\"Automatick\u00e9 pod\u00e1v\u00e1n\u00ed \u0159ezac\u00edho stroje na trubky\" width=\"300\" height=\"300\" title=\"\" srcset=\"https:\/\/bogonglaser.com\/wp-content\/uploads\/2024\/12\/Automatic-feeding-pipe-cutting-machine-300x300.jpg 300w, https:\/\/bogonglaser.com\/wp-content\/uploads\/2024\/12\/Automatic-feeding-pipe-cutting-machine-100x100.jpg 100w, https:\/\/bogonglaser.com\/wp-content\/uploads\/2024\/12\/Automatic-feeding-pipe-cutting-machine-600x600.jpg 600w, https:\/\/bogonglaser.com\/wp-content\/uploads\/2024\/12\/Automatic-feeding-pipe-cutting-machine-150x150.jpg 150w, https:\/\/bogonglaser.com\/wp-content\/uploads\/2024\/12\/Automatic-feeding-pipe-cutting-machine-12x12.jpg 12w, https:\/\/bogonglaser.com\/wp-content\/uploads\/2024\/12\/Automatic-feeding-pipe-cutting-machine.jpg 750w\" sizes=\"(max-width: 300px) 100vw, 300px\" \/><\/p>\n<p>&nbsp;<\/p>\n<p><strong>Pr\u016fm\u011br trubky:<\/strong><\/p>\n<p>Tento stroj zpracov\u00e1v\u00e1 trubky o pr\u016fm\u011bru od \u03c6 10 do \u03c6 180 p\u0159i automatick\u00e9m pod\u00e1v\u00e1n\u00ed, p\u0159i ru\u010dn\u00edm nahr\u00e1v\u00e1n\u00ed je maxim\u00e1ln\u00ed pr\u016fm\u011br laserov\u00e9ho \u0159ez\u00e1ku 240 mm.<\/p>\n<p>&nbsp;<\/p>\n<p>V\u00fdhody:<\/p>\n<p>- Vysok\u00e1 rychlost \u0159ez\u00e1n\u00ed a vysok\u00e1 \u00fa\u010dinnost zaji\u0161\u0165uj\u00ed produktivitu.<br \/>\n- Bezpe\u010dn\u00fd provoz se stabiln\u00edm v\u00fdkonem.<br \/>\n- Vysoce kvalitn\u00ed \u0159ezy s minim\u00e1ln\u00ed deformac\u00ed, d\u00edky \u010demu\u017e je povrch hladk\u00fd a l\u00edbiv\u00fd.<br \/>\n- Je vybaven importovan\u00fdmi servomotory a vodic\u00edmi li\u0161tami pro zv\u00fd\u0161en\u00ed p\u0159esnosti \u0159ez\u00e1n\u00ed.<br \/>\n- U\u017eivatelsky p\u0159\u00edv\u011btiv\u00fd software umo\u017e\u0148uje zpracov\u00e1n\u00ed r\u016fzn\u00fdch grafick\u00fdch prvk\u016f a text\u016f v re\u00e1ln\u00e9m \u010dase a nab\u00edz\u00ed flexibiln\u00ed a jednoduch\u00e9 ovl\u00e1d\u00e1n\u00ed.<\/p>\n<p>&nbsp;<\/p>\n<p>Ostatn\u00ed laserov\u00e9 \u0159eza\u010dky trubek:<\/p>\n<p>Nab\u00edz\u00ed manu\u00e1ln\u00ed i automatick\u00fd re\u017eim provozu.<\/p>\n<div class=\"sub-header-divs\">\n<h3>V\u00fdkon<\/h3>\n<\/div>\n<ul>\n<li>Laserov\u00e9 m\u00e9dium - pevnol\u00e1tkov\u00fd vl\u00e1knov\u00fd laser CW 1070nm<\/li>\n<li>V\u00fdkon laseru - 1500W -6000W Mo\u017enosti zdroje vl\u00e1ken<\/li>\n<li>V\u00fdkon - <strong>220V jednof\u00e1zov\u00fd \/ 380V t\u0159\u00edf\u00e1zov\u00fd<\/strong><\/li>\n<li>P\u0159esnost polohov\u00e1n\u00ed - \u2264\u00b10,03 mm<\/li>\n<li>P\u0159esnost opakovatelnosti - \u2264\u00b10,02 mm<\/li>\n<\/ul>\n<div class=\"sub-header-divs\">\n<h3>Syst\u00e9m<\/h3>\n<\/div>\n<ul>\n<li>Pohonn\u00fd syst\u00e9m - uzav\u0159en\u00e1 smy\u010dka serva<\/li>\n<li>Re\u017eim chlazen\u00ed - chlazen\u00e1 voda<\/li>\n<\/ul>\n<p><iframe title=\"Profesion\u00e1ln\u00ed laserov\u00fd \u0159ezac\u00ed stroj na kovov\u00e9 trubky | Laserov\u00fd \u0159ezac\u00ed stroj na trubky\" width=\"1290\" height=\"726\" src=\"https:\/\/www.youtube.com\/embed\/P8_Y7zygTnw?feature=oembed\" frameborder=\"0\" allow=\"accelerometer; autoplay; clipboard-write; encrypted-media; gyroscope; picture-in-picture; web-share\" referrerpolicy=\"strict-origin-when-cross-origin\" allowfullscreen><\/iframe><\/p>\n<p>Spole\u010dnost BOGONG je zn\u00e1m\u00e1 kvalitou laserov\u00fdch za\u0159\u00edzen\u00ed a poprodejn\u00edm servisem.Na\u0161e stroje jsou v\u0161estrann\u00e9 a u\u017eivatelsky p\u0159\u00edv\u011btiv\u00e9, navr\u017een\u00e9 s ohledem na v\u0161echny \u00farovn\u011b dovednost\u00ed. Na\u0161\u00ed prioritou je p\u0159edev\u0161\u00edm spokojenost z\u00e1kazn\u00edk\u016f. A\u0165 u\u017e jste zku\u0161en\u00fd odborn\u00edk, nebo za\u010d\u00e1te\u010dn\u00edk, spole\u010dnost BOGONG LASER je zde, aby v\u00e1s podpo\u0159ila na ka\u017ed\u00e9m kroku. D\u016fv\u011b\u0159ujte n\u00e1m a na\u0161im slu\u017eb\u00e1m, kde se spojuje dokonalost a inovace pro v\u00e1\u0161 \u00fasp\u011bch.<\/p>","protected":false},"excerpt":{"rendered":"<p>Dok\u00e1\u017ee zpracov\u00e1vat r\u016fzn\u00e9 kovov\u00e9 materi\u00e1ly, v\u010detn\u011b trubek z nerezov\u00e9 oceli, trubek z uhl\u00edkov\u00e9 oceli a pozinkovan\u00fdch trubek. Tento stroj je \u0161iroce vyu\u017e\u00edv\u00e1n v pr\u016fmyslov\u00fdch odv\u011btv\u00edch, jako je kovov\u00fdroba, v\u00fdroba kuchy\u0148sk\u00e9ho n\u00e1dob\u00ed, dekorativn\u00edch materi\u00e1l\u016f, sk\u0159\u00edn\u00ed a dal\u0161\u00edch.<\/p>\n<ul class=\"tips\">\n<li>10 sad \/ m\u011bs\u00edc \u010dek\u00e1 na prodej Skladem<\/li>\n<li>2 roky omezen\u00e9 z\u00e1ruky na cel\u00fd stroj<\/li>\n<li>Online (PayPal) a offline (T\/T, debetn\u00ed a kreditn\u00ed karty)<\/li>\n<li>Do\u017eivotn\u00ed bezplatn\u00e1 technick\u00e1 podpora pro koncov\u00e9 u\u017eivatele a prodejce<\/li>\n<\/ul>","protected":false},"featured_media":2101,"template":"","meta":{"_gspb_post_css":""},"product_brand":[],"product_cat":[117,92,118],"product_tag":[122,105],"class_list":{"0":"post-2099","1":"product","2":"type-product","3":"status-publish","4":"has-post-thumbnail","6":"product_cat-fiber-laser-cutting-machine","7":"product_cat-laser-cutting-machine","8":"product_cat-laser-metal-cutting-machine","9":"product_tag-auto-tube-laser-cutting-machine","10":"product_tag-fiber-laser-cutting-machine","12":"first","13":"instock","14":"shipping-taxable","15":"product-type-simple"},"_links":{"self":[{"href":"https:\/\/bogonglaser.com\/cs\/wp-json\/wp\/v2\/product\/2099","targetHints":{"allow":["GET"]}}],"collection":[{"href":"https:\/\/bogonglaser.com\/cs\/wp-json\/wp\/v2\/product"}],"about":[{"href":"https:\/\/bogonglaser.com\/cs\/wp-json\/wp\/v2\/types\/product"}],"wp:featuredmedia":[{"embeddable":true,"href":"https:\/\/bogonglaser.com\/cs\/wp-json\/wp\/v2\/media\/2101"}],"wp:attachment":[{"href":"https:\/\/bogonglaser.com\/cs\/wp-json\/wp\/v2\/media?parent=2099"}],"wp:term":[{"taxonomy":"product_brand","embeddable":true,"href":"https:\/\/bogonglaser.com\/cs\/wp-json\/wp\/v2\/product_brand?post=2099"},{"taxonomy":"product_cat","embeddable":true,"href":"https:\/\/bogonglaser.com\/cs\/wp-json\/wp\/v2\/product_cat?post=2099"},{"taxonomy":"product_tag","embeddable":true,"href":"https:\/\/bogonglaser.com\/cs\/wp-json\/wp\/v2\/product_tag?post=2099"}],"curies":[{"name":"wp","href":"https:\/\/api.w.org\/{rel}","templated":true}]}}