{"id":2079,"date":"2024-11-03T15:07:59","date_gmt":"2024-11-03T07:07:59","guid":{"rendered":"https:\/\/bogonglaser.com\/?post_type=product&#038;p=2079"},"modified":"2025-12-10T16:28:51","modified_gmt":"2025-12-10T08:28:51","slug":"co2-laser-engraver-cutter","status":"publish","type":"product","link":"https:\/\/bogonglaser.com\/cs\/co2-laser-engraver-cutter\/","title":{"rendered":"Laserov\u00e1 grav\u00edrovac\u00ed fr\u00e9za CO2"},"content":{"rendered":"<p>Vysokorychlostn\u00ed laserov\u00e9 syst\u00e9my CO2 jsou cenov\u011b dostupn\u00fdm, u\u017eivatelsky p\u0159\u00edv\u011btiv\u00fdm a flexibiln\u00edm n\u00e1strojem, kter\u00fd m\u016f\u017ee nastartovat nov\u00fd podnik nebo zv\u00fd\u0161it zisky va\u0161eho st\u00e1vaj\u00edc\u00edho podniku. Na\u0161e laserov\u00e9 grav\u00edrky a \u0159eza\u010dky si m\u016f\u017eete p\u0159edstavit jako stoln\u00ed inkoustovou tisk\u00e1rnu. Vyu\u017e\u00edvaj\u00ed podobnou technologii \u0159\u00edzen\u00ed pohybu, kter\u00e1 p\u0159ivede va\u0161e obr\u00e1zky k \u017eivotu. Nam\u00edsto tisku inkoustov\u00fdch bod\u016f na pap\u00edr pou\u017e\u00edvaj\u00ed na\u0161e syst\u00e9my laserov\u00fd paprsek CO2 k grav\u00edrov\u00e1n\u00ed, \u0159ez\u00e1n\u00ed a lept\u00e1n\u00ed va\u0161ich n\u00e1vrh\u016f do \u0161irok\u00e9 \u0161k\u00e1ly materi\u00e1l\u016f.<\/p>\n<figure id=\"attachment_7387\" aria-describedby=\"caption-attachment-7387\" style=\"width: 300px\" class=\"wp-caption alignnone\"><img decoding=\"async\" class=\"size-medium wp-image-7387\" src=\"https:\/\/bogonglaser.com\/wp-content\/uploads\/2024\/11\/CO2-Laser-Engraver-Cutter-300x300.jpg\" alt=\"Laserov\u00e1 grav\u00edrovac\u00ed fr\u00e9za CO2\" width=\"300\" height=\"300\" title=\"\" srcset=\"https:\/\/bogonglaser.com\/wp-content\/uploads\/2024\/11\/CO2-Laser-Engraver-Cutter-300x300.jpg 300w, https:\/\/bogonglaser.com\/wp-content\/uploads\/2024\/11\/CO2-Laser-Engraver-Cutter-100x100.jpg 100w, https:\/\/bogonglaser.com\/wp-content\/uploads\/2024\/11\/CO2-Laser-Engraver-Cutter-150x150.jpg 150w, https:\/\/bogonglaser.com\/wp-content\/uploads\/2024\/11\/CO2-Laser-Engraver-Cutter-12x12.jpg 12w, https:\/\/bogonglaser.com\/wp-content\/uploads\/2024\/11\/CO2-Laser-Engraver-Cutter.jpg 600w\" sizes=\"(max-width: 300px) 100vw, 300px\" \/><figcaption id=\"caption-attachment-7387\" class=\"wp-caption-text\">Laserov\u00e1 grav\u00edrovac\u00ed fr\u00e9za CO2<\/figcaption><\/figure>\n<div class=\"sub-header-1-div\">\n<h3>HLAVN\u00cd FUNKCE<\/h3>\n<\/div>\n<ul>\n<li>V\u00fdkon laseru - 60 W 80 W 100 W 150 W 180 W<\/li>\n<li>Laserov\u00e1 trubice - CO2 laserov\u00e1 trubice, vlnov\u00e1 d\u00e9lka 10,6 \u00b5m (CO2) <strong>\u017divotnost: a\u017e\u00a0<\/strong>10 000 hodin<\/li>\n<li>Pracovn\u00ed plocha - 400*300 mm, 900*600 mm, 1300*900 mm, 1600*100 mm, 1300 mm x 2500 mm atd.<\/li>\n<li>Software: RDWorks<\/li>\n<li>Pracovn\u00ed plo\u0161ina - N\u016f\u017e s ost\u0159\u00edm<\/li>\n<li>Nap\u00e1jen\u00ed - AC 110V (\u00b110%) 60Hz\/ AC 220V 50Hz<\/li>\n<li>P\u0159evodovka - krokov\u00fd motor \/ \u0159emeny LeadShine (k dispozici upgrade servomotoru).<\/li>\n<li>P\u0159ipojen\u00ed - kabel USB \/ kabel Ethernet<\/li>\n<li>Certifikace - CE, ISO<\/li>\n<li>T\u0159\u00edda - laser t\u0159\u00eddy 4<\/li>\n<\/ul>\n<h2>Co pro v\u00e1s m\u016f\u017eeme ud\u011blat?<\/h2>\n<ul>\n<li><span class=\"magic-19\"><b class=\"magic-19\"><span class=\"magic-18\">Bezplatn\u00e9 testovac\u00ed vzorky -<\/span><\/b><span class=\"magic-20\" data-spm-anchor-id=\"a2700.details.0.i41.41d82402R4aegi\">M\u016f\u017eeme prov\u00e9st bezplatn\u00e9 testy \u00fa\u010dinku zna\u010den\u00ed podle materi\u00e1lu va\u0161eho v\u00fdrobku.<\/span><\/span><\/li>\n<li><span class=\"magic-19\"><b class=\"magic-19\"><span class=\"magic-18\">Video v p\u0159\u00edm\u00e9m p\u0159enosu -<\/span><\/b><span class=\"magic-20\">M\u016f\u017eete se spojit s na\u0161imi prodejn\u00edmi poradci a sledovat v\u00fdrobn\u00ed proces a obsluhu stroje v online videu.<\/span><\/span><\/li>\n<li><span class=\"magic-19\"><b class=\"magic-19\"><span class=\"magic-18\">Na m\u00edru \/OEM-<\/span><\/b><span class=\"magic-20\" data-spm-anchor-id=\"a2700.details.0.i40.41d82402R4aegi\">Stroje na m\u00edru na vy\u017e\u00e1d\u00e1n\u00ed\uff0cKontakt<\/span><\/span><\/li>\n<\/ul>\n<p><iframe title=\"JAK FUNGUJE CO2 LASER?  |Operate Ruida Software of CO2 laser machine\" width=\"1290\" height=\"726\" src=\"https:\/\/www.youtube.com\/embed\/90ApOcSD6OI?feature=oembed\" frameborder=\"0\" allow=\"accelerometer; autoplay; clipboard-write; encrypted-media; gyroscope; picture-in-picture; web-share\" referrerpolicy=\"strict-origin-when-cross-origin\" allowfullscreen><\/iframe><\/p>\n<h3>Kter\u00e9 d\u00edly pot\u0159ebuji vybrat pro laserov\u00fd grav\u00edrovac\u00ed stroj CO2<\/h3>\n<ul>\n<li>Rota\u010dn\u00ed za\u0159\u00edzen\u00ed: existuje n\u011bkolik rota\u010dn\u00edch za\u0159\u00edzen\u00ed s r\u016fzn\u00fdm stylem a pr\u016fm\u011brem svorky, nap\u0159\u00edklad 50D 65D 80D.<\/li>\n<\/ul>\n<p>Platebn\u00ed podm\u00ednky pro laserov\u00e9 grav\u00edrov\u00e1n\u00ed CO2<\/p>\n<p>1. Vklad a z\u016fstatek: Z\u016fstatek je splatn\u00fd p\u0159ed odesl\u00e1n\u00edm z\u00e1silky: 30% T\/T z\u00e1loha je vy\u017eadov\u00e1na p\u0159edem.<\/p>\n<p>2. Alibaba Trade Assurance: Platby lze zpracov\u00e1vat prost\u0159ednictv\u00edm Alibaba Trade Assurance.<\/p>\n<p>\u010cast\u00e9 dotazy k laserov\u00e9mu grav\u00edrovac\u00edmu stroji CO2<\/p>\n<p>Jak\u00e9 je balen\u00ed pro <strong>Laserov\u00fd grav\u00edrovac\u00ed stroj CO2<\/strong>?<br \/>\nNa\u0161e stroje jsou baleny ve t\u0159\u00edvrstv\u00e9m uspo\u0159\u00e1d\u00e1n\u00ed. Vn\u011bj\u0161\u00ed vrstvu tvo\u0159\u00ed d\u0159ev\u011bn\u00e1 bedna, prost\u0159edn\u00ed vrstva je vybavena p\u011bnovou v\u00fdpln\u00ed, kter\u00e1 chr\u00e1n\u00ed p\u0159ed ot\u0159esy, a vnit\u0159n\u00ed vrstva obsahuje siln\u00fd plastov\u00fd s\u00e1\u010dek pro ochranu p\u0159ed vodou.<\/p>\n<p>Dojde b\u011bhem p\u0159epravy k po\u0161kozen\u00ed z\u00e1silky?<br \/>\nNa\u0161e obaly pe\u010dliv\u011b navrhujeme tak, aby \u0159e\u0161ily v\u0161echny mo\u017en\u00e9 faktory po\u0161kozen\u00ed, a na\u0161i p\u0159epravci maj\u00ed zku\u0161enosti s bezpe\u010dnou p\u0159epravou. \u00dasp\u011b\u0161n\u011b jsme exportovali do 180 zem\u00ed, tak\u017ee si m\u016f\u017eete b\u00fdt jisti, \u017ee va\u0161e z\u00e1silka doraz\u00ed ve v\u00fdborn\u00e9m stavu.<\/p>","protected":false},"excerpt":{"rendered":"<h2>CO2 Laser Engraving Cutting Machine<\/h2>\n<p>Are you looking for a CO2 laser cutting machine that can effortlessly handle thicker materials? If so, the <a href=\"https:\/\/bogonglaser.com\/\">BOGONG laser<\/a> could be just what you need. Models like the 80W CO2 laser cutter not only boost your capabilities and efficiency as a small business owner but also make the experience of laser cutting and engraving enjoyable and accessible, even for beginners.<\/p>\n<ul class=\"tips\">\n<li>350 Sets \/ Month Waiting for Sale In Stock<\/li>\n<li>2 Years Limited Warranty for Entire Machine<\/li>\n<li>3-5 days prepare laser machine, 3-7days transport.<\/li>\n<li>Online (PayPal) &amp; Offline (T\/T, Debit &amp; Credit Cards)<\/li>\n<\/ul>\n<hr \/>\n<h4><strong>Get a Quote<\/strong><\/h4>\n<p>[contact-form-7 id=&#8221;029fbc1&#8243; title=&#8221;Products Form&#8221;]<\/p>\n","protected":false},"featured_media":2090,"template":"","meta":{"_gspb_post_css":""},"product_brand":[],"product_cat":[120,92],"product_tag":[121],"class_list":{"0":"post-2079","1":"product","2":"type-product","3":"status-publish","4":"has-post-thumbnail","6":"product_cat-co2-laser-cutter","7":"product_cat-laser-cutting-machine","8":"product_tag-co2-laser-cutting-machine","10":"first","11":"instock","12":"shipping-taxable","13":"product-type-simple"},"_links":{"self":[{"href":"https:\/\/bogonglaser.com\/cs\/wp-json\/wp\/v2\/product\/2079","targetHints":{"allow":["GET"]}}],"collection":[{"href":"https:\/\/bogonglaser.com\/cs\/wp-json\/wp\/v2\/product"}],"about":[{"href":"https:\/\/bogonglaser.com\/cs\/wp-json\/wp\/v2\/types\/product"}],"wp:featuredmedia":[{"embeddable":true,"href":"https:\/\/bogonglaser.com\/cs\/wp-json\/wp\/v2\/media\/2090"}],"wp:attachment":[{"href":"https:\/\/bogonglaser.com\/cs\/wp-json\/wp\/v2\/media?parent=2079"}],"wp:term":[{"taxonomy":"product_brand","embeddable":true,"href":"https:\/\/bogonglaser.com\/cs\/wp-json\/wp\/v2\/product_brand?post=2079"},{"taxonomy":"product_cat","embeddable":true,"href":"https:\/\/bogonglaser.com\/cs\/wp-json\/wp\/v2\/product_cat?post=2079"},{"taxonomy":"product_tag","embeddable":true,"href":"https:\/\/bogonglaser.com\/cs\/wp-json\/wp\/v2\/product_tag?post=2079"}],"curies":[{"name":"wp","href":"https:\/\/api.w.org\/{rel}","templated":true}]}}