{"id":2005,"date":"2024-11-01T11:05:32","date_gmt":"2024-11-01T03:05:32","guid":{"rendered":"https:\/\/bogonglaser.com\/?post_type=product&#038;p=2005"},"modified":"2025-12-10T16:27:16","modified_gmt":"2025-12-10T08:27:16","slug":"bevel-fiber-laser-cutting-machine-groove-cutting-chamfering-by-fiber-laser-cutter","status":"publish","type":"product","link":"https:\/\/bogonglaser.com\/cs\/bevel-fiber-laser-cutting-machine-groove-cutting-chamfering-by-fiber-laser-cutter\/","title":{"rendered":"Fiber Laser Cutting Machine | \u0158ez\u00e1n\u00ed dr\u00e1\u017eek, zkosen\u00ed vl\u00e1knov\u00fdm laserem"},"content":{"rendered":"<h1>\u00dakosov\u00fd laserov\u00fd \u0159ezac\u00ed stroj<\/h1>\n<p>\u0158ez\u00e1n\u00ed \u00fakos\u016f vy\u017eaduje p\u0159esn\u00e9 znalosti laserov\u00e9ho stroje i \u0159ezn\u00fdch proces\u016f. Dosa\u017een\u00ed po\u017eadovan\u00e9 kvality p\u0159esnosti vy\u017eaduje pe\u010dlivou pozornost v\u011bnovanou roh\u016fm, n\u00e1b\u011bh\u016fm a v\u00fdb\u011bh\u016fm, kter\u00e9 mus\u00ed b\u00fdt prov\u00e1d\u011bny ve specifick\u00e9m po\u0159ad\u00ed. Rozhoduj\u00edc\u00ed roli p\u0159i zachov\u00e1n\u00ed p\u0159esnosti hraje tak\u00e9 programov\u00e1n\u00ed \u0159ezan\u00fdch d\u00edl\u016f, kter\u00e9 vy\u017eaduje speci\u00e1ln\u00ed pomocn\u00e9 funkce pro konfiguraci softwaru pro p\u0159esn\u00e9 ku\u017eelov\u00e9 \u0159ez\u00e1n\u00ed.<\/p>\n<p>BOGONG Cutting Systems nab\u00edz\u00ed \u0159adu \u00fakosov\u00fdch \u0159ezac\u00edch jednotek p\u0159izp\u016fsoben\u00fdch pro r\u016fzn\u00e9 \u0159ezac\u00ed aplikace,Automatick\u00e9 syst\u00e9my jsou pln\u011b \u0159\u00edzen\u00e9 a nevy\u017eaduj\u00ed \u017e\u00e1dn\u00e9 ru\u010dn\u00ed nastaven\u00ed, co\u017e zaji\u0161\u0165uje konzistentn\u00ed v\u00fdkon.<\/p>\n<div class=\"sub-header-divs\">\n<h3>V\u00fdkon<\/h3>\n<\/div>\n<ul>\n<li>Laserov\u00e9 m\u00e9dium - pevnol\u00e1tkov\u00fd vl\u00e1knov\u00fd laser CW 1070nm<\/li>\n<li>V\u00fdkon laseru - 6000W -40000W Mo\u017enosti vl\u00e1knov\u00e9ho zdroje<\/li>\n<li>V\u00fdkon - <strong>\u00a0380V 3 f\u00e1ze<\/strong><\/li>\n<li>P\u0159esnost polohov\u00e1n\u00ed - \u2264\u00b10,03 mm<\/li>\n<li>P\u0159esnost opakovatelnosti - \u2264\u00b10,02 mm<\/li>\n<\/ul>\n<div class=\"sub-header-divs\">\n<h3>Syst\u00e9m<\/h3>\n<\/div>\n<ul>\n<li>Pohonn\u00fd syst\u00e9m - uzav\u0159en\u00e1 smy\u010dka serva<\/li>\n<li>Re\u017eim chlazen\u00ed - chlazen\u00e1 voda<\/li>\n<\/ul>\n<p>Na\u0161e laserov\u00e9 \u0159ez\u00e1n\u00ed kovov\u00fdch desek pod \u00fahlem se vymyk\u00e1 tradi\u010dn\u00edmu p\u0159\u00edm\u00e9mu \u0159ez\u00e1n\u00ed pod \u00fahlem 0\u00b0 a umo\u017e\u0148uje p\u0159esn\u00e9 \u0159ez\u00e1n\u00ed pod \u00fahlem a\u017e 45\u00b0 na rovn\u00fdch ploch\u00e1ch. Tento stroj efektivn\u011b zvl\u00e1d\u00e1 r\u016fzn\u00e9 konstrukce \u00fakos\u016f, v\u010detn\u011b tvar\u016f V, X a Y, a dokon\u010duje \u0159ez\u00e1n\u00ed a fr\u00e9zov\u00e1n\u00ed v r\u00e1mci jedn\u00e9 operace. V\u00fdsledkem jsou d\u00edly s v\u00fdjime\u010dnou rozm\u011brovou p\u0159esnost\u00ed a kvalitou povrchu, co\u017e v\u00fdrazn\u011b zvy\u0161uje efektivitu, zaji\u0161\u0165uje vysokou kvalitu a \u0161et\u0159\u00ed zdroje.<\/p>\n<p><iframe title=\"\u0158EZ\u00c1N\u00cd PLOCH vl\u00e1knov\u00fdm laserem | \u0158ez\u00e1n\u00ed dr\u00e1\u017eek, zkosen\u00ed vl\u00e1knov\u00fdm laserem\" width=\"1290\" height=\"726\" src=\"https:\/\/www.youtube.com\/embed\/2ejtVyjr7UY?feature=oembed\" frameborder=\"0\" allow=\"accelerometer; autoplay; clipboard-write; encrypted-media; gyroscope; picture-in-picture; web-share\" referrerpolicy=\"strict-origin-when-cross-origin\" allowfullscreen><\/iframe><\/p>\n<p>If you&#8217;d like more information or want to inquire about the price of our bevel fiber laser cutting machine, feel free to reach out via email!Achieve perfect bevels in a single pass with our advanced cutting technology! Our machine can perform \u00b145\u00b0 bevel cutting, providing an exceptional fit for welding. The cut-offs produced are ideal for zero gap welding, eliminating the need for extra cutting or grinding. This results in a remarkable 75% increase in efficiency compared to traditional metal cutters.<\/p>\n<p>Na\u0161e v\u00fdkonn\u00e1 \u00fakosov\u00e1 \u0159ezn\u00e1 hlava je vybavena sofistikovan\u00fdm t\u0159\u00edrozm\u011brn\u00fdm p\u011btios\u00fdm \u0159\u00eddic\u00edm syst\u00e9mem, kter\u00fd umo\u017e\u0148uje p\u0159esn\u00e9 \u0159\u00edzen\u00ed \u00fahlu a poka\u017ed\u00e9 poskytuje vysoce kvalitn\u00ed \u00fakosov\u00e9 \u0159ezy.<\/p>\n<p>Ocen\u00edte tak\u00e9 v\u00fdhody \u0161ikm\u00e9 perforace, kter\u00e1 vede k p\u0159esn\u00e9mu um\u00edst\u011bn\u00ed po perforaci a zvy\u0161uje celkovou efektivitu \u0159ez\u00e1n\u00ed.<\/p>\n<p>Spole\u010dnost BOGONG je zn\u00e1m\u00e1 kvalitou laserov\u00fdch za\u0159\u00edzen\u00ed a poprodejn\u00edm servisem.Na\u0161e stroje jsou v\u0161estrann\u00e9 a u\u017eivatelsky p\u0159\u00edv\u011btiv\u00e9, navr\u017een\u00e9 s ohledem na v\u0161echny \u00farovn\u011b dovednost\u00ed. Na\u0161\u00ed prioritou je p\u0159edev\u0161\u00edm spokojenost z\u00e1kazn\u00edk\u016f. A\u0165 u\u017e jste zku\u0161en\u00fd odborn\u00edk, nebo za\u010d\u00e1te\u010dn\u00edk, spole\u010dnost BOGONG LASER je zde, aby v\u00e1s podpo\u0159ila na ka\u017ed\u00e9m kroku. D\u016fv\u011b\u0159ujte n\u00e1m a na\u0161im slu\u017eb\u00e1m, kde se spojuje dokonalost a inovace pro v\u00e1\u0161 \u00fasp\u011bch.<\/p>","protected":false},"excerpt":{"rendered":"<p>\u00dakosov\u00fd laserov\u00fd \u0159ezac\u00ed stroj zjednodu\u0161uje proces \u0159ez\u00e1n\u00ed kovov\u00fdch \u00fakos\u016f a vytv\u00e1\u0159\u00ed dokonal\u00e9 \u00fakosy pouze jedn\u00edm pr\u016fchodem. Vysoce v\u00fdkonn\u00e1 \u0159ezac\u00ed hlava laseru BOGONG s pokro\u010dil\u00fdm trojrozm\u011brn\u00fdm p\u011btios\u00fdm \u0159\u00eddic\u00edm syst\u00e9mem p\u0159esn\u011b \u0159\u00edd\u00ed \u00fahly \u0159ez\u00e1n\u00ed \u00fakos\u016f a zaji\u0161\u0165uje v\u017edy vysoce kvalitn\u00ed \u0159ezy. V\u00fdsledkem je, \u017ee hotov\u00e9 obrobky jsou ve srovn\u00e1n\u00ed s tradi\u010dn\u00edmi metodami vhodn\u011bj\u0161\u00ed pro beze\u0161v\u00e9 sva\u0159ov\u00e1n\u00ed.<\/p>\n<ul class=\"tips\">\n<li>20 sad \/ m\u011bs\u00edc \u010dek\u00e1 na prodej Skladem<\/li>\n<li>2 roky omezen\u00e9 z\u00e1ruky na cel\u00fd stroj<\/li>\n<li>Online (PayPal) a offline (T\/T, debetn\u00ed a kreditn\u00ed karty)<\/li>\n<li>Do\u017eivotn\u00ed bezplatn\u00e1 technick\u00e1 podpora pro koncov\u00e9 u\u017eivatele a prodejce<\/li>\n<\/ul>","protected":false},"featured_media":2007,"template":"","meta":{"_gspb_post_css":""},"product_brand":[],"product_cat":[117,92,118],"product_tag":[105,106],"class_list":{"0":"post-2005","1":"product","2":"type-product","3":"status-publish","4":"has-post-thumbnail","6":"product_cat-fiber-laser-cutting-machine","7":"product_cat-laser-cutting-machine","8":"product_cat-laser-metal-cutting-machine","9":"product_tag-fiber-laser-cutting-machine","10":"product_tag-laser-cutting-machine","12":"first","13":"instock","14":"shipping-taxable","15":"product-type-simple"},"_links":{"self":[{"href":"https:\/\/bogonglaser.com\/cs\/wp-json\/wp\/v2\/product\/2005","targetHints":{"allow":["GET"]}}],"collection":[{"href":"https:\/\/bogonglaser.com\/cs\/wp-json\/wp\/v2\/product"}],"about":[{"href":"https:\/\/bogonglaser.com\/cs\/wp-json\/wp\/v2\/types\/product"}],"wp:featuredmedia":[{"embeddable":true,"href":"https:\/\/bogonglaser.com\/cs\/wp-json\/wp\/v2\/media\/2007"}],"wp:attachment":[{"href":"https:\/\/bogonglaser.com\/cs\/wp-json\/wp\/v2\/media?parent=2005"}],"wp:term":[{"taxonomy":"product_brand","embeddable":true,"href":"https:\/\/bogonglaser.com\/cs\/wp-json\/wp\/v2\/product_brand?post=2005"},{"taxonomy":"product_cat","embeddable":true,"href":"https:\/\/bogonglaser.com\/cs\/wp-json\/wp\/v2\/product_cat?post=2005"},{"taxonomy":"product_tag","embeddable":true,"href":"https:\/\/bogonglaser.com\/cs\/wp-json\/wp\/v2\/product_tag?post=2005"}],"curies":[{"name":"wp","href":"https:\/\/api.w.org\/{rel}","templated":true}]}}