{"id":2000,"date":"2024-11-26T10:39:24","date_gmt":"2024-11-26T02:39:24","guid":{"rendered":"https:\/\/bogonglaser.com\/?post_type=product&#038;p=2000"},"modified":"2025-12-10T16:07:48","modified_gmt":"2025-12-10T08:07:48","slug":"6000w-40kw-high-power-fiber-laser-metal-cutting-machine-for-sale","status":"publish","type":"product","link":"https:\/\/bogonglaser.com\/cs\/6000w-40kw-high-power-fiber-laser-metal-cutting-machine-for-sale\/","title":{"rendered":"6000W-40KW Vysoce v\u00fdkonn\u00fd vl\u00e1knov\u00fd laserov\u00fd \u0159ezac\u00ed stroj na kov na prodej"},"content":{"rendered":"<p>Vl\u00e1knov\u00fd laser na \u0159ez\u00e1n\u00ed kov\u016f BOGONG nab\u00edz\u00ed p\u016fsobiv\u00e9 funkce, v\u010detn\u011b vy\u0161\u0161\u00ed rychlosti \u0159ez\u00e1n\u00ed a v\u00fdkonn\u00e9ho 6000W laseru (s mo\u017enost\u00ed volby od 2000W do 40000W). Tento stroj poskytuje v\u00fdjime\u010dnou kvalitu \u0159ez\u00e1n\u00ed, kter\u00e1 jej odli\u0161uje od ostatn\u00edch n\u00e1stroj\u016f.<\/p>\n<p>Je vybaven nejmodern\u011bj\u0161\u00edm laserov\u00fdm gener\u00e1torem IPG a u\u017eivatelsky p\u0159\u00edv\u011btiv\u00fdm softwarem pro \u0159ez\u00e1n\u00ed CNC, tak\u017ee se snadno ovl\u00e1d\u00e1. Jeho robustn\u00ed sva\u0159ovan\u00e1 konstrukce, vyroben\u00e1 z tepeln\u011b zpracovan\u00fdch materi\u00e1l\u016f a zhotoven\u00e1 pomoc\u00ed velk\u00fdch CNC fr\u00e9zek, zaji\u0161\u0165uje dlouhou \u017eivotnost. Nav\u00edc pln\u011b uzav\u0159en\u00fd ohnivzdorn\u00fd a prachot\u011bsn\u00fd bezpe\u010dnostn\u00ed kryt zaji\u0161\u0165uje bezpe\u010dn\u00e9 pracovn\u00ed prost\u0159ed\u00ed.<\/p>\n<p><img decoding=\"async\" class=\"size-medium wp-image-7375\" src=\"https:\/\/bogonglaser.com\/wp-content\/uploads\/2024\/11\/fiber-laser-cutting-machine-sealed-2-300x300.jpg\" alt=\"\u0159ezac\u00ed stroj s vl\u00e1knov\u00fdm laserem ut\u011bsn\u011bn\u00fd\" width=\"300\" height=\"300\" title=\"\" srcset=\"https:\/\/bogonglaser.com\/wp-content\/uploads\/2024\/11\/fiber-laser-cutting-machine-sealed-2-300x300.jpg 300w, https:\/\/bogonglaser.com\/wp-content\/uploads\/2024\/11\/fiber-laser-cutting-machine-sealed-2-100x100.jpg 100w, https:\/\/bogonglaser.com\/wp-content\/uploads\/2024\/11\/fiber-laser-cutting-machine-sealed-2-150x150.jpg 150w, https:\/\/bogonglaser.com\/wp-content\/uploads\/2024\/11\/fiber-laser-cutting-machine-sealed-2-12x12.jpg 12w, https:\/\/bogonglaser.com\/wp-content\/uploads\/2024\/11\/fiber-laser-cutting-machine-sealed-2.jpg 600w\" sizes=\"(max-width: 300px) 100vw, 300px\" \/><\/p>\n<div class=\"sub-header-divs\">\n<h3>V\u00fdkon<\/h3>\n<\/div>\n<ul>\n<li>Laserov\u00e9 m\u00e9dium - pevnol\u00e1tkov\u00fd vl\u00e1knov\u00fd laser CW 1070nm<\/li>\n<li>V\u00fdkon laseru - 6000W -40000W Mo\u017enosti vl\u00e1knov\u00e9ho zdroje<\/li>\n<li>V\u00fdkon - <strong>\u00a0380V 3 f\u00e1ze<\/strong><\/li>\n<li>P\u0159esnost polohov\u00e1n\u00ed - \u2264\u00b10,03 mm<\/li>\n<li>P\u0159esnost opakovatelnosti - \u2264\u00b10,02 mm<\/li>\n<\/ul>\n<div class=\"sub-header-divs\">\n<h3>Syst\u00e9m<\/h3>\n<\/div>\n<ul>\n<li>Pohonn\u00fd syst\u00e9m - uzav\u0159en\u00e1 smy\u010dka serva<\/li>\n<li>Re\u017eim chlazen\u00ed - chlazen\u00e1 voda<\/li>\n<\/ul>\n<p>6000W vl\u00e1knov\u00e1 laserov\u00e1 \u0159eza\u010dka je profesion\u00e1ln\u00ed, vysoce v\u00fdkonn\u00fd stroj ur\u010den\u00fd k laserov\u00e9mu \u0159ez\u00e1n\u00ed kov\u016f. Je vybavena automatick\u00fdm CNC ovlada\u010dem, kter\u00fd usnad\u0148uje \u0159ez\u00e1n\u00ed r\u016fzn\u00fdch kov\u016f: uhl\u00edkov\u00e9 oceli o tlou\u0161\u0165ce a\u017e 25 mm, nerezov\u00e9 oceli o tlou\u0161\u0165ce a\u017e 18 mm, hlin\u00edku o tlou\u0161\u0165ce a\u017e 16 mm a m\u011bdi a mosazi o tlou\u0161\u0165ce a\u017e 10 mm. S maxim\u00e1ln\u00ed rychlost\u00ed \u0159ez\u00e1n\u00ed p\u0159es 60 metr\u016f za minutu poskytuje tento stroj dostate\u010dn\u00fd v\u00fdkon pro snadn\u00e9 zvl\u00e1dnut\u00ed v\u011bt\u0161iny \u00fakol\u016f \u0159ez\u00e1n\u00ed kov\u016f.<\/p>\n<p><iframe title=\"12KW vl\u00e1knov\u00fd laserov\u00fd \u0159ezac\u00ed stroj na prodej\" width=\"1290\" height=\"726\" src=\"https:\/\/www.youtube.com\/embed\/xYmsQJZBIpU?feature=oembed\" frameborder=\"0\" allow=\"accelerometer; autoplay; clipboard-write; encrypted-media; gyroscope; picture-in-picture; web-share\" referrerpolicy=\"strict-origin-when-cross-origin\" allowfullscreen><\/iframe><\/p>\n<h4>Vl\u00e1knov\u00e9 laserov\u00e9 \u0159ezac\u00ed stroje Pou\u017eiteln\u00e1 odv\u011btv\u00ed<\/h4>\n<p>Mechanick\u00e1 a elektrick\u00e1 za\u0159\u00edzen\u00ed, v\u00fdroba plech\u016f, sk\u0159\u00edn\u011b, v\u00fdrobky z nerezov\u00e9 oceli, sv\u00edtidla, automobilov\u00e9 d\u00edly, sklo, \u017eelez\u00e1\u0159sk\u00e9 n\u00e1stroje, reklamn\u00ed n\u00e1pisy, dekorativn\u00ed p\u0159edm\u011bty a dal\u0161\u00ed odv\u011btv\u00ed.<\/p>\n<p>Spole\u010dnost BOGONG je zn\u00e1m\u00e1 kvalitou laserov\u00fdch za\u0159\u00edzen\u00ed a poprodejn\u00edm servisem.Na\u0161e stroje jsou v\u0161estrann\u00e9 a u\u017eivatelsky p\u0159\u00edv\u011btiv\u00e9, navr\u017een\u00e9 s ohledem na v\u0161echny \u00farovn\u011b dovednost\u00ed. Na\u0161\u00ed prioritou je p\u0159edev\u0161\u00edm spokojenost z\u00e1kazn\u00edk\u016f. A\u0165 u\u017e jste zku\u0161en\u00fd odborn\u00edk, nebo za\u010d\u00e1te\u010dn\u00edk, spole\u010dnost BOGONG LASER je zde, aby v\u00e1s podpo\u0159ila na ka\u017ed\u00e9m kroku. D\u016fv\u011b\u0159ujte n\u00e1m a na\u0161im slu\u017eb\u00e1m, kde se spojuje dokonalost a inovace pro v\u00e1\u0161 \u00fasp\u011bch.<\/p>\n<p><img decoding=\"async\" class=\"size-medium wp-image-7376\" src=\"https:\/\/bogonglaser.com\/wp-content\/uploads\/2024\/11\/fiber-laser-cutting-machine-sealed-1-1-300x225.jpg\" alt=\"\u0159ezac\u00ed stroj s vl\u00e1knov\u00fdm laserem ut\u011bsn\u011bn\u00fd\" width=\"300\" height=\"225\" title=\"\" srcset=\"https:\/\/bogonglaser.com\/wp-content\/uploads\/2024\/11\/fiber-laser-cutting-machine-sealed-1-1-300x225.jpg 300w, https:\/\/bogonglaser.com\/wp-content\/uploads\/2024\/11\/fiber-laser-cutting-machine-sealed-1-1-600x450.jpg 600w, https:\/\/bogonglaser.com\/wp-content\/uploads\/2024\/11\/fiber-laser-cutting-machine-sealed-1-1-768x576.jpg 768w, https:\/\/bogonglaser.com\/wp-content\/uploads\/2024\/11\/fiber-laser-cutting-machine-sealed-1-1-16x12.jpg 16w, https:\/\/bogonglaser.com\/wp-content\/uploads\/2024\/11\/fiber-laser-cutting-machine-sealed-1-1.jpg 800w\" sizes=\"(max-width: 300px) 100vw, 300px\" \/><\/p>","protected":false},"excerpt":{"rendered":"<p>The 6000W-40KW fiber laser cutting machine is a powerful CNC fiber laser cutter designed for full-size metal cutting, featuring an exchange pallet for automated metalworking. It offers impressive speed and precision, with power options ranging from 2000W to 40000W, making it an excellent choice for commercial applications in industrial metal fabrication.<\/p>\n<ul class=\"tips\">\n<li>20 Sets \/ Month Waiting for Sale In Stock<\/li>\n<li>2 Years Limited Warranty for Entire Machine<\/li>\n<li>Online (PayPal) &amp; Offline (T\/T, Debit &amp; Credit Cards)<\/li>\n<li>Lifetime Free Technical Support for End-Users &amp; Dealers<\/li>\n<\/ul>\n<hr \/>\n<h4><strong>Get a Quote<\/strong><\/h4>\n<p>[contact-form-7 id=&#8221;029fbc1&#8243; title=&#8221;Products Form&#8221;]<\/p>\n","protected":false},"featured_media":2001,"template":"","meta":{"_gspb_post_css":""},"product_brand":[],"product_cat":[117,92,118],"product_tag":[105,106],"class_list":{"0":"post-2000","1":"product","2":"type-product","3":"status-publish","4":"has-post-thumbnail","6":"product_cat-fiber-laser-cutting-machine","7":"product_cat-laser-cutting-machine","8":"product_cat-laser-metal-cutting-machine","9":"product_tag-fiber-laser-cutting-machine","10":"product_tag-laser-cutting-machine","12":"first","13":"instock","14":"shipping-taxable","15":"product-type-simple"},"_links":{"self":[{"href":"https:\/\/bogonglaser.com\/cs\/wp-json\/wp\/v2\/product\/2000","targetHints":{"allow":["GET"]}}],"collection":[{"href":"https:\/\/bogonglaser.com\/cs\/wp-json\/wp\/v2\/product"}],"about":[{"href":"https:\/\/bogonglaser.com\/cs\/wp-json\/wp\/v2\/types\/product"}],"wp:featuredmedia":[{"embeddable":true,"href":"https:\/\/bogonglaser.com\/cs\/wp-json\/wp\/v2\/media\/2001"}],"wp:attachment":[{"href":"https:\/\/bogonglaser.com\/cs\/wp-json\/wp\/v2\/media?parent=2000"}],"wp:term":[{"taxonomy":"product_brand","embeddable":true,"href":"https:\/\/bogonglaser.com\/cs\/wp-json\/wp\/v2\/product_brand?post=2000"},{"taxonomy":"product_cat","embeddable":true,"href":"https:\/\/bogonglaser.com\/cs\/wp-json\/wp\/v2\/product_cat?post=2000"},{"taxonomy":"product_tag","embeddable":true,"href":"https:\/\/bogonglaser.com\/cs\/wp-json\/wp\/v2\/product_tag?post=2000"}],"curies":[{"name":"wp","href":"https:\/\/api.w.org\/{rel}","templated":true}]}}