{"id":1990,"date":"2024-11-26T09:46:36","date_gmt":"2024-11-26T01:46:36","guid":{"rendered":"https:\/\/bogonglaser.com\/?post_type=product&#038;p=1990"},"modified":"2025-12-10T15:39:04","modified_gmt":"2025-12-10T07:39:04","slug":"5050-small-fiber-laser-cutting-machine","status":"publish","type":"product","link":"https:\/\/bogonglaser.com\/cs\/5050-small-fiber-laser-cutting-machine\/","title":{"rendered":"5050 Mal\u00e9 vl\u00e1knov\u00e9 laserov\u00e9 \u0159ezac\u00ed stroje"},"content":{"rendered":"<p>The BOGONG 5050 Fiber Laser Cutting Machine is an innovative choice for cutting metal, making it easy and quick to create unique, personalized pieces. With a cutting area of 500 x 500 mm and an open design, it produces clean and smooth cuts, which enhances its efficiency for crafting. However, crafting beautiful metal jewelry also demands precision and a bit of artistry, and that\u2019s where the BOGONG small laser jewelry cutter excels. It delivers impressive detail and results that often go above and beyond what you might expect. This machine is also versatile, capable of cutting not just gold and silver but materials like copper and stainless steel as well.<\/p>\n<p>Pokud chcete vytv\u00e1\u0159et jedine\u010dn\u00e9 kovov\u00e9 \u0161perky, BOGONG 5050 od spole\u010dnosti BOGONG LASER m\u00e1 v\u0161e, co pot\u0159ebujete. Jej\u00ed kompaktn\u00ed design \u0161et\u0159\u00ed m\u00edsto a je vybavena automatick\u00fdm CNC ovlada\u010dem a u\u017eivatelsky p\u0159\u00edv\u011btiv\u00fdm softwarem, tak\u017ee je p\u0159\u00edstupn\u00e1 v\u0161em - od za\u010d\u00e1te\u010dn\u00edk\u016f a\u017e po zku\u0161en\u00e9 profesion\u00e1ly. Je to fantastick\u00e1 volba jak pro hobbyisty, tak pro majitele mal\u00fdch firem.<\/p>\n<p><img decoding=\"async\" class=\"size-medium wp-image-7371\" src=\"https:\/\/bogonglaser.com\/wp-content\/uploads\/2024\/11\/5050-fiber-laser-cutter-1-300x200.jpg\" alt=\"5050 vl\u00e1knov\u00fd laserov\u00fd \u0159ezac\u00ed stroj\" width=\"300\" height=\"200\" title=\"\" srcset=\"https:\/\/bogonglaser.com\/wp-content\/uploads\/2024\/11\/5050-fiber-laser-cutter-1-300x200.jpg 300w, https:\/\/bogonglaser.com\/wp-content\/uploads\/2024\/11\/5050-fiber-laser-cutter-1-18x12.jpg 18w, https:\/\/bogonglaser.com\/wp-content\/uploads\/2024\/11\/5050-fiber-laser-cutter-1.jpg 600w\" sizes=\"(max-width: 300px) 100vw, 300px\" \/><\/p>\n<div class=\"sub-header-divs\">\n<h3>V\u00fdkon<\/h3>\n<\/div>\n<ul>\n<li>Laserov\u00e9 m\u00e9dium - pevnol\u00e1tkov\u00fd vl\u00e1knov\u00fd laser CW 1070nm<\/li>\n<li>V\u00fdkon laseru - 1000W a\u017e 3000W Mo\u017enosti vl\u00e1knov\u00e9ho zdroje<\/li>\n<li>Nap\u00e1jen\u00ed - 220 V\u00a0<strong>jednof\u00e1zov\u00e9\/ 380V 3 f\u00e1ze<\/strong><\/li>\n<li>P\u0159esnost polohov\u00e1n\u00ed - \u2264\u00b10,03 mm<\/li>\n<li>P\u0159esnost opakovatelnosti - \u2264\u00b10,02 mm<\/li>\n<\/ul>\n<div class=\"sub-header-divs\">\n<h3>Syst\u00e9m<\/h3>\n<\/div>\n<ul>\n<li>Pohonn\u00fd syst\u00e9m - uzav\u0159en\u00e1 smy\u010dka serva<\/li>\n<li>Re\u017eim chlazen\u00ed - chlazen\u00e1 voda<\/li>\n<\/ul>\n<p>Laserov\u00e9 \u0159ez\u00e1n\u00ed kovov\u00fdch \u0161perk\u016f r\u016fzn\u00fdch tvar\u016f je jednoduch\u00fd a efektivn\u00ed zp\u016fsob vytv\u00e1\u0159en\u00ed personalizovan\u00fdch \u0161perk\u016f. Nab\u00edz\u00ed rychl\u00e9, \u010dist\u00e9 a hladk\u00e9 \u0159ezy. Vytv\u00e1\u0159en\u00ed kr\u00e1sn\u00fdch kovov\u00fdch \u0161perk\u016f v\u0161ak vy\u017eaduje p\u0159esnost a jemn\u00fd dotek. K tomu slou\u017e\u00ed mal\u00e1 laserov\u00e1 \u0159eza\u010dka BOGONG 3030. Poskytuje neuv\u011b\u0159iteln\u00e9 detaily a v\u00fdsledky, kter\u00e9 p\u0159ekon\u00e1vaj\u00ed o\u010dek\u00e1v\u00e1n\u00ed. Nav\u00edc dok\u00e1\u017ee \u0159ezat nejen zlato a st\u0159\u00edbro, ale tak\u00e9 materi\u00e1ly, jako je m\u011b\u010f a nerezov\u00e1 ocel.<\/p>\n<p>Pokud chcete vyr\u00e1b\u011bt jedine\u010dn\u00e9 kovov\u00e9 \u0161perky, pot\u0159ebujete pouze laserovou \u0159eza\u010dku 3030 Fiber od spole\u010dnosti BOGONG LASER. Je kompaktn\u00ed, \u0161et\u0159\u00ed drahocenn\u00fd pracovn\u00ed prostor a je vybavena automatick\u00fdm CNC ovlada\u010dem spolu s intuitivn\u00edm softwarem, kter\u00fd se snadno pou\u017e\u00edv\u00e1, a\u0165 u\u017e jste za\u010d\u00e1te\u010dn\u00edk, nebo zku\u0161en\u00fd profesion\u00e1l. Je ide\u00e1ln\u00ed pro dom\u00e1c\u00ed \u0159emesln\u00edky i mal\u00e9 podnikatele.<\/p>\n<p>Co jsou kovov\u00e9 \u0161perky?<br \/>\nKovov\u00e9 \u0161perky zahrnuj\u00ed \u0161irokou \u0161k\u00e1lu p\u0159edm\u011bt\u016f, jako jsou prsteny, n\u00e1u\u0161nice, n\u00e1hrdeln\u00edky, n\u00e1ramky, bro\u017ee, p\u0159\u00edv\u011bsky a man\u017eetov\u00e9 knofl\u00ed\u010dky, obvykle vyroben\u00e9 z materi\u00e1l\u016f, jako je zlato, st\u0159\u00edbro, m\u011b\u010f, barevn\u00e1 nerezov\u00e1 ocel a dal\u0161\u00ed drah\u00e9 kovy.<\/p>\n<p>V\u011bt\u0161ina t\u011bchto \u0161perk\u016f se skl\u00e1d\u00e1 z mal\u00fdch kus\u016f, co\u017e vy\u017eaduje vysokou p\u0159esnost \u0159ez\u00e1n\u00ed a minim\u00e1ln\u00ed odpad. Tradi\u010dn\u00ed mechanick\u00e9 metody brou\u0161en\u00ed jednodu\u0161e nespl\u0148uj\u00ed modern\u00ed po\u017eadavky na v\u00fdrobu \u0161perk\u016f. Nejlep\u0161\u00edm \u0159e\u0161en\u00edm je \u0159ez\u00e1n\u00ed laserem, kter\u00e9 nab\u00edz\u00ed rychlost, p\u0159esnost, vysokou kvalitu a nedestruktivn\u00ed postupy \u0161etrn\u00e9 k \u017eivotn\u00edmu prost\u0159ed\u00ed. Vzhledem k tomu, \u017ee r\u016fzn\u00e9 kovy maj\u00ed r\u016fzn\u00fd stupe\u0148 m\u011bkkosti, tvrdosti a odrazivosti, jsou vl\u00e1knov\u00e9 lasery obzvl\u00e1\u0161t\u011b vhodn\u00e9 pro dosa\u017een\u00ed p\u0159esn\u00fdch \u0159ez\u016f kovov\u00fdch \u0161perk\u016f.<\/p>\n<p><iframe title=\"600 * 500mm Fiber Laser Cutter | \u010c\u00edna Mal\u00e9 Fiber Laserov\u00fd \u0159ezac\u00ed stroj na kov | 1000W 1500W 2000W\" width=\"1290\" height=\"726\" src=\"https:\/\/www.youtube.com\/embed\/x7g958Qjxkw?feature=oembed\" frameborder=\"0\" allow=\"accelerometer; autoplay; clipboard-write; encrypted-media; gyroscope; picture-in-picture; web-share\" referrerpolicy=\"strict-origin-when-cross-origin\" allowfullscreen><\/iframe><\/p>\n<h4>Pou\u017eit\u00ed: \u0158ez\u00e1n\u00ed nerezov\u00e9 oceli, uhl\u00edkov\u00e9 oceli, legovan\u00e9 oceli, k\u0159em\u00edkov\u00e9 oceli, pozinkovan\u00e9 oceli, slitiny niklu a titanu, Inconelu, slitiny titanu a dal\u0161\u00edch.<\/h4>\n<p>Jak to funguje?<br \/>\nLaserov\u00e9 \u0159eza\u010dky kovov\u00fdch \u0161perk\u016f vyu\u017e\u00edvaj\u00ed pokro\u010dilou laserovou technologii a pro proces je kl\u00ed\u010dov\u00fd zp\u016fsob, jak\u00fdm materi\u00e1ly s laserem interaguj\u00ed. Zde je jednoduch\u00fd p\u0159ehled, jak to funguje krok za krokem:<\/p>\n<p>1. Vstupn\u00ed \u00fadaje pro n\u00e1vrh: Nejprve vytvo\u0159\u00edte n\u00e1vrh pomoc\u00ed softwaru CAD. Tento n\u00e1vrh se pot\u00e9 p\u0159evede do strojov\u011b \u010diteln\u00e9ho form\u00e1tu pomoc\u00ed softwaru CAM.<\/p>\n<p>2. Generov\u00e1n\u00ed laseru: K vytvo\u0159en\u00ed koncentrovan\u00e9ho paprsku vysokoteplotn\u00edho sv\u011btla pou\u017e\u00edv\u00e1 fr\u00e9za bu\u010f CO2, nebo vl\u00e1knov\u00fd laser.<\/p>\n<p>3. Zam\u011b\u0159en\u00ed paprsku: Optick\u00fd syst\u00e9m nasm\u011bruje v\u00fdkonn\u00fd laserov\u00fd paprsek do ur\u010dit\u00e9ho bodu na kovov\u00e9m povrchu, aby jej mohl \u0159ezat nebo grav\u00edrovat.<\/p>\n<p>4. Interakce s materi\u00e1lem: Teplo laseru p\u016fsob\u00ed na r\u016fzn\u00e9 kovy r\u016fzn\u00fdm zp\u016fsobem, tak\u017ee nastaven\u00ed se m\u016f\u017ee m\u011bnit v z\u00e1vislosti na materi\u00e1lu.<\/p>\n<p>5. \u0158\u00edzen\u00fd pohyb: Laser se pohybuje p\u0159esn\u011b podle pokyn\u016f softwaru.<\/p>\n<p>6. Chlazen\u00ed: \u00da\u010dinn\u00fd syst\u00e9m chlazen\u00ed je z\u00e1sadn\u00ed pro to, aby si hotov\u00fd v\u00fdrobek zachoval sv\u016fj p\u016fvodn\u00ed tvar a kvalitu.<\/p>\n<p>7. Odstran\u011bn\u00ed zbytk\u016f: Po procesu \u0159ez\u00e1n\u00ed se zbytky materi\u00e1lu o\u010dist\u00ed, aby se d\u00edlu dodal le\u0161t\u011bn\u00fd povrch.<\/p>\n<p>Pro\u010d si vybrat p\u0159esn\u00fd laserov\u00fd \u0159ezac\u00ed stroj pro \u0159ez\u00e1n\u00ed st\u0159\u00edbrn\u00fdch, zlat\u00fdch a m\u011bd\u011bn\u00fdch \u0161perk\u016f? - V\u00fdhody a p\u0159ednosti<br \/>\n\u2714 Kompaktn\u00ed a bezpe\u010dn\u00fd design: Je vybaven antiradia\u010dn\u00edm sklem podle normy CE, tak\u017ee jeho provoz je bezpe\u010dn\u011bj\u0161\u00ed.<\/p>\n<p>\u2714 Vysoce p\u0159esn\u00e9 \u0159ez\u00e1n\u00ed: Pro rychl\u00e9 a p\u0159esn\u00e9 \u0159ezy pou\u017e\u00edv\u00e1 dov\u00e1\u017een\u00fd japonsk\u00fd syst\u00e9m servopohonu na st\u0159\u00eddav\u00fd proud.<\/p>\n<p>\u2714 P\u0159esn\u00fd pohyb: Osa Y je navr\u017eena s vysoce p\u0159esn\u00fdm kuli\u010dkov\u00fdm \u0161roubem, kter\u00fd zaji\u0161\u0165uje rovn\u00e9 \u0159ezy i p\u0159i vysok\u00fdch rychlostech.<\/p>\n<p>\u2714 Odoln\u00e1 konstrukce: Stroj je vyroben tak, aby vydr\u017eel a byl odoln\u00fd proti deformaci.<\/p>\n<p>\u2714 Efektivn\u00ed um\u00edst\u011bn\u00ed: Pneumatick\u00e9 svorky bezpe\u010dn\u011b dr\u017e\u00ed ten\u010d\u00ed materi\u00e1ly, zat\u00edmco pohybliv\u00fd st\u016fl s no\u017ei pojme siln\u011bj\u0161\u00ed kusy a zajist\u00ed p\u0159esnost.<\/p>\n<p>\u2714 Ochrann\u00e9 st\u00edn\u011bn\u00ed: Zcela uzav\u0159en\u00e1 konstrukce zabra\u0148uje \u00faniku kovov\u00fdch \u00falomk\u016f b\u011bhem \u0159ez\u00e1n\u00ed.<\/p>\n<p>\u2714 Snadn\u00fd sb\u011br odpadu: Sb\u011brn\u00e1 n\u00e1doba pod \u0159ezac\u00edm stolem usnad\u0148uje rychl\u00e9 shroma\u017e\u010fov\u00e1n\u00ed a likvidaci zbytk\u016f materi\u00e1lu.<\/p>\n<p>Spole\u010dnost BOGONG je zn\u00e1m\u00e1 kvalitou laserov\u00fdch za\u0159\u00edzen\u00ed a poprodejn\u00edm servisem.Na\u0161e stroje jsou v\u0161estrann\u00e9 a u\u017eivatelsky p\u0159\u00edv\u011btiv\u00e9, navr\u017een\u00e9 s ohledem na v\u0161echny \u00farovn\u011b dovednost\u00ed. Na\u0161\u00ed prioritou je p\u0159edev\u0161\u00edm spokojenost z\u00e1kazn\u00edk\u016f. A\u0165 u\u017e jste zku\u0161en\u00fd odborn\u00edk, nebo za\u010d\u00e1te\u010dn\u00edk, spole\u010dnost BOGONG LASER je zde, aby v\u00e1s podpo\u0159ila na ka\u017ed\u00e9m kroku. D\u016fv\u011b\u0159ujte n\u00e1m a na\u0161im slu\u017eb\u00e1m, kde se spojuje dokonalost a inovace pro v\u00e1\u0161 \u00fasp\u011bch.<\/p>\n<p><iframe title=\"600*600mm Fiber Laser Cutter\" width=\"1290\" height=\"726\" src=\"https:\/\/www.youtube.com\/embed\/-8xJK_v2xVU?feature=oembed\" frameborder=\"0\" allow=\"accelerometer; autoplay; clipboard-write; encrypted-media; gyroscope; picture-in-picture; web-share\" referrerpolicy=\"strict-origin-when-cross-origin\" allowfullscreen><\/iframe><\/p>","protected":false},"excerpt":{"rendered":"<h3>5050 Vl\u00e1knov\u00fd laserov\u00fd \u0159ezac\u00ed stroj<\/h3>\n<p>\u0158ezac\u00ed stroj BOGONG 5050 s vl\u00e1knov\u00fdm laserem je chytr\u00e9 \u0159e\u0161en\u00ed pro \u0159ez\u00e1n\u00ed kovu, kter\u00e9 nab\u00edz\u00ed fantastick\u00fd zp\u016fsob, jak rychle a snadno vytv\u00e1\u0159et jedine\u010dn\u00e9, personalizovan\u00e9 kusy. D\u00edky \u0159ezn\u00e9 plo\u0161e 500 x 500 mm a otev\u0159en\u00e9mu designu poskytuje \u010dist\u00e9 a hladk\u00e9 \u0159ezy, co\u017e z n\u011bj \u010din\u00ed vysoce efektivn\u00ed n\u00e1stroj pro \u0159emeslnou v\u00fdrobu. Vytv\u00e1\u0159en\u00ed \u00fachvatn\u00fdch kovov\u00fdch \u0161perk\u016f v\u0161ak vy\u017eaduje jak p\u0159esnost, tak um\u011bleck\u00fd talent. Pr\u00e1v\u011b v tom zaz\u00e1\u0159\u00ed mal\u00e1 laserov\u00e1 \u0159eza\u010dka \u0161perk\u016f BOGONG. Tento stroj poskytuje pozoruhodn\u00e9 detaily a v\u00fdsledky, kter\u00e9 \u010dasto p\u0159ed\u010d\u00ed o\u010dek\u00e1v\u00e1n\u00ed. Je tak\u00e9 v\u0161estrann\u00fd, um\u00ed \u0159ezat nejen zlato a st\u0159\u00edbro, ale tak\u00e9 materi\u00e1ly, jako je m\u011b\u010f a nerezov\u00e1 ocel.<\/p>\n<p>Pokud chcete vyr\u00e1b\u011bt jedine\u010dn\u00e9 kovov\u00e9 \u0161perky, BOGONG 5050 od spole\u010dnosti BOGONG LASER m\u00e1 v\u0161e, co pot\u0159ebujete. Jeho kompaktn\u00ed design \u0161et\u0159\u00ed m\u00edsto a je vybaven automatick\u00fdm CNC ovlada\u010dem spolu s u\u017eivatelsky p\u0159\u00edv\u011btiv\u00fdm softwarem, tak\u017ee je vhodn\u00fd pro ka\u017ed\u00e9ho - od za\u010d\u00e1te\u010dn\u00edk\u016f a\u017e po zku\u0161en\u00e9 profesion\u00e1ly. Je vynikaj\u00edc\u00ed volbou jak pro hobbyisty, tak pro majitele mal\u00fdch firem.<\/p>\n<ul class=\"tips\">\n<li>200 sad \/ m\u011bs\u00edc \u010dek\u00e1 na prodej Skladem<\/li>\n<li>2 roky omezen\u00e9 z\u00e1ruky na cel\u00fd stroj<\/li>\n<li>Online (PayPal) a offline (T\/T, debetn\u00ed a kreditn\u00ed karty)<\/li>\n<li>Do\u017eivotn\u00ed bezplatn\u00e1 technick\u00e1 podpora pro koncov\u00e9 u\u017eivatele a prodejce<\/li>\n<\/ul>","protected":false},"featured_media":2010,"template":"","meta":{"_gspb_post_css":""},"product_brand":[],"product_cat":[117,92,118],"product_tag":[105,106],"class_list":{"0":"post-1990","1":"product","2":"type-product","3":"status-publish","4":"has-post-thumbnail","6":"product_cat-fiber-laser-cutting-machine","7":"product_cat-laser-cutting-machine","8":"product_cat-laser-metal-cutting-machine","9":"product_tag-fiber-laser-cutting-machine","10":"product_tag-laser-cutting-machine","12":"first","13":"instock","14":"shipping-taxable","15":"product-type-simple"},"_links":{"self":[{"href":"https:\/\/bogonglaser.com\/cs\/wp-json\/wp\/v2\/product\/1990","targetHints":{"allow":["GET"]}}],"collection":[{"href":"https:\/\/bogonglaser.com\/cs\/wp-json\/wp\/v2\/product"}],"about":[{"href":"https:\/\/bogonglaser.com\/cs\/wp-json\/wp\/v2\/types\/product"}],"wp:featuredmedia":[{"embeddable":true,"href":"https:\/\/bogonglaser.com\/cs\/wp-json\/wp\/v2\/media\/2010"}],"wp:attachment":[{"href":"https:\/\/bogonglaser.com\/cs\/wp-json\/wp\/v2\/media?parent=1990"}],"wp:term":[{"taxonomy":"product_brand","embeddable":true,"href":"https:\/\/bogonglaser.com\/cs\/wp-json\/wp\/v2\/product_brand?post=1990"},{"taxonomy":"product_cat","embeddable":true,"href":"https:\/\/bogonglaser.com\/cs\/wp-json\/wp\/v2\/product_cat?post=1990"},{"taxonomy":"product_tag","embeddable":true,"href":"https:\/\/bogonglaser.com\/cs\/wp-json\/wp\/v2\/product_tag?post=1990"}],"curies":[{"name":"wp","href":"https:\/\/api.w.org\/{rel}","templated":true}]}}