{"id":1974,"date":"2024-11-25T13:45:44","date_gmt":"2024-11-25T05:45:44","guid":{"rendered":"https:\/\/bogonglaser.com\/?post_type=product&#038;p=1974"},"modified":"2025-12-10T18:12:19","modified_gmt":"2025-12-10T10:12:19","slug":"200w-300w-pulse-laser-cleaning-machine-with-raycus-max-jpt-laser","status":"publish","type":"product","link":"https:\/\/bogonglaser.com\/cs\/200w-300w-pulse-laser-cleaning-machine-with-raycus-max-jpt-laser\/","title":{"rendered":"Pulzn\u00ed laserov\u00fd \u010distic\u00ed stroj s laserem Raycus Max JPT"},"content":{"rendered":"<div class=\"vc_row wpb_row vc_row-fluid\">\n<div class=\"wpb_column vc_column_container vc_col-sm-12\">\n<div class=\"vc_column-inner\">\n<div class=\"wpb_wrapper\">\n<div class=\"wpb_text_column wpb_content_element\">\n<div class=\"wpb_wrapper\">\n<p>A pulse\u00a0laser cleaning machine\u00a0is an innovative tool that uses brief, controlled bursts of laser light to effectively remove contaminants from various surfaces. It\u2019s particularly useful for cleaning materials like metal, glass, ceramics, and more. Here are some of its common applications:<\/p>\n<p>\u2013 Removing paint: Effortlessly strip away old paint layers.<br \/>\n\u2013 Rust removal: Eliminate rust to restore surfaces.<br \/>\n\u2013 Oil stains and oxide films: Clean away stubborn oil stains and oxide layers.<br \/>\n\u2013 Weld cleaning: Prepare welds for finishing by removing impurities.<br \/>\n\u2013 Automobile part renovation: Restore and clean auto parts for better performance.<br \/>\n\u2013 Precision parts cleaning: Safeguard the integrity of delicate components.<br \/>\n\u2013 Electronic equipment cleaning: Remove contaminants without damaging sensitive devices.<\/p>\n<p>Tento stroj umo\u017e\u0148uje efektivn\u00ed a p\u0159esn\u00fd zp\u016fsob \u00fadr\u017eby a obnovy r\u016fzn\u00fdch materi\u00e1l\u016f.<\/p>\n<p>Hlavn\u00ed funkce jsou uvedeny n\u00ed\u017ee:<\/p>\n<ul>\n<li>Typ laseru: Vl\u00e1knov\u00fd laser<br \/>\nV\u00fdkon laseru: 200W 300W<br \/>\nV\u00fdstupn\u00ed rozsah (je-li nastaviteln\u00fd): 0-100%<br \/>\nVytv\u00e1\u0159en\u00ed pulz\u016f: MOPA Q-Switched (faktor kvality)<br \/>\nLaserov\u00fd gener\u00e1tor: JPT\/Raycus\/Max<br \/>\nOblast \u010di\u0161t\u011bn\u00ed: (voliteln\u011b 130x130 mm, 150x150 mm).<br \/>\nD\u00e9lka vl\u00e1kna: 5 m<br \/>\nTyp chlazen\u00ed: Vzduch<br \/>\nPo prodeji: 2 roky<\/li>\n<\/ul>\n<\/div>\n<\/div>\n<\/div>\n<\/div>\n<\/div>\n<\/div>\n<div class=\"vc_row wpb_row vc_row-fluid\">\n<div class=\"wpb_column vc_column_container vc_col-sm-12\">\n<div class=\"vc_column-inner\">\n<div class=\"wpb_wrapper\">\n<div class=\"wpb_single_image wpb_content_element vc_align_left wpb_content_element\">\n<figure class=\"wpb_wrapper vc_figure\">\n<div class=\"vc_single_image-wrapper vc_box_border_grey\"><img decoding=\"async\" class=\"vc_single_image-img attachment-full\" title=\"\u9ed1\u767d300w\u6e05\u6d17\u673a\u73b0\u573a\u5b9e\u62cd3\" src=\"https:\/\/bogonglaser.com\/wp-content\/uploads\/2024\/11\/%E9%BB%91%E7%99%BD300w%E6%B8%85%E6%B4%97%E6%9C%BA%E7%8E%B0%E5%9C%BA%E5%AE%9E%E6%8B%8D3.png\" sizes=\"auto, (max-width: 800px) 100vw, 800px\" srcset=\"https:\/\/bogonglaser.com\/wp-content\/uploads\/2024\/11\/\u9ed1\u767d300w\u6e05\u6d17\u673a\u73b0\u573a\u5b9e\u62cd3.png 800w, https:\/\/bogonglaser.com\/wp-content\/uploads\/2024\/11\/\u9ed1\u767d300w\u6e05\u6d17\u673a\u73b0\u573a\u5b9e\u62cd3-300x225.png 300w, https:\/\/bogonglaser.com\/wp-content\/uploads\/2024\/11\/\u9ed1\u767d300w\u6e05\u6d17\u673a\u73b0\u573a\u5b9e\u62cd3-768x576.png 768w, https:\/\/bogonglaser.com\/wp-content\/uploads\/2024\/11\/\u9ed1\u767d300w\u6e05\u6d17\u673a\u73b0\u573a\u5b9e\u62cd3-600x450.png 600w\" alt=\"Pulzn\u00ed laserov\u00fd \u010disti\u010d\" width=\"800\" height=\"600\" \/><\/div>\n<\/figure>\n<\/div>\n<\/div>\n<\/div>\n<\/div>\n<\/div>\n<div class=\"vc_row wpb_row vc_row-fluid\">\n<div class=\"wpb_column vc_column_container vc_col-sm-12\">\n<div class=\"vc_column-inner\">\n<div class=\"wpb_wrapper\">\n<div class=\"wpb_video_widget wpb_content_element vc_clearfix vc_video-aspect-ratio-169 vc_video-el-width-80 vc_video-align-left\">\n<div class=\"wpb_wrapper\">\n<h2 class=\"wpb_heading wpb_video_heading\">\u00davod Pulzn\u00ed laserov\u00fd \u010distic\u00ed stroj<\/h2>\n<div class=\"wpb_video_wrapper\">\n<p><iframe title=\"Co dok\u00e1\u017ee 300W pulzn\u00ed laserov\u00fd \u010distic\u00ed stroj? 300W pulzn\u00ed laserov\u00fd \u010disti\u010d na n\u00e1t\u011bry, olej, rez atd.\" width=\"1290\" height=\"968\" src=\"https:\/\/www.youtube.com\/embed\/bSn_4ZrmhzA?feature=oembed\" frameborder=\"0\" allow=\"accelerometer; autoplay; clipboard-write; encrypted-media; gyroscope; picture-in-picture; web-share\" referrerpolicy=\"strict-origin-when-cross-origin\" allowfullscreen><\/iframe><\/p>\n<\/div>\n<\/div>\n<\/div>\n<\/div>\n<\/div>\n<\/div>\n<\/div>\n<div class=\"vc_row wpb_row vc_row-fluid\">\n<div class=\"wpb_column vc_column_container vc_col-sm-12\">\n<div class=\"vc_column-inner\">\n<div class=\"wpb_wrapper\">\n<div class=\"wpb_text_column wpb_content_element\">\n<div class=\"wpb_wrapper\">\n<p>Funkce pulzn\u00edho laserov\u00e9ho \u010disti\u010de<\/p>\n<p>Pulzn\u00ed laserov\u00fd \u010disti\u010d se odli\u0161uje od kontinu\u00e1ln\u00edch (CW) laserov\u00fdch \u010disti\u010d\u016f t\u00edm, \u017ee pou\u017e\u00edv\u00e1 inteligentn\u00ed \u010distic\u00ed hlavu s dvojit\u00fdm kmit\u00e1n\u00edm a nab\u00edz\u00ed p\u016fsobivou \u0161k\u00e1lu 8 re\u017eim\u016f \u010di\u0161t\u011bn\u00ed pro r\u016fzn\u00e9 aplikace. Tento syst\u00e9m \u00fa\u010dinn\u011b \u0159\u00edd\u00ed vstupn\u00ed v\u00fdkon nastaven\u00edm parametr\u016f, jako je \u0161\u00ed\u0159ka a frekvence pulz\u016f, udr\u017euje optim\u00e1ln\u00ed teplotu obrobku a z\u00e1rove\u0148 minimalizuje ztr\u00e1ty energie, co\u017e zvy\u0161uje celkovou \u00fa\u010dinnost.<\/p>\n<p>U\u017eivatelsky p\u0159\u00edv\u011btiv\u00fd design: Tento laserov\u00fd \u010disti\u010d je navr\u017een s ohledem na pohodl\u00ed a obsahuje 5 metr\u016f dlouh\u00fd optick\u00fd kabel, kter\u00fd poskytuje flexibilitu pro provoz bez prostorov\u00fdch omezen\u00ed. Laserov\u00fd stroj BOGONG je vybaven dv\u011bma dotykov\u00fdmi obrazovkami - jednou na laserov\u00e9 hlav\u011b a druhou na sk\u0159\u00edni stroje - kter\u00e9 umo\u017e\u0148uj\u00ed snadn\u00e9 nastaven\u00ed parametr\u016f. Jeho roz\u0161\u00ed\u0159en\u00e9 rozhran\u00ed IO umo\u017e\u0148uje bezprobl\u00e9movou integraci s manipul\u00e1tory pro automatizovan\u00e9 \u00fakony \u010di\u0161t\u011bn\u00ed. Krom\u011b toho jsou sou\u010d\u00e1st\u00ed dod\u00e1vky obs\u00e1hl\u00e9 anglick\u00e9 p\u0159\u00edru\u010dky a instrukt\u00e1\u017en\u00ed videa, kter\u00e1 u\u017eivatel\u016fm tohoto laserov\u00e9ho odstra\u0148ova\u010de rzi zajist\u00ed hladk\u00e9 a rychl\u00e9 u\u010den\u00ed.<\/p>\n<p>V\u0161estrannost jednoho m\u00f3du: Pulzn\u00ed jednovidov\u00fd provoz je stejn\u011b jako u 2mJ laserov\u00e9ho \u010distic\u00edho stroje vysoce p\u0159izp\u016fsobiv\u00fd a vhodn\u00fd pro r\u016fzn\u00e9 aplikace, v\u010detn\u011b \u010di\u0161t\u011bn\u00ed kovov\u00fdch povrch\u016f, automobilov\u00fdch d\u00edl\u016f, kamene, d\u0159eva, plast\u016f a dal\u0161\u00edch materi\u00e1l\u016f, kter\u00e9 vy\u017eaduj\u00ed \u010di\u0161t\u011bn\u00ed vysok\u00fdm v\u00fdkonem. Je obzvl\u00e1\u0161t\u011b \u00fa\u010dinn\u00fd p\u0159i \u0159e\u0161en\u00ed n\u00e1ro\u010dn\u00fdch \u00fakol\u016f se silnou p\u0159ilnavost\u00ed, jako je siln\u00e1 rez, vrstvy oxid\u016f a siln\u00e9 n\u00e1t\u011bry.<\/p>\n<p>P\u0159esnost ve v\u00edce re\u017eimech: Pulzn\u00ed v\u00edcere\u017eimov\u00fd provoz s v\u00fdkonem 15 mJ je ide\u00e1ln\u00ed pro vysoce p\u0159esn\u00e9 \u00fakoly, jako je \u010di\u0161t\u011bn\u00ed jemn\u00fdch d\u00edl\u016f, \u00fadr\u017eba elektronick\u00fdch za\u0159\u00edzen\u00ed a o\u0161et\u0159ov\u00e1n\u00ed mikrosou\u010d\u00e1stek. Je speci\u00e1ln\u011b navr\u017een tak, aby zvl\u00e1dl sc\u00e9n\u00e1\u0159e zahrnuj\u00edc\u00ed lehkou p\u0159ilnavost, snadno odstraniteln\u00e9 ne\u010distoty a m\u00edrnou korozi, co\u017e z n\u011bj \u010din\u00ed ide\u00e1ln\u00ed volbu pro aplikace, kde je kritick\u00e9 vyhnout se po\u0161kozen\u00ed, jako je nap\u0159\u00edklad \u010di\u0161t\u011bn\u00ed forem.<\/p>\n<\/div>\n<\/div>\n<\/div>\n<\/div>\n<\/div>\n<\/div>\n<div class=\"vc_row wpb_row vc_row-fluid\">\n<div class=\"wpb_column vc_column_container vc_col-sm-12\">\n<div class=\"vc_column-inner\">\n<div class=\"wpb_wrapper\">\n<div class=\"wpb_text_column wpb_content_element\">\n<div class=\"wpb_wrapper\">\n<h3>Pro\u010d si vybrat laserov\u00fd \u010distic\u00ed stroj Bogong<\/h3>\n<ul>\n<li>With extensive experience in laser cleaning technology, we specialize in delivering advanced solutions customized to meet your specific requirements. Our team of expert engineers and technicians possesses deep industry knowledge, ensuring you receive the ideal\u00a0laser cleaning machine\u00a0tailored for your unique applications.<\/li>\n<li>U\u0161et\u0159\u00edme ji\u017e parametr pro odstran\u011bn\u00ed rzi, lakov\u00e1n\u00ed atd., po jeho z\u00edsk\u00e1n\u00ed m\u016f\u017eete snadno za\u010d\u00edt s laserov\u00fdm \u010di\u0161t\u011bn\u00edm.<\/li>\n<li>Bogong poskytuje nejen vysoce kvalitn\u00ed laserov\u00e9 za\u0159\u00edzen\u00ed, ale tak\u00e9 nejlep\u0161\u00ed poprodejn\u00ed servis v minul\u00fdch letech.<\/li>\n<\/ul>\n<\/div>\n<\/div>\n<\/div>\n<\/div>\n<\/div>\n<\/div>\n<div class=\"vc_row wpb_row vc_row-fluid\">\n<div class=\"wpb_column vc_column_container vc_col-sm-12\">\n<div class=\"vc_column-inner\">\n<div class=\"wpb_wrapper\">\n<div class=\"wpb_video_widget wpb_content_element vc_clearfix vc_video-aspect-ratio-169 vc_video-el-width-80 vc_video-align-left\">\n<div class=\"wpb_wrapper\">\n<h2 class=\"wpb_heading wpb_video_heading\">Rozd\u00edl mezi pulzn\u00edm a CW laserov\u00fdm \u010disti\u010dem<\/h2>\n<div class=\"wpb_video_wrapper\">\n<p><iframe title=\"300W vs 500W pulzn\u00ed laserov\u00fd \u010disti\u010d | Rozd\u00edl mezi 300W a 500W laserov\u00fdm \u010distic\u00edm strojem\" width=\"1290\" height=\"726\" src=\"https:\/\/www.youtube.com\/embed\/qm112yLfgfM?feature=oembed\" frameborder=\"0\" allow=\"accelerometer; autoplay; clipboard-write; encrypted-media; gyroscope; picture-in-picture; web-share\" referrerpolicy=\"strict-origin-when-cross-origin\" allowfullscreen><\/iframe><\/p>\n<\/div>\n<\/div>\n<\/div>\n<\/div>\n<\/div>\n<\/div>\n<\/div>\n<div class=\"vc_row wpb_row vc_row-fluid\">\n<div class=\"wpb_column vc_column_container vc_col-sm-12\">\n<div class=\"vc_column-inner\">\n<div class=\"wpb_wrapper\">\n<div class=\"wpb_text_column wpb_content_element\">\n<div class=\"wpb_wrapper\">\n<h2>Jak funguje pulzn\u00ed laserov\u00fd \u010distic\u00ed stroj?<\/h2>\n<p>Pulzn\u00ed laserov\u00e9 \u010distic\u00ed za\u0159\u00edzen\u00ed vyu\u017e\u00edv\u00e1 pokro\u010dilou laserovou technologii k \u00fa\u010dinn\u00e9mu odstra\u0148ov\u00e1n\u00ed ne\u010distot z povrch\u016f. Zde je stru\u010dn\u00fd p\u0159ehled toho, jak funguje:<\/p>\n<ol>\n<li><strong>Laserov\u00e1 emise<\/strong>: Generuje siln\u00fd pulzn\u00ed laserov\u00fd paprsek, kter\u00fd vys\u00edl\u00e1 kr\u00e1tk\u00e9 d\u00e1vky energie pro p\u0159esn\u00e9 \u010di\u0161t\u011bn\u00ed.<\/li>\n<li><strong>C\u00edlen\u00e9 \u010di\u0161t\u011bn\u00ed<\/strong>: P\u0159i zam\u011b\u0159en\u00ed na povrch je energie laseru absorbov\u00e1na ne\u010distotami, jako je rez nebo barva.<\/li>\n<li><strong>Odpa\u0159ov\u00e1n\u00ed<\/strong>: Absorbovan\u00e1 energie rychle zah\u0159\u00edv\u00e1 kontaminanty a zp\u016fsobuje jejich odpa\u0159ov\u00e1n\u00ed, ani\u017e by do\u0161lo k po\u0161kozen\u00ed podkladov\u00e9ho materi\u00e1lu.<\/li>\n<li><strong>Selektivn\u00ed odstran\u011bn\u00ed<\/strong>: Tento proces se selektivn\u011b zam\u011b\u0159uje pouze na kontaminanty a zachov\u00e1v\u00e1 celistvost povrchu.<\/li>\n<li><strong>Nastaviteln\u00e1 nastaven\u00ed<\/strong>: Nab\u00edz\u00ed p\u0159izp\u016fsobiteln\u00e9 nastaven\u00ed v\u00fdkonu a mo\u017enosti zaost\u0159en\u00ed pro r\u016fzn\u00e9 povrchy a \u00farovn\u011b zne\u010di\u0161t\u011bn\u00ed.<\/li>\n<\/ol>\n<p>Celkov\u011b lze \u0159\u00edci, \u017ee pulzn\u00ed laserov\u00fd \u010distic\u00ed stroj nab\u00edz\u00ed efektivn\u00ed, p\u0159esn\u00e9 a v\u0161estrann\u00e9 \u0159e\u0161en\u00ed pro pr\u016fmyslov\u00e9 \u010distic\u00ed aplikace.<\/p>\n<\/div>\n<\/div>\n<\/div>\n<\/div>\n<\/div>\n<\/div>\n<div class=\"vc_row wpb_row vc_row-fluid\">\n<div class=\"wpb_column vc_column_container vc_col-sm-12\">\n<div class=\"vc_column-inner\">\n<div class=\"wpb_wrapper\">\n<div class=\"wpb_single_image wpb_content_element vc_align_left wpb_content_element\">\n<figure class=\"wpb_wrapper vc_figure\">\n<div class=\"vc_single_image-wrapper vc_box_border_grey\"><img decoding=\"async\" class=\"vc_single_image-img attachment-full\" title=\"\u9ed1\u767d300w\u6e05\u6d17\u673a\u5de5\u5382\u7167\u7247\" src=\"https:\/\/bogonglaser.com\/wp-content\/uploads\/2024\/11\/%E9%BB%91%E7%99%BD300w%E6%B8%85%E6%B4%97%E6%9C%BA%E5%B7%A5%E5%8E%82%E7%85%A7%E7%89%87.png\" sizes=\"auto, (max-width: 800px) 100vw, 800px\" srcset=\"https:\/\/bogonglaser.com\/wp-content\/uploads\/2024\/11\/\u9ed1\u767d300w\u6e05\u6d17\u673a\u5de5\u5382\u7167\u7247.png 800w, https:\/\/bogonglaser.com\/wp-content\/uploads\/2024\/11\/\u9ed1\u767d300w\u6e05\u6d17\u673a\u5de5\u5382\u7167\u7247-300x225.png 300w, https:\/\/bogonglaser.com\/wp-content\/uploads\/2024\/11\/\u9ed1\u767d300w\u6e05\u6d17\u673a\u5de5\u5382\u7167\u7247-768x576.png 768w, https:\/\/bogonglaser.com\/wp-content\/uploads\/2024\/11\/\u9ed1\u767d300w\u6e05\u6d17\u673a\u5de5\u5382\u7167\u7247-600x450.png 600w\" alt=\"\u9ed1\u767d300w\u6e05\u6d17\u673a\u5de5\u5382\u7167\u7247\" width=\"800\" height=\"600\" \/><\/div>\n<\/figure>\n<\/div>\n<\/div>\n<\/div>\n<\/div>\n<\/div>\n<div class=\"vc_row wpb_row vc_row-fluid\">\n<div class=\"wpb_column vc_column_container vc_col-sm-12\">\n<div class=\"vc_column-inner\">\n<div class=\"wpb_wrapper\">\n<div class=\"wpb_text_column wpb_content_element\">\n<div class=\"wpb_wrapper\">\n<h3>Jak vybrat spr\u00e1vn\u00fd pulzn\u00ed laserov\u00fd \u010distic\u00ed stroj<\/h3>\n<p>V\u00fdb\u011br spr\u00e1vn\u00e9ho pulzn\u00edho laserov\u00e9ho \u010distic\u00edho stroje bude pro va\u0161e podnik\u00e1n\u00ed d\u016fle\u017eit\u00fd, jak se ujistit, \u017ee stroj spl\u0148uje va\u0161e specifick\u00e9 pot\u0159eby. Zde je pr\u016fvodce, kter\u00fd v\u00e1m pom\u016f\u017ee u\u010dinit informovan\u00e9 rozhodnut\u00ed:<\/p>\n<ol>\n<li><strong>Kompatibilita materi\u00e1l\u016f<\/strong>: Ur\u010dete typy materi\u00e1l\u016f, kter\u00e9 pl\u00e1nujete \u010distit (nap\u0159. rez, malba, na kov d\u0159evo, akryl atd.). Ujist\u011bte se, \u017ee v\u00e1mi vybran\u00fd stroj si s t\u011bmito materi\u00e1ly \u00fa\u010dinn\u011b porad\u00ed.<\/li>\n<li><strong>Typ laseru<\/strong>: R\u016fzn\u00e9 typy laser\u016f 2mj, 5mj a 15mj, r\u016fzn\u00e9 lasery s r\u016fzn\u00fdmi v\u00fdsledky.<\/li>\n<li><strong>Velikost pracovn\u00ed plochy<\/strong>: Zhodno\u0165te velikost \u00faklidov\u00e9 plochy na z\u00e1klad\u011b projekt\u016f, kter\u00e9 pl\u00e1nujete realizovat. Ujist\u011bte se, \u017ee stroj m\u00e1 dostate\u010dnou pracovn\u00ed plochu pro va\u0161e p\u0159edm\u011bty. vyberte si spr\u00e1vn\u00fd objektiv F-theta, pls ask our sales about this.<\/li>\n<li><strong>Snadn\u00e9 pou\u017e\u00edv\u00e1n\u00ed<\/strong>: Hledejte stroje s u\u017eivatelsky p\u0159\u00edv\u011btiv\u00fdm softwarem, kter\u00fd umo\u017e\u0148uje snadn\u00e9 navrhov\u00e1n\u00ed a ovl\u00e1d\u00e1n\u00ed.<\/li>\n<li><strong>Z\u00e1kaznick\u00e1 podpora a z\u00e1ruka<\/strong>: Research the manufacturer\u2019s support options and warranty offered. Reliable customer service can be crucial for troubleshooting and maintenance.<\/li>\n<\/ol>\n<\/div>\n<\/div>\n<\/div>\n<\/div>\n<\/div>\n<\/div>\n<div class=\"vc_row wpb_row vc_row-fluid\">\n<div class=\"wpb_column vc_column_container vc_col-sm-12\">\n<div class=\"vc_column-inner\">\n<div class=\"wpb_wrapper\">\n<div class=\"wpb_text_column wpb_content_element\">\n<div class=\"wpb_wrapper\">\n<p>Platebn\u00ed podm\u00ednky<\/p>\n<p>1. Vklad a z\u016fstatek: Z\u016fstatek je splatn\u00fd p\u0159ed odesl\u00e1n\u00edm z\u00e1silky: 30% T\/T z\u00e1loha je vy\u017eadov\u00e1na p\u0159edem.<\/p>\n<p>2. Alibaba Trade Assurance: Platby lze zpracov\u00e1vat prost\u0159ednictv\u00edm Alibaba Trade Assurance.<\/p>\n<p>Nej\u010dast\u011bj\u0161\u00ed dotazy<\/p>\n<p>Jak\u00e9 je balen\u00ed<br \/>\nNa\u0161e stroje jsou baleny ve t\u0159\u00edvrstv\u00e9m uspo\u0159\u00e1d\u00e1n\u00ed. Vn\u011bj\u0161\u00ed vrstvu tvo\u0159\u00ed d\u0159ev\u011bn\u00e1 bedna, prost\u0159edn\u00ed vrstva je vybavena p\u011bnovou v\u00fdpln\u00ed, kter\u00e1 chr\u00e1n\u00ed p\u0159ed ot\u0159esy, a vnit\u0159n\u00ed vrstva obsahuje siln\u00fd plastov\u00fd s\u00e1\u010dek pro ochranu p\u0159ed vodou.<\/p>\n<p>Dojde b\u011bhem p\u0159epravy k po\u0161kozen\u00ed z\u00e1silky?<br \/>\nNa\u0161e obaly pe\u010dliv\u011b navrhujeme tak, aby \u0159e\u0161ily v\u0161echny mo\u017en\u00e9 faktory po\u0161kozen\u00ed, a na\u0161i p\u0159epravci maj\u00ed zku\u0161enosti s bezpe\u010dnou p\u0159epravou. \u00dasp\u011b\u0161n\u011b jsme exportovali do 180 zem\u00ed, tak\u017ee si m\u016f\u017eete b\u00fdt jisti, \u017ee va\u0161e z\u00e1silka doraz\u00ed ve v\u00fdborn\u00e9m stavu.<\/p>\n<\/div>\n<\/div>\n<\/div>\n<\/div>\n<\/div>\n<\/div>\n<div class=\"vc_row wpb_row vc_row-fluid\">\n<div class=\"wpb_column vc_column_container vc_col-sm-12\">\n<div class=\"vc_column-inner\">\n<div class=\"wpb_wrapper\">\n<div class=\"wpb_text_column wpb_content_element\">\n<div class=\"wpb_wrapper\">\n<p>Most of customers like choose transport by UPS\/DHL express, it can arrive at destination about 5-7 days, contact with\u00a0BOGONG Laser\u00a0to get more detail about laser cleaner<\/p>\n<\/div>\n<\/div>\n<\/div>\n<\/div>\n<\/div>\n<\/div>","protected":false},"excerpt":{"rendered":"<h2>Pulzn\u00ed laserov\u00fd \u010distic\u00ed stroj s laserem Raycus Max JPT<\/h2>\n<p>P\u0159edstavujeme v\u00e1m n\u00e1\u0161 laserov\u00fd \u010distic\u00ed stroj nov\u00e9 generace, kter\u00fd je ur\u010den pro efektivn\u00ed \u010di\u0161t\u011bn\u00ed povrch\u016f materi\u00e1l\u016f. Snadno se nastavuje, obsluhuje a automatizuje, tak\u017ee je ide\u00e1ln\u00ed pro p\u0159esn\u00e9 odstra\u0148ov\u00e1n\u00ed povrchov\u00fdch ne\u010distot, jako je rez, mastnota, barva, z\u00e1kladn\u00ed n\u00e1t\u011br a dal\u0161\u00ed.<\/p>\n<ul class=\"tips\">\n<li>300 sad \/ m\u011bs\u00edc \u010dek\u00e1 na prodej Skladem<\/li>\n<li>2 roky omezen\u00e9 z\u00e1ruky na cel\u00fd stroj<\/li>\n<li>3-5 dn\u00ed p\u0159\u00edprava laserov\u00e9ho stroje, 3-7 dn\u00ed doprava.<\/li>\n<li>Online (PayPal) a offline (T\/T, debetn\u00ed a kreditn\u00ed karty)<\/li>\n<\/ul>","protected":false},"featured_media":1975,"template":"","meta":{"_gspb_post_css":""},"product_brand":[],"product_cat":[94],"product_tag":[101,100],"class_list":{"0":"post-1974","1":"product","2":"type-product","3":"status-publish","4":"has-post-thumbnail","6":"product_cat-laser-cleaning-machine","7":"product_tag-laser-cleaner","8":"product_tag-laser-cleaning-machine","10":"first","11":"instock","12":"shipping-taxable","13":"product-type-simple"},"_links":{"self":[{"href":"https:\/\/bogonglaser.com\/cs\/wp-json\/wp\/v2\/product\/1974","targetHints":{"allow":["GET"]}}],"collection":[{"href":"https:\/\/bogonglaser.com\/cs\/wp-json\/wp\/v2\/product"}],"about":[{"href":"https:\/\/bogonglaser.com\/cs\/wp-json\/wp\/v2\/types\/product"}],"wp:featuredmedia":[{"embeddable":true,"href":"https:\/\/bogonglaser.com\/cs\/wp-json\/wp\/v2\/media\/1975"}],"wp:attachment":[{"href":"https:\/\/bogonglaser.com\/cs\/wp-json\/wp\/v2\/media?parent=1974"}],"wp:term":[{"taxonomy":"product_brand","embeddable":true,"href":"https:\/\/bogonglaser.com\/cs\/wp-json\/wp\/v2\/product_brand?post=1974"},{"taxonomy":"product_cat","embeddable":true,"href":"https:\/\/bogonglaser.com\/cs\/wp-json\/wp\/v2\/product_cat?post=1974"},{"taxonomy":"product_tag","embeddable":true,"href":"https:\/\/bogonglaser.com\/cs\/wp-json\/wp\/v2\/product_tag?post=1974"}],"curies":[{"name":"wp","href":"https:\/\/api.w.org\/{rel}","templated":true}]}}