{"id":1965,"date":"2024-11-25T13:11:58","date_gmt":"2024-11-25T05:11:58","guid":{"rendered":"https:\/\/bogonglaser.com\/?post_type=product&#038;p=1965"},"modified":"2025-12-10T17:15:29","modified_gmt":"2025-12-10T09:15:29","slug":"all-in-one-fiber-laser-marking-machine","status":"publish","type":"product","link":"https:\/\/bogonglaser.com\/cs\/all-in-one-fiber-laser-marking-machine\/","title":{"rendered":"Laserov\u00fd zna\u010dkovac\u00ed stroj s vl\u00e1kny \"v\u0161e v jednom"},"content":{"rendered":"<p>P\u0159edstavujeme laserov\u00e9 zna\u010dkovac\u00ed za\u0159\u00edzen\u00ed ALL-in-One, kompaktn\u00ed vl\u00e1knov\u00e9 laserov\u00e9 zna\u010dkovac\u00ed za\u0159\u00edzen\u00ed typu \"v\u0161e v jednom\", kter\u00e9 je navr\u017eeno s ohledem na v\u00fdkon a v\u0161estrannost. A\u0165 u\u017e pot\u0159ebujete zna\u010dit loga, \u010d\u00e1rov\u00e9 k\u00f3dy, s\u00e9riov\u00e1 \u010d\u00edsla nebo slo\u017eit\u00e9 vzory, tento stroj poskytuje vynikaj\u00edc\u00ed v\u00fdsledky v r\u016fzn\u00fdch aplikac\u00edch.<\/p>\n<p>Navzdory sv\u00fdm mal\u00fdm rozm\u011br\u016fm je tento model typu \"v\u0161e v jednom\" velmi v\u00fdkonn\u00fd, tak\u017ee je ide\u00e1ln\u00ed pro st\u00edsn\u011bn\u00e9 prostory a men\u0161\u00ed projekty zna\u010den\u00ed. Jeho lehk\u00e1 a p\u0159enosn\u00e1 konstrukce umo\u017e\u0148uje snadn\u00e9 man\u00e9vrov\u00e1n\u00ed a zaji\u0161\u0165uje v\u017edy p\u0159esn\u00e9 a precizn\u00ed zna\u010den\u00ed. Nav\u00edc pracuje p\u0159i vysok\u00fdch rychlostech s mimo\u0159\u00e1dnou \u00fa\u010dinnost\u00ed.<\/p>\n<p>Tento stroj je vynikaj\u00edc\u00ed volbou pro mal\u00e9 podniky, d\u00edlny a kutily, kte\u0159\u00ed hledaj\u00ed spolehliv\u00e9 \u0159e\u0161en\u00ed pro zna\u010den\u00ed, kter\u00e9 neohro\u017euje v\u00fdkon kv\u016fli omezen\u00e9mu prostoru. Pokud pot\u0159ebujete efektivn\u00ed vl\u00e1knov\u00e9 laserov\u00e9 zna\u010dkova\u010de, kter\u00e9 se dokonale hod\u00ed do va\u0161eho pracovn\u00edho prostoru, je pro v\u00e1s tato volba ide\u00e1ln\u00ed.<\/p>\n<figure id=\"attachment_7447\" aria-describedby=\"caption-attachment-7447\" style=\"width: 300px\" class=\"wp-caption alignnone\"><img decoding=\"async\" class=\"size-medium wp-image-7447\" src=\"https:\/\/bogonglaser.com\/wp-content\/uploads\/2024\/11\/2D-mini-all-in-one-PC-factory-photos-1-300x300.jpg\" alt=\"2D mini all-in-one PC factory photos\" width=\"300\" height=\"300\" title=\"\" srcset=\"https:\/\/bogonglaser.com\/wp-content\/uploads\/2024\/11\/2D-mini-all-in-one-PC-factory-photos-1-300x300.jpg 300w, https:\/\/bogonglaser.com\/wp-content\/uploads\/2024\/11\/2D-mini-all-in-one-PC-factory-photos-1-100x100.jpg 100w, https:\/\/bogonglaser.com\/wp-content\/uploads\/2024\/11\/2D-mini-all-in-one-PC-factory-photos-1-600x600.jpg 600w, https:\/\/bogonglaser.com\/wp-content\/uploads\/2024\/11\/2D-mini-all-in-one-PC-factory-photos-1-150x150.jpg 150w, https:\/\/bogonglaser.com\/wp-content\/uploads\/2024\/11\/2D-mini-all-in-one-PC-factory-photos-1-768x768.jpg 768w, https:\/\/bogonglaser.com\/wp-content\/uploads\/2024\/11\/2D-mini-all-in-one-PC-factory-photos-1-12x12.jpg 12w, https:\/\/bogonglaser.com\/wp-content\/uploads\/2024\/11\/2D-mini-all-in-one-PC-factory-photos-1.jpg 1000w\" sizes=\"(max-width: 300px) 100vw, 300px\" \/><figcaption id=\"caption-attachment-7447\" class=\"wp-caption-text\">2D mini all-in-one PC factory photos<\/figcaption><\/figure>\n<p>Zde jsou kl\u00ed\u010dov\u00e9 vlastnosti vl\u00e1knov\u00e9ho laserov\u00e9ho zna\u010dic\u00edho stroje:<\/p>\n<p>1. Zdroj vl\u00e1knov\u00e9ho laseru: Tento stroj je k dispozici s voliteln\u00fdmi \u00farovn\u011bmi v\u00fdkonu 20 W, 30 W, 50 W nebo 60 W s pou\u017eit\u00edm vysoce kvalitn\u00edch vl\u00e1knov\u00fdch laserov\u00fdch zdroj\u016f od spole\u010dnost\u00ed JPT, Raycus nebo IPG. Nab\u00edz\u00ed vynikaj\u00edc\u00ed \u010distotu laserov\u00e9ho paprsku a dlouhou \u017eivotnost a\u017e 100 000 hodin.<\/p>\n<p>2. Digit\u00e1ln\u00ed galvanometrick\u00fd skenovac\u00ed syst\u00e9m: Tento stroj je vybaven vysokorychlostn\u00edm importovan\u00fdm laserov\u00fdm skenerem, kter\u00fd dosahuje rychlosti zna\u010den\u00ed a\u017e 8 000 mm\/s, co\u017e zaji\u0161\u0165uje efektivn\u00ed provoz.<\/p>\n<p>3. Dr\u017e\u00e1k displeje PC: D\u00edky mo\u017enosti nastaven\u00ed osy Z a\u017e na 700 mm je ide\u00e1ln\u00ed pro zna\u010den\u00ed na tlust\u00fdch nebo vysok\u00fdch materi\u00e1lech.<\/p>\n<p>4. Ovl\u00e1dac\u00ed sp\u00edna\u010d: U\u017eivatelsky p\u0159\u00edv\u011btiv\u00fd ovl\u00e1dac\u00ed panel obsahuje nouzov\u00e9 vypnut\u00ed, kl\u00ed\u010dov\u00fd sp\u00edna\u010d a vyp\u00edna\u010d nap\u00e1jen\u00ed, co\u017e umo\u017e\u0148uje snadnou identifikaci a ovl\u00e1d\u00e1n\u00ed.<\/p>\n<p>5. Zvedac\u00ed syst\u00e9m: Stroj je vybaven ru\u010dn\u00edm kole\u010dkem pro snadn\u00e9 nastaven\u00ed vzd\u00e1lenosti zaost\u0159en\u00ed laseru, co\u017e zjednodu\u0161uje ovl\u00e1d\u00e1n\u00ed.<\/p>\n<p>6. Red Light Pointe: Tato praktick\u00e1 funkce ozna\u010duje oblast zna\u010den\u00ed p\u0159ed zah\u00e1jen\u00edm vlastn\u00edho laserov\u00e9ho zna\u010den\u00ed, \u010d\u00edm\u017e zvy\u0161uje p\u0159esnost.<\/p>\n<p>7. Software pro laserov\u00e9 zna\u010den\u00ed: Umo\u017e\u0148uje ozna\u010dovat QR k\u00f3dy, s\u00e9riov\u00e1 \u010d\u00edsla a r\u016fzn\u00e1 loga. Podporuje form\u00e1ty soubor\u016f DXF a PLT a obsahuje podrobnou anglickou u\u017eivatelskou p\u0159\u00edru\u010dku, kter\u00e1 v\u00e1s provede ka\u017ed\u00fdm krokem.<\/p>\n<p>8. Skenovac\u00ed objektiv F-theta: P\u0159\u00edstroj je vybaven objektivem F-theta Singapore Ronar-Smith, kter\u00fd zaji\u0161\u0165uje, \u017ee v\u00fd\u0161ka obrazov\u00e9ho pole je t\u00e9m\u011b\u0159 \u00fam\u011brn\u00e1 \u00fahlu skenov\u00e1n\u00ed. Zachov\u00e1v\u00e1 line\u00e1rn\u00ed zkreslen\u00ed men\u0161\u00ed ne\u017e 1% bez softwarov\u00e9 korekce, co\u017e znamen\u00e1 minim\u00e1ln\u00ed zkreslen\u00ed pro ostr\u00e9 v\u00fdsledky. Objektiv je nav\u00edc vybaven vysoce propustn\u00fdmi vrstvami AR, kter\u00e9 sni\u017euj\u00ed ztr\u00e1ty energie a zvy\u0161uj\u00ed propustnost.<\/p>\n<p>D\u00edky t\u011bmto pokro\u010dil\u00fdm funkc\u00edm <a href=\"https:\/\/bogonglaser.com\/cs\/fiber-laser-cutter\/\">Vl\u00e1knov\u00fd laserov\u00fd zna\u010dkovac\u00ed stroj<\/a> je navr\u017een pro p\u0159esnost, efektivitu a snadn\u00e9 pou\u017eit\u00ed.<\/p>\n<p><iframe title=\"Mal\u00fd laserov\u00fd zna\u010dkovac\u00ed stroj typu v\u0161e v jednom na prodej\" width=\"1290\" height=\"726\" src=\"https:\/\/www.youtube.com\/embed\/znNbIXDhuHE?feature=oembed\" frameborder=\"0\" allow=\"accelerometer; autoplay; clipboard-write; encrypted-media; gyroscope; picture-in-picture; web-share\" referrerpolicy=\"strict-origin-when-cross-origin\" allowfullscreen><\/iframe><\/p>\n<p>Pou\u017eit\u00ed: Laserov\u00e9 zna\u010den\u00ed kov\u016f, skla, plast\u016f a dal\u0161\u00edch materi\u00e1l\u016f.<\/p>\n<p>Na\u0161e laserov\u00e9 zna\u010dkovac\u00ed stroje nab\u00edzej\u00ed v\u0161estrann\u00e9 a efektivn\u00ed \u0159e\u0161en\u00ed pro zna\u010den\u00ed r\u016fzn\u00fdch materi\u00e1l\u016f, jako jsou kovy, plasty a dal\u0161\u00ed. A\u0165 u\u017e pot\u0159ebujete grav\u00edrovat loga, s\u00e9riov\u00e1 \u010d\u00edsla nebo slo\u017eit\u00e9 vzory, n\u00e1\u0161 p\u0159izp\u016fsobiv\u00fd laser si porad\u00ed s mnoha aplikacemi, zv\u00fd\u0161\u00ed produktivitu a z\u00e1rove\u0148 zajist\u00ed konzistentn\u00ed kvalitu na r\u016fzn\u00fdch povr\u0161\u00edch.<\/p>\n<p><iframe title=\"Mal\u00fd laserov\u00fd zna\u010dkovac\u00ed stroj All-in-one | 20W 30W Metal Plastic Laser Marker Printer Engraver\" width=\"1290\" height=\"726\" src=\"https:\/\/www.youtube.com\/embed\/1gUXk1ygblo?feature=oembed\" frameborder=\"0\" allow=\"accelerometer; autoplay; clipboard-write; encrypted-media; gyroscope; picture-in-picture; web-share\" referrerpolicy=\"strict-origin-when-cross-origin\" allowfullscreen><\/iframe><\/p>\n<h2>Co pro v\u00e1s m\u016f\u017eeme ud\u011blat?<\/h2>\n<ul>\n<li><span class=\"magic-19\"><b class=\"magic-19\"><span class=\"magic-18\">Bezplatn\u00e9 testovac\u00ed vzorky -<\/span><\/b><span class=\"magic-20\" data-spm-anchor-id=\"a2700.details.0.i41.41d82402R4aegi\">M\u016f\u017eeme prov\u00e9st bezplatn\u00e9 testy \u00fa\u010dinku zna\u010den\u00ed podle materi\u00e1lu va\u0161eho v\u00fdrobku.<\/span><\/span><\/li>\n<li><span class=\"magic-19\"><b class=\"magic-19\"><span class=\"magic-18\">Video v p\u0159\u00edm\u00e9m p\u0159enosu -<\/span><\/b><span class=\"magic-20\">M\u016f\u017eete se spojit s na\u0161imi prodejn\u00edmi poradci a sledovat v\u00fdrobn\u00ed proces a obsluhu stroje v online videu.<\/span><\/span><\/li>\n<li><span class=\"magic-19\"><b class=\"magic-19\"><span class=\"magic-18\">Na m\u00edru \/OEM-<\/span><\/b><span class=\"magic-20\" data-spm-anchor-id=\"a2700.details.0.i40.41d82402R4aegi\">Stroje na m\u00edru na vy\u017e\u00e1d\u00e1n\u00ed\uff0cKontakt<\/span><\/span><\/li>\n<li>\n<p><figure id=\"attachment_7449\" aria-describedby=\"caption-attachment-7449\" style=\"width: 300px\" class=\"wp-caption alignnone\"><img decoding=\"async\" class=\"size-medium wp-image-7449\" src=\"https:\/\/bogonglaser.com\/wp-content\/uploads\/2024\/11\/2D-mini-all-in-one-PC-factory-photos-2-300x225.png\" alt=\"2D mini all-in-one PC factory photos\" width=\"300\" height=\"225\" title=\"\" srcset=\"https:\/\/bogonglaser.com\/wp-content\/uploads\/2024\/11\/2D-mini-all-in-one-PC-factory-photos-2-300x225.png 300w, https:\/\/bogonglaser.com\/wp-content\/uploads\/2024\/11\/2D-mini-all-in-one-PC-factory-photos-2-600x450.png 600w, https:\/\/bogonglaser.com\/wp-content\/uploads\/2024\/11\/2D-mini-all-in-one-PC-factory-photos-2-768x576.png 768w, https:\/\/bogonglaser.com\/wp-content\/uploads\/2024\/11\/2D-mini-all-in-one-PC-factory-photos-2-16x12.png 16w, https:\/\/bogonglaser.com\/wp-content\/uploads\/2024\/11\/2D-mini-all-in-one-PC-factory-photos-2.png 800w\" sizes=\"(max-width: 300px) 100vw, 300px\" \/><figcaption id=\"caption-attachment-7449\" class=\"wp-caption-text\">2D mini all-in-one PC factory photos<\/figcaption><\/figure><\/li>\n<\/ul>\n<p>Platebn\u00ed podm\u00ednky<\/p>\n<p>1. Vklad a z\u016fstatek: Z\u016fstatek je splatn\u00fd p\u0159ed odesl\u00e1n\u00edm z\u00e1silky: 30% T\/T z\u00e1loha je vy\u017eadov\u00e1na p\u0159edem.<\/p>\n<p>2. Alibaba Trade Assurance: Platby lze zpracov\u00e1vat prost\u0159ednictv\u00edm Alibaba Trade Assurance.<\/p>\n<p>\u010casto kladen\u00e9 dotazy pro <a href=\"https:\/\/bogonglaser.com\/cs\/fiber-laser-cutter\/\">Vl\u00e1knov\u00fd laserov\u00fd zna\u010dkovac\u00ed stroj<\/a><\/p>\n<p>Jak\u00fd je obal pro vl\u00e1knov\u00fd laserov\u00fd zna\u010dkovac\u00ed stroj?<br \/>\nNa\u0161e stroje jsou baleny ve t\u0159\u00edvrstv\u00e9m uspo\u0159\u00e1d\u00e1n\u00ed. Vn\u011bj\u0161\u00ed vrstvu tvo\u0159\u00ed d\u0159ev\u011bn\u00e1 bedna, prost\u0159edn\u00ed vrstva je vybavena p\u011bnovou v\u00fdpln\u00ed, kter\u00e1 chr\u00e1n\u00ed p\u0159ed ot\u0159esy, a vnit\u0159n\u00ed vrstva obsahuje siln\u00fd plastov\u00fd s\u00e1\u010dek pro ochranu p\u0159ed vodou.<\/p>\n<p>Dojde b\u011bhem p\u0159epravy k po\u0161kozen\u00ed z\u00e1silky?<br \/>\nWe meticulously design our packaging to address all potential damage factors, and our shipping agents are experienced in safe transportation. We have successfully exported to 180 countries, so you can rest assured that your parcel will arrive in excellent condition<\/p>\n<p>Dal\u0161\u00ed zp\u011btnou vazbu od z\u00e1kazn\u00edk\u016f najdete na kan\u00e1lu BOGONG youtube.<\/p>\n<figure id=\"attachment_7448\" aria-describedby=\"caption-attachment-7448\" style=\"width: 300px\" class=\"wp-caption alignnone\"><img decoding=\"async\" class=\"size-medium wp-image-7448\" src=\"https:\/\/bogonglaser.com\/wp-content\/uploads\/2024\/11\/2D-mini-all-in-one-PC-factory-photos-1-300x225.png\" alt=\"2D mini all-in-one PC factory photos\" width=\"300\" height=\"225\" title=\"\" srcset=\"https:\/\/bogonglaser.com\/wp-content\/uploads\/2024\/11\/2D-mini-all-in-one-PC-factory-photos-1-300x225.png 300w, https:\/\/bogonglaser.com\/wp-content\/uploads\/2024\/11\/2D-mini-all-in-one-PC-factory-photos-1-600x450.png 600w, https:\/\/bogonglaser.com\/wp-content\/uploads\/2024\/11\/2D-mini-all-in-one-PC-factory-photos-1-768x576.png 768w, https:\/\/bogonglaser.com\/wp-content\/uploads\/2024\/11\/2D-mini-all-in-one-PC-factory-photos-1-16x12.png 16w, https:\/\/bogonglaser.com\/wp-content\/uploads\/2024\/11\/2D-mini-all-in-one-PC-factory-photos-1.png 800w\" sizes=\"(max-width: 300px) 100vw, 300px\" \/><figcaption id=\"caption-attachment-7448\" class=\"wp-caption-text\">2D mini all-in-one PC factory photos<\/figcaption><\/figure>\n<p>V\u011bt\u0161ina z\u00e1kazn\u00edk\u016f si r\u00e1da vyb\u00edr\u00e1 p\u0159epravu expresn\u00ed slu\u017ebou UPS\/DHL, kter\u00e1 m\u016f\u017ee dorazit na m\u00edsto ur\u010den\u00ed p\u0159ibli\u017en\u011b za 5-7 dn\u00ed. <a href=\"https:\/\/bogonglaser.com\/cs\/\">Laser BOGONG<\/a> to get more detail about fiber laser marking Machine.<\/p>","protected":false},"excerpt":{"rendered":"<h2>Laserov\u00fd zna\u010dkovac\u00ed stroj \"v\u0161e v jednom<\/h2>\n<p>Laserov\u00fd zna\u010dkovac\u00ed stroj \"v\u0161e v jednom\" je ur\u010den k vytv\u00e1\u0159en\u00ed personalizovan\u00fdch \u0161perk\u016f, v\u010detn\u011b prsten\u016f, n\u00e1u\u0161nic, n\u00e1ramk\u016f, p\u0159\u00edv\u011bsk\u016f, n\u00e1hrdeln\u00edk\u016f, bro\u017e\u00ed, man\u017eetov\u00fdch knofl\u00ed\u010dk\u016f atd. Pracuje s r\u016fzn\u00fdmi materi\u00e1ly, jako je nerezov\u00e1 ocel, titan, hlin\u00edk, m\u011b\u010f, mosaz, slitiny, st\u0159\u00edbro a zlato, a umo\u017e\u0148uje grav\u00edrovat jm\u00e9na, loga, znaky, p\u00edsmena, \u010d\u00edsla, vzory a fotografie. Toto laserov\u00e9 zna\u010dkovac\u00ed za\u0159\u00edzen\u00ed all ine one je nyn\u00ed k dispozici k prodeji za p\u0159ijatelnou cenu, tak\u017ee je skv\u011blou volbou pro v\u00e1\u0161 rozpo\u010det.<\/p>\n<ul class=\"tips\">\n<li>350 sad \/ m\u011bs\u00edc \u010dek\u00e1 na prodej Skladem<\/li>\n<li>2 roky omezen\u00e9 z\u00e1ruky na cel\u00fd stroj<\/li>\n<li>3-5 dn\u00ed p\u0159\u00edprava laserov\u00e9ho stroje, 3-7 dn\u00ed doprava.<\/li>\n<li>Online (PayPal) a offline (T\/T, debetn\u00ed a kreditn\u00ed karty)<\/li>\n<\/ul>","protected":false},"featured_media":1966,"template":"","meta":{"_gspb_post_css":""},"product_brand":[],"product_cat":[97,93,96],"product_tag":[104,102],"class_list":{"0":"post-1965","1":"product","2":"type-product","3":"status-publish","4":"has-post-thumbnail","6":"product_cat-fiber-laser-marker","7":"product_cat-laser-engraving-machine","8":"product_cat-laser-marking-machine","9":"product_tag-laser-marker","10":"product_tag-laser-marking-machine","12":"first","13":"instock","14":"shipping-taxable","15":"product-type-simple"},"_links":{"self":[{"href":"https:\/\/bogonglaser.com\/cs\/wp-json\/wp\/v2\/product\/1965","targetHints":{"allow":["GET"]}}],"collection":[{"href":"https:\/\/bogonglaser.com\/cs\/wp-json\/wp\/v2\/product"}],"about":[{"href":"https:\/\/bogonglaser.com\/cs\/wp-json\/wp\/v2\/types\/product"}],"wp:featuredmedia":[{"embeddable":true,"href":"https:\/\/bogonglaser.com\/cs\/wp-json\/wp\/v2\/media\/1966"}],"wp:attachment":[{"href":"https:\/\/bogonglaser.com\/cs\/wp-json\/wp\/v2\/media?parent=1965"}],"wp:term":[{"taxonomy":"product_brand","embeddable":true,"href":"https:\/\/bogonglaser.com\/cs\/wp-json\/wp\/v2\/product_brand?post=1965"},{"taxonomy":"product_cat","embeddable":true,"href":"https:\/\/bogonglaser.com\/cs\/wp-json\/wp\/v2\/product_cat?post=1965"},{"taxonomy":"product_tag","embeddable":true,"href":"https:\/\/bogonglaser.com\/cs\/wp-json\/wp\/v2\/product_tag?post=1965"}],"curies":[{"name":"wp","href":"https:\/\/api.w.org\/{rel}","templated":true}]}}