{"id":1869,"date":"2024-11-20T16:27:34","date_gmt":"2024-11-20T08:27:34","guid":{"rendered":"https:\/\/bogonglaser.com\/?post_type=product&#038;p=1869"},"modified":"2025-12-10T18:23:35","modified_gmt":"2025-12-10T10:23:35","slug":"air-cooling-handheld-laser-welding-machine-for-sale","status":"publish","type":"product","link":"https:\/\/bogonglaser.com\/cs\/air-cooling-handheld-laser-welding-machine-for-sale\/","title":{"rendered":"Ru\u010dn\u00ed laserov\u00fd sva\u0159ovac\u00ed stroj s chlazen\u00edm vzduchem na prodej"},"content":{"rendered":"<div class=\"vc_row wpb_row vc_row-fluid\">\n<div class=\"wpb_column vc_column_container vc_col-sm-12\">\n<div class=\"vc_column-inner\">\n<div class=\"wpb_wrapper\">\n<div class=\"wpb_text_column wpb_content_element\">\n<div class=\"wpb_wrapper\">\n<p>Vzduchem chlazen\u00e1 laserov\u00e1 sv\u00e1\u0159e\u010dka je p\u0159esn\u00fd sv\u00e1\u0159ec\u00ed stroj, kter\u00fd pou\u017e\u00edv\u00e1 vysokoenergetick\u00fd laserov\u00fd paprsek k taven\u00ed kov\u016f a spojov\u00e1n\u00ed d\u00edl\u016f. Na rozd\u00edl od vodou chlazen\u00fdch syst\u00e9m\u016f, kter\u00e9 k odvodu tepla pot\u0159ebuj\u00ed chladic\u00ed kapalinu, jsou vzduchem chlazen\u00e9 laserov\u00e9 sv\u00e1\u0159e\u010dky p\u0159i provozu z\u00e1visl\u00e9 na chlazen\u00ed okoln\u00edm vzduchem. Tato konstrukce zjednodu\u0161uje \u00fadr\u017ebu, sni\u017euje pot\u0159ebu dal\u0161\u00edch komponent a umo\u017e\u0148uje kompaktn\u011bj\u0161\u00ed sestavy.<\/p>\n<p>Vzduchem chlazen\u00e9 laserov\u00e9 sv\u00e1\u0159e\u010dky jsou obl\u00edben\u00e9 zejm\u00e9na tam, kde je d\u016fle\u017eit\u00e1 p\u0159enosnost a snadn\u00e9 pou\u017eit\u00ed, nap\u0159\u00edklad v mal\u00fdch d\u00edln\u00e1ch nebo p\u0159i oprav\u00e1ch na m\u00edst\u011b. Jsou tak\u00e9 hojn\u011b vyu\u017e\u00edv\u00e1ny v pr\u016fmyslov\u00fdch aplikac\u00edch, kter\u00e9 vy\u017eaduj\u00ed p\u0159esn\u00e9 sva\u0159ov\u00e1n\u00ed, v\u010detn\u011b automobilov\u00e9ho, leteck\u00e9ho, lodn\u00edho a elektronick\u00e9ho pr\u016fmyslu.<\/p>\n<\/div>\n<\/div>\n<\/div>\n<\/div>\n<\/div>\n<\/div>\n<div class=\"vc_row wpb_row vc_row-fluid\">\n<div class=\"wpb_column vc_column_container vc_col-sm-12\">\n<div class=\"vc_column-inner\">\n<div class=\"wpb_wrapper\">\n<div class=\"wpb_video_widget wpb_content_element vc_clearfix   vc_video-aspect-ratio-169 vc_video-el-width-60 vc_video-align-left\">\n<div class=\"wpb_wrapper\">\n<h2 class=\"wpb_heading wpb_video_heading\">P\u0159edstaven\u00ed laserov\u00e9 sv\u00e1\u0159e\u010dky s chlazen\u00edm vzduchem<\/h2>\n<div class=\"wpb_video_wrapper\">\n<p><iframe title=\"Ru\u010dn\u00ed laserov\u00e1 sv\u00e1\u0159e\u010dka s chlazen\u00edm vzduchem | Nejmen\u0161\u00ed p\u0159enosn\u00fd laserov\u00fd sva\u0159ovac\u00ed stroj\" width=\"1290\" height=\"726\" src=\"https:\/\/www.youtube.com\/embed\/LVOF1nyCNCs?feature=oembed\" frameborder=\"0\" allow=\"accelerometer; autoplay; clipboard-write; encrypted-media; gyroscope; picture-in-picture; web-share\" referrerpolicy=\"strict-origin-when-cross-origin\" allowfullscreen><\/iframe><\/p>\n<\/div>\n<\/div>\n<\/div>\n<\/div>\n<\/div>\n<\/div>\n<\/div>\n<div class=\"vc_row wpb_row vc_row-fluid\">\n<div class=\"wpb_column vc_column_container vc_col-sm-12\">\n<div class=\"vc_column-inner\">\n<div class=\"wpb_wrapper\">\n<div class=\"wpb_single_image wpb_content_element vc_align_left wpb_content_element\">\n<figure class=\"wpb_wrapper vc_figure\">\n<div class=\"vc_single_image-wrapper   vc_box_border_grey\"><img decoding=\"async\" class=\"vc_single_image-img attachment-full\" title=\"laserov\u00e1 sv\u00e1\u0159e\u010dka s chlazen\u00edm vzduchem\" src=\"https:\/\/bogonglaser.com\/wp-content\/uploads\/2024\/11\/air-cooling-laser-welder.jpg\" sizes=\"auto, (max-width: 600px) 100vw, 600px\" srcset=\"https:\/\/bogonglaser.com\/wp-content\/uploads\/2024\/11\/air-cooling-laser-welder.jpg 600w, https:\/\/bogonglaser.com\/wp-content\/uploads\/2024\/11\/air-cooling-laser-welder-300x300.jpg 300w, https:\/\/bogonglaser.com\/wp-content\/uploads\/2024\/11\/air-cooling-laser-welder-150x150.jpg 150w, https:\/\/bogonglaser.com\/wp-content\/uploads\/2024\/11\/air-cooling-laser-welder-100x100.jpg 100w\" alt=\"laserov\u00e1 sv\u00e1\u0159e\u010dka s chlazen\u00edm vzduchem\" width=\"600\" height=\"600\" \/><\/div>\n<\/figure>\n<\/div>\n<\/div>\n<\/div>\n<\/div>\n<\/div>\n<div class=\"vc_row wpb_row vc_row-fluid\">\n<div class=\"wpb_column vc_column_container vc_col-sm-12\">\n<div class=\"vc_column-inner\">\n<div class=\"wpb_wrapper\">\n<div class=\"wpb_text_column wpb_content_element\">\n<div class=\"wpb_wrapper\">\n<p>P\u0159enositelnost<br \/>\nThe air-cooled\u00a0handheld laser welder\u00a0has a compact and lightweight design, making it highly portable.<\/p>\n<p>Ohebn\u00fd optick\u00fd kabel<br \/>\nThe laser beam is transmitted to the workpiece via a flexible fiber optic cable, allowing for precise direction of the laser where it\u2019s needed.<\/p>\n<p>Nastaviteln\u00e9 zaost\u0159en\u00ed<br \/>\nLaserov\u00fd paprsek lze zaost\u0159it na velmi jemn\u00fd bod, co\u017e umo\u017e\u0148uje velmi p\u0159esn\u00e9 sva\u0159ov\u00e1n\u00ed. Hloubka zaost\u0159en\u00ed je rovn\u011b\u017e nastaviteln\u00e1, tak\u017ee se p\u0159izp\u016fsob\u00ed materi\u00e1l\u016fm r\u016fzn\u00fdch tlou\u0161t\u011bk.<\/p>\n<p>Snadn\u00e9 ovl\u00e1d\u00e1n\u00ed<br \/>\nInteligentn\u00ed ovl\u00e1dac\u00ed panel je vybaven u\u017eivatelsky p\u0159\u00edv\u011btiv\u00fdm rozhran\u00edm pro rychl\u00e9 a jednoduch\u00e9 nastaven\u00ed, kter\u00e9 u\u017eivatel\u016fm umo\u017e\u0148uje efektivn\u011b \u0159\u00eddit jejich sva\u0159ovac\u00ed projekty z jedin\u00e9ho nastaven\u00ed.<\/p>\n<p>V\u0161estrann\u00fd<br \/>\nSou\u010d\u00e1st\u00ed balen\u00ed jsou m\u011bd\u011bn\u00e9 trysky pro r\u016fzn\u00e9 sva\u0159ovac\u00ed pot\u0159eby, kter\u00e9 poskytuj\u00ed v\u011bt\u0161\u00ed flexibilitu pro r\u016fzn\u00e9 \u00fahly sva\u0159ov\u00e1n\u00ed, materi\u00e1ly a po\u017eadovan\u00e9 efekty.<\/p>\n<\/div>\n<\/div>\n<\/div>\n<\/div>\n<\/div>\n<\/div>\n<div class=\"vc_row wpb_row vc_row-fluid\">\n<div class=\"wpb_column vc_column_container vc_col-sm-12\">\n<div class=\"vc_column-inner\">\n<div class=\"wpb_wrapper\">\n<div class=\"wpb_single_image wpb_content_element vc_align_left wpb_content_element\">\n<figure class=\"wpb_wrapper vc_figure\">\n<div class=\"vc_single_image-wrapper   vc_box_border_grey\"><img decoding=\"async\" class=\"vc_single_image-img attachment-full\" title=\"laserov\u00fd sva\u0159ovac\u00ed stroj s chlazen\u00edm vzduchem\" src=\"https:\/\/bogonglaser.com\/wp-content\/uploads\/2024\/11\/air-cooling-laser-welding-machine.jpg\" sizes=\"auto, (max-width: 600px) 100vw, 600px\" srcset=\"https:\/\/bogonglaser.com\/wp-content\/uploads\/2024\/11\/air-cooling-laser-welding-machine.jpg 600w, https:\/\/bogonglaser.com\/wp-content\/uploads\/2024\/11\/air-cooling-laser-welding-machine-300x300.jpg 300w, https:\/\/bogonglaser.com\/wp-content\/uploads\/2024\/11\/air-cooling-laser-welding-machine-150x150.jpg 150w, https:\/\/bogonglaser.com\/wp-content\/uploads\/2024\/11\/air-cooling-laser-welding-machine-100x100.jpg 100w\" alt=\"laserov\u00fd sva\u0159ovac\u00ed stroj s chlazen\u00edm vzduchem\" width=\"600\" height=\"600\" \/><\/div>\n<\/figure>\n<\/div>\n<\/div>\n<\/div>\n<\/div>\n<\/div>\n<div class=\"vc_row wpb_row vc_row-fluid\">\n<div class=\"wpb_column vc_column_container vc_col-sm-12\">\n<div class=\"vc_column-inner\">\n<div class=\"wpb_wrapper\">\n<div class=\"wpb_text_column wpb_content_element\">\n<div class=\"wpb_wrapper\">\n<p>Vl\u00e1knov\u00fd laserov\u00fd gener\u00e1tor<br \/>\nNa tento pokro\u010dil\u00fd laserov\u00fd gener\u00e1tor se vztahuj\u00ed nez\u00e1visl\u00e1 pr\u00e1va du\u0161evn\u00edho vlastnictv\u00ed. Vyzna\u010duje se n\u00edzkou spot\u0159ebou energie, nevy\u017eaduje \u017e\u00e1dnou \u00fadr\u017ebu a snadno se montuje, co\u017e z n\u011bj \u010din\u00ed ide\u00e1ln\u00ed laserov\u00fd zdroj pro pr\u016fmyslov\u00e9 aplikace v oblasti sva\u0159ov\u00e1n\u00ed, \u0159ez\u00e1n\u00ed a \u010di\u0161t\u011bn\u00ed.<\/p>\n<p>Laserov\u00e1 sva\u0159ovac\u00ed pistole<br \/>\nLaserov\u00e1 sv\u00e1\u0159e\u010dka je navr\u017eena tak, aby byla lehk\u00e1 a u\u017eivatelsky p\u0159\u00edv\u011btiv\u00e1, a je vybavena dvojit\u00fdmi ochrann\u00fdmi skly. Vnit\u0159n\u00ed \u010do\u010dka je snadno odn\u00edmateln\u00e1 pro rychlou v\u00fdm\u011bnu, co\u017e zaji\u0161\u0165uje stabiln\u00ed a spolehliv\u00fd v\u00fdkon.<\/p>\n<p>\u0158\u00eddic\u00ed jednotka<br \/>\nIntuitivn\u00ed ovl\u00e1dac\u00ed panel obsahuje dotykov\u00e9 ovl\u00e1d\u00e1n\u00ed a nab\u00edz\u00ed celou \u0159adu funkc\u00ed v\u010detn\u011b re\u017eim\u016f sva\u0159ov\u00e1n\u00ed, \u010di\u0161t\u011bn\u00ed a \u0159ez\u00e1n\u00ed. Obsahuje tak\u00e9 speci\u00e1ln\u00ed str\u00e1nku pro sledov\u00e1n\u00ed \u00fadaj\u016f o laserov\u00e9m zdroji spolu s technick\u00fdmi informacemi a podporou v\u00edce ne\u017e 20 jazyk\u016f, co\u017e vyhovuje r\u016fzn\u00fdm pot\u0159eb\u00e1m z\u00e1kazn\u00edk\u016f.<\/p>\n<p>Automatick\u00fd podava\u010d dr\u00e1tu<br \/>\nPro aplikace vy\u017eaduj\u00edc\u00ed v\u011bt\u0161\u00ed sva\u0159ovac\u00ed s\u00edlu nebo v p\u0159\u00edpad\u011b velk\u00e9 sva\u0159ovac\u00ed mezery je sou\u010d\u00e1st\u00ed dod\u00e1vky automatick\u00e9 za\u0159\u00edzen\u00ed pro pod\u00e1v\u00e1n\u00ed dr\u00e1tu.<\/p>\n<p>\u2013 It accommodates various welding wire specifications, including 0.8\/1.0\/1.2\/1.6 mm.<br \/>\n\u2013 The wire feeding speed is adjustable, allowing for quick and convenient operation.<\/p>\n<\/div>\n<\/div>\n<\/div>\n<\/div>\n<\/div>\n<\/div>\n<div class=\"vc_row wpb_row vc_row-fluid\">\n<div class=\"wpb_column vc_column_container vc_col-sm-12\">\n<div class=\"vc_column-inner\">\n<div class=\"wpb_wrapper\">\n<div class=\"wpb_single_image wpb_content_element vc_align_left wpb_content_element\">\n<figure class=\"wpb_wrapper vc_figure\">\n<div class=\"vc_single_image-wrapper   vc_box_border_grey\"><img decoding=\"async\" class=\"vc_single_image-img attachment-full\" title=\"sv\u00e1\u0159e\u010dka s chlazen\u00edm vzduchem\" src=\"https:\/\/bogonglaser.com\/wp-content\/uploads\/2024\/11\/air-cooling-welder.jpg\" sizes=\"auto, (max-width: 600px) 100vw, 600px\" srcset=\"https:\/\/bogonglaser.com\/wp-content\/uploads\/2024\/11\/air-cooling-welder.jpg 600w, https:\/\/bogonglaser.com\/wp-content\/uploads\/2024\/11\/air-cooling-welder-300x300.jpg 300w, https:\/\/bogonglaser.com\/wp-content\/uploads\/2024\/11\/air-cooling-welder-150x150.jpg 150w, https:\/\/bogonglaser.com\/wp-content\/uploads\/2024\/11\/air-cooling-welder-100x100.jpg 100w\" alt=\"sv\u00e1\u0159e\u010dka s chlazen\u00edm vzduchem\" width=\"600\" height=\"600\" \/><\/div>\n<\/figure>\n<\/div>\n<\/div>\n<\/div>\n<\/div>\n<\/div>\n<div class=\"vc_row wpb_row vc_row-fluid\">\n<div class=\"wpb_column vc_column_container vc_col-sm-12\">\n<div class=\"vc_column-inner\">\n<div class=\"wpb_wrapper\">\n<div class=\"wpb_text_column wpb_content_element\">\n<div class=\"wpb_wrapper\">\n<p>Aplikace a pou\u017eit\u00ed laserov\u00e9 sv\u00e1\u0159e\u010dky s chlazen\u00edm vzduchem<br \/>\nVzduchem chlazen\u00e9 vl\u00e1knov\u00e9 lasery jsou schopn\u00e9 sva\u0159ovat \u0161irokou \u0161k\u00e1lu kov\u016f, v\u010detn\u011b nerezov\u00e9 oceli, uhl\u00edkov\u00e9 oceli, hlin\u00edku, titanu, m\u011bdi a niklov\u00fdch slitin. \u00da\u010dinnost v\u00fdsledn\u00e9ho svaru z\u00e1vis\u00ed na specifick\u00fdch vlastnostech pou\u017eit\u00fdch kov\u016f, jejich tlou\u0161\u0165ce a typu sva\u0159ovan\u00e9ho spoje.<\/p>\n<p>Tyto vzduchem chlazen\u00e9 laserov\u00e9 sv\u00e1\u0159e\u010dky jsou obzvl\u00e1\u0161t\u011b cenn\u00e9 v odv\u011btv\u00edch, kter\u00e1 vy\u017eaduj\u00ed slo\u017eit\u00e9 a nepravideln\u00e9 sva\u0159ovac\u00ed \u00fakoly, v\u010detn\u011b v\u00fdroby sk\u0159\u00edn\u011bk, kuchy\u0148sk\u00e9ho vybaven\u00ed, schodi\u0161\u0165ov\u00fdch v\u00fdtah\u016f, reg\u00e1l\u016f, pec\u00ed, nerezov\u00fdch z\u00e1bradl\u00ed dve\u0159\u00ed a oken, rozvodn\u00fdch sk\u0159\u00edn\u00ed a nerezov\u00e9ho vybaven\u00ed dom\u00e1cnost\u00ed.<\/p>\n<p>Projekty<br \/>\nVzduchem chlazen\u00e9 laserov\u00e9 sv\u00e1\u0159e\u010dky mohou pracovat pod r\u016fzn\u00fdmi \u00fahly, tak\u017ee jsou univerz\u00e1ln\u00ed pro r\u016fzn\u00e9 typy kovov\u00fdch spoj\u016f, jako jsou tup\u00e9, klopen\u00e9, rohov\u00e9, troj\u00faheln\u00edkov\u00e9 a okrajov\u00e9 spoje. Tato flexibilita polohov\u00e1n\u00ed umo\u017e\u0148uje efektivn\u00ed sva\u0159ov\u00e1n\u00ed slo\u017eit\u00fdch tvar\u016f a profil\u016f.<\/p>\n<\/div>\n<\/div>\n<\/div>\n<\/div>\n<\/div>\n<\/div>\n<div class=\"vc_row wpb_row vc_row-fluid\">\n<div class=\"wpb_column vc_column_container vc_col-sm-12\">\n<div class=\"vc_column-inner\">\n<div class=\"wpb_wrapper\">\n<div class=\"wpb_single_image wpb_content_element vc_align_left wpb_content_element\">\n<figure class=\"wpb_wrapper vc_figure\">\n<div class=\"vc_single_image-wrapper   vc_box_border_grey\"><img decoding=\"async\" class=\"vc_single_image-img attachment-full\" title=\"ru\u010dn\u00ed laserov\u00e9 sva\u0159ov\u00e1n\u00ed\" src=\"https:\/\/bogonglaser.com\/wp-content\/uploads\/2024\/11\/handheld-laser-welding.jpg\" sizes=\"auto, (max-width: 600px) 100vw, 600px\" srcset=\"https:\/\/bogonglaser.com\/wp-content\/uploads\/2024\/11\/handheld-laser-welding.jpg 600w, https:\/\/bogonglaser.com\/wp-content\/uploads\/2024\/11\/handheld-laser-welding-243x300.jpg 243w\" alt=\"ru\u010dn\u00ed laserov\u00e9 sva\u0159ov\u00e1n\u00ed\" width=\"600\" height=\"742\" \/><\/div>\n<\/figure>\n<\/div>\n<\/div>\n<\/div>\n<\/div>\n<\/div>\n<div class=\"vc_row wpb_row vc_row-fluid\">\n<div class=\"wpb_column vc_column_container vc_col-sm-12\">\n<div class=\"vc_column-inner\">\n<div class=\"wpb_wrapper\">\n<div class=\"wpb_text_column wpb_content_element\">\n<div class=\"wpb_wrapper\">\n<p><strong>Balen\u00ed laserov\u00e9 sv\u00e1\u0159e\u010dky<\/strong><\/p>\n<\/div>\n<\/div>\n<div class=\"wpb_single_image wpb_content_element vc_align_left wpb_content_element\">\n<figure class=\"wpb_wrapper vc_figure\">\n<div class=\"vc_single_image-wrapper   vc_box_border_grey\"><img decoding=\"async\" class=\"vc_single_image-img attachment-full\" title=\"ru\u010dn\u00ed laserov\u00e1 sv\u00e1\u0159e\u010dka\" src=\"https:\/\/bogonglaser.com\/wp-content\/uploads\/2024\/11\/handheld-laser-welder-machine.jpg\" sizes=\"auto, (max-width: 600px) 100vw, 600px\" srcset=\"https:\/\/bogonglaser.com\/wp-content\/uploads\/2024\/11\/handheld-laser-welder-machine.jpg 600w, https:\/\/bogonglaser.com\/wp-content\/uploads\/2024\/11\/handheld-laser-welder-machine-300x154.jpg 300w\" alt=\"ru\u010dn\u00ed laserov\u00e1 sv\u00e1\u0159e\u010dka\" width=\"600\" height=\"308\" \/><\/div>\n<\/figure>\n<\/div>\n<\/div>\n<\/div>\n<\/div>\n<\/div>\n<div class=\"vc_row wpb_row vc_row-fluid\">\n<div class=\"wpb_column vc_column_container vc_col-sm-12\">\n<div class=\"vc_column-inner\">\n<div class=\"wpb_wrapper\">\n<div class=\"wpb_text_column wpb_content_element\">\n<div class=\"wpb_wrapper\">\n<p>**Pro\u010d si vybrat BOGONG LASER**<\/p>\n<p>BOGONG famous for it\u2019s quality of laser equipment and service for aftersale service, Our machines are versatile and user-friendly, designed with all skill levels in mind. Above all, we prioritize customer satisfaction. Whether you\u2019re a seasoned expert or a beginner,\u00a0BOGONG LASER\u00a0is here to support you every step of the way. Trust us and our service, where excellence and innovation come together for your success.<\/p>\n<\/div>\n<\/div>\n<\/div>\n<\/div>\n<\/div>\n<\/div>","protected":false},"excerpt":{"rendered":"<h2>Vzduchem chlazen\u00e1 p\u0159enosn\u00e1 laserov\u00e1 sv\u00e1\u0159e\u010dka s ru\u010dn\u00ed sv\u00e1\u0159ec\u00ed pistol\u00ed<\/h2>\n<p>Hled\u00e1te cenov\u011b dostupn\u00fd sva\u0159ovac\u00ed stroj pro p\u0159esn\u00e9 kovov\u00e9 spoje? Pod\u00edvejte se na tuto p\u0159enosnou, vzduchem chlazenou laserovou sv\u00e1\u0159e\u010dku pro za\u010d\u00e1te\u010dn\u00edky, kter\u00e1 je vybavena ru\u010dn\u00ed laserovou sv\u00e1\u0159e\u010dkou.<\/p>\n<ul class=\"tips\">\n<li>350 sad \/ m\u011bs\u00edc \u010dek\u00e1 na prodej Skladem<\/li>\n<li>2 roky omezen\u00e9 z\u00e1ruky na cel\u00fd stroj<\/li>\n<li>Online (PayPal) a offline (T\/T, debetn\u00ed a kreditn\u00ed karty)<\/li>\n<li>Do\u017eivotn\u00ed bezplatn\u00e1 technick\u00e1 podpora pro koncov\u00e9 u\u017eivatele a prodejce<\/li>\n<\/ul>","protected":false},"featured_media":1870,"template":"","meta":{"_gspb_post_css":""},"product_brand":[],"product_cat":[115,95],"product_tag":[109,108,107],"class_list":{"0":"post-1869","1":"product","2":"type-product","3":"status-publish","4":"has-post-thumbnail","6":"product_cat-handheld-laser-welder","7":"product_cat-laser-welding-machine","8":"product_tag-fiber-laser-welder","9":"product_tag-handheld-laser-welder","10":"product_tag-laser-welding-machine","12":"first","13":"instock","14":"shipping-taxable","15":"product-type-simple"},"_links":{"self":[{"href":"https:\/\/bogonglaser.com\/cs\/wp-json\/wp\/v2\/product\/1869","targetHints":{"allow":["GET"]}}],"collection":[{"href":"https:\/\/bogonglaser.com\/cs\/wp-json\/wp\/v2\/product"}],"about":[{"href":"https:\/\/bogonglaser.com\/cs\/wp-json\/wp\/v2\/types\/product"}],"wp:featuredmedia":[{"embeddable":true,"href":"https:\/\/bogonglaser.com\/cs\/wp-json\/wp\/v2\/media\/1870"}],"wp:attachment":[{"href":"https:\/\/bogonglaser.com\/cs\/wp-json\/wp\/v2\/media?parent=1869"}],"wp:term":[{"taxonomy":"product_brand","embeddable":true,"href":"https:\/\/bogonglaser.com\/cs\/wp-json\/wp\/v2\/product_brand?post=1869"},{"taxonomy":"product_cat","embeddable":true,"href":"https:\/\/bogonglaser.com\/cs\/wp-json\/wp\/v2\/product_cat?post=1869"},{"taxonomy":"product_tag","embeddable":true,"href":"https:\/\/bogonglaser.com\/cs\/wp-json\/wp\/v2\/product_tag?post=1869"}],"curies":[{"name":"wp","href":"https:\/\/api.w.org\/{rel}","templated":true}]}}