{"id":1828,"date":"2024-11-14T15:48:52","date_gmt":"2024-11-14T07:48:52","guid":{"rendered":"https:\/\/bogonglaser.com\/?post_type=product&#038;p=1828"},"modified":"2025-12-10T18:27:09","modified_gmt":"2025-12-10T10:27:09","slug":"best-handheld-laser-welder","status":"publish","type":"product","link":"https:\/\/bogonglaser.com\/cs\/best-handheld-laser-welder\/","title":{"rendered":"Nejlep\u0161\u00ed ru\u010dn\u00ed laserov\u00e1 sv\u00e1\u0159e\u010dka Sva\u0159ovac\u00ed stroj"},"content":{"rendered":"<div class=\"vc_row wpb_row vc_row-fluid\">\n<div class=\"wpb_column vc_column_container vc_col-sm-12\">\n<div class=\"vc_column-inner\">\n<div class=\"wpb_wrapper\">\n<div class=\"wpb_text_column wpb_content_element\">\n<div class=\"wpb_wrapper\">\n<p>BOGONG poskytuje nejlep\u0161\u00ed p\u0159enosn\u00e9 ru\u010dn\u00ed laserov\u00e9 sv\u00e1\u0159e\u010dky<\/p>\n<p>Tyto p\u0159enosn\u00e9 laserov\u00e9 sv\u00e1\u0159e\u010dky jsou navr\u017eeny pro snadn\u00e9 pou\u017eit\u00ed, jsou obratn\u00e9 a ovl\u00e1daj\u00ed se ru\u010dn\u00ed sv\u00e1\u0159e\u010dkou, tak\u017ee jsou ide\u00e1ln\u00ed pro spojov\u00e1n\u00ed kovov\u00fdch spoj\u016f ve vnit\u0159n\u00edm i venkovn\u00edm prost\u0159ed\u00ed.<\/p>\n<p>Tyto stroje nab\u00edzej\u00ed v\u00fdhodu bezkontaktn\u00edho sva\u0159ov\u00e1n\u00ed slo\u017eit\u00fdch sou\u010d\u00e1st\u00ed. Ru\u010dn\u00ed sv\u00e1\u0159e\u010dka laserov\u00fdch paprsk\u016f dok\u00e1\u017ee efektivn\u011b odd\u011blit spektrum podle \u010dasu a energie, co\u017e umo\u017e\u0148uje v\u00edce soub\u011b\u017en\u00fdch sv\u00e1r\u016f. V porovn\u00e1n\u00ed s tradi\u010dn\u00edmi metodami sva\u0159ov\u00e1n\u00ed MIG, TIG a elektrick\u00fdm sva\u0159ov\u00e1n\u00edm p\u0159in\u00e1\u0161\u00ed tato technologie zv\u00fd\u0161enou p\u0159esnost sva\u0159ovac\u00edho procesu.<\/p>\n<\/div>\n<\/div>\n<\/div>\n<\/div>\n<\/div>\n<\/div>\n<div class=\"vc_row wpb_row vc_row-fluid\">\n<div class=\"wpb_column vc_column_container vc_col-sm-12\">\n<div class=\"vc_column-inner\">\n<div class=\"wpb_wrapper\">\n<div class=\"wpb_single_image wpb_content_element vc_align_left wpb_content_element\">\n<figure class=\"wpb_wrapper vc_figure\">\n<div class=\"vc_single_image-wrapper vc_box_border_grey\"><img decoding=\"async\" class=\"vc_single_image-img attachment-full\" title=\"ru\u010dn\u00ed laserov\u00e1 sv\u00e1\u0159e\u010dka\" src=\"https:\/\/bogonglaser.com\/wp-content\/uploads\/2024\/11\/laser-welder-handheld-1.jpg\" sizes=\"auto, (max-width: 600px) 100vw, 600px\" srcset=\"https:\/\/bogonglaser.com\/wp-content\/uploads\/2024\/11\/laser-welder-handheld-1.jpg 600w, https:\/\/bogonglaser.com\/wp-content\/uploads\/2024\/11\/laser-welder-handheld-1-300x300.jpg 300w, https:\/\/bogonglaser.com\/wp-content\/uploads\/2024\/11\/laser-welder-handheld-1-150x150.jpg 150w, https:\/\/bogonglaser.com\/wp-content\/uploads\/2024\/11\/laser-welder-handheld-1-100x100.jpg 100w\" alt=\"ru\u010dn\u00ed laserov\u00e1 sv\u00e1\u0159e\u010dka 1\" width=\"600\" height=\"600\" \/><\/div>\n<\/figure>\n<\/div>\n<\/div>\n<\/div>\n<\/div>\n<\/div>\n<div class=\"vc_row wpb_row vc_row-fluid\">\n<div class=\"wpb_column vc_column_container vc_col-sm-12\">\n<div class=\"vc_column-inner\">\n<div class=\"wpb_wrapper\">\n<div class=\"wpb_text_column wpb_content_element\">\n<div class=\"wpb_wrapper\">\n<h2>V\u00fdhoda\u00a0<a href=\"https:\/\/bogonglaser.com\/cs\/laser-welding-machine\/handheld-laser-welder\/\">Ru\u010dn\u00ed laserov\u00e1 sv\u00e1\u0159e\u010dka<\/a>:<\/h2>\n<p>\u2714 Nab\u00edz\u00ed r\u016fzn\u00e9 mo\u017enosti v\u00fdkonu laseru (1500 W, 2000 W, 3000 W) pro r\u016fzn\u00e9 hloubky pr\u016fniku.<\/p>\n<p>\u2714 P\u0159enosn\u00fd a snadno ovladateln\u00fd, tak\u017ee je ide\u00e1ln\u00ed pro sva\u0159ovac\u00ed projekty uvnit\u0159 i venku.<\/p>\n<p>\u2714 Vysok\u00e1 rychlost sva\u0159ov\u00e1n\u00ed - 2 a\u017e 10kr\u00e1t rychlej\u0161\u00ed ne\u017e tradi\u010dn\u00ed sv\u00e1\u0159e\u010dky MMA, TIG a MIG.<\/p>\n<p>\u2714 Vytv\u00e1\u0159\u00ed rovn\u00e9 a rovnom\u011brn\u00e9 svarov\u00e9 spoje, kter\u00e9 jsou hladk\u00e9 a \u010dist\u00e9, s hlubok\u00fdm pr\u016fvarem a minim\u00e1ln\u00edm z\u00fa\u017een\u00edm, co\u017e eliminuje pot\u0159ebu le\u0161t\u011bn\u00ed a \u0161et\u0159\u00ed \u010das i n\u00e1klady.<\/p>\n<p>\u2714 Vytv\u00e1\u0159\u00ed siln\u00e9 kovov\u00e9 spoje bez deformace a sni\u017euje tvorbu jizev.<\/p>\n<p>\u2714 ni\u017e\u0161\u00ed spot\u0159eba materi\u00e1l\u016f a energie, co\u017e p\u0159isp\u00edv\u00e1 k del\u0161\u00ed \u017eivotnosti.<\/p>\n<p>\u2714 U\u017eivatelsky p\u0159\u00edv\u011btiv\u00fd a bezpe\u010dn\u00fd provoz \u0161etrn\u00fd k \u017eivotn\u00edmu prost\u0159ed\u00ed.<\/p>\n<\/div>\n<\/div>\n<\/div>\n<\/div>\n<\/div>\n<\/div>\n<div class=\"vc_row wpb_row vc_row-fluid\">\n<div class=\"wpb_column vc_column_container vc_col-sm-12\">\n<div class=\"vc_column-inner\">\n<div class=\"wpb_wrapper\">\n<div class=\"wpb_single_image wpb_content_element vc_align_left wpb_content_element\">\n<figure class=\"wpb_wrapper vc_figure\">\n<div class=\"vc_single_image-wrapper vc_box_border_grey\"><img decoding=\"async\" class=\"vc_single_image-img attachment-full\" title=\"vl\u00e1knov\u00e1 laserov\u00e1 sv\u00e1\u0159e\u010dka\" src=\"https:\/\/bogonglaser.com\/wp-content\/uploads\/2024\/11\/fiber-laser-welder-1.jpg\" sizes=\"auto, (max-width: 600px) 100vw, 600px\" srcset=\"https:\/\/bogonglaser.com\/wp-content\/uploads\/2024\/11\/fiber-laser-welder-1.jpg 600w, https:\/\/bogonglaser.com\/wp-content\/uploads\/2024\/11\/fiber-laser-welder-1-300x300.jpg 300w, https:\/\/bogonglaser.com\/wp-content\/uploads\/2024\/11\/fiber-laser-welder-1-150x150.jpg 150w, https:\/\/bogonglaser.com\/wp-content\/uploads\/2024\/11\/fiber-laser-welder-1-100x100.jpg 100w\" alt=\"Sv\u00e1\u0159e\u010dka vl\u00e1knov\u00fdm laserem 1\" width=\"600\" height=\"600\" \/><\/div>\n<\/figure>\n<\/div>\n<\/div>\n<\/div>\n<\/div>\n<\/div>\n<div class=\"vc_row wpb_row vc_row-fluid\">\n<div class=\"wpb_column vc_column_container vc_col-sm-12\">\n<div class=\"vc_column-inner\">\n<div class=\"wpb_wrapper\">\n<div class=\"wpb_text_column wpb_content_element\">\n<div class=\"wpb_wrapper\">\n<h2>Vlastnosti p\u0159enosn\u00e9ho vl\u00e1knov\u00e9ho laserov\u00e9ho sva\u0159ovac\u00edho stroje<\/h2>\n<p>\u21f2 Poskytuje vysokou hustotu laserov\u00e9 energie s minim\u00e1ln\u00ed plochou tepeln\u00e9ho \u00fa\u010dinku, co\u017e sni\u017euje riziko deformace a eliminuje pot\u0159ebu rozs\u00e1hl\u00e9ho n\u00e1sledn\u00e9ho zpracov\u00e1n\u00ed.<\/p>\n<p>\u21f2 Kompaktn\u00ed ovl\u00e1dac\u00ed sk\u0159\u00ed\u0148ka \"v\u0161e v jednom\", kter\u00e1 obsahuje laserov\u00fd gener\u00e1tor, nap\u00e1jec\u00ed zdroj, pr\u016fmyslov\u00fd chladi\u010d vody a \u0159\u00eddic\u00ed jednotku - v\u00fdkonn\u00e1 a z\u00e1rove\u0148 snadno p\u0159enosn\u00e1.<\/p>\n<p>\u21f2 Podporuje r\u016fzn\u00e9 techniky sva\u0159ov\u00e1n\u00ed, v\u010detn\u011b bodov\u00e9ho, stehov\u00e9ho, h\u0159eb\u00edkov\u00e9ho, tup\u00e9ho, klopn\u00e9ho, spojovac\u00edho, okrajov\u00e9ho, stohov\u00e9ho, krimpovan\u00e9ho a tee sva\u0159ov\u00e1n\u00ed.<\/p>\n<p>\u21f2 Pokro\u010dil\u00e9 detek\u010dn\u00ed a ochrann\u00e9 funkce zaji\u0161\u0165uj\u00ed dlouhodob\u011b stabiln\u00ed provoz a minimalizuj\u00ed mo\u017en\u00e9 ztr\u00e1ty a bezpe\u010dnostn\u00ed rizika.<\/p>\n<p>\u21f2 Bezkontaktn\u00ed provoz je beznap\u011b\u0165ov\u00fd, bezhlu\u010dn\u00fd a \u0161etrn\u00fd k \u017eivotn\u00edmu prost\u0159ed\u00ed, co\u017e odpov\u00edd\u00e1 ekologick\u00fdm standard\u016fm zpracov\u00e1n\u00ed.<\/p>\n<p>\u21f2 Vytv\u00e1\u0159\u00ed vysoce kvalitn\u00ed svary s hladk\u00fdm a \u010dist\u00fdm povrchem.<\/p>\n<p>\u21f2 Komunika\u010dn\u00ed funkce umo\u017e\u0148uj\u00ed sledov\u00e1n\u00ed v\u0161ech laserov\u00fdch dat v re\u00e1ln\u00e9m \u010dase.<\/p>\n<p>\u21f2 Vybaveno specializovan\u00fdm vl\u00e1knem pro sva\u0159ov\u00e1n\u00ed drobn\u00fdch p\u00e1jec\u00edch hrbolk\u016f.<\/p>\n<p>\u21f2 Vysoce kvalitn\u00ed vl\u00e1knov\u00fd laserov\u00fd paprsek zaji\u0161\u0165uje vysokou \u00fa\u010dinnost konverze, co\u017e vede k rychl\u00e9mu zpracov\u00e1n\u00ed, vysok\u00e9mu pom\u011bru stran a pevn\u00fdm svar\u016fm.<\/p>\n<p>\u21f2 Pokro\u010dil\u00fd spektr\u00e1ln\u00ed syst\u00e9m sni\u017euje energetick\u00e9 ztr\u00e1ty a zaji\u0161\u0165uje rovnom\u011brnou energii laseru ve v\u0161ech vl\u00e1knech.<\/p>\n<p>\u21f2 Vyu\u017e\u00edvaj\u00ed p\u0159enos optick\u00fdch vl\u00e1ken pro d\u00e1lkov\u00e9 sva\u0159ov\u00e1n\u00ed a lze je snadno integrovat s automatick\u00fdmi pracovn\u00edmi stoly, manipul\u00e1tory a mont\u00e1\u017en\u00edmi linkami, co\u017e vede k rovnom\u011brn\u011bj\u0161\u00edm sv\u011bteln\u00fdm bod\u016fm a estetick\u00fdm p\u00e1jen\u00fdm spoj\u016fm.<\/p>\n<p>\u21f2 V\u00edce vstupn\u00edch a v\u00fdstupn\u00edch sign\u00e1l\u016f usnad\u0148uje automatickou v\u00fdrobu a integraci mont\u00e1\u017en\u00ed linky.<\/p>\n<p>\u21f2 Ekologick\u00e9 p\u00e1jec\u00ed spoje vykazuj\u00ed pevnost a hou\u017eevnatost srovnatelnou nebo vy\u0161\u0161\u00ed ne\u017e z\u00e1kladn\u00ed kov.<\/p>\n<p>\u21f2 U\u017eivatelsky p\u0159\u00edv\u011btiv\u00e9 rozhran\u00ed dotykov\u00e9 obrazovky pro snadn\u00e9 nastaven\u00ed a ovl\u00e1d\u00e1n\u00ed s intuitivn\u00edm opera\u010dn\u00edm syst\u00e9mem, kter\u00fd se snadno nau\u010d\u00edte.<\/p>\n<p>\u21f2 K dispozici jsou r\u016fzn\u00e9 \u00fahlov\u00e9 trysky a specifikace trysek pro pod\u00e1v\u00e1n\u00ed dr\u00e1tu, kter\u00e9 vyhovuj\u00ed r\u016fzn\u00fdm po\u017eadavk\u016fm sva\u0159ovac\u00edch projekt\u016f.<\/p>\n<\/div>\n<\/div>\n<\/div>\n<\/div>\n<\/div>\n<\/div>\n<div class=\"vc_row wpb_row vc_row-fluid\">\n<div class=\"wpb_column vc_column_container vc_col-sm-12\">\n<div class=\"vc_column-inner\">\n<div class=\"wpb_wrapper\">\n<div class=\"wpb_single_image wpb_content_element vc_align_left wpb_content_element\">\n<figure class=\"wpb_wrapper vc_figure\">\n<div class=\"vc_single_image-wrapper vc_box_border_grey\"><img decoding=\"async\" class=\"vc_single_image-img attachment-full\" title=\"laserov\u00e9 sv\u00e1\u0159e\u010dky\" src=\"https:\/\/bogonglaser.com\/wp-content\/uploads\/2024\/11\/laser-welder-machines.jpg\" sizes=\"auto, (max-width: 600px) 100vw, 600px\" srcset=\"https:\/\/bogonglaser.com\/wp-content\/uploads\/2024\/11\/laser-welder-machines.jpg 600w, https:\/\/bogonglaser.com\/wp-content\/uploads\/2024\/11\/laser-welder-machines-300x300.jpg 300w, https:\/\/bogonglaser.com\/wp-content\/uploads\/2024\/11\/laser-welder-machines-150x150.jpg 150w, https:\/\/bogonglaser.com\/wp-content\/uploads\/2024\/11\/laser-welder-machines-100x100.jpg 100w\" alt=\"laserov\u00e9 sv\u00e1\u0159e\u010dky\" width=\"600\" height=\"600\" \/><\/div>\n<\/figure>\n<\/div>\n<\/div>\n<\/div>\n<\/div>\n<\/div>\n<div class=\"vc_row wpb_row vc_row-fluid\">\n<div class=\"wpb_column vc_column_container vc_col-sm-12\">\n<div class=\"vc_column-inner\">\n<div class=\"wpb_wrapper\">\n<div class=\"wpb_text_column wpb_content_element\">\n<div class=\"wpb_wrapper\">\n<h3>Co je ru\u010dn\u00ed laserov\u00e1 sv\u00e1\u0159ec\u00ed pistole<\/h3>\n<p>Ru\u010dn\u00ed laserov\u00e1 sv\u00e1\u0159ec\u00ed pistole je p\u0159enosn\u00e9 sv\u00e1\u0159ec\u00ed \u0159e\u0161en\u00ed, kter\u00e9 kombinuje laserov\u00fd gener\u00e1tor, \u0159\u00eddic\u00ed jednotku, chladic\u00ed syst\u00e9m a automatick\u00fd podava\u010d dr\u00e1tu v jednom za\u0159\u00edzen\u00ed. Tento v\u0161estrann\u00fd n\u00e1stroj je schopen prov\u00e1d\u011bt r\u016fzn\u00e9 techniky sva\u0159ov\u00e1n\u00ed, jako je sva\u0159ov\u00e1n\u00ed stehem, h\u0159eb\u00edkem, na tupo, na kl\u00edn, na hranu, krimpov\u00e1n\u00ed a sva\u0159ov\u00e1n\u00ed ve tvaru T, tak\u017ee je ide\u00e1ln\u00ed pro r\u016fzn\u00e9 typy kovov\u00fdch spoj\u016f. Jeho flexibilita a u\u017eivatelsky p\u0159\u00edv\u011btiv\u00e1 konstrukce umo\u017e\u0148uj\u00ed sva\u0159ov\u00e1n\u00ed na dlouh\u00e9 vzd\u00e1lenosti i ve venkovn\u00edm prost\u0159ed\u00ed a umo\u017e\u0148uj\u00ed obsluze snadno pracovat na sva\u0159iteln\u00fdch d\u00edlech z jak\u00e9hokoli \u00fahlu nebo polohy - ide\u00e1ln\u00ed pro \u0159e\u0161en\u00ed slo\u017eit\u00fdch kovov\u00fdch spoj\u016f.<\/p>\n<p>Sva\u0159ovac\u00ed pistole m\u00e1 t\u011blo pistole, chladic\u00ed komoru a komoru s ochrann\u00fdm plynem. Jej\u00ed kompaktn\u00ed a jednoduch\u00e1 konstrukce usnad\u0148uje obsluhu a p\u0159epravu. M\u016f\u017eete ji snadno p\u0159ipojit k chladic\u00edmu m\u00e9diu a zdroji ochrann\u00e9ho plynu, kter\u00fd pom\u00e1h\u00e1 chladit laserovou pistoli a vytv\u00e1\u0159\u00ed kolem pracovn\u00edho prostoru atmosf\u00e9ru ochrann\u00e9ho plynu, co\u017e zaji\u0161\u0165uje st\u00e1lou kvalitu svaru.<\/p>\n<p>Spole\u010dnost BOGONG nab\u00edz\u00ed n\u011bkolik zna\u010dek laserov\u00fdch hlav, ze kter\u00fdch si m\u016f\u017eete vybrat; v\u00edce informac\u00ed najdete v n\u00e1sleduj\u00edc\u00edm videu.<\/p>\n<\/div>\n<\/div>\n<\/div>\n<\/div>\n<\/div>\n<\/div>\n<div class=\"vc_row wpb_row vc_row-fluid\">\n<div class=\"wpb_column vc_column_container vc_col-sm-12\">\n<div class=\"vc_column-inner\">\n<div class=\"wpb_wrapper\">\n<div class=\"wpb_video_widget wpb_content_element vc_clearfix vc_video-aspect-ratio-169 vc_video-el-width-100 vc_video-align-left\">\n<div class=\"wpb_wrapper\">\n<div class=\"wpb_video_wrapper\">\n<p><iframe title=\"N\u011bkolik zna\u010dek ru\u010dn\u00edch laserov\u00fdch sva\u0159ovac\u00edch hlav s vl\u00e1kny | Kter\u00e1 laserov\u00e1 sva\u0159ovac\u00ed hlava je dobr\u00e1?\" width=\"1290\" height=\"726\" src=\"https:\/\/www.youtube.com\/embed\/NSdcJZEIYs8?feature=oembed\" frameborder=\"0\" allow=\"accelerometer; autoplay; clipboard-write; encrypted-media; gyroscope; picture-in-picture; web-share\" referrerpolicy=\"strict-origin-when-cross-origin\" allowfullscreen><\/iframe><\/p>\n<\/div>\n<\/div>\n<\/div>\n<\/div>\n<\/div>\n<\/div>\n<\/div>\n<div class=\"vc_row wpb_row vc_row-fluid\">\n<div class=\"wpb_column vc_column_container vc_col-sm-12\">\n<div class=\"vc_column-inner\">\n<div class=\"wpb_wrapper\">\n<div class=\"wpb_text_column wpb_content_element\">\n<div class=\"wpb_wrapper\">\n<p><strong>Balen\u00ed laserov\u00e9 sv\u00e1\u0159e\u010dky<\/strong><\/p>\n<\/div>\n<\/div>\n<div class=\"wpb_single_image wpb_content_element vc_align_left wpb_content_element\">\n<figure class=\"wpb_wrapper vc_figure\">\n<div class=\"vc_single_image-wrapper vc_box_border_grey\"><img decoding=\"async\" class=\"vc_single_image-img attachment-full\" title=\"ru\u010dn\u00ed laserov\u00e1 sv\u00e1\u0159e\u010dka\" src=\"https:\/\/bogonglaser.com\/wp-content\/uploads\/2024\/11\/handheld-laser-welder-machine.jpg\" sizes=\"auto, (max-width: 600px) 100vw, 600px\" srcset=\"https:\/\/bogonglaser.com\/wp-content\/uploads\/2024\/11\/handheld-laser-welder-machine.jpg 600w, https:\/\/bogonglaser.com\/wp-content\/uploads\/2024\/11\/handheld-laser-welder-machine-300x154.jpg 300w\" alt=\"ru\u010dn\u00ed laserov\u00e1 sv\u00e1\u0159e\u010dka\" width=\"600\" height=\"308\" \/><\/div>\n<\/figure>\n<\/div>\n<\/div>\n<\/div>\n<\/div>\n<\/div>\n<div class=\"vc_row wpb_row vc_row-fluid\">\n<div class=\"wpb_column vc_column_container vc_col-sm-12\">\n<div class=\"vc_column-inner\">\n<div class=\"wpb_wrapper\">\n<div class=\"wpb_text_column wpb_content_element\">\n<div class=\"wpb_wrapper\">\n<p>**Pro\u010d si vybrat BOGONG LASER**<\/p>\n<p>BOGONG famous for it\u2019s quality of laser equipment and service for aftersale service, Our machines are versatile and user-friendly, designed with all skill levels in mind. Above all, we prioritize customer satisfaction. Whether you\u2019re a seasoned expert or a beginner,\u00a0<a href=\"https:\/\/bogonglaser.com\/cs\/\">BOGONG LASER<\/a>\u00a0je zde, aby v\u00e1s podpo\u0159il na ka\u017ed\u00e9m kroku. D\u016fv\u011b\u0159ujte n\u00e1m a na\u0161im slu\u017eb\u00e1m, kde se spojuje dokonalost a inovace pro v\u00e1\u0161 \u00fasp\u011bch.<\/p>\n<\/div>\n<\/div>\n<\/div>\n<\/div>\n<\/div>\n<\/div>","protected":false},"excerpt":{"rendered":"<p>Objevte p\u0159enosn\u00fd ru\u010dn\u00ed laserov\u00fd sva\u0159ovac\u00ed stroj 2024 na prodej<\/p>\n<p>P\u0159edstavujeme \u0161pi\u010dkovou p\u0159enosnou laserovou sv\u00e1\u0159e\u010dku roku 2024, kter\u00e1 je vybavena vl\u00e1knov\u00fdmi laserov\u00fdmi sv\u00e1\u0159e\u010dkami a v\u00fdkonn\u00fdm laserov\u00fdm zdrojem dostupn\u00fdm ve variant\u00e1ch 1500 W, 2000 W a 3000 W. Tento stroj je vybaven automatick\u00fdm podava\u010dem dr\u00e1tu, d\u00edky \u010demu\u017e je ide\u00e1ln\u00ed pro sva\u0159ov\u00e1n\u00ed r\u016fzn\u00fdch kovov\u00fdch spoj\u016f, v\u010detn\u011b spoj\u016f hran, tup\u00fdch spoj\u016f, troj\u00faheln\u00edkov\u00fdch spoj\u016f, rohov\u00fdch spoj\u016f a klopn\u00fdch spoj\u016f.<\/p>\n<p>Tato v\u0161estrann\u00e1 ru\u010dn\u00ed laserov\u00e1 sv\u00e1\u0159e\u010dka je navr\u017eena pro bezprobl\u00e9movou pr\u00e1ci se \u0161irokou \u0161k\u00e1lou materi\u00e1l\u016f, jako je uhl\u00edkov\u00e1 ocel, nerezov\u00e1 ocel, hlin\u00edk, mosaz, m\u011b\u010f, \u017eelezo, st\u0159\u00edbro a zlato, a to ve form\u011b plech\u016f, trubek a profil\u016f. Je p\u0159ipravena st\u00e1t se \u0159e\u0161en\u00edm, kter\u00e9 nahrad\u00ed tradi\u010dn\u00ed metody sva\u0159ov\u00e1n\u00ed, jako jsou argonov\u00fd oblouk, MIG, TIG a elektrick\u00e9 sv\u00e1\u0159e\u010dky, pro spojov\u00e1n\u00ed kovov\u00fdch sou\u010d\u00e1st\u00ed a..<\/p>\n<ul class=\"tips\">\n<li>350 sad \/ m\u011bs\u00edc \u010dek\u00e1 na prodej Skladem<\/li>\n<li>2 roky omezen\u00e9 z\u00e1ruky na cel\u00fd stroj<\/li>\n<li>Online (PayPal) a offline (T\/T, debetn\u00ed a kreditn\u00ed karty)<\/li>\n<li>Do\u017eivotn\u00ed bezplatn\u00e1 technick\u00e1 podpora pro koncov\u00e9 u\u017eivatele a prodejce<\/li>\n<\/ul>","protected":false},"featured_media":1855,"template":"","meta":{"_gspb_post_css":""},"product_brand":[],"product_cat":[115,95],"product_tag":[109,108,107],"class_list":{"0":"post-1828","1":"product","2":"type-product","3":"status-publish","4":"has-post-thumbnail","6":"product_cat-handheld-laser-welder","7":"product_cat-laser-welding-machine","8":"product_tag-fiber-laser-welder","9":"product_tag-handheld-laser-welder","10":"product_tag-laser-welding-machine","12":"first","13":"instock","14":"shipping-taxable","15":"product-type-simple"},"_links":{"self":[{"href":"https:\/\/bogonglaser.com\/cs\/wp-json\/wp\/v2\/product\/1828","targetHints":{"allow":["GET"]}}],"collection":[{"href":"https:\/\/bogonglaser.com\/cs\/wp-json\/wp\/v2\/product"}],"about":[{"href":"https:\/\/bogonglaser.com\/cs\/wp-json\/wp\/v2\/types\/product"}],"wp:featuredmedia":[{"embeddable":true,"href":"https:\/\/bogonglaser.com\/cs\/wp-json\/wp\/v2\/media\/1855"}],"wp:attachment":[{"href":"https:\/\/bogonglaser.com\/cs\/wp-json\/wp\/v2\/media?parent=1828"}],"wp:term":[{"taxonomy":"product_brand","embeddable":true,"href":"https:\/\/bogonglaser.com\/cs\/wp-json\/wp\/v2\/product_brand?post=1828"},{"taxonomy":"product_cat","embeddable":true,"href":"https:\/\/bogonglaser.com\/cs\/wp-json\/wp\/v2\/product_cat?post=1828"},{"taxonomy":"product_tag","embeddable":true,"href":"https:\/\/bogonglaser.com\/cs\/wp-json\/wp\/v2\/product_tag?post=1828"}],"curies":[{"name":"wp","href":"https:\/\/api.w.org\/{rel}","templated":true}]}}