{"id":1788,"date":"2024-11-12T10:41:34","date_gmt":"2024-11-12T02:41:34","guid":{"rendered":"https:\/\/bogonglaser.com\/?post_type=product&#038;p=1788"},"modified":"2025-12-10T16:33:11","modified_gmt":"2025-12-10T08:33:11","slug":"fiber-laser-cutting-machine","status":"publish","type":"product","link":"https:\/\/bogonglaser.com\/cs\/fiber-laser-cutting-machine\/","title":{"rendered":"\u0158ezac\u00ed stroj s vl\u00e1knov\u00fdm laserem"},"content":{"rendered":"<p>This popular fiber laser cutting machine with standard cutting size 1500*3000mm, Laser power options ranging from 1000W to 6000W, the BGC3015 delivers outstanding performance through its powerful laser sourced from top manufacturers like Raycus, IPG, or MAX. Its versatility allows for efficient cutting of materials including steel, titanium, aluminum, brass, copper, alloys, gold, silver, and iron, making it easy to tackle any project.<\/p>\n<p>Navzdory n\u00edzk\u00e9 cen\u011b ned\u011bl\u00e1 kompromisy ve funkc\u00edch ani kvalit\u011b. Tento stroj je vybaven laserovou \u0159ezac\u00ed hlavou a tchajwansko-japonsk\u00fdm servomotorem, kter\u00fd zaji\u0161\u0165uje p\u0159esn\u00e9 \u0159ezy a konzistentn\u00ed v\u00fdkon a zaru\u010duje, \u017ee va\u0161e projekty budou spl\u0148ovat nejvy\u0161\u0161\u00ed standardy.<\/p>\n<p>Model BGC3015 se m\u016f\u017ee pochlubit tak\u00e9 pokro\u010dil\u00fdmi funkcemi, jako je automatick\u00fd syst\u00e9m \u010di\u0161t\u011bn\u00ed oleje, u\u017eivatelsky p\u0159\u00edv\u011btiv\u00e1 tla\u010d\u00edtka pro bezprobl\u00e9mov\u00e9 ovl\u00e1d\u00e1n\u00ed, co\u017e v\u00e1m poskytne maxim\u00e1ln\u00ed flexibilitu pro v\u0161echny va\u0161e v\u00fdrobn\u00ed pot\u0159eby.<\/p>\n<p>BGC3015 je ide\u00e1ln\u00edm \u0159e\u0161en\u00edm pro majitele mal\u00fdch firem, kte\u0159\u00ed cht\u011bj\u00ed zv\u00fd\u0161it produkci, nebo pro hobby pracovn\u00edky, kte\u0159\u00ed cht\u011bj\u00ed prozkoumat nov\u00e9 mo\u017enosti obr\u00e1b\u011bn\u00ed kov\u016f. S BGC3015 od spole\u010dnosti BOGONG LASER m\u016f\u017eete dos\u00e1hnout p\u0159esn\u00e9ho obr\u00e1b\u011bn\u00ed kov\u016f, ani\u017e byste museli prod\u011blat.<\/p>\n<div class=\"sub-header-divs\">\n<h3>V\u00fdkon<\/h3>\n<\/div>\n<ul>\n<li>Laserov\u00e9 m\u00e9dium - pevnol\u00e1tkov\u00fd vl\u00e1knov\u00fd laser CW 1070nm<\/li>\n<li>V\u00fdkon laseru - 1000W a\u017e 6000W Mo\u017enosti vl\u00e1knov\u00e9ho zdroje<\/li>\n<li>Nap\u00e1jen\u00ed - 220 V\u00a0<strong>jednof\u00e1zov\u00e9\/ 380V 3 f\u00e1ze<\/strong><\/li>\n<li>P\u0159esnost polohov\u00e1n\u00ed - \u2264\u00b10,03 mm<\/li>\n<li>P\u0159esnost opakovatelnosti - \u2264\u00b10,02 mm<\/li>\n<\/ul>\n<div class=\"sub-header-divs\">\n<h3>Syst\u00e9m<\/h3>\n<\/div>\n<ul>\n<li>Pohonn\u00fd syst\u00e9m - uzav\u0159en\u00e1 smy\u010dka serva<\/li>\n<li>Re\u017eim chlazen\u00ed - chlazen\u00e1 voda<\/li>\n<\/ul>\n<p><img decoding=\"async\" class=\"size-medium wp-image-7393\" src=\"https:\/\/bogonglaser.com\/wp-content\/uploads\/2024\/11\/laser-cutting-machine-fiber-1-300x225.jpg\" alt=\"laserov\u00fd \u0159ezac\u00ed stroj na vl\u00e1kna\" width=\"300\" height=\"225\" title=\"\" srcset=\"https:\/\/bogonglaser.com\/wp-content\/uploads\/2024\/11\/laser-cutting-machine-fiber-1-300x225.jpg 300w, https:\/\/bogonglaser.com\/wp-content\/uploads\/2024\/11\/laser-cutting-machine-fiber-1-600x450.jpg 600w, https:\/\/bogonglaser.com\/wp-content\/uploads\/2024\/11\/laser-cutting-machine-fiber-1-768x576.jpg 768w, https:\/\/bogonglaser.com\/wp-content\/uploads\/2024\/11\/laser-cutting-machine-fiber-1-16x12.jpg 16w, https:\/\/bogonglaser.com\/wp-content\/uploads\/2024\/11\/laser-cutting-machine-fiber-1.jpg 800w\" sizes=\"(max-width: 300px) 100vw, 300px\" \/><\/p>\n<h4>Co je vl\u00e1knov\u00fd laserov\u00fd \u0159ezac\u00ed stroj?<\/h4>\n<p>\u0158ezac\u00ed stroj s vl\u00e1knov\u00fdm laserem je modern\u00ed CNC n\u00e1stroj ur\u010den\u00fd pro vysoce kvalitn\u00ed, vysokorychlostn\u00ed a p\u0159esn\u00e9 \u0159ez\u00e1n\u00ed kov\u016f. Je ide\u00e1ln\u00edm partnerem pro ka\u017ed\u00e9ho, kdo se zab\u00fdv\u00e1 v\u00fdrobou kov\u016f.<\/p>\n<p>Tyto \u0161pi\u010dkov\u00e9 vl\u00e1knov\u00e9 laserov\u00e9 \u0159eza\u010dky nab\u00edzej\u00ed r\u016fzn\u00e9 v\u00fdkony (1000 W, 1500 W, 2000 W, 3000 W, 6000 W) pro efektivn\u00ed \u0159ez\u00e1n\u00ed plech\u016f a desek. Porad\u00ed si se \u0161irokou \u0161k\u00e1lou materi\u00e1l\u016f, v\u010detn\u011b nerezov\u00e9 oceli, uhl\u00edkov\u00e9 oceli, elektrotechnick\u00e9 oceli, pozinkovan\u00e9 oceli, hlin\u00edkov\u00fdch zinkov\u00fdch plech\u016f, hlin\u00edku, hlin\u00edkov\u00fdch slitin, titanov\u00fdch slitin, m\u011bdi, mosazi, \u017eeleza a dal\u0161\u00edch, p\u0159i\u010dem\u017e se p\u0159izp\u016fsob\u00ed r\u016fzn\u00fdm tlou\u0161\u0165k\u00e1m.<\/p>\n<p>D\u00edky u\u017eivatelsky p\u0159\u00edv\u011btiv\u00e9mu designu a v\u00fdkonn\u00fdm \u0159ezn\u00fdm schopnostem tyto stroje skute\u010dn\u011b vynikaj\u00ed jako profesion\u00e1ln\u00ed n\u00e1stroje na \u0159ez\u00e1n\u00ed kov\u016f. V\u00edce informac\u00ed o t\u011bchto mo\u017enostech z\u00edsk\u00e1te, kdy\u017e si prohl\u00e9dnete na\u0161i nab\u00eddku laserov\u00fdch \u0159ezac\u00edch stroj\u016f na kov.<\/p>\n<p><iframe title=\"1530 Fiber Laser Cutting Machine | 1000W -6000W Open Type Laser Cutter for Metal\" width=\"1290\" height=\"726\" src=\"https:\/\/www.youtube.com\/embed\/yXmwSwHldWo?feature=oembed\" frameborder=\"0\" allow=\"accelerometer; autoplay; clipboard-write; encrypted-media; gyroscope; picture-in-picture; web-share\" referrerpolicy=\"strict-origin-when-cross-origin\" allowfullscreen><\/iframe><\/p>\n<p><img decoding=\"async\" class=\"size-medium wp-image-7392\" src=\"https:\/\/bogonglaser.com\/wp-content\/uploads\/2024\/11\/laser-cutting-machine-fiber-4-300x225.jpg\" alt=\"laserov\u00fd \u0159ezac\u00ed stroj na vl\u00e1kna\" width=\"300\" height=\"225\" title=\"\" srcset=\"https:\/\/bogonglaser.com\/wp-content\/uploads\/2024\/11\/laser-cutting-machine-fiber-4-300x225.jpg 300w, https:\/\/bogonglaser.com\/wp-content\/uploads\/2024\/11\/laser-cutting-machine-fiber-4-600x450.jpg 600w, https:\/\/bogonglaser.com\/wp-content\/uploads\/2024\/11\/laser-cutting-machine-fiber-4-768x576.jpg 768w, https:\/\/bogonglaser.com\/wp-content\/uploads\/2024\/11\/laser-cutting-machine-fiber-4-16x12.jpg 16w, https:\/\/bogonglaser.com\/wp-content\/uploads\/2024\/11\/laser-cutting-machine-fiber-4.jpg 800w\" sizes=\"(max-width: 300px) 100vw, 300px\" \/><\/p>\n<p><img decoding=\"async\" class=\"size-medium wp-image-7391\" src=\"https:\/\/bogonglaser.com\/wp-content\/uploads\/2024\/11\/laser-cutting-machine-fiber-3-300x225.jpg\" alt=\"laserov\u00fd \u0159ezac\u00ed stroj na vl\u00e1kna\" width=\"300\" height=\"225\" title=\"\" srcset=\"https:\/\/bogonglaser.com\/wp-content\/uploads\/2024\/11\/laser-cutting-machine-fiber-3-300x225.jpg 300w, https:\/\/bogonglaser.com\/wp-content\/uploads\/2024\/11\/laser-cutting-machine-fiber-3-600x450.jpg 600w, https:\/\/bogonglaser.com\/wp-content\/uploads\/2024\/11\/laser-cutting-machine-fiber-3-768x576.jpg 768w, https:\/\/bogonglaser.com\/wp-content\/uploads\/2024\/11\/laser-cutting-machine-fiber-3-16x12.jpg 16w, https:\/\/bogonglaser.com\/wp-content\/uploads\/2024\/11\/laser-cutting-machine-fiber-3.jpg 800w\" sizes=\"(max-width: 300px) 100vw, 300px\" \/><\/p>\n<p>&nbsp;<\/p>\n<p><img decoding=\"async\" class=\"size-medium wp-image-7390\" src=\"https:\/\/bogonglaser.com\/wp-content\/uploads\/2024\/11\/laser-cutting-machine-fiber-2-300x225.jpg\" alt=\"laserov\u00fd \u0159ezac\u00ed stroj na vl\u00e1kna\" width=\"300\" height=\"225\" title=\"\" srcset=\"https:\/\/bogonglaser.com\/wp-content\/uploads\/2024\/11\/laser-cutting-machine-fiber-2-300x225.jpg 300w, https:\/\/bogonglaser.com\/wp-content\/uploads\/2024\/11\/laser-cutting-machine-fiber-2-600x450.jpg 600w, https:\/\/bogonglaser.com\/wp-content\/uploads\/2024\/11\/laser-cutting-machine-fiber-2-768x576.jpg 768w, https:\/\/bogonglaser.com\/wp-content\/uploads\/2024\/11\/laser-cutting-machine-fiber-2-16x12.jpg 16w, https:\/\/bogonglaser.com\/wp-content\/uploads\/2024\/11\/laser-cutting-machine-fiber-2.jpg 800w\" sizes=\"(max-width: 300px) 100vw, 300px\" \/><\/p>\n<h4>Vl\u00e1knov\u00e9 laserov\u00e9 \u0159ezac\u00ed stroje Pou\u017eiteln\u00e1 odv\u011btv\u00ed<\/h4>\n<p>Mechanical and electrical equipment, sheet metal fabrication, cabinets, stainless steel products, lighting fixtures, automotive parts, glass, hardware tools, advertising signs, decorative items, and other industries<\/p>\n<p><iframe title=\"JAK FUNGUJE CNC LASEROV\u00dd \u0158EZAC\u00cd STROJ? Nejlep\u0161\u00ed \u010d\u00ednsk\u00fd optick\u00fd vl\u00e1knov\u00fd laserov\u00fd \u0159ezac\u00ed stroj\" width=\"1290\" height=\"726\" src=\"https:\/\/www.youtube.com\/embed\/gToqINLwTWw?feature=oembed\" frameborder=\"0\" allow=\"accelerometer; autoplay; clipboard-write; encrypted-media; gyroscope; picture-in-picture; web-share\" referrerpolicy=\"strict-origin-when-cross-origin\" allowfullscreen><\/iframe><\/p>\n<p>Spole\u010dnost BOGONG je zn\u00e1m\u00e1 kvalitou laserov\u00fdch za\u0159\u00edzen\u00ed a poprodejn\u00edm servisem.Na\u0161e stroje jsou v\u0161estrann\u00e9 a u\u017eivatelsky p\u0159\u00edv\u011btiv\u00e9, navr\u017een\u00e9 s ohledem na v\u0161echny \u00farovn\u011b dovednost\u00ed. Na\u0161\u00ed prioritou je p\u0159edev\u0161\u00edm spokojenost z\u00e1kazn\u00edk\u016f. A\u0165 u\u017e jste zku\u0161en\u00fd odborn\u00edk, nebo za\u010d\u00e1te\u010dn\u00edk, <a href=\"https:\/\/bogonglaser.com\/cs\/\">BOGONG LASER<\/a> je zde, aby v\u00e1s podpo\u0159il na ka\u017ed\u00e9m kroku. D\u016fv\u011b\u0159ujte n\u00e1m a na\u0161im slu\u017eb\u00e1m, kde se spojuje dokonalost a inovace pro v\u00e1\u0161 \u00fasp\u011bch.<\/p>\n<p><img decoding=\"async\" class=\"size-medium wp-image-7376\" src=\"https:\/\/bogonglaser.com\/wp-content\/uploads\/2024\/11\/fiber-laser-cutting-machine-sealed-1-1-300x225.jpg\" alt=\"\u0159ezac\u00ed stroj s vl\u00e1knov\u00fdm laserem ut\u011bsn\u011bn\u00fd\" width=\"300\" height=\"225\" title=\"\" srcset=\"https:\/\/bogonglaser.com\/wp-content\/uploads\/2024\/11\/fiber-laser-cutting-machine-sealed-1-1-300x225.jpg 300w, https:\/\/bogonglaser.com\/wp-content\/uploads\/2024\/11\/fiber-laser-cutting-machine-sealed-1-1-600x450.jpg 600w, https:\/\/bogonglaser.com\/wp-content\/uploads\/2024\/11\/fiber-laser-cutting-machine-sealed-1-1-768x576.jpg 768w, https:\/\/bogonglaser.com\/wp-content\/uploads\/2024\/11\/fiber-laser-cutting-machine-sealed-1-1-16x12.jpg 16w, https:\/\/bogonglaser.com\/wp-content\/uploads\/2024\/11\/fiber-laser-cutting-machine-sealed-1-1.jpg 800w\" sizes=\"(max-width: 300px) 100vw, 300px\" \/><\/p>","protected":false},"excerpt":{"rendered":"<h3>Nejobl\u00edben\u011bj\u0161\u00ed vl\u00e1knov\u00fd laserov\u00fd \u0159eza\u010d kov\u016f na prodej<\/h3>\n<p>Nejl\u00e9pe hodnocen\u00fd vl\u00e1knov\u00fd laserov\u00fd \u0159ezac\u00ed stroj 2024, kter\u00fd dok\u00e1\u017ee \u0159ezat materi\u00e1ly, jako je ocel, titan, hlin\u00edk, mosaz, m\u011b\u010f, slitiny, zlato, st\u0159\u00edbro a \u017eelezo. Nab\u00edz\u00ed mo\u017enosti v\u00fdkonu 1000 W, 1500 W, 2000 W, 3000 W a 6000 W. V sou\u010dasn\u00e9 dob\u011b je tento n\u00e1kladov\u011b efektivn\u00ed vl\u00e1knov\u00fd laserov\u00fd \u0159ezac\u00ed stroj k dispozici za atraktivn\u00ed cenu, doprov\u00e1zenou profesion\u00e1ln\u00edm servisem a podporou pro \u0161pi\u010dkov\u00fd syst\u00e9m laserov\u00e9ho \u0159ez\u00e1n\u00ed kov\u016f.<\/p>\n<ul class=\"tips\">\n<li>200 sad \/ m\u011bs\u00edc \u010dek\u00e1 na prodej Skladem<\/li>\n<li>2 roky omezen\u00e9 z\u00e1ruky na cel\u00fd stroj<\/li>\n<li>Online (PayPal) a offline (T\/T, debetn\u00ed a kreditn\u00ed karty)<\/li>\n<li>Do\u017eivotn\u00ed bezplatn\u00e1 technick\u00e1 podpora pro koncov\u00e9 u\u017eivatele a prodejce<\/li>\n<\/ul>","protected":false},"featured_media":5174,"template":"","meta":{"_gspb_post_css":""},"product_brand":[],"product_cat":[117,92,118],"product_tag":[105,106],"class_list":{"0":"post-1788","1":"product","2":"type-product","3":"status-publish","4":"has-post-thumbnail","6":"product_cat-fiber-laser-cutting-machine","7":"product_cat-laser-cutting-machine","8":"product_cat-laser-metal-cutting-machine","9":"product_tag-fiber-laser-cutting-machine","10":"product_tag-laser-cutting-machine","12":"first","13":"instock","14":"shipping-taxable","15":"product-type-simple"},"_links":{"self":[{"href":"https:\/\/bogonglaser.com\/cs\/wp-json\/wp\/v2\/product\/1788","targetHints":{"allow":["GET"]}}],"collection":[{"href":"https:\/\/bogonglaser.com\/cs\/wp-json\/wp\/v2\/product"}],"about":[{"href":"https:\/\/bogonglaser.com\/cs\/wp-json\/wp\/v2\/types\/product"}],"wp:featuredmedia":[{"embeddable":true,"href":"https:\/\/bogonglaser.com\/cs\/wp-json\/wp\/v2\/media\/5174"}],"wp:attachment":[{"href":"https:\/\/bogonglaser.com\/cs\/wp-json\/wp\/v2\/media?parent=1788"}],"wp:term":[{"taxonomy":"product_brand","embeddable":true,"href":"https:\/\/bogonglaser.com\/cs\/wp-json\/wp\/v2\/product_brand?post=1788"},{"taxonomy":"product_cat","embeddable":true,"href":"https:\/\/bogonglaser.com\/cs\/wp-json\/wp\/v2\/product_cat?post=1788"},{"taxonomy":"product_tag","embeddable":true,"href":"https:\/\/bogonglaser.com\/cs\/wp-json\/wp\/v2\/product_tag?post=1788"}],"curies":[{"name":"wp","href":"https:\/\/api.w.org\/{rel}","templated":true}]}}