{"id":1784,"date":"2024-11-11T16:28:51","date_gmt":"2024-11-11T08:28:51","guid":{"rendered":"https:\/\/bogonglaser.com\/?post_type=product&#038;p=1784"},"modified":"2025-12-10T17:17:38","modified_gmt":"2025-12-10T09:17:38","slug":"co2-laser-marking-machine","status":"publish","type":"product","link":"https:\/\/bogonglaser.com\/cs\/co2-laser-marking-machine\/","title":{"rendered":"Laserov\u00e9 zna\u010den\u00ed CO2"},"content":{"rendered":"<h2>Co je CO2 laser?<\/h2>\n<p>CO2 lasery pou\u017e\u00edvaj\u00ed jako m\u00e9dium plyn CO2, kter\u00fd je um\u00edst\u011bn v trubici vybaven\u00e9 elektrodami pro elektrick\u00fd v\u00fdboj. Kdy\u017e dojde k elektrick\u00e9mu v\u00fdboji, vytvo\u0159\u00ed se v plynu plazma a v\u00fdsledn\u00e9 sv\u011btlo je zes\u00edleno, kdy\u017e se odr\u00e1\u017e\u00ed mezi celkov\u00fdm odrazn\u00fdm zrcadlem a v\u00fdstupn\u00edm vazebn\u00edm \u010dlenem. Toto zes\u00edlen\u00e9 sv\u011btlo je pak vyza\u0159ov\u00e1no jako laser.<\/p>\n<p>Laserov\u00e9 zna\u010dky CO2 maj\u00ed vlnovou d\u00e9lku 10kr\u00e1t del\u0161\u00ed ne\u017e tradi\u010dn\u00ed vl\u00e1knov\u00e9 lasery. Jsou obzvl\u00e1\u0161t\u011b \u00fa\u010dinn\u00e9 pro zna\u010den\u00ed materi\u00e1l\u016f, jako jsou plasty, pap\u00edr, prysky\u0159ice, d\u0159evo, guma, a dokonce i pr\u016fhledn\u00e9 l\u00e1tky, jako je sklo a PET.<\/p>\n<figure id=\"attachment_7450\" aria-describedby=\"caption-attachment-7450\" style=\"width: 300px\" class=\"wp-caption alignnone\"><img decoding=\"async\" class=\"size-medium wp-image-7450\" src=\"https:\/\/bogonglaser.com\/wp-content\/uploads\/2024\/11\/CO2-Laser-marking-machine-1-300x225.jpg\" alt=\"Laserov\u00fd zna\u010dkovac\u00ed stroj CO2\" width=\"300\" height=\"225\" title=\"\" srcset=\"https:\/\/bogonglaser.com\/wp-content\/uploads\/2024\/11\/CO2-Laser-marking-machine-1-300x225.jpg 300w, https:\/\/bogonglaser.com\/wp-content\/uploads\/2024\/11\/CO2-Laser-marking-machine-1-600x450.jpg 600w, https:\/\/bogonglaser.com\/wp-content\/uploads\/2024\/11\/CO2-Laser-marking-machine-1-768x576.jpg 768w, https:\/\/bogonglaser.com\/wp-content\/uploads\/2024\/11\/CO2-Laser-marking-machine-1-16x12.jpg 16w, https:\/\/bogonglaser.com\/wp-content\/uploads\/2024\/11\/CO2-Laser-marking-machine-1.jpg 800w\" sizes=\"(max-width: 300px) 100vw, 300px\" \/><figcaption id=\"caption-attachment-7450\" class=\"wp-caption-text\">Laserov\u00fd zna\u010dkovac\u00ed stroj CO2<\/figcaption><\/figure>\n<p><iframe title=\"Co um\u00ed laserov\u00e9 zna\u010den\u00ed CO2?\" width=\"1290\" height=\"726\" src=\"https:\/\/www.youtube.com\/embed\/RFstd3JMNEw?feature=oembed\" frameborder=\"0\" allow=\"accelerometer; autoplay; clipboard-write; encrypted-media; gyroscope; picture-in-picture; web-share\" referrerpolicy=\"strict-origin-when-cross-origin\" allowfullscreen><\/iframe><\/p>\n<p>Laserov\u00fd zna\u010dkovac\u00ed stroj CO2: Aplikace zna\u010den\u00ed<\/p>\n<p><a href=\"https:\/\/bogonglaser.com\/cs\/laser-marking-machine\/co2-laser-marking-machine\/\">Laserov\u00e9 zna\u010dkovac\u00ed stroje CO2<\/a> jsou schopny ozna\u010dovat \u0161irokou \u0161k\u00e1lu nekovov\u00fdch materi\u00e1l\u016f. Pat\u0159\u00ed sem materi\u00e1ly jako bambus, d\u0159evo, pap\u00edr, ABS, PVC, epoxidov\u00e1 prysky\u0159ice, akryl, k\u016f\u017ee, sklo, keramick\u00e9 dla\u017edice a guma. Pou\u017eit\u00ed v r\u016fzn\u00fdch pr\u016fmyslov\u00fdch odv\u011btv\u00edch, v\u010detn\u011b farmaceutick\u00fdch obal\u016f, potravin\u00e1\u0159sk\u00fdch obal\u016f, n\u00e1pojov\u00fdch obal\u016f, plast\u016f, textilu, k\u016f\u017ee, d\u0159eva\u0159sk\u00fdch v\u00fdrobk\u016f, elektroniky, komunikac\u00ed, hodinek, br\u00fdl\u00ed, tisku a dal\u0161\u00edch.<\/p>\n<figure id=\"attachment_7451\" aria-describedby=\"caption-attachment-7451\" style=\"width: 300px\" class=\"wp-caption alignnone\"><img decoding=\"async\" class=\"size-medium wp-image-7451\" src=\"https:\/\/bogonglaser.com\/wp-content\/uploads\/2024\/11\/CO2-Laser-marking-machine-300x225.png\" alt=\"Laserov\u00fd zna\u010dkovac\u00ed stroj CO2\" width=\"300\" height=\"225\" title=\"\" srcset=\"https:\/\/bogonglaser.com\/wp-content\/uploads\/2024\/11\/CO2-Laser-marking-machine-300x225.png 300w, https:\/\/bogonglaser.com\/wp-content\/uploads\/2024\/11\/CO2-Laser-marking-machine-600x450.png 600w, https:\/\/bogonglaser.com\/wp-content\/uploads\/2024\/11\/CO2-Laser-marking-machine-768x576.png 768w, https:\/\/bogonglaser.com\/wp-content\/uploads\/2024\/11\/CO2-Laser-marking-machine-16x12.png 16w, https:\/\/bogonglaser.com\/wp-content\/uploads\/2024\/11\/CO2-Laser-marking-machine.png 800w\" sizes=\"(max-width: 300px) 100vw, 300px\" \/><figcaption id=\"caption-attachment-7451\" class=\"wp-caption-text\">Laserov\u00fd zna\u010dkovac\u00ed stroj CO2<\/figcaption><\/figure>\n<h2>Co pro v\u00e1s m\u016f\u017eeme ud\u011blat?<\/h2>\n<ul>\n<li><span class=\"magic-19\"><b class=\"magic-19\"><span class=\"magic-18\">Bezplatn\u00e9 testovac\u00ed vzorky -<\/span><\/b><span class=\"magic-20\" data-spm-anchor-id=\"a2700.details.0.i41.41d82402R4aegi\">M\u016f\u017eeme prov\u00e9st bezplatn\u00e9 testy \u00fa\u010dinku zna\u010den\u00ed podle materi\u00e1lu va\u0161eho v\u00fdrobku.<\/span><\/span><\/li>\n<li><span class=\"magic-19\"><b class=\"magic-19\"><span class=\"magic-18\">Video v p\u0159\u00edm\u00e9m p\u0159enosu -<\/span><\/b><span class=\"magic-20\">M\u016f\u017eete se spojit s na\u0161imi prodejn\u00edmi poradci a sledovat v\u00fdrobn\u00ed proces a obsluhu stroje v online videu.<\/span><\/span><\/li>\n<li><span class=\"magic-19\"><b class=\"magic-19\"><span class=\"magic-18\">Na m\u00edru \/OEM-<\/span><\/b><span class=\"magic-20\" data-spm-anchor-id=\"a2700.details.0.i40.41d82402R4aegi\">Stroje na m\u00edru na vy\u017e\u00e1d\u00e1n\u00ed\uff0cKontakt<\/span><\/span><\/li>\n<\/ul>\n<p>&nbsp;<\/p>\n<h3>Kter\u00e9 d\u00edly pot\u0159ebuji vybrat pro laserov\u00e9 zna\u010den\u00ed CO2<\/h3>\n<ul>\n<li>Rota\u010dn\u00ed za\u0159\u00edzen\u00ed: existuje n\u011bkolik rota\u010dn\u00edch za\u0159\u00edzen\u00ed s r\u016fzn\u00fdm stylem a pr\u016fm\u011brem svorky, nap\u0159\u00edklad 50D 65D 80D.<\/li>\n<\/ul>\n<p>Platebn\u00ed podm\u00ednky pro laserov\u00e9 zna\u010den\u00ed CO2<\/p>\n<p>1. Vklad a z\u016fstatek: Z\u016fstatek je splatn\u00fd p\u0159ed odesl\u00e1n\u00edm z\u00e1silky: 30% T\/T z\u00e1loha je vy\u017eadov\u00e1na p\u0159edem.<\/p>\n<p>2. Alibaba Trade Assurance: Platby lze zpracov\u00e1vat prost\u0159ednictv\u00edm Alibaba Trade Assurance.<\/p>\n<p>\u010cast\u00e9 dotazy k laserov\u00e9mu zna\u010dkovac\u00edmu stroji CO2<\/p>\n<p>Jak\u00e9 je balen\u00ed pro <a href=\"https:\/\/bogonglaser.com\/cs\/laser-marking-machine\/co2-laser-marking-machine\/\">Laserov\u00e9 zna\u010den\u00ed CO2<\/a>?<br \/>\nNa\u0161e stroje jsou baleny ve t\u0159\u00edvrstv\u00e9m uspo\u0159\u00e1d\u00e1n\u00ed. Vn\u011bj\u0161\u00ed vrstvu tvo\u0159\u00ed d\u0159ev\u011bn\u00e1 bedna, prost\u0159edn\u00ed vrstva je vybavena p\u011bnovou v\u00fdpln\u00ed, kter\u00e1 chr\u00e1n\u00ed p\u0159ed ot\u0159esy, a vnit\u0159n\u00ed vrstva obsahuje siln\u00fd plastov\u00fd s\u00e1\u010dek pro ochranu p\u0159ed vodou.<\/p>\n<p>Dojde b\u011bhem p\u0159epravy k po\u0161kozen\u00ed z\u00e1silky?<br \/>\nWe meticulously design our packaging to address all potential damage factors, and our shipping agents are experienced in safe transportation. We have successfully exported to 180 countries, so you can rest assured that your parcel will arrive in excellent condition<\/p>\n<p>V\u011bt\u0161ina z\u00e1kazn\u00edk\u016f si r\u00e1da vyb\u00edr\u00e1 p\u0159epravu expresn\u00ed slu\u017ebou UPS\/DHL, kter\u00e1 m\u016f\u017ee dorazit na m\u00edsto ur\u010den\u00ed p\u0159ibli\u017en\u011b za 5-7 dn\u00ed. <a href=\"https:\/\/bogonglaser.com\/cs\/\">Laser BOGONG<\/a> z\u00edskat v\u00edce informac\u00ed o vl\u00e1knov\u00e9 laserov\u00e9 grav\u00edrce kov\u016f pro st\u0159\u00edbro mosaz zlato m\u011b\u010f.<\/p>","protected":false},"excerpt":{"rendered":"<h2>Laserov\u00e9 zna\u010den\u00ed CO2<\/h2>\n<p>Laserov\u00e9 grav\u00edrky CO\u2082 jsou pojmenov\u00e1ny podle toho, \u017ee jako laserov\u00e9 m\u00e9dium pou\u017e\u00edvaj\u00ed plyn CO\u2082. Proces zahrnuje generov\u00e1n\u00ed plazmatu z plynu CO\u2082 uvnit\u0159 trubice. Toto sv\u011btlo je pak zes\u00edleno mezi reflexn\u00edm zrcadlem a v\u00fdstupn\u00edm vazebn\u00edm \u010dlenem a pot\u00e9 je uvoln\u011bno jako laserov\u00fd paprsek. Laser m\u00e1 vlnovou d\u00e9lku 10600 nm, co\u017e jej \u010din\u00ed vysoce z\u00e1visl\u00fdm na teplot\u011b. CO\u2082 lasery jsou obzvl\u00e1\u0161t\u011b \u00fa\u010dinn\u00e9 pro odstra\u0148ov\u00e1n\u00ed materi\u00e1lu a pro zna\u010den\u00ed organick\u00fdch materi\u00e1l\u016f, jako je lepenka, plast, sklo a d\u0159evo.<\/p>\n<ul class=\"tips\">\n<li>350 sad \/ m\u011bs\u00edc \u010dek\u00e1 na prodej Skladem<\/li>\n<li>2 roky omezen\u00e9 z\u00e1ruky na cel\u00fd stroj<\/li>\n<li>3-5 dn\u00ed p\u0159\u00edprava laserov\u00e9ho stroje, 3-7 dn\u00ed doprava.<\/li>\n<li>Online (PayPal) a offline (T\/T, debetn\u00ed a kreditn\u00ed karty)<\/li>\n<\/ul>","protected":false},"featured_media":1800,"template":"","meta":{"_gspb_post_css":""},"product_brand":[],"product_cat":[98,93,96],"product_tag":[102],"class_list":{"0":"post-1784","1":"product","2":"type-product","3":"status-publish","4":"has-post-thumbnail","6":"product_cat-co2-laser-marker","7":"product_cat-laser-engraving-machine","8":"product_cat-laser-marking-machine","9":"product_tag-laser-marking-machine","11":"first","12":"instock","13":"shipping-taxable","14":"product-type-simple"},"_links":{"self":[{"href":"https:\/\/bogonglaser.com\/cs\/wp-json\/wp\/v2\/product\/1784","targetHints":{"allow":["GET"]}}],"collection":[{"href":"https:\/\/bogonglaser.com\/cs\/wp-json\/wp\/v2\/product"}],"about":[{"href":"https:\/\/bogonglaser.com\/cs\/wp-json\/wp\/v2\/types\/product"}],"wp:featuredmedia":[{"embeddable":true,"href":"https:\/\/bogonglaser.com\/cs\/wp-json\/wp\/v2\/media\/1800"}],"wp:attachment":[{"href":"https:\/\/bogonglaser.com\/cs\/wp-json\/wp\/v2\/media?parent=1784"}],"wp:term":[{"taxonomy":"product_brand","embeddable":true,"href":"https:\/\/bogonglaser.com\/cs\/wp-json\/wp\/v2\/product_brand?post=1784"},{"taxonomy":"product_cat","embeddable":true,"href":"https:\/\/bogonglaser.com\/cs\/wp-json\/wp\/v2\/product_cat?post=1784"},{"taxonomy":"product_tag","embeddable":true,"href":"https:\/\/bogonglaser.com\/cs\/wp-json\/wp\/v2\/product_tag?post=1784"}],"curies":[{"name":"wp","href":"https:\/\/api.w.org\/{rel}","templated":true}]}}