{"id":1780,"date":"2024-11-11T14:52:48","date_gmt":"2024-11-11T06:52:48","guid":{"rendered":"https:\/\/bogonglaser.com\/?post_type=product&#038;p=1780"},"modified":"2025-12-10T17:40:40","modified_gmt":"2025-12-10T09:40:40","slug":"1000w-pulse-laser-cleaning-machine-%e5%a4%8d%e5%88%b6","status":"publish","type":"product","link":"https:\/\/bogonglaser.com\/cs\/1000w-pulse-laser-cleaning-machine-%e5%a4%8d%e5%88%b6\/","title":{"rendered":"1000W pulzn\u00ed laserov\u00fd \u010distic\u00ed stroj"},"content":{"rendered":"<div class=\"Content-module__content___jmKA6 _content_dc5hu_45\">\n<div class=\"react-scroll-to-bottom--css-kubvu-79elbk _chat-scroller_g10pz_99\">\n<div class=\"react-scroll-to-bottom--css-kubvu-1n7m0yu _chat-scroller__scroll_g10pz_102\">\n<div class=\"_message-list_g10pz_92\">\n<div class=\"_container_g10pz_1\">\n<div class=\"_container__content_g10pz_14\">\n<div class=\"_container__message_g10pz_41 _container__message--assistant_g10pz_61\">\n<div class=\"_message_g10pz_27\">\n<div class=\"_message__content_g10pz_53\">\n<div class=\"MessageContent-module__message-content___Am59P MessageContent-module__message-content--markdown___oLH9Y\">\n<h2>V\u00fdhody 1000W pulzn\u00edho laserov\u00e9ho \u010distic\u00edho stroje?<\/h2>\n<p>Technologie \u010di\u0161t\u011bn\u00ed pulzn\u00edm laserem vyu\u017e\u00edv\u00e1 k \u010di\u0161t\u011bn\u00ed povrch\u016f v\u00fdkonn\u00fd 1000W pulzn\u00ed laser, kter\u00fd rychle generuje vysok\u00e9 teploty a tepelnou rozta\u017enost, co\u017e pom\u00e1h\u00e1 odstra\u0148ovat ne\u010distoty. Tato metoda je vysoce \u00fa\u010dinn\u00e1 a \u0161etrn\u00e1, co\u017e zaru\u010duje, \u017ee nepo\u0161kozuje povrchy \u010di\u0161t\u011bn\u00fdch materi\u00e1l\u016f, a je tak ide\u00e1ln\u00ed pro celou \u0159adu aplikac\u00ed.<\/p>\n<\/div>\n<\/div>\n<\/div>\n<\/div>\n<\/div>\n<\/div>\n<\/div>\n<\/div>\n<\/div>\n<\/div>\n<figure id=\"attachment_7479\" aria-describedby=\"caption-attachment-7479\" style=\"width: 300px\" class=\"wp-caption alignnone\"><img decoding=\"async\" class=\"size-medium wp-image-7479\" src=\"https:\/\/bogonglaser.com\/wp-content\/uploads\/2024\/11\/500w-laser-cleaning-machine-1-300x233.jpg\" alt=\"500w laserov\u00fd \u010distic\u00ed stroj\" width=\"300\" height=\"233\" title=\"\" srcset=\"https:\/\/bogonglaser.com\/wp-content\/uploads\/2024\/11\/500w-laser-cleaning-machine-1-300x233.jpg 300w, https:\/\/bogonglaser.com\/wp-content\/uploads\/2024\/11\/500w-laser-cleaning-machine-1-15x12.jpg 15w, https:\/\/bogonglaser.com\/wp-content\/uploads\/2024\/11\/500w-laser-cleaning-machine-1.jpg 502w\" sizes=\"(max-width: 300px) 100vw, 300px\" \/><figcaption id=\"caption-attachment-7479\" class=\"wp-caption-text\">500w laserov\u00fd \u010distic\u00ed stroj<\/figcaption><\/figure>\n<div class=\"Content-module__content___jmKA6 _content_dc5hu_45\">\n<div class=\"react-scroll-to-bottom--css-kubvu-79elbk _chat-scroller_g10pz_99\">\n<div class=\"react-scroll-to-bottom--css-kubvu-1n7m0yu _chat-scroller__scroll_g10pz_102\">\n<div class=\"_message-list_g10pz_92\">\n<div class=\"_container_g10pz_1\">\n<div class=\"_container__content_g10pz_14\">\n<div class=\"_container__message_g10pz_41 _container__message--assistant_g10pz_61\">\n<div class=\"_message_g10pz_27\">\n<div class=\"_message__content_g10pz_53\">\n<div class=\"MessageContent-module__message-content___Am59P MessageContent-module__message-content--markdown___oLH9Y\">\n<p>Hlavn\u00ed funkce jsou uvedeny n\u00ed\u017ee:<\/p>\n<\/div>\n<\/div>\n<\/div>\n<\/div>\n<\/div>\n<\/div>\n<\/div>\n<\/div>\n<\/div>\n<\/div>\n<ul>\n<li>Typ laseru: Laser MOPA<br \/>\nV\u00fdkon laseru: 1000 W<br \/>\nV\u00fdstupn\u00ed rozsah (je-li nastaviteln\u00fd): 0-100%<br \/>\nVytv\u00e1\u0159en\u00ed pulz\u016f: MOPA (faktor kvality)<br \/>\nLaserov\u00fd gener\u00e1tor: JPT<br \/>\nD\u00e9lka vl\u00e1kna: 5 m<br \/>\nTyp chlazen\u00ed: V n\u00ed\u017ee uveden\u00e9m \u010dl\u00e1nku naleznete: Vodn\u00ed chlazen\u00ed, BOGONG v\u00e1m tak\u00e9 nab\u00edz\u00ed laserov\u00e9 za\u0159\u00edzen\u00ed s chlazen\u00edm vzduchem.<br \/>\nPo prodeji: 2 roky<\/li>\n<\/ul>\n<figure id=\"attachment_7483\" aria-describedby=\"caption-attachment-7483\" style=\"width: 300px\" class=\"wp-caption alignnone\"><img decoding=\"async\" class=\"size-medium wp-image-7483\" src=\"https:\/\/bogonglaser.com\/wp-content\/uploads\/2024\/11\/500w-pulse-laser-cleaning-machine-1-300x181.jpg\" alt=\"500w pulzn\u00ed laserov\u00fd \u010distic\u00ed stroj\" width=\"300\" height=\"181\" title=\"\" srcset=\"https:\/\/bogonglaser.com\/wp-content\/uploads\/2024\/11\/500w-pulse-laser-cleaning-machine-1-300x181.jpg 300w, https:\/\/bogonglaser.com\/wp-content\/uploads\/2024\/11\/500w-pulse-laser-cleaning-machine-1-600x362.jpg 600w, https:\/\/bogonglaser.com\/wp-content\/uploads\/2024\/11\/500w-pulse-laser-cleaning-machine-1-18x12.jpg 18w, https:\/\/bogonglaser.com\/wp-content\/uploads\/2024\/11\/500w-pulse-laser-cleaning-machine-1.jpg 732w\" sizes=\"(max-width: 300px) 100vw, 300px\" \/><figcaption id=\"caption-attachment-7483\" class=\"wp-caption-text\">500w pulzn\u00ed laserov\u00fd \u010distic\u00ed stroj<\/figcaption><\/figure>\n<div class=\"Content-module__content___jmKA6 _content_dc5hu_45\">\n<div class=\"react-scroll-to-bottom--css-kubvu-79elbk _chat-scroller_g10pz_99\">\n<div class=\"react-scroll-to-bottom--css-kubvu-1n7m0yu _chat-scroller__scroll_g10pz_102\">\n<div class=\"_message-list_g10pz_92\">\n<div class=\"_container_g10pz_1\">\n<div class=\"_container__content_g10pz_14\">\n<div class=\"_container__message_g10pz_41 _container__message--assistant_g10pz_61\">\n<div class=\"_message_g10pz_27\">\n<div class=\"_message__content_g10pz_53\">\n<div class=\"MessageContent-module__message-content___Am59P MessageContent-module__message-content--markdown___oLH9Y\">\n<div class=\"container section-title-container\">\n<p><iframe title=\"V\u00fdkonn\u00fd 1000W pulzn\u00ed laserov\u00fd \u010disti\u010d | Nejlep\u0161\u00ed 1kw laserov\u00fd \u010distic\u00ed stroj\" width=\"1290\" height=\"726\" src=\"https:\/\/www.youtube.com\/embed\/KfdLMoQN_kg?feature=oembed\" frameborder=\"0\" allow=\"accelerometer; autoplay; clipboard-write; encrypted-media; gyroscope; picture-in-picture; web-share\" referrerpolicy=\"strict-origin-when-cross-origin\" allowfullscreen><\/iframe><\/p>\n<h2 class=\"section-title section-title-normal\"><span class=\"section-title-main\">9 re\u017eim\u016f \u010di\u0161t\u011bn\u00ed laserov\u00e9ho op\u011brn\u00e9ho stroje<\/span><\/h2>\n<\/div>\n<p>Ovl\u00e1dac\u00ed rozhran\u00ed pulzn\u00edho laserov\u00e9ho \u010distic\u00edho stroje BOGONG nab\u00edz\u00ed 9 re\u017eim\u016f \u010di\u0161t\u011bn\u00ed:<\/p>\n<ol>\n<li>Re\u017eim p\u0159\u00edmky<\/li>\n<li>Obd\u00e9ln\u00edkov\u00fd re\u017eim 1<\/li>\n<li>Obd\u00e9ln\u00edkov\u00fd re\u017eim 2<\/li>\n<li>Kruhov\u00fd re\u017eim<\/li>\n<li>Sinusov\u00fd re\u017eim<\/li>\n<li>Re\u017eim spir\u00e1ly<\/li>\n<li>Voln\u00fd re\u017eim<\/li>\n<li>Re\u017eim krou\u017eku<\/li>\n<li>Re\u017eim rotace<\/li>\n<\/ol>\n<div id=\"image_1635238231\" class=\"img has-hover x md-x lg-x y md-y lg-y\">\n<div class=\"Content-module__content___jmKA6 _content_dc5hu_45\">\n<div class=\"react-scroll-to-bottom--css-kubvu-79elbk _chat-scroller_g10pz_99\">\n<div class=\"react-scroll-to-bottom--css-kubvu-1n7m0yu _chat-scroller__scroll_g10pz_102\">\n<div class=\"_message-list_g10pz_92\">\n<div class=\"_container_g10pz_1\">\n<div class=\"_container__content_g10pz_14\">\n<div class=\"_container__message_g10pz_41 _container__message--assistant_g10pz_61\">\n<div class=\"_message_g10pz_27\">\n<div class=\"_message__content_g10pz_53\">\n<div class=\"MessageContent-module__message-content___Am59P MessageContent-module__message-content--markdown___oLH9Y\">\n<p>Tyto re\u017eimy m\u016f\u017eete zm\u011bnit pomoc\u00ed mo\u017enosti \"Scanning Mode\" v rozhran\u00ed.<\/p>\n<p>N\u011bkter\u00e9 re\u017eimy \u010di\u0161t\u011bn\u00ed jsou \u0161etrn\u011bj\u0161\u00ed a dob\u0159e funguj\u00ed na materi\u00e1lech, kter\u00e9 vy\u017eaduj\u00ed jemn\u00fd dotek, n\u00e1\u0161 stroj v\u00e1m pom\u016f\u017ee minimalizovat nebo zcela odstranit stopy po \u010di\u0161t\u011bn\u00ed. Na druhou stranu existuj\u00ed v\u00fdkonn\u011bj\u0161\u00ed re\u017eimy, kter\u00e9 jsou ide\u00e1ln\u00ed pro \u0159e\u0161en\u00ed odoln\u00fdch ne\u010distot nebo povlak\u016f.<\/p>\n<p>V\u00fdb\u011br spr\u00e1vn\u00e9ho zp\u016fsobu \u010di\u0161t\u011bn\u00ed je kl\u00ed\u010dem k tomu, aby va\u0161e povrchy vypadaly skv\u011ble a zachovaly si svou kvalitu. To je d\u016fle\u017eit\u00e9 zejm\u00e9na v pr\u016fmyslov\u00fdch odv\u011btv\u00edch, jako je v\u00fdroba automobil\u016f, leteck\u00fd pr\u016fmysl a elektronika. BOGONG v\u00e1m nab\u00edz\u00ed parametry pro odstran\u011bn\u00ed n\u00e1t\u011br\u016f, rzi, oleje atd. ty jsou skv\u011bl\u00e9 pro nov\u00e9 za\u010d\u00e1te\u010dn\u00edky.<\/p>\n<\/div>\n<\/div>\n<\/div>\n<\/div>\n<\/div>\n<\/div>\n<\/div>\n<\/div>\n<\/div>\n<\/div>\n<div class=\"_message-box_1luju_5\">\n<div class=\"_message-box__content_1luju_15\">\n<form action=\"\">\n<div class=\"MessageBox-module__messagebox___n4MAC\">\n<div class=\"MessageBox-module__messagebox__content___-xFbz\">\n<figure id=\"attachment_7482\" aria-describedby=\"caption-attachment-7482\" style=\"width: 300px\" class=\"wp-caption alignnone\"><img decoding=\"async\" class=\"size-medium wp-image-7482\" src=\"https:\/\/bogonglaser.com\/wp-content\/uploads\/2024\/11\/9-cleaning-modes-of-portable-laser-cleaner--300x120.jpg\" alt=\"9 re\u017eim\u016f \u010di\u0161t\u011bn\u00ed p\u0159enosn\u00e9ho laserov\u00e9ho \u010disti\u010de\" width=\"300\" height=\"120\" title=\"\" srcset=\"https:\/\/bogonglaser.com\/wp-content\/uploads\/2024\/11\/9-cleaning-modes-of-portable-laser-cleaner--300x120.jpg 300w, https:\/\/bogonglaser.com\/wp-content\/uploads\/2024\/11\/9-cleaning-modes-of-portable-laser-cleaner--600x241.jpg 600w, https:\/\/bogonglaser.com\/wp-content\/uploads\/2024\/11\/9-cleaning-modes-of-portable-laser-cleaner--1024x411.jpg 1024w, https:\/\/bogonglaser.com\/wp-content\/uploads\/2024\/11\/9-cleaning-modes-of-portable-laser-cleaner--768x308.jpg 768w, https:\/\/bogonglaser.com\/wp-content\/uploads\/2024\/11\/9-cleaning-modes-of-portable-laser-cleaner--18x7.jpg 18w, https:\/\/bogonglaser.com\/wp-content\/uploads\/2024\/11\/9-cleaning-modes-of-portable-laser-cleaner-.jpg 1536w\" sizes=\"(max-width: 300px) 100vw, 300px\" \/><figcaption id=\"caption-attachment-7482\" class=\"wp-caption-text\">9 re\u017eim\u016f \u010di\u0161t\u011bn\u00ed p\u0159enosn\u00e9ho laserov\u00e9ho \u010disti\u010de<\/figcaption><\/figure>\n<\/div>\n<\/div>\n<input type=\"hidden\" name=\"trp-form-language\" value=\"cs\"\/><\/form>\n<\/div>\n<\/div>\n<\/div>\n<\/div>\n<\/div>\n<\/div>\n<\/div>\n<\/div>\n<\/div>\n<\/div>\n<\/div>\n<\/div>\n<\/div>\n<h2>Na v\u00fdb\u011br m\u00e1te 16 podporovan\u00fdch jazyk\u016f.<\/h2>\n<p>Puls <a href=\"https:\/\/bogonglaser.com\/cs\/laser-cleaning-machine\/\">laserov\u00fd \u010distic\u00ed stroj<\/a> v sou\u010dasn\u00e9 dob\u011b podporuje n\u011bkolik jazyk\u016f, v\u010detn\u011b angli\u010dtiny, ru\u0161tiny, japon\u0161tiny, \u0161pan\u011bl\u0161tiny, n\u011bm\u010diny, korej\u0161tiny, francouz\u0161tiny, pol\u0161tiny a 16 dal\u0161\u00edch.<\/p>\n<p>Mezi t\u011bmito jazyky m\u016f\u017eete snadno p\u0159ep\u00ednat v rozhran\u00ed p\u0159\u00edstroje. Pokud pot\u0159ebujete dal\u0161\u00ed jazyky, nab\u00edz\u00edme tak\u00e9 jazykov\u00e9 slu\u017eby na m\u00edru va\u0161im pot\u0159eb\u00e1m.<\/p>\n<figure id=\"attachment_7481\" aria-describedby=\"caption-attachment-7481\" style=\"width: 300px\" class=\"wp-caption alignnone\"><img decoding=\"async\" class=\"size-medium wp-image-7481\" src=\"https:\/\/bogonglaser.com\/wp-content\/uploads\/2024\/11\/16-Supported-Languages-for-Laser-Cleaner--300x175.webp\" alt=\"16 podporovan\u00fdch jazyk\u016f pro laserov\u00fd \u010disti\u010d\" width=\"300\" height=\"175\" title=\"\" srcset=\"https:\/\/bogonglaser.com\/wp-content\/uploads\/2024\/11\/16-Supported-Languages-for-Laser-Cleaner--300x175.webp 300w, https:\/\/bogonglaser.com\/wp-content\/uploads\/2024\/11\/16-Supported-Languages-for-Laser-Cleaner--600x350.webp 600w, https:\/\/bogonglaser.com\/wp-content\/uploads\/2024\/11\/16-Supported-Languages-for-Laser-Cleaner--18x12.webp 18w, https:\/\/bogonglaser.com\/wp-content\/uploads\/2024\/11\/16-Supported-Languages-for-Laser-Cleaner-.webp 768w\" sizes=\"(max-width: 300px) 100vw, 300px\" \/><figcaption id=\"caption-attachment-7481\" class=\"wp-caption-text\">16 podporovan\u00fdch jazyk\u016f pro laserov\u00fd \u010disti\u010d<\/figcaption><\/figure>\n<h2>Vlastnosti 1000W pulzn\u00edho laserov\u00e9ho \u010distic\u00edho stroje<\/h2>\n<ul>\n<li><strong>Vysoce v\u00fdkonn\u00e1 1000W pulzn\u00ed laserov\u00e1 technologie:<\/strong> Poskytuje siln\u00e9 energetick\u00e9 impulzy, kter\u00e9 rychle a \u00fa\u010dinn\u011b odstra\u0148uj\u00ed rez, olej a zbytky.<\/li>\n<li><strong>Schopnosti jemn\u00e9ho \u010di\u0161t\u011bn\u00ed:<\/strong> Poskytuje p\u0159esn\u00e9 v\u00fdsledky \u010di\u0161t\u011bn\u00ed, tak\u017ee je ide\u00e1ln\u00ed pro aplikace, kter\u00e9 vy\u017eaduj\u00ed pe\u010dlivou pozornost.<\/li>\n<li><strong>Vysok\u00e1 \u00fa\u010dinnost:<\/strong> V porovn\u00e1n\u00ed s tradi\u010dn\u00edmi metodami v\u00fdrazn\u011b zkracuje dobu \u010di\u0161t\u011bn\u00ed, zvy\u0161uje produktivitu a sni\u017euje provozn\u00ed n\u00e1klady.<\/li>\n<li><strong>Nedestruktivn\u00ed \u010di\u0161t\u011bn\u00ed:<\/strong> Pou\u017e\u00edv\u00e1 bezkontaktn\u00ed a neabrazivn\u00ed p\u0159\u00edstup, kter\u00fd chr\u00e1n\u00ed podkladov\u00fd materi\u00e1l a eliminuje riziko po\u0161kozen\u00ed.<\/li>\n<li><strong>U\u017eivatelsky p\u0159\u00edv\u011btiv\u00e9 ovl\u00e1d\u00e1n\u00ed:<\/strong> M\u00e1 intuitivn\u00ed rozhran\u00ed a ergonomick\u00fd design pro snadnou manipulaci, kter\u00e1 vy\u017eaduje minim\u00e1ln\u00ed za\u0161kolen\u00ed.<\/li>\n<\/ul>\n<p><strong>V\u00fdhody:<\/strong><\/p>\n<ul>\n<li><strong>Vynikaj\u00edc\u00ed \u010distic\u00ed v\u00fdkon:<\/strong> Dos\u00e1hn\u011bte vysok\u00e9 \u00farovn\u011b \u010distoty, kter\u00e1 je nezbytn\u00e1 pro optim\u00e1ln\u00ed v\u00fdkon v r\u016fzn\u00fdch pr\u016fmyslov\u00fdch prost\u0159ed\u00edch.<\/li>\n<li><strong>N\u00e1kladov\u011b efektivn\u00ed \u0159e\u0161en\u00ed:<\/strong> Sni\u017euje pot\u0159ebu spot\u0159ebn\u00edho materi\u00e1lu, jako jsou chemik\u00e1lie a brusiva, co\u017e vede k dlouhodob\u00fdm \u00faspor\u00e1m.<\/li>\n<li><strong>\u0160etrn\u00e9 k \u017eivotn\u00edmu prost\u0159ed\u00ed:<\/strong> Vytv\u00e1\u0159\u00ed minimum odpadu a eliminuje \u0161kodliv\u00e9 chemik\u00e1lie, \u010d\u00edm\u017e p\u0159isp\u00edv\u00e1 k bezpe\u010dn\u011bj\u0161\u00edmu a ekologi\u010dt\u011bj\u0161\u00edmu pracovi\u0161ti.<\/li>\n<li><strong>V\u0161estrann\u00e9 pou\u017eit\u00ed:<\/strong> Je \u00fa\u010dinn\u00fd p\u0159i \u010di\u0161t\u011bn\u00ed \u0161irok\u00e9 \u0161k\u00e1ly materi\u00e1l\u016f, v\u010detn\u011b kov\u016f a kompozit\u016f, v r\u016fzn\u00fdch pr\u016fmyslov\u00fdch odv\u011btv\u00edch.<\/li>\n<\/ul>\n<p><strong>Aplikace:<\/strong><\/p>\n<ul>\n<li><strong>Odstran\u011bn\u00ed rzi:<\/strong> \u00da\u010dinn\u011b odstra\u0148uje korozi z kovov\u00fdch povrch\u016f a navrac\u00ed je do p\u016fvodn\u00edho stavu bez pou\u017eit\u00ed abrazivn\u00edch metod.<\/li>\n<li><strong>\u010ci\u0161t\u011bn\u00ed olej\u016f a tuk\u016f:<\/strong> Odstra\u0148uje oleje, maziva a dal\u0161\u00ed ne\u010distoty, kter\u00e9 mohou ovlivnit v\u00fdkon nebo p\u0159ilnavost ve v\u00fdrobn\u00edch procesech.<\/li>\n<li><strong>P\u0159\u00edprava povrchu:<\/strong> P\u0159ipravuje povrchy pro lakov\u00e1n\u00ed, nat\u00edr\u00e1n\u00ed nebo sva\u0159ov\u00e1n\u00ed t\u00edm, \u017ee zaji\u0161\u0165uje jejich \u010distotu a odstran\u011bn\u00ed ne\u010distot.<\/li>\n<li><strong>\u00dadr\u017eba a restaurov\u00e1n\u00ed:<\/strong> Je ide\u00e1ln\u00ed pro \u010di\u0161t\u011bn\u00ed stroj\u016f, n\u00e1stroj\u016f a za\u0159\u00edzen\u00ed, prodlu\u017euje jejich \u017eivotnost a udr\u017euje jejich \u0161pi\u010dkovou funk\u010dnost.<\/li>\n<li>\n<p><figure id=\"attachment_7480\" aria-describedby=\"caption-attachment-7480\" style=\"width: 265px\" class=\"wp-caption alignnone\"><img decoding=\"async\" class=\"size-medium wp-image-7480\" src=\"https:\/\/bogonglaser.com\/wp-content\/uploads\/2024\/11\/500w-laser-cleaning-machine-2-265x300.jpg\" alt=\"500w laserov\u00fd \u010distic\u00ed stroj\" width=\"265\" height=\"300\" title=\"\" srcset=\"https:\/\/bogonglaser.com\/wp-content\/uploads\/2024\/11\/500w-laser-cleaning-machine-2-265x300.jpg 265w, https:\/\/bogonglaser.com\/wp-content\/uploads\/2024\/11\/500w-laser-cleaning-machine-2-600x680.jpg 600w, https:\/\/bogonglaser.com\/wp-content\/uploads\/2024\/11\/500w-laser-cleaning-machine-2-768x870.jpg 768w, https:\/\/bogonglaser.com\/wp-content\/uploads\/2024\/11\/500w-laser-cleaning-machine-2-11x12.jpg 11w, https:\/\/bogonglaser.com\/wp-content\/uploads\/2024\/11\/500w-laser-cleaning-machine-2.jpg 790w\" sizes=\"(max-width: 265px) 100vw, 265px\" \/><figcaption id=\"caption-attachment-7480\" class=\"wp-caption-text\">500w laserov\u00fd \u010distic\u00ed stroj<\/figcaption><\/figure><\/li>\n<li><\/li>\n<\/ul>\n<p>Platebn\u00ed podm\u00ednky<\/p>\n<p>1. Vklad a z\u016fstatek: Z\u016fstatek je splatn\u00fd p\u0159ed odesl\u00e1n\u00edm z\u00e1silky: 30% T\/T z\u00e1loha je vy\u017eadov\u00e1na p\u0159edem.<\/p>\n<p>2. Alibaba Trade Assurance: Platby lze zpracov\u00e1vat prost\u0159ednictv\u00edm Alibaba Trade Assurance.<\/p>\n<p>\u010cast\u00e9 dotazy k 1000w vl\u00e1knov\u00e9mu laserov\u00e9mu \u010distic\u00edmu stroji<\/p>\n<p>Jak\u00e9 je balen\u00ed laserov\u00e9ho \u010disti\u010de?<br \/>\nNa\u0161e stroje jsou baleny ve t\u0159\u00edvrstv\u00e9m uspo\u0159\u00e1d\u00e1n\u00ed. Vn\u011bj\u0161\u00ed vrstvu tvo\u0159\u00ed d\u0159ev\u011bn\u00e1 bedna, prost\u0159edn\u00ed vrstva je vybavena p\u011bnovou v\u00fdpln\u00ed, kter\u00e1 chr\u00e1n\u00ed p\u0159ed ot\u0159esy, a vnit\u0159n\u00ed vrstva obsahuje siln\u00fd plastov\u00fd s\u00e1\u010dek pro ochranu p\u0159ed vodou.<\/p>\n<p>Dojde b\u011bhem p\u0159epravy k po\u0161kozen\u00ed z\u00e1silky?<br \/>\nNa\u0161e obaly pe\u010dliv\u011b navrhujeme tak, aby \u0159e\u0161ily v\u0161echny mo\u017en\u00e9 faktory po\u0161kozen\u00ed, a na\u0161i p\u0159epravci maj\u00ed zku\u0161enosti s bezpe\u010dnou p\u0159epravou. \u00dasp\u011b\u0161n\u011b jsme exportovali do 180 zem\u00ed, tak\u017ee si m\u016f\u017eete b\u00fdt jisti, \u017ee va\u0161e z\u00e1silka doraz\u00ed ve v\u00fdborn\u00e9m stavu.<\/p>\n<p>V\u011bt\u0161ina z\u00e1kazn\u00edk\u016f si r\u00e1da vyb\u00edr\u00e1 p\u0159epravu expresn\u00ed slu\u017ebou UPS\/DHL, kter\u00e1 m\u016f\u017ee dorazit na m\u00edsto ur\u010den\u00ed p\u0159ibli\u017en\u011b za 5-7 dn\u00ed. <a href=\"https:\/\/bogonglaser.com\/cs\/\">Laser BOGONG<\/a> z\u00edskat podrobn\u011bj\u0161\u00ed informace o 1000W pulzu<a href=\"https:\/\/bogonglaser.com\/cs\/laser-cleaning-machine\/\"> laserov\u00fd \u010distic\u00ed stroj<\/a>.<\/p>\n<p><a class=\"elementor-accordion-title\" tabindex=\"0\">Kolik stoj\u00ed 1000W pulzn\u00ed laserov\u00fd \u010distic\u00ed stroj?<\/a><\/p>","protected":false},"excerpt":{"rendered":"<h2>1000W pulzn\u00ed laserov\u00fd \u010distic\u00ed stroj<\/h2>\n<p>Pulzn\u00ed laserov\u00e9 \u010distic\u00ed za\u0159\u00edzen\u00ed o v\u00fdkonu 1000 W je speci\u00e1ln\u011b navr\u017eeno pro \u00fa\u010dinn\u00e9 \u010di\u0161t\u011bn\u00ed r\u016fzn\u00fdch ne\u010distot z kovov\u00fdch povrch\u016f, v\u010detn\u011b rzi, barev, n\u00e1t\u011br\u016f, olejov\u00fdch skvrn a oxidov\u00fdch vrstev. Je vhodn\u00fd i pro \u010di\u0161t\u011bn\u00ed nekovov\u00fdch podklad\u016f, jako je keramika, sklo a kompozitn\u00ed materi\u00e1ly.<\/p>\n<p>Mezi b\u011b\u017en\u00e9 sc\u00e9n\u00e1\u0159e pou\u017eit\u00ed pat\u0159\u00ed:<\/p>\n<p>- Odstra\u0148ov\u00e1n\u00ed p\u0159\u00edrodn\u00edch oxidov\u00fdch vrstev z hlin\u00edkov\u00fdch slitin p\u0159ed sva\u0159ov\u00e1n\u00edm.<br \/>\n- \u010ci\u0161t\u011bn\u00ed \u010dern\u00e9ho oxidu popela po sva\u0159ov\u00e1n\u00ed z\u00e1sobn\u00edk\u016f bateri\u00ed.<br \/>\n- P\u0159\u00edprava svar\u016f vlakov\u00fdch podvozk\u016f pro detekci vad.<br \/>\n- \u010ci\u0161t\u011bn\u00ed plechov\u00fdch d\u00edl\u016f automobil\u016f p\u0159ed renovac\u00ed.<br \/>\n- P\u0159\u00edstup k t\u011b\u017eko p\u0159\u00edstupn\u00fdm m\u00edst\u016fm, kter\u00e1 nelze vy\u010distit tradi\u010dn\u00edmi dr\u00e1t\u011bn\u00fdmi kart\u00e1\u010di.<\/p>\n<p>D\u00edky t\u00e9to v\u0161estrannosti je tento v\u00fdrobek z\u00e1kladn\u00edm n\u00e1strojem pro udr\u017een\u00ed struktur\u00e1ln\u00ed integrity a zaji\u0161t\u011bn\u00ed kvality v r\u016fzn\u00fdch pr\u016fmyslov\u00fdch odv\u011btv\u00edch.<\/p>\n<ul class=\"tips\">\n<li>100 sad \/ m\u011bs\u00edc \u010dek\u00e1 na prodej Skladem<\/li>\n<li>2 roky omezen\u00e9 z\u00e1ruky na cel\u00fd stroj<\/li>\n<li>3-5 dn\u00ed p\u0159\u00edprava laserov\u00e9ho stroje, 3-7 dn\u00ed doprava.<\/li>\n<li>Online (PayPal) a offline (T\/T, debetn\u00ed a kreditn\u00ed karty)<\/li>\n<\/ul>","protected":false},"featured_media":1761,"template":"","meta":{"_gspb_post_css":""},"product_brand":[],"product_cat":[94],"product_tag":[101,100],"class_list":{"0":"post-1780","1":"product","2":"type-product","3":"status-publish","4":"has-post-thumbnail","6":"product_cat-laser-cleaning-machine","7":"product_tag-laser-cleaner","8":"product_tag-laser-cleaning-machine","10":"first","11":"instock","12":"shipping-taxable","13":"product-type-simple"},"_links":{"self":[{"href":"https:\/\/bogonglaser.com\/cs\/wp-json\/wp\/v2\/product\/1780","targetHints":{"allow":["GET"]}}],"collection":[{"href":"https:\/\/bogonglaser.com\/cs\/wp-json\/wp\/v2\/product"}],"about":[{"href":"https:\/\/bogonglaser.com\/cs\/wp-json\/wp\/v2\/types\/product"}],"wp:featuredmedia":[{"embeddable":true,"href":"https:\/\/bogonglaser.com\/cs\/wp-json\/wp\/v2\/media\/1761"}],"wp:attachment":[{"href":"https:\/\/bogonglaser.com\/cs\/wp-json\/wp\/v2\/media?parent=1780"}],"wp:term":[{"taxonomy":"product_brand","embeddable":true,"href":"https:\/\/bogonglaser.com\/cs\/wp-json\/wp\/v2\/product_brand?post=1780"},{"taxonomy":"product_cat","embeddable":true,"href":"https:\/\/bogonglaser.com\/cs\/wp-json\/wp\/v2\/product_cat?post=1780"},{"taxonomy":"product_tag","embeddable":true,"href":"https:\/\/bogonglaser.com\/cs\/wp-json\/wp\/v2\/product_tag?post=1780"}],"curies":[{"name":"wp","href":"https:\/\/api.w.org\/{rel}","templated":true}]}}