{"id":1746,"date":"2024-11-06T21:16:20","date_gmt":"2024-11-06T13:16:20","guid":{"rendered":"https:\/\/bogonglaser.com\/?post_type=product&#038;p=1746"},"modified":"2026-02-02T18:17:27","modified_gmt":"2026-02-02T10:17:27","slug":"best-200w-pulse-laser-cleaning-machine","status":"publish","type":"product","link":"https:\/\/bogonglaser.com\/cs\/best-200w-pulse-laser-cleaning-machine\/","title":{"rendered":"Nejlep\u0161\u00ed 200W pulzn\u00ed laserov\u00fd \u010distic\u00ed stroj"},"content":{"rendered":"<h2>Co je 200W pulzn\u00ed laserov\u00fd \u010distic\u00ed stroj<\/h2>\n<p>200W puls<a href=\"https:\/\/bogonglaser.com\/cs\/laser-cleaning-machine\/\"> laserov\u00fd \u010distic\u00ed stroj<\/a> je laserov\u00e9 za\u0159\u00edzen\u00ed, kter\u00e9 je speci\u00e1ln\u011b navr\u017eeno pro pr\u016fmyslov\u00e9 \u010di\u0161t\u011bn\u00ed. Vyu\u017e\u00edv\u00e1 pokro\u010dilou technologii laserov\u00e9ho \u010di\u0161t\u011bn\u00ed MOPA, co\u017e je bezkontaktn\u00ed metoda, kter\u00e1 \u00fa\u010dinn\u011b odstra\u0148uje rez, barvy, n\u00e1t\u011bry a dal\u0161\u00ed ne\u010distoty z povrch\u016f a z\u00e1rove\u0148 chr\u00e1n\u00ed materi\u00e1l pod nimi. v porovn\u00e1n\u00ed s 300W laserov\u00fdm \u010disti\u010dem je energie 200W laseru o n\u011bco slab\u0161\u00ed ne\u017e 300W.<\/p>\n<p>Tento stroj s p\u0159\u00edkonem 200 W vys\u00edl\u00e1 laserov\u00fd paprsek, kter\u00fd si rychle a \u00fa\u010dinn\u011b porad\u00ed i s t\u011bmi nejodoln\u011bj\u0161\u00edmi vrstvami ne\u010distot. Proces \u010di\u0161t\u011bn\u00ed prob\u00edh\u00e1 tak, \u017ee laserov\u00e1 energie je nasm\u011brov\u00e1na na zne\u010di\u0161t\u011bn\u00fd povrch, laserov\u00e1 energie absorbovan\u00e1 ne\u010distotami rychle zah\u0159\u00edv\u00e1 povrch, co\u017e zp\u016fsob\u00ed, \u017ee se ne\u010distoty t\u00e9m\u011b\u0159 okam\u017eit\u011b odpa\u0159\u00ed. Tento proces nepo\u0161kozuje podkladov\u00fd materi\u00e1l, proto\u017ee doba p\u016fsoben\u00ed laseru je extr\u00e9mn\u011b kr\u00e1tk\u00e1 (obvykle v rozmez\u00ed nanosekund a\u017e mikrosekund) a zanech\u00e1v\u00e1 za sebou \u010dist\u00fd povrch.<\/p>\n<p>Jednou ze skv\u011bl\u00fdch vlastnost\u00ed tohoto za\u0159\u00edzen\u00ed je nastaviteln\u00fd v\u00fdkon a r\u016fzn\u00e9 re\u017eimy skenov\u00e1n\u00ed, kter\u00e9 u\u017eivatel\u016fm umo\u017e\u0148uj\u00ed p\u0159izp\u016fsobit proces \u010di\u0161t\u011bn\u00ed podle konkr\u00e9tn\u00edho povrchu a typu zne\u010di\u0161t\u011bn\u00ed. To znamen\u00e1, \u017ee m\u016f\u017eete dos\u00e1hnout optim\u00e1ln\u00edch v\u00fdsledk\u016f, ani\u017e byste riskovali po\u0161kozen\u00ed materi\u00e1lu pod n\u00edm. Tak\u00e9 m\u00e1 intuitivn\u00ed rozhran\u00ed a programovateln\u00e1 nastaven\u00ed, tak\u017ee je u\u017eivatelsky p\u0159\u00edv\u011btiv\u00fd a snadno se ovl\u00e1d\u00e1. Celkov\u011b se jedn\u00e1 o efektivn\u00ed \u0159e\u0161en\u00ed pro ka\u017ed\u00e9ho, kdo pot\u0159ebuje precizn\u00ed pr\u016fmyslov\u00e9 \u010di\u0161t\u011bn\u00ed.<\/p>\n<p>Hlavn\u00ed funkce jsou uvedeny n\u00ed\u017ee:<\/p>\n<ul>\n<li>Typ laseru: Vl\u00e1knov\u00fd laser<br \/>\nV\u00fdkon laseru: 200 W<br \/>\nV\u00fdstupn\u00ed rozsah (je-li nastaviteln\u00fd): 0-100%<br \/>\nVytv\u00e1\u0159en\u00ed pulz\u016f: MOPA Q-Switched (faktor kvality)<br \/>\nLaserov\u00fd gener\u00e1tor: JPT<br \/>\nOblast \u010di\u0161t\u011bn\u00ed: (voliteln\u011b 130x130 mm, 150x150 mm).<br \/>\nD\u00e9lka vl\u00e1kna: 5 m<br \/>\nTyp chlazen\u00ed: Vzduch<br \/>\nPo prodeji: 2 roky<\/li>\n<\/ul>\n<p><iframe title=\"200W pulzn\u00ed laserov\u00fd \u010disti\u010d | 200W pulzn\u00ed laserov\u00fd \u010distic\u00ed stroj\" width=\"1290\" height=\"726\" src=\"https:\/\/www.youtube.com\/embed\/K8XqcUOiTa0?feature=oembed\" frameborder=\"0\" allow=\"accelerometer; autoplay; clipboard-write; encrypted-media; gyroscope; picture-in-picture; web-share\" referrerpolicy=\"strict-origin-when-cross-origin\" allowfullscreen><\/iframe><\/p>\n<h2>Vlastnosti 200W pulzn\u00edho laserov\u00e9ho \u010disti\u010de:<\/h2>\n<p>Na rozd\u00edl od \u010disti\u010d\u016f vl\u00e1knov\u00fdch laser\u016f s kontinu\u00e1ln\u00edm (CW) proudem pou\u017e\u00edv\u00e1 tento syst\u00e9m pulzn\u00edho laserov\u00e9ho \u010disti\u010de dvojitou kyvnou inteligentn\u00ed \u010distic\u00ed hlavu a nab\u00edz\u00ed univerz\u00e1ln\u00ed \u0161k\u00e1lu 8 re\u017eim\u016f \u010di\u0161t\u011bn\u00ed, kter\u00e9 vyhovuj\u00ed r\u016fzn\u00fdm pot\u0159eb\u00e1m. Efektivn\u011b \u0159\u00edd\u00ed vstupn\u00ed v\u00fdkon nastaven\u00edm \u0161\u00ed\u0159ky pulzu, frekvence atd., udr\u017euje optim\u00e1ln\u00ed teplotu obrobku a z\u00e1rove\u0148 minimalizuje ztr\u00e1ty energie, co\u017e zvy\u0161uje celkovou \u00fa\u010dinnost.<\/p>\n<p><strong>Pou\u017e\u00edvejte p\u0159\u00edv\u011btiv\u00fd software<\/strong> - Tento laserov\u00fd \u010disti\u010d je zkonstruov\u00e1n pro v\u011bt\u0161\u00ed pohodl\u00ed a je vybaven 5 metr\u016f dlouh\u00fdm optick\u00fdm kabelem, kter\u00fd umo\u017e\u0148uje flexibiln\u00ed provoz bez prostorov\u00fdch omezen\u00ed.Laserov\u00fd stroj BOGONG 300W m\u00e1 2 dotykov\u00e9 obrazovky, jednu dotykovou obrazovku na laserov\u00e9 hlav\u011b a druhou dotykovou obrazovku na sk\u0159\u00edni stroje, na kter\u00e9 m\u016f\u017eete voln\u011b nastavovat parametry. Jeho roz\u0161\u00ed\u0159en\u00e9 rozhran\u00ed IO usnad\u0148uje snadnou integraci s manipul\u00e1tory pro automatizovan\u00e9 \u010distic\u00ed procesy. Krom\u011b toho jsou k dispozici obs\u00e1hl\u00e9 anglick\u00e9 p\u0159\u00edru\u010dky a provozn\u00ed videa, co\u017e u\u017eivatel\u016fm tohoto laserov\u00e9ho odstra\u0148ova\u010de rzi zaji\u0161\u0165uje bezprobl\u00e9mov\u00e9 a rychl\u00e9 u\u010den\u00ed.<\/p>\n<p><strong>Jednovidov\u00e1 schopnost<\/strong> - Pulzn\u00ed jednovidov\u00fd laserov\u00fd \u010distic\u00ed stroj s v\u00fdkonem 2 mj je vysoce univerz\u00e1ln\u00ed, vhodn\u00fd pro \u0161irokou \u0161k\u00e1lu aplikac\u00ed v\u010detn\u011b \u010di\u0161t\u011bn\u00ed kovov\u00fdch povrch\u016f, automobilov\u00fdch d\u00edl\u016f, kamene, d\u0159eva, plast\u016f a dal\u0161\u00edch materi\u00e1l\u016f, kter\u00e9 vy\u017eaduj\u00ed \u010di\u0161t\u011bn\u00ed vysok\u00fdm v\u00fdkonem. Vynik\u00e1 p\u0159i \u0159e\u0161en\u00ed n\u00e1ro\u010dn\u00fdch \u00faloh se silnou p\u0159ilnavost\u00ed, obt\u00ed\u017en\u011b odstraniteln\u00fdmi l\u00e1tkami, silnou rz\u00ed, vrstvami oxid\u016f a silnou barvou.<\/p>\n<p><strong>P\u0159esnost ve v\u00edce re\u017eimech<\/strong> - Pulzn\u00ed v\u00edcem\u00f3dov\u00fd laserov\u00fd \u010distic\u00ed stroj 15mj je ide\u00e1ln\u00ed pro aplikace vy\u017eaduj\u00edc\u00ed vysokou p\u0159esnost, jako je \u010di\u0161t\u011bn\u00ed p\u0159esn\u00fdch d\u00edl\u016f, \u00fadr\u017eba elektronick\u00fdch za\u0159\u00edzen\u00ed a o\u0161et\u0159ov\u00e1n\u00ed mikrosou\u010d\u00e1stek. Je speci\u00e1ln\u011b navr\u017een pro sc\u00e9n\u00e1\u0159e zahrnuj\u00edc\u00ed lehkou p\u0159ilnavost, snadno odstraniteln\u00e9 ne\u010distoty, m\u00edrnou korozi a aplikace, kde je kritick\u00e9 vyhnout se po\u0161kozen\u00ed, zvolte multire\u017eim pro \u010di\u0161t\u011bn\u00ed forem.<\/p>\n<p><iframe title=\"Skute\u010dn\u00fd rozd\u00edl mezi 2mj 5mj 15mj pulzn\u00edm laserov\u00fdm \u010distic\u00edm strojem? Tophat VS Gauss, kter\u00fd je nejlep\u0161\u00ed?\" width=\"1290\" height=\"726\" src=\"https:\/\/www.youtube.com\/embed\/XWgilh9T0is?feature=oembed\" frameborder=\"0\" allow=\"accelerometer; autoplay; clipboard-write; encrypted-media; gyroscope; picture-in-picture; web-share\" referrerpolicy=\"strict-origin-when-cross-origin\" allowfullscreen><\/iframe><\/p>\n<h3>Pro\u010d si vybrat <a href=\"https:\/\/bogonglaser.com\/cs\/\">Laserov\u00fd \u010disti\u010d Bogong<\/a><\/h3>\n<ul>\n<li>D\u00edky rozs\u00e1hl\u00fdm zku\u0161enostem s laserovou technologi\u00ed \u010di\u0161t\u011bn\u00ed se specializujeme na poskytov\u00e1n\u00ed pokro\u010dil\u00fdch \u0159e\u0161en\u00ed p\u0159izp\u016fsoben\u00fdch va\u0161im specifick\u00fdm po\u017eadavk\u016fm. N\u00e1\u0161 t\u00fdm odborn\u00fdch in\u017een\u00fdr\u016f a technik\u016f disponuje hlubok\u00fdmi znalostmi v oboru, co\u017e v\u00e1m zaru\u010d\u00ed, \u017ee obdr\u017e\u00edte ide\u00e1ln\u00ed \u0159e\u0161en\u00ed. <a href=\"https:\/\/bogonglaser.com\/cs\/laser-cleaning-machine\/\">laserov\u00fd \u010distic\u00ed stroj<\/a> p\u0159izp\u016fsoben\u00e9 va\u0161im jedine\u010dn\u00fdm aplikac\u00edm.<\/li>\n<li>U\u0161et\u0159\u00edme ji\u017e parametr pro odstran\u011bn\u00ed rzi, lakov\u00e1n\u00ed atd., po jeho z\u00edsk\u00e1n\u00ed m\u016f\u017eete snadno za\u010d\u00edt s laserov\u00fdm \u010di\u0161t\u011bn\u00edm.<\/li>\n<li>Bogong poskytuje nejen vysoce kvalitn\u00ed laserov\u00e9 za\u0159\u00edzen\u00ed, ale tak\u00e9 nejlep\u0161\u00ed poprodejn\u00ed servis v minul\u00fdch letech.<\/li>\n<\/ul>\n<p><iframe title=\"300W pulzn\u00ed laserov\u00fd \u010distic\u00ed stroj | Nejlep\u0161\u00ed automatick\u00fd syst\u00e9m pro obnovu d\u00edl\u016f pro firmy\" width=\"1290\" height=\"726\" src=\"https:\/\/www.youtube.com\/embed\/iEI1zAgPy5g?feature=oembed\" frameborder=\"0\" allow=\"accelerometer; autoplay; clipboard-write; encrypted-media; gyroscope; picture-in-picture; web-share\" referrerpolicy=\"strict-origin-when-cross-origin\" allowfullscreen><\/iframe><\/p>\n<p><iframe title=\"LASEROV\u00c9 \u010cI\u0160T\u011aN\u00cd FOREM | Laserov\u00e9 \u010di\u0161t\u011bn\u00ed forem\" width=\"1290\" height=\"726\" src=\"https:\/\/www.youtube.com\/embed\/tspq0apVAt0?feature=oembed\" frameborder=\"0\" allow=\"accelerometer; autoplay; clipboard-write; encrypted-media; gyroscope; picture-in-picture; web-share\" referrerpolicy=\"strict-origin-when-cross-origin\" allowfullscreen><\/iframe><\/p>\n<h2>Jak funguje 200 pulzn\u00ed laserov\u00fd \u010distic\u00ed stroj?<\/h2>\n<p>200W pulzn\u00ed laserov\u00fd \u010distic\u00ed stroj vyu\u017e\u00edv\u00e1 pokro\u010dilou laserovou technologii k \u00fa\u010dinn\u00e9mu odstra\u0148ov\u00e1n\u00ed ne\u010distot z povrch\u016f. Zde je stru\u010dn\u00fd p\u0159ehled toho, jak funguje:<\/p>\n<ol>\n<li><strong>Laserov\u00e1 emise<\/strong>: Generuje 200W pulzn\u00ed laserov\u00fd paprsek, kter\u00fd vys\u00edl\u00e1 kr\u00e1tk\u00e9 d\u00e1vky energie pro p\u0159esn\u00e9 \u010di\u0161t\u011bn\u00ed.<\/li>\n<li><strong>C\u00edlen\u00e9 \u010di\u0161t\u011bn\u00ed<\/strong>: P\u0159i zam\u011b\u0159en\u00ed na povrch je energie laseru absorbov\u00e1na ne\u010distotami, jako je rez nebo barva.<\/li>\n<li><strong>Odpa\u0159ov\u00e1n\u00ed<\/strong>: Absorbovan\u00e1 energie rychle zah\u0159\u00edv\u00e1 kontaminanty a zp\u016fsobuje jejich odpa\u0159ov\u00e1n\u00ed, ani\u017e by do\u0161lo k po\u0161kozen\u00ed podkladov\u00e9ho materi\u00e1lu.<\/li>\n<li><strong>Selektivn\u00ed odstran\u011bn\u00ed<\/strong>: Tento proces se selektivn\u011b zam\u011b\u0159uje pouze na kontaminanty a zachov\u00e1v\u00e1 celistvost povrchu.<\/li>\n<li><strong>Nastaviteln\u00e1 nastaven\u00ed<\/strong>: Nab\u00edz\u00ed p\u0159izp\u016fsobiteln\u00e9 nastaven\u00ed v\u00fdkonu a mo\u017enosti zaost\u0159en\u00ed pro r\u016fzn\u00e9 povrchy a \u00farovn\u011b zne\u010di\u0161t\u011bn\u00ed.<\/li>\n<\/ol>\n<p>Celkov\u011b lze \u0159\u00edci, \u017ee 200W pulzn\u00ed laserov\u00fd \u010distic\u00ed stroj nab\u00edz\u00ed efektivn\u00ed, p\u0159esn\u00e9 a v\u0161estrann\u00e9 \u0159e\u0161en\u00ed pro pr\u016fmyslov\u00e9 \u010distic\u00ed aplikace.<\/p>\n<p><iframe title=\"200W pulzn\u00ed laserov\u00fd \u010distic\u00ed stroj Zp\u011btn\u00e1 vazba\" width=\"1290\" height=\"726\" src=\"https:\/\/www.youtube.com\/embed\/EpK-C5kgbms?feature=oembed\" frameborder=\"0\" allow=\"accelerometer; autoplay; clipboard-write; encrypted-media; gyroscope; picture-in-picture; web-share\" referrerpolicy=\"strict-origin-when-cross-origin\" allowfullscreen><\/iframe><\/p>\n<h3>Jak vybrat spr\u00e1vn\u00fd pulzn\u00ed laserov\u00fd \u010distic\u00ed stroj<\/h3>\n<p>V\u00fdb\u011br spr\u00e1vn\u00e9ho pulzn\u00edho laserov\u00e9ho \u010distic\u00edho stroje bude pro va\u0161e podnik\u00e1n\u00ed d\u016fle\u017eit\u00fd, jak se ujistit, \u017ee stroj spl\u0148uje va\u0161e specifick\u00e9 pot\u0159eby. Zde je pr\u016fvodce, kter\u00fd v\u00e1m pom\u016f\u017ee u\u010dinit informovan\u00e9 rozhodnut\u00ed:<\/p>\n<ol>\n<li><strong>Kompatibilita materi\u00e1l\u016f<\/strong>: Ur\u010dete typy materi\u00e1l\u016f, kter\u00e9 pl\u00e1nujete \u010distit (nap\u0159. rez, malba, na kov d\u0159evo, akryl atd.). Ujist\u011bte se, \u017ee v\u00e1mi vybran\u00fd stroj si s t\u011bmito materi\u00e1ly \u00fa\u010dinn\u011b porad\u00ed.<\/li>\n<li><strong>Typ laseru<\/strong>: R\u016fzn\u00e9 typy laser\u016f 2mj, 5mj a 15mj, r\u016fzn\u00e9 lasery s r\u016fzn\u00fdmi v\u00fdsledky.<\/li>\n<li><strong>Velikost pracovn\u00ed plochy<\/strong>: Zhodno\u0165te velikost \u00faklidov\u00e9 plochy na z\u00e1klad\u011b projekt\u016f, kter\u00e9 pl\u00e1nujete realizovat. Ujist\u011bte se, \u017ee stroj m\u00e1 dostate\u010dnou pracovn\u00ed plochu pro va\u0161e p\u0159edm\u011bty. vyberte si spr\u00e1vn\u00fd objektiv F-theta, pls ask our sales about this.<\/li>\n<li><strong>Snadn\u00e9 pou\u017e\u00edv\u00e1n\u00ed<\/strong>: Hledejte stroje s u\u017eivatelsky p\u0159\u00edv\u011btiv\u00fdm softwarem, kter\u00fd umo\u017e\u0148uje snadn\u00e9 navrhov\u00e1n\u00ed a ovl\u00e1d\u00e1n\u00ed.<\/li>\n<li><strong>Z\u00e1kaznick\u00e1 podpora a z\u00e1ruka<\/strong>: Prozkoumejte mo\u017enosti podpory a z\u00e1ruky poskytovan\u00e9 v\u00fdrobcem. Spolehliv\u00fd z\u00e1kaznick\u00fd servis m\u016f\u017ee m\u00edt z\u00e1sadn\u00ed v\u00fdznam pro \u0159e\u0161en\u00ed probl\u00e9m\u016f a \u00fadr\u017ebu.<\/li>\n<\/ol>\n<p>Dal\u0161\u00ed zp\u011btnou vazbu od z\u00e1kazn\u00edk\u016f najdete na kan\u00e1lu BOGONG youtube.<\/p>\n<p>Platebn\u00ed podm\u00ednky<\/p>\n<p>1. Vklad a z\u016fstatek: Z\u016fstatek je splatn\u00fd p\u0159ed odesl\u00e1n\u00edm z\u00e1silky: 30% T\/T z\u00e1loha je vy\u017eadov\u00e1na p\u0159edem.<\/p>\n<p>2. Alibaba Trade Assurance: Platby lze zpracov\u00e1vat prost\u0159ednictv\u00edm Alibaba Trade Assurance.<\/p>\n<p>\u010casto kladen\u00e9 dotazy k 3D vl\u00e1knov\u00e9 laserov\u00e9 \u0159eza\u010dce na kovy<\/p>\n<p>Jak\u00fd je obal pro 3D vl\u00e1knov\u00fd laserov\u00fd zna\u010dkovac\u00ed stroj?<br \/>\nNa\u0161e stroje jsou baleny ve t\u0159\u00edvrstv\u00e9m uspo\u0159\u00e1d\u00e1n\u00ed. Vn\u011bj\u0161\u00ed vrstvu tvo\u0159\u00ed d\u0159ev\u011bn\u00e1 bedna, prost\u0159edn\u00ed vrstva je vybavena p\u011bnovou v\u00fdpln\u00ed, kter\u00e1 chr\u00e1n\u00ed p\u0159ed ot\u0159esy, a vnit\u0159n\u00ed vrstva obsahuje siln\u00fd plastov\u00fd s\u00e1\u010dek pro ochranu p\u0159ed vodou.<\/p>\n<p>Dojde b\u011bhem p\u0159epravy k po\u0161kozen\u00ed z\u00e1silky?<br \/>\nNa\u0161e obaly pe\u010dliv\u011b navrhujeme tak, aby \u0159e\u0161ily v\u0161echny mo\u017en\u00e9 faktory po\u0161kozen\u00ed, a na\u0161i p\u0159epravci maj\u00ed zku\u0161enosti s bezpe\u010dnou p\u0159epravou. \u00dasp\u011b\u0161n\u011b jsme exportovali do 180 zem\u00ed, tak\u017ee si m\u016f\u017eete b\u00fdt jisti, \u017ee va\u0161e z\u00e1silka doraz\u00ed ve v\u00fdborn\u00e9m stavu.<\/p>\n<p>V\u011bt\u0161ina z\u00e1kazn\u00edk\u016f si r\u00e1da vyb\u00edr\u00e1 p\u0159epravu expresn\u00ed slu\u017ebou UPS\/DHL, kter\u00e1 m\u016f\u017ee dorazit na m\u00edsto ur\u010den\u00ed asi za 5-7 dn\u00ed, kontaktujte BOGONG a z\u00edskejte v\u00edce informac\u00ed o vl\u00e1knov\u00e9 laserov\u00e9 grav\u00edrce kov\u016f pro st\u0159\u00edbro mosaz zlato m\u011b\u010f.<\/p>","protected":false},"excerpt":{"rendered":"<h2>200W pulzn\u00ed laserov\u00fd \u010distic\u00ed stroj<\/h2>\n<p>200W pulzn\u00ed laserov\u00fd \u010distic\u00ed stroj BOGONG s nejlep\u0161\u00edm laserov\u00fdm zdrojem mopa, ur\u010den\u00fd pro \u00fa\u010dinn\u00e9 \u010di\u0161t\u011bn\u00ed povrch\u016f materi\u00e1l\u016f. Snadno se nastavuje, obsluhuje a automatizuje, tak\u017ee je ide\u00e1ln\u00ed pro p\u0159esn\u00e9 odstra\u0148ov\u00e1n\u00ed povrchov\u00fdch ne\u010distot, jako je rez, mastnota, barva, z\u00e1kladn\u00ed n\u00e1t\u011br a dal\u0161\u00ed.<\/p>\n<ul class=\"tips\">\n<li>200 sad \/ m\u011bs\u00edc \u010dek\u00e1 na prodej Skladem<\/li>\n<li>2 roky omezen\u00e9 z\u00e1ruky na cel\u00fd stroj<\/li>\n<li>3-5 dn\u00ed p\u0159\u00edprava laserov\u00e9ho stroje, 3-7 dn\u00ed doprava.<\/li>\n<li>Online (PayPal) a offline (T\/T, debetn\u00ed a kreditn\u00ed karty)<\/li>\n<\/ul>","protected":false},"featured_media":1741,"template":"","meta":{"_gspb_post_css":""},"product_brand":[],"product_cat":[94],"product_tag":[101,100],"class_list":{"0":"post-1746","1":"product","2":"type-product","3":"status-publish","4":"has-post-thumbnail","6":"product_cat-laser-cleaning-machine","7":"product_tag-laser-cleaner","8":"product_tag-laser-cleaning-machine","10":"first","11":"instock","12":"shipping-taxable","13":"product-type-simple"},"_links":{"self":[{"href":"https:\/\/bogonglaser.com\/cs\/wp-json\/wp\/v2\/product\/1746","targetHints":{"allow":["GET"]}}],"collection":[{"href":"https:\/\/bogonglaser.com\/cs\/wp-json\/wp\/v2\/product"}],"about":[{"href":"https:\/\/bogonglaser.com\/cs\/wp-json\/wp\/v2\/types\/product"}],"wp:featuredmedia":[{"embeddable":true,"href":"https:\/\/bogonglaser.com\/cs\/wp-json\/wp\/v2\/media\/1741"}],"wp:attachment":[{"href":"https:\/\/bogonglaser.com\/cs\/wp-json\/wp\/v2\/media?parent=1746"}],"wp:term":[{"taxonomy":"product_brand","embeddable":true,"href":"https:\/\/bogonglaser.com\/cs\/wp-json\/wp\/v2\/product_brand?post=1746"},{"taxonomy":"product_cat","embeddable":true,"href":"https:\/\/bogonglaser.com\/cs\/wp-json\/wp\/v2\/product_cat?post=1746"},{"taxonomy":"product_tag","embeddable":true,"href":"https:\/\/bogonglaser.com\/cs\/wp-json\/wp\/v2\/product_tag?post=1746"}],"curies":[{"name":"wp","href":"https:\/\/api.w.org\/{rel}","templated":true}]}}