{"id":1668,"date":"2024-10-29T17:30:42","date_gmt":"2024-10-29T09:30:42","guid":{"rendered":"https:\/\/bogonglaser.com\/?post_type=product&#038;p=1668"},"modified":"2025-12-10T16:57:58","modified_gmt":"2025-12-10T08:57:58","slug":"3d-fiber-laser-engraver-for-metal-2","status":"publish","type":"product","link":"https:\/\/bogonglaser.com\/cs\/3d-fiber-laser-engraver-for-metal-2\/","title":{"rendered":"3D vl\u00e1knov\u00fd laserov\u00fd grav\u00edr pro kov"},"content":{"rendered":"<h2>Co je 3D laserov\u00fd grav\u00edrovac\u00ed stroj na kov?<\/h2>\n<p><a href=\"https:\/\/bogonglaser.com\/cs\/laser-engraving-machine\/\">3D laserov\u00fd grav\u00edrovac\u00ed stroj<\/a> s pulzn\u00edm vl\u00e1knov\u00fdm laserem, 3D softwarem lenmark3ds\/Ezcad3 pro zpracov\u00e1n\u00ed obrazu, uvnit\u0159 laserov\u00e9 hlavy je dynamick\u00e1 \u010do\u010dka, kter\u00e1 m\u016f\u017ee grav\u00edrovat nepravideln\u00e9 tvary. Hlavn\u00ed funkce jsou uvedeny n\u00ed\u017ee:<\/p>\n<ul>\n<li>Pulzn\u00ed vl\u00e1knov\u00fd laser<\/li>\n<li>3D grav\u00edrovac\u00ed software pro zpracov\u00e1n\u00ed obrazu<\/li>\n<li>Osa R pro zna\u010den\u00ed prsten\u016f a n\u00e1ramk\u016f<\/li>\n<li>3D dynamick\u00e1 laserov\u00e1 hlava<\/li>\n<li>Nastaviteln\u00e1 v\u00fd\u0161ka zaost\u0159en\u00ed 15 a\u017e 80 mm<\/li>\n<li>\u0160irok\u00fd v\u00fdb\u011br voliteln\u00fdch dopl\u0148k\u016f<\/li>\n<li>Z\u00e1ruka 2 roky<\/li>\n<\/ul>\n<figure id=\"attachment_7418\" aria-describedby=\"caption-attachment-7418\" style=\"width: 300px\" class=\"wp-caption alignnone\"><img decoding=\"async\" class=\"size-medium wp-image-7418\" src=\"https:\/\/bogonglaser.com\/wp-content\/uploads\/2024\/10\/3d-laser-marker-2-300x227.jpg\" alt=\"3D laserov\u00fd zna\u010dkova\u010d\" width=\"300\" height=\"227\" title=\"\" srcset=\"https:\/\/bogonglaser.com\/wp-content\/uploads\/2024\/10\/3d-laser-marker-2-300x227.jpg 300w, https:\/\/bogonglaser.com\/wp-content\/uploads\/2024\/10\/3d-laser-marker-2-16x12.jpg 16w, https:\/\/bogonglaser.com\/wp-content\/uploads\/2024\/10\/3d-laser-marker-2.jpg 600w\" sizes=\"(max-width: 300px) 100vw, 300px\" \/><figcaption id=\"caption-attachment-7418\" class=\"wp-caption-text\">3D laserov\u00fd zna\u010dkova\u010d<\/figcaption><\/figure>\n<figure id=\"attachment_7417\" aria-describedby=\"caption-attachment-7417\" style=\"width: 300px\" class=\"wp-caption alignnone\"><img decoding=\"async\" class=\"size-medium wp-image-7417\" src=\"https:\/\/bogonglaser.com\/wp-content\/uploads\/2024\/10\/bogong-new-cabinet-1-300x150.png\" alt=\"bogong nov\u00fd kabinet\" width=\"300\" height=\"150\" title=\"\" srcset=\"https:\/\/bogonglaser.com\/wp-content\/uploads\/2024\/10\/bogong-new-cabinet-1-300x150.png 300w, https:\/\/bogonglaser.com\/wp-content\/uploads\/2024\/10\/bogong-new-cabinet-1-600x300.png 600w, https:\/\/bogonglaser.com\/wp-content\/uploads\/2024\/10\/bogong-new-cabinet-1-768x384.png 768w, https:\/\/bogonglaser.com\/wp-content\/uploads\/2024\/10\/bogong-new-cabinet-1-18x9.png 18w, https:\/\/bogonglaser.com\/wp-content\/uploads\/2024\/10\/bogong-new-cabinet-1.png 800w\" sizes=\"(max-width: 300px) 100vw, 300px\" \/><figcaption id=\"caption-attachment-7417\" class=\"wp-caption-text\">bogong nov\u00fd kabinet<\/figcaption><\/figure>\n<h2>Vlastnosti 3D laserov\u00e9ho zna\u010dkovac\u00edho stroje:<\/h2>\n<p><iframe title=\"2025 Nejlep\u0161\u00ed 3D laserov\u00fd grav\u00edr | Co je 3D laserov\u00e9 grav\u00edrov\u00e1n\u00ed? Jak funguje 3D laserov\u00e9 grav\u00edrov\u00e1n\u00ed? 3D zna\u010den\u00ed\" width=\"1290\" height=\"726\" src=\"https:\/\/www.youtube.com\/embed\/_A-XUjBEmxM?feature=oembed\" frameborder=\"0\" allow=\"accelerometer; autoplay; clipboard-write; encrypted-media; gyroscope; picture-in-picture; web-share\" referrerpolicy=\"strict-origin-when-cross-origin\" allowfullscreen><\/iframe><\/p>\n<p><iframe title=\"2025 Nejlep\u0161\u00ed 3D laserov\u00fd grav\u00edr | Co je 3D laserov\u00e9 grav\u00edrov\u00e1n\u00ed? Jak funguje 3D laserov\u00e9 grav\u00edrov\u00e1n\u00ed? 3D zna\u010den\u00ed\" width=\"1290\" height=\"726\" src=\"https:\/\/www.youtube.com\/embed\/_A-XUjBEmxM?feature=oembed\" frameborder=\"0\" allow=\"accelerometer; autoplay; clipboard-write; encrypted-media; gyroscope; picture-in-picture; web-share\" referrerpolicy=\"strict-origin-when-cross-origin\" allowfullscreen><\/iframe><\/p>\n<p>1. V\u0161estrann\u00e9 aplikace<br \/>\n3D laserov\u00fd zna\u010dic\u00ed stroj je ur\u010den pro trojrozm\u011brn\u00e9 zna\u010den\u00ed zak\u0159iven\u00fdch povrch\u016f, dok\u00e1\u017ee se zam\u011b\u0159it na jemn\u00e1 m\u00edsta a poskytuje rovnom\u011brn\u00e9 zna\u010den\u00ed v toleran\u010dn\u00edm rozsahu v\u00fd\u0161ky 0 a\u017e 80 mm. Nen\u00ed t\u0159eba nastavovat zaost\u0159en\u00ed, co\u017e umo\u017e\u0148uje bezprobl\u00e9mov\u00e9 zna\u010den\u00ed nepravideln\u00fdch v\u00fdrobk\u016f, jako jsou zak\u0159iven\u00e9, naklon\u011bn\u00e9 a stup\u0148ovit\u00e9 povrchy, koule, v\u00e1lce a ku\u017eely, v r\u00e1mci jedn\u00e9 operace.<\/p>\n<p>2. Vynikaj\u00edc\u00ed kvalita hlubok\u00e9 \u0159ezby<br \/>\nStroj je vybaven 3D syst\u00e9mem jemn\u00e9ho zna\u010den\u00ed a vynik\u00e1 v r\u016fzn\u00fdch typech grav\u00edrov\u00e1n\u00ed, v\u010detn\u011b reli\u00e9fn\u00edho, hlubok\u00e9ho a konk\u00e1vn\u00edho\/konvexn\u00edho grav\u00edrov\u00e1n\u00ed. Poskytuje vysokou p\u0159esnost a vizu\u00e1ln\u011b atraktivn\u00ed v\u00fdsledky. Tento stroj podporuje t\u0159i zdroje sv\u011btla: vl\u00e1knov\u00e9, ultrafialov\u00e9 a oxid uhli\u010dit\u00fd, co\u017e umo\u017e\u0148uje grav\u00edrov\u00e1n\u00ed do kovov\u00fdch i nekovov\u00fdch materi\u00e1l\u016f.<\/p>\n<p>&nbsp;<\/p>\n<p><iframe title=\"\u010c\u00edna Nejlep\u0161\u00ed 3D laserov\u00fd grav\u00edrovac\u00ed stroj na \u0159ez\u00e1n\u00ed kov\u016f | 3D laserov\u00fd grav\u00edrovac\u00ed stroj na prodej\" width=\"1290\" height=\"726\" src=\"https:\/\/www.youtube.com\/embed\/rdjhRIaqMNM?feature=oembed\" frameborder=\"0\" allow=\"accelerometer; autoplay; clipboard-write; encrypted-media; gyroscope; picture-in-picture; web-share\" referrerpolicy=\"strict-origin-when-cross-origin\" allowfullscreen><\/iframe><\/p>\n<h3>Aplikace 3D vl\u00e1knov\u00e9ho laserov\u00e9ho grav\u00edrovac\u00edho stroje<\/h3>\n<ul>\n<li>Vrstven\u00e9 vykop\u00e1vky a 3D basreli\u00e9fn\u00ed rytina.<\/li>\n<li>Ryt\u00ed na nerovn\u00e9m povrchu s nerovnost\u00ed a\u017e 80 mm.<\/li>\n<li>Rytiny na prstenech, n\u00e1ramc\u00edch, medailonech a rovn\u00fdch ploch\u00e1ch.<\/li>\n<li>Ryt\u00ed fotografi\u00ed, n\u00e1zv\u016f, vzor\u016f a log, v\u010detn\u011b ochrann\u00fdch zn\u00e1mek.<\/li>\n<li>Rytiny na cifern\u00edc\u00edch hodinek a br\u00fdl\u00edch z jak\u00e9hokoli kovov\u00e9ho materi\u00e1lu.<\/li>\n<li>Ru\u010dn\u00ed \u0159ez\u00e1n\u00ed jednotliv\u00fdch kus\u016f nebo automatizovan\u00e1 \u0159e\u0161en\u00ed pro hromadnou v\u00fdrobu<\/li>\n<\/ul>\n<p><iframe title=\"Co um\u00ed 3D LASEROV\u00dd RYTEC? | 3D laserov\u00e1 grav\u00edrovac\u00ed fr\u00e9za na kov\" width=\"1290\" height=\"726\" src=\"https:\/\/www.youtube.com\/embed\/v_rWKxbDr04?feature=oembed\" frameborder=\"0\" allow=\"accelerometer; autoplay; clipboard-write; encrypted-media; gyroscope; picture-in-picture; web-share\" referrerpolicy=\"strict-origin-when-cross-origin\" allowfullscreen><\/iframe><\/p>\n<p>&nbsp;<\/p>\n<figure id=\"attachment_7419\" aria-describedby=\"caption-attachment-7419\" style=\"width: 300px\" class=\"wp-caption alignnone\"><img decoding=\"async\" class=\"size-medium wp-image-7419\" src=\"https:\/\/bogonglaser.com\/wp-content\/uploads\/2024\/10\/bogong-new-cabinet-300x143.jpg\" alt=\"bogong nov\u00fd kabinet\" width=\"300\" height=\"143\" title=\"\" srcset=\"https:\/\/bogonglaser.com\/wp-content\/uploads\/2024\/10\/bogong-new-cabinet-300x143.jpg 300w, https:\/\/bogonglaser.com\/wp-content\/uploads\/2024\/10\/bogong-new-cabinet-600x286.jpg 600w, https:\/\/bogonglaser.com\/wp-content\/uploads\/2024\/10\/bogong-new-cabinet-1024x488.jpg 1024w, https:\/\/bogonglaser.com\/wp-content\/uploads\/2024\/10\/bogong-new-cabinet-768x366.jpg 768w, https:\/\/bogonglaser.com\/wp-content\/uploads\/2024\/10\/bogong-new-cabinet-18x9.jpg 18w, https:\/\/bogonglaser.com\/wp-content\/uploads\/2024\/10\/bogong-new-cabinet.jpg 1251w\" sizes=\"(max-width: 300px) 100vw, 300px\" \/><figcaption id=\"caption-attachment-7419\" class=\"wp-caption-text\">bogong nov\u00fd kabinet<\/figcaption><\/figure>\n<h2>Jak funguje 3D laserov\u00e9 grav\u00edrov\u00e1n\u00ed?<\/h2>\n<p>3D laserov\u00fd syst\u00e9m automaticky nastavuje laserov\u00fd bod tak, aby se minimalizovala ztr\u00e1ta kvality bodu na zak\u0159iven\u00fdch povr\u0161\u00edch a 3D kontur\u00e1ch. Tyto syst\u00e9my jsou ide\u00e1ln\u00ed pro zpracov\u00e1n\u00ed slo\u017eit\u00fdch tvar\u016f a mohou efektivn\u011b grav\u00edrovat r\u016fzn\u00e9 p\u0159edm\u011bty.<\/p>\n<p>Krom\u011b toho jsou schopny vytv\u00e1\u0159et reli\u00e9fn\u00ed rytiny hlubok\u00fdm vy\u0159ez\u00e1v\u00e1n\u00edm \u010d\u00e1st\u00ed s r\u016fznou v\u00fd\u0161kou, co\u017e je ide\u00e1ln\u00ed pro personalizovan\u00e9 d\u00e1rky nebo \u0161perky.<\/p>\n<p><iframe title=\"ON JAKO BOGONG 3D LASEROV\u00dd GRAV\u00cdROVAC\u00cd STROJ | NEJLEP\u0160\u00cd \u010c\u00cdNSK\u00dd 3D LASEROV\u00dd GRAV\u00cdROVAC\u00cd STROJ NA PRODEJ\" width=\"1290\" height=\"726\" src=\"https:\/\/www.youtube.com\/embed\/aoAF09vq8LE?feature=oembed\" frameborder=\"0\" allow=\"accelerometer; autoplay; clipboard-write; encrypted-media; gyroscope; picture-in-picture; web-share\" referrerpolicy=\"strict-origin-when-cross-origin\" allowfullscreen><\/iframe><\/p>\n<p><iframe title=\"Co \u0159\u00edk\u00e1te na 3D laserov\u00fd grav\u00edr BOGONG? | Indick\u00fd z\u00e1kazn\u00edk nav\u0161t\u00edvil BOGONG a zakoupil 3D laserov\u00fd grav\u00edrovac\u00ed stroj\" width=\"1290\" height=\"726\" src=\"https:\/\/www.youtube.com\/embed\/bq8eli66vTM?feature=oembed\" frameborder=\"0\" allow=\"accelerometer; autoplay; clipboard-write; encrypted-media; gyroscope; picture-in-picture; web-share\" referrerpolicy=\"strict-origin-when-cross-origin\" allowfullscreen><\/iframe><\/p>\n<h3>Jak vybrat spr\u00e1vn\u00fd 3D laserov\u00fd stroj<\/h3>\n<p>V\u00fdb\u011br spr\u00e1vn\u00e9ho 3D laserov\u00e9ho grav\u00edrovac\u00edho stroje bude pro va\u0161e podnik\u00e1n\u00ed d\u016fle\u017eit\u00fd, jak se ujistit, \u017ee stroj spl\u0148uje va\u0161e konkr\u00e9tn\u00ed pot\u0159eby. Zde je pr\u016fvodce, kter\u00fd v\u00e1m pom\u016f\u017ee u\u010dinit informovan\u00e9 rozhodnut\u00ed:<\/p>\n<ol>\n<li><strong>Kompatibilita materi\u00e1l\u016f<\/strong>: Ur\u010dete typy materi\u00e1l\u016f, kter\u00e9 pl\u00e1nujete grav\u00edrovat (nap\u0159. kov, d\u0159evo, akryl, sklo). Ujist\u011bte se, \u017ee v\u00e1mi vybran\u00fd stroj dok\u00e1\u017ee s t\u011bmito materi\u00e1ly efektivn\u011b pracovat.<\/li>\n<li><strong>Typ laseru<\/strong>: R\u016fzn\u00e9 typy laser\u016f (vl\u00e1knov\u00e9, CO2, UV) slou\u017e\u00ed k r\u016fzn\u00fdm \u00fa\u010del\u016fm.\n<ul>\n<li><strong>Vl\u00e1knov\u00e9 lasery<\/strong>\u00a0jsou vhodn\u00e9 pro kovy a vyzna\u010duj\u00ed se vysokou p\u0159esnost\u00ed.<\/li>\n<li><strong>CO2 lasery<\/strong> je ur\u010den pro nekovov\u00e9 materi\u00e1ly, v\u011bt\u0161inou se pou\u017e\u00edv\u00e1 pro \u0159ez\u00e1n\u00ed velk\u00fdch rozm\u011br\u016f, jako je \u0159ez\u00e1n\u00ed \u0161t\u00edtk\u016f atd.<\/li>\n<li><strong>UV lasery<\/strong>\u00a0jsou ide\u00e1ln\u00ed pro jemn\u00e9 grav\u00edrov\u00e1n\u00ed do materi\u00e1l\u016f, jako je sklo a plasty.<\/li>\n<\/ul>\n<\/li>\n<li><strong>Hloubka ryt\u00ed a detaily<\/strong>: N\u011bkte\u0159\u00ed z\u00e1kazn\u00edci cht\u011bj\u00ed grav\u00edrovat 3D design v\u011bt\u0161\u00ed ne\u017e 200 * 200 mm, cht\u011bj\u00ed t\u00edmto laserem nahradit sv\u016fj CNC router, ujist\u011bte se, \u017ee 3D laserov\u00fd stroj je vhodn\u00fd pro p\u0159esn\u00e9 grav\u00edrov\u00e1n\u00ed mal\u00fdch design\u016f, jako je 40 * 40 mm, 50 * 50 mm, 60 * 60 mm atd.<\/li>\n<li><strong>Velikost pracovn\u00ed plochy<\/strong>: Velikost grav\u00edrovac\u00ed plochy odhadn\u011bte podle projekt\u016f, kter\u00e9 pl\u00e1nujete realizovat. Ujist\u011bte se, \u017ee stroj m\u00e1 dostate\u010dnou pracovn\u00ed plochu pro va\u0161e nejv\u011bt\u0161\u00ed p\u0159edm\u011bty. 3D laserov\u00fd stroj BOGONG F10 s velikost\u00ed grav\u00edrov\u00e1n\u00ed 200*200 mm, osa Z m\u016f\u017ee m\u00edt a\u017e 80 mm.<\/li>\n<li><strong>Snadn\u00e9 pou\u017e\u00edv\u00e1n\u00ed<\/strong>: Hledejte stroje s u\u017eivatelsky p\u0159\u00edv\u011btiv\u00fdm softwarem, kter\u00fd umo\u017e\u0148uje snadn\u00e9 navrhov\u00e1n\u00ed a ovl\u00e1d\u00e1n\u00ed. Pro 3D reli\u00e9fn\u00ed grav\u00edrov\u00e1n\u00ed doporu\u010dujeme Lenmark 3DS a Ezcad3.<\/li>\n<li><strong>Z\u00e1kaznick\u00e1 podpora a z\u00e1ruka<\/strong>: Prozkoumejte mo\u017enosti podpory a z\u00e1ruky poskytovan\u00e9 v\u00fdrobcem. Spolehliv\u00fd z\u00e1kaznick\u00fd servis m\u016f\u017ee m\u00edt z\u00e1sadn\u00ed v\u00fdznam pro \u0159e\u0161en\u00ed probl\u00e9m\u016f a \u00fadr\u017ebu.<\/li>\n<li><strong>Rozpo\u010det<\/strong>: Stanovte si rozpo\u010det a porovnejte r\u016fzn\u00e9 modely v tomto rozmez\u00ed. Zva\u017ete dlouhodob\u00e9 n\u00e1klady spojen\u00e9 s \u00fadr\u017ebou a p\u0159\u00edslu\u0161enstv\u00edm. Pokud je rozpo\u010det dostate\u010dn\u00fd, vyberte si laser MOPA, kter\u00fd bude vhodn\u00fd pro pr\u00e1ci s detaily, proto\u017ee laser MOPA m\u016f\u017ee \u0159\u00eddit \u0161\u00ed\u0159ku a frekvenci pulz\u016f, abyste dos\u00e1hli hladk\u00e9ho dna.<\/li>\n<\/ol>\n<p>&nbsp;<\/p>\n<figure id=\"attachment_7426\" aria-describedby=\"caption-attachment-7426\" style=\"width: 300px\" class=\"wp-caption alignnone\"><img decoding=\"async\" class=\"size-full wp-image-7426\" src=\"https:\/\/bogonglaser.com\/wp-content\/uploads\/2024\/10\/mini-laser-machine-2.jpg\" alt=\"mini laserov\u00fd stroj\" width=\"300\" height=\"225\" title=\"\" srcset=\"https:\/\/bogonglaser.com\/wp-content\/uploads\/2024\/10\/mini-laser-machine-2.jpg 300w, https:\/\/bogonglaser.com\/wp-content\/uploads\/2024\/10\/mini-laser-machine-2-16x12.jpg 16w\" sizes=\"(max-width: 300px) 100vw, 300px\" \/><figcaption id=\"caption-attachment-7426\" class=\"wp-caption-text\">mini laserov\u00fd stroj<\/figcaption><\/figure>\n<figure id=\"attachment_7427\" aria-describedby=\"caption-attachment-7427\" style=\"width: 300px\" class=\"wp-caption alignnone\"><img decoding=\"async\" class=\"size-full wp-image-7427\" src=\"https:\/\/bogonglaser.com\/wp-content\/uploads\/2024\/10\/uv-pro-laser-engraving-machine.jpg\" alt=\"uv pro laser engraving machine\" width=\"300\" height=\"300\" title=\"\" srcset=\"https:\/\/bogonglaser.com\/wp-content\/uploads\/2024\/10\/uv-pro-laser-engraving-machine.jpg 300w, https:\/\/bogonglaser.com\/wp-content\/uploads\/2024\/10\/uv-pro-laser-engraving-machine-100x100.jpg 100w, https:\/\/bogonglaser.com\/wp-content\/uploads\/2024\/10\/uv-pro-laser-engraving-machine-150x150.jpg 150w, https:\/\/bogonglaser.com\/wp-content\/uploads\/2024\/10\/uv-pro-laser-engraving-machine-12x12.jpg 12w\" sizes=\"(max-width: 300px) 100vw, 300px\" \/><figcaption id=\"caption-attachment-7427\" class=\"wp-caption-text\">uv pro laser engraving machine<\/figcaption><\/figure>\n<figure id=\"attachment_7428\" aria-describedby=\"caption-attachment-7428\" style=\"width: 205px\" class=\"wp-caption alignnone\"><img decoding=\"async\" class=\"size-full wp-image-7428\" src=\"https:\/\/bogonglaser.com\/wp-content\/uploads\/2024\/10\/3d-laser-marker-2-1.jpg\" alt=\"3D laserov\u00fd zna\u010dkova\u010d\" width=\"205\" height=\"300\" title=\"\" srcset=\"https:\/\/bogonglaser.com\/wp-content\/uploads\/2024\/10\/3d-laser-marker-2-1.jpg 205w, https:\/\/bogonglaser.com\/wp-content\/uploads\/2024\/10\/3d-laser-marker-2-1-8x12.jpg 8w\" sizes=\"(max-width: 205px) 100vw, 205px\" \/><figcaption id=\"caption-attachment-7428\" class=\"wp-caption-text\">3D laserov\u00fd zna\u010dkova\u010d<\/figcaption><\/figure>\n<figure id=\"attachment_7429\" aria-describedby=\"caption-attachment-7429\" style=\"width: 300px\" class=\"wp-caption alignnone\"><img decoding=\"async\" class=\"size-full wp-image-7429\" src=\"https:\/\/bogonglaser.com\/wp-content\/uploads\/2024\/10\/3d-laser-marker-3.jpg\" alt=\"3D laserov\u00fd zna\u010dkova\u010d\" width=\"300\" height=\"227\" title=\"\" srcset=\"https:\/\/bogonglaser.com\/wp-content\/uploads\/2024\/10\/3d-laser-marker-3.jpg 300w, https:\/\/bogonglaser.com\/wp-content\/uploads\/2024\/10\/3d-laser-marker-3-16x12.jpg 16w\" sizes=\"(max-width: 300px) 100vw, 300px\" \/><figcaption id=\"caption-attachment-7429\" class=\"wp-caption-text\">3D laserov\u00fd zna\u010dkova\u010d<\/figcaption><\/figure>\n<h2>Co pro v\u00e1s m\u016f\u017eeme ud\u011blat, kdy\u017e si vyberete 3D laserov\u00fd grav\u00edr?<\/h2>\n<ul>\n<li><span class=\"magic-19\"><b class=\"magic-19\"><span class=\"magic-18\">Bezplatn\u00e9 testovac\u00ed vzorky -<\/span><\/b><span class=\"magic-20\" data-spm-anchor-id=\"a2700.details.0.i41.41d82402R4aegi\">M\u016f\u017eeme prov\u00e9st bezplatn\u00e9 testy \u00fa\u010dinku zna\u010den\u00ed podle materi\u00e1lu va\u0161eho v\u00fdrobku.<\/span><\/span><\/li>\n<li><span class=\"magic-19\"><b class=\"magic-19\"><span class=\"magic-18\">Video v p\u0159\u00edm\u00e9m p\u0159enosu -<\/span><\/b><span class=\"magic-20\">M\u016f\u017eete se spojit s na\u0161imi prodejn\u00edmi poradci a sledovat v\u00fdrobn\u00ed proces a obsluhu stroje v online videu.<\/span><\/span><\/li>\n<li><span class=\"magic-19\"><b class=\"magic-19\"><span class=\"magic-18\">Na m\u00edru \/OEM-<\/span><\/b><span class=\"magic-20\" data-spm-anchor-id=\"a2700.details.0.i40.41d82402R4aegi\">Stroje na m\u00edru na vy\u017e\u00e1d\u00e1n\u00ed\uff0cKontakt<\/span><\/span><\/li>\n<\/ul>\n<p>&nbsp;<\/p>\n<h3>Kter\u00e9 d\u00edly pot\u0159ebuji vybrat pro 3D laserov\u00fd grav\u00edrovac\u00ed \u0159ezac\u00ed stroj<\/h3>\n<ul>\n<li>Rota\u010dn\u00ed za\u0159\u00edzen\u00ed: existuje n\u011bkolik rota\u010dn\u00edch za\u0159\u00edzen\u00ed s r\u016fzn\u00fdm stylem a pr\u016fm\u011brem svorky, jako je 50D 65D 80D, 100D atd., pokud tak\u00e9 podnik\u00e1te v oblasti \u0161perk\u016f, vyberte si 50D nebo 65D.<\/li>\n<li>Zlat\u00fd st\u0159\u00edbrn\u00fd dr\u017e\u00e1k: kter\u00fd slou\u017e\u00ed k upnut\u00ed zlat\u00e9ho st\u0159\u00edbrn\u00e9ho plechu pro \u0159ez\u00e1n\u00ed, proto\u017ee p\u0159i \u0159ez\u00e1n\u00ed doch\u00e1z\u00ed k velk\u00e9mu zah\u0159\u00edv\u00e1n\u00ed, kov se snadno deformuje. Vhodn\u00e9 pro \u0161perka\u0159stv\u00ed.<\/li>\n<\/ul>\n<p>&nbsp;<\/p>\n<p>&nbsp;<\/p>\n<p>&nbsp;<\/p>\n<p>Platebn\u00ed podm\u00ednky<\/p>\n<p>1. Vklad a z\u016fstatek: Z\u016fstatek je splatn\u00fd p\u0159ed odesl\u00e1n\u00edm z\u00e1silky: 30% T\/T z\u00e1loha je vy\u017eadov\u00e1na p\u0159edem.<\/p>\n<p>2. Alibaba Trade Assurance: Platby lze zpracov\u00e1vat prost\u0159ednictv\u00edm Alibaba Trade Assurance.<\/p>\n<p>\u010casto kladen\u00e9 dotazy k 3D vl\u00e1knov\u00e9 laserov\u00e9 \u0159eza\u010dce na kovy<\/p>\n<p>Jak\u00fd je obal pro 3D vl\u00e1knov\u00fd laserov\u00fd zna\u010dkovac\u00ed stroj?<br \/>\nNa\u0161e stroje jsou baleny ve t\u0159\u00edvrstv\u00e9m uspo\u0159\u00e1d\u00e1n\u00ed. Vn\u011bj\u0161\u00ed vrstvu tvo\u0159\u00ed d\u0159ev\u011bn\u00e1 bedna, prost\u0159edn\u00ed vrstva je vybavena p\u011bnovou v\u00fdpln\u00ed, kter\u00e1 chr\u00e1n\u00ed p\u0159ed ot\u0159esy, a vnit\u0159n\u00ed vrstva obsahuje siln\u00fd plastov\u00fd s\u00e1\u010dek pro ochranu p\u0159ed vodou.<\/p>\n<p>Dojde b\u011bhem p\u0159epravy k po\u0161kozen\u00ed z\u00e1silky?<br \/>\nNa\u0161e obaly pe\u010dliv\u011b navrhujeme tak, aby \u0159e\u0161ily v\u0161echny mo\u017en\u00e9 faktory po\u0161kozen\u00ed, a na\u0161i p\u0159epravci maj\u00ed zku\u0161enosti s bezpe\u010dnou p\u0159epravou. \u00dasp\u011b\u0161n\u011b jsme exportovali do 180 zem\u00ed, tak\u017ee si m\u016f\u017eete b\u00fdt jisti, \u017ee va\u0161e z\u00e1silka doraz\u00ed ve v\u00fdborn\u00e9m stavu.<\/p>\n<p>V\u011bt\u0161ina z\u00e1kazn\u00edk\u016f si r\u00e1da vyb\u00edr\u00e1 p\u0159epravu expresn\u00ed slu\u017ebou UPS\/DHL, kter\u00e1 m\u016f\u017ee dorazit na m\u00edsto ur\u010den\u00ed asi za 5-7 dn\u00ed, kontaktujte BOGONG a z\u00edskejte v\u00edce informac\u00ed o vl\u00e1knov\u00e9 laserov\u00e9 grav\u00edrce kov\u016f pro st\u0159\u00edbro mosaz zlato m\u011b\u010f.<\/p>","protected":false},"excerpt":{"rendered":"<h2>3D vl\u00e1knov\u00fd laserov\u00fd zna\u010dkovac\u00ed stroj pro reli\u00e9f a texturov\u00e1n\u00ed kov\u016f<\/h2>\n<p>3D laserov\u00fd zna\u010dkovac\u00ed stroj vyu\u017e\u00edv\u00e1 3D laserovou technologii k vytv\u00e1\u0159en\u00ed slo\u017eit\u00fdch vzor\u016f nebo text\u016f na trojrozm\u011brn\u00fdch povr\u0161\u00edch, umo\u017e\u0148uje hlubok\u00e9 grav\u00edrov\u00e1n\u00ed textur a reli\u00e9f\u016f na kovov\u00fdch form\u00e1ch. 3D skenovac\u00ed hlava dok\u00e1\u017ee nastavit laserov\u00fd paprsek ve v\u0161ech t\u0159ech rozm\u011brech: P\u0159ed nasm\u011brov\u00e1n\u00edm paprsku p\u0159es \u010do\u010dku pro p\u0159esn\u00e9 zac\u00edlen\u00ed na materi\u00e1l vyu\u017e\u00edv\u00e1 kombinaci roz\u0161i\u0159ova\u010d\u016f paprsku a posunovac\u00ed optiky.<\/p>\n<ul class=\"\\&quot;tips\\&quot;\">\n<li>350 sad \/ m\u011bs\u00edc \u010dek\u00e1 na prodej Skladem<\/li>\n<li>2 roky omezen\u00e9 z\u00e1ruky na cel\u00fd stroj<\/li>\n<li>3-5 dn\u00ed p\u0159\u00edprava laserov\u00e9ho stroje, 3-7 dn\u00ed doprava.<\/li>\n<li>Online (PayPal) a offline (T\/T, debetn\u00ed a kreditn\u00ed karty)<\/li>\n<\/ul>","protected":false},"featured_media":1660,"template":"","meta":{"_gspb_post_css":""},"product_brand":[],"product_cat":[97,93,96],"product_tag":[102],"class_list":{"0":"post-1668","1":"product","2":"type-product","3":"status-publish","4":"has-post-thumbnail","6":"product_cat-fiber-laser-marker","7":"product_cat-laser-engraving-machine","8":"product_cat-laser-marking-machine","9":"product_tag-laser-marking-machine","11":"first","12":"instock","13":"shipping-taxable","14":"product-type-simple"},"_links":{"self":[{"href":"https:\/\/bogonglaser.com\/cs\/wp-json\/wp\/v2\/product\/1668","targetHints":{"allow":["GET"]}}],"collection":[{"href":"https:\/\/bogonglaser.com\/cs\/wp-json\/wp\/v2\/product"}],"about":[{"href":"https:\/\/bogonglaser.com\/cs\/wp-json\/wp\/v2\/types\/product"}],"wp:featuredmedia":[{"embeddable":true,"href":"https:\/\/bogonglaser.com\/cs\/wp-json\/wp\/v2\/media\/1660"}],"wp:attachment":[{"href":"https:\/\/bogonglaser.com\/cs\/wp-json\/wp\/v2\/media?parent=1668"}],"wp:term":[{"taxonomy":"product_brand","embeddable":true,"href":"https:\/\/bogonglaser.com\/cs\/wp-json\/wp\/v2\/product_brand?post=1668"},{"taxonomy":"product_cat","embeddable":true,"href":"https:\/\/bogonglaser.com\/cs\/wp-json\/wp\/v2\/product_cat?post=1668"},{"taxonomy":"product_tag","embeddable":true,"href":"https:\/\/bogonglaser.com\/cs\/wp-json\/wp\/v2\/product_tag?post=1668"}],"curies":[{"name":"wp","href":"https:\/\/api.w.org\/{rel}","templated":true}]}}