{"id":1640,"date":"2024-10-28T16:03:42","date_gmt":"2024-10-28T08:03:42","guid":{"rendered":"https:\/\/bogonglaser.com\/?post_type=product&#038;p=1640"},"modified":"2025-12-10T17:25:15","modified_gmt":"2025-12-10T09:25:15","slug":"fiber-laser-engraving-cutting-machine-for-metal-jewelry","status":"publish","type":"product","link":"https:\/\/bogonglaser.com\/cs\/fiber-laser-engraving-cutting-machine-for-metal-jewelry\/","title":{"rendered":"Vl\u00e1knov\u00e9 laserov\u00e9 grav\u00edrov\u00e1n\u00ed \u0159ezac\u00ed stroj pro kovov\u00e9 \u0161perky"},"content":{"rendered":"<h2>Co je laserov\u00fd grav\u00edrovac\u00ed stroj na st\u0159\u00edbrn\u00e9, zlat\u00e9 a m\u011bd\u011bn\u00e9 \u0161perky?<\/h2>\n<p>Laserov\u00fd stroj na grav\u00edrov\u00e1n\u00ed a \u0159ez\u00e1n\u00ed kovov\u00fdch \u0161perk\u016f je CNC laserov\u00fd syst\u00e9m, kter\u00fd vyu\u017e\u00edv\u00e1 vl\u00e1knov\u00fd laserov\u00fd zdroj k grav\u00edrov\u00e1n\u00ed a \u0159ez\u00e1n\u00ed r\u016fzn\u00fdch typ\u016f \u0161perk\u016f, v\u010detn\u011b prsten\u016f, p\u0159\u00edv\u011bsk\u016f, n\u00e1u\u0161nic, n\u00e1ramk\u016f, n\u00e1hrdeln\u00edk\u016f, man\u017eetov\u00fdch knofl\u00ed\u010dk\u016f, bro\u017e\u00ed a dal\u0161\u00edch osobn\u00edch ozdob. M\u016f\u017ee pracovat na mnoha materi\u00e1lech, jako je nerezov\u00e1 ocel, legovan\u00e1 ocel, st\u0159\u00edbro, m\u011b\u010f, mosaz, titan, eloxovan\u00fd hlin\u00edk, hlin\u00edk, chrom, k\u0159em\u00edkov\u00e9 desti\u010dky a zlato.<\/p>\n<p>Nejlep\u0161\u00ed laserov\u00e9 grav\u00edrky s v\u00fdkonem 50-100 W umo\u017e\u0148uj\u00ed hlubok\u00e9 grav\u00edrov\u00e1n\u00ed a p\u0159esn\u00e9 \u0159ez\u00e1n\u00ed znak\u016f, vzor\u016f, log, p\u00edsmen, \u010d\u00edsel a obr\u00e1zk\u016f na kovov\u00e9 povrchy. Tato v\u0161estrann\u00e1 laserov\u00e1 grav\u00edrka na kov je ide\u00e1ln\u00ed pro vytv\u00e1\u0159en\u00ed vlastn\u00edch \u0161perk\u016f, kovov\u00fdch \u0159emesln\u00fdch v\u00fdrobk\u016f, kovov\u00e9ho um\u011bn\u00ed, kovov\u00fdch sou\u010d\u00e1st\u00ed, kovov\u00fdch d\u00e1rk\u016f, elektronick\u00fdch sou\u010d\u00e1stek, hardwaru, n\u00e1stroj\u016f, grav\u00edrov\u00e1n\u00ed potravin a n\u00e1poj\u016f, n\u00e1vrh\u016f kl\u00e1vesnic, pouzder mobiln\u00edch telefon\u016f a obal\u016f.<\/p>\n<figure id=\"attachment_7459\" aria-describedby=\"caption-attachment-7459\" style=\"width: 300px\" class=\"wp-caption alignnone\"><img decoding=\"async\" class=\"size-medium wp-image-7459\" src=\"https:\/\/bogonglaser.com\/wp-content\/uploads\/2024\/10\/mini-laser-machine-1-1-300x169.jpg\" alt=\"mini laserov\u00fd stroj \" width=\"300\" height=\"169\" title=\"\" srcset=\"https:\/\/bogonglaser.com\/wp-content\/uploads\/2024\/10\/mini-laser-machine-1-1-300x169.jpg 300w, https:\/\/bogonglaser.com\/wp-content\/uploads\/2024\/10\/mini-laser-machine-1-1-600x338.jpg 600w, https:\/\/bogonglaser.com\/wp-content\/uploads\/2024\/10\/mini-laser-machine-1-1-768x432.jpg 768w, https:\/\/bogonglaser.com\/wp-content\/uploads\/2024\/10\/mini-laser-machine-1-1-18x10.jpg 18w, https:\/\/bogonglaser.com\/wp-content\/uploads\/2024\/10\/mini-laser-machine-1-1.jpg 800w\" sizes=\"(max-width: 300px) 100vw, 300px\" \/><figcaption id=\"caption-attachment-7459\" class=\"wp-caption-text\">mini laserov\u00fd stroj<\/figcaption><\/figure>\n<p>Vlastnosti vl\u00e1knov\u00e9 laserov\u00e9 \u0159eza\u010dky na kovy pro grav\u00edrov\u00e1n\u00ed st\u0159\u00edbrn\u00fdch, zlat\u00fdch a m\u011bd\u011bn\u00fdch \u0161perk\u016f<\/p>\n<p>1. Vysoce kvalitn\u00ed laserov\u00fd paprsek: D\u00edky vynikaj\u00edc\u00ed fotoelektrick\u00e9 konverzi poskytuje tato grav\u00edrka v\u00fdjime\u010dnou kvalitu a p\u0159esnost grav\u00edrov\u00e1n\u00ed.<\/p>\n<p>2. N\u00edzk\u00e9 n\u00e1roky na \u00fadr\u017ebu: \u017divotnost laserov\u00e9ho zdroje m\u016f\u017ee b\u00fdt a\u017e 100 000 hodin.<\/p>\n<p>3. Trvanliv\u00e9 zna\u010dky: Vytv\u00e1\u0159\u00ed trval\u00e9, vysoce kvalitn\u00ed zna\u010dky, kter\u00e9 jsou spolehliv\u00e9 a dlouhotrvaj\u00edc\u00ed.<\/p>\n<p>4. D\u016fsledn\u00e1 p\u0159esnost: Je schopna vysok\u00e9 opakovatelnosti a rychl\u00e9ho grav\u00edrov\u00e1n\u00ed pro efektivn\u00ed v\u00fdrobu.<\/p>\n<p>5. U\u017eivatelsky p\u0159\u00edv\u011btiv\u00e9: Tento laserov\u00fd grav\u00edrovac\u00ed stroj na kov se snadno ovl\u00e1d\u00e1, a to i pro osoby bez p\u0159edchoz\u00edch zku\u0161enost\u00ed.<\/p>\n<p>6. Bezkontaktn\u00ed zna\u010den\u00ed: Bezkontaktn\u00ed grav\u00edrov\u00e1n\u00ed zabra\u0148uje nam\u00e1h\u00e1n\u00ed materi\u00e1lu a zaji\u0161\u0165uje integritu va\u0161ich p\u0159edm\u011bt\u016f.<\/p>\n<p>7. V\u0161estrann\u00fd software: Stroj obsahuje multifunk\u010dn\u00ed grav\u00edrovac\u00ed software kompatibiln\u00ed s platformou WINDOWS s \u010desk\u00fdm rozhran\u00edm. Bez probl\u00e9m\u016f spolupracuje s r\u016fzn\u00fdmi aplikacemi v\u010detn\u011b CorelDRAW, AutoCAD a Photoshop a podporuje form\u00e1ty soubor\u016f, jako jsou p\u00edsma PCX, DXF, PLT, BMP, SHX a TTF.<\/p>\n<p><iframe title=\"Vl\u00e1knov\u00e9 laserov\u00e9 \u0159ezac\u00ed stroje na kov | BOGONG LASER MARKING MACHINE na prodej\" width=\"1290\" height=\"726\" src=\"https:\/\/www.youtube.com\/embed\/2a9qdSpo948?feature=oembed\" frameborder=\"0\" allow=\"accelerometer; autoplay; clipboard-write; encrypted-media; gyroscope; picture-in-picture; web-share\" referrerpolicy=\"strict-origin-when-cross-origin\" allowfullscreen><\/iframe><\/p>\n<h3>Pou\u017eit\u00ed vl\u00e1knov\u00e9ho laserov\u00e9ho grav\u00edrovac\u00edho stroje na st\u0159\u00edbrn\u00e9, zlat\u00e9 a m\u011bd\u011bn\u00e9 \u0161perky<\/h3>\n<p>Pou\u017eiteln\u00e1 odv\u011btv\u00ed:<\/p>\n<p>Laserov\u00fd grav\u00edrovac\u00ed stroj na kov m\u016f\u017ee vyr\u00e1b\u011bt kovov\u00e9 um\u011bleck\u00e9 p\u0159edm\u011bty, kovov\u00e9 \u0159emesln\u00e9 v\u00fdrobky, kovov\u00e9 d\u00e1rky, kovov\u00e9 kreditn\u00ed karty, kovov\u00e9 d\u00edly, elektronick\u00e9 sou\u010d\u00e1stky, p\u0159\u00edstroje a m\u011b\u0159i\u010de, hardware, potraviny a n\u00e1poje, \u0161perky, kl\u00e1vesnice, obaly a pouzdra na mobiln\u00ed telefony.<\/p>\n<p>Pou\u017eiteln\u00e9 materi\u00e1ly:<\/p>\n<p>Tato vl\u00e1knov\u00e1 laserov\u00e1 grav\u00edrka na kov je ur\u010dena p\u0159edev\u0161\u00edm pro pou\u017eit\u00ed s kovov\u00fdmi a slitinov\u00fdmi materi\u00e1ly, jako je hlin\u00edk, ocel, m\u011b\u010f, st\u0159\u00edbro, zlato, chrom, nerezov\u00e1 ocel, eloxovan\u00fd hlin\u00edk a k\u0159em\u00edkov\u00e9 desti\u010dky.<\/p>\n<p><iframe title=\"Co je laser a jeho principy? | JPT MOPA Laser Source\" width=\"1290\" height=\"726\" src=\"https:\/\/www.youtube.com\/embed\/_gj7K4OJcks?feature=oembed\" frameborder=\"0\" allow=\"accelerometer; autoplay; clipboard-write; encrypted-media; gyroscope; picture-in-picture; web-share\" referrerpolicy=\"strict-origin-when-cross-origin\" allowfullscreen><\/iframe><\/p>\n<p>Co je vl\u00e1knov\u00fd laserov\u00fd zdroj?<\/p>\n<p>Vl\u00e1knov\u00fd laserov\u00fd zdroj je nejd\u016fle\u017eit\u011bj\u0161\u00ed sou\u010d\u00e1st\u00ed laserov\u00e9ho za\u0159\u00edzen\u00ed, je to sou\u010d\u00e1stka, ze kter\u00e9 vych\u00e1z\u00ed laser.Vl\u00e1knov\u00fd laserov\u00fd zdroj je typ laseru, kter\u00fd pou\u017e\u00edv\u00e1 optick\u00fd kabel jako zesilovac\u00ed m\u00e9dium. V t\u00e9to technologii je vl\u00e1kno dopov\u00e1no prvky vz\u00e1cn\u00fdch zemin, jako je ytterbium, erbium nebo neodym, kter\u00e9 zvy\u0161uj\u00ed schopnost vl\u00e1kna generovat laserov\u00e9 sv\u011btlo.<\/p>\n<p>Jak nainstaluji a ovl\u00e1d\u00e1m vl\u00e1knov\u00fd laserov\u00fd grav\u00edr?<br \/>\nspolu se strojem v\u00e1m poskytneme podrobn\u00e1 \u0161kol\u00edc\u00ed videa a u\u017eivatelskou p\u0159\u00edru\u010dku. P\u0159ibli\u017en\u011b 95% na\u0161ich z\u00e1kazn\u00edk\u016f je schopno nau\u010dit se s n\u00edm pracovat samostatn\u011b.<\/p>\n<p>Co m\u00e1m d\u011blat, kdy\u017e<a href=\"https:\/\/bogonglaser.com\/cs\/laser-engraving-machine\/\"> Vl\u00e1knov\u00fd laserov\u00fd grav\u00edrovac\u00ed stroj<\/a> Poruchy?<br \/>\nPokud se vyskytnou jak\u00e9koli probl\u00e9my, neprodlen\u011b n\u00e1s kontaktujte a nepokou\u0161ejte se o opravy sami. Budeme reagovat a pom\u016f\u017eeme v\u00e1m probl\u00e9m co nejrychleji vy\u0159e\u0161it.<\/p>\n<p><iframe title=\"ZLAT\u00c9 ST\u0158\u00cdBRN\u00c9 \u0160PERKY LASEROV\u00dd RYTEC Cena | Laser Name nacklace making system\" width=\"1290\" height=\"726\" src=\"https:\/\/www.youtube.com\/embed\/8Y2bktvX_A8?feature=oembed\" frameborder=\"0\" allow=\"accelerometer; autoplay; clipboard-write; encrypted-media; gyroscope; picture-in-picture; web-share\" referrerpolicy=\"strict-origin-when-cross-origin\" allowfullscreen><\/iframe><\/p>\n<h3>Jak vybrat spr\u00e1vn\u00fd laserov\u00fd grav\u00edrovac\u00ed stroj na \u0161perky<\/h3>\n<p>P\u0159i v\u00fdb\u011bru stroje pro grav\u00edrov\u00e1n\u00ed zlata st\u0159\u00edbra mosazi nebo jin\u00fdch kov\u016f je d\u016fle\u017eit\u00e9 zv\u00e1\u017eit, jak\u00fd v\u00fdkon laseru pot\u0159ebujete, jak\u00fd laserov\u00fd zdroj a laserovou hlavu, a tak\u00e9 je t\u0159eba myslet na materi\u00e1l, se kter\u00fdm budete pracovat, a na velikost zna\u010dky.<\/p>\n<p>Poj\u010fme si rozebrat jednotliv\u00e9 faktory a pochopit jejich v\u00fdznam.<\/p>\n<p><strong>Power<\/strong><br \/>\nVy\u0161\u0161\u00ed v\u00fdkon znamen\u00e1, \u017ee laserov\u00fd zdroj m\u00e1 intenzivn\u011bj\u0161\u00ed energii, co\u017e m\u016f\u017ee v\u00e9st k \u0159ez\u00e1n\u00ed a hlubok\u00e9mu grav\u00edrov\u00e1n\u00ed. 50W 60W 80W 100W 200W 300W, pro \u0161perka\u0159stv\u00ed, 50W bude minim\u00e1ln\u00ed v\u00fdkon, pokud je rozpo\u010det omezen, pokud chcete v\u00fdkonn\u00fd stroj, vyberte 60W nebo 100W laser. m\u016f\u017eete vid\u011bt, co m\u016f\u017eete ud\u011blat s 50W laserov\u00fdm strojem z n\u00ed\u017ee uveden\u00e9ho odkazu na video, 60W 100W m\u016f\u017ee d\u011blat v\u0161echny laserov\u00e9 pr\u00e1ce, kter\u00e9 d\u011blaj\u00ed 50W, m\u016f\u017eete myslet 60W 100W siln\u011bj\u0161\u00ed laserov\u00fd paprsek.<\/p>\n<p><strong>Doba \u0159ez\u00e1n\u00ed<\/strong><br \/>\n\u0158ez\u00e1n\u00ed a hlubok\u00e9 grav\u00edrov\u00e1n\u00ed zabere v\u00edce \u010dasu. Laser mus\u00ed na c\u00edl sm\u011b\u0159ovat energii del\u0161\u00ed dobu, aby se odpa\u0159il hloub\u011bji do materi\u00e1lu. P\u0159edstavte si to jako \u0159ez\u00e1n\u00ed kusu d\u0159eva; \u010d\u00edm d\u00e9le \u0159e\u017eete, t\u00edm hloub\u011bji se m\u016f\u017eete dostat.<\/p>\n<p><iframe title=\"Co um\u00ed 50W laserov\u00e1 grav\u00edrovac\u00ed fr\u00e9za? | Nejlep\u0161\u00ed 50wattov\u00fd laserov\u00fd zna\u010dkovac\u00ed stroj Raycus na prodej\" width=\"1290\" height=\"968\" src=\"https:\/\/www.youtube.com\/embed\/1DLnYH3dJXQ?feature=oembed\" frameborder=\"0\" allow=\"accelerometer; autoplay; clipboard-write; encrypted-media; gyroscope; picture-in-picture; web-share\" referrerpolicy=\"strict-origin-when-cross-origin\" allowfullscreen><\/iframe><\/p>\n<p><iframe title=\"60W MOPA laserov\u00fd grav\u00edrovac\u00ed stroj pro jm\u00e9no p\u0159\u00edv\u011bsek n\u00e1hrdeln\u00edk | 1,5 mm kov zlat\u00e1 st\u0159\u00edbrn\u00e1 mosaz\" width=\"1290\" height=\"726\" src=\"https:\/\/www.youtube.com\/embed\/WlkmcSoll90?feature=oembed\" frameborder=\"0\" allow=\"accelerometer; autoplay; clipboard-write; encrypted-media; gyroscope; picture-in-picture; web-share\" referrerpolicy=\"strict-origin-when-cross-origin\" allowfullscreen><\/iframe><\/p>\n<h2>Co pro v\u00e1s m\u016f\u017eeme ud\u011blat?<\/h2>\n<ul>\n<li><span class=\"magic-19\"><b class=\"magic-19\"><span class=\"magic-18\">Bezplatn\u00e9 testovac\u00ed vzorky -<\/span><\/b><span class=\"magic-20\" data-spm-anchor-id=\"a2700.details.0.i41.41d82402R4aegi\">M\u016f\u017eeme prov\u00e9st bezplatn\u00e9 testy \u00fa\u010dinku zna\u010den\u00ed podle materi\u00e1lu va\u0161eho v\u00fdrobku.<\/span><\/span><\/li>\n<li><span class=\"magic-19\"><b class=\"magic-19\"><span class=\"magic-18\">Video v p\u0159\u00edm\u00e9m p\u0159enosu -<\/span><\/b><span class=\"magic-20\">M\u016f\u017eete se spojit s na\u0161imi prodejn\u00edmi poradci a sledovat v\u00fdrobn\u00ed proces a obsluhu stroje v online videu.<\/span><\/span><\/li>\n<li><span class=\"magic-19\"><b class=\"magic-19\"><span class=\"magic-18\">Na m\u00edru \/OEM-<\/span><\/b><span class=\"magic-20\" data-spm-anchor-id=\"a2700.details.0.i40.41d82402R4aegi\">Stroje na m\u00edru na vy\u017e\u00e1d\u00e1n\u00ed\uff0cKontakt<\/span><\/span><\/li>\n<\/ul>\n<p>&nbsp;<\/p>\n<h3>Kter\u00e9 d\u00edly pot\u0159ebuji vybrat pro laserov\u00e9 grav\u00edrov\u00e1n\u00ed \u0161perk\u016f<\/h3>\n<ul>\n<li>Rota\u010dn\u00ed za\u0159\u00edzen\u00ed: existuje n\u011bkolik rota\u010dn\u00edch za\u0159\u00edzen\u00ed s r\u016fzn\u00fdm stylem a pr\u016fm\u011brem svorky, nap\u0159\u00edklad 50D 65D 80D.<\/li>\n<li>Zlat\u00fd st\u0159\u00edbrn\u00fd dr\u017e\u00e1k: kter\u00fd slou\u017e\u00ed k upnut\u00ed zlat\u00e9ho st\u0159\u00edbrn\u00e9ho plechu pro \u0159ez\u00e1n\u00ed, proto\u017ee p\u0159i \u0159ez\u00e1n\u00ed doch\u00e1z\u00ed k velk\u00e9mu zah\u0159\u00edv\u00e1n\u00ed, kov se snadno deformuje.<\/li>\n<li>\n<p><figure id=\"attachment_7430\" aria-describedby=\"caption-attachment-7430\" style=\"width: 300px\" class=\"wp-caption alignnone\"><img decoding=\"async\" class=\"size-medium wp-image-7430\" src=\"https:\/\/bogonglaser.com\/wp-content\/uploads\/2024\/10\/gold-silver-holder-and-rotary-1-300x225.png\" alt=\"zlat\u00fd st\u0159\u00edbrn\u00fd dr\u017e\u00e1k a rota\u010dn\u00ed\" width=\"300\" height=\"225\" title=\"\" srcset=\"https:\/\/bogonglaser.com\/wp-content\/uploads\/2024\/10\/gold-silver-holder-and-rotary-1-300x225.png 300w, https:\/\/bogonglaser.com\/wp-content\/uploads\/2024\/10\/gold-silver-holder-and-rotary-1-16x12.png 16w, https:\/\/bogonglaser.com\/wp-content\/uploads\/2024\/10\/gold-silver-holder-and-rotary-1.png 400w\" sizes=\"(max-width: 300px) 100vw, 300px\" \/><figcaption id=\"caption-attachment-7430\" class=\"wp-caption-text\">zlat\u00fd st\u0159\u00edbrn\u00fd dr\u017e\u00e1k a rota\u010dn\u00ed<\/figcaption><\/figure><\/li>\n<\/ul>\n<p>Platebn\u00ed podm\u00ednky pro vl\u00e1knov\u00fd laserov\u00fd grav\u00edrovac\u00ed stroj na kovy<\/p>\n<p>1. Vklad a z\u016fstatek: Z\u016fstatek je splatn\u00fd p\u0159ed odesl\u00e1n\u00edm z\u00e1silky: 30% T\/T z\u00e1loha je vy\u017eadov\u00e1na p\u0159edem.<\/p>\n<p>2. Alibaba Trade Assurance: Platby lze zpracov\u00e1vat prost\u0159ednictv\u00edm Alibaba Trade Assurance.<\/p>\n<p>\u010cast\u00e9 dotazy k vl\u00e1knov\u00e9 laserov\u00e9 \u0159eza\u010dce na kovy<\/p>\n<p>Jak\u00fd je obal pro vl\u00e1knov\u00fd laserov\u00fd zna\u010dkovac\u00ed stroj?<br \/>\nNa\u0161e stroje jsou baleny ve t\u0159\u00edvrstv\u00e9m uspo\u0159\u00e1d\u00e1n\u00ed. Vn\u011bj\u0161\u00ed vrstvu tvo\u0159\u00ed d\u0159ev\u011bn\u00e1 bedna, prost\u0159edn\u00ed vrstva je vybavena p\u011bnovou v\u00fdpln\u00ed, kter\u00e1 chr\u00e1n\u00ed p\u0159ed ot\u0159esy, a vnit\u0159n\u00ed vrstva obsahuje siln\u00fd plastov\u00fd s\u00e1\u010dek pro ochranu p\u0159ed vodou.<\/p>\n<p>Dojde b\u011bhem p\u0159epravy k po\u0161kozen\u00ed z\u00e1silky?<br \/>\nNa\u0161e obaly pe\u010dliv\u011b navrhujeme tak, aby \u0159e\u0161ily v\u0161echny mo\u017en\u00e9 faktory po\u0161kozen\u00ed, a na\u0161i p\u0159epravci maj\u00ed zku\u0161enosti s bezpe\u010dnou p\u0159epravou. \u00dasp\u011b\u0161n\u011b jsme exportovali do 180 zem\u00ed, tak\u017ee si m\u016f\u017eete b\u00fdt jisti, \u017ee va\u0161e z\u00e1silka doraz\u00ed ve v\u00fdborn\u00e9m stavu.<\/p>\n<figure id=\"attachment_7458\" aria-describedby=\"caption-attachment-7458\" style=\"width: 300px\" class=\"wp-caption alignnone\"><img decoding=\"async\" class=\"size-medium wp-image-7458\" src=\"https:\/\/bogonglaser.com\/wp-content\/uploads\/2024\/10\/bogong-new-design-1-300x225.png\" alt=\"bogong nov\u00fd design\" width=\"300\" height=\"225\" title=\"\" srcset=\"https:\/\/bogonglaser.com\/wp-content\/uploads\/2024\/10\/bogong-new-design-1-300x225.png 300w, https:\/\/bogonglaser.com\/wp-content\/uploads\/2024\/10\/bogong-new-design-1-600x450.png 600w, https:\/\/bogonglaser.com\/wp-content\/uploads\/2024\/10\/bogong-new-design-1-768x576.png 768w, https:\/\/bogonglaser.com\/wp-content\/uploads\/2024\/10\/bogong-new-design-1-16x12.png 16w, https:\/\/bogonglaser.com\/wp-content\/uploads\/2024\/10\/bogong-new-design-1.png 800w\" sizes=\"(max-width: 300px) 100vw, 300px\" \/><figcaption id=\"caption-attachment-7458\" class=\"wp-caption-text\">bogong nov\u00fd design<\/figcaption><\/figure>\n<figure id=\"attachment_7457\" aria-describedby=\"caption-attachment-7457\" style=\"width: 300px\" class=\"wp-caption alignnone\"><img decoding=\"async\" class=\"size-medium wp-image-7457\" src=\"https:\/\/bogonglaser.com\/wp-content\/uploads\/2024\/10\/mini-laser-machine-2-1-300x300.jpg\" alt=\"mini laserov\u00fd stroj \" width=\"300\" height=\"300\" title=\"\" srcset=\"https:\/\/bogonglaser.com\/wp-content\/uploads\/2024\/10\/mini-laser-machine-2-1-300x300.jpg 300w, https:\/\/bogonglaser.com\/wp-content\/uploads\/2024\/10\/mini-laser-machine-2-1-100x100.jpg 100w, https:\/\/bogonglaser.com\/wp-content\/uploads\/2024\/10\/mini-laser-machine-2-1-600x600.jpg 600w, https:\/\/bogonglaser.com\/wp-content\/uploads\/2024\/10\/mini-laser-machine-2-1-150x150.jpg 150w, https:\/\/bogonglaser.com\/wp-content\/uploads\/2024\/10\/mini-laser-machine-2-1-768x768.jpg 768w, https:\/\/bogonglaser.com\/wp-content\/uploads\/2024\/10\/mini-laser-machine-2-1-12x12.jpg 12w, https:\/\/bogonglaser.com\/wp-content\/uploads\/2024\/10\/mini-laser-machine-2-1.jpg 1000w\" sizes=\"(max-width: 300px) 100vw, 300px\" \/><figcaption id=\"caption-attachment-7457\" class=\"wp-caption-text\">mini laserov\u00fd stroj<\/figcaption><\/figure>\n<p><iframe title=\"Koupil si laserov\u00fd grav\u00edrovac\u00ed stroj BOGONG na \u0159ez\u00e1n\u00ed \u0161perk\u016f, co ud\u011blal\uff1f JAK FUNGUJE LASEROV\u00dd STROJ?\" width=\"1290\" height=\"726\" src=\"https:\/\/www.youtube.com\/embed\/OYi7giXXm38?feature=oembed\" frameborder=\"0\" allow=\"accelerometer; autoplay; clipboard-write; encrypted-media; gyroscope; picture-in-picture; web-share\" referrerpolicy=\"strict-origin-when-cross-origin\" allowfullscreen><\/iframe><\/p>\n<p><iframe title=\"Zp\u011btn\u00e1 vazba u\u017eivatele BOGONG Laserov\u00fd grav\u00edrovac\u00ed stroj | Nejlep\u0161\u00ed \u0161perky Zlat\u00fd st\u0159\u00edbrn\u00fd laser\" width=\"1290\" height=\"726\" src=\"https:\/\/www.youtube.com\/embed\/Y25Z0xbP7ZQ?feature=oembed\" frameborder=\"0\" allow=\"accelerometer; autoplay; clipboard-write; encrypted-media; gyroscope; picture-in-picture; web-share\" referrerpolicy=\"strict-origin-when-cross-origin\" allowfullscreen><\/iframe><\/p>\n<p>You can find more customer feedback from BOGONG youtube channel<\/p>\n<figure id=\"attachment_7426\" aria-describedby=\"caption-attachment-7426\" style=\"width: 300px\" class=\"wp-caption alignnone\"><img decoding=\"async\" class=\"size-full wp-image-7426\" src=\"https:\/\/bogonglaser.com\/wp-content\/uploads\/2024\/10\/mini-laser-machine-2.jpg\" alt=\"mini laserov\u00fd stroj\" width=\"300\" height=\"225\" title=\"\" srcset=\"https:\/\/bogonglaser.com\/wp-content\/uploads\/2024\/10\/mini-laser-machine-2.jpg 300w, https:\/\/bogonglaser.com\/wp-content\/uploads\/2024\/10\/mini-laser-machine-2-16x12.jpg 16w\" sizes=\"(max-width: 300px) 100vw, 300px\" \/><figcaption id=\"caption-attachment-7426\" class=\"wp-caption-text\">mini laserov\u00fd stroj<\/figcaption><\/figure>\n<figure id=\"attachment_7428\" aria-describedby=\"caption-attachment-7428\" style=\"width: 205px\" class=\"wp-caption alignnone\"><img decoding=\"async\" class=\"size-full wp-image-7428\" src=\"https:\/\/bogonglaser.com\/wp-content\/uploads\/2024\/10\/3d-laser-marker-2-1.jpg\" alt=\"3D laserov\u00fd zna\u010dkova\u010d\" width=\"205\" height=\"300\" title=\"\" srcset=\"https:\/\/bogonglaser.com\/wp-content\/uploads\/2024\/10\/3d-laser-marker-2-1.jpg 205w, https:\/\/bogonglaser.com\/wp-content\/uploads\/2024\/10\/3d-laser-marker-2-1-8x12.jpg 8w\" sizes=\"(max-width: 205px) 100vw, 205px\" \/><figcaption id=\"caption-attachment-7428\" class=\"wp-caption-text\">3D laserov\u00fd zna\u010dkova\u010d<\/figcaption><\/figure>\n<p>V\u011bt\u0161ina z\u00e1kazn\u00edk\u016f si r\u00e1da vyb\u00edr\u00e1 p\u0159epravu expresn\u00ed slu\u017ebou UPS\/DHL, kter\u00e1 m\u016f\u017ee dorazit na m\u00edsto ur\u010den\u00ed asi za 5-7 dn\u00ed, kontaktujte BOGONG a z\u00edskejte v\u00edce informac\u00ed o vl\u00e1knov\u00e9 laserov\u00e9 grav\u00edrce kov\u016f pro st\u0159\u00edbro mosaz zlato m\u011b\u010f.<\/p>","protected":false},"excerpt":{"rendered":"<h2>Fiber Laser Metal Engraver For Silver, Gold, Brass, Copper<\/h2>\n<p>The 50W &#8211; 100W fiber laser metal engraver cutting machine is designed for creating personalized jewelry, including rings, earrings, bracelets, pendants, necklaces, brooches, cufflinks, etc. It works with a variety of materials, such as stainless steel, titanium, aluminum, copper, brass, alloys, silver, and gold, allowing you to engrave names, logos, signs, letters, numbers, patterns, and photos. This top-quality metal laser cutter and engraving machine is now available for sale at an affordable price, making it a great option for your budget.<\/p>\n<ul class=\"tips\">\n<li>350 Sets \/ Month Waiting for Sale In Stock<\/li>\n<li>2 Years Limited Warranty for Entire Machine<\/li>\n<li>3-5 days prepare laser machine, 3-7days transport.<\/li>\n<li>Online (PayPal) &amp; Offline (T\/T, Debit &amp; Credit Cards)<\/li>\n<\/ul>\n<hr \/>\n<h4><strong>Get a Quote<\/strong><\/h4>\n<p>[contact-form-7 id=&#8221;029fbc1&#8243; title=&#8221;Products Form&#8221;]<\/p>\n","protected":false},"featured_media":1641,"template":"","meta":{"_gspb_post_css":""},"product_brand":[],"product_cat":[97,93,96],"product_tag":[102],"class_list":{"0":"post-1640","1":"product","2":"type-product","3":"status-publish","4":"has-post-thumbnail","6":"product_cat-fiber-laser-marker","7":"product_cat-laser-engraving-machine","8":"product_cat-laser-marking-machine","9":"product_tag-laser-marking-machine","11":"first","12":"instock","13":"shipping-taxable","14":"product-type-simple"},"_links":{"self":[{"href":"https:\/\/bogonglaser.com\/cs\/wp-json\/wp\/v2\/product\/1640","targetHints":{"allow":["GET"]}}],"collection":[{"href":"https:\/\/bogonglaser.com\/cs\/wp-json\/wp\/v2\/product"}],"about":[{"href":"https:\/\/bogonglaser.com\/cs\/wp-json\/wp\/v2\/types\/product"}],"wp:featuredmedia":[{"embeddable":true,"href":"https:\/\/bogonglaser.com\/cs\/wp-json\/wp\/v2\/media\/1641"}],"wp:attachment":[{"href":"https:\/\/bogonglaser.com\/cs\/wp-json\/wp\/v2\/media?parent=1640"}],"wp:term":[{"taxonomy":"product_brand","embeddable":true,"href":"https:\/\/bogonglaser.com\/cs\/wp-json\/wp\/v2\/product_brand?post=1640"},{"taxonomy":"product_cat","embeddable":true,"href":"https:\/\/bogonglaser.com\/cs\/wp-json\/wp\/v2\/product_cat?post=1640"},{"taxonomy":"product_tag","embeddable":true,"href":"https:\/\/bogonglaser.com\/cs\/wp-json\/wp\/v2\/product_tag?post=1640"}],"curies":[{"name":"wp","href":"https:\/\/api.w.org\/{rel}","templated":true}]}}