{"id":1509,"date":"2024-10-16T14:18:38","date_gmt":"2024-10-16T06:18:38","guid":{"rendered":"https:\/\/bogonglaser.com\/?post_type=product&#038;p=1509"},"modified":"2025-12-10T17:20:22","modified_gmt":"2025-12-10T09:20:22","slug":"pulse-laser-cleaning-machine","status":"publish","type":"product","link":"https:\/\/bogonglaser.com\/cs\/pulse-laser-cleaning-machine\/","title":{"rendered":"Vl\u00e1knov\u00fd laserov\u00fd stroj na hlubok\u00e9 grav\u00edrov\u00e1n\u00ed kov\u016f na prodej"},"content":{"rendered":"<p>Vl\u00e1knov\u00fd laserov\u00fd grav\u00edrovac\u00ed stroj je skv\u011bl\u00fdm n\u00e1strojem pro hlubok\u00e9 grav\u00edrov\u00e1n\u00ed do r\u016fzn\u00fdch materi\u00e1l\u016f, v\u010detn\u011b nerezov\u00e9 oceli, titanu, hlin\u00edku, mosazi a dal\u0161\u00edch. <a href=\"https:\/\/bogonglaser.com\/cs\/\">BOGONG<\/a> 50w 60w vl\u00e1knov\u00fd laserov\u00fd grav\u00edrovac\u00ed stroj na kovy vynik\u00e1 nejen lept\u00e1n\u00edm, ale je schopen \u0159ezat i tenk\u00e9 kovy. Tento pokro\u010dil\u00fd laserov\u00fd stroj na lept\u00e1n\u00ed kov\u016f si nyn\u00ed m\u016f\u017eete po\u0159\u00eddit za p\u0159ijatelnou cenu.<\/p>\n<figure id=\"attachment_7453\" aria-describedby=\"caption-attachment-7453\" style=\"width: 300px\" class=\"wp-caption alignnone\"><img decoding=\"async\" class=\"size-medium wp-image-7453\" src=\"https:\/\/bogonglaser.com\/wp-content\/uploads\/2024\/10\/deep-engraving-machine-2-300x225.jpg\" alt=\"hlubok\u00e9 grav\u00edrov\u00e1n\u00ed\" width=\"300\" height=\"225\" title=\"\" srcset=\"https:\/\/bogonglaser.com\/wp-content\/uploads\/2024\/10\/deep-engraving-machine-2-300x225.jpg 300w, https:\/\/bogonglaser.com\/wp-content\/uploads\/2024\/10\/deep-engraving-machine-2-600x450.jpg 600w, https:\/\/bogonglaser.com\/wp-content\/uploads\/2024\/10\/deep-engraving-machine-2-768x576.jpg 768w, https:\/\/bogonglaser.com\/wp-content\/uploads\/2024\/10\/deep-engraving-machine-2-16x12.jpg 16w, https:\/\/bogonglaser.com\/wp-content\/uploads\/2024\/10\/deep-engraving-machine-2.jpg 800w\" sizes=\"(max-width: 300px) 100vw, 300px\" \/><figcaption id=\"caption-attachment-7453\" class=\"wp-caption-text\">hlubok\u00e9 grav\u00edrov\u00e1n\u00ed<\/figcaption><\/figure>\n<p>Pojem \"grav\u00edrov\u00e1n\u00ed\" zahrnuje dva hlavn\u00ed typy: m\u011blk\u00e9 grav\u00edrov\u00e1n\u00ed a hlubok\u00e9 grav\u00edrov\u00e1n\u00ed. Kdy\u017e se mluv\u00ed o \"laserov\u00e9m grav\u00edrov\u00e1n\u00ed\", obvykle se t\u00edm mysl\u00ed m\u011blk\u00e9 grav\u00edrov\u00e1n\u00ed. Hlubok\u00e9 grav\u00edrov\u00e1n\u00ed a laserov\u00e9 grav\u00edrov\u00e1n\u00ed maj\u00ed sice podobn\u00e9 rysy, ale nejsou stejn\u00e9.<\/p>\n<p>V r\u016fzn\u00fdch technologick\u00fdch aplikac\u00edch, jako jsou formy, st\u0159eln\u00e9 zbran\u011b, \u0161perky, automobilov\u00e9 d\u00edly a kovy, jako je ocel, keramika, zlato, st\u0159\u00edbro, m\u011b\u010f a hlin\u00edk, a tak\u00e9 nov\u011bj\u0161\u00ed materi\u00e1ly, jako je karbid k\u0159em\u00edku a slitiny niklu a chromu, je nezbytn\u00e9 hluboce odizolovat vn\u011bj\u0161\u00ed vrstvu.V\u00edce informac\u00ed najdete v n\u00e1sleduj\u00edc\u00edm \u010dl\u00e1nku.<\/p>\n<p>Tradi\u010dn\u00ed metody, jako je elektrick\u00e1 nebo chemick\u00e1 koroze, mohou b\u00fdt t\u011b\u017ekop\u00e1dn\u00e9 a mohou m\u00edt probl\u00e9m splnit po\u017eadavky na p\u0159esnost. laserov\u00e9 tepeln\u00e9 zpracov\u00e1n\u00ed nab\u00edz\u00ed p\u0159esnost na \u00farovni mikron\u016f, vysoce kvalitn\u00ed laserov\u00fd zdroj v kombinaci s laserovou galvohlavou a softwarem spln\u00ed v\u00e1\u0161 sen o p\u0159izp\u016fsoben\u00ed.<\/p>\n<figure id=\"attachment_7454\" aria-describedby=\"caption-attachment-7454\" style=\"width: 300px\" class=\"wp-caption alignnone\"><img decoding=\"async\" class=\"size-medium wp-image-7454\" src=\"https:\/\/bogonglaser.com\/wp-content\/uploads\/2024\/10\/deep-engraving-machine-1-300x225.jpg\" alt=\"hlubok\u00e9 grav\u00edrov\u00e1n\u00ed\" width=\"300\" height=\"225\" title=\"\" srcset=\"https:\/\/bogonglaser.com\/wp-content\/uploads\/2024\/10\/deep-engraving-machine-1-300x225.jpg 300w, https:\/\/bogonglaser.com\/wp-content\/uploads\/2024\/10\/deep-engraving-machine-1-600x450.jpg 600w, https:\/\/bogonglaser.com\/wp-content\/uploads\/2024\/10\/deep-engraving-machine-1-768x576.jpg 768w, https:\/\/bogonglaser.com\/wp-content\/uploads\/2024\/10\/deep-engraving-machine-1-16x12.jpg 16w, https:\/\/bogonglaser.com\/wp-content\/uploads\/2024\/10\/deep-engraving-machine-1.jpg 800w\" sizes=\"(max-width: 300px) 100vw, 300px\" \/><figcaption id=\"caption-attachment-7454\" class=\"wp-caption-text\">hlubok\u00e9 grav\u00edrov\u00e1n\u00ed<\/figcaption><\/figure>\n<p>Laserov\u00e9 hlubok\u00e9 grav\u00edrov\u00e1n\u00ed je proces zna\u010den\u00ed, kter\u00fd vyu\u017e\u00edv\u00e1 vl\u00e1knov\u00fd laser a pokro\u010dilou technologii. Ta zlep\u0161uje v\u00fdkon a kvalitu laseru, co\u017e mu umo\u017e\u0148uje rychle p\u0159em\u011bnit kov na plyn a sn\u00ed\u017eit tepeln\u00e9 po\u0161kozen\u00ed okoln\u00edch oblast\u00ed. D\u00edky vysok\u00e9 opakovac\u00ed frekvenci jsou obrysy p\u00edsmen a vzor\u016f ost\u0159ej\u0161\u00ed a \u010dist\u0161\u00ed, s men\u0161\u00edmi nerovnostmi a p\u011bknou spodn\u00ed strukturou. Touto metodou lze na jeden z\u00e1tah dokon\u010dit to, co by p\u0159i tradi\u010dn\u00edch korozn\u00edch procesech obvykle trvalo mnoho krok\u016f. Nav\u00edc nepot\u0159ebuje \u017e\u00e1dn\u00fd dal\u0161\u00ed spot\u0159ebn\u00ed materi\u00e1l ani chemik\u00e1lie, tak\u017ee je cenov\u011b v\u00fdhodn\u00e1.<\/p>\n<p>Hloubka a rychlost grav\u00edrov\u00e1n\u00ed z\u00e1vis\u00ed na n\u011bkolika faktorech:<\/p>\n<ul>\n<li><strong>Typ kovu:<\/strong> R\u016fzn\u00e9 kovy se p\u0159i grav\u00edrov\u00e1n\u00ed chovaj\u00ed r\u016fzn\u011b. Nap\u0159\u00edklad hlin\u00edk m\u00e1 nejni\u017e\u0161\u00ed bod t\u00e1n\u00ed, tak\u017ee se grav\u00edruje nejrychleji.<\/li>\n<li><strong>\u0160\u00ed\u0159ka impulzu:<\/strong> \u0160ir\u0161\u00ed puls znamen\u00e1 rychlej\u0161\u00ed grav\u00edrov\u00e1n\u00ed, ale hrub\u0161\u00ed st\u00ednov\u00e1n\u00ed. Men\u0161\u00ed puls je pomalej\u0161\u00ed, ale poskytuje jemn\u011bj\u0161\u00ed st\u00ednov\u00e1n\u00ed. Volba spr\u00e1vn\u00e9 \u0161\u00ed\u0159ky pulzu je d\u016fle\u017eit\u00e1 pro vyv\u00e1\u017een\u00ed rychlosti a kvality.<\/li>\n<li><strong>Laserov\u00fd zdroj:<\/strong> Typ pou\u017eit\u00e9ho laseru ovliv\u0148uje, jak dob\u0159e absorbuje sv\u011btlo, tak\u017ee je d\u016fle\u017eit\u00e9 zv\u00e1\u017eit zna\u010dku a v\u00e1\u0161 rozpo\u010det.<\/li>\n<li><strong>V\u00fdkon laseru:<\/strong> Vy\u0161\u0161\u00ed v\u00fdkon laseru obecn\u011b znamen\u00e1 hlub\u0161\u00ed grav\u00edrov\u00e1n\u00ed, pokud ostatn\u00ed podm\u00ednky z\u016fstanou stejn\u00e9.<\/li>\n<li><strong>Doba grav\u00edrov\u00e1n\u00ed:<\/strong> Proces grav\u00edrov\u00e1n\u00ed vy\u017eaduje v\u00edce pr\u016fchod\u016f. \u010c\u00edm v\u00edce \u010dasu grav\u00edrov\u00e1n\u00ed v\u011bnujete, t\u00edm hlub\u0161\u00ed je v\u00fdsledek.<\/li>\n<li><strong>Stav povrchu:<\/strong> Z\u00e1le\u017e\u00ed na struktu\u0159e kovov\u00e9ho povrchu. Hladk\u00e9, leskl\u00e9 nebo upraven\u00e9 povrchy (nap\u0159\u00edklad eloxovan\u00e9 nebo pota\u017een\u00e9) reaguj\u00ed na laser odli\u0161n\u011b, co\u017e ovliv\u0148uje kone\u010dn\u00e9 v\u00fdsledky.<\/li>\n<li><strong>Rozsah skenov\u00e1n\u00ed:<\/strong> Optika laseru ur\u010duje dosah skenov\u00e1n\u00ed. V\u011bt\u0161\u00ed dosah m\u016f\u017ee grav\u00edrov\u00e1n\u00ed zt\u00ed\u017eit a zpomalit.<\/li>\n<\/ul>\n<p>&nbsp;<\/p>\n<h3>Jak\u00e1 je maxim\u00e1ln\u00ed hloubka laserov\u00e9ho grav\u00edrov\u00e1n\u00ed?<\/h3>\n<p>Hloubka laserov\u00e9ho grav\u00edrovac\u00edho stroje m\u016f\u017ee b\u00fdt a\u017e 1 mm nebo v\u00edce, pokud na n\u011bm str\u00e1v\u00edte v\u00edce \u010dasu, m\u016f\u017eete si vybrat v\u011bt\u0161\u00ed laserov\u00fd stroj, kter\u00fd v\u00e1m pom\u016f\u017ee u\u0161et\u0159it v\u00edce \u010dasu.<\/p>\n<h4>Jak\u00fd je nejlep\u0161\u00ed laser pro hlubok\u00e9 grav\u00edrov\u00e1n\u00ed kovu?<\/h4>\n<p>Vl\u00e1knov\u00fd laser m\u016f\u017ee prov\u00e1d\u011bt hlubok\u00e9 grav\u00edrov\u00e1n\u00ed do kovu, pokud chcete z\u00edskat lep\u0161\u00ed v\u00fdsledek st\u00ednov\u00e1n\u00ed, zvolte vl\u00e1knov\u00fd mopa bude dobr\u00fd n\u00e1pad.<\/p>\n<p><iframe title=\"\u0158ekl, \u017ee je to \u00fa\u017easn\u00e9 60W MOPA Fiber Laser Engraver | Hlubok\u00e9 grav\u00edrov\u00e1n\u00ed na kovu\" width=\"1290\" height=\"726\" src=\"https:\/\/www.youtube.com\/embed\/7wAJLwkef5M?feature=oembed\" frameborder=\"0\" allow=\"accelerometer; autoplay; clipboard-write; encrypted-media; gyroscope; picture-in-picture; web-share\" referrerpolicy=\"strict-origin-when-cross-origin\" allowfullscreen><\/iframe><\/p>\n<p><iframe title=\"\u00da\u017easn\u00e1 pr\u00e1ce laserov\u00e9ho grav\u00edrovac\u00edho stroje BOGONG | Fiber Laser Engraver\" width=\"1290\" height=\"726\" src=\"https:\/\/www.youtube.com\/embed\/Y15fta5gyZo?feature=oembed\" frameborder=\"0\" allow=\"accelerometer; autoplay; clipboard-write; encrypted-media; gyroscope; picture-in-picture; web-share\" referrerpolicy=\"strict-origin-when-cross-origin\" allowfullscreen><\/iframe><\/p>\n<h3>Jak vybrat spr\u00e1vn\u00fd laserov\u00fd grav\u00edrovac\u00ed stroj?<\/h3>\n<p>P\u0159i v\u00fdb\u011bru stroje pro grav\u00edrov\u00e1n\u00ed je d\u016fle\u017eit\u00e9 zv\u00e1\u017eit, jak hlubok\u00e9 grav\u00edrov\u00e1n\u00ed pot\u0159ebujete, s jak\u00fdm materi\u00e1lem budete pracovat a jak velk\u00e1 m\u00e1 b\u00fdt zna\u010dka. Zde je 5 kl\u00ed\u010dov\u00fdch faktor\u016f, kter\u00e9 je t\u0159eba m\u00edt na pam\u011bti: rychlost, v\u00fdkon, doba grav\u00edrov\u00e1n\u00ed a materi\u00e1l.<\/p>\n<p>Rozebereme si jednotliv\u00e9 faktory a pochop\u00edme jejich v\u00fdznam.<\/p>\n<p><strong>Rychlost<\/strong><br \/>\nRychlost se \u010dasto zam\u011b\u0148uje s frekvenc\u00ed, ale nen\u00ed to tot\u00e9\u017e. Frekvence ozna\u010duje, kolikr\u00e1t laserov\u00fd paprsek zas\u00e1hne c\u00edl za ur\u010dit\u00fd \u010dasov\u00fd \u00fasek, zat\u00edmco rychlost ud\u00e1v\u00e1, jak dlouho z\u016fstane paprsek zam\u011b\u0159en na c\u00edl. Obecn\u011b plat\u00ed, \u017ee pokud chcete grav\u00edrovat hloub\u011bji, budete pot\u0159ebovat ni\u017e\u0161\u00ed rychlost. Uv\u011bdomte si v\u0161ak, \u017ee ni\u017e\u0161\u00ed rychlost nen\u00ed jedin\u00fdm faktorem, kter\u00fd ovliv\u0148uje hloubku.<\/p>\n<p><strong>Power<\/strong><br \/>\nVy\u0161\u0161\u00ed v\u00fdkon znamen\u00e1, \u017ee laser generuje intenzivn\u011bj\u0161\u00ed energii, co\u017e m\u016f\u017ee v\u00e9st k hlub\u0161\u00edm rytin\u00e1m. Podobn\u011b jako u rychlosti se v\u0161ak tento v\u00fdsledek m\u016f\u017ee m\u011bnit v z\u00e1vislosti na dal\u0161\u00edch faktorech.<\/p>\n<p><strong>Doba grav\u00edrov\u00e1n\u00ed<\/strong><br \/>\nHlubok\u00e9 grav\u00edrov\u00e1n\u00ed trv\u00e1 d\u00e9le. Laser mus\u00ed na c\u00edl p\u016fsobit del\u0161\u00ed dobu, aby se odpa\u0159il hloub\u011bji do materi\u00e1lu. P\u0159edstavte si to jako \u0159ez\u00e1n\u00ed kusu d\u0159eva; \u010d\u00edm d\u00e9le \u0159e\u017eete, t\u00edm hloub\u011bji se m\u016f\u017eete dostat.<\/p>\n<p><strong>Materi\u00e1ly<\/strong><br \/>\nLaserov\u00fd grav\u00edrovac\u00ed stroj vyberte podle materi\u00e1lu, kter\u00fd pou\u017e\u00edv\u00e1te. Obecn\u011b plat\u00ed, \u017ee vl\u00e1knov\u00e9 lasery jsou nejlep\u0161\u00ed pro kovy, zat\u00edmco CO2 lasery jsou ide\u00e1ln\u00ed pro d\u0159evo. Pou\u017eit\u00ed nespr\u00e1vn\u00e9ho typu laseru m\u016f\u017ee v\u00e9st ke \u0161patn\u00fdm v\u00fdsledk\u016fm grav\u00edrov\u00e1n\u00ed.<\/p>\n<h3>Pot\u0159ebujete pomoci s v\u00fdb\u011brem hlubok\u00e9ho laserov\u00e9ho grav\u00edrovac\u00edho stroje?<\/h3>\n<p>Hlubok\u00e9 laserov\u00e9 grav\u00edrov\u00e1n\u00ed je specializovan\u00e1 forma grav\u00edrov\u00e1n\u00ed, kter\u00e1 vy\u017eaduje jin\u00e1 nastaven\u00ed ne\u017e standardn\u00ed grav\u00edrov\u00e1n\u00ed. Pro tento \u00fa\u010del v\u0161ak nutn\u011b nepot\u0159ebujete jin\u00fd stroj. Na\u0161e laserov\u00e9 zna\u010dkovac\u00ed stroje BOGONG LASER jsou d\u00edky pokro\u010dil\u00e9mu nastaven\u00ed a automatick\u00e9mu nastaven\u00ed ohniska navr\u017eeny tak, aby zvl\u00e1dly jak m\u011blk\u00e9, tak hlubok\u00e9 grav\u00edrov\u00e1n\u00ed.<\/p>\n<p>A\u0165 u\u017e pot\u0159ebujete stroj pro dohledatelnost, loga nebo zasyp\u00e1v\u00e1n\u00ed, n\u00e1\u0161 t\u00fdm je zde, aby vyslechl va\u0161e pot\u0159eby a v\u00fdzvy. Pom\u016f\u017eeme v\u00e1m vybrat laserov\u00fd stroj, kter\u00fd vynikne ve va\u0161em sou\u010dasn\u00e9m projektu a je konstruov\u00e1n tak, aby vydr\u017eel i pro va\u0161e budouc\u00ed projekty.<\/p>\n<p>Obra\u0165te se na n\u00e1\u0161 t\u00fdm je\u0161t\u011b dnes a prodiskutujte s n\u00edm po\u017eadovanou hloubku grav\u00edrov\u00e1n\u00ed, po\u017eadavky projektu a materi\u00e1ly.<\/p>\n<h4>Vlastnosti za\u0159\u00edzen\u00ed BOGONG:<\/h4>\n<ul>\n<li><strong>Jednoduch\u00e1 a rychl\u00e1 instalace:<\/strong> Snadno se p\u0159ipojuje k po\u010d\u00edta\u010di p\u0159es USB.<\/li>\n<li><strong>N\u00e1kladov\u011b efektivn\u00ed:<\/strong> Vysok\u00e1 n\u00e1vratnost investice d\u00edky n\u00edzk\u00e9 spot\u0159eb\u011b energie pod 500 W, co\u017e je desetina spot\u0159eby tradi\u010dn\u00edch laser\u016f s \u010derp\u00e1n\u00edm sv\u011btla.<\/li>\n<li><strong>Nen\u00ed nutn\u00e1 \u017e\u00e1dn\u00e1 \u00fadr\u017eba:<\/strong> Na laseru nen\u00ed pot\u0159eba prov\u00e1d\u011bt \u017e\u00e1dnou \u00fadr\u017ebu.<\/li>\n<li><strong>Prodlou\u017een\u00e1 \u017eivotnost:<\/strong> Na str\u00e1nk\u00e1ch <a href=\"https:\/\/bogonglaser.com\/cs\/laser-engraving-machine\/\">laserov\u00e9 grav\u00edrov\u00e1n\u00ed kov\u016f<\/a> vyu\u017e\u00edv\u00e1 jako zdroj \u010derp\u00e1n\u00ed laserovou diodu s \u017eivotnost\u00ed a\u017e 100 000 hodin.<\/li>\n<\/ul>\n<p>&nbsp;<\/p>\n<h3>Aplikace vl\u00e1knov\u00fdch laserov\u00fdch stroj\u016f pro hlubok\u00e9 grav\u00edrov\u00e1n\u00ed<\/h3>\n<p>Vl\u00e1knov\u00e9 laserov\u00e9 grav\u00edrovac\u00ed stroje jsou univerz\u00e1ln\u00ed n\u00e1stroje pou\u017e\u00edvan\u00e9 pro zna\u010den\u00ed a grav\u00edrov\u00e1n\u00ed do \u0161irok\u00e9 \u0161k\u00e1ly materi\u00e1l\u016f. Jsou obzvl\u00e1\u0161t\u011b \u00fa\u010dinn\u00e9 na kovy v\u010detn\u011b nerezov\u00e9 oceli, hlin\u00edku, slitin, mosazi, st\u0159\u00edbra, zlata, titanu a \u017eeleza. Krom\u011b toho lze tyto stroje pou\u017e\u00edt i na nekovov\u00e9 povrchy. Mezi b\u011b\u017en\u00e9 aplikace pat\u0159\u00ed nap\u0159:<\/p>\n<ul>\n<li>Zbran\u011b a st\u0159eln\u00e9 zbran\u011b<\/li>\n<li>Prsteny a \u0161perky<\/li>\n<li>Lo\u017eiska a p\u0159evody<\/li>\n<li>Automobilov\u00e9 d\u00edly<\/li>\n<li>Hardware a n\u00e1stroje<\/li>\n<li>Leteck\u00e9 a kosmick\u00e9 komponenty<\/li>\n<li>\u010cipy integrovan\u00fdch obvod\u016f<\/li>\n<li>Po\u010d\u00edta\u010dov\u00e9 p\u0159\u00edslu\u0161enstv\u00ed<\/li>\n<li>Hodinky<\/li>\n<li>Elektronika a komunika\u010dn\u00ed za\u0159\u00edzen\u00ed<\/li>\n<li>Dom\u00e1c\u00ed spot\u0159ebi\u010de<\/li>\n<li>Dr\u00e1ty a kabely<\/li>\n<li>Ozdoby jako n\u00e1hrdeln\u00edky a n\u00e1ramky<\/li>\n<\/ul>\n<p>These machines are also capable of cutting thin metals such as stainless steel, aluminum, alloys, brass, silver, gold, and titanium.Contact with BOGONG team to get newest price.<\/p>","protected":false},"excerpt":{"rendered":"<h2>Vl\u00e1knov\u00fd laserov\u00fd stroj na hlubok\u00e9 grav\u00edrov\u00e1n\u00ed kov\u016f na prodej<\/h2>\n<p>Vl\u00e1knov\u00fd laserov\u00fd grav\u00edrovac\u00ed stroj je skv\u011bl\u00fdm n\u00e1strojem pro hlubok\u00e9 grav\u00edrov\u00e1n\u00ed do r\u016fzn\u00fdch materi\u00e1l\u016f, v\u010detn\u011b nerezov\u00e9 oceli, titanu, hlin\u00edku, mosazi a dal\u0161\u00edch. Vl\u00e1knov\u00e1 laserov\u00e1 grav\u00edrka na kov BOGONG 50 W 60 W vynik\u00e1 nejen v lept\u00e1n\u00ed, ale je schopna \u0159ezat i tenk\u00e9 kovy. Tento pokro\u010dil\u00fd laserov\u00fd stroj na lept\u00e1n\u00ed kov\u016f si nyn\u00ed m\u016f\u017eete po\u0159\u00eddit za p\u0159ijatelnou cenu.<\/p>\n<ul class=\"tips\">\n<li>180 sad \/ m\u011bs\u00edc \u010dek\u00e1 na prodej Skladem<\/li>\n<li>2 roky omezen\u00e9 z\u00e1ruky na cel\u00fd stroj<\/li>\n<li>1-2 dny manipulace a 7-30 dn\u00ed p\u0159epravy<\/li>\n<li>30denn\u00ed z\u00e1ruka vr\u00e1cen\u00ed pen\u011bz za v\u00e1\u0161 n\u00e1kup<\/li>\n<li>Online (PayPal) a offline (T\/T, debetn\u00ed a kreditn\u00ed karty)<\/li>\n<\/ul>","protected":false},"featured_media":1625,"template":"","meta":{"_gspb_post_css":""},"product_brand":[],"product_cat":[97,93,96],"product_tag":[102],"class_list":{"0":"post-1509","1":"product","2":"type-product","3":"status-publish","4":"has-post-thumbnail","6":"product_cat-fiber-laser-marker","7":"product_cat-laser-engraving-machine","8":"product_cat-laser-marking-machine","9":"product_tag-laser-marking-machine","11":"first","12":"instock","13":"shipping-taxable","14":"product-type-simple"},"_links":{"self":[{"href":"https:\/\/bogonglaser.com\/cs\/wp-json\/wp\/v2\/product\/1509","targetHints":{"allow":["GET"]}}],"collection":[{"href":"https:\/\/bogonglaser.com\/cs\/wp-json\/wp\/v2\/product"}],"about":[{"href":"https:\/\/bogonglaser.com\/cs\/wp-json\/wp\/v2\/types\/product"}],"wp:featuredmedia":[{"embeddable":true,"href":"https:\/\/bogonglaser.com\/cs\/wp-json\/wp\/v2\/media\/1625"}],"wp:attachment":[{"href":"https:\/\/bogonglaser.com\/cs\/wp-json\/wp\/v2\/media?parent=1509"}],"wp:term":[{"taxonomy":"product_brand","embeddable":true,"href":"https:\/\/bogonglaser.com\/cs\/wp-json\/wp\/v2\/product_brand?post=1509"},{"taxonomy":"product_cat","embeddable":true,"href":"https:\/\/bogonglaser.com\/cs\/wp-json\/wp\/v2\/product_cat?post=1509"},{"taxonomy":"product_tag","embeddable":true,"href":"https:\/\/bogonglaser.com\/cs\/wp-json\/wp\/v2\/product_tag?post=1509"}],"curies":[{"name":"wp","href":"https:\/\/api.w.org\/{rel}","templated":true}]}}