{"id":2082,"date":"2024-12-03T20:17:51","date_gmt":"2024-12-03T12:17:51","guid":{"rendered":"https:\/\/bogonglaser.com\/?page_id=2082"},"modified":"2026-01-06T15:59:37","modified_gmt":"2026-01-06T07:59:37","slug":"co2-laser-cutting-machine","status":"publish","type":"page","link":"https:\/\/bogonglaser.com\/cs\/laser-cutting-machine\/co2-laser-cutting-machine\/","title":{"rendered":"Laserov\u00fd \u0159ezac\u00ed stroj CO2"},"content":{"rendered":"<div class=\"wp-block-greenshift-blocks-row alignfull gspb_row gspb_row-id-gsbp-7322445\" id=\"gspb_row-id-gsbp-7322445\"><div class=\"gspb_row__content\"> \n<div class=\"wp-block-greenshift-blocks-row-column gspb_row__col--12 gspb_row__col--md-12 gspb_col-id-gsbp-b31fa70\" id=\"gspb_col-id-gsbp-b31fa70\">\n<h1 id=\"gspb_heading-id-gsbp-756666d\" class=\"gspb_heading gspb_heading-id-gsbp-756666d\">Laserov\u00fd \u0159ezac\u00ed stroj CO2<\/h1>\n\n\n<\/div>\n <\/div><\/div>\n\n\n\n<div class=\"wp-block-greenshift-blocks-row alignfull gspb_row gspb_row-id-gsbp-0e3373f\" id=\"gspb_row-id-gsbp-0e3373f\"><div class=\"gspb_row__content\"> \n<div class=\"wp-block-greenshift-blocks-row-column gspb_row__col--12 gspb_col-id-gsbp-eb547dc\" id=\"gspb_col-id-gsbp-eb547dc\">\n<div id=\"gspb_text-id-gsbp-4297e85\" class=\"gspb_text gspb_text-id-gsbp-4297e85\">Lasery CO2 pro p\u0159esn\u00e9 grav\u00edrov\u00e1n\u00ed a \u0159ez\u00e1n\u00ed<br>Na\u0161e\u00a0<a href=\"https:\/\/bogonglaser.com\/cs\/laser-cutting-machine\/co2-laser-cutting-machine\/\">Laserov\u00e9 \u0159eza\u010dky CO2<\/a>\u00a0jsou ide\u00e1ln\u00ed pro slo\u017eit\u00e9 grav\u00edrov\u00e1n\u00ed obl\u00edben\u00fdch vzor\u016f do akrylu, tenk\u00e9ho d\u0159eva a \u0159ady dal\u0161\u00edch materi\u00e1l\u016f.<\/div>\n\n\n\n<div id=\"gspb_text-id-gsbp-89305d7\" class=\"gspb_text gspb_text-id-gsbp-89305d7\"><strong>Co jsou laserov\u00e9 \u0159ezac\u00ed stroje CO2?<\/strong><\/div>\n\n\n\n<div id=\"gspb_text-id-gsbp-017ad58\" class=\"gspb_text gspb_text-id-gsbp-017ad58\"><a href=\"https:\/\/bogonglaser.com\/cs\/\">Laser BOGONG<\/a>\u00a0nab\u00edz\u00ed \u0161irokou \u0161k\u00e1lu laserov\u00fdch \u0159ezac\u00edch a grav\u00edrovac\u00edch stroj\u016f pro r\u016fzn\u00e9 \u00fa\u010dely a odv\u011btv\u00ed. A\u0165 u\u017e pot\u0159ebujete laserovou \u0159eza\u010dku nebo grav\u00edrku, m\u00e1me pro v\u00e1s mo\u017enosti s r\u016fzn\u00fdmi pracovn\u00edmi plochami, grav\u00edrky na v\u00e1lcov\u00e9 p\u0159edm\u011bty, nastaviteln\u00e9 pracovn\u00ed stoly, dvojit\u00e9 automatick\u00e9 v\u00fdm\u011bnn\u00e9 stoly, dopravn\u00edkov\u00e9 pracovn\u00ed stoly a laserov\u00e9 trubice CO2 dostupn\u00e9 v jednoduch\u00e9, dvojit\u00e9 nebo \u010dty\u0159n\u00e1sobn\u00e9 konfiguraci. Nab\u00edz\u00edme tak\u00e9 zna\u010dkova\u010de a grav\u00edrky s optick\u00fdmi vl\u00e1kny, laserov\u00e9 \u0159eza\u010dky kov\u016f a tak\u00e9 stoln\u00ed modely pro hobby a dom\u00e1c\u00ed pou\u017eit\u00ed, v\u010detn\u011b specializovan\u00fdch stroj\u016f na d\u0159evo a mnoho dal\u0161\u00edho.<br>V na\u0161\u00ed nab\u00eddce technologi\u00ed CO2 nab\u00edz\u00edme v\u00fdkony od 60 W do 180 W, optick\u00e9 grav\u00edrky a zna\u010dkova\u010de s v\u00fdkony 20 W, 30 W, 50 W, 100 W, 200 W, 300 W a optick\u00e9 \u0159eza\u010dky kov\u016f s v\u00fdkony od 500 W do 40000 W. D\u00edky tak \u0161irok\u00e9mu v\u00fdb\u011bru jist\u011b najdete ten spr\u00e1vn\u00fd stroj, kter\u00fd bude vyhovovat va\u0161im pot\u0159eb\u00e1m.<\/div>\n\n\n<div class=\"woocommerce columns-4\"><ul class=\"products columns-4\" data-products=\"type-1\">\n<li class=\"product type-product post-2079 status-publish first instock product_cat-co2-laser-cutter product_cat-laser-cutting-machine product_tag-co2-laser-cutting-machine has-post-thumbnail shipping-taxable product-type-simple\">\n\t<a href=\"https:\/\/bogonglaser.com\/cs\/co2-laser-engraver-cutter\/\" class=\"woocommerce-LoopProduct-link woocommerce-loop-product__link\"><img decoding=\"async\" width=\"300\" height=\"300\" src=\"https:\/\/bogonglaser.com\/wp-content\/uploads\/2024\/12\/1290-2--300x300.jpg\" class=\"attachment-woocommerce_thumbnail size-woocommerce_thumbnail\" alt=\"Co2 laserov\u00fd \u0159ezac\u00ed stroj\" srcset=\"https:\/\/bogonglaser.com\/wp-content\/uploads\/2024\/12\/1290-2--300x300.jpg 300w, https:\/\/bogonglaser.com\/wp-content\/uploads\/2024\/12\/1290-2--100x100.jpg 100w, https:\/\/bogonglaser.com\/wp-content\/uploads\/2024\/12\/1290-2--150x150.jpg 150w, https:\/\/bogonglaser.com\/wp-content\/uploads\/2024\/12\/1290-2-.jpg 600w\" sizes=\"(max-width: 300px) 100vw, 300px\" title=\"\"><h2 class=\"woocommerce-loop-product__title\">Laserov\u00e1 grav\u00edrovac\u00ed fr\u00e9za CO2<\/h2>\n<\/a><a href=\"https:\/\/bogonglaser.com\/cs\/co2-laser-engraver-cutter\/\" aria-describedby=\"woocommerce_loop_add_to_cart_link_describedby_2079\" data-quantity=\"1\" class=\"button product_type_simple\" data-product_id=\"2079\" data-product_sku=\"\" aria-label=\"Zjistit v\u00edce o \u201cCO2 Laser Engraver Cutter\u201d\" rel=\"nofollow\" data-success_message=\"\" data-no-translation=\"\" data-trp-gettext=\"\" data-no-translation-aria-label=\"\">\u010ct\u011bte v\u00edce<\/a>\t<span id=\"woocommerce_loop_add_to_cart_link_describedby_2079\" class=\"screen-reader-text\">\n\t\t\t<\/span>\n<\/li>\n<\/ul>\n<\/div>\n\n\n\n<h2 id=\"gspb_heading-id-gsbp-89679cd\" class=\"gspb_heading gspb_heading-id-gsbp-89679cd\">VYBERTE SI IDE\u00c1LN\u00cd LASEROV\u00dd GRAV\u00cdROVAC\u00cd STROJ PRO ZA\u010c\u00c1TE\u010cN\u00cdKY I PROFESION\u00c1LY<\/h2>\n\n\n\n<div id=\"gspb_text-id-gsbp-4671c87\" class=\"gspb_text gspb_text-id-gsbp-4671c87\">V\u00fdhody produktu<br>1. Pokro\u010dil\u00fd \u0159\u00eddic\u00ed syst\u00e9m Ruida zaji\u0161\u0165uje u\u017eivatelsky p\u0159\u00edv\u011btiv\u00e9 ovl\u00e1d\u00e1n\u00ed a podporuje v\u00edce jazyk\u016f.<br>2. Na\u0161e \u0161pi\u010dkov\u00e1 technologie zaji\u0161\u0165uje v\u00fdjime\u010dnou p\u0159esnost grav\u00edrov\u00e1n\u00ed a skenov\u00e1n\u00ed a umo\u017e\u0148uje z\u0159eteln\u00e9 grav\u00edrov\u00e1n\u00ed textu o tlou\u0161\u0165ce 1 mm.<br>3. Stroj je vybaven tchajwansk\u00fdmi vodic\u00edmi li\u0161tami a vysoce kvalitn\u00edmi \u0159emeny, kter\u00e9 zaji\u0161\u0165uj\u00ed hladk\u00e9 grav\u00edrov\u00e1n\u00ed a \u0159ez\u00e1n\u00ed s vynikaj\u00edc\u00ed p\u0159esnost\u00ed.<br>4. Vyberte si z r\u016fzn\u00fdch zpracovatelsk\u00fdch plo\u0161in s mo\u017enost\u00ed zahrnout elektrick\u00e9 zvedac\u00ed stoly.<br>5. Pro efektivn\u00ed zpracov\u00e1n\u00ed v\u00e1lcov\u00fdch p\u0159edm\u011bt\u016f je k dispozici voliteln\u00fd rota\u010dn\u00ed n\u00e1stavec.<\/div>\n<\/div>\n <\/div><\/div>\n\n\n\n<div class=\"wp-block-greenshift-blocks-row gspb_row gspb_row-id-gsbp-ec14372\" id=\"gspb_row-id-gsbp-ec14372\"><div class=\"gspb_row__content\"> \n<div class=\"wp-block-greenshift-blocks-row-column gspb_row__col--6 gspb_col-id-gsbp-6618169\" id=\"gspb_col-id-gsbp-6618169\">\n<div id=\"gspb_text-id-gsbp-fca40fd\" class=\"gspb_text gspb_text-id-gsbp-fca40fd\">SPOJTE SE S N\u00c1MI<\/div>\n\n\n\n<h2 id=\"gspb_heading-id-gsbp-a8e54c7\" class=\"gspb_heading gspb_heading-id-gsbp-a8e54c7\"><strong>KONTAKT BOGONG<\/strong><\/h2>\n\n\n\n<div id=\"gspb_text-id-gsbp-519b848\" class=\"gspb_text gspb_text-id-gsbp-519b848\">Whether you are interested in our Fiber Laser Cutting Machine our team at Bogong Laser is here to provide professional consultation and tailored solutions. Get in touch today to discuss your specific laser machine requirements and receive expert support from Bogong Laser.<\/div>\n<\/div>\n\n\n\n<div class=\"wp-block-greenshift-blocks-row-column gspb_row__col--6 gspb_col-id-gsbp-8df49bf\" id=\"gspb_col-id-gsbp-8df49bf\"><div class='fluentform ff-inherit-theme-style fluentform_wrapper_3  ff_guten_block ff_guten_block-3'><form data-form_id=\"3\" id=\"fluentform_3\" class=\"frm-fluent-form fluent_form_3 ff-el-form-top ff_form_instance_3_1 ff-form-loading ffs_inherit_theme\" data-form_instance=\"ff_form_instance_3_1\" method=\"POST\" data-turnstile_key=\"0x4AAAAAACN7Bn4ueLI7W66p\" action=\"\" ><fieldset  style=\"border: none!important;margin: 0!important;padding: 0!important;background-color: transparent!important;box-shadow: none!important;outline: none!important; min-inline-size: 100%;\">\n                    <legend class=\"ff_screen_reader_title\" style=\"display: block; margin: 0!important;padding: 0!important;height: 0!important;text-indent: -999999px;width: 0!important;overflow:hidden;\">Kontaktujte n\u00e1s<\/legend><input type='hidden' name='__fluent_form_embded_post_id' value='2082' \/><input type=\"hidden\" id=\"_fluentform_3_fluentformnonce\" name=\"_fluentform_3_fluentformnonce\" value=\"86db0f7914\" \/><input type=\"hidden\" name=\"_wp_http_referer\" value=\"\/cs\/wp-json\/wp\/v2\/pages\/2082\" \/><div data-name=\"ff_cn_id_1\"  class='ff-t-container ff-column-container ff_columns_total_1'><div class='ff-t-cell ff-t-column-1' style='flex-basis: 100%;'><div class='ff-el-group'><div class=\"ff-el-input--label asterisk-right\"><label for='ff_3_input_text' id='label_ff_3_input_text' aria-label=\"Va\u0161e jm\u00e9no\">Va\u0161e jm\u00e9no<\/label><\/div><div class='ff-el-input--content'><input type=\"text\" name=\"input_text\" class=\"ff-el-form-control\" data-name=\"input_text\" id=\"ff_3_input_text\"  aria-invalid=\"false\" aria-required=\"false\"><\/div><\/div><div class='ff-el-group'><div class=\"ff-el-input--label ff-el-is-required asterisk-right\"><label for='ff_3_input_text_3' id='label_ff_3_input_text_3' aria-label=\"V\u00e1\u0161 e-mail\">V\u00e1\u0161 e-mail<\/label><\/div><div class='ff-el-input--content'><input type=\"text\" name=\"input_text_3\" class=\"ff-el-form-control\" data-name=\"input_text_3\" id=\"ff_3_input_text_3\"  aria-invalid=\"false\" aria-required=\"true\"><\/div><\/div><div class='ff-el-group'><div class=\"ff-el-input--label asterisk-right\"><label for='ff_3_input_text_2' id='label_ff_3_input_text_2' aria-label=\"V\u00e1\u0161 telefon nebo aplikace WhatsApp\">V\u00e1\u0161 telefon nebo aplikace WhatsApp<\/label><\/div><div class='ff-el-input--content'><input type=\"text\" name=\"input_text_2\" class=\"ff-el-form-control\" data-name=\"input_text_2\" id=\"ff_3_input_text_2\"  aria-invalid=\"false\" aria-required=\"false\"><\/div><\/div><div class='ff-el-group'><div class=\"ff-el-input--label asterisk-right\"><label for='ff_3_input_text_1' id='label_ff_3_input_text_1' aria-label=\"P\u0159edm\u011bt\">P\u0159edm\u011bt<\/label><\/div><div class='ff-el-input--content'><input type=\"text\" name=\"input_text_1\" class=\"ff-el-form-control\" data-name=\"input_text_1\" id=\"ff_3_input_text_1\"  aria-invalid=\"false\" aria-required=\"false\"><\/div><\/div><\/div><\/div><div data-name=\"ff_cn_id_2\"  class='ff-t-container ff-column-container ff_columns_total_1'><div class='ff-t-cell ff-t-column-1' style='flex-basis: 100%;'><div class='ff-el-group'><div class=\"ff-el-input--label asterisk-right\"><label for='ff_3_description' id='label_ff_3_description' aria-label=\"Va\u0161e zpr\u00e1va\">Va\u0161e zpr\u00e1va<\/label><\/div><div class='ff-el-input--content'><textarea aria-required=\"false\" aria-labelledby=\"label_ff_3_description\" name=\"description\" id=\"ff_3_description\" class=\"ff-el-form-control\" rows=\"6\" cols=\"2\" data-name=\"description\" ><\/textarea><\/div><\/div><\/div><\/div><div class='ff-el-group' ><div class='ff-el-input--content'><div data-fluent_id='3' name='cf-turnstile-response'><div\n\t\tdata-sitekey='0x4AAAAAACN7Bn4ueLI7W66p'\n\t\tdata-theme='auto'\n\t\tid='fluentform-turnstile-3-1'\n\t\tclass='ff-el-turnstile cf-turnstile'\n\t\tdata-appearance='execute'><\/div><\/div><\/div><\/div><div class='ff-el-group ff-text-left ff_submit_btn_wrapper'><button type=\"submit\" class=\"ff-btn ff-btn-submit ff-btn-md ff_btn_no_style\"  aria-label=\"Odeslat formul\u00e1\u0159\">Odeslat formul\u00e1\u0159<\/button><\/div><\/fieldset><input type=\"hidden\" name=\"trp-form-language\" value=\"cs\"\/><\/form><div id='fluentform_3_errors' class='ff-errors-in-stack ff_form_instance_3_1 ff-form-loading_errors ff_form_instance_3_1_errors'><\/div><\/div>            <script type=\"text\/javascript\">\n                window.fluent_form_ff_form_instance_3_1 = {\"id\":\"3\",\"settings\":{\"layout\":{\"labelPlacement\":\"top\",\"asteriskPlacement\":\"asterisk-right\",\"helpMessagePlacement\":\"with_label\",\"errorMessagePlacement\":\"inline\",\"cssClassName\":\"\"},\"restrictions\":{\"denyEmptySubmission\":{\"enabled\":false}}},\"form_instance\":\"ff_form_instance_3_1\",\"form_id_selector\":\"fluentform_3\",\"rules\":{\"input_text\":{\"required\":{\"value\":false,\"message\":\"This field is required\",\"global_message\":\"\\u8fd9\\u662f\\u5fc5\\u586b\\u680f\",\"global\":true}},\"input_text_3\":{\"required\":{\"value\":true,\"message\":\"This field is required\",\"global_message\":\"\\u8fd9\\u662f\\u5fc5\\u586b\\u680f\",\"global\":true}},\"input_text_2\":{\"required\":{\"value\":false,\"message\":\"This field is required\",\"global_message\":\"\\u8fd9\\u662f\\u5fc5\\u586b\\u680f\",\"global\":true}},\"input_text_1\":{\"required\":{\"value\":false,\"message\":\"This field is required\",\"global_message\":\"\\u8fd9\\u662f\\u5fc5\\u586b\\u680f\",\"global\":true}},\"description\":{\"required\":{\"value\":false,\"message\":\"This field is required\",\"global_message\":\"\\u8fd9\\u662f\\u5fc5\\u586b\\u680f\",\"global\":true}},\"cf-turnstile-response\":[]},\"debounce_time\":300};\n                            <\/script>\n            <\/div>\n <\/div><\/div>\n\n\n\n<p><\/p>","protected":false},"excerpt":{"rendered":"","protected":false},"author":1,"featured_media":2090,"parent":1618,"menu_order":0,"comment_status":"closed","ping_status":"closed","template":"","meta":{"_gspb_post_css":"#gspb_row-id-gsbp-7322445{justify-content:space-between;margin-bottom:0;display:flex;flex-wrap:wrap;margin-top:-50px;padding-top:8rem;padding-right:rem;padding-bottom:10rem;padding-left:rem;overflow:hidden}#gspb_row-id-gsbp-7322445>.gspb_row__content{display:flex;justify-content:space-between;margin:0 auto;width:100%;flex-wrap:wrap}div[id^=gspb_col-id]{box-sizing:border-box;position:relative;padding:var(--gs-row-column-padding, 15px min(3vw, 20px))}body.gspb-bodyfront #gspb_row-id-gsbp-7322445>.gspb_row__content{width:var(--theme-container-width, 1200px);max-width:var(--theme-normal-container-max-width, 1200px)}@media (max-width:991.98px){#gspb_row-id-gsbp-7322445{padding-bottom:15rem}}@media (max-width:575.98px){#gspb_row-id-gsbp-7322445{padding-top:3rem}}#gspb_row-id-gsbp-7322445{color:#fff;background-color:#18181b;background-position:24% 65%;background-image:url(https:\/\/bogonglaser.com\/wp-content\/uploads\/2025\/12\/fiber-laser-cutting-machine-1.jpg);perspective:1000px}#gspb_col-id-gsbp-b31fa70.gspb_row__col--12{width:100%}@media (max-width:991.98px){#gspb_col-id-gsbp-b31fa70.gspb_row__col--12{width:100%}}@media (max-width:575.98px){#gspb_col-id-gsbp-b31fa70.gspb_row__col--12{width:100%}}body.gspb-bodyfront #gspb_col-id-gsbp-b31fa70.gspb_row__col--12{z-index:1000}body #gspb_col-id-gsbp-b31fa70.gspb_row__col--12{display:flex;flex-direction:column;row-gap:2rem}@media (max-width:991.98px){body #gspb_col-id-gsbp-b31fa70.gspb_row__col--12{justify-content:center;align-items:center}}#gspb_heading-id-gsbp-756666d{font-size:clamp(2.2rem,4.3vw,3.2rem);line-height:clamp(2.75rem,4.7vw,3.5rem);text-align:center!important}#gspb_heading-id-gsbp-756666d .gsap-g-line{text-align:center!important}@media (max-width:991.98px){#gspb_heading-id-gsbp-756666d,#gspb_heading-id-gsbp-756666d .gsap-g-line{text-align:center!important}}#gspb_heading-id-gsbp-756666d{color:var(--wp--preset--color--palette-color-6, var(--theme-palette-color-6, #ffffff));margin:0}#gspb_row-id-gsbp-0e3373f,#gspb_row-id-gsbp-ec14372{justify-content:space-between;display:flex;flex-wrap:wrap;margin-top:50px;margin-bottom:0}#gspb_row-id-gsbp-0e3373f>.gspb_row__content{display:flex;justify-content:space-between;margin:0 auto;width:100%;flex-wrap:wrap}#gspb_col-id-gsbp-eb547dc.gspb_row__col--12{width:100%}@media (max-width:575.98px){#gspb_col-id-gsbp-eb547dc.gspb_row__col--12{width:100%}}.gspb_text-id-gsbp-89305d7{font-size:15px;margin-top:20px!important;margin-bottom:10px!important}.gspb_text-id-gsbp-89305d7,.gspb_text-id-gsbp-89305d7 .gsap-g-line{text-align:center!important}#gspb_row-id-gsbp-ec14372{margin-top:30px}#gspb_row-id-gsbp-ec14372>.gspb_row__content{display:flex;justify-content:space-between;margin:0 auto;width:100%;flex-wrap:wrap}.gspb_row{position:relative}body.gspb-bodyfront #gspb_row-id-gsbp-0e3373f>.gspb_row__content,body.gspb-bodyfront #gspb_row-id-gsbp-ec14372>.gspb_row__content{width:var(--theme-container-width, 1200px);max-width:var(--theme-normal-container-max-width, 1200px)}#gspb_col-id-gsbp-6618169.gspb_row__col--6{width:50%}@media (max-width:575.98px){#gspb_col-id-gsbp-6618169.gspb_row__col--6{width:100%}}#gspb_heading-id-gsbp-a8e54c7{font-size:45px}#gspb_col-id-gsbp-8df49bf.gspb_row__col--6{width:50%}@media (max-width:575.98px){#gspb_col-id-gsbp-8df49bf.gspb_row__col--6{width:100%}}","footnotes":""},"class_list":["post-2082","page","type-page","status-publish","has-post-thumbnail","hentry"],"blocksy_meta":[],"_links":{"self":[{"href":"https:\/\/bogonglaser.com\/cs\/wp-json\/wp\/v2\/pages\/2082","targetHints":{"allow":["GET"]}}],"collection":[{"href":"https:\/\/bogonglaser.com\/cs\/wp-json\/wp\/v2\/pages"}],"about":[{"href":"https:\/\/bogonglaser.com\/cs\/wp-json\/wp\/v2\/types\/page"}],"author":[{"embeddable":true,"href":"https:\/\/bogonglaser.com\/cs\/wp-json\/wp\/v2\/users\/1"}],"replies":[{"embeddable":true,"href":"https:\/\/bogonglaser.com\/cs\/wp-json\/wp\/v2\/comments?post=2082"}],"version-history":[{"count":3,"href":"https:\/\/bogonglaser.com\/cs\/wp-json\/wp\/v2\/pages\/2082\/revisions"}],"predecessor-version":[{"id":9064,"href":"https:\/\/bogonglaser.com\/cs\/wp-json\/wp\/v2\/pages\/2082\/revisions\/9064"}],"up":[{"embeddable":true,"href":"https:\/\/bogonglaser.com\/cs\/wp-json\/wp\/v2\/pages\/1618"}],"wp:featuredmedia":[{"embeddable":true,"href":"https:\/\/bogonglaser.com\/cs\/wp-json\/wp\/v2\/media\/2090"}],"wp:attachment":[{"href":"https:\/\/bogonglaser.com\/cs\/wp-json\/wp\/v2\/media?parent=2082"}],"curies":[{"name":"wp","href":"https:\/\/api.w.org\/{rel}","templated":true}]}}